{"id":23162,"date":"2025-05-26T10:23:05","date_gmt":"2025-05-26T08:23:05","guid":{"rendered":"https:\/\/www.ferberpainting.com\/products\/concrete-and-cement-hardener\/"},"modified":"2026-02-15T13:34:28","modified_gmt":"2026-02-15T12:34:28","slug":"concrete-and-cement-hardener","status":"publish","type":"product","link":"https:\/\/www.ferberpainting.com\/fi\/products\/concrete-and-cement-hardener\/","title":{"rendered":"Betonin ja sementin kovete"},"content":{"rendered":"<p><img decoding=\"async\" style=\"margin-right: 12px;\" src=\"https:\/\/www.ferberpainting.com\/wp-content\/uploads\/2026\/02\/Check.svg\" alt=\"\" width=\"18\" height=\"15\" \/><strong>Vahvistaa ja lujittaa betonipintoja ammattik\u00e4ytt\u00f6\u00f6n tarkoitetulla kovetustekniikalla.<\/strong> Betonin ja sementin kovetteemme on erityisesti suunniteltu tunkeutumaan syv\u00e4lle huokoisiin mineraalialustoihin ja lis\u00e4\u00e4m\u00e4\u00e4n merkitt\u00e4v\u00e4sti niiden pintalujuutta. Se reagoi kemiallisesti betonimatriisin sis\u00e4ll\u00e4 tiivist\u00e4en ja vahvistaen rakennetta, v\u00e4hent\u00e4en p\u00f6ly\u00e4mist\u00e4 ja parantaen pitk\u00e4aikaiskest\u00e4vyytt\u00e4. T\u00e4m\u00e4 edistyksellinen k\u00e4sittely muuttaa heikot tai jauhemaiset pinnat kiinteiksi, kulutusta kest\u00e4viksi lattioiksi ja rakenteiksi.<\/p>\n<p><strong><img decoding=\"async\" style=\"margin-right: 12px;\" src=\"https:\/\/www.ferberpainting.com\/wp-content\/uploads\/2026\/02\/Check.svg\" alt=\"\" width=\"18\" height=\"15\" \/>Markkinoiden tehokkain betonin kovetin.<\/strong> Tehokkaita aktiivisia komponentteja sis\u00e4lt\u00e4v\u00e4 kovete tunkeutuu syv\u00e4lle ja reagoi betonin vapaan kalkin kanssa muodostaen uusia kiderakenteita. T\u00e4m\u00e4 prosessi lis\u00e4\u00e4 kovuutta, v\u00e4hent\u00e4\u00e4 huokoisuutta ja parantaa kulutuskest\u00e4vyytt\u00e4 paljon tehokkaammin kuin pintapinnoitteet tai tiivistysaineet. Tuloksena on pikemminkin pitk\u00e4aikainen rakenteellinen lujitus kuin v\u00e4liaikainen pintakalvo.<\/p>\n<p><strong><img decoding=\"async\" style=\"margin-right: 12px;\" src=\"https:\/\/www.ferberpainting.com\/wp-content\/uploads\/2026\/02\/Check.svg\" alt=\"\" width=\"18\" height=\"15\" \/>Rahat takaisin -takuu takaa t\u00e4ydellisen mielenrauhan.<\/strong> Luotamme betonin ja sementin kovettimien suorituskykyyn ja luotettavuuteen. Jos et ole t\u00e4ysin tyytyv\u00e4inen tuloksiin, palautamme ostoksesi. Rahat takaisin -takuumme takaa, ett\u00e4 investointisi on t\u00e4ysin riskit\u00f6n, ja se kuvastaa sitoutumistamme ammattitason suorituskyvyn tarjoamiseen.<\/p>\n<p><strong><img decoding=\"async\" style=\"margin-right: 12px;\" src=\"https:\/\/www.ferberpainting.com\/wp-content\/uploads\/2026\/02\/Check.svg\" alt=\"\" width=\"18\" height=\"15\" \/>Halvin saatavilla oleva korkean suorituskyvyn betonikovetin.<\/strong> Ammattimainen betonin tiivist\u00e4minen ei edellyt\u00e4 suuria kustannuksia tai erikoistuneita urakoitsijoita. Kaavamme tuottaa ensiluokkaisia lujitustuloksia markkinoiden kilpailukykyisimp\u00e4\u00e4n hintaan, joten voit parantaa pinnan kest\u00e4vyytt\u00e4 ylitt\u00e4m\u00e4tt\u00e4 budjettia.<\/p>\n<p><strong><img decoding=\"async\" style=\"margin-right: 12px;\" src=\"https:\/\/www.ferberpainting.com\/wp-content\/uploads\/2026\/02\/Check.svg\" alt=\"\" width=\"18\" height=\"15\" \/>Nopea 24 tunnin toimitus keskeytym\u00e4tt\u00f6mi\u00e4 projekteja varten.<\/strong> Rakentamisen ja kunnostuksen aikataulut ovat kriittisi\u00e4. Siksi tarjoamme luotettavan 24 tunnin toimituksen, joka varmistaa, ett\u00e4 kovetteesi saapuu nopeasti ja ett\u00e4 projektisi voi edet\u00e4 ilman kalliita viiv\u00e4styksi\u00e4.<\/p>\n<p><strong><img decoding=\"async\" style=\"margin-right: 12px;\" src=\"https:\/\/www.ferberpainting.com\/wp-content\/uploads\/2026\/02\/Check.svg\" alt=\"\" width=\"18\" height=\"15\" \/>Peitt\u00e4vyys jopa 10 m\u00b2 litraa kohti tehokasta levityst\u00e4 varten.<\/strong> Yhdell\u00e4 litralla betonin ja sementin kovetteita voidaan k\u00e4sitell\u00e4 jopa 20 neli\u00f6metri\u00e4, mik\u00e4 tarjoaa erinomaisen tuottavuuden ja arvon. T\u00e4m\u00e4 selke\u00e4 peitt\u00e4vyys mahdollistaa tarkan projektisuunnittelun ja varmistaa tasaisen lujittumisen suurilla pinnoilla, kuten lattioilla, varastoissa, autotalleissa ja teollisuustiloissa.<\/p>\n<p><strong><img decoding=\"async\" style=\"margin-right: 12px;\" src=\"https:\/\/www.ferberpainting.com\/wp-content\/uploads\/2026\/02\/Check.svg\" alt=\"\" width=\"18\" height=\"15\" \/>V\u00e4hent\u00e4\u00e4 p\u00f6ly\u00e4mist\u00e4 ja pinnan kulumista.<\/strong> K\u00e4sittelem\u00e4tt\u00f6m\u00e4st\u00e4 betonista vapautuu usein p\u00f6ly\u00e4 pinnan heikkouden ja kulumisen vuoksi. Kovettimemme sitoutuu kemiallisesti alustaan ja poistaa p\u00f6lynmuodostuksen ja parantaa merkitt\u00e4v\u00e4sti mekaanisen kulutuksen kest\u00e4vyytt\u00e4, joten se sopii erinomaisesti paljon liikenn\u00f6idyille alueille.<\/p>\n<p><strong><img decoding=\"async\" style=\"margin-right: 12px;\" src=\"https:\/\/www.ferberpainting.com\/wp-content\/uploads\/2026\/02\/Check.svg\" alt=\"\" width=\"18\" height=\"15\" \/>Parantaa kosteuden ja tahrojen kest\u00e4vyytt\u00e4.<\/strong> Huokoisuutta v\u00e4hent\u00e4m\u00e4ll\u00e4 k\u00e4sittely rajoittaa veden imeytymist\u00e4 ja hidastaa \u00f6ljyjen ja muiden ep\u00e4puhtauksien tunkeutumista. T\u00e4m\u00e4 parannettu tiiviys auttaa yll\u00e4pit\u00e4m\u00e4\u00e4n puhtaampia ja kest\u00e4v\u00e4mpi\u00e4 pintoja sek\u00e4 asuin- ett\u00e4 teollisuusymp\u00e4rist\u00f6iss\u00e4.<\/p>\n<p><strong><img decoding=\"async\" style=\"margin-right: 12px;\" src=\"https:\/\/www.ferberpainting.com\/wp-content\/uploads\/2026\/02\/Check.svg\" alt=\"\" width=\"18\" height=\"15\" \/>Soveltuu uusille ja olemassa oleville betonipinnoille.<\/strong> T\u00e4t\u00e4 tuotetta voidaan k\u00e4ytt\u00e4\u00e4 sek\u00e4 tuoreeseen kovettuneeseen betoniin ett\u00e4 vanhoihin, kuluneisiin sementtilattioihin. Se elvytt\u00e4\u00e4 vanhenevia pintoja ja vahvistaa uusia asennuksia, joten se on monipuolinen rakennus-, kunnostus- ja yll\u00e4pitosovelluksissa.<\/p>\n<p><strong><img decoding=\"async\" style=\"margin-right: 12px;\" src=\"https:\/\/www.ferberpainting.com\/wp-content\/uploads\/2026\/02\/Check.svg\" alt=\"\" width=\"18\" height=\"15\" \/>Ihanteellinen asuin-, liike- ja teollisuusymp\u00e4rist\u00f6ihin.<\/strong> T\u00e4m\u00e4 betonin ja sementin kovetin toimii luotettavasti riippumatta siit\u00e4, k\u00e4ytet\u00e4\u00e4nk\u00f6 sit\u00e4 autotalleissa, ty\u00f6pajoissa, varastoissa, kellareissa, ajoteill\u00e4, tehtaissa tai varastotiloissa. Se soveltuu alueille, jotka altistuvat jalankululle, ajoneuvojen liikkeille tai raskaalle kalustolle.<\/p>\n<h2><strong>Ohjeet<\/strong><\/h2>\n<ul>\n<li>Varmista, ett\u00e4 betoni- tai sementtipinta on puhdas, kuiva ja ett\u00e4 siin\u00e4 ei ole p\u00f6ly\u00e4, rasvaa, \u00f6ljy\u00e4, maalia, kovetteita tai muita ep\u00e4puhtauksia, jotka voivat est\u00e4\u00e4 tunkeutumisen.<\/li>\n<li>Voimakkaasti likaantuneet pinnat on puhdistettava perusteellisesti k\u00e4ytt\u00e4en sopivia rasvanpoisto- tai mekaanisia puhdistusmenetelmi\u00e4 ennen levitt\u00e4mist\u00e4. Anna pinnan kuivua kokonaan.<\/li>\n<li>Uudessa betonissa on varattava riitt\u00e4v\u00e4sti kovettumisaikaa tavanomaisten rakennusohjeiden mukaisesti ennen kovettimen k\u00e4ytt\u00f6\u00e4.<\/li>\n<li>Ravista tai sekoita tuote huolellisesti ennen k\u00e4ytt\u00f6\u00e4 tasaisen koostumuksen varmistamiseksi.<\/li>\n<li>Levit\u00e4 tasaisesti matalapaineruiskulla, telalla tai siveltimell\u00e4 varmistaen t\u00e4ydellinen ja tasainen peitt\u00e4vyys.<\/li>\n<li>Noudata suositeltua peittokyky\u00e4, joka on enint\u00e4\u00e4n 10 m\u00b2 litraa kohti. T\u00e4m\u00e4 vastaa keskim\u00e4\u00e4r\u00e4ist\u00e4 annostusta, joka on noin 100 ml neli\u00f6metri\u00e4 kohti, riippuen alustan huokoisuudesta ja imukyvyst\u00e4.<\/li>\n<li>Levit\u00e4 tuote tasaisesti pinnalle ja anna sen imeyty\u00e4. \u00c4l\u00e4 salli liiallista lammikoitumista. Levit\u00e4 ylim\u00e4\u00e4r\u00e4inen materiaali harjalla tai telalla tasaisen imeytymisen varmistamiseksi.<\/li>\n<li>Eritt\u00e4in huokoisilla tai heikoilla pinnoilla voi olla tarpeen tehd\u00e4 toinen k\u00e4sittelykerta sen j\u00e4lkeen, kun ensimm\u00e4inen kerros on l\u00e4p\u00e4issyt ja kuivunut.<\/li>\n<li>Anna k\u00e4sitellyn pinnan kuivua ja kovettua t\u00e4ysin ymp\u00e4rist\u00f6olosuhteiden mukaisesti ennen kuin altistat sen raskaalle liikenteelle tai mekaaniselle kuormitukselle.<\/li>\n<li>V\u00e4lt\u00e4 levitt\u00e4mist\u00e4 pakkasessa tai sateen odotettavissa ollessa ulkotiloissa.<\/li>\n<li>Puhdista ty\u00f6kalut v\u00e4litt\u00f6m\u00e4sti k\u00e4yt\u00f6n j\u00e4lkeen vedell\u00e4 ja s\u00e4ilyt\u00e4 tuote viile\u00e4ss\u00e4 ja kuivassa paikassa, jossa se ei p\u00e4\u00e4se suoraan auringonvaloon.<\/li>\n<\/ul>","protected":false},"excerpt":{"rendered":"<p>Strengthen and reinforce concrete surfaces with professional-grade hardening technology. Our concrete and cement hardener is specially formulated to penetrate deeply into porous mineral substrates and significantly increase their surface strength. It reacts chemically within the concrete matrix to densify and reinforce the structure, reducing dusting and improving long-term durability. This advanced treatment transforms weak or [&hellip;]<\/p>\n","protected":false},"featured_media":25734,"comment_status":"open","ping_status":"closed","template":"","meta":{"_uag_custom_page_level_css":"","site-sidebar-layout":"default","site-content-layout":"","ast-site-content-layout":"default","site-content-style":"default","site-sidebar-style":"default","ast-global-header-display":"","ast-banner-title-visibility":"","ast-main-header-display":"","ast-hfb-above-header-display":"","ast-hfb-below-header-display":"","ast-hfb-mobile-header-display":"","site-post-title":"","ast-breadcrumbs-content":"","ast-featured-img":"","footer-sml-layout":"","ast-disable-related-posts":"","theme-transparent-header-meta":"default","adv-header-id-meta":"","stick-header-meta":"","header-above-stick-meta":"","header-main-stick-meta":"","header-below-stick-meta":"","astra-migrate-meta-layouts":"set","ast-page-background-enabled":"default","ast-page-background-meta":{"desktop":{"background-color":"var(--ast-global-color-4)","background-image":"","background-repeat":"repeat","background-position":"center center","background-size":"auto","background-attachment":"scroll","background-type":"","background-media":"","overlay-type":"","overlay-color":"","overlay-opacity":"","overlay-gradient":""},"tablet":{"background-color":"","background-image":"","background-repeat":"repeat","background-position":"center center","background-size":"auto","background-attachment":"scroll","background-type":"","background-media":"","overlay-type":"","overlay-color":"","overlay-opacity":"","overlay-gradient":""},"mobile":{"background-color":"","background-image":"","background-repeat":"repeat","background-position":"center center","background-size":"auto","background-attachment":"scroll","background-type":"","background-media":"","overlay-type":"","overlay-color":"","overlay-opacity":"","overlay-gradient":""}},"ast-content-background-meta":{"desktop":{"background-color":"var(--ast-global-color-5)","background-image":"","background-repeat":"repeat","background-position":"center center","background-size":"auto","background-attachment":"scroll","background-type":"","background-media":"","overlay-type":"","overlay-color":"","overlay-opacity":"","overlay-gradient":""},"tablet":{"background-color":"var(--ast-global-color-5)","background-image":"","background-repeat":"repeat","background-position":"center center","background-size":"auto","background-attachment":"scroll","background-type":"","background-media":"","overlay-type":"","overlay-color":"","overlay-opacity":"","overlay-gradient":""},"mobile":{"background-color":"var(--ast-global-color-5)","background-image":"","background-repeat":"repeat","background-position":"center center","background-size":"auto","background-attachment":"scroll","background-type":"","background-media":"","overlay-type":"","overlay-color":"","overlay-opacity":"","overlay-gradient":""}}},"product_brand":[],"product_cat":[176],"product_tag":[],"class_list":{"0":"post-23162","1":"product","2":"type-product","3":"status-publish","4":"has-post-thumbnail","6":"product_cat-concrete-treatment","7":"desktop-align-left","8":"tablet-align-left","9":"mobile-align-left","11":"first","12":"instock","13":"sale","14":"shipping-taxable","15":"purchasable","16":"product-type-variable","17":"has-default-attributes"},"spectra_custom_meta":{"_visibility":["visible"],"_shopify_product_id":["7950256668917"],"_s2w_shopify_domain":["ferberpainting.myshopify.com"],"_shopify_variant_id":["43502041334005"],"_manage_stock":["no"],"total_sales":["123"],"_tax_status":["taxable"],"_tax_class":[""],"_backorders":["no"],"_sold_individually":["no"],"_virtual":["no"],"_downloadable":["no"],"_download_limit":["-1"],"_download_expiry":["-1"],"_stock":[null],"_stock_status":["instock"],"_wc_average_rating":["4.88"],"_wc_review_count":["73"],"_product_attributes":["a:1:{s:6:\"volume\";a:6:{s:4:\"name\";s:6:\"Volume\";s:5:\"value\";s:20:\"5 liters | 25 liters\";s:8:\"position\";i:1;s:10:\"is_visible\";i:0;s:12:\"is_variation\";i:1;s:11:\"is_taxonomy\";i:0;}}"],"_product_version":["10.5.1"],"_thumbnail_id":["25734"],"_product_image_gallery":["25735"],"_edit_lock":["1771158736:1"],"_default_attributes":["a:1:{s:6:\"volume\";s:8:\"5 liters\";}"],"merchant-center-availability":["yes"],"merchant-center-category":["503739"],"merchant-center-id":["CCH"],"_edit_last":["1"],"_wp_page_template":["default"],"site-sidebar-layout":["default"],"ast-site-content-layout":["default"],"site-content-style":["default"],"site-sidebar-style":["default"],"theme-transparent-header-meta":["default"],"_price":["29.90","129.90"],"_wc_rating_count":["a:3:{i:3;i:2;i:4;i:5;i:5;i:66;}"],"astra-migrate-meta-layouts":["set"],"_uag_css_file_name":["uag-css-23162.css"],"_elementor_page_assets":["a:0:{}"],"_uag_page_assets":["a:9:{s:3:\"css\";s:6873:\".wp-block-uagb-image{display:flex}.wp-block-uagb-image__figure{position:relative;display:flex;flex-direction:column;max-width:100%;height:auto;margin:0}.wp-block-uagb-image__figure img{height:auto;display:flex;max-width:100%;transition:box-shadow .2s ease}.wp-block-uagb-image__figure>a{display:inline-block}.wp-block-uagb-image__figure figcaption{text-align:center;margin-top:.5em;margin-bottom:1em}.wp-block-uagb-image .components-placeholder.block-editor-media-placeholder .components-placeholder__instructions{align-self:center}.wp-block-uagb-image--align-left{text-align:left}.wp-block-uagb-image--align-right{text-align:right}.wp-block-uagb-image--align-center{text-align:center}.wp-block-uagb-image--align-full .wp-block-uagb-image__figure{margin-left:calc(50% - 50vw);margin-right:calc(50% - 50vw);max-width:100vw;width:100vw;height:auto}.wp-block-uagb-image--align-full .wp-block-uagb-image__figure img{height:auto;width:100% !important}.wp-block-uagb-image--align-wide .wp-block-uagb-image__figure img{height:auto;width:100%}.wp-block-uagb-image--layout-overlay__color-wrapper{position:absolute;left:0;top:0;right:0;bottom:0;opacity:.2;background:rgba(0,0,0,.5);transition:opacity .35s ease-in-out}.wp-block-uagb-image--layout-overlay-link{position:absolute;left:0;right:0;bottom:0;top:0}.wp-block-uagb-image--layout-overlay .wp-block-uagb-image__figure:hover .wp-block-uagb-image--layout-overlay__color-wrapper{opacity:1}.wp-block-uagb-image--layout-overlay__inner{position:absolute;left:15px;right:15px;bottom:15px;top:15px;display:flex;align-items:center;justify-content:center;flex-direction:column;border-color:#fff;transition:.35s ease-in-out}.wp-block-uagb-image--layout-overlay__inner.top-left,.wp-block-uagb-image--layout-overlay__inner.top-center,.wp-block-uagb-image--layout-overlay__inner.top-right{justify-content:flex-start}.wp-block-uagb-image--layout-overlay__inner.bottom-left,.wp-block-uagb-image--layout-overlay__inner.bottom-center,.wp-block-uagb-image--layout-overlay__inner.bottom-right{justify-content:flex-end}.wp-block-uagb-image--layout-overlay__inner.top-left,.wp-block-uagb-image--layout-overlay__inner.center-left,.wp-block-uagb-image--layout-overlay__inner.bottom-left{align-items:flex-start}.wp-block-uagb-image--layout-overlay__inner.top-right,.wp-block-uagb-image--layout-overlay__inner.center-right,.wp-block-uagb-image--layout-overlay__inner.bottom-right{align-items:flex-end}.wp-block-uagb-image--layout-overlay__inner .uagb-image-heading{color:#fff;transition:transform .35s,opacity .35s ease-in-out;transform:translate3d(0, 24px, 0);margin:0;line-height:1em}.wp-block-uagb-image--layout-overlay__inner .uagb-image-separator{width:30%;border-top-width:2px;border-top-color:#fff;border-top-style:solid;margin-bottom:10px;opacity:0;transition:transform .4s,opacity .4s ease-in-out;transform:translate3d(0, 30px, 0)}.wp-block-uagb-image--layout-overlay__inner .uagb-image-caption{opacity:0;overflow:visible;color:#fff;transition:transform .45s,opacity .45s ease-in-out;transform:translate3d(0, 35px, 0)}.wp-block-uagb-image--layout-overlay__inner:hover .uagb-image-heading,.wp-block-uagb-image--layout-overlay__inner:hover .uagb-image-separator,.wp-block-uagb-image--layout-overlay__inner:hover .uagb-image-caption{opacity:1;transform:translate3d(0, 0, 0)}.wp-block-uagb-image--effect-zoomin .wp-block-uagb-image__figure img,.wp-block-uagb-image--effect-zoomin .wp-block-uagb-image__figure .wp-block-uagb-image--layout-overlay__color-wrapper{transform:scale(1);transition:transform .35s ease-in-out}.wp-block-uagb-image--effect-zoomin .wp-block-uagb-image__figure:hover img,.wp-block-uagb-image--effect-zoomin .wp-block-uagb-image__figure:hover .wp-block-uagb-image--layout-overlay__color-wrapper{transform:scale(1.05)}.wp-block-uagb-image--effect-slide .wp-block-uagb-image__figure img,.wp-block-uagb-image--effect-slide .wp-block-uagb-image__figure .wp-block-uagb-image--layout-overlay__color-wrapper{width:calc(100% + 40px) !important;max-width:none !important;transform:translate3d(-40px, 0, 0);transition:transform .35s ease-in-out}.wp-block-uagb-image--effect-slide .wp-block-uagb-image__figure:hover img,.wp-block-uagb-image--effect-slide .wp-block-uagb-image__figure:hover .wp-block-uagb-image--layout-overlay__color-wrapper{transform:translate3d(0, 0, 0)}.wp-block-uagb-image--effect-grayscale img{filter:grayscale(0%);transition:.35s ease-in-out}.wp-block-uagb-image--effect-grayscale:hover img{filter:grayscale(100%)}.wp-block-uagb-image--effect-blur img{filter:blur(0);transition:.35s ease-in-out}.wp-block-uagb-image--effect-blur:hover img{filter:blur(3px)}.uagb-block-e6f939b3.wp-block-uagb-image--layout-default figure img{box-shadow: 0px 0px 0 #00000070;}.uagb-block-e6f939b3.wp-block-uagb-image .wp-block-uagb-image__figure figcaption{font-style: normal;align-self: center;}.uagb-block-e6f939b3.wp-block-uagb-image--layout-overlay figure img{box-shadow: 0px 0px 0 #00000070;}.uagb-block-e6f939b3.wp-block-uagb-image--layout-overlay .wp-block-uagb-image--layout-overlay__color-wrapper{opacity: 0.2;}.uagb-block-e6f939b3.wp-block-uagb-image--layout-overlay .wp-block-uagb-image--layout-overlay__inner{left: 15px;right: 15px;top: 15px;bottom: 15px;}.uagb-block-e6f939b3.wp-block-uagb-image--layout-overlay .wp-block-uagb-image--layout-overlay__inner .uagb-image-heading{font-style: normal;color: #fff;opacity: 1;}.uagb-block-e6f939b3.wp-block-uagb-image--layout-overlay .wp-block-uagb-image--layout-overlay__inner .uagb-image-heading a{color: #fff;}.uagb-block-e6f939b3.wp-block-uagb-image--layout-overlay .wp-block-uagb-image--layout-overlay__inner .uagb-image-caption{opacity: 0;}.uagb-block-e6f939b3.wp-block-uagb-image--layout-overlay .wp-block-uagb-image__figure:hover .wp-block-uagb-image--layout-overlay__color-wrapper{opacity: 1;}.uagb-block-e6f939b3.wp-block-uagb-image .wp-block-uagb-image--layout-overlay__inner .uagb-image-separator{width: 30%;border-top-width: 2px;border-top-color: #fff;opacity: 0;}.uagb-block-e6f939b3.wp-block-uagb-image .wp-block-uagb-image__figure img{width: px;height: auto;}.uagb-block-e6f939b3.wp-block-uagb-image .wp-block-uagb-image__figure:hover .wp-block-uagb-image--layout-overlay__inner .uagb-image-caption{opacity: 1;}.uagb-block-e6f939b3.wp-block-uagb-image .wp-block-uagb-image__figure:hover .wp-block-uagb-image--layout-overlay__inner .uagb-image-separator{opacity: 1;}.uagb-block-e6f939b3.wp-block-uagb-image--layout-default figure:hover img{box-shadow: 0px 0px 0 #00000070;}.uagb-block-e6f939b3.wp-block-uagb-image--layout-overlay figure:hover img{box-shadow: 0px 0px 0 #00000070;}@media only screen and (max-width: 976px) {.uagb-block-e6f939b3.wp-block-uagb-image .wp-block-uagb-image__figure img{width: px;height: auto;}}@media only screen and (max-width: 767px) {.uagb-block-e6f939b3.wp-block-uagb-image .wp-block-uagb-image__figure img{width: px;height: auto;}}\";s:2:\"js\";s:0:\"\";s:18:\"current_block_list\";a:13:{i:0;s:11:\"core\/search\";i:1;s:10:\"core\/group\";i:2;s:12:\"core\/heading\";i:3;s:17:\"core\/latest-posts\";i:4;s:20:\"core\/latest-comments\";i:5;s:13:\"core\/archives\";i:6;s:15:\"core\/categories\";i:7;s:14:\"core\/paragraph\";i:8;s:10:\"uagb\/image\";i:9;s:11:\"core\/spacer\";i:10;s:30:\"woocommerce\/product-categories\";i:11;s:10:\"core\/image\";i:12;s:14:\"core\/shortcode\";}s:8:\"uag_flag\";b:1;s:11:\"uag_version\";s:10:\"1777095665\";s:6:\"gfonts\";a:0:{}s:10:\"gfonts_url\";s:0:\"\";s:12:\"gfonts_files\";a:0:{}s:14:\"uag_faq_layout\";b:0;}"]},"uagb_featured_image_src":{"full":["https:\/\/www.ferberpainting.com\/wp-content\/uploads\/2025\/05\/ConcreteandCementHardener5L.jpg",2560,2560,false],"thumbnail":["https:\/\/www.ferberpainting.com\/wp-content\/uploads\/2025\/05\/ConcreteandCementHardener5L-150x150.jpg",150,150,true],"medium":["https:\/\/www.ferberpainting.com\/wp-content\/uploads\/2025\/05\/ConcreteandCementHardener5L-300x300.jpg",300,300,true],"medium_large":["https:\/\/www.ferberpainting.com\/wp-content\/uploads\/2025\/05\/ConcreteandCementHardener5L-768x768.jpg",768,768,true],"large":["https:\/\/www.ferberpainting.com\/wp-content\/uploads\/2025\/05\/ConcreteandCementHardener5L-1024x1024.jpg",1024,1024,true],"1536x1536":["https:\/\/www.ferberpainting.com\/wp-content\/uploads\/2025\/05\/ConcreteandCementHardener5L-1536x1536.jpg",1536,1536,true],"2048x2048":["https:\/\/www.ferberpainting.com\/wp-content\/uploads\/2025\/05\/ConcreteandCementHardener5L-2048x2048.jpg",2048,2048,true],"trp-custom-language-flag":["https:\/\/www.ferberpainting.com\/wp-content\/uploads\/2025\/05\/ConcreteandCementHardener5L-12x12.jpg",12,12,true],"woocommerce_thumbnail":["https:\/\/www.ferberpainting.com\/wp-content\/uploads\/2025\/05\/ConcreteandCementHardener5L-300x300.jpg",300,300,true],"woocommerce_single":["https:\/\/www.ferberpainting.com\/wp-content\/uploads\/2025\/05\/ConcreteandCementHardener5L-600x600.jpg",600,600,true],"woocommerce_gallery_thumbnail":["https:\/\/www.ferberpainting.com\/wp-content\/uploads\/2025\/05\/ConcreteandCementHardener5L-100x100.jpg",100,100,true]},"uagb_author_info":{"display_name":"admin","author_link":"https:\/\/www.ferberpainting.com\/fi\/author\/"},"uagb_comment_info":73,"uagb_excerpt":"Strengthen and reinforce concrete surfaces with professional-grade hardening technology. Our concrete and cement hardener is specially formulated to penetrate deeply into porous mineral substrates and significantly increase their surface strength. It reacts chemically within the concrete matrix to densify and reinforce the structure, reducing dusting and improving long-term durability. This advanced treatment transforms weak or&hellip;","_links":{"self":[{"href":"https:\/\/www.ferberpainting.com\/fi\/wp-json\/wp\/v2\/product\/23162","targetHints":{"allow":["GET"]}}],"collection":[{"href":"https:\/\/www.ferberpainting.com\/fi\/wp-json\/wp\/v2\/product"}],"about":[{"href":"https:\/\/www.ferberpainting.com\/fi\/wp-json\/wp\/v2\/types\/product"}],"replies":[{"embeddable":true,"href":"https:\/\/www.ferberpainting.com\/fi\/wp-json\/wp\/v2\/comments?post=23162"}],"version-history":[{"count":5,"href":"https:\/\/www.ferberpainting.com\/fi\/wp-json\/wp\/v2\/product\/23162\/revisions"}],"predecessor-version":[{"id":166078,"href":"https:\/\/www.ferberpainting.com\/fi\/wp-json\/wp\/v2\/product\/23162\/revisions\/166078"}],"wp:featuredmedia":[{"embeddable":true,"href":"https:\/\/www.ferberpainting.com\/fi\/wp-json\/wp\/v2\/media\/25734"}],"wp:attachment":[{"href":"https:\/\/www.ferberpainting.com\/fi\/wp-json\/wp\/v2\/media?parent=23162"}],"wp:term":[{"taxonomy":"product_brand","embeddable":true,"href":"https:\/\/www.ferberpainting.com\/fi\/wp-json\/wp\/v2\/product_brand?post=23162"},{"taxonomy":"product_cat","embeddable":true,"href":"https:\/\/www.ferberpainting.com\/fi\/wp-json\/wp\/v2\/product_cat?post=23162"},{"taxonomy":"product_tag","embeddable":true,"href":"https:\/\/www.ferberpainting.com\/fi\/wp-json\/wp\/v2\/product_tag?post=23162"}],"curies":[{"name":"wp","href":"https:\/\/api.w.org\/{rel}","templated":true}]}}