{"id":23155,"date":"2025-05-26T10:23:02","date_gmt":"2025-05-26T08:23:02","guid":{"rendered":"https:\/\/www.ferberpainting.com\/products\/complete-organic-nitrogen-fertilizer\/"},"modified":"2026-02-15T16:43:51","modified_gmt":"2026-02-15T15:43:51","slug":"complete-organic-nitrogen-fertilizer","status":"publish","type":"product","link":"https:\/\/www.ferberpainting.com\/fi\/products\/complete-organic-nitrogen-fertilizer\/","title":{"rendered":"T\u00e4ydellinen orgaaninen typpilannoite 25 kg"},"content":{"rendered":"<p><img decoding=\"async\" style=\"margin-right: 12px;\" src=\"https:\/\/www.ferberpainting.com\/wp-content\/uploads\/2026\/02\/Check.svg\" alt=\"\" width=\"18\" height=\"15\" \/><strong>Luonnollinen lannoite voimakasta kasvua ja tasapainoista lannoitusta varten.<\/strong>\u00a0Orgaaninen typpilannoite on ihanteellinen lannoite, joka edist\u00e4\u00e4 kasvien kasvua luontoa kunnioittaen. Sen NPK 10-10-10-kaava tarjoaa tasapainoisesti typpe\u00e4 (N) lehtien ja varsien kehityksen edist\u00e4miseksi, fosforia (P) juurtumisen vahvistamiseksi ja kaliumia (K) taudinkest\u00e4vyyden ja vaikeiden ilmasto-olosuhteiden sietokyvyn parantamiseksi. T\u00e4m\u00e4n lannoitteen avulla viljelykasvit hy\u00f6tyv\u00e4t t\u00e4ydellisest\u00e4 ravinnosta, mik\u00e4 takaa harmonisen kasvun ja paremman tuottavuuden.<\/p>\n<p><strong><img decoding=\"async\" style=\"margin-right: 12px;\" src=\"https:\/\/www.ferberpainting.com\/wp-content\/uploads\/2026\/02\/Check.svg\" alt=\"\" width=\"18\" height=\"15\" \/>Rahat takaisin -takuu.<\/strong>\u00a0Luotamme orgaanisen typpilannoitteemme tehokkuuteen, mink\u00e4 vuoksi tarjoamme rahat takaisin -takuun. Jos et havaitse n\u00e4kyv\u00e4\u00e4 parannusta kasviesi terveydess\u00e4 ja kasvussa, kun olet k\u00e4ytt\u00e4nyt niit\u00e4 suositustemme mukaisesti, palautamme sinulle koko rahan. Riskit\u00f6n lannoitus kukoistavaan puutarhaan.<\/p>\n<p><img decoding=\"async\" style=\"margin-right: 12px;\" src=\"https:\/\/www.ferberpainting.com\/wp-content\/uploads\/2026\/02\/Check.svg\" alt=\"\" width=\"18\" height=\"15\" \/><strong>Sopii kaikille kasvityypeille ja maaper\u00e4lle.<\/strong>\u00a0T\u00e4m\u00e4 lannoite on monipuolinen ja sopii kaikille viljelykasveille. Se sopii kasvimaille, hedelm\u00e4puille, pensaille, kukille, nurmikoille ja koristekasveille. Se tehoaa kaikkiin maalajeihin, olivatpa ne sitten savisia, hiekkaisia, kalkkipitoisia tai silttisi\u00e4, ja parantaa maaper\u00e4n laatua rikastamalla sen rakennetta ja stimuloimalla mikrobiel\u00e4m\u00e4\u00e4. Se sopii my\u00f6s erinomaisesti avomaalle tai ruukkuihin istutettavaksi ja sopii kaikkiin viljely-ymp\u00e4rist\u00f6ihin.<\/p>\n<p><img decoding=\"async\" style=\"margin-right: 12px;\" src=\"https:\/\/www.ferberpainting.com\/wp-content\/uploads\/2026\/02\/Check.svg\" alt=\"\" width=\"18\" height=\"15\" \/><strong>Kustannustehokas sato ja pitk\u00e4aikainen lannoitus.<\/strong>\u00a0Kiinte\u00e4n koostumuksensa ansiosta t\u00e4m\u00e4 lannoite vapauttaa ravinteita v\u00e4hitellen, mik\u00e4 takaa jatkuvan lannoituksen useiden viikkojen ajan. 25 kg:n s\u00e4kki kattaa suuren viljelyalueen, ja optimaalinen k\u00e4ytt\u00f6m\u00e4\u00e4r\u00e4 on 200 g neli\u00f6metri\u00e4 tai puuta kohti, mik\u00e4 takaa s\u00e4\u00e4nn\u00f6llisen ravinteiden sy\u00f6t\u00f6n ilman ylim\u00e4\u00e4r\u00e4\u00e4 tai h\u00e4vikki\u00e4.<\/p>\n<p><img decoding=\"async\" style=\"margin-right: 12px;\" src=\"https:\/\/www.ferberpainting.com\/wp-content\/uploads\/2026\/02\/Check.svg\" alt=\"\" width=\"18\" height=\"15\" \/><strong>Luonnollinen ja ymp\u00e4rist\u00f6yst\u00e4v\u00e4llinen lannoite.<\/strong>\u00a0Luonnollisista ainesosista valmistettu lannoite ei sis\u00e4ll\u00e4 voimakkaita kemikaaleja, ja se kunnioittaa maaper\u00e4n tasapainoa ja ymp\u00e4r\u00f6iv\u00e4\u00e4 luonnon monimuotoisuutta. Se edist\u00e4\u00e4 hy\u00f6dyllisten mikro-organismien kehittymist\u00e4, parantaa maaper\u00e4n luonnollista hedelm\u00e4llisyytt\u00e4 ja minimoi samalla pohjaveden pilaantumisriskin. T\u00e4m\u00e4 lannoite on turvallinen my\u00f6s lemmikkiel\u00e4imille ja paikallisille luonnonvaraisille el\u00e4imille, mik\u00e4 takaa lannoituksen t\u00e4ysin turvallisesti.<\/p>\n<p><img decoding=\"async\" style=\"margin-right: 12px;\" src=\"https:\/\/www.ferberpainting.com\/wp-content\/uploads\/2026\/02\/Check.svg\" alt=\"\" width=\"18\" height=\"15\" \/><strong>Helppo levitys ja vaivaton lannoitus.<\/strong>\u00a0Toisin kuin nestem\u00e4iset lannoitteet, jotka vaativat valmistelua ja tarkkaa annostelua, t\u00e4m\u00e4 lannoite levitet\u00e4\u00e4n suoraan maaper\u00e4\u00e4n, mik\u00e4 helpottaa sen k\u00e4ytt\u00f6\u00e4. Levit\u00e4 se vain kasvien ymp\u00e4rille ja hautaa se kevyesti maahan sen vapautumisen aktivoimiseksi. Nopean ja tehokkaan levitysmenetelm\u00e4n ansiosta se sopii sek\u00e4 harrastajille ett\u00e4 ammattimaisille puutarhureille ja takaa ravinteiden helpon annostelun.<\/p>\n<p><img decoding=\"async\" style=\"margin-right: 12px;\" src=\"https:\/\/www.ferberpainting.com\/wp-content\/uploads\/2026\/02\/Check.svg\" alt=\"\" width=\"18\" height=\"15\" \/><strong>Pitk\u00e4aikainen vaikutus tehokkaaseen ja kest\u00e4v\u00e4\u00e4n lannoitukseen.<\/strong>\u00a0Asteittaisen vapautumisensa ansiosta t\u00e4m\u00e4 lannoite ravitsee kasveja jatkuvasti useiden viikkojen ajan, ehk\u00e4isee puutoksia ja edist\u00e4\u00e4 harmonista kasvua. Se stimuloi kasvien kasvua, vahvistaa taudinkest\u00e4vyytt\u00e4 ja parantaa sadon laatua, mik\u00e4 takaa rehev\u00e4n puutarhan tai tuottavan vihanneslaatikon ymp\u00e4ri vuoden.<\/p>\n<p><img decoding=\"async\" style=\"margin-right: 12px;\" src=\"https:\/\/www.ferberpainting.com\/wp-content\/uploads\/2026\/02\/Check.svg\" alt=\"\" width=\"18\" height=\"15\" \/><strong>N\u00e4kyvi\u00e4 tuloksia muutamassa viikossa.<\/strong>\u00a0Ensimm\u00e4isest\u00e4 k\u00e4ytt\u00f6kerrasta l\u00e4htien kasvit kasvavat nopeammin, niiden lehdet ovat tihe\u00e4mm\u00e4t ja kukat runsaammat. Vihannes- ja hedelm\u00e4puiden osalta se takaa my\u00f6s paremman sadon ja paremman sadon laadun t\u00e4ydellisen ja tasapainoisen ravitsemuksen ansiosta.<\/p>\n<h2><strong>K\u00e4ytt\u00f6protokolla<\/strong><\/h2>\n<p><strong>Suositeltu annostus :<\/strong><\/p>\n<ul>\n<li>Puille ja pensaille : Levit\u00e4 200 g lannoitetta puuta kohti sen koon ja i\u00e4n mukaan.<\/li>\n<li>Vihanneskasveille ja kukille : Levit\u00e4 100-150 g\/m\u00b2 kasvien ymp\u00e4rille niiden tarpeiden mukaan.<\/li>\n<li>Nurmikoille: 150 g\/m\u00b2 nurmikon tiheyden ja kest\u00e4vyyden lis\u00e4\u00e4miseksi.<\/li>\n<\/ul>\n<p><strong>Soveltamismenetelm\u00e4 <\/strong>:<\/p>\n<ul>\n<li><strong>Suora levitys <\/strong>: Levit\u00e4 lannoite tasaisesti kasvien ymp\u00e4rille v\u00e4ltt\u00e4en suoraa kosketusta varsien ja lehtien kanssa.<\/li>\n<li><strong>Sekoittuminen maaper\u00e4\u00e4n <\/strong>: Levitt\u00e4misen j\u00e4lkeen haravoi kevyesti maan pintaa, jotta rakeet tunkeutuvat paremmin ja nopeuttavat niiden imeytymist\u00e4 juuriin.<\/li>\n<li><strong>Kastelu levityksen j\u00e4lkeen <\/strong>: Kastele huolellisesti lannoituksen j\u00e4lkeen ravinteiden vapautumisen aktivoimiseksi ja imeytymisen optimoimiseksi.<\/li>\n<\/ul>\n<p><strong>Sovellustiheys <\/strong>:<\/p>\n<ul>\n<li><strong>Kasvu- ja kukinta-aikana (kev\u00e4t-kes\u00e4). <\/strong>: Levit\u00e4 lannoitetta 6-8 viikon v\u00e4lein jatkuvan ravinteiden saannin yll\u00e4pit\u00e4miseksi.<\/li>\n<li><strong>Kasvullisen lepoajan aikana (syksy-talvi) <\/strong>: V\u00e4henn\u00e4 k\u00e4ytt\u00f6\u00e4 kerran 3 kuukaudessa, jotta kasvien energia s\u00e4ilyy stimuloimatta liiallista kasvua.<\/li>\n<\/ul>\n<p><strong>K\u00e4ytt\u00f6\u00e4 koskevat varotoimet <\/strong>: \u00c4l\u00e4 ylit\u00e4 suositeltuja annoksia, jotta v\u00e4ltyt\u00e4\u00e4n ravinteiden ep\u00e4tasapainolta, joka voi hidastaa kasvien kasvua tai aiheuttaa typen ylim\u00e4\u00e4r\u00e4\u00e4 maaper\u00e4ss\u00e4. Levit\u00e4 hieman kosteaan maahan ravinteiden optimaalisen imeytymisen varmistamiseksi.<\/p>\n<p><strong>Varastointi ja s\u00e4ilytys <\/strong>: S\u00e4ilyt\u00e4 lannoitetta kuivassa paikassa, kosteudelta ja \u00e4\u00e4rimm\u00e4isilt\u00e4 l\u00e4mp\u00f6tiloilta suojattuna. Sulje pussi tiiviisti jokaisen k\u00e4ytt\u00f6kerran j\u00e4lkeen tuotteen tehokkuuden s\u00e4ilytt\u00e4miseksi ja ravinteiden h\u00e4vikin est\u00e4miseksi.<\/p>\n<p>T\u00e4m\u00e4n t\u00e4ydellisen orgaanisen typpilannoitteen avulla voit tarjota puutarhallesi, vihannesalueellesi ja hedelm\u00e4tarhallesi tasapainoista ja luonnollista ravintoa, joka takaa voimakkaan kasvun, runsaan kukinnan ja runsaan sadon. Se on ihanteellinen ratkaisu kaikille maan laadusta ja ymp\u00e4rist\u00f6nsuojelusta huolehtiville puutarhureille, sill\u00e4 se mahdollistaa tehokkaan ja kest\u00e4v\u00e4n lannoituksen kaikenlaisille viljelykasveille.<\/p>","protected":false},"excerpt":{"rendered":"<p>A natural fertilizer for vigorous growth and balanced fertilization.\u00a0Organic nitrogen fertilizer is an ideal fertilizer to stimulate plant growth while respecting nature. Its NPK 10-10-10 formula provides a balanced supply of nitrogen (N) to promote the development of leaves and stems, phosphorus (P) to strengthen rooting, and potassium (K) to enhance disease resistance and tolerance [&hellip;]<\/p>\n","protected":false},"featured_media":25730,"comment_status":"open","ping_status":"closed","template":"","meta":{"_uag_custom_page_level_css":"","site-sidebar-layout":"default","site-content-layout":"","ast-site-content-layout":"default","site-content-style":"default","site-sidebar-style":"default","ast-global-header-display":"","ast-banner-title-visibility":"","ast-main-header-display":"","ast-hfb-above-header-display":"","ast-hfb-below-header-display":"","ast-hfb-mobile-header-display":"","site-post-title":"","ast-breadcrumbs-content":"","ast-featured-img":"","footer-sml-layout":"","ast-disable-related-posts":"","theme-transparent-header-meta":"default","adv-header-id-meta":"","stick-header-meta":"","header-above-stick-meta":"","header-main-stick-meta":"","header-below-stick-meta":"","astra-migrate-meta-layouts":"set","ast-page-background-enabled":"default","ast-page-background-meta":{"desktop":{"background-color":"var(--ast-global-color-4)","background-image":"","background-repeat":"repeat","background-position":"center center","background-size":"auto","background-attachment":"scroll","background-type":"","background-media":"","overlay-type":"","overlay-color":"","overlay-opacity":"","overlay-gradient":""},"tablet":{"background-color":"","background-image":"","background-repeat":"repeat","background-position":"center center","background-size":"auto","background-attachment":"scroll","background-type":"","background-media":"","overlay-type":"","overlay-color":"","overlay-opacity":"","overlay-gradient":""},"mobile":{"background-color":"","background-image":"","background-repeat":"repeat","background-position":"center center","background-size":"auto","background-attachment":"scroll","background-type":"","background-media":"","overlay-type":"","overlay-color":"","overlay-opacity":"","overlay-gradient":""}},"ast-content-background-meta":{"desktop":{"background-color":"var(--ast-global-color-5)","background-image":"","background-repeat":"repeat","background-position":"center center","background-size":"auto","background-attachment":"scroll","background-type":"","background-media":"","overlay-type":"","overlay-color":"","overlay-opacity":"","overlay-gradient":""},"tablet":{"background-color":"var(--ast-global-color-5)","background-image":"","background-repeat":"repeat","background-position":"center center","background-size":"auto","background-attachment":"scroll","background-type":"","background-media":"","overlay-type":"","overlay-color":"","overlay-opacity":"","overlay-gradient":""},"mobile":{"background-color":"var(--ast-global-color-5)","background-image":"","background-repeat":"repeat","background-position":"center center","background-size":"auto","background-attachment":"scroll","background-type":"","background-media":"","overlay-type":"","overlay-color":"","overlay-opacity":"","overlay-gradient":""}}},"product_brand":[],"product_cat":[178],"product_tag":[],"class_list":{"0":"post-23155","1":"product","2":"type-product","3":"status-publish","4":"has-post-thumbnail","6":"product_cat-fertilizers","7":"desktop-align-left","8":"tablet-align-left","9":"mobile-align-left","11":"first","12":"instock","13":"shipping-taxable","14":"purchasable","15":"product-type-simple"},"spectra_custom_meta":{"_visibility":["visible"],"_shopify_product_id":["9067991531765"],"_s2w_shopify_domain":["ferberpainting.myshopify.com"],"_shopify_variant_id":["46509738295541"],"_sku":["FPCOMPLETEORGANICNITROGENFERTILIZERR25KG"],"_regular_price":["39.90"],"_price":["39.90"],"_sale_price":[""],"_weight":["18.5"],"_thumbnail_id":["25730"],"_global_unique_id":["5056773817562"],"total_sales":["6"],"_tax_status":["taxable"],"_tax_class":[""],"_manage_stock":["no"],"_backorders":["no"],"_sold_individually":["no"],"_virtual":["no"],"_downloadable":["no"],"_download_limit":["-1"],"_download_expiry":["-1"],"_stock":[null],"_stock_status":["instock"],"_wc_average_rating":["5.00"],"_wc_review_count":["18"],"_product_version":["10.5.1"],"_wc_rating_count":["a:1:{i:5;i:18;}"],"_edit_lock":["1771751021:3822"],"merchant-center-availability":["yes"],"merchant-center-category":["113"],"_edit_last":["1"],"_wp_page_template":["default"],"site-sidebar-layout":["default"],"ast-site-content-layout":["default"],"site-content-style":["default"],"site-sidebar-style":["default"],"theme-transparent-header-meta":["default"],"astra-migrate-meta-layouts":["set"],"_uag_css_file_name":["uag-css-23155.css"],"_elementor_page_assets":["a:0:{}"],"_uag_page_assets":["a:9:{s:3:\"css\";s:7133:\".uag-blocks-common-selector{z-index:var(--z-index-desktop) !important}@media(max-width: 976px){.uag-blocks-common-selector{z-index:var(--z-index-tablet) !important}}@media(max-width: 767px){.uag-blocks-common-selector{z-index:var(--z-index-mobile) !important}}.wp-block-uagb-image{display:flex}.wp-block-uagb-image__figure{position:relative;display:flex;flex-direction:column;max-width:100%;height:auto;margin:0}.wp-block-uagb-image__figure img{height:auto;display:flex;max-width:100%;transition:box-shadow .2s ease}.wp-block-uagb-image__figure>a{display:inline-block}.wp-block-uagb-image__figure figcaption{text-align:center;margin-top:.5em;margin-bottom:1em}.wp-block-uagb-image .components-placeholder.block-editor-media-placeholder .components-placeholder__instructions{align-self:center}.wp-block-uagb-image--align-left{text-align:left}.wp-block-uagb-image--align-right{text-align:right}.wp-block-uagb-image--align-center{text-align:center}.wp-block-uagb-image--align-full .wp-block-uagb-image__figure{margin-left:calc(50% - 50vw);margin-right:calc(50% - 50vw);max-width:100vw;width:100vw;height:auto}.wp-block-uagb-image--align-full .wp-block-uagb-image__figure img{height:auto;width:100% !important}.wp-block-uagb-image--align-wide .wp-block-uagb-image__figure img{height:auto;width:100%}.wp-block-uagb-image--layout-overlay__color-wrapper{position:absolute;left:0;top:0;right:0;bottom:0;opacity:.2;background:rgba(0,0,0,.5);transition:opacity .35s ease-in-out}.wp-block-uagb-image--layout-overlay-link{position:absolute;left:0;right:0;bottom:0;top:0}.wp-block-uagb-image--layout-overlay .wp-block-uagb-image__figure:hover .wp-block-uagb-image--layout-overlay__color-wrapper{opacity:1}.wp-block-uagb-image--layout-overlay__inner{position:absolute;left:15px;right:15px;bottom:15px;top:15px;display:flex;align-items:center;justify-content:center;flex-direction:column;border-color:#fff;transition:.35s ease-in-out}.wp-block-uagb-image--layout-overlay__inner.top-left,.wp-block-uagb-image--layout-overlay__inner.top-center,.wp-block-uagb-image--layout-overlay__inner.top-right{justify-content:flex-start}.wp-block-uagb-image--layout-overlay__inner.bottom-left,.wp-block-uagb-image--layout-overlay__inner.bottom-center,.wp-block-uagb-image--layout-overlay__inner.bottom-right{justify-content:flex-end}.wp-block-uagb-image--layout-overlay__inner.top-left,.wp-block-uagb-image--layout-overlay__inner.center-left,.wp-block-uagb-image--layout-overlay__inner.bottom-left{align-items:flex-start}.wp-block-uagb-image--layout-overlay__inner.top-right,.wp-block-uagb-image--layout-overlay__inner.center-right,.wp-block-uagb-image--layout-overlay__inner.bottom-right{align-items:flex-end}.wp-block-uagb-image--layout-overlay__inner .uagb-image-heading{color:#fff;transition:transform .35s,opacity .35s ease-in-out;transform:translate3d(0, 24px, 0);margin:0;line-height:1em}.wp-block-uagb-image--layout-overlay__inner .uagb-image-separator{width:30%;border-top-width:2px;border-top-color:#fff;border-top-style:solid;margin-bottom:10px;opacity:0;transition:transform .4s,opacity .4s ease-in-out;transform:translate3d(0, 30px, 0)}.wp-block-uagb-image--layout-overlay__inner .uagb-image-caption{opacity:0;overflow:visible;color:#fff;transition:transform .45s,opacity .45s ease-in-out;transform:translate3d(0, 35px, 0)}.wp-block-uagb-image--layout-overlay__inner:hover .uagb-image-heading,.wp-block-uagb-image--layout-overlay__inner:hover .uagb-image-separator,.wp-block-uagb-image--layout-overlay__inner:hover .uagb-image-caption{opacity:1;transform:translate3d(0, 0, 0)}.wp-block-uagb-image--effect-zoomin .wp-block-uagb-image__figure img,.wp-block-uagb-image--effect-zoomin .wp-block-uagb-image__figure .wp-block-uagb-image--layout-overlay__color-wrapper{transform:scale(1);transition:transform .35s ease-in-out}.wp-block-uagb-image--effect-zoomin .wp-block-uagb-image__figure:hover img,.wp-block-uagb-image--effect-zoomin .wp-block-uagb-image__figure:hover .wp-block-uagb-image--layout-overlay__color-wrapper{transform:scale(1.05)}.wp-block-uagb-image--effect-slide .wp-block-uagb-image__figure img,.wp-block-uagb-image--effect-slide .wp-block-uagb-image__figure .wp-block-uagb-image--layout-overlay__color-wrapper{width:calc(100% + 40px) !important;max-width:none !important;transform:translate3d(-40px, 0, 0);transition:transform .35s ease-in-out}.wp-block-uagb-image--effect-slide .wp-block-uagb-image__figure:hover img,.wp-block-uagb-image--effect-slide .wp-block-uagb-image__figure:hover .wp-block-uagb-image--layout-overlay__color-wrapper{transform:translate3d(0, 0, 0)}.wp-block-uagb-image--effect-grayscale img{filter:grayscale(0%);transition:.35s ease-in-out}.wp-block-uagb-image--effect-grayscale:hover img{filter:grayscale(100%)}.wp-block-uagb-image--effect-blur img{filter:blur(0);transition:.35s ease-in-out}.wp-block-uagb-image--effect-blur:hover img{filter:blur(3px)}.uagb-block-e6f939b3.wp-block-uagb-image--layout-default figure img{box-shadow: 0px 0px 0 #00000070;}.uagb-block-e6f939b3.wp-block-uagb-image .wp-block-uagb-image__figure figcaption{font-style: normal;align-self: center;}.uagb-block-e6f939b3.wp-block-uagb-image--layout-overlay figure img{box-shadow: 0px 0px 0 #00000070;}.uagb-block-e6f939b3.wp-block-uagb-image--layout-overlay .wp-block-uagb-image--layout-overlay__color-wrapper{opacity: 0.2;}.uagb-block-e6f939b3.wp-block-uagb-image--layout-overlay .wp-block-uagb-image--layout-overlay__inner{left: 15px;right: 15px;top: 15px;bottom: 15px;}.uagb-block-e6f939b3.wp-block-uagb-image--layout-overlay .wp-block-uagb-image--layout-overlay__inner .uagb-image-heading{font-style: normal;color: #fff;opacity: 1;}.uagb-block-e6f939b3.wp-block-uagb-image--layout-overlay .wp-block-uagb-image--layout-overlay__inner .uagb-image-heading a{color: #fff;}.uagb-block-e6f939b3.wp-block-uagb-image--layout-overlay .wp-block-uagb-image--layout-overlay__inner .uagb-image-caption{opacity: 0;}.uagb-block-e6f939b3.wp-block-uagb-image--layout-overlay .wp-block-uagb-image__figure:hover .wp-block-uagb-image--layout-overlay__color-wrapper{opacity: 1;}.uagb-block-e6f939b3.wp-block-uagb-image .wp-block-uagb-image--layout-overlay__inner .uagb-image-separator{width: 30%;border-top-width: 2px;border-top-color: #fff;opacity: 0;}.uagb-block-e6f939b3.wp-block-uagb-image .wp-block-uagb-image__figure img{width: px;height: auto;}.uagb-block-e6f939b3.wp-block-uagb-image .wp-block-uagb-image__figure:hover .wp-block-uagb-image--layout-overlay__inner .uagb-image-caption{opacity: 1;}.uagb-block-e6f939b3.wp-block-uagb-image .wp-block-uagb-image__figure:hover .wp-block-uagb-image--layout-overlay__inner .uagb-image-separator{opacity: 1;}.uagb-block-e6f939b3.wp-block-uagb-image--layout-default figure:hover img{box-shadow: 0px 0px 0 #00000070;}.uagb-block-e6f939b3.wp-block-uagb-image--layout-overlay figure:hover img{box-shadow: 0px 0px 0 #00000070;}@media only screen and (max-width: 976px) {.uagb-block-e6f939b3.wp-block-uagb-image .wp-block-uagb-image__figure img{width: px;height: auto;}}@media only screen and (max-width: 767px) {.uagb-block-e6f939b3.wp-block-uagb-image .wp-block-uagb-image__figure img{width: px;height: auto;}}\";s:2:\"js\";s:0:\"\";s:18:\"current_block_list\";a:13:{i:0;s:11:\"core\/search\";i:1;s:10:\"core\/group\";i:2;s:12:\"core\/heading\";i:3;s:17:\"core\/latest-posts\";i:4;s:20:\"core\/latest-comments\";i:5;s:13:\"core\/archives\";i:6;s:15:\"core\/categories\";i:7;s:14:\"core\/paragraph\";i:8;s:10:\"uagb\/image\";i:9;s:11:\"core\/spacer\";i:10;s:30:\"woocommerce\/product-categories\";i:11;s:10:\"core\/image\";i:12;s:14:\"core\/shortcode\";}s:8:\"uag_flag\";b:1;s:11:\"uag_version\";s:10:\"1777183166\";s:6:\"gfonts\";a:0:{}s:10:\"gfonts_url\";s:0:\"\";s:12:\"gfonts_files\";a:0:{}s:14:\"uag_faq_layout\";b:0;}"]},"uagb_featured_image_src":{"full":["https:\/\/www.ferberpainting.com\/wp-content\/uploads\/2025\/05\/CompleteOrganicNitrogenFertilizer.png",2560,2560,false],"thumbnail":["https:\/\/www.ferberpainting.com\/wp-content\/uploads\/2025\/05\/CompleteOrganicNitrogenFertilizer-150x150.png",150,150,true],"medium":["https:\/\/www.ferberpainting.com\/wp-content\/uploads\/2025\/05\/CompleteOrganicNitrogenFertilizer-300x300.png",300,300,true],"medium_large":["https:\/\/www.ferberpainting.com\/wp-content\/uploads\/2025\/05\/CompleteOrganicNitrogenFertilizer-768x768.png",768,768,true],"large":["https:\/\/www.ferberpainting.com\/wp-content\/uploads\/2025\/05\/CompleteOrganicNitrogenFertilizer-1024x1024.png",1024,1024,true],"1536x1536":["https:\/\/www.ferberpainting.com\/wp-content\/uploads\/2025\/05\/CompleteOrganicNitrogenFertilizer-1536x1536.png",1536,1536,true],"2048x2048":["https:\/\/www.ferberpainting.com\/wp-content\/uploads\/2025\/05\/CompleteOrganicNitrogenFertilizer-2048x2048.png",2048,2048,true],"trp-custom-language-flag":["https:\/\/www.ferberpainting.com\/wp-content\/uploads\/2025\/05\/CompleteOrganicNitrogenFertilizer-12x12.png",12,12,true],"woocommerce_thumbnail":["https:\/\/www.ferberpainting.com\/wp-content\/uploads\/2025\/05\/CompleteOrganicNitrogenFertilizer-300x300.png",300,300,true],"woocommerce_single":["https:\/\/www.ferberpainting.com\/wp-content\/uploads\/2025\/05\/CompleteOrganicNitrogenFertilizer-600x600.png",600,600,true],"woocommerce_gallery_thumbnail":["https:\/\/www.ferberpainting.com\/wp-content\/uploads\/2025\/05\/CompleteOrganicNitrogenFertilizer-100x100.png",100,100,true]},"uagb_author_info":{"display_name":"admin","author_link":"https:\/\/www.ferberpainting.com\/fi\/author\/"},"uagb_comment_info":18,"uagb_excerpt":"A natural fertilizer for vigorous growth and balanced fertilization.\u00a0Organic nitrogen fertilizer is an ideal fertilizer to stimulate plant growth while respecting nature. Its NPK 10-10-10 formula provides a balanced supply of nitrogen (N) to promote the development of leaves and stems, phosphorus (P) to strengthen rooting, and potassium (K) to enhance disease resistance and tolerance&hellip;","_links":{"self":[{"href":"https:\/\/www.ferberpainting.com\/fi\/wp-json\/wp\/v2\/product\/23155","targetHints":{"allow":["GET"]}}],"collection":[{"href":"https:\/\/www.ferberpainting.com\/fi\/wp-json\/wp\/v2\/product"}],"about":[{"href":"https:\/\/www.ferberpainting.com\/fi\/wp-json\/wp\/v2\/types\/product"}],"replies":[{"embeddable":true,"href":"https:\/\/www.ferberpainting.com\/fi\/wp-json\/wp\/v2\/comments?post=23155"}],"version-history":[{"count":7,"href":"https:\/\/www.ferberpainting.com\/fi\/wp-json\/wp\/v2\/product\/23155\/revisions"}],"predecessor-version":[{"id":166279,"href":"https:\/\/www.ferberpainting.com\/fi\/wp-json\/wp\/v2\/product\/23155\/revisions\/166279"}],"wp:featuredmedia":[{"embeddable":true,"href":"https:\/\/www.ferberpainting.com\/fi\/wp-json\/wp\/v2\/media\/25730"}],"wp:attachment":[{"href":"https:\/\/www.ferberpainting.com\/fi\/wp-json\/wp\/v2\/media?parent=23155"}],"wp:term":[{"taxonomy":"product_brand","embeddable":true,"href":"https:\/\/www.ferberpainting.com\/fi\/wp-json\/wp\/v2\/product_brand?post=23155"},{"taxonomy":"product_cat","embeddable":true,"href":"https:\/\/www.ferberpainting.com\/fi\/wp-json\/wp\/v2\/product_cat?post=23155"},{"taxonomy":"product_tag","embeddable":true,"href":"https:\/\/www.ferberpainting.com\/fi\/wp-json\/wp\/v2\/product_tag?post=23155"}],"curies":[{"name":"wp","href":"https:\/\/api.w.org\/{rel}","templated":true}]}}