{"id":23139,"date":"2025-05-26T10:22:58","date_gmt":"2025-05-26T08:22:58","guid":{"rendered":"https:\/\/www.ferberpainting.com\/products\/citrus-orange-and-lemon-tree-fertilizer\/"},"modified":"2026-02-15T13:28:02","modified_gmt":"2026-02-15T12:28:02","slug":"citrus-orange-and-lemon-tree-fertilizer","status":"publish","type":"product","link":"https:\/\/www.ferberpainting.com\/fi\/products\/citrus-orange-and-lemon-tree-fertilizer\/","title":{"rendered":"Sitrushedelmien, appelsiinien ja sitruunapuiden lannoite 25 kg"},"content":{"rendered":"<p><img decoding=\"async\" style=\"margin-right: 12px;\" src=\"https:\/\/www.ferberpainting.com\/wp-content\/uploads\/2026\/02\/Check.svg\" alt=\"\" width=\"18\" height=\"15\" \/><strong>Tasapainoinen lannoitus terveille sitruspuille.<\/strong>\u00a0T\u00e4m\u00e4 sitrushedelm\u00e4puille, appelsiinipuille ja sitruunapuille tarkoitettu lannoite on erityisesti suunniteltu antamaan puillesi kaikki tarvittavat ravinteet niiden kehityst\u00e4, kukintaa ja hedelmien kasvua varten. NPK 10-10-10 -koostumuksensa ansiosta se takaa juurten, lehtien ja hedelmien harmonisen kasvun, mink\u00e4 ansiosta sitruspuut tuottavat runsaita ja maukkaita satoja ja pysyv\u00e4t elinvoimaisina l\u00e4pi vuoden.<\/p>\n<p><img decoding=\"async\" style=\"margin-right: 12px;\" src=\"https:\/\/www.ferberpainting.com\/wp-content\/uploads\/2026\/02\/Check.svg\" alt=\"\" width=\"18\" height=\"15\" \/><strong>Rahat takaisin -takuu.<\/strong>\u00a0Luotamme t\u00e4ysin sitruslannoitteemme tehokkuuteen, mink\u00e4 vuoksi tarjoamme rahat takaisin -takuun. Jos tuote ei vastaa odotuksiasi sen j\u00e4lkeen, kun sit\u00e4 on levitetty asianmukaisesti suositusten mukaisesti, voit pyyt\u00e4\u00e4 rahojesi palautusta ilman ehtoja, mik\u00e4 takaa riskitt\u00f6m\u00e4n ostoksen t\u00e4ydellisell\u00e4 mielenrauhalla.<\/p>\n<p><img decoding=\"async\" style=\"margin-right: 12px;\" src=\"https:\/\/www.ferberpainting.com\/wp-content\/uploads\/2026\/02\/Check.svg\" alt=\"\" width=\"18\" height=\"15\" \/><strong>Sopii kaikille sitruslajikkeille.<\/strong>\u00a0T\u00e4m\u00e4 lannoite sopii appelsiinipuille, sitruunapuille, mandariinipuille, greippipuille, kumkvattipuille ja muille sitruspuille, joita kasvatetaan maassa tai ruukuissa. Se edist\u00e4\u00e4 sek\u00e4 nuorten puiden kehityst\u00e4 ett\u00e4 varttuneiden puiden yll\u00e4pitoa ja varmistaa asianmukaisen lannoituksen kaikissa kasvuvaiheissa.<\/p>\n<p><img decoding=\"async\" style=\"margin-right: 12px;\" src=\"https:\/\/www.ferberpainting.com\/wp-content\/uploads\/2026\/02\/Check.svg\" alt=\"\" width=\"18\" height=\"15\" \/><strong>Optimoitu taloudellinen tuotto kest\u00e4v\u00e4\u00e4 lannoitusta varten.<\/strong>\u00a0Sen tiivistetty koostumus mahdollistaa vain 200 g lannoitteen levitt\u00e4misen puuta kohti, mik\u00e4 takaa pitk\u00e4aikaisen ja kustannustehokkaan lannoituksen. 25 kg:n s\u00e4kki voi ravita jopa 125 puuta, joten se on ihanteellinen valinta yksityishenkil\u00f6ille, joilla on hedelm\u00e4tarhoja, tai tuottajille, jotka etsiv\u00e4t kannattavaa ja tehokasta ratkaisua.<\/p>\n<p><img decoding=\"async\" style=\"margin-right: 12px;\" src=\"https:\/\/www.ferberpainting.com\/wp-content\/uploads\/2026\/02\/Check.svg\" alt=\"\" width=\"18\" height=\"15\" \/><strong>Turvallinen ja ymp\u00e4rist\u00f6yst\u00e4v\u00e4llinen tuote.<\/strong>\u00a0T\u00e4m\u00e4 lannoite on myrkyt\u00f6n ja turvallinen maaper\u00e4lle ja viljelykasveille, mik\u00e4 takaa tehokkaan lannoituksen ilman saastumisriski\u00e4. Sen asteittainen vapautuminen est\u00e4\u00e4 liialliset mineraalisuolat maaper\u00e4ss\u00e4 ja s\u00e4ilytt\u00e4\u00e4 siten puiden biologisen tasapainon ja terveyden. Se ei polta juuria, kun sit\u00e4 k\u00e4ytet\u00e4\u00e4n suositusten mukaisesti, mik\u00e4 takaa sitruspuiden terveen ja luonnollisen kasvun.<\/p>\n<p><img decoding=\"async\" style=\"margin-right: 12px;\" src=\"https:\/\/www.ferberpainting.com\/wp-content\/uploads\/2026\/02\/Check.svg\" alt=\"\" width=\"18\" height=\"15\" \/><strong>Helppo levitys nopeasti n\u00e4kyviin tuloksiin.<\/strong>\u00a0T\u00e4m\u00e4 lannoite levitet\u00e4\u00e4n suoraan puiden juurelle ilman monimutkaista valmistelua. Levit\u00e4 se vain rungon ymp\u00e4rille ja sekoita se kevyesti maaper\u00e4\u00e4n, jotta juuret voivat ime\u00e4 ravinteita v\u00e4hitellen. Sen yksinkertaisen levitysmenetelm\u00e4n ansiosta kaikki puutarhurit, niin aloittelijat kuin kokeneetkin, voivat saavuttaa optimaalisen lannoituksen vain muutamalla helpolla toimenpiteell\u00e4.<\/p>\n<p><img decoding=\"async\" style=\"margin-right: 12px;\" src=\"https:\/\/www.ferberpainting.com\/wp-content\/uploads\/2026\/02\/Check.svg\" alt=\"\" width=\"18\" height=\"15\" \/><strong>Pitk\u00e4kestoinen vaikutus maksimaaliseen kasvuun ja hedelmien tuottamiseen.<\/strong>\u00a0Liukenemattoman koostumuksensa ansiosta t\u00e4m\u00e4 lannoite vapauttaa ravinteita hitaasti, mik\u00e4 antaa sitruspuille jatkuvaa ravintoa useiden viikkojen ajan. Se edist\u00e4\u00e4 nuorten versojen s\u00e4\u00e4nn\u00f6llist\u00e4 kasvua, stimuloi kukkien muodostumista ja parantaa tuotettujen hedelmien laatua ja m\u00e4\u00e4r\u00e4\u00e4. Sen tasapainoinen typen, fosforin ja kaliumin saanti takaa hyvin kehittyneet, makeat ja maukkaat sitrushedelm\u00e4t.<\/p>\n<p><img decoding=\"async\" style=\"margin-right: 12px;\" src=\"https:\/\/www.ferberpainting.com\/wp-content\/uploads\/2026\/02\/Check.svg\" alt=\"\" width=\"18\" height=\"15\" \/><strong>Nopeat tulokset parantavat tuotantoa.<\/strong>\u00a0T\u00e4m\u00e4 lannoite edist\u00e4\u00e4 kasvun elpymist\u00e4 ja vahvistaa sitruspuiden vastustuskyky\u00e4 tauteja ja ankaria ilmasto-olosuhteita vastaan ensimm\u00e4isist\u00e4 k\u00e4ytt\u00f6kerroista l\u00e4htien. Muutaman viikon kuluttua puut kehitt\u00e4v\u00e4t tihe\u00e4mm\u00e4n ja vihre\u00e4mm\u00e4n lehdist\u00f6n, ja hedelmien muodostuminen on optimoitu runsaamman ja laadukkaamman sadon saamiseksi.<\/p>\n<h2><strong>K\u00e4ytt\u00f6protokolla<\/strong><\/h2>\n<ul>\n<li><strong>Hakuaika <\/strong>: Levit\u00e4 kahdesti vuodessa, kev\u00e4\u00e4n alussa (maalis-huhtikuussa) ja syksyll\u00e4 (syys-lokakuussa), jotta varmistetaan sitruspuiden jatkuva ravinnonsaanti koko niiden kasvu- ja hedelm\u00e4ntuotantoajan.<\/li>\n<li><strong>Suositeltu annostus <\/strong>: Levit\u00e4 200 g lannoitetta puuta kohti, noin hyvin t\u00e4ytetty kourallinen. Ruukkusitruspuiden osalta pienenn\u00e4 annosta 100 grammaan ruukkua kohti ja s\u00e4\u00e4d\u00e4 se puun koon mukaan.<\/li>\n<li><strong>Soveltamismenetelm\u00e4 <\/strong>: Levit\u00e4 lannoite ympyr\u00e4n muotoon rungon ymp\u00e4rille, noin 20-30 cm:n p\u00e4\u00e4h\u00e4n puun tyvest\u00e4, asettamatta sit\u00e4 suoraan runkoa vasten. Raaputa maata kevyesti haravalla tai kaivurilla, jotta lannoite imeytyy paremmin maaper\u00e4\u00e4n.<\/li>\n<li><strong>Kastelu levityksen j\u00e4lkeen <\/strong>: Kastele runsaasti levityksen j\u00e4lkeen, jotta ravinteiden levi\u00e4minen maaper\u00e4\u00e4n aktivoituu ja niiden imeytyminen juuriin helpottuu. S\u00e4\u00e4nn\u00f6llinen kastelu seuraavien viikkojen aikana varmistaa optimaalisen imeytymisen.<\/li>\n<li><strong>Huoltov\u00e4li <\/strong>: T\u00e4ysikasvuisille nuorille puille voi olla hy\u00f6ty\u00e4 lis\u00e4k\u00e4sittelyst\u00e4 kes\u00e4ll\u00e4 (hein\u00e4-elokuussa) niiden kehityksen vahvistamiseksi ja runsaan kukinnan valmistelemiseksi.<\/li>\n<li><strong>K\u00e4ytt\u00f6\u00e4 koskevat varotoimet <\/strong>: \u00c4l\u00e4 ylit\u00e4 suositeltuja annoksia, jotta maaper\u00e4ss\u00e4 ei ole liikaa ravinteita. V\u00e4lt\u00e4 lannoitteen levitt\u00e4mist\u00e4 j\u00e4\u00e4tyneeseen maaper\u00e4\u00e4n tai voimakkaan kuivuuden aikana ilman lis\u00e4kastelua.<\/li>\n<li><strong>Varastointi ja s\u00e4ilytys <\/strong>: S\u00e4ilyt\u00e4 lannoitetta viile\u00e4ss\u00e4, kuivassa paikassa, suojassa kosteudelta ja auringonvalolta. Sulje pussi huolellisesti jokaisen k\u00e4ytt\u00f6kerran j\u00e4lkeen tuotteen laadun s\u00e4ilytt\u00e4miseksi ja kosteuden imeytymisen est\u00e4miseksi.<\/li>\n<\/ul>\n<p>T\u00e4m\u00e4n <strong>sitrushedelmien, appelsiinien ja sitruunapuiden lannoite<\/strong>, antavat puillesi t\u00e4ydellisen ja tasapainoisen ravinnon, joka edist\u00e4\u00e4 voimakasta kasvua, voimakasta kukintaa ja runsasta, maukkaiden hedelmien satoa.<\/p>","protected":false},"excerpt":{"rendered":"<p>Balanced fertilization for healthy citrus trees.\u00a0This fertilizer for citrus trees, orange trees, and lemon trees is specially formulated to provide your trees with all the necessary nutrients for their development, flowering, and fruiting. Thanks to its NPK 10-10-10 composition, it ensures harmonious growth of roots, leaves, and fruits, allowing citrus trees to produce abundant and [&hellip;]<\/p>\n","protected":false},"featured_media":25723,"comment_status":"open","ping_status":"closed","template":"","meta":{"_uag_custom_page_level_css":"","site-sidebar-layout":"default","site-content-layout":"","ast-site-content-layout":"default","site-content-style":"default","site-sidebar-style":"default","ast-global-header-display":"","ast-banner-title-visibility":"","ast-main-header-display":"","ast-hfb-above-header-display":"","ast-hfb-below-header-display":"","ast-hfb-mobile-header-display":"","site-post-title":"","ast-breadcrumbs-content":"","ast-featured-img":"","footer-sml-layout":"","ast-disable-related-posts":"","theme-transparent-header-meta":"default","adv-header-id-meta":"","stick-header-meta":"","header-above-stick-meta":"","header-main-stick-meta":"","header-below-stick-meta":"","astra-migrate-meta-layouts":"set","ast-page-background-enabled":"default","ast-page-background-meta":{"desktop":{"background-color":"var(--ast-global-color-4)","background-image":"","background-repeat":"repeat","background-position":"center center","background-size":"auto","background-attachment":"scroll","background-type":"","background-media":"","overlay-type":"","overlay-color":"","overlay-opacity":"","overlay-gradient":""},"tablet":{"background-color":"","background-image":"","background-repeat":"repeat","background-position":"center center","background-size":"auto","background-attachment":"scroll","background-type":"","background-media":"","overlay-type":"","overlay-color":"","overlay-opacity":"","overlay-gradient":""},"mobile":{"background-color":"","background-image":"","background-repeat":"repeat","background-position":"center center","background-size":"auto","background-attachment":"scroll","background-type":"","background-media":"","overlay-type":"","overlay-color":"","overlay-opacity":"","overlay-gradient":""}},"ast-content-background-meta":{"desktop":{"background-color":"var(--ast-global-color-5)","background-image":"","background-repeat":"repeat","background-position":"center center","background-size":"auto","background-attachment":"scroll","background-type":"","background-media":"","overlay-type":"","overlay-color":"","overlay-opacity":"","overlay-gradient":""},"tablet":{"background-color":"var(--ast-global-color-5)","background-image":"","background-repeat":"repeat","background-position":"center center","background-size":"auto","background-attachment":"scroll","background-type":"","background-media":"","overlay-type":"","overlay-color":"","overlay-opacity":"","overlay-gradient":""},"mobile":{"background-color":"var(--ast-global-color-5)","background-image":"","background-repeat":"repeat","background-position":"center center","background-size":"auto","background-attachment":"scroll","background-type":"","background-media":"","overlay-type":"","overlay-color":"","overlay-opacity":"","overlay-gradient":""}}},"product_brand":[],"product_cat":[178],"product_tag":[],"class_list":{"0":"post-23139","1":"product","2":"type-product","3":"status-publish","4":"has-post-thumbnail","6":"product_cat-fertilizers","7":"desktop-align-left","8":"tablet-align-left","9":"mobile-align-left","11":"first","12":"instock","13":"shipping-taxable","14":"purchasable","15":"product-type-simple"},"spectra_custom_meta":{"_visibility":["visible"],"_shopify_product_id":["9062376374517"],"_s2w_shopify_domain":["ferberpainting.myshopify.com"],"_shopify_variant_id":["46488662704373"],"_sku":["FPCITRUSORANGEANDLEMONTREEFERTILIZER25KG"],"_regular_price":["39.90"],"_price":["39.90"],"_sale_price":[""],"_weight":["18.5"],"_thumbnail_id":["25723"],"_global_unique_id":["5056773817050"],"total_sales":["34"],"_tax_status":["taxable"],"_tax_class":[""],"_manage_stock":["no"],"_backorders":["no"],"_sold_individually":["no"],"_virtual":["no"],"_downloadable":["no"],"_download_limit":["-1"],"_download_expiry":["-1"],"_stock":[null],"_stock_status":["instock"],"_wc_average_rating":["5.00"],"_wc_review_count":["38"],"_product_version":["10.5.1"],"_edit_lock":["1771158344:1"],"_edit_last":["1"],"_wp_page_template":["default"],"site-sidebar-layout":["default"],"ast-site-content-layout":["default"],"site-content-style":["default"],"site-sidebar-style":["default"],"theme-transparent-header-meta":["default"],"_wc_rating_count":["a:1:{i:5;i:38;}"],"merchant-center-availability":["yes"],"merchant-center-category":["113"],"astra-migrate-meta-layouts":["set"],"_uag_css_file_name":["uag-css-23139.css"],"_elementor_page_assets":["a:0:{}"],"_uag_page_assets":["a:9:{s:3:\"css\";s:6873:\".wp-block-uagb-image{display:flex}.wp-block-uagb-image__figure{position:relative;display:flex;flex-direction:column;max-width:100%;height:auto;margin:0}.wp-block-uagb-image__figure img{height:auto;display:flex;max-width:100%;transition:box-shadow .2s ease}.wp-block-uagb-image__figure>a{display:inline-block}.wp-block-uagb-image__figure figcaption{text-align:center;margin-top:.5em;margin-bottom:1em}.wp-block-uagb-image .components-placeholder.block-editor-media-placeholder .components-placeholder__instructions{align-self:center}.wp-block-uagb-image--align-left{text-align:left}.wp-block-uagb-image--align-right{text-align:right}.wp-block-uagb-image--align-center{text-align:center}.wp-block-uagb-image--align-full .wp-block-uagb-image__figure{margin-left:calc(50% - 50vw);margin-right:calc(50% - 50vw);max-width:100vw;width:100vw;height:auto}.wp-block-uagb-image--align-full .wp-block-uagb-image__figure img{height:auto;width:100% !important}.wp-block-uagb-image--align-wide .wp-block-uagb-image__figure img{height:auto;width:100%}.wp-block-uagb-image--layout-overlay__color-wrapper{position:absolute;left:0;top:0;right:0;bottom:0;opacity:.2;background:rgba(0,0,0,.5);transition:opacity .35s ease-in-out}.wp-block-uagb-image--layout-overlay-link{position:absolute;left:0;right:0;bottom:0;top:0}.wp-block-uagb-image--layout-overlay .wp-block-uagb-image__figure:hover .wp-block-uagb-image--layout-overlay__color-wrapper{opacity:1}.wp-block-uagb-image--layout-overlay__inner{position:absolute;left:15px;right:15px;bottom:15px;top:15px;display:flex;align-items:center;justify-content:center;flex-direction:column;border-color:#fff;transition:.35s ease-in-out}.wp-block-uagb-image--layout-overlay__inner.top-left,.wp-block-uagb-image--layout-overlay__inner.top-center,.wp-block-uagb-image--layout-overlay__inner.top-right{justify-content:flex-start}.wp-block-uagb-image--layout-overlay__inner.bottom-left,.wp-block-uagb-image--layout-overlay__inner.bottom-center,.wp-block-uagb-image--layout-overlay__inner.bottom-right{justify-content:flex-end}.wp-block-uagb-image--layout-overlay__inner.top-left,.wp-block-uagb-image--layout-overlay__inner.center-left,.wp-block-uagb-image--layout-overlay__inner.bottom-left{align-items:flex-start}.wp-block-uagb-image--layout-overlay__inner.top-right,.wp-block-uagb-image--layout-overlay__inner.center-right,.wp-block-uagb-image--layout-overlay__inner.bottom-right{align-items:flex-end}.wp-block-uagb-image--layout-overlay__inner .uagb-image-heading{color:#fff;transition:transform .35s,opacity .35s ease-in-out;transform:translate3d(0, 24px, 0);margin:0;line-height:1em}.wp-block-uagb-image--layout-overlay__inner .uagb-image-separator{width:30%;border-top-width:2px;border-top-color:#fff;border-top-style:solid;margin-bottom:10px;opacity:0;transition:transform .4s,opacity .4s ease-in-out;transform:translate3d(0, 30px, 0)}.wp-block-uagb-image--layout-overlay__inner .uagb-image-caption{opacity:0;overflow:visible;color:#fff;transition:transform .45s,opacity .45s ease-in-out;transform:translate3d(0, 35px, 0)}.wp-block-uagb-image--layout-overlay__inner:hover .uagb-image-heading,.wp-block-uagb-image--layout-overlay__inner:hover .uagb-image-separator,.wp-block-uagb-image--layout-overlay__inner:hover .uagb-image-caption{opacity:1;transform:translate3d(0, 0, 0)}.wp-block-uagb-image--effect-zoomin .wp-block-uagb-image__figure img,.wp-block-uagb-image--effect-zoomin .wp-block-uagb-image__figure .wp-block-uagb-image--layout-overlay__color-wrapper{transform:scale(1);transition:transform .35s ease-in-out}.wp-block-uagb-image--effect-zoomin .wp-block-uagb-image__figure:hover img,.wp-block-uagb-image--effect-zoomin .wp-block-uagb-image__figure:hover .wp-block-uagb-image--layout-overlay__color-wrapper{transform:scale(1.05)}.wp-block-uagb-image--effect-slide .wp-block-uagb-image__figure img,.wp-block-uagb-image--effect-slide .wp-block-uagb-image__figure .wp-block-uagb-image--layout-overlay__color-wrapper{width:calc(100% + 40px) !important;max-width:none !important;transform:translate3d(-40px, 0, 0);transition:transform .35s ease-in-out}.wp-block-uagb-image--effect-slide .wp-block-uagb-image__figure:hover img,.wp-block-uagb-image--effect-slide .wp-block-uagb-image__figure:hover .wp-block-uagb-image--layout-overlay__color-wrapper{transform:translate3d(0, 0, 0)}.wp-block-uagb-image--effect-grayscale img{filter:grayscale(0%);transition:.35s ease-in-out}.wp-block-uagb-image--effect-grayscale:hover img{filter:grayscale(100%)}.wp-block-uagb-image--effect-blur img{filter:blur(0);transition:.35s ease-in-out}.wp-block-uagb-image--effect-blur:hover img{filter:blur(3px)}.uagb-block-e6f939b3.wp-block-uagb-image--layout-default figure img{box-shadow: 0px 0px 0 #00000070;}.uagb-block-e6f939b3.wp-block-uagb-image .wp-block-uagb-image__figure figcaption{font-style: normal;align-self: center;}.uagb-block-e6f939b3.wp-block-uagb-image--layout-overlay figure img{box-shadow: 0px 0px 0 #00000070;}.uagb-block-e6f939b3.wp-block-uagb-image--layout-overlay .wp-block-uagb-image--layout-overlay__color-wrapper{opacity: 0.2;}.uagb-block-e6f939b3.wp-block-uagb-image--layout-overlay .wp-block-uagb-image--layout-overlay__inner{left: 15px;right: 15px;top: 15px;bottom: 15px;}.uagb-block-e6f939b3.wp-block-uagb-image--layout-overlay .wp-block-uagb-image--layout-overlay__inner .uagb-image-heading{font-style: normal;color: #fff;opacity: 1;}.uagb-block-e6f939b3.wp-block-uagb-image--layout-overlay .wp-block-uagb-image--layout-overlay__inner .uagb-image-heading a{color: #fff;}.uagb-block-e6f939b3.wp-block-uagb-image--layout-overlay .wp-block-uagb-image--layout-overlay__inner .uagb-image-caption{opacity: 0;}.uagb-block-e6f939b3.wp-block-uagb-image--layout-overlay .wp-block-uagb-image__figure:hover .wp-block-uagb-image--layout-overlay__color-wrapper{opacity: 1;}.uagb-block-e6f939b3.wp-block-uagb-image .wp-block-uagb-image--layout-overlay__inner .uagb-image-separator{width: 30%;border-top-width: 2px;border-top-color: #fff;opacity: 0;}.uagb-block-e6f939b3.wp-block-uagb-image .wp-block-uagb-image__figure img{width: px;height: auto;}.uagb-block-e6f939b3.wp-block-uagb-image .wp-block-uagb-image__figure:hover .wp-block-uagb-image--layout-overlay__inner .uagb-image-caption{opacity: 1;}.uagb-block-e6f939b3.wp-block-uagb-image .wp-block-uagb-image__figure:hover .wp-block-uagb-image--layout-overlay__inner .uagb-image-separator{opacity: 1;}.uagb-block-e6f939b3.wp-block-uagb-image--layout-default figure:hover img{box-shadow: 0px 0px 0 #00000070;}.uagb-block-e6f939b3.wp-block-uagb-image--layout-overlay figure:hover img{box-shadow: 0px 0px 0 #00000070;}@media only screen and (max-width: 976px) {.uagb-block-e6f939b3.wp-block-uagb-image .wp-block-uagb-image__figure img{width: px;height: auto;}}@media only screen and (max-width: 767px) {.uagb-block-e6f939b3.wp-block-uagb-image .wp-block-uagb-image__figure img{width: px;height: auto;}}\";s:2:\"js\";s:0:\"\";s:18:\"current_block_list\";a:13:{i:0;s:11:\"core\/search\";i:1;s:10:\"core\/group\";i:2;s:12:\"core\/heading\";i:3;s:17:\"core\/latest-posts\";i:4;s:20:\"core\/latest-comments\";i:5;s:13:\"core\/archives\";i:6;s:15:\"core\/categories\";i:7;s:14:\"core\/paragraph\";i:8;s:10:\"uagb\/image\";i:9;s:11:\"core\/spacer\";i:10;s:30:\"woocommerce\/product-categories\";i:11;s:10:\"core\/image\";i:12;s:14:\"core\/shortcode\";}s:8:\"uag_flag\";b:1;s:11:\"uag_version\";s:10:\"1777101475\";s:6:\"gfonts\";a:0:{}s:10:\"gfonts_url\";s:0:\"\";s:12:\"gfonts_files\";a:0:{}s:14:\"uag_faq_layout\";b:0;}"]},"uagb_featured_image_src":{"full":["https:\/\/www.ferberpainting.com\/wp-content\/uploads\/2025\/05\/Citrus_OrangeandLemonTreeFertilizer25kg.png",2560,2560,false],"thumbnail":["https:\/\/www.ferberpainting.com\/wp-content\/uploads\/2025\/05\/Citrus_OrangeandLemonTreeFertilizer25kg-150x150.png",150,150,true],"medium":["https:\/\/www.ferberpainting.com\/wp-content\/uploads\/2025\/05\/Citrus_OrangeandLemonTreeFertilizer25kg-300x300.png",300,300,true],"medium_large":["https:\/\/www.ferberpainting.com\/wp-content\/uploads\/2025\/05\/Citrus_OrangeandLemonTreeFertilizer25kg-768x768.png",768,768,true],"large":["https:\/\/www.ferberpainting.com\/wp-content\/uploads\/2025\/05\/Citrus_OrangeandLemonTreeFertilizer25kg-1024x1024.png",1024,1024,true],"1536x1536":["https:\/\/www.ferberpainting.com\/wp-content\/uploads\/2025\/05\/Citrus_OrangeandLemonTreeFertilizer25kg-1536x1536.png",1536,1536,true],"2048x2048":["https:\/\/www.ferberpainting.com\/wp-content\/uploads\/2025\/05\/Citrus_OrangeandLemonTreeFertilizer25kg-2048x2048.png",2048,2048,true],"trp-custom-language-flag":["https:\/\/www.ferberpainting.com\/wp-content\/uploads\/2025\/05\/Citrus_OrangeandLemonTreeFertilizer25kg-12x12.png",12,12,true],"woocommerce_thumbnail":["https:\/\/www.ferberpainting.com\/wp-content\/uploads\/2025\/05\/Citrus_OrangeandLemonTreeFertilizer25kg-300x300.png",300,300,true],"woocommerce_single":["https:\/\/www.ferberpainting.com\/wp-content\/uploads\/2025\/05\/Citrus_OrangeandLemonTreeFertilizer25kg-600x600.png",600,600,true],"woocommerce_gallery_thumbnail":["https:\/\/www.ferberpainting.com\/wp-content\/uploads\/2025\/05\/Citrus_OrangeandLemonTreeFertilizer25kg-100x100.png",100,100,true]},"uagb_author_info":{"display_name":"admin","author_link":"https:\/\/www.ferberpainting.com\/fi\/author\/"},"uagb_comment_info":38,"uagb_excerpt":"Balanced fertilization for healthy citrus trees.\u00a0This fertilizer for citrus trees, orange trees, and lemon trees is specially formulated to provide your trees with all the necessary nutrients for their development, flowering, and fruiting. Thanks to its NPK 10-10-10 composition, it ensures harmonious growth of roots, leaves, and fruits, allowing citrus trees to produce abundant and&hellip;","_links":{"self":[{"href":"https:\/\/www.ferberpainting.com\/fi\/wp-json\/wp\/v2\/product\/23139","targetHints":{"allow":["GET"]}}],"collection":[{"href":"https:\/\/www.ferberpainting.com\/fi\/wp-json\/wp\/v2\/product"}],"about":[{"href":"https:\/\/www.ferberpainting.com\/fi\/wp-json\/wp\/v2\/types\/product"}],"replies":[{"embeddable":true,"href":"https:\/\/www.ferberpainting.com\/fi\/wp-json\/wp\/v2\/comments?post=23139"}],"version-history":[{"count":5,"href":"https:\/\/www.ferberpainting.com\/fi\/wp-json\/wp\/v2\/product\/23139\/revisions"}],"predecessor-version":[{"id":166067,"href":"https:\/\/www.ferberpainting.com\/fi\/wp-json\/wp\/v2\/product\/23139\/revisions\/166067"}],"wp:featuredmedia":[{"embeddable":true,"href":"https:\/\/www.ferberpainting.com\/fi\/wp-json\/wp\/v2\/media\/25723"}],"wp:attachment":[{"href":"https:\/\/www.ferberpainting.com\/fi\/wp-json\/wp\/v2\/media?parent=23139"}],"wp:term":[{"taxonomy":"product_brand","embeddable":true,"href":"https:\/\/www.ferberpainting.com\/fi\/wp-json\/wp\/v2\/product_brand?post=23139"},{"taxonomy":"product_cat","embeddable":true,"href":"https:\/\/www.ferberpainting.com\/fi\/wp-json\/wp\/v2\/product_cat?post=23139"},{"taxonomy":"product_tag","embeddable":true,"href":"https:\/\/www.ferberpainting.com\/fi\/wp-json\/wp\/v2\/product_tag?post=23139"}],"curies":[{"name":"wp","href":"https:\/\/api.w.org\/{rel}","templated":true}]}}