{"id":23113,"date":"2025-05-26T10:22:47","date_gmt":"2025-05-26T08:22:47","guid":{"rendered":"https:\/\/www.ferberpainting.com\/products\/bougainvillea-fertilizer\/"},"modified":"2026-02-15T13:13:36","modified_gmt":"2026-02-15T12:13:36","slug":"bougainvillea-fertilizer","status":"publish","type":"product","link":"https:\/\/www.ferberpainting.com\/fi\/products\/bougainvillea-fertilizer\/","title":{"rendered":"Bougainvillea-lannoite 25 kg"},"content":{"rendered":"<p><img decoding=\"async\" style=\"margin-right: 12px;\" src=\"https:\/\/www.ferberpainting.com\/wp-content\/uploads\/2026\/02\/Check.svg\" alt=\"\" width=\"18\" height=\"15\" \/><strong>Erityisesti bougainvillean kasvuun ja runsaaseen kukintaan suunniteltu lannoite.<\/strong>\u00a0T\u00e4m\u00e4 bougainvillean lannoite on suunniteltu vastaamaan t\u00e4m\u00e4n elinvoimaisia v\u00e4rej\u00e4 omaavan v\u00e4limerellisen kasvin erityistarpeita. NPK 10-10-10 -koostumuksensa ansiosta se tarjoaa t\u00e4ydellisen tasapainon typen (N), joka edist\u00e4\u00e4 lehtien kehityst\u00e4, fosforin (P), joka vahvistaa juuristoa ja parantaa kasvin vastustuskyky\u00e4, ja kaliumin (K), joka stimuloi kukintaa ja parantaa lehtien v\u00e4rej\u00e4, v\u00e4lill\u00e4. Se takaa t\u00e4ydess\u00e4 kukassa olevan bougainvillean, jossa on elinvoimainen kukinta ja tihe\u00e4, rehev\u00e4 lehdist\u00f6.<\/p>\n<p><img decoding=\"async\" style=\"margin-right: 12px;\" src=\"https:\/\/www.ferberpainting.com\/wp-content\/uploads\/2026\/02\/Check.svg\" alt=\"\" width=\"18\" height=\"15\" \/><strong>Rahat takaisin -takuu.<\/strong>\u00a0Luotamme t\u00e4ysin bougainvillea-lannoitteemme tehokkuuteen, mink\u00e4 vuoksi tarjoamme rahat takaisin -takuun. Jos suositusten mukaisesta k\u00e4yt\u00f6st\u00e4 huolimatta kasvisi ei n\u00e4yt\u00e4 runsaampaa kukintaa tai parempaa kasvua, lupaamme hyvitt\u00e4\u00e4 sinulle koko summan, jotta voit olla huoletta.<\/p>\n<p><img decoding=\"async\" style=\"margin-right: 12px;\" src=\"https:\/\/www.ferberpainting.com\/wp-content\/uploads\/2026\/02\/Check.svg\" alt=\"\" width=\"18\" height=\"15\" \/><strong>Sopii kaikille bougainvillealajikkeille ja kaikkiin kasvuolosuhteisiin.<\/strong>\u00a0T\u00e4m\u00e4 lannoite sopii avomaalla, ruukuissa tai astioissa kasvatettaville bougainvilleoille, ja se sopii kaikille lajikkeille riippumatta siit\u00e4, onko niill\u00e4 violetit, punaiset, vaaleanpunaiset, oranssit vai valkoiset lehdet. Se tehoaa my\u00f6s k\u00f6ynn\u00f6st\u00e4viin, pensas- tai pensasistutuksiin, mik\u00e4 takaa jokaiseen asetelmaan sopivan lannoituksen.<\/p>\n<p><img decoding=\"async\" style=\"margin-right: 12px;\" src=\"https:\/\/www.ferberpainting.com\/wp-content\/uploads\/2026\/02\/Check.svg\" alt=\"\" width=\"18\" height=\"15\" \/><strong>Kustannustehokas sato ja pitk\u00e4aikainen lannoitus.<\/strong>\u00a0Hitaasti vapautuvan koostumuksensa ansiosta t\u00e4m\u00e4 lannoite vapauttaa ravinteita asteittain, mik\u00e4 takaa pitk\u00e4kestoisen lannoituksen ja v\u00e4hent\u00e4\u00e4 levitystiheytt\u00e4. Yhdell\u00e4 25 kg:n pussilla voidaan lannoittaa jopa 125 bougainvillea-kasvia, kun keskim\u00e4\u00e4r\u00e4inen k\u00e4ytt\u00f6m\u00e4\u00e4r\u00e4 on 200 g puuta kohti. T\u00e4m\u00e4 optimoitu saanto takaa jatkuvan ravitsemuksen ilman h\u00e4vikki\u00e4 ja yll\u00e4pit\u00e4\u00e4 samalla jatkuvaa kukintaa.<\/p>\n<p><img decoding=\"async\" style=\"margin-right: 12px;\" src=\"https:\/\/www.ferberpainting.com\/wp-content\/uploads\/2026\/02\/Check.svg\" alt=\"\" width=\"18\" height=\"15\" \/><strong>Lannoite, joka on turvallinen ja ymp\u00e4rist\u00f6yst\u00e4v\u00e4llinen.<\/strong>\u00a0T\u00e4m\u00e4 lannoite on vaaraton maaper\u00e4lle, el\u00e4imille ja kasveille, mik\u00e4 takaa hell\u00e4varaisen ja asteittaisen lannoituksen, joka kunnioittaa maaper\u00e4n luonnollista tasapainoa. Se stimuloi my\u00f6s hy\u00f6dyllist\u00e4 mikrobitoimintaa, mik\u00e4 edist\u00e4\u00e4 ravinteiden parempaa imeytymist\u00e4 ja vedenpid\u00e4tyskyky\u00e4 - molemmat ovat v\u00e4ltt\u00e4m\u00e4tt\u00f6mi\u00e4 bougainvillean viljelylle erityisesti kes\u00e4ll\u00e4.<\/p>\n<p><img decoding=\"async\" style=\"margin-right: 12px;\" src=\"https:\/\/www.ferberpainting.com\/wp-content\/uploads\/2026\/02\/Check.svg\" alt=\"\" width=\"18\" height=\"15\" \/><strong>Helppo levitys ja vaivaton lannoitus.<\/strong>\u00a0Toisin kuin nestem\u00e4iset lannoitteet, jotka vaativat laimentamista, t\u00e4m\u00e4 lannoite levitet\u00e4\u00e4n suoraan maaper\u00e4\u00e4n ilman monimutkaista valmistelua. Levit\u00e4 se yksinkertaisesti kasvin tyven ymp\u00e4rille ja sekoita se kevyesti maaper\u00e4\u00e4n ravinteiden optimaalisen imeytymisen varmistamiseksi. Sen helppok\u00e4ytt\u00f6isen levityksen ansiosta jopa aloittelevat puutarhurit saavat aikaan tehokkaan lannoituksen vain muutamassa minuutissa.<\/p>\n<p><img decoding=\"async\" style=\"margin-right: 12px;\" src=\"https:\/\/www.ferberpainting.com\/wp-content\/uploads\/2026\/02\/Check.svg\" alt=\"\" width=\"18\" height=\"15\" \/><strong>Pitk\u00e4kestoinen vaikutus h\u00e4ik\u00e4isev\u00e4\u00e4n kukintaan ja parempaan kest\u00e4vyyteen.<\/strong>\u00a0Pitk\u00e4vaikutteinen lannoite ravitsee bougainvilleaa useiden viikkojen ajan, mik\u00e4 edist\u00e4\u00e4 jatkuvaa kukintaa ja voimakkaamman v\u00e4risi\u00e4 lehtiruusuja. Se parantaa kest\u00e4vyytt\u00e4 ankarissa s\u00e4\u00e4olosuhteissa, kuten kuivuudessa, voimakkaissa tuulissa ja l\u00e4mp\u00f6tilan vaihteluissa, ja takaa n\u00e4in kest\u00e4v\u00e4mm\u00e4n ja terveemm\u00e4n kasvin.<\/p>\n<p><img decoding=\"async\" style=\"margin-right: 12px;\" src=\"https:\/\/www.ferberpainting.com\/wp-content\/uploads\/2026\/02\/Check.svg\" alt=\"\" width=\"18\" height=\"15\" \/><strong>N\u00e4kyvi\u00e4 tuloksia ensimm\u00e4isten viikkojen aikana.<\/strong>\u00a0T\u00e4m\u00e4 lannoite stimuloi kasvun elpymist\u00e4 heti ensimm\u00e4isest\u00e4 levityksest\u00e4 l\u00e4htien, k\u00e4ynnist\u00e4\u00e4 lehdist\u00f6n v\u00e4rj\u00e4ytymisen ja lis\u00e4\u00e4 lehtien tiheytt\u00e4. Muutaman viikon k\u00e4yt\u00f6n j\u00e4lkeen voit nauttia runsaammasta kukinnasta ja bougainvilleasta, josta tulee todellinen spektaakkeli puutarhassasi tai terassillasi.<\/p>\n<h2><strong>K\u00e4ytt\u00f6protokolla<\/strong><\/h2>\n<ul>\n<li><strong>Hakuaika <\/strong>: Levit\u00e4 kolme kertaa vuodessa, kev\u00e4\u00e4n alussa (maalis-huhtikuu), alkukes\u00e4ll\u00e4 (kes\u00e4-hein\u00e4kuu) ja loppukes\u00e4ll\u00e4 (syys-lokakuu), tasapainoisen kasvun ja pitkittyneen kukinnan varmistamiseksi.<\/li>\n<li><strong>Suositeltu annostus <\/strong>: Levit\u00e4 200 grammaa lannoitetta bougainvilleaa kohti, eli noin kaksi hyvin t\u00e4ytetty\u00e4 kourallista, ja s\u00e4\u00e4d\u00e4 m\u00e4\u00e4r\u00e4\u00e4 hieman kasvin koon ja i\u00e4n mukaan.<\/li>\n<li><strong>Soveltamismenetelm\u00e4<\/strong>:\n<ul>\n<li><strong>Maaper\u00e4n levitt\u00e4minen <\/strong>: Levit\u00e4 lannoite ympyr\u00e4n\u00e4 rungon ymp\u00e4rille noin 30-50 cm:n p\u00e4\u00e4h\u00e4n kasvin tyvest\u00e4, jotta juuret voivat v\u00e4hitellen ime\u00e4 ravinteet.<\/li>\n<li><strong>Valon sis\u00e4llytt\u00e4minen <\/strong>: Ty\u00f6nn\u00e4 lannoite kevyesti haravalla tai kaivurilla maan pintakerrokseen (2-5 cm syvyyteen), jotta ravinteet vapautuvat optimaalisesti.<\/li>\n<\/ul>\n<\/li>\n<li><strong>Kastelu levityksen j\u00e4lkeen <\/strong>: Kastele runsaasti levityksen j\u00e4lkeen, jotta ravinteiden vapautuminen aktivoituu ja juuret voivat imeyty\u00e4 nopeasti. Kuivina kausina pid\u00e4 yll\u00e4 s\u00e4\u00e4nn\u00f6llist\u00e4 kastelua lannoitteiden tehokkuuden optimoimiseksi.<\/li>\n<li><strong>Hoito ja seuranta <\/strong>: Ruukku- tai s\u00e4ili\u00f6bougainvillealle voidaan tehd\u00e4 lis\u00e4k\u00e4sittely keskikes\u00e4ll\u00e4 (hein\u00e4-elokuussa) kukinnan lis\u00e4\u00e4miseksi ja suojata suojuslehti\u00e4 heikentymiselt\u00e4.<\/li>\n<li><strong>K\u00e4ytt\u00f6\u00e4 koskevat varotoimet <\/strong>: \u00c4l\u00e4 ylit\u00e4 suositeltuja annoksia, jotta v\u00e4ltet\u00e4\u00e4n liiallinen lehtikasvu kukinnan kustannuksella. Ei saa levitt\u00e4\u00e4 j\u00e4\u00e4tyneeseen maahan tai voimakkaan kuivuuden aikana ilman kastelua.<\/li>\n<li><strong>Varastointi ja s\u00e4ilytys <\/strong>: S\u00e4ilyt\u00e4 lannoitetta viile\u00e4ss\u00e4, kuivassa paikassa, kosteudelta ja auringonvalolta suojattuna. Sulje pussi huolellisesti jokaisen k\u00e4ytt\u00f6kerran j\u00e4lkeen tuotteen laadun s\u00e4ilytt\u00e4miseksi ja kosteuden imeytymisen v\u00e4ltt\u00e4miseksi.<\/li>\n<\/ul>\n<p>T\u00e4ll\u00e4 bougainvillean lannoitteella annat kasvillesi t\u00e4ydellisen ja tasapainoisen ravinnon, joka edist\u00e4\u00e4 voimakasta kasvua, runsasta kukintaa ja elinvoimaisia v\u00e4rej\u00e4 sis\u00e4lt\u00e4vi\u00e4 suojuslehti\u00e4. Se on ihanteellinen ratkaisu, jolla varmistat, ett\u00e4 bougainvillea on terve ja ett\u00e4 se korostaa puutarhaa, terassia tai parveketta upeilla kukilla ymp\u00e4ri vuoden.<\/p>","protected":false},"excerpt":{"rendered":"<p>A fertilizer specially designed for the growth and abundant blooming of bougainvillea.\u00a0This fertilizer for bougainvillea has been formulated to meet the specific needs of this Mediterranean plant with vibrant colors. Thanks to its NPK 10-10-10 composition, it provides a perfect balance between nitrogen (N), which promotes foliage development, phosphorus (P), which strengthens the root system [&hellip;]<\/p>\n","protected":false},"featured_media":25712,"comment_status":"open","ping_status":"closed","template":"","meta":{"_uag_custom_page_level_css":"","site-sidebar-layout":"default","site-content-layout":"","ast-site-content-layout":"default","site-content-style":"default","site-sidebar-style":"default","ast-global-header-display":"","ast-banner-title-visibility":"","ast-main-header-display":"","ast-hfb-above-header-display":"","ast-hfb-below-header-display":"","ast-hfb-mobile-header-display":"","site-post-title":"","ast-breadcrumbs-content":"","ast-featured-img":"","footer-sml-layout":"","ast-disable-related-posts":"","theme-transparent-header-meta":"default","adv-header-id-meta":"","stick-header-meta":"","header-above-stick-meta":"","header-main-stick-meta":"","header-below-stick-meta":"","astra-migrate-meta-layouts":"set","ast-page-background-enabled":"default","ast-page-background-meta":{"desktop":{"background-color":"var(--ast-global-color-4)","background-image":"","background-repeat":"repeat","background-position":"center center","background-size":"auto","background-attachment":"scroll","background-type":"","background-media":"","overlay-type":"","overlay-color":"","overlay-opacity":"","overlay-gradient":""},"tablet":{"background-color":"","background-image":"","background-repeat":"repeat","background-position":"center center","background-size":"auto","background-attachment":"scroll","background-type":"","background-media":"","overlay-type":"","overlay-color":"","overlay-opacity":"","overlay-gradient":""},"mobile":{"background-color":"","background-image":"","background-repeat":"repeat","background-position":"center center","background-size":"auto","background-attachment":"scroll","background-type":"","background-media":"","overlay-type":"","overlay-color":"","overlay-opacity":"","overlay-gradient":""}},"ast-content-background-meta":{"desktop":{"background-color":"var(--ast-global-color-5)","background-image":"","background-repeat":"repeat","background-position":"center center","background-size":"auto","background-attachment":"scroll","background-type":"","background-media":"","overlay-type":"","overlay-color":"","overlay-opacity":"","overlay-gradient":""},"tablet":{"background-color":"var(--ast-global-color-5)","background-image":"","background-repeat":"repeat","background-position":"center center","background-size":"auto","background-attachment":"scroll","background-type":"","background-media":"","overlay-type":"","overlay-color":"","overlay-opacity":"","overlay-gradient":""},"mobile":{"background-color":"var(--ast-global-color-5)","background-image":"","background-repeat":"repeat","background-position":"center center","background-size":"auto","background-attachment":"scroll","background-type":"","background-media":"","overlay-type":"","overlay-color":"","overlay-opacity":"","overlay-gradient":""}}},"product_brand":[],"product_cat":[178],"product_tag":[],"class_list":{"0":"post-23113","1":"product","2":"type-product","3":"status-publish","4":"has-post-thumbnail","6":"product_cat-fertilizers","7":"desktop-align-left","8":"tablet-align-left","9":"mobile-align-left","11":"first","12":"instock","13":"shipping-taxable","14":"purchasable","15":"product-type-simple"},"spectra_custom_meta":{"_visibility":["visible"],"_shopify_product_id":["9066040230133"],"_s2w_shopify_domain":["ferberpainting.myshopify.com"],"_shopify_variant_id":["46501499437301"],"_sku":["FPBOUGAINVILLEAFERTILIZER25KG"],"_regular_price":["39.90"],"_price":["39.90"],"_sale_price":[""],"_weight":["18.5"],"_thumbnail_id":["25712"],"_global_unique_id":["5056773817142"],"total_sales":["12"],"_tax_status":["taxable"],"_tax_class":[""],"_manage_stock":["no"],"_backorders":["no"],"_sold_individually":["no"],"_virtual":["no"],"_downloadable":["no"],"_download_limit":["-1"],"_download_expiry":["-1"],"_stock":[null],"_stock_status":["instock"],"_wc_average_rating":["4.80"],"_wc_review_count":["5"],"_product_version":["10.5.1"],"_wc_rating_count":["a:2:{i:4;i:1;i:5;i:4;}"],"_edit_lock":["1771157778:1"],"merchant-center-availability":["yes"],"merchant-center-category":["113"],"_edit_last":["1"],"_wp_page_template":["default"],"site-sidebar-layout":["default"],"ast-site-content-layout":["default"],"site-content-style":["default"],"site-sidebar-style":["default"],"theme-transparent-header-meta":["default"],"astra-migrate-meta-layouts":["set"],"_uag_css_file_name":["uag-css-23113.css"],"_elementor_page_assets":["a:0:{}"],"_uag_page_assets":["a:9:{s:3:\"css\";s:6873:\".wp-block-uagb-image{display:flex}.wp-block-uagb-image__figure{position:relative;display:flex;flex-direction:column;max-width:100%;height:auto;margin:0}.wp-block-uagb-image__figure img{height:auto;display:flex;max-width:100%;transition:box-shadow .2s ease}.wp-block-uagb-image__figure>a{display:inline-block}.wp-block-uagb-image__figure figcaption{text-align:center;margin-top:.5em;margin-bottom:1em}.wp-block-uagb-image .components-placeholder.block-editor-media-placeholder .components-placeholder__instructions{align-self:center}.wp-block-uagb-image--align-left{text-align:left}.wp-block-uagb-image--align-right{text-align:right}.wp-block-uagb-image--align-center{text-align:center}.wp-block-uagb-image--align-full .wp-block-uagb-image__figure{margin-left:calc(50% - 50vw);margin-right:calc(50% - 50vw);max-width:100vw;width:100vw;height:auto}.wp-block-uagb-image--align-full .wp-block-uagb-image__figure img{height:auto;width:100% !important}.wp-block-uagb-image--align-wide .wp-block-uagb-image__figure img{height:auto;width:100%}.wp-block-uagb-image--layout-overlay__color-wrapper{position:absolute;left:0;top:0;right:0;bottom:0;opacity:.2;background:rgba(0,0,0,.5);transition:opacity .35s ease-in-out}.wp-block-uagb-image--layout-overlay-link{position:absolute;left:0;right:0;bottom:0;top:0}.wp-block-uagb-image--layout-overlay .wp-block-uagb-image__figure:hover .wp-block-uagb-image--layout-overlay__color-wrapper{opacity:1}.wp-block-uagb-image--layout-overlay__inner{position:absolute;left:15px;right:15px;bottom:15px;top:15px;display:flex;align-items:center;justify-content:center;flex-direction:column;border-color:#fff;transition:.35s ease-in-out}.wp-block-uagb-image--layout-overlay__inner.top-left,.wp-block-uagb-image--layout-overlay__inner.top-center,.wp-block-uagb-image--layout-overlay__inner.top-right{justify-content:flex-start}.wp-block-uagb-image--layout-overlay__inner.bottom-left,.wp-block-uagb-image--layout-overlay__inner.bottom-center,.wp-block-uagb-image--layout-overlay__inner.bottom-right{justify-content:flex-end}.wp-block-uagb-image--layout-overlay__inner.top-left,.wp-block-uagb-image--layout-overlay__inner.center-left,.wp-block-uagb-image--layout-overlay__inner.bottom-left{align-items:flex-start}.wp-block-uagb-image--layout-overlay__inner.top-right,.wp-block-uagb-image--layout-overlay__inner.center-right,.wp-block-uagb-image--layout-overlay__inner.bottom-right{align-items:flex-end}.wp-block-uagb-image--layout-overlay__inner .uagb-image-heading{color:#fff;transition:transform .35s,opacity .35s ease-in-out;transform:translate3d(0, 24px, 0);margin:0;line-height:1em}.wp-block-uagb-image--layout-overlay__inner .uagb-image-separator{width:30%;border-top-width:2px;border-top-color:#fff;border-top-style:solid;margin-bottom:10px;opacity:0;transition:transform .4s,opacity .4s ease-in-out;transform:translate3d(0, 30px, 0)}.wp-block-uagb-image--layout-overlay__inner .uagb-image-caption{opacity:0;overflow:visible;color:#fff;transition:transform .45s,opacity .45s ease-in-out;transform:translate3d(0, 35px, 0)}.wp-block-uagb-image--layout-overlay__inner:hover .uagb-image-heading,.wp-block-uagb-image--layout-overlay__inner:hover .uagb-image-separator,.wp-block-uagb-image--layout-overlay__inner:hover .uagb-image-caption{opacity:1;transform:translate3d(0, 0, 0)}.wp-block-uagb-image--effect-zoomin .wp-block-uagb-image__figure img,.wp-block-uagb-image--effect-zoomin .wp-block-uagb-image__figure .wp-block-uagb-image--layout-overlay__color-wrapper{transform:scale(1);transition:transform .35s ease-in-out}.wp-block-uagb-image--effect-zoomin .wp-block-uagb-image__figure:hover img,.wp-block-uagb-image--effect-zoomin .wp-block-uagb-image__figure:hover .wp-block-uagb-image--layout-overlay__color-wrapper{transform:scale(1.05)}.wp-block-uagb-image--effect-slide .wp-block-uagb-image__figure img,.wp-block-uagb-image--effect-slide .wp-block-uagb-image__figure .wp-block-uagb-image--layout-overlay__color-wrapper{width:calc(100% + 40px) !important;max-width:none !important;transform:translate3d(-40px, 0, 0);transition:transform .35s ease-in-out}.wp-block-uagb-image--effect-slide .wp-block-uagb-image__figure:hover img,.wp-block-uagb-image--effect-slide .wp-block-uagb-image__figure:hover .wp-block-uagb-image--layout-overlay__color-wrapper{transform:translate3d(0, 0, 0)}.wp-block-uagb-image--effect-grayscale img{filter:grayscale(0%);transition:.35s ease-in-out}.wp-block-uagb-image--effect-grayscale:hover img{filter:grayscale(100%)}.wp-block-uagb-image--effect-blur img{filter:blur(0);transition:.35s ease-in-out}.wp-block-uagb-image--effect-blur:hover img{filter:blur(3px)}.uagb-block-e6f939b3.wp-block-uagb-image--layout-default figure img{box-shadow: 0px 0px 0 #00000070;}.uagb-block-e6f939b3.wp-block-uagb-image .wp-block-uagb-image__figure figcaption{font-style: normal;align-self: center;}.uagb-block-e6f939b3.wp-block-uagb-image--layout-overlay figure img{box-shadow: 0px 0px 0 #00000070;}.uagb-block-e6f939b3.wp-block-uagb-image--layout-overlay .wp-block-uagb-image--layout-overlay__color-wrapper{opacity: 0.2;}.uagb-block-e6f939b3.wp-block-uagb-image--layout-overlay .wp-block-uagb-image--layout-overlay__inner{left: 15px;right: 15px;top: 15px;bottom: 15px;}.uagb-block-e6f939b3.wp-block-uagb-image--layout-overlay .wp-block-uagb-image--layout-overlay__inner .uagb-image-heading{font-style: normal;color: #fff;opacity: 1;}.uagb-block-e6f939b3.wp-block-uagb-image--layout-overlay .wp-block-uagb-image--layout-overlay__inner .uagb-image-heading a{color: #fff;}.uagb-block-e6f939b3.wp-block-uagb-image--layout-overlay .wp-block-uagb-image--layout-overlay__inner .uagb-image-caption{opacity: 0;}.uagb-block-e6f939b3.wp-block-uagb-image--layout-overlay .wp-block-uagb-image__figure:hover .wp-block-uagb-image--layout-overlay__color-wrapper{opacity: 1;}.uagb-block-e6f939b3.wp-block-uagb-image .wp-block-uagb-image--layout-overlay__inner .uagb-image-separator{width: 30%;border-top-width: 2px;border-top-color: #fff;opacity: 0;}.uagb-block-e6f939b3.wp-block-uagb-image .wp-block-uagb-image__figure img{width: px;height: auto;}.uagb-block-e6f939b3.wp-block-uagb-image .wp-block-uagb-image__figure:hover .wp-block-uagb-image--layout-overlay__inner .uagb-image-caption{opacity: 1;}.uagb-block-e6f939b3.wp-block-uagb-image .wp-block-uagb-image__figure:hover .wp-block-uagb-image--layout-overlay__inner .uagb-image-separator{opacity: 1;}.uagb-block-e6f939b3.wp-block-uagb-image--layout-default figure:hover img{box-shadow: 0px 0px 0 #00000070;}.uagb-block-e6f939b3.wp-block-uagb-image--layout-overlay figure:hover img{box-shadow: 0px 0px 0 #00000070;}@media only screen and (max-width: 976px) {.uagb-block-e6f939b3.wp-block-uagb-image .wp-block-uagb-image__figure img{width: px;height: auto;}}@media only screen and (max-width: 767px) {.uagb-block-e6f939b3.wp-block-uagb-image .wp-block-uagb-image__figure img{width: px;height: auto;}}\";s:2:\"js\";s:0:\"\";s:18:\"current_block_list\";a:13:{i:0;s:11:\"core\/search\";i:1;s:10:\"core\/group\";i:2;s:12:\"core\/heading\";i:3;s:17:\"core\/latest-posts\";i:4;s:20:\"core\/latest-comments\";i:5;s:13:\"core\/archives\";i:6;s:15:\"core\/categories\";i:7;s:14:\"core\/paragraph\";i:8;s:10:\"uagb\/image\";i:9;s:11:\"core\/spacer\";i:10;s:30:\"woocommerce\/product-categories\";i:11;s:10:\"core\/image\";i:12;s:14:\"core\/shortcode\";}s:8:\"uag_flag\";b:1;s:11:\"uag_version\";s:10:\"1777037217\";s:6:\"gfonts\";a:0:{}s:10:\"gfonts_url\";s:0:\"\";s:12:\"gfonts_files\";a:0:{}s:14:\"uag_faq_layout\";b:0;}"]},"uagb_featured_image_src":{"full":["https:\/\/www.ferberpainting.com\/wp-content\/uploads\/2025\/05\/BougainvilleaFertilizer25kg.png",2560,2560,false],"thumbnail":["https:\/\/www.ferberpainting.com\/wp-content\/uploads\/2025\/05\/BougainvilleaFertilizer25kg-150x150.png",150,150,true],"medium":["https:\/\/www.ferberpainting.com\/wp-content\/uploads\/2025\/05\/BougainvilleaFertilizer25kg-300x300.png",300,300,true],"medium_large":["https:\/\/www.ferberpainting.com\/wp-content\/uploads\/2025\/05\/BougainvilleaFertilizer25kg-768x768.png",768,768,true],"large":["https:\/\/www.ferberpainting.com\/wp-content\/uploads\/2025\/05\/BougainvilleaFertilizer25kg-1024x1024.png",1024,1024,true],"1536x1536":["https:\/\/www.ferberpainting.com\/wp-content\/uploads\/2025\/05\/BougainvilleaFertilizer25kg-1536x1536.png",1536,1536,true],"2048x2048":["https:\/\/www.ferberpainting.com\/wp-content\/uploads\/2025\/05\/BougainvilleaFertilizer25kg-2048x2048.png",2048,2048,true],"trp-custom-language-flag":["https:\/\/www.ferberpainting.com\/wp-content\/uploads\/2025\/05\/BougainvilleaFertilizer25kg-12x12.png",12,12,true],"woocommerce_thumbnail":["https:\/\/www.ferberpainting.com\/wp-content\/uploads\/2025\/05\/BougainvilleaFertilizer25kg-300x300.png",300,300,true],"woocommerce_single":["https:\/\/www.ferberpainting.com\/wp-content\/uploads\/2025\/05\/BougainvilleaFertilizer25kg-600x600.png",600,600,true],"woocommerce_gallery_thumbnail":["https:\/\/www.ferberpainting.com\/wp-content\/uploads\/2025\/05\/BougainvilleaFertilizer25kg-100x100.png",100,100,true]},"uagb_author_info":{"display_name":"admin","author_link":"https:\/\/www.ferberpainting.com\/fi\/author\/"},"uagb_comment_info":5,"uagb_excerpt":"A fertilizer specially designed for the growth and abundant blooming of bougainvillea.\u00a0This fertilizer for bougainvillea has been formulated to meet the specific needs of this Mediterranean plant with vibrant colors. Thanks to its NPK 10-10-10 composition, it provides a perfect balance between nitrogen (N), which promotes foliage development, phosphorus (P), which strengthens the root system&hellip;","_links":{"self":[{"href":"https:\/\/www.ferberpainting.com\/fi\/wp-json\/wp\/v2\/product\/23113","targetHints":{"allow":["GET"]}}],"collection":[{"href":"https:\/\/www.ferberpainting.com\/fi\/wp-json\/wp\/v2\/product"}],"about":[{"href":"https:\/\/www.ferberpainting.com\/fi\/wp-json\/wp\/v2\/types\/product"}],"replies":[{"embeddable":true,"href":"https:\/\/www.ferberpainting.com\/fi\/wp-json\/wp\/v2\/comments?post=23113"}],"version-history":[{"count":6,"href":"https:\/\/www.ferberpainting.com\/fi\/wp-json\/wp\/v2\/product\/23113\/revisions"}],"predecessor-version":[{"id":166049,"href":"https:\/\/www.ferberpainting.com\/fi\/wp-json\/wp\/v2\/product\/23113\/revisions\/166049"}],"wp:featuredmedia":[{"embeddable":true,"href":"https:\/\/www.ferberpainting.com\/fi\/wp-json\/wp\/v2\/media\/25712"}],"wp:attachment":[{"href":"https:\/\/www.ferberpainting.com\/fi\/wp-json\/wp\/v2\/media?parent=23113"}],"wp:term":[{"taxonomy":"product_brand","embeddable":true,"href":"https:\/\/www.ferberpainting.com\/fi\/wp-json\/wp\/v2\/product_brand?post=23113"},{"taxonomy":"product_cat","embeddable":true,"href":"https:\/\/www.ferberpainting.com\/fi\/wp-json\/wp\/v2\/product_cat?post=23113"},{"taxonomy":"product_tag","embeddable":true,"href":"https:\/\/www.ferberpainting.com\/fi\/wp-json\/wp\/v2\/product_tag?post=23113"}],"curies":[{"name":"wp","href":"https:\/\/api.w.org\/{rel}","templated":true}]}}