{"id":23102,"date":"2025-05-26T10:22:44","date_gmt":"2025-05-26T08:22:44","guid":{"rendered":"https:\/\/www.ferberpainting.com\/products\/blueberry-fertilizer\/"},"modified":"2026-02-15T13:10:58","modified_gmt":"2026-02-15T12:10:58","slug":"blueberry-fertilizer","status":"publish","type":"product","link":"https:\/\/www.ferberpainting.com\/fi\/products\/blueberry-fertilizer\/","title":{"rendered":"Mustikan lannoite"},"content":{"rendered":"<p><img decoding=\"async\" style=\"margin-right: 12px;\" src=\"https:\/\/www.ferberpainting.com\/wp-content\/uploads\/2026\/02\/Check.svg\" alt=\"\" width=\"18\" height=\"15\" \/><strong>Tasapainoinen lannoite terveille mustikoille ja runsaille sadoille.<\/strong>\u00a0T\u00e4m\u00e4 mustikkalannoite on suunniteltu erityisesti tukemaan t\u00e4m\u00e4n hedelm\u00e4pensaan kasvua ja varmistamaan maukkaiden marjojen optimaalinen tuotanto. NPK 15-15-15 -muodostelmansa ansiosta se tarjoaa tasapainoisesti typpe\u00e4 (N), joka edist\u00e4\u00e4 tihe\u00e4\u00e4 ja vihre\u00e4\u00e4 lehdist\u00f6\u00e4, fosforia (P), joka edist\u00e4\u00e4 kiinte\u00e4\u00e4 juurtumista ja ravinteiden parempaa imeytymist\u00e4, sek\u00e4 kaliumia (K), joka parantaa hedelmien kasvua ja vahvistaa vastustuskyky\u00e4 tauteja ja ilmastostressi\u00e4 vastaan. Se takaa kasvien harmonisen kehityksen, runsaan kukinnan sek\u00e4 suuremmat, makeammat ja paremmin muotoillut hedelm\u00e4t.<\/p>\n<p><img decoding=\"async\" style=\"margin-right: 12px;\" src=\"https:\/\/www.ferberpainting.com\/wp-content\/uploads\/2026\/02\/Check.svg\" alt=\"\" width=\"18\" height=\"15\" \/><strong>Rahat takaisin -takuu.<\/strong>\u00a0Luotamme t\u00e4ysin mustikkalannoitteemme tehokkuuteen, mink\u00e4 vuoksi tarjoamme rahat takaisin -takuun. Jos et huomaa merkitt\u00e4v\u00e4\u00e4 parannusta kasvussa, kukinnassa tai hedelmien tuotannossa sen j\u00e4lkeen, kun olet k\u00e4ytt\u00e4nyt sit\u00e4 suositusten mukaisesti, sitoudumme palauttamaan sinulle rahasi t\u00e4ll\u00e4 ehdolla, mik\u00e4 takaa ostoksen t\u00e4ydellisen mielenrauhan.<\/p>\n<p><img decoding=\"async\" style=\"margin-right: 12px;\" src=\"https:\/\/www.ferberpainting.com\/wp-content\/uploads\/2026\/02\/Check.svg\" alt=\"\" width=\"18\" height=\"15\" \/><strong>Sopii kaikille mustikkalajikkeille ja erilaisiin kasvuolosuhteisiin. <\/strong>T\u00e4m\u00e4 lannoite sopii ruukuissa, avomaalla tai kasvihuoneessa kasvatettaville mustikoille, ja se sopii kaikille lajikkeille, olipa kyseess\u00e4 Vaccinium corymbosum (mustikka), Vaccinium myrtillus (mets\u00e4mustikka) tai jopa Vaccinium angustifolium (mustikka). Se on yhteensopiva happamien ja kevyiden maaperien kanssa, jotka ovat ihanteelliset olosuhteet t\u00e4m\u00e4n hedelm\u00e4pensaan viljelylle, ja sit\u00e4 voivat k\u00e4ytt\u00e4\u00e4 menestyksekk\u00e4\u00e4sti sek\u00e4 harrastepuutarhurit ett\u00e4 ammattiviljelij\u00e4t.<\/p>\n<p><img decoding=\"async\" style=\"margin-right: 12px;\" src=\"https:\/\/www.ferberpainting.com\/wp-content\/uploads\/2026\/02\/Check.svg\" alt=\"\" width=\"18\" height=\"15\" \/><strong>Kustannustehokas sato ja pitk\u00e4aikainen lannoitus.<\/strong>\u00a0Eritt\u00e4in tiiviin koostumuksensa ansiosta 5 litran purkki riitt\u00e4\u00e4 jopa 1000 litran lannoitusliuoksen valmistamiseen, mik\u00e4 takaa pitk\u00e4kestoisen ja taloudellisen lannoituksen. Annostus 5 ml vesilitraa kohti takaa ravinteiden nopean imeytymisen ja optimaalisen k\u00e4yt\u00f6n v\u00e4hent\u00e4en samalla j\u00e4tett\u00e4.<\/p>\n<p><img decoding=\"async\" style=\"margin-right: 12px;\" src=\"https:\/\/www.ferberpainting.com\/wp-content\/uploads\/2026\/02\/Check.svg\" alt=\"\" width=\"18\" height=\"15\" \/><strong>Ymp\u00e4rist\u00f6yst\u00e4v\u00e4llinen ja ymp\u00e4rist\u00f6lle turvallinen lannoite.<\/strong>\u00a0T\u00e4m\u00e4 lannoite on kehitetty ilman aggressiivisia kemikaaleja, joten se ei sis\u00e4ll\u00e4 myrkyllisi\u00e4 aineita, jotka voisivat vahingoittaa maaper\u00e4\u00e4, biologista monimuotoisuutta tai pohjavett\u00e4. Se edist\u00e4\u00e4 hy\u00f6dyllisen mikroflooran kehittymist\u00e4 ja parantaa kasvualustan rakennetta, mik\u00e4 takaa paremman ravinteiden ja kosteuden pid\u00e4ttymisen, mik\u00e4 on mustikanviljelyn kannalta v\u00e4ltt\u00e4m\u00e4t\u00f6nt\u00e4.<\/p>\n<p><img decoding=\"async\" style=\"margin-right: 12px;\" src=\"https:\/\/www.ferberpainting.com\/wp-content\/uploads\/2026\/02\/Check.svg\" alt=\"\" width=\"18\" height=\"15\" \/><strong>Helppo levitt\u00e4\u00e4 vaivatonta lannoitusta varten.<\/strong>\u00a0T\u00e4m\u00e4 nestem\u00e4inen lannoite laimenee suoraan kasteluveteen, mik\u00e4 takaa tasaisen ja vaivattoman lannoituksen. Se voidaan levitt\u00e4\u00e4 kastelemalla kasvin tyvelle tai lehtiruiskutuksena, jolloin ravinteet imeytyv\u00e4t nopeasti juuriin ja lehtiin, mik\u00e4 optimoi mustikan kasvun ja tuotannon.<\/p>\n<p><img decoding=\"async\" style=\"margin-right: 12px;\" src=\"https:\/\/www.ferberpainting.com\/wp-content\/uploads\/2026\/02\/Check.svg\" alt=\"\" width=\"18\" height=\"15\" \/><strong>Kest\u00e4v\u00e4 vaikutus nopeuttaa kasvua ja parantaa tuotantoa.<\/strong>\u00a0Asteittaisen ravinteiden vapautumisen ansiosta t\u00e4m\u00e4 lannoite ravitsee mustikkakasvia kest\u00e4v\u00e4sti, stimuloi varsien ja lehtien nopeaa kasvua ja edist\u00e4\u00e4 samalla runsasta kukintaa ja runsasta hedelmien tuottoa. Se auttaa my\u00f6s vahvistamaan vastustuskyky\u00e4 sienitauteja ja tuholaisten hy\u00f6kk\u00e4yksi\u00e4 vastaan, mik\u00e4 takaa korkealaatuisen sadon koko kauden ajan.<\/p>\n<p><img decoding=\"async\" style=\"margin-right: 12px;\" src=\"https:\/\/www.ferberpainting.com\/wp-content\/uploads\/2026\/02\/Check.svg\" alt=\"\" width=\"18\" height=\"15\" \/><strong>N\u00e4kyvi\u00e4 tuloksia ensimm\u00e4isten viikkojen aikana.<\/strong>\u00a0T\u00e4m\u00e4 lannoite stimuloi uusien versojen kasvua heti ensimm\u00e4isist\u00e4 k\u00e4ytt\u00f6kerroista l\u00e4htien, lis\u00e4\u00e4 lehtien tiheytt\u00e4 ja edist\u00e4\u00e4 suurempien, makeampien ja runsaampien hedelm\u00e4kertojen muodostumista. Se auttaa my\u00f6s kasvia valmistautumaan kukinta- ja hedelm\u00f6itymisjaksoihin, mik\u00e4 takaa runsaammat ja s\u00e4\u00e4nn\u00f6llisemm\u00e4t sadot, joissa marjat ovat mehukkaampia ja maukkaampia.<\/p>\n<h2><strong>K\u00e4ytt\u00f6protokolla<\/strong><\/h2>\n<ul>\n<li><strong>Lannoitteen laimennus <\/strong>: Sekoita 5 ml lannoitetta 1 litraan vett\u00e4. Ravista liuosta hyvin ennen jokaista levityst\u00e4 ravinteiden tasaisen jakautumisen varmistamiseksi.<\/li>\n<li><strong>Soveltamismenetelm\u00e4 <\/strong>:\n<ul>\n<li><strong>Kastelemalla <\/strong>: Kaada laimennettu liuos suoraan mustikkakasvin juurelle ja varmista, ett\u00e4 maa kostutetaan tasaisesti ilman ylim\u00e4\u00e4r\u00e4ist\u00e4 vett\u00e4, jotta v\u00e4ltyt\u00e4\u00e4n valumiselta.<\/li>\n<li><strong>Lehtiruiskuttamalla <\/strong>: Suihkuta liuos kevyesti lehdille varhain aamulla tai my\u00f6h\u00e4\u00e4n p\u00e4iv\u00e4ll\u00e4, jotta v\u00e4ltet\u00e4\u00e4n nopea haihtuminen ja maksimoidaan imeytyminen.<\/li>\n<\/ul>\n<\/li>\n<li><strong>K\u00e4ytt\u00f6taajuus <\/strong>: Levit\u00e4 lannoitetta joka toinen viikko kasvu- ja kukinta-aikana (kev\u00e4t-kes\u00e4) ja kerran kuukaudessa lepoaikana (syksy-talvi) tasaisen kasvun yll\u00e4pit\u00e4miseksi.<\/li>\n<li><strong>Lis\u00e4kastelu <\/strong>: Odota lannoitteen levitt\u00e4misen j\u00e4lkeen 48 tuntia ennen kuin kastelet uudelleen, jotta ravinteet imeytyv\u00e4t juuriin mahdollisimman hyvin.<\/li>\n<li><strong>K\u00e4ytt\u00f6\u00e4 koskevat varotoimet <\/strong>: \u00c4l\u00e4 annostele lannoitetta liikaa, jotta v\u00e4ltyt\u00e4\u00e4n liialliselta ravinnekuormitukselta, joka voi johtaa liialliseen lehtien kasvuun hedelmien tuotannon kustannuksella. Levit\u00e4 vain hieman kosteaan maahan, jotta se imeytyy paremmin.<\/li>\n<li><strong>Varastointi ja s\u00e4ilytys <\/strong>: S\u00e4ilyt\u00e4 lannoitetta kuivassa, viile\u00e4ss\u00e4 paikassa, suojattuna valolta ja kosteudelta. Sulje kanisteri aina tiiviisti jokaisen k\u00e4ytt\u00f6kerran j\u00e4lkeen tuotteen tehon s\u00e4ilytt\u00e4miseksi ja haihtumisen v\u00e4ltt\u00e4miseksi.<\/li>\n<\/ul>\n<p>T\u00e4ll\u00e4 mustikkalannoitteella tarjoat pensaallesi t\u00e4ydellisen ja tasapainoisen ravinnon, joka edist\u00e4\u00e4 voimakasta kasvua, runsasta kukintaa ja runsasta maukkaiden mustikoiden satoa. Se on ihanteellinen ratkaisu, jolla varmistetaan terveet mustikat ja poikkeuksellinen tuotanto koko kasvukauden ajan.<\/p>","protected":false},"excerpt":{"rendered":"<p>A balanced fertilizer for healthy blueberries and abundant harvests.\u00a0This blueberry fertilizer is specially designed to support the growth of this fruit shrub and ensure optimal production of flavorful berries. Thanks to its NPK 15-15-15 formulation, it provides a balanced supply of nitrogen (N), promoting dense and green foliage, phosphorus (P), which stimulates solid rooting and [&hellip;]<\/p>\n","protected":false},"featured_media":25702,"comment_status":"open","ping_status":"closed","template":"","meta":{"_uag_custom_page_level_css":"","site-sidebar-layout":"default","site-content-layout":"","ast-site-content-layout":"default","site-content-style":"default","site-sidebar-style":"default","ast-global-header-display":"","ast-banner-title-visibility":"","ast-main-header-display":"","ast-hfb-above-header-display":"","ast-hfb-below-header-display":"","ast-hfb-mobile-header-display":"","site-post-title":"","ast-breadcrumbs-content":"","ast-featured-img":"","footer-sml-layout":"","ast-disable-related-posts":"","theme-transparent-header-meta":"default","adv-header-id-meta":"","stick-header-meta":"","header-above-stick-meta":"","header-main-stick-meta":"","header-below-stick-meta":"","astra-migrate-meta-layouts":"set","ast-page-background-enabled":"default","ast-page-background-meta":{"desktop":{"background-color":"var(--ast-global-color-4)","background-image":"","background-repeat":"repeat","background-position":"center center","background-size":"auto","background-attachment":"scroll","background-type":"","background-media":"","overlay-type":"","overlay-color":"","overlay-opacity":"","overlay-gradient":""},"tablet":{"background-color":"","background-image":"","background-repeat":"repeat","background-position":"center center","background-size":"auto","background-attachment":"scroll","background-type":"","background-media":"","overlay-type":"","overlay-color":"","overlay-opacity":"","overlay-gradient":""},"mobile":{"background-color":"","background-image":"","background-repeat":"repeat","background-position":"center center","background-size":"auto","background-attachment":"scroll","background-type":"","background-media":"","overlay-type":"","overlay-color":"","overlay-opacity":"","overlay-gradient":""}},"ast-content-background-meta":{"desktop":{"background-color":"var(--ast-global-color-5)","background-image":"","background-repeat":"repeat","background-position":"center center","background-size":"auto","background-attachment":"scroll","background-type":"","background-media":"","overlay-type":"","overlay-color":"","overlay-opacity":"","overlay-gradient":""},"tablet":{"background-color":"var(--ast-global-color-5)","background-image":"","background-repeat":"repeat","background-position":"center center","background-size":"auto","background-attachment":"scroll","background-type":"","background-media":"","overlay-type":"","overlay-color":"","overlay-opacity":"","overlay-gradient":""},"mobile":{"background-color":"var(--ast-global-color-5)","background-image":"","background-repeat":"repeat","background-position":"center center","background-size":"auto","background-attachment":"scroll","background-type":"","background-media":"","overlay-type":"","overlay-color":"","overlay-opacity":"","overlay-gradient":""}}},"product_brand":[],"product_cat":[178],"product_tag":[],"class_list":{"0":"post-23102","1":"product","2":"type-product","3":"status-publish","4":"has-post-thumbnail","6":"product_cat-fertilizers","7":"desktop-align-left","8":"tablet-align-left","9":"mobile-align-left","11":"first","12":"instock","13":"sale","14":"shipping-taxable","15":"purchasable","16":"product-type-variable","17":"has-default-attributes"},"spectra_custom_meta":{"_visibility":["visible"],"_shopify_product_id":["9066084466933"],"_s2w_shopify_domain":["ferberpainting.myshopify.com"],"_shopify_variant_id":["46501658296565"],"_sku":[""],"_manage_stock":["no"],"total_sales":["48"],"_tax_status":["taxable"],"_tax_class":[""],"_backorders":["no"],"_sold_individually":["no"],"_virtual":["no"],"_downloadable":["no"],"_download_limit":["-1"],"_download_expiry":["-1"],"_stock":[null],"_stock_status":["instock"],"_wc_average_rating":["5.00"],"_wc_review_count":["5"],"_product_attributes":["a:1:{s:6:\"volume\";a:6:{s:4:\"name\";s:6:\"Volume\";s:5:\"value\";s:20:\"5 liters | 25 liters\";s:8:\"position\";i:1;s:10:\"is_visible\";i:0;s:12:\"is_variation\";i:1;s:11:\"is_taxonomy\";i:0;}}"],"_product_version":["10.5.1"],"_thumbnail_id":["25702"],"_product_image_gallery":["25703"],"wpse_downloadable_file_names":[""],"wpse_downloadable_file_urls":[""],"_edit_last":["1"],"_default_attributes":["a:1:{s:6:\"volume\";s:8:\"5 liters\";}"],"_wc_rating_count":["a:1:{i:5;i:5;}"],"_edit_lock":["1771157320:1"],"_price":["29.90","129.90"],"merchant-center-availability":["yes"],"merchant-center-category":["113"],"_wp_page_template":["default"],"site-sidebar-layout":["default"],"ast-site-content-layout":["default"],"site-content-style":["default"],"site-sidebar-style":["default"],"theme-transparent-header-meta":["default"],"astra-migrate-meta-layouts":["set"],"_uag_css_file_name":["uag-css-23102.css"],"_elementor_page_assets":["a:0:{}"],"_uag_page_assets":["a:9:{s:3:\"css\";s:6873:\".wp-block-uagb-image{display:flex}.wp-block-uagb-image__figure{position:relative;display:flex;flex-direction:column;max-width:100%;height:auto;margin:0}.wp-block-uagb-image__figure img{height:auto;display:flex;max-width:100%;transition:box-shadow .2s ease}.wp-block-uagb-image__figure>a{display:inline-block}.wp-block-uagb-image__figure figcaption{text-align:center;margin-top:.5em;margin-bottom:1em}.wp-block-uagb-image .components-placeholder.block-editor-media-placeholder .components-placeholder__instructions{align-self:center}.wp-block-uagb-image--align-left{text-align:left}.wp-block-uagb-image--align-right{text-align:right}.wp-block-uagb-image--align-center{text-align:center}.wp-block-uagb-image--align-full .wp-block-uagb-image__figure{margin-left:calc(50% - 50vw);margin-right:calc(50% - 50vw);max-width:100vw;width:100vw;height:auto}.wp-block-uagb-image--align-full .wp-block-uagb-image__figure img{height:auto;width:100% !important}.wp-block-uagb-image--align-wide .wp-block-uagb-image__figure img{height:auto;width:100%}.wp-block-uagb-image--layout-overlay__color-wrapper{position:absolute;left:0;top:0;right:0;bottom:0;opacity:.2;background:rgba(0,0,0,.5);transition:opacity .35s ease-in-out}.wp-block-uagb-image--layout-overlay-link{position:absolute;left:0;right:0;bottom:0;top:0}.wp-block-uagb-image--layout-overlay .wp-block-uagb-image__figure:hover .wp-block-uagb-image--layout-overlay__color-wrapper{opacity:1}.wp-block-uagb-image--layout-overlay__inner{position:absolute;left:15px;right:15px;bottom:15px;top:15px;display:flex;align-items:center;justify-content:center;flex-direction:column;border-color:#fff;transition:.35s ease-in-out}.wp-block-uagb-image--layout-overlay__inner.top-left,.wp-block-uagb-image--layout-overlay__inner.top-center,.wp-block-uagb-image--layout-overlay__inner.top-right{justify-content:flex-start}.wp-block-uagb-image--layout-overlay__inner.bottom-left,.wp-block-uagb-image--layout-overlay__inner.bottom-center,.wp-block-uagb-image--layout-overlay__inner.bottom-right{justify-content:flex-end}.wp-block-uagb-image--layout-overlay__inner.top-left,.wp-block-uagb-image--layout-overlay__inner.center-left,.wp-block-uagb-image--layout-overlay__inner.bottom-left{align-items:flex-start}.wp-block-uagb-image--layout-overlay__inner.top-right,.wp-block-uagb-image--layout-overlay__inner.center-right,.wp-block-uagb-image--layout-overlay__inner.bottom-right{align-items:flex-end}.wp-block-uagb-image--layout-overlay__inner .uagb-image-heading{color:#fff;transition:transform .35s,opacity .35s ease-in-out;transform:translate3d(0, 24px, 0);margin:0;line-height:1em}.wp-block-uagb-image--layout-overlay__inner .uagb-image-separator{width:30%;border-top-width:2px;border-top-color:#fff;border-top-style:solid;margin-bottom:10px;opacity:0;transition:transform .4s,opacity .4s ease-in-out;transform:translate3d(0, 30px, 0)}.wp-block-uagb-image--layout-overlay__inner .uagb-image-caption{opacity:0;overflow:visible;color:#fff;transition:transform .45s,opacity .45s ease-in-out;transform:translate3d(0, 35px, 0)}.wp-block-uagb-image--layout-overlay__inner:hover .uagb-image-heading,.wp-block-uagb-image--layout-overlay__inner:hover .uagb-image-separator,.wp-block-uagb-image--layout-overlay__inner:hover .uagb-image-caption{opacity:1;transform:translate3d(0, 0, 0)}.wp-block-uagb-image--effect-zoomin .wp-block-uagb-image__figure img,.wp-block-uagb-image--effect-zoomin .wp-block-uagb-image__figure .wp-block-uagb-image--layout-overlay__color-wrapper{transform:scale(1);transition:transform .35s ease-in-out}.wp-block-uagb-image--effect-zoomin .wp-block-uagb-image__figure:hover img,.wp-block-uagb-image--effect-zoomin .wp-block-uagb-image__figure:hover .wp-block-uagb-image--layout-overlay__color-wrapper{transform:scale(1.05)}.wp-block-uagb-image--effect-slide .wp-block-uagb-image__figure img,.wp-block-uagb-image--effect-slide .wp-block-uagb-image__figure .wp-block-uagb-image--layout-overlay__color-wrapper{width:calc(100% + 40px) !important;max-width:none !important;transform:translate3d(-40px, 0, 0);transition:transform .35s ease-in-out}.wp-block-uagb-image--effect-slide .wp-block-uagb-image__figure:hover img,.wp-block-uagb-image--effect-slide .wp-block-uagb-image__figure:hover .wp-block-uagb-image--layout-overlay__color-wrapper{transform:translate3d(0, 0, 0)}.wp-block-uagb-image--effect-grayscale img{filter:grayscale(0%);transition:.35s ease-in-out}.wp-block-uagb-image--effect-grayscale:hover img{filter:grayscale(100%)}.wp-block-uagb-image--effect-blur img{filter:blur(0);transition:.35s ease-in-out}.wp-block-uagb-image--effect-blur:hover img{filter:blur(3px)}.uagb-block-e6f939b3.wp-block-uagb-image--layout-default figure img{box-shadow: 0px 0px 0 #00000070;}.uagb-block-e6f939b3.wp-block-uagb-image .wp-block-uagb-image__figure figcaption{font-style: normal;align-self: center;}.uagb-block-e6f939b3.wp-block-uagb-image--layout-overlay figure img{box-shadow: 0px 0px 0 #00000070;}.uagb-block-e6f939b3.wp-block-uagb-image--layout-overlay .wp-block-uagb-image--layout-overlay__color-wrapper{opacity: 0.2;}.uagb-block-e6f939b3.wp-block-uagb-image--layout-overlay .wp-block-uagb-image--layout-overlay__inner{left: 15px;right: 15px;top: 15px;bottom: 15px;}.uagb-block-e6f939b3.wp-block-uagb-image--layout-overlay .wp-block-uagb-image--layout-overlay__inner .uagb-image-heading{font-style: normal;color: #fff;opacity: 1;}.uagb-block-e6f939b3.wp-block-uagb-image--layout-overlay .wp-block-uagb-image--layout-overlay__inner .uagb-image-heading a{color: #fff;}.uagb-block-e6f939b3.wp-block-uagb-image--layout-overlay .wp-block-uagb-image--layout-overlay__inner .uagb-image-caption{opacity: 0;}.uagb-block-e6f939b3.wp-block-uagb-image--layout-overlay .wp-block-uagb-image__figure:hover .wp-block-uagb-image--layout-overlay__color-wrapper{opacity: 1;}.uagb-block-e6f939b3.wp-block-uagb-image .wp-block-uagb-image--layout-overlay__inner .uagb-image-separator{width: 30%;border-top-width: 2px;border-top-color: #fff;opacity: 0;}.uagb-block-e6f939b3.wp-block-uagb-image .wp-block-uagb-image__figure img{width: px;height: auto;}.uagb-block-e6f939b3.wp-block-uagb-image .wp-block-uagb-image__figure:hover .wp-block-uagb-image--layout-overlay__inner .uagb-image-caption{opacity: 1;}.uagb-block-e6f939b3.wp-block-uagb-image .wp-block-uagb-image__figure:hover .wp-block-uagb-image--layout-overlay__inner .uagb-image-separator{opacity: 1;}.uagb-block-e6f939b3.wp-block-uagb-image--layout-default figure:hover img{box-shadow: 0px 0px 0 #00000070;}.uagb-block-e6f939b3.wp-block-uagb-image--layout-overlay figure:hover img{box-shadow: 0px 0px 0 #00000070;}@media only screen and (max-width: 976px) {.uagb-block-e6f939b3.wp-block-uagb-image .wp-block-uagb-image__figure img{width: px;height: auto;}}@media only screen and (max-width: 767px) {.uagb-block-e6f939b3.wp-block-uagb-image .wp-block-uagb-image__figure img{width: px;height: auto;}}\";s:2:\"js\";s:0:\"\";s:18:\"current_block_list\";a:13:{i:0;s:11:\"core\/search\";i:1;s:10:\"core\/group\";i:2;s:12:\"core\/heading\";i:3;s:17:\"core\/latest-posts\";i:4;s:20:\"core\/latest-comments\";i:5;s:13:\"core\/archives\";i:6;s:15:\"core\/categories\";i:7;s:14:\"core\/paragraph\";i:8;s:10:\"uagb\/image\";i:9;s:11:\"core\/spacer\";i:10;s:30:\"woocommerce\/product-categories\";i:11;s:10:\"core\/image\";i:12;s:14:\"core\/shortcode\";}s:8:\"uag_flag\";b:1;s:11:\"uag_version\";s:10:\"1777035642\";s:6:\"gfonts\";a:0:{}s:10:\"gfonts_url\";s:0:\"\";s:12:\"gfonts_files\";a:0:{}s:14:\"uag_faq_layout\";b:0;}"]},"uagb_featured_image_src":{"full":["https:\/\/www.ferberpainting.com\/wp-content\/uploads\/2025\/05\/Blueberry_Fertilizer_5L.png",2560,2560,false],"thumbnail":["https:\/\/www.ferberpainting.com\/wp-content\/uploads\/2025\/05\/Blueberry_Fertilizer_5L-150x150.png",150,150,true],"medium":["https:\/\/www.ferberpainting.com\/wp-content\/uploads\/2025\/05\/Blueberry_Fertilizer_5L-300x300.png",300,300,true],"medium_large":["https:\/\/www.ferberpainting.com\/wp-content\/uploads\/2025\/05\/Blueberry_Fertilizer_5L-768x768.png",768,768,true],"large":["https:\/\/www.ferberpainting.com\/wp-content\/uploads\/2025\/05\/Blueberry_Fertilizer_5L-1024x1024.png",1024,1024,true],"1536x1536":["https:\/\/www.ferberpainting.com\/wp-content\/uploads\/2025\/05\/Blueberry_Fertilizer_5L-1536x1536.png",1536,1536,true],"2048x2048":["https:\/\/www.ferberpainting.com\/wp-content\/uploads\/2025\/05\/Blueberry_Fertilizer_5L-2048x2048.png",2048,2048,true],"trp-custom-language-flag":["https:\/\/www.ferberpainting.com\/wp-content\/uploads\/2025\/05\/Blueberry_Fertilizer_5L-12x12.png",12,12,true],"woocommerce_thumbnail":["https:\/\/www.ferberpainting.com\/wp-content\/uploads\/2025\/05\/Blueberry_Fertilizer_5L-300x300.png",300,300,true],"woocommerce_single":["https:\/\/www.ferberpainting.com\/wp-content\/uploads\/2025\/05\/Blueberry_Fertilizer_5L-600x600.png",600,600,true],"woocommerce_gallery_thumbnail":["https:\/\/www.ferberpainting.com\/wp-content\/uploads\/2025\/05\/Blueberry_Fertilizer_5L-100x100.png",100,100,true]},"uagb_author_info":{"display_name":"admin","author_link":"https:\/\/www.ferberpainting.com\/fi\/author\/"},"uagb_comment_info":5,"uagb_excerpt":"A balanced fertilizer for healthy blueberries and abundant harvests.\u00a0This blueberry fertilizer is specially designed to support the growth of this fruit shrub and ensure optimal production of flavorful berries. Thanks to its NPK 15-15-15 formulation, it provides a balanced supply of nitrogen (N), promoting dense and green foliage, phosphorus (P), which stimulates solid rooting and&hellip;","_links":{"self":[{"href":"https:\/\/www.ferberpainting.com\/fi\/wp-json\/wp\/v2\/product\/23102","targetHints":{"allow":["GET"]}}],"collection":[{"href":"https:\/\/www.ferberpainting.com\/fi\/wp-json\/wp\/v2\/product"}],"about":[{"href":"https:\/\/www.ferberpainting.com\/fi\/wp-json\/wp\/v2\/types\/product"}],"replies":[{"embeddable":true,"href":"https:\/\/www.ferberpainting.com\/fi\/wp-json\/wp\/v2\/comments?post=23102"}],"version-history":[{"count":5,"href":"https:\/\/www.ferberpainting.com\/fi\/wp-json\/wp\/v2\/product\/23102\/revisions"}],"predecessor-version":[{"id":166043,"href":"https:\/\/www.ferberpainting.com\/fi\/wp-json\/wp\/v2\/product\/23102\/revisions\/166043"}],"wp:featuredmedia":[{"embeddable":true,"href":"https:\/\/www.ferberpainting.com\/fi\/wp-json\/wp\/v2\/media\/25702"}],"wp:attachment":[{"href":"https:\/\/www.ferberpainting.com\/fi\/wp-json\/wp\/v2\/media?parent=23102"}],"wp:term":[{"taxonomy":"product_brand","embeddable":true,"href":"https:\/\/www.ferberpainting.com\/fi\/wp-json\/wp\/v2\/product_brand?post=23102"},{"taxonomy":"product_cat","embeddable":true,"href":"https:\/\/www.ferberpainting.com\/fi\/wp-json\/wp\/v2\/product_cat?post=23102"},{"taxonomy":"product_tag","embeddable":true,"href":"https:\/\/www.ferberpainting.com\/fi\/wp-json\/wp\/v2\/product_tag?post=23102"}],"curies":[{"name":"wp","href":"https:\/\/api.w.org\/{rel}","templated":true}]}}