{"id":23069,"date":"2025-05-26T10:22:29","date_gmt":"2025-05-26T08:22:29","guid":{"rendered":"https:\/\/www.ferberpainting.com\/products\/apple-and-pear-tree-fertilizer\/"},"modified":"2026-02-15T13:01:27","modified_gmt":"2026-02-15T12:01:27","slug":"apple-and-pear-tree-fertilizer","status":"publish","type":"product","link":"https:\/\/www.ferberpainting.com\/fi\/products\/apple-and-pear-tree-fertilizer\/","title":{"rendered":"Omena- ja p\u00e4\u00e4ryn\u00e4puiden lannoite 25 kg"},"content":{"rendered":"<p><img decoding=\"async\" style=\"margin-right: 12px;\" src=\"https:\/\/www.ferberpainting.com\/wp-content\/uploads\/2026\/02\/Check.svg\" alt=\"\" width=\"18\" height=\"15\" \/><strong>Lannoite, joka on erityisesti suunniteltu edist\u00e4m\u00e4\u00e4n omena- ja p\u00e4\u00e4ryn\u00e4puiden kasvua ja hedelmien kasvua.<\/strong>\u00a0T\u00e4m\u00e4 NPK 10-10-10 -lannoite, jossa on tasapainoisesti typpe\u00e4 (N), fosforia (P) ja kaliumia (K), takaa juurten, lehtien ja hedelmien optimaalisen kehityksen. Se edist\u00e4\u00e4 voimakasta kasvua, runsasta kukintaa ja runsasta hedelmien muodostumista, mik\u00e4 takaa maukkaat ja hyv\u00e4kuntoiset omenat ja p\u00e4\u00e4ryn\u00e4t.<\/p>\n<p><img decoding=\"async\" style=\"margin-right: 12px;\" src=\"https:\/\/www.ferberpainting.com\/wp-content\/uploads\/2026\/02\/Check.svg\" alt=\"\" width=\"18\" height=\"15\" \/><strong>Rahat takaisin -takuu.<\/strong>\u00a0Koska luotamme lannoitteemme tehokkuuteen, tarjoamme rahat takaisin -takuun. Jos vaatimustenmukaisen k\u00e4yt\u00f6n j\u00e4lkeen et havaitse merkitt\u00e4v\u00e4\u00e4 parannusta hedelm\u00e4puissasi, sitoudumme palauttamaan sinulle rahasi kokonaisuudessaan.<\/p>\n<p><img decoding=\"async\" style=\"margin-right: 12px;\" src=\"https:\/\/www.ferberpainting.com\/wp-content\/uploads\/2026\/02\/Check.svg\" alt=\"\" width=\"18\" height=\"15\" \/><strong>Sopii kaikentyyppisille maaperille ja hedelm\u00e4puille.<\/strong>\u00a0T\u00e4m\u00e4 lannoite sopii kaikille omena- ja p\u00e4\u00e4ryn\u00e4puulajikkeille riippumatta siit\u00e4, ovatko ne nuoria vai varttuneita, maan alla tai ruukussa. Se sopii my\u00f6s muille hedelm\u00e4puille, kuten kirsikalle, luumulle tai kvittenille, ja se antaa niille terveen kasvun kannalta v\u00e4ltt\u00e4m\u00e4tt\u00f6mi\u00e4 ravinteita.<\/p>\n<p><img decoding=\"async\" style=\"margin-right: 12px;\" src=\"https:\/\/www.ferberpainting.com\/wp-content\/uploads\/2026\/02\/Check.svg\" alt=\"\" width=\"18\" height=\"15\" \/><strong>Erinomainen taloudellinen tuotto.<\/strong>\u00a0Optimaalinen tuotto on 200 grammaa puuta kohti, joten 25 kilon pussilla voidaan ruokkia jopa 125 puuta. Sen kiinte\u00e4 muoto est\u00e4\u00e4 j\u00e4tteiden syntymisen ja takaa ravinteiden asteittaisen ja pitk\u00e4aikaisen vapautumisen koko kasvukauden ajan.<\/p>\n<p><img decoding=\"async\" style=\"margin-right: 12px;\" src=\"https:\/\/www.ferberpainting.com\/wp-content\/uploads\/2026\/02\/Check.svg\" alt=\"\" width=\"18\" height=\"15\" \/><strong>Tuote, joka on turvallinen kasveille ja ymp\u00e4rist\u00f6lle.<\/strong>\u00a0Toisin kuin ankarat kemialliset lannoitteet, t\u00e4m\u00e4 lannoite on suunniteltu kunnioittamaan maaper\u00e4\u00e4 ja ekosysteemej\u00e4. Sen hidas vapautuminen auttaa v\u00e4ltt\u00e4m\u00e4\u00e4n yliannostuksen ja v\u00e4hent\u00e4\u00e4 pohjaveden pilaantumisriski\u00e4.<\/p>\n<p><img decoding=\"async\" style=\"margin-right: 12px;\" src=\"https:\/\/www.ferberpainting.com\/wp-content\/uploads\/2026\/02\/Check.svg\" alt=\"\" width=\"18\" height=\"15\" \/><strong>Helppo levitt\u00e4\u00e4 ilman laimennusta.<\/strong>\u00a0T\u00e4m\u00e4 lannoite ei vaadi monimutkaista valmistusta. Levit\u00e4 se vain puun juurelle ja sekoita se kevyesti maaper\u00e4\u00e4n. Laimentamista tai sekoittamista ei tarvita, mik\u00e4 takaa nopean ja tehokkaan k\u00e4yt\u00f6n.<\/p>\n<p><img decoding=\"async\" style=\"margin-right: 12px;\" src=\"https:\/\/www.ferberpainting.com\/wp-content\/uploads\/2026\/02\/Check.svg\" alt=\"\" width=\"18\" height=\"15\" \/><strong>Pitk\u00e4kestoinen vaikutus, joka takaa runsaat sadot joka vuosi.<\/strong>\u00a0Asteittaisen vapautumisensa ansiosta t\u00e4m\u00e4 lannoite takaa juurille jatkuvan ravinnon, mik\u00e4 vahvistaa vastustuskyky\u00e4 tauteja ja ilmastostressi\u00e4 vastaan. S\u00e4\u00e4nn\u00f6llinen k\u00e4ytt\u00f6 parantaa hedelmien laatua ja optimoi sadon useiden kausien ajan.<\/p>\n<p><img decoding=\"async\" style=\"margin-right: 12px;\" src=\"https:\/\/www.ferberpainting.com\/wp-content\/uploads\/2026\/02\/Check.svg\" alt=\"\" width=\"18\" height=\"15\" \/><strong>N\u00e4kyvi\u00e4 tuloksia ensimm\u00e4isist\u00e4 sovelluksista l\u00e4htien.<\/strong>\u00a0Heti ensimm\u00e4isest\u00e4 k\u00e4ytt\u00f6kerrasta l\u00e4htien huomaat, ett\u00e4 puiden elinvoimaisuus on parantunut, lehdet ovat vihre\u00e4mpi\u00e4 ja tihe\u00e4mpi\u00e4 ja kukinta on voimakkaampaa, mik\u00e4 edist\u00e4\u00e4 p\u00f6lytyst\u00e4 ja hedelmien tuottoa.<\/p>\n<h2><strong>K\u00e4ytt\u00f6protokolla<\/strong><\/h2>\n<p><strong>Suositeltu annostus <\/strong>:<\/p>\n<ul>\n<li><strong>Nuoret puut (alle 3-vuotiaat) <\/strong>: Levit\u00e4 100 grammaa lannoitetta puuta kohti rungon ymp\u00e4rille.<\/li>\n<li><strong>Varttuneet puut <\/strong>: Levit\u00e4 200 g puuta kohti optimaalisen kasvun ja runsaan hedelmien kasvun varmistamiseksi.<\/li>\n<\/ul>\n<p><strong>Sovelluksen taajuus <\/strong>:<\/p>\n<ul>\n<li><strong>Aikaisin kev\u00e4\u00e4ll\u00e4 (maalis-huhtikuussa) <\/strong>: Tehostaa lehtien ja kukkien kasvua.<\/li>\n<li><strong>Kukinnan j\u00e4lkeen (touko-kes\u00e4kuu) <\/strong>: Hedelmien kehityksen tukeminen.<\/li>\n<li><strong>Alkusyksy (syys-lokakuu) <\/strong>: Valmistaakseen puun talvea varten ja lis\u00e4t\u00e4kseen sen ravinnevarastoja.<\/li>\n<\/ul>\n<p><strong>Soveltamismenetelm\u00e4 <\/strong>:<\/p>\n<ul>\n<li>Levit\u00e4 lannoite ympyr\u00e4n muotoon puun tyven ymp\u00e4rille noin 30-50 cm:n p\u00e4\u00e4h\u00e4n rungosta, jossa sy\u00f6tt\u00f6juuret kasvavat.<\/li>\n<li>Sekoita kevyesti haravalla tai kaivurilla imeytymisen parantamiseksi.<\/li>\n<li>Kastele runsaasti levityksen j\u00e4lkeen, jotta ravinteet liukenevat v\u00e4hitellen maaper\u00e4\u00e4n.<\/li>\n<\/ul>\n<p><strong>K\u00e4ytt\u00f6\u00e4 koskevat varotoimet <\/strong>:<\/p>\n<ul>\n<li>\u00c4l\u00e4 anna liikaa typpe\u00e4, sill\u00e4 se voi edist\u00e4\u00e4 lehtien kasvua hedelmien kasvun kustannuksella.<\/li>\n<li>\u00c4l\u00e4 levit\u00e4 liian l\u00e4helle runkoa, jotta p\u00e4\u00e4juuret eiv\u00e4t kuormitu liikaa.<\/li>\n<li>V\u00e4lt\u00e4 levitt\u00e4mist\u00e4 helleaaltojen aikana puiden stressin v\u00e4ltt\u00e4miseksi.<\/li>\n<\/ul>\n<p><strong>Varastointi ja s\u00e4ilytys <\/strong>:<\/p>\n<ul>\n<li>S\u00e4ilyt\u00e4 lannoitetta kuivassa paikassa kosteudelta suojattuna.<\/li>\n<li>Sulje pussi tiiviisti jokaisen k\u00e4ytt\u00f6kerran j\u00e4lkeen, jotta sen lannoitusominaisuudet s\u00e4ilyv\u00e4t.<\/li>\n<\/ul>\n<p>T\u00e4ll\u00e4 omena- ja p\u00e4\u00e4ryn\u00e4puille tarkoitetulla lannoitteella varmistat puidesi optimaalisen kasvun, runsaan kukinnan ja runsaan sadon. Se sopii erinomaisesti hedelm\u00e4tarhoihin ja kotipuutarhoihin ja takaa korkealaatuiset, makeat ja mehukkaat hedelm\u00e4t vuodesta toiseen.<\/p>","protected":false},"excerpt":{"rendered":"<p>A fertilizer specially designed to promote the growth and fruiting of apple and pear trees.\u00a0This fertilizer, balanced in nitrogen (N), phosphorus (P), and potassium (K), with an NPK 10-10-10 formulation, ensures the optimal development of roots, leaves, and fruits. It promotes vigorous growth, abundant flowering, and generous fruiting, guaranteeing tasty and well-formed apples and pears. [&hellip;]<\/p>\n","protected":false},"featured_media":24947,"comment_status":"open","ping_status":"closed","template":"","meta":{"_uag_custom_page_level_css":"","site-sidebar-layout":"default","site-content-layout":"","ast-site-content-layout":"default","site-content-style":"default","site-sidebar-style":"default","ast-global-header-display":"","ast-banner-title-visibility":"","ast-main-header-display":"","ast-hfb-above-header-display":"","ast-hfb-below-header-display":"","ast-hfb-mobile-header-display":"","site-post-title":"","ast-breadcrumbs-content":"","ast-featured-img":"","footer-sml-layout":"","ast-disable-related-posts":"","theme-transparent-header-meta":"default","adv-header-id-meta":"","stick-header-meta":"","header-above-stick-meta":"","header-main-stick-meta":"","header-below-stick-meta":"","astra-migrate-meta-layouts":"set","ast-page-background-enabled":"default","ast-page-background-meta":{"desktop":{"background-color":"var(--ast-global-color-4)","background-image":"","background-repeat":"repeat","background-position":"center center","background-size":"auto","background-attachment":"scroll","background-type":"","background-media":"","overlay-type":"","overlay-color":"","overlay-opacity":"","overlay-gradient":""},"tablet":{"background-color":"","background-image":"","background-repeat":"repeat","background-position":"center center","background-size":"auto","background-attachment":"scroll","background-type":"","background-media":"","overlay-type":"","overlay-color":"","overlay-opacity":"","overlay-gradient":""},"mobile":{"background-color":"","background-image":"","background-repeat":"repeat","background-position":"center center","background-size":"auto","background-attachment":"scroll","background-type":"","background-media":"","overlay-type":"","overlay-color":"","overlay-opacity":"","overlay-gradient":""}},"ast-content-background-meta":{"desktop":{"background-color":"var(--ast-global-color-5)","background-image":"","background-repeat":"repeat","background-position":"center center","background-size":"auto","background-attachment":"scroll","background-type":"","background-media":"","overlay-type":"","overlay-color":"","overlay-opacity":"","overlay-gradient":""},"tablet":{"background-color":"var(--ast-global-color-5)","background-image":"","background-repeat":"repeat","background-position":"center center","background-size":"auto","background-attachment":"scroll","background-type":"","background-media":"","overlay-type":"","overlay-color":"","overlay-opacity":"","overlay-gradient":""},"mobile":{"background-color":"var(--ast-global-color-5)","background-image":"","background-repeat":"repeat","background-position":"center center","background-size":"auto","background-attachment":"scroll","background-type":"","background-media":"","overlay-type":"","overlay-color":"","overlay-opacity":"","overlay-gradient":""}}},"product_brand":[],"product_cat":[178],"product_tag":[],"class_list":{"0":"post-23069","1":"product","2":"type-product","3":"status-publish","4":"has-post-thumbnail","6":"product_cat-fertilizers","7":"desktop-align-left","8":"tablet-align-left","9":"mobile-align-left","11":"first","12":"instock","13":"shipping-taxable","14":"purchasable","15":"product-type-simple"},"spectra_custom_meta":{"_visibility":["visible"],"_shopify_product_id":["9071371780341"],"_s2w_shopify_domain":["ferberpainting.myshopify.com"],"_shopify_variant_id":["46516174651637"],"_sku":["FPAPPLEANDPEARTREEFERTILIZER25KG"],"_regular_price":["39.90"],"_price":["39.90"],"_sale_price":[""],"_weight":["18.7"],"_thumbnail_id":["24947"],"_global_unique_id":["5056773817715"],"total_sales":["16"],"_tax_status":["taxable"],"_tax_class":[""],"_manage_stock":["no"],"_backorders":["no"],"_sold_individually":["no"],"_virtual":["no"],"_downloadable":["no"],"_download_limit":["-1"],"_download_expiry":["-1"],"_stock":[null],"_stock_status":["instock"],"_wc_average_rating":["5.00"],"_wc_review_count":["14"],"_product_version":["10.5.1"],"_wc_rating_count":["a:1:{i:5;i:14;}"],"_edit_lock":["1771156822:1"],"merchant-center-availability":["yes"],"merchant-center-category":["113"],"_edit_last":["1"],"_wp_page_template":["default"],"site-sidebar-layout":["default"],"ast-site-content-layout":["default"],"site-content-style":["default"],"site-sidebar-style":["default"],"theme-transparent-header-meta":["default"],"astra-migrate-meta-layouts":["set"],"_uag_css_file_name":["uag-css-23069.css"],"_elementor_page_assets":["a:0:{}"],"_uag_page_assets":["a:9:{s:3:\"css\";s:6873:\".wp-block-uagb-image{display:flex}.wp-block-uagb-image__figure{position:relative;display:flex;flex-direction:column;max-width:100%;height:auto;margin:0}.wp-block-uagb-image__figure img{height:auto;display:flex;max-width:100%;transition:box-shadow .2s ease}.wp-block-uagb-image__figure>a{display:inline-block}.wp-block-uagb-image__figure figcaption{text-align:center;margin-top:.5em;margin-bottom:1em}.wp-block-uagb-image .components-placeholder.block-editor-media-placeholder .components-placeholder__instructions{align-self:center}.wp-block-uagb-image--align-left{text-align:left}.wp-block-uagb-image--align-right{text-align:right}.wp-block-uagb-image--align-center{text-align:center}.wp-block-uagb-image--align-full .wp-block-uagb-image__figure{margin-left:calc(50% - 50vw);margin-right:calc(50% - 50vw);max-width:100vw;width:100vw;height:auto}.wp-block-uagb-image--align-full .wp-block-uagb-image__figure img{height:auto;width:100% !important}.wp-block-uagb-image--align-wide .wp-block-uagb-image__figure img{height:auto;width:100%}.wp-block-uagb-image--layout-overlay__color-wrapper{position:absolute;left:0;top:0;right:0;bottom:0;opacity:.2;background:rgba(0,0,0,.5);transition:opacity .35s ease-in-out}.wp-block-uagb-image--layout-overlay-link{position:absolute;left:0;right:0;bottom:0;top:0}.wp-block-uagb-image--layout-overlay .wp-block-uagb-image__figure:hover .wp-block-uagb-image--layout-overlay__color-wrapper{opacity:1}.wp-block-uagb-image--layout-overlay__inner{position:absolute;left:15px;right:15px;bottom:15px;top:15px;display:flex;align-items:center;justify-content:center;flex-direction:column;border-color:#fff;transition:.35s ease-in-out}.wp-block-uagb-image--layout-overlay__inner.top-left,.wp-block-uagb-image--layout-overlay__inner.top-center,.wp-block-uagb-image--layout-overlay__inner.top-right{justify-content:flex-start}.wp-block-uagb-image--layout-overlay__inner.bottom-left,.wp-block-uagb-image--layout-overlay__inner.bottom-center,.wp-block-uagb-image--layout-overlay__inner.bottom-right{justify-content:flex-end}.wp-block-uagb-image--layout-overlay__inner.top-left,.wp-block-uagb-image--layout-overlay__inner.center-left,.wp-block-uagb-image--layout-overlay__inner.bottom-left{align-items:flex-start}.wp-block-uagb-image--layout-overlay__inner.top-right,.wp-block-uagb-image--layout-overlay__inner.center-right,.wp-block-uagb-image--layout-overlay__inner.bottom-right{align-items:flex-end}.wp-block-uagb-image--layout-overlay__inner .uagb-image-heading{color:#fff;transition:transform .35s,opacity .35s ease-in-out;transform:translate3d(0, 24px, 0);margin:0;line-height:1em}.wp-block-uagb-image--layout-overlay__inner .uagb-image-separator{width:30%;border-top-width:2px;border-top-color:#fff;border-top-style:solid;margin-bottom:10px;opacity:0;transition:transform .4s,opacity .4s ease-in-out;transform:translate3d(0, 30px, 0)}.wp-block-uagb-image--layout-overlay__inner .uagb-image-caption{opacity:0;overflow:visible;color:#fff;transition:transform .45s,opacity .45s ease-in-out;transform:translate3d(0, 35px, 0)}.wp-block-uagb-image--layout-overlay__inner:hover .uagb-image-heading,.wp-block-uagb-image--layout-overlay__inner:hover .uagb-image-separator,.wp-block-uagb-image--layout-overlay__inner:hover .uagb-image-caption{opacity:1;transform:translate3d(0, 0, 0)}.wp-block-uagb-image--effect-zoomin .wp-block-uagb-image__figure img,.wp-block-uagb-image--effect-zoomin .wp-block-uagb-image__figure .wp-block-uagb-image--layout-overlay__color-wrapper{transform:scale(1);transition:transform .35s ease-in-out}.wp-block-uagb-image--effect-zoomin .wp-block-uagb-image__figure:hover img,.wp-block-uagb-image--effect-zoomin .wp-block-uagb-image__figure:hover .wp-block-uagb-image--layout-overlay__color-wrapper{transform:scale(1.05)}.wp-block-uagb-image--effect-slide .wp-block-uagb-image__figure img,.wp-block-uagb-image--effect-slide .wp-block-uagb-image__figure .wp-block-uagb-image--layout-overlay__color-wrapper{width:calc(100% + 40px) !important;max-width:none !important;transform:translate3d(-40px, 0, 0);transition:transform .35s ease-in-out}.wp-block-uagb-image--effect-slide .wp-block-uagb-image__figure:hover img,.wp-block-uagb-image--effect-slide .wp-block-uagb-image__figure:hover .wp-block-uagb-image--layout-overlay__color-wrapper{transform:translate3d(0, 0, 0)}.wp-block-uagb-image--effect-grayscale img{filter:grayscale(0%);transition:.35s ease-in-out}.wp-block-uagb-image--effect-grayscale:hover img{filter:grayscale(100%)}.wp-block-uagb-image--effect-blur img{filter:blur(0);transition:.35s ease-in-out}.wp-block-uagb-image--effect-blur:hover img{filter:blur(3px)}.uagb-block-e6f939b3.wp-block-uagb-image--layout-default figure img{box-shadow: 0px 0px 0 #00000070;}.uagb-block-e6f939b3.wp-block-uagb-image .wp-block-uagb-image__figure figcaption{font-style: normal;align-self: center;}.uagb-block-e6f939b3.wp-block-uagb-image--layout-overlay figure img{box-shadow: 0px 0px 0 #00000070;}.uagb-block-e6f939b3.wp-block-uagb-image--layout-overlay .wp-block-uagb-image--layout-overlay__color-wrapper{opacity: 0.2;}.uagb-block-e6f939b3.wp-block-uagb-image--layout-overlay .wp-block-uagb-image--layout-overlay__inner{left: 15px;right: 15px;top: 15px;bottom: 15px;}.uagb-block-e6f939b3.wp-block-uagb-image--layout-overlay .wp-block-uagb-image--layout-overlay__inner .uagb-image-heading{font-style: normal;color: #fff;opacity: 1;}.uagb-block-e6f939b3.wp-block-uagb-image--layout-overlay .wp-block-uagb-image--layout-overlay__inner .uagb-image-heading a{color: #fff;}.uagb-block-e6f939b3.wp-block-uagb-image--layout-overlay .wp-block-uagb-image--layout-overlay__inner .uagb-image-caption{opacity: 0;}.uagb-block-e6f939b3.wp-block-uagb-image--layout-overlay .wp-block-uagb-image__figure:hover .wp-block-uagb-image--layout-overlay__color-wrapper{opacity: 1;}.uagb-block-e6f939b3.wp-block-uagb-image .wp-block-uagb-image--layout-overlay__inner .uagb-image-separator{width: 30%;border-top-width: 2px;border-top-color: #fff;opacity: 0;}.uagb-block-e6f939b3.wp-block-uagb-image .wp-block-uagb-image__figure img{width: px;height: auto;}.uagb-block-e6f939b3.wp-block-uagb-image .wp-block-uagb-image__figure:hover .wp-block-uagb-image--layout-overlay__inner .uagb-image-caption{opacity: 1;}.uagb-block-e6f939b3.wp-block-uagb-image .wp-block-uagb-image__figure:hover .wp-block-uagb-image--layout-overlay__inner .uagb-image-separator{opacity: 1;}.uagb-block-e6f939b3.wp-block-uagb-image--layout-default figure:hover img{box-shadow: 0px 0px 0 #00000070;}.uagb-block-e6f939b3.wp-block-uagb-image--layout-overlay figure:hover img{box-shadow: 0px 0px 0 #00000070;}@media only screen and (max-width: 976px) {.uagb-block-e6f939b3.wp-block-uagb-image .wp-block-uagb-image__figure img{width: px;height: auto;}}@media only screen and (max-width: 767px) {.uagb-block-e6f939b3.wp-block-uagb-image .wp-block-uagb-image__figure img{width: px;height: auto;}}\";s:2:\"js\";s:0:\"\";s:18:\"current_block_list\";a:13:{i:0;s:11:\"core\/search\";i:1;s:10:\"core\/group\";i:2;s:12:\"core\/heading\";i:3;s:17:\"core\/latest-posts\";i:4;s:20:\"core\/latest-comments\";i:5;s:13:\"core\/archives\";i:6;s:15:\"core\/categories\";i:7;s:14:\"core\/paragraph\";i:8;s:10:\"uagb\/image\";i:9;s:11:\"core\/spacer\";i:10;s:30:\"woocommerce\/product-categories\";i:11;s:10:\"core\/image\";i:12;s:14:\"core\/shortcode\";}s:8:\"uag_flag\";b:1;s:11:\"uag_version\";s:10:\"1777190102\";s:6:\"gfonts\";a:0:{}s:10:\"gfonts_url\";s:0:\"\";s:12:\"gfonts_files\";a:0:{}s:14:\"uag_faq_layout\";b:0;}"]},"uagb_featured_image_src":{"full":["https:\/\/www.ferberpainting.com\/wp-content\/uploads\/2025\/05\/AppleandPearTreeFertilizer.png",2560,2560,false],"thumbnail":["https:\/\/www.ferberpainting.com\/wp-content\/uploads\/2025\/05\/AppleandPearTreeFertilizer-150x150.png",150,150,true],"medium":["https:\/\/www.ferberpainting.com\/wp-content\/uploads\/2025\/05\/AppleandPearTreeFertilizer-300x300.png",300,300,true],"medium_large":["https:\/\/www.ferberpainting.com\/wp-content\/uploads\/2025\/05\/AppleandPearTreeFertilizer-768x768.png",768,768,true],"large":["https:\/\/www.ferberpainting.com\/wp-content\/uploads\/2025\/05\/AppleandPearTreeFertilizer-1024x1024.png",1024,1024,true],"1536x1536":["https:\/\/www.ferberpainting.com\/wp-content\/uploads\/2025\/05\/AppleandPearTreeFertilizer-1536x1536.png",1536,1536,true],"2048x2048":["https:\/\/www.ferberpainting.com\/wp-content\/uploads\/2025\/05\/AppleandPearTreeFertilizer-2048x2048.png",2048,2048,true],"trp-custom-language-flag":["https:\/\/www.ferberpainting.com\/wp-content\/uploads\/2025\/05\/AppleandPearTreeFertilizer-12x12.png",12,12,true],"woocommerce_thumbnail":["https:\/\/www.ferberpainting.com\/wp-content\/uploads\/2025\/05\/AppleandPearTreeFertilizer-300x300.png",300,300,true],"woocommerce_single":["https:\/\/www.ferberpainting.com\/wp-content\/uploads\/2025\/05\/AppleandPearTreeFertilizer-600x600.png",600,600,true],"woocommerce_gallery_thumbnail":["https:\/\/www.ferberpainting.com\/wp-content\/uploads\/2025\/05\/AppleandPearTreeFertilizer-100x100.png",100,100,true]},"uagb_author_info":{"display_name":"admin","author_link":"https:\/\/www.ferberpainting.com\/fi\/author\/"},"uagb_comment_info":14,"uagb_excerpt":"A fertilizer specially designed to promote the growth and fruiting of apple and pear trees.\u00a0This fertilizer, balanced in nitrogen (N), phosphorus (P), and potassium (K), with an NPK 10-10-10 formulation, ensures the optimal development of roots, leaves, and fruits. It promotes vigorous growth, abundant flowering, and generous fruiting, guaranteeing tasty and well-formed apples and pears.&hellip;","_links":{"self":[{"href":"https:\/\/www.ferberpainting.com\/fi\/wp-json\/wp\/v2\/product\/23069","targetHints":{"allow":["GET"]}}],"collection":[{"href":"https:\/\/www.ferberpainting.com\/fi\/wp-json\/wp\/v2\/product"}],"about":[{"href":"https:\/\/www.ferberpainting.com\/fi\/wp-json\/wp\/v2\/types\/product"}],"replies":[{"embeddable":true,"href":"https:\/\/www.ferberpainting.com\/fi\/wp-json\/wp\/v2\/comments?post=23069"}],"version-history":[{"count":7,"href":"https:\/\/www.ferberpainting.com\/fi\/wp-json\/wp\/v2\/product\/23069\/revisions"}],"predecessor-version":[{"id":166025,"href":"https:\/\/www.ferberpainting.com\/fi\/wp-json\/wp\/v2\/product\/23069\/revisions\/166025"}],"wp:featuredmedia":[{"embeddable":true,"href":"https:\/\/www.ferberpainting.com\/fi\/wp-json\/wp\/v2\/media\/24947"}],"wp:attachment":[{"href":"https:\/\/www.ferberpainting.com\/fi\/wp-json\/wp\/v2\/media?parent=23069"}],"wp:term":[{"taxonomy":"product_brand","embeddable":true,"href":"https:\/\/www.ferberpainting.com\/fi\/wp-json\/wp\/v2\/product_brand?post=23069"},{"taxonomy":"product_cat","embeddable":true,"href":"https:\/\/www.ferberpainting.com\/fi\/wp-json\/wp\/v2\/product_cat?post=23069"},{"taxonomy":"product_tag","embeddable":true,"href":"https:\/\/www.ferberpainting.com\/fi\/wp-json\/wp\/v2\/product_tag?post=23069"}],"curies":[{"name":"wp","href":"https:\/\/api.w.org\/{rel}","templated":true}]}}