{"id":23065,"date":"2025-05-26T10:22:28","date_gmt":"2025-05-26T08:22:28","guid":{"rendered":"https:\/\/www.ferberpainting.com\/products\/antirust-varnish\/"},"modified":"2026-02-24T18:50:37","modified_gmt":"2026-02-24T17:50:37","slug":"antirust-varnish","status":"publish","type":"product","link":"https:\/\/www.ferberpainting.com\/fi\/products\/antirust-varnish\/","title":{"rendered":"Ruosteenestolakka"},"content":{"rendered":"<p><img decoding=\"async\" style=\"margin-right: 12px;\" src=\"https:\/\/www.ferberpainting.com\/wp-content\/uploads\/2026\/02\/Check.svg\" alt=\"\" width=\"18\" height=\"15\" \/><strong>Pys\u00e4yt\u00e4 ruoste ja suojaa metallipintoja pitk\u00e4kestoisella suojauksella.<\/strong> Ruosteenestolakkamme on erityisesti suunniteltu est\u00e4m\u00e4\u00e4n korroosiota ja suojaamaan metallipintoja kosteuden, ilman ja ymp\u00e4rist\u00f6n aiheuttamalta hapettumiselta. Se luo vahvan suojaavan esteen, joka erist\u00e4\u00e4 metallin sy\u00f6vytt\u00e4vilt\u00e4 elementeilt\u00e4 ja pident\u00e4\u00e4 merkitt\u00e4v\u00e4sti ty\u00f6kalujen, rakenteiden, koneiden, porttien, kaiteiden ja muiden metalliosien k\u00e4ytt\u00f6ik\u00e4\u00e4. K\u00e4ytettiinp\u00e4 sit\u00e4 sitten sis\u00e4ll\u00e4 tai ulkona, se tarjoaa luotettavan ja kest\u00e4v\u00e4n suojan ruosteen muodostumista vastaan.<\/p>\n<p><strong><img decoding=\"async\" style=\"margin-right: 12px;\" src=\"https:\/\/www.ferberpainting.com\/wp-content\/uploads\/2026\/02\/Check.svg\" alt=\"\" width=\"18\" height=\"15\" \/>Tehokkain saatavilla oleva korroosionestoratkaisu.<\/strong> T\u00e4m\u00e4 tehokas koostumus tunkeutuu metallipintoihin ja tiivist\u00e4\u00e4 ne est\u00e4\u00e4kseen ruostetta aiheuttavat s\u00e4hk\u00f6kemialliset reaktiot. Se ei ainoastaan est\u00e4 uutta korroosiota, vaan vakauttaa my\u00f6s kevyesti hapettuneet pinnat, kun ne on asianmukaisesti valmisteltu. Verrattuna tavanomaisiin maaleihin tai peruspohjamaaleihin ruosteenestolakkamme tarjoaa erinomaisen tarttuvuuden, parannetun kest\u00e4vyyden ja pitk\u00e4aikaisen kest\u00e4vyyden haastavissa olosuhteissa.<\/p>\n<p><strong><img decoding=\"async\" style=\"margin-right: 12px;\" src=\"https:\/\/www.ferberpainting.com\/wp-content\/uploads\/2026\/02\/Check.svg\" alt=\"\" width=\"18\" height=\"15\" \/>Rahat takaisin -takuu takaa t\u00e4ydellisen mielenrauhan.<\/strong> Luotamme ruosteenestolakkamme tehokkuuteen ja tarjoamme t\u00e4yden rahanpalautustakuun. Jos et ole t\u00e4ysin tyytyv\u00e4inen tuloksiin, palautamme ostoksesi. T\u00e4m\u00e4 riskit\u00f6n sitoumus kuvastaa luottamustamme tuotteen suojaavaan suorituskykyyn ja luotettavuuteen.<\/p>\n<p><strong><img decoding=\"async\" style=\"margin-right: 12px;\" src=\"https:\/\/www.ferberpainting.com\/wp-content\/uploads\/2026\/02\/Check.svg\" alt=\"\" width=\"18\" height=\"15\" \/>Markkinoiden halvin ammattik\u00e4ytt\u00f6\u00f6n tarkoitettu ruosteenestolakka.<\/strong> Korkealuokkaisen korroosiosuojauksen ei tarvitse maksaa korkeaa hintaa. Ruosteenestolakassamme yhdistyv\u00e4t ammattilaistason kest\u00e4vyys ja kilpailukykyisin hinta. Se tarjoaa erinomaista arvoa verrattuna kalliisiin teollisuuspinnoitteisiin tai usein toistuviin uudelleenmaalauksiin.<\/p>\n<p><strong><img decoding=\"async\" style=\"margin-right: 12px;\" src=\"https:\/\/www.ferberpainting.com\/wp-content\/uploads\/2026\/02\/Check.svg\" alt=\"\" width=\"18\" height=\"15\" \/>Nopea 24 tunnin toimitus v\u00e4lit\u00f6nt\u00e4 suojaa varten.<\/strong> Kun ruostetta alkaa ilmaantua, nopea toiminta on v\u00e4ltt\u00e4m\u00e4t\u00f6nt\u00e4 lis\u00e4vahinkojen est\u00e4miseksi. Siksi tarjoamme luotettavan 24 tunnin toimituksen. Tilauksesi k\u00e4sitell\u00e4\u00e4n ja l\u00e4hetet\u00e4\u00e4n nopeasti, jotta voit suojata metallipintasi viipym\u00e4tt\u00e4.<\/p>\n<p><strong><img decoding=\"async\" style=\"margin-right: 12px;\" src=\"https:\/\/www.ferberpainting.com\/wp-content\/uploads\/2026\/02\/Check.svg\" alt=\"\" width=\"18\" height=\"15\" \/>Erinomainen peitt\u00e4vyys, jopa 12 m\u00b2 litraa kohti.<\/strong> T\u00e4m\u00e4n lakan peitt\u00e4vyys on jopa 12 neli\u00f6metri\u00e4 litraa kohti, joten se on tehokas ja taloudellinen. Yhdell\u00e4 litralla voidaan k\u00e4sitell\u00e4 huomattavia pinta-aloja, kuten aitoja, metalliovia, koneiden osia tai rakenneosia, mik\u00e4 tarjoaa maksimaalisen tuottavuuden ja kustannusten hallinnan.<\/p>\n<p><strong><img decoding=\"async\" style=\"margin-right: 12px;\" src=\"https:\/\/www.ferberpainting.com\/wp-content\/uploads\/2026\/02\/Check.svg\" alt=\"\" width=\"18\" height=\"15\" \/>Muodostaa kest\u00e4v\u00e4n suojakerroksen kosteutta ja s\u00e4\u00e4t\u00e4 vastaan.<\/strong> Kun lakka on levitetty, se muodostaa kest\u00e4v\u00e4n kalvon, joka kest\u00e4\u00e4 kosteutta, sadetta ja ymp\u00e4rist\u00f6n ep\u00e4puhtauksia. T\u00e4m\u00e4 este hidastaa merkitt\u00e4v\u00e4sti korroosioprosesseja ja suojaa metallia my\u00f6s ulko- tai teollisuusymp\u00e4rist\u00f6iss\u00e4, jotka altistuvat vaihteleville l\u00e4mp\u00f6tiloille ja s\u00e4\u00e4olosuhteille.<\/p>\n<p><strong><img decoding=\"async\" style=\"margin-right: 12px;\" src=\"https:\/\/www.ferberpainting.com\/wp-content\/uploads\/2026\/02\/Check.svg\" alt=\"\" width=\"18\" height=\"15\" \/>Parantaa pintak\u00e4sittely\u00e4 s\u00e4ilytt\u00e4en samalla metallin ulkon\u00e4\u00f6n.<\/strong> Lakka antaa puhtaan, yhten\u00e4isen pinnan, joka parantaa metallipintojen ulkon\u00e4k\u00f6\u00e4. Se voi s\u00e4ilytt\u00e4\u00e4 luonnollisen metallisen ulkon\u00e4\u00f6n ja lis\u00e4t\u00e4 samalla suojaavaa kiiltoa tai toimia kirkkaana suojakerroksena maalattujen pintojen p\u00e4\u00e4ll\u00e4 muuttamatta niiden v\u00e4ri\u00e4.<\/p>\n<p><strong><img decoding=\"async\" style=\"margin-right: 12px;\" src=\"https:\/\/www.ferberpainting.com\/wp-content\/uploads\/2026\/02\/Check.svg\" alt=\"\" width=\"18\" height=\"15\" \/>Soveltuu monenlaisille metallipinnoille.<\/strong> T\u00e4m\u00e4 ruosteenestolakka on yhteensopiva ter\u00e4ksen, raudan ja muiden rautametallien kanssa, joita k\u00e4ytet\u00e4\u00e4n yleisesti rakentamisessa, autonosissa, ty\u00f6kaluissa, kaiteissa, porteissa ja laitteissa. Monik\u00e4ytt\u00f6isyytens\u00e4 ansiosta se sopii erinomaisesti asuin-, liike- ja teollisuusk\u00e4ytt\u00f6\u00f6n.<\/p>\n<p><strong><img decoding=\"async\" style=\"margin-right: 12px;\" src=\"https:\/\/www.ferberpainting.com\/wp-content\/uploads\/2026\/02\/Check.svg\" alt=\"\" width=\"18\" height=\"15\" \/>Helppo sovellus ammattilaisille ja DIY-k\u00e4ytt\u00e4jille.<\/strong> Lakka on suunniteltu helppok\u00e4ytt\u00f6iseksi, ja se voidaan levitt\u00e4\u00e4 siveltimell\u00e4, telalla tai ruiskulla. Sen tasainen koostumus mahdollistaa tasaisen levityksen ja vahvan tarttuvuuden, mik\u00e4 takaa ammattilaistasoisen lopputuloksen ilman erikoislaitteita.<\/p>\n<h2><strong>Ohjeet<\/strong><\/h2>\n<ul>\n<li>Varmista, ett\u00e4 metallipinta on puhdas, kuiva ja ettei siin\u00e4 ole p\u00f6ly\u00e4, rasvaa, \u00f6ljy\u00e4 tai irtoruostetta ennen levitt\u00e4mist\u00e4.<\/li>\n<li>Poista olemassa oleva ruoste hiekkapaperilla, lankaharjalla tai mekaanisella hionnalla, jotta saadaan aikaan vakaa pinta.<\/li>\n<li>Pyyhi pinta tarvittaessa sopivalla rasvanpoistoaineella ja anna sen kuivua kokonaan.<\/li>\n<li>Sekoita lakka huolellisesti ennen k\u00e4ytt\u00f6\u00e4 tasaisen koostumuksen varmistamiseksi.<\/li>\n<li>Levit\u00e4 ohut ja tasainen kerros siveltimell\u00e4, telalla tai ruiskulla. V\u00e4lt\u00e4 liiallista kerrostumista.<\/li>\n<li>Noudata peittokyky\u00e4, joka on noin 12 m\u00b2 litraa kohti. Suositeltu keskim\u00e4\u00e4r\u00e4inen annostus on noin 80-100 ml neli\u00f6metri\u00e4 kohti pinnan rakenteesta ja huokoisuudesta riippuen.<\/li>\n<li>Anna ensimm\u00e4isen kerroksen kuivua t\u00e4ysin ymp\u00e4rist\u00f6olosuhteiden mukaan ennen toisen kerroksen levitt\u00e4mist\u00e4, jos lis\u00e4suojaus on tarpeen.<\/li>\n<li>Optimaalisen pitk\u00e4aikaisen suojan saavuttamiseksi levit\u00e4 kaksi ohutta kerrosta yhden paksun kerroksen sijaan.<\/li>\n<li>V\u00e4lt\u00e4 levitt\u00e4mist\u00e4 eritt\u00e4in kosteissa olosuhteissa tai sateen aikana, jotta varmistetaan asianmukainen kovettuminen ja tartunta.<\/li>\n<li>Anna riitt\u00e4v\u00e4sti kovettumisaikaa, ennen kuin k\u00e4sittelem\u00e4si pinta altistuu kovalle k\u00e4yt\u00f6lle tai ankarille ymp\u00e4rist\u00f6olosuhteille.<\/li>\n<li>Puhdista levitysty\u00f6kalut v\u00e4litt\u00f6m\u00e4sti k\u00e4yt\u00f6n j\u00e4lkeen tarvittaessa sopivilla liuottimilla ja s\u00e4ilyt\u00e4 s\u00e4ili\u00f6 tiiviisti suljettuna viile\u00e4ss\u00e4, kuivassa paikassa, jossa ei ole suoraa auringonvaloa.<\/li>\n<\/ul>\n<p>&nbsp;<\/p>","protected":false},"excerpt":{"rendered":"<p>Stop rust and protect metal surfaces with long-lasting defense. Our anti-rust varnish is specially formulated to prevent corrosion and protect metal surfaces from oxidation caused by moisture, air, and environmental exposure. It creates a strong protective barrier that isolates metal from corrosive elements, significantly extending the lifespan of tools, structures, machinery, gates, railings, and other [&hellip;]<\/p>\n","protected":false},"featured_media":24791,"comment_status":"open","ping_status":"closed","template":"","meta":{"_uag_custom_page_level_css":"","site-sidebar-layout":"default","site-content-layout":"","ast-site-content-layout":"default","site-content-style":"default","site-sidebar-style":"default","ast-global-header-display":"","ast-banner-title-visibility":"","ast-main-header-display":"","ast-hfb-above-header-display":"","ast-hfb-below-header-display":"","ast-hfb-mobile-header-display":"","site-post-title":"","ast-breadcrumbs-content":"","ast-featured-img":"","footer-sml-layout":"","ast-disable-related-posts":"","theme-transparent-header-meta":"default","adv-header-id-meta":"","stick-header-meta":"","header-above-stick-meta":"","header-main-stick-meta":"","header-below-stick-meta":"","astra-migrate-meta-layouts":"set","ast-page-background-enabled":"default","ast-page-background-meta":{"desktop":{"background-color":"var(--ast-global-color-4)","background-image":"","background-repeat":"repeat","background-position":"center center","background-size":"auto","background-attachment":"scroll","background-type":"","background-media":"","overlay-type":"","overlay-color":"","overlay-opacity":"","overlay-gradient":""},"tablet":{"background-color":"","background-image":"","background-repeat":"repeat","background-position":"center center","background-size":"auto","background-attachment":"scroll","background-type":"","background-media":"","overlay-type":"","overlay-color":"","overlay-opacity":"","overlay-gradient":""},"mobile":{"background-color":"","background-image":"","background-repeat":"repeat","background-position":"center center","background-size":"auto","background-attachment":"scroll","background-type":"","background-media":"","overlay-type":"","overlay-color":"","overlay-opacity":"","overlay-gradient":""}},"ast-content-background-meta":{"desktop":{"background-color":"var(--ast-global-color-5)","background-image":"","background-repeat":"repeat","background-position":"center center","background-size":"auto","background-attachment":"scroll","background-type":"","background-media":"","overlay-type":"","overlay-color":"","overlay-opacity":"","overlay-gradient":""},"tablet":{"background-color":"var(--ast-global-color-5)","background-image":"","background-repeat":"repeat","background-position":"center center","background-size":"auto","background-attachment":"scroll","background-type":"","background-media":"","overlay-type":"","overlay-color":"","overlay-opacity":"","overlay-gradient":""},"mobile":{"background-color":"var(--ast-global-color-5)","background-image":"","background-repeat":"repeat","background-position":"center center","background-size":"auto","background-attachment":"scroll","background-type":"","background-media":"","overlay-type":"","overlay-color":"","overlay-opacity":"","overlay-gradient":""}}},"product_brand":[],"product_cat":[190],"product_tag":[],"class_list":{"0":"post-23065","1":"product","2":"type-product","3":"status-publish","4":"has-post-thumbnail","6":"product_cat-varnish","7":"desktop-align-left","8":"tablet-align-left","9":"mobile-align-left","11":"first","12":"instock","13":"sale","14":"shipping-taxable","15":"purchasable","16":"product-type-variable","17":"has-default-attributes"},"spectra_custom_meta":{"_visibility":["visible"],"_shopify_product_id":["1328687120454"],"_s2w_shopify_domain":["ferberpainting.myshopify.com"],"_shopify_variant_id":["12158520262726"],"_sku":["FPANTIRUSTVARNISH"],"_manage_stock":["no"],"total_sales":["26"],"_tax_status":["taxable"],"_tax_class":[""],"_backorders":["no"],"_sold_individually":["no"],"_virtual":["no"],"_downloadable":["no"],"_download_limit":["-1"],"_download_expiry":["-1"],"_stock":[null],"_stock_status":["instock"],"_wc_average_rating":["4.80"],"_wc_review_count":["86"],"_product_attributes":["a:1:{s:6:\"volume\";a:6:{s:4:\"name\";s:6:\"Volume\";s:5:\"value\";s:30:\"1 liter | 5 liters | 20 liters\";s:8:\"position\";i:1;s:10:\"is_visible\";i:0;s:12:\"is_variation\";i:1;s:11:\"is_taxonomy\";i:0;}}"],"_product_version":["10.5.2"],"_thumbnail_id":["24791"],"_product_image_gallery":["24813,24814,24910"],"merchant-center-availability":["yes"],"merchant-center-category":["503738"],"merchant-center-id":["VAR"],"wpse_downloadable_file_names":[""],"wpse_downloadable_file_urls":[""],"_edit_last":["1"],"_default_attributes":["a:1:{s:6:\"volume\";s:7:\"1 liter\";}"],"_wc_rating_count":["a:3:{i:3;i:4;i:4;i:9;i:5;i:73;}"],"_edit_lock":["1771955437:1"],"_price":["19.90","89.90","299.90"],"_wp_page_template":["default"],"site-sidebar-layout":["default"],"ast-site-content-layout":["default"],"site-content-style":["default"],"site-sidebar-style":["default"],"theme-transparent-header-meta":["default"],"astra-migrate-meta-layouts":["set"],"_uag_css_file_name":["uag-css-23065.css"],"_elementor_page_assets":["a:0:{}"],"_uag_page_assets":["a:9:{s:3:\"css\";s:7133:\".uag-blocks-common-selector{z-index:var(--z-index-desktop) !important}@media(max-width: 976px){.uag-blocks-common-selector{z-index:var(--z-index-tablet) !important}}@media(max-width: 767px){.uag-blocks-common-selector{z-index:var(--z-index-mobile) !important}}.wp-block-uagb-image{display:flex}.wp-block-uagb-image__figure{position:relative;display:flex;flex-direction:column;max-width:100%;height:auto;margin:0}.wp-block-uagb-image__figure img{height:auto;display:flex;max-width:100%;transition:box-shadow .2s ease}.wp-block-uagb-image__figure>a{display:inline-block}.wp-block-uagb-image__figure figcaption{text-align:center;margin-top:.5em;margin-bottom:1em}.wp-block-uagb-image .components-placeholder.block-editor-media-placeholder .components-placeholder__instructions{align-self:center}.wp-block-uagb-image--align-left{text-align:left}.wp-block-uagb-image--align-right{text-align:right}.wp-block-uagb-image--align-center{text-align:center}.wp-block-uagb-image--align-full .wp-block-uagb-image__figure{margin-left:calc(50% - 50vw);margin-right:calc(50% - 50vw);max-width:100vw;width:100vw;height:auto}.wp-block-uagb-image--align-full .wp-block-uagb-image__figure img{height:auto;width:100% !important}.wp-block-uagb-image--align-wide .wp-block-uagb-image__figure img{height:auto;width:100%}.wp-block-uagb-image--layout-overlay__color-wrapper{position:absolute;left:0;top:0;right:0;bottom:0;opacity:.2;background:rgba(0,0,0,.5);transition:opacity .35s ease-in-out}.wp-block-uagb-image--layout-overlay-link{position:absolute;left:0;right:0;bottom:0;top:0}.wp-block-uagb-image--layout-overlay .wp-block-uagb-image__figure:hover .wp-block-uagb-image--layout-overlay__color-wrapper{opacity:1}.wp-block-uagb-image--layout-overlay__inner{position:absolute;left:15px;right:15px;bottom:15px;top:15px;display:flex;align-items:center;justify-content:center;flex-direction:column;border-color:#fff;transition:.35s ease-in-out}.wp-block-uagb-image--layout-overlay__inner.top-left,.wp-block-uagb-image--layout-overlay__inner.top-center,.wp-block-uagb-image--layout-overlay__inner.top-right{justify-content:flex-start}.wp-block-uagb-image--layout-overlay__inner.bottom-left,.wp-block-uagb-image--layout-overlay__inner.bottom-center,.wp-block-uagb-image--layout-overlay__inner.bottom-right{justify-content:flex-end}.wp-block-uagb-image--layout-overlay__inner.top-left,.wp-block-uagb-image--layout-overlay__inner.center-left,.wp-block-uagb-image--layout-overlay__inner.bottom-left{align-items:flex-start}.wp-block-uagb-image--layout-overlay__inner.top-right,.wp-block-uagb-image--layout-overlay__inner.center-right,.wp-block-uagb-image--layout-overlay__inner.bottom-right{align-items:flex-end}.wp-block-uagb-image--layout-overlay__inner .uagb-image-heading{color:#fff;transition:transform .35s,opacity .35s ease-in-out;transform:translate3d(0, 24px, 0);margin:0;line-height:1em}.wp-block-uagb-image--layout-overlay__inner .uagb-image-separator{width:30%;border-top-width:2px;border-top-color:#fff;border-top-style:solid;margin-bottom:10px;opacity:0;transition:transform .4s,opacity .4s ease-in-out;transform:translate3d(0, 30px, 0)}.wp-block-uagb-image--layout-overlay__inner .uagb-image-caption{opacity:0;overflow:visible;color:#fff;transition:transform .45s,opacity .45s ease-in-out;transform:translate3d(0, 35px, 0)}.wp-block-uagb-image--layout-overlay__inner:hover .uagb-image-heading,.wp-block-uagb-image--layout-overlay__inner:hover .uagb-image-separator,.wp-block-uagb-image--layout-overlay__inner:hover .uagb-image-caption{opacity:1;transform:translate3d(0, 0, 0)}.wp-block-uagb-image--effect-zoomin .wp-block-uagb-image__figure img,.wp-block-uagb-image--effect-zoomin .wp-block-uagb-image__figure .wp-block-uagb-image--layout-overlay__color-wrapper{transform:scale(1);transition:transform .35s ease-in-out}.wp-block-uagb-image--effect-zoomin .wp-block-uagb-image__figure:hover img,.wp-block-uagb-image--effect-zoomin .wp-block-uagb-image__figure:hover .wp-block-uagb-image--layout-overlay__color-wrapper{transform:scale(1.05)}.wp-block-uagb-image--effect-slide .wp-block-uagb-image__figure img,.wp-block-uagb-image--effect-slide .wp-block-uagb-image__figure .wp-block-uagb-image--layout-overlay__color-wrapper{width:calc(100% + 40px) !important;max-width:none !important;transform:translate3d(-40px, 0, 0);transition:transform .35s ease-in-out}.wp-block-uagb-image--effect-slide .wp-block-uagb-image__figure:hover img,.wp-block-uagb-image--effect-slide .wp-block-uagb-image__figure:hover .wp-block-uagb-image--layout-overlay__color-wrapper{transform:translate3d(0, 0, 0)}.wp-block-uagb-image--effect-grayscale img{filter:grayscale(0%);transition:.35s ease-in-out}.wp-block-uagb-image--effect-grayscale:hover img{filter:grayscale(100%)}.wp-block-uagb-image--effect-blur img{filter:blur(0);transition:.35s ease-in-out}.wp-block-uagb-image--effect-blur:hover img{filter:blur(3px)}.uagb-block-e6f939b3.wp-block-uagb-image--layout-default figure img{box-shadow: 0px 0px 0 #00000070;}.uagb-block-e6f939b3.wp-block-uagb-image .wp-block-uagb-image__figure figcaption{font-style: normal;align-self: center;}.uagb-block-e6f939b3.wp-block-uagb-image--layout-overlay figure img{box-shadow: 0px 0px 0 #00000070;}.uagb-block-e6f939b3.wp-block-uagb-image--layout-overlay .wp-block-uagb-image--layout-overlay__color-wrapper{opacity: 0.2;}.uagb-block-e6f939b3.wp-block-uagb-image--layout-overlay .wp-block-uagb-image--layout-overlay__inner{left: 15px;right: 15px;top: 15px;bottom: 15px;}.uagb-block-e6f939b3.wp-block-uagb-image--layout-overlay .wp-block-uagb-image--layout-overlay__inner .uagb-image-heading{font-style: normal;color: #fff;opacity: 1;}.uagb-block-e6f939b3.wp-block-uagb-image--layout-overlay .wp-block-uagb-image--layout-overlay__inner .uagb-image-heading a{color: #fff;}.uagb-block-e6f939b3.wp-block-uagb-image--layout-overlay .wp-block-uagb-image--layout-overlay__inner .uagb-image-caption{opacity: 0;}.uagb-block-e6f939b3.wp-block-uagb-image--layout-overlay .wp-block-uagb-image__figure:hover .wp-block-uagb-image--layout-overlay__color-wrapper{opacity: 1;}.uagb-block-e6f939b3.wp-block-uagb-image .wp-block-uagb-image--layout-overlay__inner .uagb-image-separator{width: 30%;border-top-width: 2px;border-top-color: #fff;opacity: 0;}.uagb-block-e6f939b3.wp-block-uagb-image .wp-block-uagb-image__figure img{width: px;height: auto;}.uagb-block-e6f939b3.wp-block-uagb-image .wp-block-uagb-image__figure:hover .wp-block-uagb-image--layout-overlay__inner .uagb-image-caption{opacity: 1;}.uagb-block-e6f939b3.wp-block-uagb-image .wp-block-uagb-image__figure:hover .wp-block-uagb-image--layout-overlay__inner .uagb-image-separator{opacity: 1;}.uagb-block-e6f939b3.wp-block-uagb-image--layout-default figure:hover img{box-shadow: 0px 0px 0 #00000070;}.uagb-block-e6f939b3.wp-block-uagb-image--layout-overlay figure:hover img{box-shadow: 0px 0px 0 #00000070;}@media only screen and (max-width: 976px) {.uagb-block-e6f939b3.wp-block-uagb-image .wp-block-uagb-image__figure img{width: px;height: auto;}}@media only screen and (max-width: 767px) {.uagb-block-e6f939b3.wp-block-uagb-image .wp-block-uagb-image__figure img{width: px;height: auto;}}\";s:2:\"js\";s:0:\"\";s:18:\"current_block_list\";a:13:{i:0;s:11:\"core\/search\";i:1;s:10:\"core\/group\";i:2;s:12:\"core\/heading\";i:3;s:17:\"core\/latest-posts\";i:4;s:20:\"core\/latest-comments\";i:5;s:13:\"core\/archives\";i:6;s:15:\"core\/categories\";i:7;s:14:\"core\/paragraph\";i:8;s:10:\"uagb\/image\";i:9;s:11:\"core\/spacer\";i:10;s:30:\"woocommerce\/product-categories\";i:11;s:10:\"core\/image\";i:12;s:14:\"core\/shortcode\";}s:8:\"uag_flag\";b:1;s:11:\"uag_version\";s:10:\"1777118467\";s:6:\"gfonts\";a:0:{}s:10:\"gfonts_url\";s:0:\"\";s:12:\"gfonts_files\";a:0:{}s:14:\"uag_faq_layout\";b:0;}"]},"uagb_featured_image_src":{"full":["https:\/\/www.ferberpainting.com\/wp-content\/uploads\/2025\/05\/1Liter.png",2560,2276,false],"thumbnail":["https:\/\/www.ferberpainting.com\/wp-content\/uploads\/2025\/05\/1Liter-150x150.png",150,150,true],"medium":["https:\/\/www.ferberpainting.com\/wp-content\/uploads\/2025\/05\/1Liter-300x267.png",300,267,true],"medium_large":["https:\/\/www.ferberpainting.com\/wp-content\/uploads\/2025\/05\/1Liter-768x683.png",768,683,true],"large":["https:\/\/www.ferberpainting.com\/wp-content\/uploads\/2025\/05\/1Liter-1024x910.png",1024,910,true],"1536x1536":["https:\/\/www.ferberpainting.com\/wp-content\/uploads\/2025\/05\/1Liter-1536x1366.png",1536,1366,true],"2048x2048":["https:\/\/www.ferberpainting.com\/wp-content\/uploads\/2025\/05\/1Liter-2048x1821.png",2048,1821,true],"trp-custom-language-flag":["https:\/\/www.ferberpainting.com\/wp-content\/uploads\/2025\/05\/1Liter-13x12.png",13,12,true],"woocommerce_thumbnail":["https:\/\/www.ferberpainting.com\/wp-content\/uploads\/2025\/05\/1Liter-300x300.png",300,300,true],"woocommerce_single":["https:\/\/www.ferberpainting.com\/wp-content\/uploads\/2025\/05\/1Liter-600x533.png",600,533,true],"woocommerce_gallery_thumbnail":["https:\/\/www.ferberpainting.com\/wp-content\/uploads\/2025\/05\/1Liter-100x100.png",100,100,true]},"uagb_author_info":{"display_name":"admin","author_link":"https:\/\/www.ferberpainting.com\/fi\/author\/"},"uagb_comment_info":86,"uagb_excerpt":"Stop rust and protect metal surfaces with long-lasting defense. Our anti-rust varnish is specially formulated to prevent corrosion and protect metal surfaces from oxidation caused by moisture, air, and environmental exposure. It creates a strong protective barrier that isolates metal from corrosive elements, significantly extending the lifespan of tools, structures, machinery, gates, railings, and other&hellip;","_links":{"self":[{"href":"https:\/\/www.ferberpainting.com\/fi\/wp-json\/wp\/v2\/product\/23065","targetHints":{"allow":["GET"]}}],"collection":[{"href":"https:\/\/www.ferberpainting.com\/fi\/wp-json\/wp\/v2\/product"}],"about":[{"href":"https:\/\/www.ferberpainting.com\/fi\/wp-json\/wp\/v2\/types\/product"}],"replies":[{"embeddable":true,"href":"https:\/\/www.ferberpainting.com\/fi\/wp-json\/wp\/v2\/comments?post=23065"}],"version-history":[{"count":5,"href":"https:\/\/www.ferberpainting.com\/fi\/wp-json\/wp\/v2\/product\/23065\/revisions"}],"predecessor-version":[{"id":166024,"href":"https:\/\/www.ferberpainting.com\/fi\/wp-json\/wp\/v2\/product\/23065\/revisions\/166024"}],"wp:featuredmedia":[{"embeddable":true,"href":"https:\/\/www.ferberpainting.com\/fi\/wp-json\/wp\/v2\/media\/24791"}],"wp:attachment":[{"href":"https:\/\/www.ferberpainting.com\/fi\/wp-json\/wp\/v2\/media?parent=23065"}],"wp:term":[{"taxonomy":"product_brand","embeddable":true,"href":"https:\/\/www.ferberpainting.com\/fi\/wp-json\/wp\/v2\/product_brand?post=23065"},{"taxonomy":"product_cat","embeddable":true,"href":"https:\/\/www.ferberpainting.com\/fi\/wp-json\/wp\/v2\/product_cat?post=23065"},{"taxonomy":"product_tag","embeddable":true,"href":"https:\/\/www.ferberpainting.com\/fi\/wp-json\/wp\/v2\/product_tag?post=23065"}],"curies":[{"name":"wp","href":"https:\/\/api.w.org\/{rel}","templated":true}]}}