{"id":23056,"date":"2025-05-26T10:22:24","date_gmt":"2025-05-26T08:22:24","guid":{"rendered":"https:\/\/www.ferberpainting.com\/products\/anthurium-fertilizer\/"},"modified":"2026-02-24T18:46:25","modified_gmt":"2026-02-24T17:46:25","slug":"anthurium-fertilizer","status":"publish","type":"product","link":"https:\/\/www.ferberpainting.com\/fi\/products\/anthurium-fertilizer\/","title":{"rendered":"Lannoite anthuriumille"},"content":{"rendered":"<p><img decoding=\"async\" style=\"margin-right: 12px;\" src=\"https:\/\/www.ferberpainting.com\/wp-content\/uploads\/2026\/02\/Check.svg\" alt=\"\" width=\"18\" height=\"15\" \/><strong>Tasapainoinen lannoite terveille anturioille.<\/strong>\u00a0T\u00e4m\u00e4 lannoite anthuriumeille on suunniteltu erityisesti edist\u00e4m\u00e4\u00e4n t\u00e4m\u00e4n kirkkaista kukistaan ja rehevist\u00e4 lehdist\u00e4\u00e4n tunnetun trooppisen kasvin kasvua, kukintaa ja kest\u00e4vyytt\u00e4. NPK 15-15-15 -koostumuksensa ansiosta se tarjoaa t\u00e4ydellisen tasapainon typen (N), joka edist\u00e4\u00e4 lehtien kehityst\u00e4, fosforin (P), joka tukee vahvojen juurien muodostumista, ja kaliumin (K) v\u00e4lill\u00e4, joka parantaa vastustuskyky\u00e4 tauteja vastaan ja stimuloi kukintaa. Se takaa elinvoimaisemman kasvin, jolla on vihre\u00e4t lehdet ja voimakkaat, kiilt\u00e4v\u00e4t kukat.<\/p>\n<p><img decoding=\"async\" style=\"margin-right: 12px;\" src=\"https:\/\/www.ferberpainting.com\/wp-content\/uploads\/2026\/02\/Check.svg\" alt=\"\" width=\"18\" height=\"15\" \/><strong>Rahat takaisin -takuu.<\/strong>\u00a0Luotamme t\u00e4ysin anthurium-lannoitteemme tehokkuuteen, mink\u00e4 vuoksi tarjoamme rahanpalautustakuun. Jos anturiumisi ei suositusten mukaisesta k\u00e4yt\u00f6st\u00e4 huolimatta parane n\u00e4kyv\u00e4sti kasvussa, elinvoimaisuudessa tai kukinnassa, lupaamme palauttaa ostoksesi ehdoitta, mik\u00e4 takaa riskitt\u00f6m\u00e4n ostoksen.<\/p>\n<p><img decoding=\"async\" style=\"margin-right: 12px;\" src=\"https:\/\/www.ferberpainting.com\/wp-content\/uploads\/2026\/02\/Check.svg\" alt=\"\" width=\"18\" height=\"15\" \/><strong>Sopii kaikille anturiumlajikkeille ja erityyppisille kasvualustoille.<\/strong>\u00a0T\u00e4m\u00e4 lannoite sopii punaisille, vaaleanpunaisille, violeteille, sinisille ja sinisille anturioille ja muille hybridilajikkeille, joita kasvatetaan ruukuissa, kasvihuoneissa tai avoimessa maaper\u00e4ss\u00e4 trooppisessa ilmastossa. Sit\u00e4 k\u00e4ytet\u00e4\u00e4n kaikentyyppisill\u00e4 kasvualustoilla, erityisesti kuoripohjaisilla seoksilla, turpeella, kookoskuidulla tai perliitill\u00e4, mik\u00e4 takaa optimaalisen ravinteiden imeytymisen ilman, ett\u00e4 maaper\u00e4 tasapainottuu.<\/p>\n<p><img decoding=\"async\" style=\"margin-right: 12px;\" src=\"https:\/\/www.ferberpainting.com\/wp-content\/uploads\/2026\/02\/Check.svg\" alt=\"\" width=\"18\" height=\"15\" \/><strong>Kustannustehokas sato ja pitk\u00e4aikainen lannoitus.<\/strong>\u00a0Sen nestem\u00e4isen tiivisteen ansiosta 5 litran t\u00f6lkki valmistaa jopa 1000 litraa lannoiteliuosta, mik\u00e4 takaa pitk\u00e4aikaisen ja taloudellisen k\u00e4yt\u00f6n. Kun annostus on 5 ml litraa vett\u00e4 kohti, se tarjoaa s\u00e4\u00e4nn\u00f6llist\u00e4 ravinnelis\u00e4yst\u00e4 ja v\u00e4hent\u00e4\u00e4 samalla yliannostuksen ja h\u00e4vikin riski\u00e4.<\/p>\n<p><img decoding=\"async\" style=\"margin-right: 12px;\" src=\"https:\/\/www.ferberpainting.com\/wp-content\/uploads\/2026\/02\/Check.svg\" alt=\"\" width=\"18\" height=\"15\" \/><strong>Turvallinen ja vaaraton lannoite sis\u00e4- ja ulkok\u00e4ytt\u00f6\u00f6n.<\/strong>\u00a0T\u00e4m\u00e4 lannoite on kehitetty ilman haitallisia kemiallisia tuotteita, ja se kunnioittaa anturiumin juurten herkkyytt\u00e4 eik\u00e4 sis\u00e4ll\u00e4 ymp\u00e4rist\u00f6lle myrkyllisi\u00e4 lis\u00e4aineita. Se on turvallinen lemmikkiel\u00e4imille ja lapsille, kun sit\u00e4 k\u00e4ytet\u00e4\u00e4n suositusten mukaisesti. Se edist\u00e4\u00e4 asteittaista ja hell\u00e4varaista lannoitusta v\u00e4ltt\u00e4en kaikkea kasville haitallista stressi\u00e4.<\/p>\n<p><img decoding=\"async\" style=\"margin-right: 12px;\" src=\"https:\/\/www.ferberpainting.com\/wp-content\/uploads\/2026\/02\/Check.svg\" alt=\"\" width=\"18\" height=\"15\" \/><strong>Helppo levitt\u00e4\u00e4 ja vaivaton yll\u00e4pit\u00e4\u00e4.<\/strong>\u00a0T\u00e4m\u00e4 nestem\u00e4inen lannoite laimenee suoraan kasteluveteen, mik\u00e4 takaa tasaisen ja tehokkaan lannoituksen. Se voidaan levitt\u00e4\u00e4 klassisen kastelun avulla kasvin tyvelle tai lehtiruiskutuksen avulla, jolloin ravinteet imeytyv\u00e4t nopeasti lehtien ja juurten l\u00e4pi, mik\u00e4 optimoi anthuriumin elinvoimaisuuden.<\/p>\n<p><img decoding=\"async\" style=\"margin-right: 12px;\" src=\"https:\/\/www.ferberpainting.com\/wp-content\/uploads\/2026\/02\/Check.svg\" alt=\"\" width=\"18\" height=\"15\" \/><strong>Kest\u00e4v\u00e4 vaikutus jatkuvaan ja elinvoimaiseen kukintaan.<\/strong>\u00a0Ravinteiden asteittaisen vapautumisen ansiosta t\u00e4m\u00e4 lannoite edist\u00e4\u00e4 runsasta ja pitk\u00e4kestoista kukintaa s\u00e4ilytt\u00e4en samalla rehev\u00e4n lehdist\u00f6n ja elinvoimaiset v\u00e4rit. Se stimuloi my\u00f6s hy\u00f6dyllist\u00e4 mikrobitoimintaa kasvualustassa, parantaa mineraalien imeytymist\u00e4 ja edist\u00e4\u00e4 kasvin yleist\u00e4 terveytt\u00e4.<\/p>\n<p><img decoding=\"async\" style=\"margin-right: 12px;\" src=\"https:\/\/www.ferberpainting.com\/wp-content\/uploads\/2026\/02\/Check.svg\" alt=\"\" width=\"18\" height=\"15\" \/><strong>N\u00e4kyvi\u00e4 tuloksia vain muutamassa viikossa.<\/strong>\u00a0Ensimm\u00e4isist\u00e4 levitysviikoista l\u00e4htien t\u00e4m\u00e4 lannoite stimuloi uusien versojen tuotantoa, vahvistaa lehtien kirkkautta ja tehostaa kukkien v\u00e4ri\u00e4. Se est\u00e4\u00e4 my\u00f6s lehtien kellastumista ja vahvistaa vastustuskyky\u00e4 tauteja vastaan, mik\u00e4 takaa tasapainoisen kasvun ja t\u00e4ydellisen terveen anturian.<\/p>\n<h2><strong>K\u00e4ytt\u00f6protokolla<\/strong><\/h2>\n<ul>\n<li><strong>Lannoitteen laimennus <\/strong>: Sekoita 5 ml lannoitetta 1 litraan vett\u00e4. Homogenisoi liuos huolellisesti ennen jokaista levityst\u00e4 ravinteiden optimaalisen jakautumisen varmistamiseksi.<\/li>\n<li><strong>Soveltamismenetelm\u00e4 <\/strong>:\n<ul>\n<li><strong>Kastelemalla <\/strong>: Kaada laimennettu liuos suoraan kasvin tyvelle v\u00e4ltt\u00e4en kasvualustan liiallista kastumista, jotta juuret eiv\u00e4t tukehtuisi.<\/li>\n<li><strong>Lehtiruiskuttamalla<\/strong>\u00a0: Suihkuta liuos kevyesti lehdille, mieluiten aikaisin aamulla tai my\u00f6h\u00e4\u00e4n p\u00e4iv\u00e4ll\u00e4, jotta v\u00e4ltet\u00e4\u00e4n nopea haihtuminen ja varmistetaan parempi imeytyminen.<\/li>\n<\/ul>\n<\/li>\n<li><strong>K\u00e4ytt\u00f6tiheys <\/strong>: Levit\u00e4 lannoitetta 15 p\u00e4iv\u00e4n v\u00e4lein kasvu- ja kukinta-aikana (kev\u00e4t-kes\u00e4) ja kerran kuukaudessa lepoaikana (syksy-talvi) hyv\u00e4n ravinnetasapainon yll\u00e4pit\u00e4miseksi.<\/li>\n<li><strong>T\u00e4ydent\u00e4v\u00e4 kastelu <\/strong>: Odota lannoitteen levitt\u00e4misen j\u00e4lkeen 48 tuntia ennen kuin kastelet uudelleen, jotta kasvi voi ime\u00e4 ravinteet mahdollisimman hyvin ja v\u00e4ltt\u00e4\u00e4 liiallisen huuhtoutumisen.<\/li>\n<li><strong>K\u00e4ytt\u00f6\u00e4 koskevat varotoimet <\/strong>: \u00c4l\u00e4 ylit\u00e4 suositeltuja annoksia, jotta v\u00e4ltet\u00e4\u00e4n kivenn\u00e4isaineiden liiallinen kertyminen kasvualustaan, mik\u00e4 voi haitata juurten kehityst\u00e4 ja vaikuttaa kukintaan. Levit\u00e4 lannoite aina hieman kosteaan maahan optimaalisen imeytymisen varmistamiseksi.<\/li>\n<li><strong>Varastointi ja s\u00e4ilytys <\/strong>: S\u00e4ilyt\u00e4 lannoitetta kuivassa ja lauhkeassa paikassa, suojattuna valolta ja kosteudelta. Sulje kanisteri aina tiiviisti jokaisen k\u00e4ytt\u00f6kerran j\u00e4lkeen tuotteen tehon s\u00e4ilytt\u00e4miseksi ja haihtumisen v\u00e4ltt\u00e4miseksi.<\/li>\n<\/ul>\n<p>T\u00e4ll\u00e4 anturiumien lannoitteella annat kasvillesi t\u00e4ydellisen ja t\u00e4ydellisesti r\u00e4\u00e4t\u00e4l\u00f6idyn ravinnon, joka vastaa sen erityistarpeita ja edist\u00e4\u00e4 rehev\u00e4\u00e4 lehdist\u00f6\u00e4, pitk\u00e4\u00e4 kukintaa ja parempaa vastustuskyky\u00e4 l\u00e4mp\u00f6tilan vaihteluita ja tauteja vastaan. T\u00e4m\u00e4 on ihanteellinen ratkaisu terveille anturioille, jotka koristavat sisustustasi kirkkailla, elinvoimaisilla kukilla ymp\u00e4ri vuoden.<\/p>\n<p>&nbsp;<\/p>\n<p>&nbsp;<\/p>","protected":false},"excerpt":{"rendered":"<p>A balanced fertilizer for healthy anthuriums.\u00a0This fertilizer for anthuriums is specially designed to stimulate the growth, flowering, and resistance of this tropical plant known for its bright flowers and lush foliage. Thanks to its NPK 15-15-15 composition, it offers a perfect balance between nitrogen (N), which promotes foliage development, phosphorus (P), which supports the formation [&hellip;]<\/p>\n","protected":false},"featured_media":24406,"comment_status":"open","ping_status":"closed","template":"","meta":{"_uag_custom_page_level_css":"","site-sidebar-layout":"default","site-content-layout":"","ast-site-content-layout":"default","site-content-style":"default","site-sidebar-style":"default","ast-global-header-display":"","ast-banner-title-visibility":"","ast-main-header-display":"","ast-hfb-above-header-display":"","ast-hfb-below-header-display":"","ast-hfb-mobile-header-display":"","site-post-title":"","ast-breadcrumbs-content":"","ast-featured-img":"","footer-sml-layout":"","ast-disable-related-posts":"","theme-transparent-header-meta":"default","adv-header-id-meta":"","stick-header-meta":"","header-above-stick-meta":"","header-main-stick-meta":"","header-below-stick-meta":"","astra-migrate-meta-layouts":"set","ast-page-background-enabled":"default","ast-page-background-meta":{"desktop":{"background-color":"var(--ast-global-color-4)","background-image":"","background-repeat":"repeat","background-position":"center center","background-size":"auto","background-attachment":"scroll","background-type":"","background-media":"","overlay-type":"","overlay-color":"","overlay-opacity":"","overlay-gradient":""},"tablet":{"background-color":"","background-image":"","background-repeat":"repeat","background-position":"center center","background-size":"auto","background-attachment":"scroll","background-type":"","background-media":"","overlay-type":"","overlay-color":"","overlay-opacity":"","overlay-gradient":""},"mobile":{"background-color":"","background-image":"","background-repeat":"repeat","background-position":"center center","background-size":"auto","background-attachment":"scroll","background-type":"","background-media":"","overlay-type":"","overlay-color":"","overlay-opacity":"","overlay-gradient":""}},"ast-content-background-meta":{"desktop":{"background-color":"var(--ast-global-color-5)","background-image":"","background-repeat":"repeat","background-position":"center center","background-size":"auto","background-attachment":"scroll","background-type":"","background-media":"","overlay-type":"","overlay-color":"","overlay-opacity":"","overlay-gradient":""},"tablet":{"background-color":"var(--ast-global-color-5)","background-image":"","background-repeat":"repeat","background-position":"center center","background-size":"auto","background-attachment":"scroll","background-type":"","background-media":"","overlay-type":"","overlay-color":"","overlay-opacity":"","overlay-gradient":""},"mobile":{"background-color":"var(--ast-global-color-5)","background-image":"","background-repeat":"repeat","background-position":"center center","background-size":"auto","background-attachment":"scroll","background-type":"","background-media":"","overlay-type":"","overlay-color":"","overlay-opacity":"","overlay-gradient":""}}},"product_brand":[],"product_cat":[178],"product_tag":[],"class_list":{"0":"post-23056","1":"product","2":"type-product","3":"status-publish","4":"has-post-thumbnail","6":"product_cat-fertilizers","7":"desktop-align-left","8":"tablet-align-left","9":"mobile-align-left","11":"first","12":"instock","13":"sale","14":"taxable","15":"shipping-taxable","16":"purchasable","17":"product-type-variable","18":"has-default-attributes"},"spectra_custom_meta":{"_visibility":["visible"],"_shopify_product_id":["9066014572789"],"_s2w_shopify_domain":["ferberpainting.myshopify.com"],"_shopify_variant_id":["46501402444021"],"_sku":["FPANTHURIUMFERTILIZER"],"_manage_stock":["no"],"total_sales":["2"],"_tax_status":["taxable"],"_tax_class":[""],"_backorders":["no"],"_sold_individually":["no"],"_virtual":["no"],"_downloadable":["no"],"_download_limit":["-1"],"_download_expiry":["-1"],"_stock":[null],"_stock_status":["instock"],"_wc_average_rating":["4.86"],"_wc_review_count":["7"],"_product_attributes":["a:1:{s:6:\"volume\";a:6:{s:4:\"name\";s:6:\"Volume\";s:5:\"value\";s:20:\"5 liters | 25 liters\";s:8:\"position\";i:1;s:10:\"is_visible\";i:0;s:12:\"is_variation\";i:1;s:11:\"is_taxonomy\";i:0;}}"],"_product_version":["10.5.2"],"_thumbnail_id":["24406"],"_product_image_gallery":["24407"],"_edit_lock":["1771955096:1"],"wpse_downloadable_file_names":[""],"wpse_downloadable_file_urls":[""],"_edit_last":["1"],"_default_attributes":["a:1:{s:6:\"volume\";s:8:\"5 liters\";}"],"_wc_rating_count":["a:2:{i:4;i:1;i:5;i:6;}"],"_price":["29.90","129.90"],"merchant-center-availability":["yes"],"merchant-center-category":["113"],"_wp_page_template":["default"],"site-sidebar-layout":["default"],"ast-site-content-layout":["default"],"site-content-style":["default"],"site-sidebar-style":["default"],"theme-transparent-header-meta":["default"],"astra-migrate-meta-layouts":["set"],"_uag_css_file_name":["uag-css-23056.css"],"_elementor_page_assets":["a:0:{}"],"_uag_page_assets":["a:9:{s:3:\"css\";s:7133:\".uag-blocks-common-selector{z-index:var(--z-index-desktop) !important}@media(max-width: 976px){.uag-blocks-common-selector{z-index:var(--z-index-tablet) !important}}@media(max-width: 767px){.uag-blocks-common-selector{z-index:var(--z-index-mobile) !important}}.wp-block-uagb-image{display:flex}.wp-block-uagb-image__figure{position:relative;display:flex;flex-direction:column;max-width:100%;height:auto;margin:0}.wp-block-uagb-image__figure img{height:auto;display:flex;max-width:100%;transition:box-shadow .2s ease}.wp-block-uagb-image__figure>a{display:inline-block}.wp-block-uagb-image__figure figcaption{text-align:center;margin-top:.5em;margin-bottom:1em}.wp-block-uagb-image .components-placeholder.block-editor-media-placeholder .components-placeholder__instructions{align-self:center}.wp-block-uagb-image--align-left{text-align:left}.wp-block-uagb-image--align-right{text-align:right}.wp-block-uagb-image--align-center{text-align:center}.wp-block-uagb-image--align-full .wp-block-uagb-image__figure{margin-left:calc(50% - 50vw);margin-right:calc(50% - 50vw);max-width:100vw;width:100vw;height:auto}.wp-block-uagb-image--align-full .wp-block-uagb-image__figure img{height:auto;width:100% !important}.wp-block-uagb-image--align-wide .wp-block-uagb-image__figure img{height:auto;width:100%}.wp-block-uagb-image--layout-overlay__color-wrapper{position:absolute;left:0;top:0;right:0;bottom:0;opacity:.2;background:rgba(0,0,0,.5);transition:opacity .35s ease-in-out}.wp-block-uagb-image--layout-overlay-link{position:absolute;left:0;right:0;bottom:0;top:0}.wp-block-uagb-image--layout-overlay .wp-block-uagb-image__figure:hover .wp-block-uagb-image--layout-overlay__color-wrapper{opacity:1}.wp-block-uagb-image--layout-overlay__inner{position:absolute;left:15px;right:15px;bottom:15px;top:15px;display:flex;align-items:center;justify-content:center;flex-direction:column;border-color:#fff;transition:.35s ease-in-out}.wp-block-uagb-image--layout-overlay__inner.top-left,.wp-block-uagb-image--layout-overlay__inner.top-center,.wp-block-uagb-image--layout-overlay__inner.top-right{justify-content:flex-start}.wp-block-uagb-image--layout-overlay__inner.bottom-left,.wp-block-uagb-image--layout-overlay__inner.bottom-center,.wp-block-uagb-image--layout-overlay__inner.bottom-right{justify-content:flex-end}.wp-block-uagb-image--layout-overlay__inner.top-left,.wp-block-uagb-image--layout-overlay__inner.center-left,.wp-block-uagb-image--layout-overlay__inner.bottom-left{align-items:flex-start}.wp-block-uagb-image--layout-overlay__inner.top-right,.wp-block-uagb-image--layout-overlay__inner.center-right,.wp-block-uagb-image--layout-overlay__inner.bottom-right{align-items:flex-end}.wp-block-uagb-image--layout-overlay__inner .uagb-image-heading{color:#fff;transition:transform .35s,opacity .35s ease-in-out;transform:translate3d(0, 24px, 0);margin:0;line-height:1em}.wp-block-uagb-image--layout-overlay__inner .uagb-image-separator{width:30%;border-top-width:2px;border-top-color:#fff;border-top-style:solid;margin-bottom:10px;opacity:0;transition:transform .4s,opacity .4s ease-in-out;transform:translate3d(0, 30px, 0)}.wp-block-uagb-image--layout-overlay__inner .uagb-image-caption{opacity:0;overflow:visible;color:#fff;transition:transform .45s,opacity .45s ease-in-out;transform:translate3d(0, 35px, 0)}.wp-block-uagb-image--layout-overlay__inner:hover .uagb-image-heading,.wp-block-uagb-image--layout-overlay__inner:hover .uagb-image-separator,.wp-block-uagb-image--layout-overlay__inner:hover .uagb-image-caption{opacity:1;transform:translate3d(0, 0, 0)}.wp-block-uagb-image--effect-zoomin .wp-block-uagb-image__figure img,.wp-block-uagb-image--effect-zoomin .wp-block-uagb-image__figure .wp-block-uagb-image--layout-overlay__color-wrapper{transform:scale(1);transition:transform .35s ease-in-out}.wp-block-uagb-image--effect-zoomin .wp-block-uagb-image__figure:hover img,.wp-block-uagb-image--effect-zoomin .wp-block-uagb-image__figure:hover .wp-block-uagb-image--layout-overlay__color-wrapper{transform:scale(1.05)}.wp-block-uagb-image--effect-slide .wp-block-uagb-image__figure img,.wp-block-uagb-image--effect-slide .wp-block-uagb-image__figure .wp-block-uagb-image--layout-overlay__color-wrapper{width:calc(100% + 40px) !important;max-width:none !important;transform:translate3d(-40px, 0, 0);transition:transform .35s ease-in-out}.wp-block-uagb-image--effect-slide .wp-block-uagb-image__figure:hover img,.wp-block-uagb-image--effect-slide .wp-block-uagb-image__figure:hover .wp-block-uagb-image--layout-overlay__color-wrapper{transform:translate3d(0, 0, 0)}.wp-block-uagb-image--effect-grayscale img{filter:grayscale(0%);transition:.35s ease-in-out}.wp-block-uagb-image--effect-grayscale:hover img{filter:grayscale(100%)}.wp-block-uagb-image--effect-blur img{filter:blur(0);transition:.35s ease-in-out}.wp-block-uagb-image--effect-blur:hover img{filter:blur(3px)}.uagb-block-e6f939b3.wp-block-uagb-image--layout-default figure img{box-shadow: 0px 0px 0 #00000070;}.uagb-block-e6f939b3.wp-block-uagb-image .wp-block-uagb-image__figure figcaption{font-style: normal;align-self: center;}.uagb-block-e6f939b3.wp-block-uagb-image--layout-overlay figure img{box-shadow: 0px 0px 0 #00000070;}.uagb-block-e6f939b3.wp-block-uagb-image--layout-overlay .wp-block-uagb-image--layout-overlay__color-wrapper{opacity: 0.2;}.uagb-block-e6f939b3.wp-block-uagb-image--layout-overlay .wp-block-uagb-image--layout-overlay__inner{left: 15px;right: 15px;top: 15px;bottom: 15px;}.uagb-block-e6f939b3.wp-block-uagb-image--layout-overlay .wp-block-uagb-image--layout-overlay__inner .uagb-image-heading{font-style: normal;color: #fff;opacity: 1;}.uagb-block-e6f939b3.wp-block-uagb-image--layout-overlay .wp-block-uagb-image--layout-overlay__inner .uagb-image-heading a{color: #fff;}.uagb-block-e6f939b3.wp-block-uagb-image--layout-overlay .wp-block-uagb-image--layout-overlay__inner .uagb-image-caption{opacity: 0;}.uagb-block-e6f939b3.wp-block-uagb-image--layout-overlay .wp-block-uagb-image__figure:hover .wp-block-uagb-image--layout-overlay__color-wrapper{opacity: 1;}.uagb-block-e6f939b3.wp-block-uagb-image .wp-block-uagb-image--layout-overlay__inner .uagb-image-separator{width: 30%;border-top-width: 2px;border-top-color: #fff;opacity: 0;}.uagb-block-e6f939b3.wp-block-uagb-image .wp-block-uagb-image__figure img{width: px;height: auto;}.uagb-block-e6f939b3.wp-block-uagb-image .wp-block-uagb-image__figure:hover .wp-block-uagb-image--layout-overlay__inner .uagb-image-caption{opacity: 1;}.uagb-block-e6f939b3.wp-block-uagb-image .wp-block-uagb-image__figure:hover .wp-block-uagb-image--layout-overlay__inner .uagb-image-separator{opacity: 1;}.uagb-block-e6f939b3.wp-block-uagb-image--layout-default figure:hover img{box-shadow: 0px 0px 0 #00000070;}.uagb-block-e6f939b3.wp-block-uagb-image--layout-overlay figure:hover img{box-shadow: 0px 0px 0 #00000070;}@media only screen and (max-width: 976px) {.uagb-block-e6f939b3.wp-block-uagb-image .wp-block-uagb-image__figure img{width: px;height: auto;}}@media only screen and (max-width: 767px) {.uagb-block-e6f939b3.wp-block-uagb-image .wp-block-uagb-image__figure img{width: px;height: auto;}}\";s:2:\"js\";s:0:\"\";s:18:\"current_block_list\";a:13:{i:0;s:11:\"core\/search\";i:1;s:10:\"core\/group\";i:2;s:12:\"core\/heading\";i:3;s:17:\"core\/latest-posts\";i:4;s:20:\"core\/latest-comments\";i:5;s:13:\"core\/archives\";i:6;s:15:\"core\/categories\";i:7;s:14:\"core\/paragraph\";i:8;s:10:\"uagb\/image\";i:9;s:11:\"core\/spacer\";i:10;s:30:\"woocommerce\/product-categories\";i:11;s:10:\"core\/image\";i:12;s:14:\"core\/shortcode\";}s:8:\"uag_flag\";b:1;s:11:\"uag_version\";s:10:\"1777197367\";s:6:\"gfonts\";a:0:{}s:10:\"gfonts_url\";s:0:\"\";s:12:\"gfonts_files\";a:0:{}s:14:\"uag_faq_layout\";b:0;}"]},"uagb_featured_image_src":{"full":["https:\/\/www.ferberpainting.com\/wp-content\/uploads\/2025\/05\/AnthuriumFertilizer5L.png",2560,2560,false],"thumbnail":["https:\/\/www.ferberpainting.com\/wp-content\/uploads\/2025\/05\/AnthuriumFertilizer5L-150x150.png",150,150,true],"medium":["https:\/\/www.ferberpainting.com\/wp-content\/uploads\/2025\/05\/AnthuriumFertilizer5L-300x300.png",300,300,true],"medium_large":["https:\/\/www.ferberpainting.com\/wp-content\/uploads\/2025\/05\/AnthuriumFertilizer5L-768x768.png",768,768,true],"large":["https:\/\/www.ferberpainting.com\/wp-content\/uploads\/2025\/05\/AnthuriumFertilizer5L-1024x1024.png",1024,1024,true],"1536x1536":["https:\/\/www.ferberpainting.com\/wp-content\/uploads\/2025\/05\/AnthuriumFertilizer5L-1536x1536.png",1536,1536,true],"2048x2048":["https:\/\/www.ferberpainting.com\/wp-content\/uploads\/2025\/05\/AnthuriumFertilizer5L-2048x2048.png",2048,2048,true],"trp-custom-language-flag":["https:\/\/www.ferberpainting.com\/wp-content\/uploads\/2025\/05\/AnthuriumFertilizer5L-12x12.png",12,12,true],"woocommerce_thumbnail":["https:\/\/www.ferberpainting.com\/wp-content\/uploads\/2025\/05\/AnthuriumFertilizer5L-300x300.png",300,300,true],"woocommerce_single":["https:\/\/www.ferberpainting.com\/wp-content\/uploads\/2025\/05\/AnthuriumFertilizer5L-600x600.png",600,600,true],"woocommerce_gallery_thumbnail":["https:\/\/www.ferberpainting.com\/wp-content\/uploads\/2025\/05\/AnthuriumFertilizer5L-100x100.png",100,100,true]},"uagb_author_info":{"display_name":"admin","author_link":"https:\/\/www.ferberpainting.com\/fi\/author\/"},"uagb_comment_info":7,"uagb_excerpt":"A balanced fertilizer for healthy anthuriums.\u00a0This fertilizer for anthuriums is specially designed to stimulate the growth, flowering, and resistance of this tropical plant known for its bright flowers and lush foliage. Thanks to its NPK 15-15-15 composition, it offers a perfect balance between nitrogen (N), which promotes foliage development, phosphorus (P), which supports the formation&hellip;","_links":{"self":[{"href":"https:\/\/www.ferberpainting.com\/fi\/wp-json\/wp\/v2\/product\/23056","targetHints":{"allow":["GET"]}}],"collection":[{"href":"https:\/\/www.ferberpainting.com\/fi\/wp-json\/wp\/v2\/product"}],"about":[{"href":"https:\/\/www.ferberpainting.com\/fi\/wp-json\/wp\/v2\/types\/product"}],"replies":[{"embeddable":true,"href":"https:\/\/www.ferberpainting.com\/fi\/wp-json\/wp\/v2\/comments?post=23056"}],"version-history":[{"count":7,"href":"https:\/\/www.ferberpainting.com\/fi\/wp-json\/wp\/v2\/product\/23056\/revisions"}],"predecessor-version":[{"id":166020,"href":"https:\/\/www.ferberpainting.com\/fi\/wp-json\/wp\/v2\/product\/23056\/revisions\/166020"}],"wp:featuredmedia":[{"embeddable":true,"href":"https:\/\/www.ferberpainting.com\/fi\/wp-json\/wp\/v2\/media\/24406"}],"wp:attachment":[{"href":"https:\/\/www.ferberpainting.com\/fi\/wp-json\/wp\/v2\/media?parent=23056"}],"wp:term":[{"taxonomy":"product_brand","embeddable":true,"href":"https:\/\/www.ferberpainting.com\/fi\/wp-json\/wp\/v2\/product_brand?post=23056"},{"taxonomy":"product_cat","embeddable":true,"href":"https:\/\/www.ferberpainting.com\/fi\/wp-json\/wp\/v2\/product_cat?post=23056"},{"taxonomy":"product_tag","embeddable":true,"href":"https:\/\/www.ferberpainting.com\/fi\/wp-json\/wp\/v2\/product_tag?post=23056"}],"curies":[{"name":"wp","href":"https:\/\/api.w.org\/{rel}","templated":true}]}}