{"id":23037,"date":"2025-05-26T10:22:19","date_gmt":"2025-05-26T08:22:19","guid":{"rendered":"https:\/\/www.ferberpainting.com\/products\/air-plant-and-tillandsia-fertilizer\/"},"modified":"2026-02-24T18:39:56","modified_gmt":"2026-02-24T17:39:56","slug":"air-plant-and-tillandsia-fertilizer","status":"publish","type":"product","link":"https:\/\/www.ferberpainting.com\/fi\/products\/air-plant-and-tillandsia-fertilizer\/","title":{"rendered":"Ilmakasvien ja Tillandsian lannoite"},"content":{"rendered":"<p><img decoding=\"async\" style=\"margin-right: 12px;\" src=\"https:\/\/www.ferberpainting.com\/wp-content\/uploads\/2026\/02\/Check.svg\" alt=\"\" width=\"18\" height=\"15\" \/><strong>T\u00e4ydellisen tasapainoinen ravitsemus NPK 15-15-15:n avulla optimaalisen kasvun varmistamiseksi.<\/strong> Ilmakasvi- ja tillandsia-lannoitteessamme on t\u00e4ydellisesti tasapainotettu NPK 15-15-15-kaava, joka sis\u00e4lt\u00e4\u00e4 yht\u00e4 paljon typpe\u00e4, fosforia ja kaliumia tukemaan kaikkia kasvien kehityksen osa-alueita. Typpi edist\u00e4\u00e4 elinvoimaisen vihre\u00e4\u00e4 lehdist\u00f6\u00e4 ja tervett\u00e4 lehtimuodostusta, fosfori vahvistaa juuristoa ja tukee kukintaa, ja kalium parantaa kasvien yleist\u00e4 kest\u00e4vyytt\u00e4 ja solujen lujuutta. T\u00e4m\u00e4 tasapaino takaa, ett\u00e4 ilmakasvit saavat t\u00e4ydellisen ja harmonisen ravinnon, joka on r\u00e4\u00e4t\u00e4l\u00f6ity niiden ainutlaatuisiin biologisiin tarpeisiin.<\/p>\n<p><strong><img decoding=\"async\" style=\"margin-right: 12px;\" src=\"https:\/\/www.ferberpainting.com\/wp-content\/uploads\/2026\/02\/Check.svg\" alt=\"\" width=\"18\" height=\"15\" \/>Suunniteltu erityisesti ilmakasveille ja tillandsioille.<\/strong> Toisin kuin yleiset kasvilannoitteet, t\u00e4m\u00e4 koostumus on kehitetty erityisesti epifyyttisille kasveille, kuten tillandsioille, jotka imev\u00e4t ravinteita lehtiens\u00e4 kautta perinteisten maan juurien sijaan. Koostumus on optimoitu lehtiruokintaa varten, mik\u00e4 takaa ravinteiden tehokkaan imeytymisen kuormittamatta herkki\u00e4 kasvikudoksia. Se tukee sek\u00e4 kserisi\u00e4 ett\u00e4 mesisi\u00e4 lajikkeita ja edist\u00e4\u00e4 luonnollisia kasvusyklej\u00e4 ja elinvoimaista v\u00e4rityst\u00e4.<\/p>\n<p><strong><img decoding=\"async\" style=\"margin-right: 12px;\" src=\"https:\/\/www.ferberpainting.com\/wp-content\/uploads\/2026\/02\/Check.svg\" alt=\"\" width=\"18\" height=\"15\" \/>Tehokkain lannoite n\u00e4kyviin ja nopeisiin tuloksiin.<\/strong> Tehokas koostumuksemme parantaa kasvien elinvoimaisuutta nopeasti ja n\u00e4kyv\u00e4sti. Viikkojen kuluessa johdonmukaisesta k\u00e4yt\u00f6st\u00e4 voit havaita lehtien lujuuden lis\u00e4\u00e4ntyneen, v\u00e4rin syvenemisen ja vahvemman kokonaisrakenteen. Tasapainoinen ravinneprofiili varmistaa, ett\u00e4 kasvit kasvavat tasaisesti ja symmetrisesti, joten t\u00e4m\u00e4 on tehokkain ratkaisu kukoistavien ilmakasvien yll\u00e4pit\u00e4miseen ymp\u00e4ri vuoden.<\/p>\n<p><strong><img decoding=\"async\" style=\"margin-right: 12px;\" src=\"https:\/\/www.ferberpainting.com\/wp-content\/uploads\/2026\/02\/Check.svg\" alt=\"\" width=\"18\" height=\"15\" \/>Taloudellinen ratkaisu, jolla on poikkeuksellinen laimennuskyky.<\/strong> Kun annostus on vain 5 ml yht\u00e4 vesilitraa kohti, voit valmistaa yhdell\u00e4 5 litran s\u00e4ili\u00f6ll\u00e4 jopa 1000 litraa ravinneliuosta. T\u00e4m\u00e4 erinomainen laimennussuhde tekee lannoitteestamme eritt\u00e4in kustannustehokkaan erityisesti ker\u00e4ilij\u00f6ille, taimitarhoille ja ammattiviljelij\u00f6ille, jotka yll\u00e4pit\u00e4v\u00e4t suuria m\u00e4\u00e4ri\u00e4 kasveja. Voit hy\u00f6ty\u00e4 pitk\u00e4aikaisesta tarjonnasta ja maksimaalisesta arvosta jokaisesta s\u00e4ili\u00f6st\u00e4.<\/p>\n<p><strong><img decoding=\"async\" style=\"margin-right: 12px;\" src=\"https:\/\/www.ferberpainting.com\/wp-content\/uploads\/2026\/02\/Check.svg\" alt=\"\" width=\"18\" height=\"15\" \/>Rahat takaisin -takuu t\u00e4ydellist\u00e4 luottamusta varten.<\/strong> Seisomme t\u00e4ysin lannoitteemme laadun ja suorituskyvyn takana. Jos et ole t\u00e4ysin tyytyv\u00e4inen tuloksiin, tarjoamme t\u00e4yden rahanpalautustakuun. T\u00e4m\u00e4 riskit\u00f6n lupaus osoittaa luottamuksemme tuotteen tehokkuuteen ja varmistaa, ett\u00e4 investointisi on t\u00e4ysin suojattu.<\/p>\n<p><strong><img decoding=\"async\" style=\"margin-right: 12px;\" src=\"https:\/\/www.ferberpainting.com\/wp-content\/uploads\/2026\/02\/Check.svg\" alt=\"\" width=\"18\" height=\"15\" \/>Halvin saatavilla oleva korkealaatuinen ilmakasvilannoite.<\/strong> Yhdist\u00e4mme ensiluokkaisen koostumuksen markkinoiden kilpailukykyisimp\u00e4\u00e4n hinnoitteluun. Lannoitteemme tarjoaa ammattilaistason ravinteita edulliseen hintaan, joten se on sek\u00e4 harrastajien ett\u00e4 kaupallisten viljelij\u00f6iden saatavilla. Saat ylivoimaista laatua maksamatta ylisuuria merkkipalkkioita.<\/p>\n<p><strong><img decoding=\"async\" style=\"margin-right: 12px;\" src=\"https:\/\/www.ferberpainting.com\/wp-content\/uploads\/2026\/02\/Check.svg\" alt=\"\" width=\"18\" height=\"15\" \/>Nopea 24 tunnin toimitus keskeytym\u00e4t\u00f6nt\u00e4 kasvienhoitoa varten.<\/strong> Ymm\u00e4rr\u00e4mme, ett\u00e4 laitosten yll\u00e4pito vaatii johdonmukaisuutta. Siksi tarjoamme luotettavan 24 tunnin toimituksen. Tilauksesi k\u00e4sitell\u00e4\u00e4n ja l\u00e4hetet\u00e4\u00e4n nopeasti, mik\u00e4 varmistaa, ett\u00e4 kasveissasi ei koskaan ole ravinnepuutetta. Nopeus ja luotettavuus ovat keskeisi\u00e4 asiakassitoumuksessamme.<\/p>\n<p><strong><img decoding=\"async\" style=\"margin-right: 12px;\" src=\"https:\/\/www.ferberpainting.com\/wp-content\/uploads\/2026\/02\/Check.svg\" alt=\"\" width=\"18\" height=\"15\" \/>Parantaa kukintaa ja luonnollista v\u00e4rityst\u00e4.<\/strong> Tasapainoinen fosfori- ja kaliumpitoisuus tukee kukkivien tillandsia-lajien kukintaa ja tehostaa lehtien v\u00e4rityst\u00e4. Monet lajikkeet n\u00e4ytt\u00e4v\u00e4t elinvoimaisemmilta punaisilta, vaaleanpunaisilta ja violeteilta, kun niit\u00e4 ruokitaan oikein. S\u00e4\u00e4nn\u00f6llinen ruokinta edist\u00e4\u00e4 terveempi\u00e4 lehtilehti\u00e4 ja pidemp\u00e4\u00e4n kest\u00e4vi\u00e4 kukkia.<\/p>\n<p><strong><img decoding=\"async\" style=\"margin-right: 12px;\" src=\"https:\/\/www.ferberpainting.com\/wp-content\/uploads\/2026\/02\/Check.svg\" alt=\"\" width=\"18\" height=\"15\" \/>Vahvistaa kasvien vastustuskyky\u00e4 ja kest\u00e4vyytt\u00e4.<\/strong> Kaliumilla on ratkaiseva merkitys soluseinien vahvistamisessa ja ymp\u00e4rist\u00f6n stressinsietokyvyn parantamisessa. Lannoitteemme auttaa ilmakasveja selviytym\u00e4\u00e4n paremmin kosteuden, l\u00e4mp\u00f6tilan ja valon vaihteluista, mik\u00e4 edist\u00e4\u00e4 pitk\u00e4aikaista kest\u00e4vyytt\u00e4 ja terveempi\u00e4 kasvusyklej\u00e4.<\/p>\n<p><strong><img decoding=\"async\" style=\"margin-right: 12px;\" src=\"https:\/\/www.ferberpainting.com\/wp-content\/uploads\/2026\/02\/Check.svg\" alt=\"\" width=\"18\" height=\"15\" \/>Sopii sek\u00e4 harrastajille ett\u00e4 ammattiviljelij\u00f6ille.<\/strong> T\u00e4m\u00e4 lannoite sopii t\u00e4ydellisesti tarpeisiisi, olipa sinulla sitten pieni koristeellinen n\u00e4yttely kotona tai kasvihuonekokoelma, t\u00e4m\u00e4 lannoite sopii t\u00e4ydellisesti tarpeisiisi. Yksinkertainen laimennusmenetelm\u00e4, korkea hy\u00f6tysuhde ja luotettava suorituskyky tekev\u00e4t siit\u00e4 ihanteellisen sek\u00e4 aloittelijoille ett\u00e4 kokeneille kasviharrastajille.<\/p>\n<h2><strong>Ohjeet<\/strong><\/h2>\n<ul>\n<li>Laimenna 5 ml lannoitetta 1 litraan puhdasta, mieluiten klooraamatonta vett\u00e4. Sekoita huolellisesti ravinteiden tasaisen jakautumisen varmistamiseksi ennen levityst\u00e4.<\/li>\n<li>Suuren mittakaavan valmistuksessa t\u00e4ysi 5 litran s\u00e4ili\u00f6 voi tuottaa jopa 1000 litraa ravinneliuosta, kun se laimennetaan suositellulla suhteella.<\/li>\n<li>Levit\u00e4 liuos sumuttamalla lehdet perusteellisesti hienolla suihkepullolla. Varmista, ett\u00e4 koko kasvin pinta on kevyesti p\u00e4\u00e4llystetty, mutta ei tiputa liikaa.<\/li>\n<li>Vaihtoehtoisesti voit liottaa ilmakasveja laimennetussa liuoksessa 15-30 minuuttia, jotta ravinteet imeytyv\u00e4t optimaalisesti lehtien trikomeihin.<\/li>\n<li>Lannoita kerran kahdessa viikossa aktiivisen kasvukauden aikana. Hitaampina kasvukausina lannoitusta voidaan v\u00e4hent\u00e4\u00e4 kerran kuukaudessa.<\/li>\n<li>Lannoita aina s\u00e4\u00e4nn\u00f6llisen kastelun j\u00e4lkeen tai yhdist\u00e4 kastelu ja lannoitus samaan kastelujaksoon kuivumisstressin v\u00e4ltt\u00e4miseksi.<\/li>\n<li>Ravista liotuksen j\u00e4lkeen varovasti ylim\u00e4\u00e4r\u00e4inen vesi pois ja anna kasvien kuivua kokonaan hyvin ilmastoidussa tilassa ennen kuin asetat ne takaisin esillepanopaikalleen. Asianmukainen kuivuminen est\u00e4\u00e4 m\u00e4t\u00e4nemisen.<\/li>\n<li>\u00c4l\u00e4 ylit\u00e4 suositeltua annostusta 5 ml litraa kohti, sill\u00e4 liiallinen lannoitus voi vahingoittaa herkki\u00e4 lehtikudoksia tai aiheuttaa ravinteiden palamista.<\/li>\n<li>S\u00e4ilyt\u00e4 lannoitetta viile\u00e4ss\u00e4 ja kuivassa paikassa, joka on suojattu suoralta auringonvalolta ja \u00e4\u00e4rimm\u00e4isilt\u00e4 l\u00e4mp\u00f6tiloilta. Varmista, ett\u00e4 s\u00e4ili\u00f6 on tiiviisti suljettu jokaisen k\u00e4yt\u00f6n j\u00e4lkeen.<\/li>\n<li>S\u00e4ilytett\u00e4v\u00e4 lasten ja lemmikkiel\u00e4inten ulottumattomissa. V\u00e4lt\u00e4 suoraa kosketusta silmiin tai iholle ja pese k\u00e4det k\u00e4sittelyn j\u00e4lkeen.<\/li>\n<\/ul>\n<p>&nbsp;<\/p>\n<p>&nbsp;<\/p>","protected":false},"excerpt":{"rendered":"<p>Perfectly balanced nutrition with NPK 15-15-15 for optimal growth. Our air plant and tillandsia fertilizer features a perfectly balanced NPK 15-15-15 formula, providing equal parts nitrogen, phosphorus, and potassium to support all aspects of plant development. Nitrogen promotes vibrant green foliage and healthy leaf formation, phosphorus strengthens root systems and supports flowering, and potassium enhances [&hellip;]<\/p>\n","protected":false},"featured_media":23235,"comment_status":"open","ping_status":"closed","template":"","meta":{"_uag_custom_page_level_css":"","site-sidebar-layout":"default","site-content-layout":"","ast-site-content-layout":"default","site-content-style":"default","site-sidebar-style":"default","ast-global-header-display":"","ast-banner-title-visibility":"","ast-main-header-display":"","ast-hfb-above-header-display":"","ast-hfb-below-header-display":"","ast-hfb-mobile-header-display":"","site-post-title":"","ast-breadcrumbs-content":"","ast-featured-img":"","footer-sml-layout":"","ast-disable-related-posts":"","theme-transparent-header-meta":"default","adv-header-id-meta":"","stick-header-meta":"","header-above-stick-meta":"","header-main-stick-meta":"","header-below-stick-meta":"","astra-migrate-meta-layouts":"set","ast-page-background-enabled":"default","ast-page-background-meta":{"desktop":{"background-color":"var(--ast-global-color-4)","background-image":"","background-repeat":"repeat","background-position":"center center","background-size":"auto","background-attachment":"scroll","background-type":"","background-media":"","overlay-type":"","overlay-color":"","overlay-opacity":"","overlay-gradient":""},"tablet":{"background-color":"","background-image":"","background-repeat":"repeat","background-position":"center center","background-size":"auto","background-attachment":"scroll","background-type":"","background-media":"","overlay-type":"","overlay-color":"","overlay-opacity":"","overlay-gradient":""},"mobile":{"background-color":"","background-image":"","background-repeat":"repeat","background-position":"center center","background-size":"auto","background-attachment":"scroll","background-type":"","background-media":"","overlay-type":"","overlay-color":"","overlay-opacity":"","overlay-gradient":""}},"ast-content-background-meta":{"desktop":{"background-color":"var(--ast-global-color-5)","background-image":"","background-repeat":"repeat","background-position":"center center","background-size":"auto","background-attachment":"scroll","background-type":"","background-media":"","overlay-type":"","overlay-color":"","overlay-opacity":"","overlay-gradient":""},"tablet":{"background-color":"var(--ast-global-color-5)","background-image":"","background-repeat":"repeat","background-position":"center center","background-size":"auto","background-attachment":"scroll","background-type":"","background-media":"","overlay-type":"","overlay-color":"","overlay-opacity":"","overlay-gradient":""},"mobile":{"background-color":"var(--ast-global-color-5)","background-image":"","background-repeat":"repeat","background-position":"center center","background-size":"auto","background-attachment":"scroll","background-type":"","background-media":"","overlay-type":"","overlay-color":"","overlay-opacity":"","overlay-gradient":""}}},"product_brand":[],"product_cat":[178],"product_tag":[],"class_list":{"0":"post-23037","1":"product","2":"type-product","3":"status-publish","4":"has-post-thumbnail","6":"product_cat-fertilizers","7":"desktop-align-left","8":"tablet-align-left","9":"mobile-align-left","11":"first","12":"instock","13":"sale","14":"shipping-taxable","15":"purchasable","16":"product-type-variable","17":"has-default-attributes"},"spectra_custom_meta":{"_visibility":["visible"],"_shopify_product_id":["9072692265205"],"_s2w_shopify_domain":["ferberpainting.myshopify.com"],"_shopify_variant_id":["46522245906677"],"_sku":["FPAIRPLANTTILLANDSIAFERTILIZER"],"_manage_stock":["no"],"total_sales":["11"],"_tax_status":["taxable"],"_tax_class":[""],"_backorders":["no"],"_sold_individually":["no"],"_virtual":["no"],"_downloadable":["no"],"_download_limit":["-1"],"_download_expiry":["-1"],"_stock":[null],"_stock_status":["instock"],"_wc_average_rating":["4.86"],"_wc_review_count":["7"],"_product_attributes":["a:1:{s:6:\"volume\";a:6:{s:4:\"name\";s:6:\"Volume\";s:5:\"value\";s:20:\"5 liters | 25 liters\";s:8:\"position\";i:1;s:10:\"is_visible\";i:0;s:12:\"is_variation\";i:1;s:11:\"is_taxonomy\";i:0;}}"],"_product_version":["10.5.2"],"_thumbnail_id":["23235"],"_product_image_gallery":["23389"],"wpse_downloadable_file_names":[""],"wpse_downloadable_file_urls":[""],"_edit_last":["1"],"_default_attributes":["a:1:{s:6:\"volume\";s:8:\"5 liters\";}"],"_edit_lock":["1771954927:1"],"merchant-center-availability":["yes"],"merchant-center-category":["113"],"_wp_page_template":["default"],"site-sidebar-layout":["default"],"ast-site-content-layout":["default"],"site-content-style":["default"],"site-sidebar-style":["default"],"theme-transparent-header-meta":["default"],"_wc_rating_count":["a:2:{i:4;i:1;i:5;i:6;}"],"merchant-center-id":["FPAIRPLANTANDTILLANDSIAFERTILIZER5L"],"_price":["29.90","129.90"],"astra-migrate-meta-layouts":["set"],"_uag_css_file_name":["uag-css-23037.css"],"_elementor_page_assets":["a:0:{}"],"_uag_page_assets":["a:9:{s:3:\"css\";s:7133:\".uag-blocks-common-selector{z-index:var(--z-index-desktop) !important}@media(max-width: 976px){.uag-blocks-common-selector{z-index:var(--z-index-tablet) !important}}@media(max-width: 767px){.uag-blocks-common-selector{z-index:var(--z-index-mobile) !important}}.wp-block-uagb-image{display:flex}.wp-block-uagb-image__figure{position:relative;display:flex;flex-direction:column;max-width:100%;height:auto;margin:0}.wp-block-uagb-image__figure img{height:auto;display:flex;max-width:100%;transition:box-shadow .2s ease}.wp-block-uagb-image__figure>a{display:inline-block}.wp-block-uagb-image__figure figcaption{text-align:center;margin-top:.5em;margin-bottom:1em}.wp-block-uagb-image .components-placeholder.block-editor-media-placeholder .components-placeholder__instructions{align-self:center}.wp-block-uagb-image--align-left{text-align:left}.wp-block-uagb-image--align-right{text-align:right}.wp-block-uagb-image--align-center{text-align:center}.wp-block-uagb-image--align-full .wp-block-uagb-image__figure{margin-left:calc(50% - 50vw);margin-right:calc(50% - 50vw);max-width:100vw;width:100vw;height:auto}.wp-block-uagb-image--align-full .wp-block-uagb-image__figure img{height:auto;width:100% !important}.wp-block-uagb-image--align-wide .wp-block-uagb-image__figure img{height:auto;width:100%}.wp-block-uagb-image--layout-overlay__color-wrapper{position:absolute;left:0;top:0;right:0;bottom:0;opacity:.2;background:rgba(0,0,0,.5);transition:opacity .35s ease-in-out}.wp-block-uagb-image--layout-overlay-link{position:absolute;left:0;right:0;bottom:0;top:0}.wp-block-uagb-image--layout-overlay .wp-block-uagb-image__figure:hover .wp-block-uagb-image--layout-overlay__color-wrapper{opacity:1}.wp-block-uagb-image--layout-overlay__inner{position:absolute;left:15px;right:15px;bottom:15px;top:15px;display:flex;align-items:center;justify-content:center;flex-direction:column;border-color:#fff;transition:.35s ease-in-out}.wp-block-uagb-image--layout-overlay__inner.top-left,.wp-block-uagb-image--layout-overlay__inner.top-center,.wp-block-uagb-image--layout-overlay__inner.top-right{justify-content:flex-start}.wp-block-uagb-image--layout-overlay__inner.bottom-left,.wp-block-uagb-image--layout-overlay__inner.bottom-center,.wp-block-uagb-image--layout-overlay__inner.bottom-right{justify-content:flex-end}.wp-block-uagb-image--layout-overlay__inner.top-left,.wp-block-uagb-image--layout-overlay__inner.center-left,.wp-block-uagb-image--layout-overlay__inner.bottom-left{align-items:flex-start}.wp-block-uagb-image--layout-overlay__inner.top-right,.wp-block-uagb-image--layout-overlay__inner.center-right,.wp-block-uagb-image--layout-overlay__inner.bottom-right{align-items:flex-end}.wp-block-uagb-image--layout-overlay__inner .uagb-image-heading{color:#fff;transition:transform .35s,opacity .35s ease-in-out;transform:translate3d(0, 24px, 0);margin:0;line-height:1em}.wp-block-uagb-image--layout-overlay__inner .uagb-image-separator{width:30%;border-top-width:2px;border-top-color:#fff;border-top-style:solid;margin-bottom:10px;opacity:0;transition:transform .4s,opacity .4s ease-in-out;transform:translate3d(0, 30px, 0)}.wp-block-uagb-image--layout-overlay__inner .uagb-image-caption{opacity:0;overflow:visible;color:#fff;transition:transform .45s,opacity .45s ease-in-out;transform:translate3d(0, 35px, 0)}.wp-block-uagb-image--layout-overlay__inner:hover .uagb-image-heading,.wp-block-uagb-image--layout-overlay__inner:hover .uagb-image-separator,.wp-block-uagb-image--layout-overlay__inner:hover .uagb-image-caption{opacity:1;transform:translate3d(0, 0, 0)}.wp-block-uagb-image--effect-zoomin .wp-block-uagb-image__figure img,.wp-block-uagb-image--effect-zoomin .wp-block-uagb-image__figure .wp-block-uagb-image--layout-overlay__color-wrapper{transform:scale(1);transition:transform .35s ease-in-out}.wp-block-uagb-image--effect-zoomin .wp-block-uagb-image__figure:hover img,.wp-block-uagb-image--effect-zoomin .wp-block-uagb-image__figure:hover .wp-block-uagb-image--layout-overlay__color-wrapper{transform:scale(1.05)}.wp-block-uagb-image--effect-slide .wp-block-uagb-image__figure img,.wp-block-uagb-image--effect-slide .wp-block-uagb-image__figure .wp-block-uagb-image--layout-overlay__color-wrapper{width:calc(100% + 40px) !important;max-width:none !important;transform:translate3d(-40px, 0, 0);transition:transform .35s ease-in-out}.wp-block-uagb-image--effect-slide .wp-block-uagb-image__figure:hover img,.wp-block-uagb-image--effect-slide .wp-block-uagb-image__figure:hover .wp-block-uagb-image--layout-overlay__color-wrapper{transform:translate3d(0, 0, 0)}.wp-block-uagb-image--effect-grayscale img{filter:grayscale(0%);transition:.35s ease-in-out}.wp-block-uagb-image--effect-grayscale:hover img{filter:grayscale(100%)}.wp-block-uagb-image--effect-blur img{filter:blur(0);transition:.35s ease-in-out}.wp-block-uagb-image--effect-blur:hover img{filter:blur(3px)}.uagb-block-e6f939b3.wp-block-uagb-image--layout-default figure img{box-shadow: 0px 0px 0 #00000070;}.uagb-block-e6f939b3.wp-block-uagb-image .wp-block-uagb-image__figure figcaption{font-style: normal;align-self: center;}.uagb-block-e6f939b3.wp-block-uagb-image--layout-overlay figure img{box-shadow: 0px 0px 0 #00000070;}.uagb-block-e6f939b3.wp-block-uagb-image--layout-overlay .wp-block-uagb-image--layout-overlay__color-wrapper{opacity: 0.2;}.uagb-block-e6f939b3.wp-block-uagb-image--layout-overlay .wp-block-uagb-image--layout-overlay__inner{left: 15px;right: 15px;top: 15px;bottom: 15px;}.uagb-block-e6f939b3.wp-block-uagb-image--layout-overlay .wp-block-uagb-image--layout-overlay__inner .uagb-image-heading{font-style: normal;color: #fff;opacity: 1;}.uagb-block-e6f939b3.wp-block-uagb-image--layout-overlay .wp-block-uagb-image--layout-overlay__inner .uagb-image-heading a{color: #fff;}.uagb-block-e6f939b3.wp-block-uagb-image--layout-overlay .wp-block-uagb-image--layout-overlay__inner .uagb-image-caption{opacity: 0;}.uagb-block-e6f939b3.wp-block-uagb-image--layout-overlay .wp-block-uagb-image__figure:hover .wp-block-uagb-image--layout-overlay__color-wrapper{opacity: 1;}.uagb-block-e6f939b3.wp-block-uagb-image .wp-block-uagb-image--layout-overlay__inner .uagb-image-separator{width: 30%;border-top-width: 2px;border-top-color: #fff;opacity: 0;}.uagb-block-e6f939b3.wp-block-uagb-image .wp-block-uagb-image__figure img{width: px;height: auto;}.uagb-block-e6f939b3.wp-block-uagb-image .wp-block-uagb-image__figure:hover .wp-block-uagb-image--layout-overlay__inner .uagb-image-caption{opacity: 1;}.uagb-block-e6f939b3.wp-block-uagb-image .wp-block-uagb-image__figure:hover .wp-block-uagb-image--layout-overlay__inner .uagb-image-separator{opacity: 1;}.uagb-block-e6f939b3.wp-block-uagb-image--layout-default figure:hover img{box-shadow: 0px 0px 0 #00000070;}.uagb-block-e6f939b3.wp-block-uagb-image--layout-overlay figure:hover img{box-shadow: 0px 0px 0 #00000070;}@media only screen and (max-width: 976px) {.uagb-block-e6f939b3.wp-block-uagb-image .wp-block-uagb-image__figure img{width: px;height: auto;}}@media only screen and (max-width: 767px) {.uagb-block-e6f939b3.wp-block-uagb-image .wp-block-uagb-image__figure img{width: px;height: auto;}}\";s:2:\"js\";s:0:\"\";s:18:\"current_block_list\";a:13:{i:0;s:11:\"core\/search\";i:1;s:10:\"core\/group\";i:2;s:12:\"core\/heading\";i:3;s:17:\"core\/latest-posts\";i:4;s:20:\"core\/latest-comments\";i:5;s:13:\"core\/archives\";i:6;s:15:\"core\/categories\";i:7;s:14:\"core\/paragraph\";i:8;s:10:\"uagb\/image\";i:9;s:11:\"core\/spacer\";i:10;s:30:\"woocommerce\/product-categories\";i:11;s:10:\"core\/image\";i:12;s:14:\"core\/shortcode\";}s:8:\"uag_flag\";b:1;s:11:\"uag_version\";s:10:\"1777164175\";s:6:\"gfonts\";a:0:{}s:10:\"gfonts_url\";s:0:\"\";s:12:\"gfonts_files\";a:0:{}s:14:\"uag_faq_layout\";b:0;}"]},"uagb_featured_image_src":{"full":["https:\/\/www.ferberpainting.com\/wp-content\/uploads\/2025\/05\/AirPlantandTillandsiaFertilizer5L.png",2560,2560,false],"thumbnail":["https:\/\/www.ferberpainting.com\/wp-content\/uploads\/2025\/05\/AirPlantandTillandsiaFertilizer5L-150x150.png",150,150,true],"medium":["https:\/\/www.ferberpainting.com\/wp-content\/uploads\/2025\/05\/AirPlantandTillandsiaFertilizer5L-300x300.png",300,300,true],"medium_large":["https:\/\/www.ferberpainting.com\/wp-content\/uploads\/2025\/05\/AirPlantandTillandsiaFertilizer5L-768x768.png",768,768,true],"large":["https:\/\/www.ferberpainting.com\/wp-content\/uploads\/2025\/05\/AirPlantandTillandsiaFertilizer5L-1024x1024.png",1024,1024,true],"1536x1536":["https:\/\/www.ferberpainting.com\/wp-content\/uploads\/2025\/05\/AirPlantandTillandsiaFertilizer5L-1536x1536.png",1536,1536,true],"2048x2048":["https:\/\/www.ferberpainting.com\/wp-content\/uploads\/2025\/05\/AirPlantandTillandsiaFertilizer5L-2048x2048.png",2048,2048,true],"trp-custom-language-flag":["https:\/\/www.ferberpainting.com\/wp-content\/uploads\/2025\/05\/AirPlantandTillandsiaFertilizer5L-12x12.png",12,12,true],"woocommerce_thumbnail":["https:\/\/www.ferberpainting.com\/wp-content\/uploads\/2025\/05\/AirPlantandTillandsiaFertilizer5L-300x300.png",300,300,true],"woocommerce_single":["https:\/\/www.ferberpainting.com\/wp-content\/uploads\/2025\/05\/AirPlantandTillandsiaFertilizer5L-600x600.png",600,600,true],"woocommerce_gallery_thumbnail":["https:\/\/www.ferberpainting.com\/wp-content\/uploads\/2025\/05\/AirPlantandTillandsiaFertilizer5L-100x100.png",100,100,true]},"uagb_author_info":{"display_name":"admin","author_link":"https:\/\/www.ferberpainting.com\/fi\/author\/"},"uagb_comment_info":7,"uagb_excerpt":"Perfectly balanced nutrition with NPK 15-15-15 for optimal growth. Our air plant and tillandsia fertilizer features a perfectly balanced NPK 15-15-15 formula, providing equal parts nitrogen, phosphorus, and potassium to support all aspects of plant development. Nitrogen promotes vibrant green foliage and healthy leaf formation, phosphorus strengthens root systems and supports flowering, and potassium enhances&hellip;","_links":{"self":[{"href":"https:\/\/www.ferberpainting.com\/fi\/wp-json\/wp\/v2\/product\/23037","targetHints":{"allow":["GET"]}}],"collection":[{"href":"https:\/\/www.ferberpainting.com\/fi\/wp-json\/wp\/v2\/product"}],"about":[{"href":"https:\/\/www.ferberpainting.com\/fi\/wp-json\/wp\/v2\/types\/product"}],"replies":[{"embeddable":true,"href":"https:\/\/www.ferberpainting.com\/fi\/wp-json\/wp\/v2\/comments?post=23037"}],"version-history":[{"count":7,"href":"https:\/\/www.ferberpainting.com\/fi\/wp-json\/wp\/v2\/product\/23037\/revisions"}],"predecessor-version":[{"id":166006,"href":"https:\/\/www.ferberpainting.com\/fi\/wp-json\/wp\/v2\/product\/23037\/revisions\/166006"}],"wp:featuredmedia":[{"embeddable":true,"href":"https:\/\/www.ferberpainting.com\/fi\/wp-json\/wp\/v2\/media\/23235"}],"wp:attachment":[{"href":"https:\/\/www.ferberpainting.com\/fi\/wp-json\/wp\/v2\/media?parent=23037"}],"wp:term":[{"taxonomy":"product_brand","embeddable":true,"href":"https:\/\/www.ferberpainting.com\/fi\/wp-json\/wp\/v2\/product_brand?post=23037"},{"taxonomy":"product_cat","embeddable":true,"href":"https:\/\/www.ferberpainting.com\/fi\/wp-json\/wp\/v2\/product_cat?post=23037"},{"taxonomy":"product_tag","embeddable":true,"href":"https:\/\/www.ferberpainting.com\/fi\/wp-json\/wp\/v2\/product_tag?post=23037"}],"curies":[{"name":"wp","href":"https:\/\/api.w.org\/{rel}","templated":true}]}}