{"id":25576,"date":"2025-06-30T19:51:01","date_gmt":"2025-06-30T17:51:01","guid":{"rendered":"https:\/\/www.ferberpainting.com\/?post_type=product&#038;p=25576"},"modified":"2026-02-16T12:48:04","modified_gmt":"2026-02-16T11:48:04","slug":"tile-water-repellent","status":"publish","type":"product","link":"https:\/\/www.ferberpainting.com\/es\/products\/tile-water-repellent\/","title":{"rendered":"Hidr\u00f3fugo para baldosas"},"content":{"rendered":"<p><strong><img decoding=\"async\" style=\"margin-right: 12px;\" src=\"https:\/\/www.ferberpainting.com\/wp-content\/uploads\/2026\/02\/Check.svg\" alt=\"\" width=\"18\" height=\"15\" \/>Protecci\u00f3n \u00f3ptima contra la humedad.<\/strong>\u00a0El impermeabilizante para baldosas est\u00e1 dise\u00f1ado para proporcionar una protecci\u00f3n de alta calidad contra la humedad, el moho y las manchas en superficies alicatadas. Ideal para suelos y paredes de cocinas, ba\u00f1os o cualquier otro ambiente h\u00famedo, este producto forma una barrera invisible que impide que el agua penetre en las juntas y baldosas, al tiempo que permite que la superficie respire. Esto garantiza no s\u00f3lo una protecci\u00f3n duradera, sino tambi\u00e9n un mantenimiento m\u00e1s f\u00e1cil de la superficie.<\/p>\n<p><strong><img decoding=\"async\" style=\"margin-right: 12px;\" src=\"https:\/\/www.ferberpainting.com\/wp-content\/uploads\/2026\/02\/Check.svg\" alt=\"\" width=\"18\" height=\"15\" \/>Garant\u00eda de devoluci\u00f3n del dinero.<\/strong>\u00a0Confiamos en la eficacia de nuestro impermeabilizante para baldosas. Si, tras la aplicaci\u00f3n, no queda plenamente satisfecho con los resultados, le ofrecemos una garant\u00eda de satisfacci\u00f3n o reembolso. Esto le permite probar el producto con tranquilidad, sabiendo que si no cumple sus expectativas, recibir\u00e1 un reembolso completo.<\/p>\n<p><strong><img decoding=\"async\" style=\"margin-right: 12px;\" src=\"https:\/\/www.ferberpainting.com\/wp-content\/uploads\/2026\/02\/Check.svg\" alt=\"\" width=\"18\" height=\"15\" \/>Polivalente.<\/strong>\u00a0El impermeabilizante para baldosas no se limita a las baldosas de cer\u00e1mica o porcelana. Tambi\u00e9n funciona en otros materiales como hormig\u00f3n, cemento, piedra, m\u00e1rmol y granito. Esta versatilidad le permite proteger una amplia gama de superficies en sus espacios vitales o de trabajo, o incluso en exteriores. As\u00ed, puede tratar sus paredes y suelos con un \u00fanico producto eficaz, independientemente del tipo de material.<\/p>\n<p><strong><img decoding=\"async\" style=\"margin-right: 12px;\" src=\"https:\/\/www.ferberpainting.com\/wp-content\/uploads\/2026\/02\/Check.svg\" alt=\"\" width=\"18\" height=\"15\" \/>Rentable.<\/strong>\u00a0El impermeabilizante para baldosas ofrece un excelente rendimiento. Por t\u00e9rmino medio, 1 litro de producto cubre entre 6 y 8 m\u00b2, lo que permite cubrir una gran superficie con una peque\u00f1a cantidad. Con un envase de 5 litros, puede cubrir hasta 30 \u00f3 40 m\u00b2. Esto lo convierte en una soluci\u00f3n econ\u00f3mica que permite proteger grandes superficies limitando los costes de renovaci\u00f3n o mantenimiento.<\/p>\n<p><strong><img decoding=\"async\" style=\"margin-right: 12px;\" src=\"https:\/\/www.ferberpainting.com\/wp-content\/uploads\/2026\/02\/Check.svg\" alt=\"\" width=\"18\" height=\"15\" \/>Seguro de usar.<\/strong>\u00a0Este producto est\u00e1 formulado para ser no t\u00f3xico y respetuoso con el medio ambiente. No contiene disolventes ni agentes corrosivos que puedan da\u00f1ar su salud o el medio ambiente. Sin embargo, para un uso seguro, se recomienda llevar guantes y gafas protectoras. Tambi\u00e9n se aconseja aplicarlo en una zona ventilada para garantizar la comodidad durante la aplicaci\u00f3n.<\/p>\n<p><strong><img decoding=\"async\" style=\"margin-right: 12px;\" src=\"https:\/\/www.ferberpainting.com\/wp-content\/uploads\/2026\/02\/Check.svg\" alt=\"\" width=\"18\" height=\"15\" \/>F\u00e1cil de usar.<\/strong>\u00a0El impermeabilizante para baldosas es extremadamente f\u00e1cil de aplicar. Est\u00e1 listo para usar y no requiere diluci\u00f3n. Puede aplicarlo directamente sobre las superficies con pulverizador, brocha o rodillo, seg\u00fan sus preferencias y el tama\u00f1o de la zona. Su textura fluida permite una aplicaci\u00f3n r\u00e1pida y uniforme sin dejar marcas ni residuos. No requiere conocimientos especiales, por lo que es accesible incluso para principiantes.<\/p>\n<p><strong><img decoding=\"async\" style=\"margin-right: 12px;\" src=\"https:\/\/www.ferberpainting.com\/wp-content\/uploads\/2026\/02\/Check.svg\" alt=\"\" width=\"18\" height=\"15\" \/>De larga duraci\u00f3n.<\/strong>\u00a0Este producto proporciona una protecci\u00f3n duradera. Una vez aplicado, forma una barrera invisible y duradera contra la humedad. La duraci\u00f3n de esta protecci\u00f3n puede variar en funci\u00f3n de las condiciones de uso, pero por lo general, el impermeabilizante para baldosas mantiene su eficacia de 2 a 5 a\u00f1os o m\u00e1s si la humedad no es excesiva. Esto le permite disfrutar de una protecci\u00f3n continua sin necesidad de reaplicaciones frecuentes.<\/p>\n<p><strong><img decoding=\"async\" style=\"margin-right: 12px;\" src=\"https:\/\/www.ferberpainting.com\/wp-content\/uploads\/2026\/02\/Check.svg\" alt=\"\" width=\"18\" height=\"15\" \/>Secado r\u00e1pido.<\/strong>\u00a0El impermeabilizante para baldosas se seca r\u00e1pidamente, lo que permite un uso r\u00e1pido de la superficie tratada. El tiempo de secado al tacto suele ser de 1 a 2 horas. Para obtener la m\u00e1xima eficacia, se recomienda dejar secar el producto completamente durante 24 horas antes de exponer la superficie a la humedad o utilizarla. Este r\u00e1pido tiempo de aplicaci\u00f3n y secado minimiza el tiempo de inactividad y le permite utilizar antes sus espacios protegidos.<\/p>\n<h2><strong>Protocolo de uso<\/strong><\/h2>\n<ul>\n<li><strong>Preparaci\u00f3n de la superficie <\/strong>: Antes de aplicar el impermeabilizante, aseg\u00farese de que la superficie alicatada est\u00e1 limpia, seca y libre de suciedad, grasa o moho. Si es necesario, limpie a fondo los azulejos con un detergente suave y acl\u00e1relos bien para eliminar todos los residuos. Deje que la superficie se seque completamente antes de aplicar el producto.<\/li>\n<li><strong>Aplicaci\u00f3n del producto <\/strong>: El impermeabilizante est\u00e1 listo para usar. Puede aplicarlo con pulverizador, brocha o rodillo. Para una cobertura uniforme, aplique una capa fina sobre las baldosas y las juntas. Aseg\u00farese de cubrir completamente la superficie sin sobreaplicar el producto. Si utiliza una brocha o un rodillo, aplique el producto uniformemente, especialmente en las juntas, para garantizar una cobertura \u00f3ptima.<\/li>\n<li><strong>Cantidad a utilizar <\/strong>: El rendimiento depende de la porosidad de las baldosas. En general, 1 litro de producto cubre de 6 a 8 m\u00b2. Con un envase de 5 litros, puede tratar alrededor de 30 a 40 m\u00b2 de superficie alicatada. En zonas porosas o da\u00f1adas, puede ser necesaria una segunda capa para garantizar una protecci\u00f3n \u00f3ptima.<\/li>\n<li><strong>Tiempo de secado <\/strong>: Tras su aplicaci\u00f3n, el impermeabilizante se seca r\u00e1pidamente. El tiempo de secado al tacto es de 1 a 2 horas. Sin embargo, para una protecci\u00f3n \u00f3ptima, se recomienda dejar secar el producto durante 24 horas antes de exponerlo a la humedad. Esto garantiza que la superficie est\u00e9 totalmente protegida y que el producto haya penetrado eficazmente en las juntas y baldosas.<\/li>\n<li><strong>Nueva solicitud <\/strong>: Puede ser necesario volver a aplicar el impermeabilizante para baldosas cada 2 a 5 a\u00f1os, dependiendo del desgaste y de las condiciones de humedad. Para volver a aplicar, siga el mismo procedimiento que en la primera aplicaci\u00f3n, asegur\u00e1ndose de que la superficie est\u00e9 limpia y seca antes de aplicar una nueva capa uniforme.<\/li>\n<li><strong>Mantenimiento <\/strong>: Una vez aplicado, el mantenimiento de las superficies alicatadas resulta mucho m\u00e1s sencillo. Basta con limpiar las baldosas y las juntas con un pa\u00f1o h\u00famedo o una esponja, evitando los productos abrasivos que podr\u00edan da\u00f1ar la capa protectora. No utilice limpiadores de alta presi\u00f3n sobre las superficies tratadas para preservar la eficacia del producto.<\/li>\n<\/ul>","protected":false},"excerpt":{"rendered":"<p>Optimal protection against humidity.\u00a0The tile waterproofer is designed to provide high-quality protection against humidity, mold, and stains on tiled surfaces. Ideal for kitchen floors and walls, bathrooms, or any other humid environment, this product forms an invisible barrier that prevents water from penetrating the joints and tiles while allowing the surface to breathe. This ensures [&hellip;]<\/p>\n","protected":false},"featured_media":35872,"comment_status":"open","ping_status":"closed","template":"","meta":{"_uag_custom_page_level_css":"","site-sidebar-layout":"default","site-content-layout":"","ast-site-content-layout":"default","site-content-style":"default","site-sidebar-style":"default","ast-global-header-display":"","ast-banner-title-visibility":"","ast-main-header-display":"","ast-hfb-above-header-display":"","ast-hfb-below-header-display":"","ast-hfb-mobile-header-display":"","site-post-title":"","ast-breadcrumbs-content":"","ast-featured-img":"","footer-sml-layout":"","ast-disable-related-posts":"","theme-transparent-header-meta":"default","adv-header-id-meta":"","stick-header-meta":"","header-above-stick-meta":"","header-main-stick-meta":"","header-below-stick-meta":"","astra-migrate-meta-layouts":"set","ast-page-background-enabled":"default","ast-page-background-meta":{"desktop":{"background-color":"var(--ast-global-color-4)","background-image":"","background-repeat":"repeat","background-position":"center center","background-size":"auto","background-attachment":"scroll","background-type":"","background-media":"","overlay-type":"","overlay-color":"","overlay-opacity":"","overlay-gradient":""},"tablet":{"background-color":"","background-image":"","background-repeat":"repeat","background-position":"center center","background-size":"auto","background-attachment":"scroll","background-type":"","background-media":"","overlay-type":"","overlay-color":"","overlay-opacity":"","overlay-gradient":""},"mobile":{"background-color":"","background-image":"","background-repeat":"repeat","background-position":"center center","background-size":"auto","background-attachment":"scroll","background-type":"","background-media":"","overlay-type":"","overlay-color":"","overlay-opacity":"","overlay-gradient":""}},"ast-content-background-meta":{"desktop":{"background-color":"var(--ast-global-color-5)","background-image":"","background-repeat":"repeat","background-position":"center center","background-size":"auto","background-attachment":"scroll","background-type":"","background-media":"","overlay-type":"","overlay-color":"","overlay-opacity":"","overlay-gradient":""},"tablet":{"background-color":"var(--ast-global-color-5)","background-image":"","background-repeat":"repeat","background-position":"center center","background-size":"auto","background-attachment":"scroll","background-type":"","background-media":"","overlay-type":"","overlay-color":"","overlay-opacity":"","overlay-gradient":""},"mobile":{"background-color":"var(--ast-global-color-5)","background-image":"","background-repeat":"repeat","background-position":"center center","background-size":"auto","background-attachment":"scroll","background-type":"","background-media":"","overlay-type":"","overlay-color":"","overlay-opacity":"","overlay-gradient":""}}},"product_brand":[],"product_cat":[191],"product_tag":[],"class_list":{"0":"post-25576","1":"product","2":"type-product","3":"status-publish","4":"has-post-thumbnail","6":"product_cat-water-repellent","7":"desktop-align-left","8":"tablet-align-left","9":"mobile-align-left","11":"first","12":"instock","13":"sale","14":"taxable","15":"shipping-taxable","16":"purchasable","17":"product-type-variable","18":"has-default-attributes"},"spectra_custom_meta":{"_visibility":["visible"],"_shopify_product_id":["9106650431733"],"_s2w_shopify_domain":["ferberpainting.myshopify.com"],"_shopify_variant_id":["46626388148469"],"_sku":[""],"_manage_stock":["no"],"total_sales":["63"],"_tax_status":["taxable"],"_tax_class":[""],"_backorders":["no"],"_sold_individually":["no"],"_virtual":["no"],"_downloadable":["no"],"_download_limit":["-1"],"_download_expiry":["-1"],"_stock":[null],"_stock_status":["instock"],"_wc_average_rating":["5.00"],"_wc_review_count":["11"],"_product_attributes":["a:1:{s:6:\"volume\";a:6:{s:4:\"name\";s:6:\"Volume\";s:5:\"value\";s:20:\"5 liters | 25 liters\";s:8:\"position\";i:1;s:10:\"is_visible\";i:0;s:12:\"is_variation\";i:1;s:11:\"is_taxonomy\";i:0;}}"],"_product_version":["10.5.1"],"wpse_downloadable_file_names":[""],"wpse_downloadable_file_urls":[""],"_edit_last":["1"],"_default_attributes":["a:1:{s:6:\"volume\";s:8:\"5 liters\";}"],"_edit_lock":["1771242345:1"],"merchant-center-availability":["yes"],"merchant-center-category":["503738"],"_thumbnail_id":["35872"],"_wp_page_template":["default"],"_wp_old_date":["2025-05-26"],"_product_image_gallery":["35873"],"site-sidebar-layout":["default"],"ast-site-content-layout":["default"],"site-content-style":["default"],"site-sidebar-style":["default"],"theme-transparent-header-meta":["default"],"_price":["29.90","129.90"],"_wc_rating_count":["a:1:{i:5;i:11;}"],"astra-migrate-meta-layouts":["set"],"_uag_css_file_name":["uag-css-25576.css"],"_elementor_page_assets":["a:0:{}"],"_uag_page_assets":["a:9:{s:3:\"css\";s:7133:\".uag-blocks-common-selector{z-index:var(--z-index-desktop) !important}@media(max-width: 976px){.uag-blocks-common-selector{z-index:var(--z-index-tablet) !important}}@media(max-width: 767px){.uag-blocks-common-selector{z-index:var(--z-index-mobile) !important}}.wp-block-uagb-image{display:flex}.wp-block-uagb-image__figure{position:relative;display:flex;flex-direction:column;max-width:100%;height:auto;margin:0}.wp-block-uagb-image__figure img{height:auto;display:flex;max-width:100%;transition:box-shadow .2s ease}.wp-block-uagb-image__figure>a{display:inline-block}.wp-block-uagb-image__figure figcaption{text-align:center;margin-top:.5em;margin-bottom:1em}.wp-block-uagb-image .components-placeholder.block-editor-media-placeholder .components-placeholder__instructions{align-self:center}.wp-block-uagb-image--align-left{text-align:left}.wp-block-uagb-image--align-right{text-align:right}.wp-block-uagb-image--align-center{text-align:center}.wp-block-uagb-image--align-full .wp-block-uagb-image__figure{margin-left:calc(50% - 50vw);margin-right:calc(50% - 50vw);max-width:100vw;width:100vw;height:auto}.wp-block-uagb-image--align-full .wp-block-uagb-image__figure img{height:auto;width:100% !important}.wp-block-uagb-image--align-wide .wp-block-uagb-image__figure img{height:auto;width:100%}.wp-block-uagb-image--layout-overlay__color-wrapper{position:absolute;left:0;top:0;right:0;bottom:0;opacity:.2;background:rgba(0,0,0,.5);transition:opacity .35s ease-in-out}.wp-block-uagb-image--layout-overlay-link{position:absolute;left:0;right:0;bottom:0;top:0}.wp-block-uagb-image--layout-overlay .wp-block-uagb-image__figure:hover .wp-block-uagb-image--layout-overlay__color-wrapper{opacity:1}.wp-block-uagb-image--layout-overlay__inner{position:absolute;left:15px;right:15px;bottom:15px;top:15px;display:flex;align-items:center;justify-content:center;flex-direction:column;border-color:#fff;transition:.35s ease-in-out}.wp-block-uagb-image--layout-overlay__inner.top-left,.wp-block-uagb-image--layout-overlay__inner.top-center,.wp-block-uagb-image--layout-overlay__inner.top-right{justify-content:flex-start}.wp-block-uagb-image--layout-overlay__inner.bottom-left,.wp-block-uagb-image--layout-overlay__inner.bottom-center,.wp-block-uagb-image--layout-overlay__inner.bottom-right{justify-content:flex-end}.wp-block-uagb-image--layout-overlay__inner.top-left,.wp-block-uagb-image--layout-overlay__inner.center-left,.wp-block-uagb-image--layout-overlay__inner.bottom-left{align-items:flex-start}.wp-block-uagb-image--layout-overlay__inner.top-right,.wp-block-uagb-image--layout-overlay__inner.center-right,.wp-block-uagb-image--layout-overlay__inner.bottom-right{align-items:flex-end}.wp-block-uagb-image--layout-overlay__inner .uagb-image-heading{color:#fff;transition:transform .35s,opacity .35s ease-in-out;transform:translate3d(0, 24px, 0);margin:0;line-height:1em}.wp-block-uagb-image--layout-overlay__inner .uagb-image-separator{width:30%;border-top-width:2px;border-top-color:#fff;border-top-style:solid;margin-bottom:10px;opacity:0;transition:transform .4s,opacity .4s ease-in-out;transform:translate3d(0, 30px, 0)}.wp-block-uagb-image--layout-overlay__inner .uagb-image-caption{opacity:0;overflow:visible;color:#fff;transition:transform .45s,opacity .45s ease-in-out;transform:translate3d(0, 35px, 0)}.wp-block-uagb-image--layout-overlay__inner:hover .uagb-image-heading,.wp-block-uagb-image--layout-overlay__inner:hover .uagb-image-separator,.wp-block-uagb-image--layout-overlay__inner:hover .uagb-image-caption{opacity:1;transform:translate3d(0, 0, 0)}.wp-block-uagb-image--effect-zoomin .wp-block-uagb-image__figure img,.wp-block-uagb-image--effect-zoomin .wp-block-uagb-image__figure .wp-block-uagb-image--layout-overlay__color-wrapper{transform:scale(1);transition:transform .35s ease-in-out}.wp-block-uagb-image--effect-zoomin .wp-block-uagb-image__figure:hover img,.wp-block-uagb-image--effect-zoomin .wp-block-uagb-image__figure:hover .wp-block-uagb-image--layout-overlay__color-wrapper{transform:scale(1.05)}.wp-block-uagb-image--effect-slide .wp-block-uagb-image__figure img,.wp-block-uagb-image--effect-slide .wp-block-uagb-image__figure .wp-block-uagb-image--layout-overlay__color-wrapper{width:calc(100% + 40px) !important;max-width:none !important;transform:translate3d(-40px, 0, 0);transition:transform .35s ease-in-out}.wp-block-uagb-image--effect-slide .wp-block-uagb-image__figure:hover img,.wp-block-uagb-image--effect-slide .wp-block-uagb-image__figure:hover .wp-block-uagb-image--layout-overlay__color-wrapper{transform:translate3d(0, 0, 0)}.wp-block-uagb-image--effect-grayscale img{filter:grayscale(0%);transition:.35s ease-in-out}.wp-block-uagb-image--effect-grayscale:hover img{filter:grayscale(100%)}.wp-block-uagb-image--effect-blur img{filter:blur(0);transition:.35s ease-in-out}.wp-block-uagb-image--effect-blur:hover img{filter:blur(3px)}.uagb-block-e6f939b3.wp-block-uagb-image--layout-default figure img{box-shadow: 0px 0px 0 #00000070;}.uagb-block-e6f939b3.wp-block-uagb-image .wp-block-uagb-image__figure figcaption{font-style: normal;align-self: center;}.uagb-block-e6f939b3.wp-block-uagb-image--layout-overlay figure img{box-shadow: 0px 0px 0 #00000070;}.uagb-block-e6f939b3.wp-block-uagb-image--layout-overlay .wp-block-uagb-image--layout-overlay__color-wrapper{opacity: 0.2;}.uagb-block-e6f939b3.wp-block-uagb-image--layout-overlay .wp-block-uagb-image--layout-overlay__inner{left: 15px;right: 15px;top: 15px;bottom: 15px;}.uagb-block-e6f939b3.wp-block-uagb-image--layout-overlay .wp-block-uagb-image--layout-overlay__inner .uagb-image-heading{font-style: normal;color: #fff;opacity: 1;}.uagb-block-e6f939b3.wp-block-uagb-image--layout-overlay .wp-block-uagb-image--layout-overlay__inner .uagb-image-heading a{color: #fff;}.uagb-block-e6f939b3.wp-block-uagb-image--layout-overlay .wp-block-uagb-image--layout-overlay__inner .uagb-image-caption{opacity: 0;}.uagb-block-e6f939b3.wp-block-uagb-image--layout-overlay .wp-block-uagb-image__figure:hover .wp-block-uagb-image--layout-overlay__color-wrapper{opacity: 1;}.uagb-block-e6f939b3.wp-block-uagb-image .wp-block-uagb-image--layout-overlay__inner .uagb-image-separator{width: 30%;border-top-width: 2px;border-top-color: #fff;opacity: 0;}.uagb-block-e6f939b3.wp-block-uagb-image .wp-block-uagb-image__figure img{width: px;height: auto;}.uagb-block-e6f939b3.wp-block-uagb-image .wp-block-uagb-image__figure:hover .wp-block-uagb-image--layout-overlay__inner .uagb-image-caption{opacity: 1;}.uagb-block-e6f939b3.wp-block-uagb-image .wp-block-uagb-image__figure:hover .wp-block-uagb-image--layout-overlay__inner .uagb-image-separator{opacity: 1;}.uagb-block-e6f939b3.wp-block-uagb-image--layout-default figure:hover img{box-shadow: 0px 0px 0 #00000070;}.uagb-block-e6f939b3.wp-block-uagb-image--layout-overlay figure:hover img{box-shadow: 0px 0px 0 #00000070;}@media only screen and (max-width: 976px) {.uagb-block-e6f939b3.wp-block-uagb-image .wp-block-uagb-image__figure img{width: px;height: auto;}}@media only screen and (max-width: 767px) {.uagb-block-e6f939b3.wp-block-uagb-image .wp-block-uagb-image__figure img{width: px;height: auto;}}\";s:2:\"js\";s:0:\"\";s:18:\"current_block_list\";a:13:{i:0;s:11:\"core\/search\";i:1;s:10:\"core\/group\";i:2;s:12:\"core\/heading\";i:3;s:17:\"core\/latest-posts\";i:4;s:20:\"core\/latest-comments\";i:5;s:13:\"core\/archives\";i:6;s:15:\"core\/categories\";i:7;s:14:\"core\/paragraph\";i:8;s:10:\"uagb\/image\";i:9;s:11:\"core\/spacer\";i:10;s:30:\"woocommerce\/product-categories\";i:11;s:10:\"core\/image\";i:12;s:14:\"core\/shortcode\";}s:8:\"uag_flag\";b:1;s:11:\"uag_version\";s:10:\"1777241300\";s:6:\"gfonts\";a:0:{}s:10:\"gfonts_url\";s:0:\"\";s:12:\"gfonts_files\";a:0:{}s:14:\"uag_faq_layout\";b:0;}"]},"uagb_featured_image_src":{"full":["https:\/\/www.ferberpainting.com\/wp-content\/uploads\/2025\/05\/Tile-Water-Repellent-5L-.png",2560,2560,false],"thumbnail":["https:\/\/www.ferberpainting.com\/wp-content\/uploads\/2025\/05\/Tile-Water-Repellent-5L--150x150.png",150,150,true],"medium":["https:\/\/www.ferberpainting.com\/wp-content\/uploads\/2025\/05\/Tile-Water-Repellent-5L--300x300.png",300,300,true],"medium_large":["https:\/\/www.ferberpainting.com\/wp-content\/uploads\/2025\/05\/Tile-Water-Repellent-5L--768x768.png",768,768,true],"large":["https:\/\/www.ferberpainting.com\/wp-content\/uploads\/2025\/05\/Tile-Water-Repellent-5L--1024x1024.png",1024,1024,true],"1536x1536":["https:\/\/www.ferberpainting.com\/wp-content\/uploads\/2025\/05\/Tile-Water-Repellent-5L--1536x1536.png",1536,1536,true],"2048x2048":["https:\/\/www.ferberpainting.com\/wp-content\/uploads\/2025\/05\/Tile-Water-Repellent-5L--2048x2048.png",2048,2048,true],"trp-custom-language-flag":["https:\/\/www.ferberpainting.com\/wp-content\/uploads\/2025\/05\/Tile-Water-Repellent-5L--12x12.png",12,12,true],"woocommerce_thumbnail":["https:\/\/www.ferberpainting.com\/wp-content\/uploads\/2025\/05\/Tile-Water-Repellent-5L--300x300.png",300,300,true],"woocommerce_single":["https:\/\/www.ferberpainting.com\/wp-content\/uploads\/2025\/05\/Tile-Water-Repellent-5L--600x600.png",600,600,true],"woocommerce_gallery_thumbnail":["https:\/\/www.ferberpainting.com\/wp-content\/uploads\/2025\/05\/Tile-Water-Repellent-5L--100x100.png",100,100,true]},"uagb_author_info":{"display_name":"admin","author_link":"https:\/\/www.ferberpainting.com\/es\/author\/"},"uagb_comment_info":11,"uagb_excerpt":"Optimal protection against humidity.\u00a0The tile waterproofer is designed to provide high-quality protection against humidity, mold, and stains on tiled surfaces. Ideal for kitchen floors and walls, bathrooms, or any other humid environment, this product forms an invisible barrier that prevents water from penetrating the joints and tiles while allowing the surface to breathe. This ensures&hellip;","_links":{"self":[{"href":"https:\/\/www.ferberpainting.com\/es\/wp-json\/wp\/v2\/product\/25576","targetHints":{"allow":["GET"]}}],"collection":[{"href":"https:\/\/www.ferberpainting.com\/es\/wp-json\/wp\/v2\/product"}],"about":[{"href":"https:\/\/www.ferberpainting.com\/es\/wp-json\/wp\/v2\/types\/product"}],"replies":[{"embeddable":true,"href":"https:\/\/www.ferberpainting.com\/es\/wp-json\/wp\/v2\/comments?post=25576"}],"version-history":[{"count":3,"href":"https:\/\/www.ferberpainting.com\/es\/wp-json\/wp\/v2\/product\/25576\/revisions"}],"predecessor-version":[{"id":167423,"href":"https:\/\/www.ferberpainting.com\/es\/wp-json\/wp\/v2\/product\/25576\/revisions\/167423"}],"wp:featuredmedia":[{"embeddable":true,"href":"https:\/\/www.ferberpainting.com\/es\/wp-json\/wp\/v2\/media\/35872"}],"wp:attachment":[{"href":"https:\/\/www.ferberpainting.com\/es\/wp-json\/wp\/v2\/media?parent=25576"}],"wp:term":[{"taxonomy":"product_brand","embeddable":true,"href":"https:\/\/www.ferberpainting.com\/es\/wp-json\/wp\/v2\/product_brand?post=25576"},{"taxonomy":"product_cat","embeddable":true,"href":"https:\/\/www.ferberpainting.com\/es\/wp-json\/wp\/v2\/product_cat?post=25576"},{"taxonomy":"product_tag","embeddable":true,"href":"https:\/\/www.ferberpainting.com\/es\/wp-json\/wp\/v2\/product_tag?post=25576"}],"curies":[{"name":"wp","href":"https:\/\/api.w.org\/{rel}","templated":true}]}}