{"id":25364,"date":"2025-06-30T20:40:48","date_gmt":"2025-06-30T18:40:48","guid":{"rendered":"https:\/\/www.ferberpainting.com\/?post_type=product&#038;p=25358"},"modified":"2026-02-16T12:37:36","modified_gmt":"2026-02-16T11:37:36","slug":"tile-cleaner-1","status":"publish","type":"product","link":"https:\/\/www.ferberpainting.com\/es\/products\/tile-cleaner-1\/","title":{"rendered":"Limpiador para azulejos"},"content":{"rendered":"<p><strong><img decoding=\"async\" style=\"margin-right: 12px;\" src=\"https:\/\/www.ferberpainting.com\/wp-content\/uploads\/2026\/02\/Check.svg\" alt=\"\" width=\"18\" height=\"15\" \/>Eficacia \u00f3ptima.<\/strong>\u00a0Este limpiador de azulejos est\u00e1 dise\u00f1ado para eliminar eficazmente la suciedad, las manchas, los dep\u00f3sitos calc\u00e1reos y los residuos grasos que se acumulan con el tiempo. Su potente f\u00f3rmula act\u00faa en profundidad para restaurar el brillo y la limpieza de sus baldosas, preservando al mismo tiempo la naturaleza de la superficie. Garantiza una limpieza impecable, sin rayas ni pel\u00edculas de grasa, dejando un suelo brillante y una higiene impecable.<\/p>\n<p><strong><img decoding=\"async\" style=\"margin-right: 12px;\" src=\"https:\/\/www.ferberpainting.com\/wp-content\/uploads\/2026\/02\/Check.svg\" alt=\"\" width=\"18\" height=\"15\" \/>Garant\u00eda de devoluci\u00f3n del dinero.<\/strong>\u00a0Confiamos plenamente en el rendimiento de nuestro limpiador. Si no est\u00e1 completamente satisfecho con los resultados, tiene derecho a un reembolso completo. Pruebe nuestro producto sin riesgos y disfrute de unos azulejos siempre limpios y brillantes.<\/p>\n<p><strong><img decoding=\"async\" style=\"margin-right: 12px;\" src=\"https:\/\/www.ferberpainting.com\/wp-content\/uploads\/2026\/02\/Check.svg\" alt=\"\" width=\"18\" height=\"15\" \/>Versatilidad excepcional.<\/strong>\u00a0Este limpiador no se limita a los azulejos normales. Tambi\u00e9n es eficaz en otras superficies como loza, cer\u00e1mica, piedra natural, gres porcel\u00e1nico, m\u00e1rmol e incluso algunos suelos de cemento u hormig\u00f3n encerados. Puede utilizarse tanto en suelos de interior como de exterior, salpicaderos, encimeras de cocina, duchas y paredes alicatadas, garantizando una limpieza eficaz en una amplia gama de materiales.<\/p>\n<p><strong><img decoding=\"async\" style=\"margin-right: 12px;\" src=\"https:\/\/www.ferberpainting.com\/wp-content\/uploads\/2026\/02\/Check.svg\" alt=\"\" width=\"18\" height=\"15\" \/>Eficiencia econ\u00f3mica.<\/strong>\u00a0Gracias a su envase de 5 litros y a su f\u00f3rmula ultraeficiente, este limpiador ofrece un gran rendimiento. Una peque\u00f1a cantidad es suficiente para limpiar una gran superficie sin desperdiciar nada. De media, un litro de producto puede limpiar hasta 100 m\u00b2 de baldosas, lo que lo convierte en una soluci\u00f3n econ\u00f3mica y sostenible para el mantenimiento regular de suelos y superficies de baldosas.<\/p>\n<p><strong><img decoding=\"async\" style=\"margin-right: 12px;\" src=\"https:\/\/www.ferberpainting.com\/wp-content\/uploads\/2026\/02\/Check.svg\" alt=\"\" width=\"18\" height=\"15\" \/>Seguro de usar.<\/strong>\u00a0A diferencia de los productos que contienen agentes corrosivos o disolventes agresivos, este limpiador est\u00e1 fabricado con ingredientes no t\u00f3xicos que son seguros para su salud y el medio ambiente. No emite vapores t\u00f3xicos, no irrita la piel y no deja residuos resbaladizos tras su uso. Es seguro para hogares con ni\u00f1os o mascotas, garantizando una higiene perfecta sin riesgos.<\/p>\n<p><strong><img decoding=\"async\" style=\"margin-right: 12px;\" src=\"https:\/\/www.ferberpainting.com\/wp-content\/uploads\/2026\/02\/Check.svg\" alt=\"\" width=\"18\" height=\"15\" \/>Facilidad de uso.<\/strong>\u00a0Este producto est\u00e1 listo para usar y no requiere ninguna diluci\u00f3n ni preparaci\u00f3n complicada. Puede aplicarse directamente sobre las baldosas con una fregona, esponja o escoba de microfibra. Su f\u00f3rmula de acci\u00f3n r\u00e1pida elimina la suciedad sin necesidad de fregar intensamente, facilitando y agilizando la limpieza diaria.<\/p>\n<p><strong><img decoding=\"async\" style=\"margin-right: 12px;\" src=\"https:\/\/www.ferberpainting.com\/wp-content\/uploads\/2026\/02\/Check.svg\" alt=\"\" width=\"18\" height=\"15\" \/>Durabilidad de larga duraci\u00f3n.<\/strong>\u00a0Al eliminar eficazmente las impurezas y preservar la calidad de las baldosas, este limpiador ayuda a prolongar la vida \u00fatil de las superficies tratadas. Evita la acumulaci\u00f3n de residuos que pueden deslustrar las baldosas y entorpecer su brillo natural. Su uso regular previene la formaci\u00f3n de manchas incrustadas y garantiza una superficie limpia y est\u00e9tica a largo plazo.<\/p>\n<p><strong><img decoding=\"async\" style=\"margin-right: 12px;\" src=\"https:\/\/www.ferberpainting.com\/wp-content\/uploads\/2026\/02\/Check.svg\" alt=\"\" width=\"18\" height=\"15\" \/>Acci\u00f3n r\u00e1pida.<\/strong>\u00a0Gracias a su f\u00f3rmula altamente reactiva, este limpiador act\u00faa instant\u00e1neamente sobre las manchas de suciedad y grasa. En pocos minutos, disuelve las impurezas y facilita su eliminaci\u00f3n sin largos tiempos de espera. Se seca r\u00e1pidamente sin dejar residuos, lo que permite reutilizar el suelo inmediatamente despu\u00e9s de la limpieza.<\/p>\n<h2><strong>Instrucciones de uso<\/strong><\/h2>\n<ul>\n<li><strong>Preparaci\u00f3n <\/strong>: Aseg\u00farese de que la superficie est\u00e9 libre de polvo y residuos s\u00f3lidos barriendo o aspirando antes de aplicar el limpiador.<\/li>\n<li><strong>Aplicaci\u00f3n manual <\/strong>: Vierta una peque\u00f1a cantidad de limpiador en una fregona limpia, una esponja o una escoba de microfibra y, a continuaci\u00f3n, apl\u00edquelo uniformemente sobre la superficie alicatada con movimientos circulares.<\/li>\n<li><strong>Uso con fregadora <\/strong>: Llene el dep\u00f3sito con el limpiador puro y proceda a la limpieza siguiendo las instrucciones del equipo.<\/li>\n<li><strong>Limpieza y acabado <\/strong>: Deje reposar unos minutos para disolver la suciedad y, a continuaci\u00f3n, pase una fregona h\u00fameda si es necesario. No es necesario aclarar para la limpieza est\u00e1ndar.<\/li>\n<li><strong>Secado <\/strong>: Dejar secar de forma natural. La superficie de la baldosa estar\u00e1 lista para su uso en minutos gracias a su f\u00f3rmula de secado r\u00e1pido.<\/li>\n<li><strong>Frecuencia de uso <\/strong>: Apl\u00edquelo dos veces por semana para un mantenimiento regular, o con mayor frecuencia en zonas muy transitadas como cocinas, ba\u00f1os o entradas.<\/li>\n<li><strong>Almacenamiento <\/strong>: Vuelva a cerrar bien el envase despu\u00e9s de cada uso y gu\u00e1rdelo en un lugar fresco y seco, protegido de la luz y de temperaturas extremas para mantener la eficacia del producto a lo largo del tiempo.<\/li>\n<\/ul>\n<p>Con nuestro limpiador de baldosas, proporcione a sus suelos y superficies un cuidado r\u00e1pido, eficaz y seguro, al tiempo que prolonga su brillo y durabilidad a lo largo del tiempo.<\/p>","protected":false},"excerpt":{"rendered":"<p>Optimal Effectiveness.\u00a0This tile cleaner is designed to effectively eliminate dirt, stains, limescale deposits, and greasy residues that build up over time. Its powerful formula acts deep down to restore the shine and cleanliness of your tiles, while preserving the nature of the surface. It ensures spotless cleaning with no streaks or grease film, leaving a [&hellip;]<\/p>\n","protected":false},"featured_media":35913,"comment_status":"open","ping_status":"closed","template":"","meta":{"_uag_custom_page_level_css":"","site-sidebar-layout":"default","site-content-layout":"","ast-site-content-layout":"default","site-content-style":"default","site-sidebar-style":"default","ast-global-header-display":"","ast-banner-title-visibility":"","ast-main-header-display":"","ast-hfb-above-header-display":"","ast-hfb-below-header-display":"","ast-hfb-mobile-header-display":"","site-post-title":"","ast-breadcrumbs-content":"","ast-featured-img":"","footer-sml-layout":"","ast-disable-related-posts":"","theme-transparent-header-meta":"default","adv-header-id-meta":"","stick-header-meta":"","header-above-stick-meta":"","header-main-stick-meta":"","header-below-stick-meta":"","astra-migrate-meta-layouts":"set","ast-page-background-enabled":"default","ast-page-background-meta":{"desktop":{"background-color":"var(--ast-global-color-4)","background-image":"","background-repeat":"repeat","background-position":"center center","background-size":"auto","background-attachment":"scroll","background-type":"","background-media":"","overlay-type":"","overlay-color":"","overlay-opacity":"","overlay-gradient":""},"tablet":{"background-color":"","background-image":"","background-repeat":"repeat","background-position":"center center","background-size":"auto","background-attachment":"scroll","background-type":"","background-media":"","overlay-type":"","overlay-color":"","overlay-opacity":"","overlay-gradient":""},"mobile":{"background-color":"","background-image":"","background-repeat":"repeat","background-position":"center center","background-size":"auto","background-attachment":"scroll","background-type":"","background-media":"","overlay-type":"","overlay-color":"","overlay-opacity":"","overlay-gradient":""}},"ast-content-background-meta":{"desktop":{"background-color":"var(--ast-global-color-5)","background-image":"","background-repeat":"repeat","background-position":"center center","background-size":"auto","background-attachment":"scroll","background-type":"","background-media":"","overlay-type":"","overlay-color":"","overlay-opacity":"","overlay-gradient":""},"tablet":{"background-color":"var(--ast-global-color-5)","background-image":"","background-repeat":"repeat","background-position":"center center","background-size":"auto","background-attachment":"scroll","background-type":"","background-media":"","overlay-type":"","overlay-color":"","overlay-opacity":"","overlay-gradient":""},"mobile":{"background-color":"var(--ast-global-color-5)","background-image":"","background-repeat":"repeat","background-position":"center center","background-size":"auto","background-attachment":"scroll","background-type":"","background-media":"","overlay-type":"","overlay-color":"","overlay-opacity":"","overlay-gradient":""}}},"product_brand":[],"product_cat":[175],"product_tag":[],"class_list":{"0":"post-25364","1":"product","2":"type-product","3":"status-publish","4":"has-post-thumbnail","6":"product_cat-cleaning-products","7":"desktop-align-left","8":"tablet-align-left","9":"mobile-align-left","11":"first","12":"instock","13":"sale","14":"taxable","15":"shipping-taxable","16":"purchasable","17":"product-type-variable","18":"has-default-attributes"},"spectra_custom_meta":{"_visibility":["visible"],"_shopify_product_id":["9102340391157"],"_s2w_shopify_domain":["ferberpainting.myshopify.com"],"_shopify_variant_id":["46616011178229"],"_sku":[""],"_manage_stock":["no"],"total_sales":["9"],"_tax_status":["taxable"],"_tax_class":[""],"_backorders":["no"],"_sold_individually":["no"],"_virtual":["no"],"_downloadable":["no"],"_download_limit":["-1"],"_download_expiry":["-1"],"_stock":[null],"_stock_status":["instock"],"_wc_average_rating":["5.00"],"_wc_review_count":["15"],"_product_attributes":["a:1:{s:6:\"volume\";a:6:{s:4:\"name\";s:6:\"Volume\";s:5:\"value\";s:20:\"5 liters | 25 liters\";s:8:\"position\";i:1;s:10:\"is_visible\";i:0;s:12:\"is_variation\";i:1;s:11:\"is_taxonomy\";i:0;}}"],"_product_version":["10.5.1"],"wpse_downloadable_file_names":[""],"wpse_downloadable_file_urls":[""],"_edit_last":["1"],"_default_attributes":["a:1:{s:6:\"volume\";s:8:\"5 liters\";}"],"_edit_lock":["1771241729:1"],"_price":["29.90","129.90"],"merchant-center-availability":["yes"],"merchant-center-category":["4977"],"_thumbnail_id":["35913"],"_wp_page_template":["default"],"_wp_old_date":["2025-05-26"],"_product_image_gallery":["35914"],"site-sidebar-layout":["default"],"ast-site-content-layout":["default"],"site-content-style":["default"],"site-sidebar-style":["default"],"theme-transparent-header-meta":["default"],"_wc_rating_count":["a:1:{i:5;i:15;}"],"astra-migrate-meta-layouts":["set"],"_uag_css_file_name":["uag-css-25364.css"],"_elementor_page_assets":["a:0:{}"],"_uag_page_assets":["a:9:{s:3:\"css\";s:7133:\".uag-blocks-common-selector{z-index:var(--z-index-desktop) !important}@media(max-width: 976px){.uag-blocks-common-selector{z-index:var(--z-index-tablet) !important}}@media(max-width: 767px){.uag-blocks-common-selector{z-index:var(--z-index-mobile) !important}}.wp-block-uagb-image{display:flex}.wp-block-uagb-image__figure{position:relative;display:flex;flex-direction:column;max-width:100%;height:auto;margin:0}.wp-block-uagb-image__figure img{height:auto;display:flex;max-width:100%;transition:box-shadow .2s ease}.wp-block-uagb-image__figure>a{display:inline-block}.wp-block-uagb-image__figure figcaption{text-align:center;margin-top:.5em;margin-bottom:1em}.wp-block-uagb-image .components-placeholder.block-editor-media-placeholder .components-placeholder__instructions{align-self:center}.wp-block-uagb-image--align-left{text-align:left}.wp-block-uagb-image--align-right{text-align:right}.wp-block-uagb-image--align-center{text-align:center}.wp-block-uagb-image--align-full .wp-block-uagb-image__figure{margin-left:calc(50% - 50vw);margin-right:calc(50% - 50vw);max-width:100vw;width:100vw;height:auto}.wp-block-uagb-image--align-full .wp-block-uagb-image__figure img{height:auto;width:100% !important}.wp-block-uagb-image--align-wide .wp-block-uagb-image__figure img{height:auto;width:100%}.wp-block-uagb-image--layout-overlay__color-wrapper{position:absolute;left:0;top:0;right:0;bottom:0;opacity:.2;background:rgba(0,0,0,.5);transition:opacity .35s ease-in-out}.wp-block-uagb-image--layout-overlay-link{position:absolute;left:0;right:0;bottom:0;top:0}.wp-block-uagb-image--layout-overlay .wp-block-uagb-image__figure:hover .wp-block-uagb-image--layout-overlay__color-wrapper{opacity:1}.wp-block-uagb-image--layout-overlay__inner{position:absolute;left:15px;right:15px;bottom:15px;top:15px;display:flex;align-items:center;justify-content:center;flex-direction:column;border-color:#fff;transition:.35s ease-in-out}.wp-block-uagb-image--layout-overlay__inner.top-left,.wp-block-uagb-image--layout-overlay__inner.top-center,.wp-block-uagb-image--layout-overlay__inner.top-right{justify-content:flex-start}.wp-block-uagb-image--layout-overlay__inner.bottom-left,.wp-block-uagb-image--layout-overlay__inner.bottom-center,.wp-block-uagb-image--layout-overlay__inner.bottom-right{justify-content:flex-end}.wp-block-uagb-image--layout-overlay__inner.top-left,.wp-block-uagb-image--layout-overlay__inner.center-left,.wp-block-uagb-image--layout-overlay__inner.bottom-left{align-items:flex-start}.wp-block-uagb-image--layout-overlay__inner.top-right,.wp-block-uagb-image--layout-overlay__inner.center-right,.wp-block-uagb-image--layout-overlay__inner.bottom-right{align-items:flex-end}.wp-block-uagb-image--layout-overlay__inner .uagb-image-heading{color:#fff;transition:transform .35s,opacity .35s ease-in-out;transform:translate3d(0, 24px, 0);margin:0;line-height:1em}.wp-block-uagb-image--layout-overlay__inner .uagb-image-separator{width:30%;border-top-width:2px;border-top-color:#fff;border-top-style:solid;margin-bottom:10px;opacity:0;transition:transform .4s,opacity .4s ease-in-out;transform:translate3d(0, 30px, 0)}.wp-block-uagb-image--layout-overlay__inner .uagb-image-caption{opacity:0;overflow:visible;color:#fff;transition:transform .45s,opacity .45s ease-in-out;transform:translate3d(0, 35px, 0)}.wp-block-uagb-image--layout-overlay__inner:hover .uagb-image-heading,.wp-block-uagb-image--layout-overlay__inner:hover .uagb-image-separator,.wp-block-uagb-image--layout-overlay__inner:hover .uagb-image-caption{opacity:1;transform:translate3d(0, 0, 0)}.wp-block-uagb-image--effect-zoomin .wp-block-uagb-image__figure img,.wp-block-uagb-image--effect-zoomin .wp-block-uagb-image__figure .wp-block-uagb-image--layout-overlay__color-wrapper{transform:scale(1);transition:transform .35s ease-in-out}.wp-block-uagb-image--effect-zoomin .wp-block-uagb-image__figure:hover img,.wp-block-uagb-image--effect-zoomin .wp-block-uagb-image__figure:hover .wp-block-uagb-image--layout-overlay__color-wrapper{transform:scale(1.05)}.wp-block-uagb-image--effect-slide .wp-block-uagb-image__figure img,.wp-block-uagb-image--effect-slide .wp-block-uagb-image__figure .wp-block-uagb-image--layout-overlay__color-wrapper{width:calc(100% + 40px) !important;max-width:none !important;transform:translate3d(-40px, 0, 0);transition:transform .35s ease-in-out}.wp-block-uagb-image--effect-slide .wp-block-uagb-image__figure:hover img,.wp-block-uagb-image--effect-slide .wp-block-uagb-image__figure:hover .wp-block-uagb-image--layout-overlay__color-wrapper{transform:translate3d(0, 0, 0)}.wp-block-uagb-image--effect-grayscale img{filter:grayscale(0%);transition:.35s ease-in-out}.wp-block-uagb-image--effect-grayscale:hover img{filter:grayscale(100%)}.wp-block-uagb-image--effect-blur img{filter:blur(0);transition:.35s ease-in-out}.wp-block-uagb-image--effect-blur:hover img{filter:blur(3px)}.uagb-block-e6f939b3.wp-block-uagb-image--layout-default figure img{box-shadow: 0px 0px 0 #00000070;}.uagb-block-e6f939b3.wp-block-uagb-image .wp-block-uagb-image__figure figcaption{font-style: normal;align-self: center;}.uagb-block-e6f939b3.wp-block-uagb-image--layout-overlay figure img{box-shadow: 0px 0px 0 #00000070;}.uagb-block-e6f939b3.wp-block-uagb-image--layout-overlay .wp-block-uagb-image--layout-overlay__color-wrapper{opacity: 0.2;}.uagb-block-e6f939b3.wp-block-uagb-image--layout-overlay .wp-block-uagb-image--layout-overlay__inner{left: 15px;right: 15px;top: 15px;bottom: 15px;}.uagb-block-e6f939b3.wp-block-uagb-image--layout-overlay .wp-block-uagb-image--layout-overlay__inner .uagb-image-heading{font-style: normal;color: #fff;opacity: 1;}.uagb-block-e6f939b3.wp-block-uagb-image--layout-overlay .wp-block-uagb-image--layout-overlay__inner .uagb-image-heading a{color: #fff;}.uagb-block-e6f939b3.wp-block-uagb-image--layout-overlay .wp-block-uagb-image--layout-overlay__inner .uagb-image-caption{opacity: 0;}.uagb-block-e6f939b3.wp-block-uagb-image--layout-overlay .wp-block-uagb-image__figure:hover .wp-block-uagb-image--layout-overlay__color-wrapper{opacity: 1;}.uagb-block-e6f939b3.wp-block-uagb-image .wp-block-uagb-image--layout-overlay__inner .uagb-image-separator{width: 30%;border-top-width: 2px;border-top-color: #fff;opacity: 0;}.uagb-block-e6f939b3.wp-block-uagb-image .wp-block-uagb-image__figure img{width: px;height: auto;}.uagb-block-e6f939b3.wp-block-uagb-image .wp-block-uagb-image__figure:hover .wp-block-uagb-image--layout-overlay__inner .uagb-image-caption{opacity: 1;}.uagb-block-e6f939b3.wp-block-uagb-image .wp-block-uagb-image__figure:hover .wp-block-uagb-image--layout-overlay__inner .uagb-image-separator{opacity: 1;}.uagb-block-e6f939b3.wp-block-uagb-image--layout-default figure:hover img{box-shadow: 0px 0px 0 #00000070;}.uagb-block-e6f939b3.wp-block-uagb-image--layout-overlay figure:hover img{box-shadow: 0px 0px 0 #00000070;}@media only screen and (max-width: 976px) {.uagb-block-e6f939b3.wp-block-uagb-image .wp-block-uagb-image__figure img{width: px;height: auto;}}@media only screen and (max-width: 767px) {.uagb-block-e6f939b3.wp-block-uagb-image .wp-block-uagb-image__figure img{width: px;height: auto;}}\";s:2:\"js\";s:0:\"\";s:18:\"current_block_list\";a:13:{i:0;s:11:\"core\/search\";i:1;s:10:\"core\/group\";i:2;s:12:\"core\/heading\";i:3;s:17:\"core\/latest-posts\";i:4;s:20:\"core\/latest-comments\";i:5;s:13:\"core\/archives\";i:6;s:15:\"core\/categories\";i:7;s:14:\"core\/paragraph\";i:8;s:10:\"uagb\/image\";i:9;s:11:\"core\/spacer\";i:10;s:30:\"woocommerce\/product-categories\";i:11;s:10:\"core\/image\";i:12;s:14:\"core\/shortcode\";}s:8:\"uag_flag\";b:1;s:11:\"uag_version\";s:10:\"1777197475\";s:6:\"gfonts\";a:0:{}s:10:\"gfonts_url\";s:0:\"\";s:12:\"gfonts_files\";a:0:{}s:14:\"uag_faq_layout\";b:0;}"]},"uagb_featured_image_src":{"full":["https:\/\/www.ferberpainting.com\/wp-content\/uploads\/2025\/05\/Tile-Cleaner-5L.png",2560,2560,false],"thumbnail":["https:\/\/www.ferberpainting.com\/wp-content\/uploads\/2025\/05\/Tile-Cleaner-5L-150x150.png",150,150,true],"medium":["https:\/\/www.ferberpainting.com\/wp-content\/uploads\/2025\/05\/Tile-Cleaner-5L-300x300.png",300,300,true],"medium_large":["https:\/\/www.ferberpainting.com\/wp-content\/uploads\/2025\/05\/Tile-Cleaner-5L-768x768.png",768,768,true],"large":["https:\/\/www.ferberpainting.com\/wp-content\/uploads\/2025\/05\/Tile-Cleaner-5L-1024x1024.png",1024,1024,true],"1536x1536":["https:\/\/www.ferberpainting.com\/wp-content\/uploads\/2025\/05\/Tile-Cleaner-5L-1536x1536.png",1536,1536,true],"2048x2048":["https:\/\/www.ferberpainting.com\/wp-content\/uploads\/2025\/05\/Tile-Cleaner-5L-2048x2048.png",2048,2048,true],"trp-custom-language-flag":["https:\/\/www.ferberpainting.com\/wp-content\/uploads\/2025\/05\/Tile-Cleaner-5L-12x12.png",12,12,true],"woocommerce_thumbnail":["https:\/\/www.ferberpainting.com\/wp-content\/uploads\/2025\/05\/Tile-Cleaner-5L-300x300.png",300,300,true],"woocommerce_single":["https:\/\/www.ferberpainting.com\/wp-content\/uploads\/2025\/05\/Tile-Cleaner-5L-600x600.png",600,600,true],"woocommerce_gallery_thumbnail":["https:\/\/www.ferberpainting.com\/wp-content\/uploads\/2025\/05\/Tile-Cleaner-5L-100x100.png",100,100,true]},"uagb_author_info":{"display_name":"admin","author_link":"https:\/\/www.ferberpainting.com\/es\/author\/"},"uagb_comment_info":15,"uagb_excerpt":"Optimal Effectiveness.\u00a0This tile cleaner is designed to effectively eliminate dirt, stains, limescale deposits, and greasy residues that build up over time. Its powerful formula acts deep down to restore the shine and cleanliness of your tiles, while preserving the nature of the surface. It ensures spotless cleaning with no streaks or grease film, leaving a&hellip;","_links":{"self":[{"href":"https:\/\/www.ferberpainting.com\/es\/wp-json\/wp\/v2\/product\/25364","targetHints":{"allow":["GET"]}}],"collection":[{"href":"https:\/\/www.ferberpainting.com\/es\/wp-json\/wp\/v2\/product"}],"about":[{"href":"https:\/\/www.ferberpainting.com\/es\/wp-json\/wp\/v2\/types\/product"}],"replies":[{"embeddable":true,"href":"https:\/\/www.ferberpainting.com\/es\/wp-json\/wp\/v2\/comments?post=25364"}],"version-history":[{"count":4,"href":"https:\/\/www.ferberpainting.com\/es\/wp-json\/wp\/v2\/product\/25364\/revisions"}],"predecessor-version":[{"id":167383,"href":"https:\/\/www.ferberpainting.com\/es\/wp-json\/wp\/v2\/product\/25364\/revisions\/167383"}],"wp:featuredmedia":[{"embeddable":true,"href":"https:\/\/www.ferberpainting.com\/es\/wp-json\/wp\/v2\/media\/35913"}],"wp:attachment":[{"href":"https:\/\/www.ferberpainting.com\/es\/wp-json\/wp\/v2\/media?parent=25364"}],"wp:term":[{"taxonomy":"product_brand","embeddable":true,"href":"https:\/\/www.ferberpainting.com\/es\/wp-json\/wp\/v2\/product_brand?post=25364"},{"taxonomy":"product_cat","embeddable":true,"href":"https:\/\/www.ferberpainting.com\/es\/wp-json\/wp\/v2\/product_cat?post=25364"},{"taxonomy":"product_tag","embeddable":true,"href":"https:\/\/www.ferberpainting.com\/es\/wp-json\/wp\/v2\/product_tag?post=25364"}],"curies":[{"name":"wp","href":"https:\/\/api.w.org\/{rel}","templated":true}]}}