{"id":25345,"date":"2025-06-30T20:02:34","date_gmt":"2025-06-30T18:02:34","guid":{"rendered":"https:\/\/www.ferberpainting.com\/?post_type=product&#038;p=25336"},"modified":"2026-02-16T12:25:28","modified_gmt":"2026-02-16T11:25:28","slug":"tar-bitumen-and-asphalt-cleaner","status":"publish","type":"product","link":"https:\/\/www.ferberpainting.com\/es\/products\/tar-bitumen-and-asphalt-cleaner\/","title":{"rendered":"Limpiador de alquitr\u00e1n, bet\u00fan y asfalto"},"content":{"rendered":"<p><strong><img decoding=\"async\" style=\"margin-right: 12px;\" src=\"https:\/\/www.ferberpainting.com\/wp-content\/uploads\/2026\/02\/Check.svg\" alt=\"\" width=\"18\" height=\"15\" \/>Eficacia \u00f3ptima.<\/strong>\u00a0Este limpiador de alquitr\u00e1n y bet\u00fan est\u00e1 especialmente formulado para eliminar eficazmente residuos de alquitr\u00e1n, manchas de bet\u00fan, dep\u00f3sitos de grasa e impurezas incrustadas en diversas superficies. Gracias a su potente f\u00f3rmula, disuelve r\u00e1pidamente la suciedad resistente al tiempo que preserva los materiales tratados. Garantiza una limpieza en profundidad, dejando las superficies limpias y libres de cualquier rastro de alquitr\u00e1n sin necesidad de fregar intensamente.<\/p>\n<p><strong><img decoding=\"async\" style=\"margin-right: 12px;\" src=\"https:\/\/www.ferberpainting.com\/wp-content\/uploads\/2026\/02\/Check.svg\" alt=\"\" width=\"18\" height=\"15\" \/>Garant\u00eda de devoluci\u00f3n del dinero.<\/strong>\u00a0Confiamos plenamente en la eficacia de nuestro limpiador. Si despu\u00e9s de usarlo no queda completamente satisfecho, le devolvemos el dinero. Pruebe nuestro producto sin riesgos y disfrute de una limpieza sin esfuerzo y sin residuos.<\/p>\n<p><strong><img decoding=\"async\" style=\"margin-right: 12px;\" src=\"https:\/\/www.ferberpainting.com\/wp-content\/uploads\/2026\/02\/Check.svg\" alt=\"\" width=\"18\" height=\"15\" \/>Versatilidad excepcional.<\/strong>\u00a0Este limpiador no se limita a superficies bituminosas, tambi\u00e9n es ideal para eliminar el alquitr\u00e1n de carrocer\u00edas de veh\u00edculos, equipos de construcci\u00f3n, fachadas de edificios, equipos industriales, ruedas y superficies expuestas a salpicaduras de alquitr\u00e1n, ya sean de hormig\u00f3n, piedra, metal, pl\u00e1stico, cer\u00e1mica o piedra natural. Garantiza una limpieza profunda y eficaz sin da\u00f1ar la superficie.<\/p>\n<p><strong><img decoding=\"async\" style=\"margin-right: 12px;\" src=\"https:\/\/www.ferberpainting.com\/wp-content\/uploads\/2026\/02\/Check.svg\" alt=\"\" width=\"18\" height=\"15\" \/>Rentable.<\/strong>\u00a0Con su bid\u00f3n de 5 litros y su gran eficacia, este limpiador ofrece un rendimiento excelente. Una peque\u00f1a cantidad es suficiente para disolver los residuos de alquitr\u00e1n y bet\u00fan en grandes superficies. Por t\u00e9rmino medio, un litro puede limpiar hasta 40 m\u00b2 de superficie alquitranada o bituminosa, lo que lo convierte en una soluci\u00f3n rentable tanto para el mantenimiento rutinario como para el intensivo.<\/p>\n<p><strong><img decoding=\"async\" style=\"margin-right: 12px;\" src=\"https:\/\/www.ferberpainting.com\/wp-content\/uploads\/2026\/02\/Check.svg\" alt=\"\" width=\"18\" height=\"15\" \/>Seguro de usar.<\/strong>\u00a0A diferencia de los disolventes fuertes y los productos qu\u00edmicos corrosivos que pueden da\u00f1ar las superficies, este limpiador est\u00e1 formulado para ser eficaz y seguro para los materiales. No contiene ingredientes t\u00f3xicos ni peligrosos, no emite humos nocivos y es seguro para uso profesional y dom\u00e9stico. Protege tanto al usuario como al medio ambiente.<\/p>\n<p><strong><img decoding=\"async\" style=\"margin-right: 12px;\" src=\"https:\/\/www.ferberpainting.com\/wp-content\/uploads\/2026\/02\/Check.svg\" alt=\"\" width=\"18\" height=\"15\" \/>Facilidad de uso.<\/strong>\u00a0Este producto est\u00e1 listo para usar y no requiere diluci\u00f3n ni preparaci\u00f3n compleja. Basta con aplicarlo directamente sobre la superficie con un pa\u00f1o, una esponja o un pulverizador. Su f\u00f3rmula de acci\u00f3n r\u00e1pida y su facilidad de uso facilitan la eliminaci\u00f3n de las manchas de alquitr\u00e1n sin necesidad de equipos especiales ni pasos complicados.<\/p>\n<p><strong><img decoding=\"async\" style=\"margin-right: 12px;\" src=\"https:\/\/www.ferberpainting.com\/wp-content\/uploads\/2026\/02\/Check.svg\" alt=\"\" width=\"18\" height=\"15\" \/>Durabilidad mejorada.<\/strong>\u00a0Al eliminar eficazmente los residuos de alquitr\u00e1n y bet\u00fan, este limpiador protege los materiales tratados y prolonga su vida \u00fatil. Evita la acumulaci\u00f3n de dep\u00f3sitos que pueden da\u00f1ar la superficie con el paso del tiempo, ayudando a mantener los equipos y estructuras en excelentes condiciones, con una mayor resistencia a las tensiones externas.<\/p>\n<p><strong><img decoding=\"async\" style=\"margin-right: 12px;\" src=\"https:\/\/www.ferberpainting.com\/wp-content\/uploads\/2026\/02\/Check.svg\" alt=\"\" width=\"18\" height=\"15\" \/>Acci\u00f3n r\u00e1pida.<\/strong>\u00a0Gracias a su f\u00f3rmula altamente activa, este limpiador act\u00faa instant\u00e1neamente sobre las manchas de alquitr\u00e1n y los residuos de bet\u00fan. En pocos minutos, disuelve la suciedad y facilita su eliminaci\u00f3n sin necesidad de frotar con fuerza. Su efecto instant\u00e1neo lo hace ideal para su uso in situ o en entornos que requieran una respuesta r\u00e1pida.<\/p>\n<h2><strong>Instrucciones de uso<\/strong><\/h2>\n<ul>\n<li><strong>Preparaci\u00f3n <\/strong>: Aseg\u00farese de que la superficie est\u00e9 seca y accesible antes de aplicar el producto. Elimine los residuos o acumulaciones visibles para maximizar la acci\u00f3n del producto.<\/li>\n<li><strong>Aplicaci\u00f3n manual <\/strong>: Vierta una peque\u00f1a cantidad de limpiador en un pa\u00f1o limpio, una esponja o un cepillo suave y, a continuaci\u00f3n, apl\u00edquelo uniformemente sobre las manchas de alquitr\u00e1n, frotando suavemente la zona.<\/li>\n<li><strong>Uso en grandes superficies <\/strong>: Para superficies m\u00e1s grandes, utilice un pulverizador para aplicar directamente el producto en la zona afectada. Dejar reposar unos minutos para que el producto disuelva eficazmente los residuos.<\/li>\n<li><strong>Limpieza y acci\u00f3n <\/strong>: Deje que el producto act\u00fae de 3 a 5 minutos sobre las manchas dif\u00edciles y, a continuaci\u00f3n, pase un pa\u00f1o limpio o un cepillo suave. Para zonas muy sucias, repita el proceso si es necesario.<\/li>\n<li><strong>Aclarado <\/strong>: Pasar un pa\u00f1o limpio y h\u00famedo para eliminar los restos de producto y conseguir un acabado perfecto. Si se utiliza sobre superficies porosas, aclarar abundantemente con agua limpia.<\/li>\n<li><strong>Secado y acabado <\/strong>: Deje secar al aire o limpie con un pa\u00f1o de microfibra seco para obtener un resultado impecable. En superficies met\u00e1licas o pintadas, puede utilizarse un pulimento ligero para restaurar el brillo.<\/li>\n<li><strong>Frecuencia de uso <\/strong>: Aplicar en cuanto aparezcan manchas de alquitr\u00e1n para facilitar su eliminaci\u00f3n. Para uso profesional, se recomienda una limpieza mensual para preservar el equipo y la infraestructura.<\/li>\n<li><strong>Almacenamiento <\/strong>: Vuelva a cerrar bien el bote despu\u00e9s de cada uso y gu\u00e1rdelo en un lugar fresco y seco, protegido de la luz y de temperaturas extremas, para preservar la eficacia del producto a lo largo del tiempo.<\/li>\n<\/ul>\n<p>Con nuestro limpiador de alquitr\u00e1n y bet\u00fan, podr\u00e1 eliminar f\u00e1cilmente incluso las manchas m\u00e1s dif\u00edciles y disfrutar de superficies impecables en un instante. Una soluci\u00f3n eficaz, r\u00e1pida y segura para un mantenimiento sin esfuerzo con resultados profesionales.<\/p>","protected":false},"excerpt":{"rendered":"<p>Optimal Effectiveness.\u00a0This tar and bitumen cleaner is specially formulated to effectively remove tar residues, bitumen stains, grease deposits, and embedded impurities on various surfaces. Thanks to its powerful formula, it quickly dissolves tough grime while preserving treated materials. It ensures deep cleaning, leaving surfaces clean and free from any trace of tar without the need [&hellip;]<\/p>\n","protected":false},"featured_media":35877,"comment_status":"open","ping_status":"closed","template":"","meta":{"_uag_custom_page_level_css":"","site-sidebar-layout":"default","site-content-layout":"","ast-site-content-layout":"default","site-content-style":"default","site-sidebar-style":"default","ast-global-header-display":"","ast-banner-title-visibility":"","ast-main-header-display":"","ast-hfb-above-header-display":"","ast-hfb-below-header-display":"","ast-hfb-mobile-header-display":"","site-post-title":"","ast-breadcrumbs-content":"","ast-featured-img":"","footer-sml-layout":"","ast-disable-related-posts":"","theme-transparent-header-meta":"default","adv-header-id-meta":"","stick-header-meta":"","header-above-stick-meta":"","header-main-stick-meta":"","header-below-stick-meta":"","astra-migrate-meta-layouts":"set","ast-page-background-enabled":"default","ast-page-background-meta":{"desktop":{"background-color":"var(--ast-global-color-4)","background-image":"","background-repeat":"repeat","background-position":"center center","background-size":"auto","background-attachment":"scroll","background-type":"","background-media":"","overlay-type":"","overlay-color":"","overlay-opacity":"","overlay-gradient":""},"tablet":{"background-color":"","background-image":"","background-repeat":"repeat","background-position":"center center","background-size":"auto","background-attachment":"scroll","background-type":"","background-media":"","overlay-type":"","overlay-color":"","overlay-opacity":"","overlay-gradient":""},"mobile":{"background-color":"","background-image":"","background-repeat":"repeat","background-position":"center center","background-size":"auto","background-attachment":"scroll","background-type":"","background-media":"","overlay-type":"","overlay-color":"","overlay-opacity":"","overlay-gradient":""}},"ast-content-background-meta":{"desktop":{"background-color":"var(--ast-global-color-5)","background-image":"","background-repeat":"repeat","background-position":"center center","background-size":"auto","background-attachment":"scroll","background-type":"","background-media":"","overlay-type":"","overlay-color":"","overlay-opacity":"","overlay-gradient":""},"tablet":{"background-color":"var(--ast-global-color-5)","background-image":"","background-repeat":"repeat","background-position":"center center","background-size":"auto","background-attachment":"scroll","background-type":"","background-media":"","overlay-type":"","overlay-color":"","overlay-opacity":"","overlay-gradient":""},"mobile":{"background-color":"var(--ast-global-color-5)","background-image":"","background-repeat":"repeat","background-position":"center center","background-size":"auto","background-attachment":"scroll","background-type":"","background-media":"","overlay-type":"","overlay-color":"","overlay-opacity":"","overlay-gradient":""}}},"product_brand":[],"product_cat":[175,176],"product_tag":[],"class_list":{"0":"post-25345","1":"product","2":"type-product","3":"status-publish","4":"has-post-thumbnail","6":"product_cat-cleaning-products","7":"product_cat-concrete-treatment","8":"desktop-align-left","9":"tablet-align-left","10":"mobile-align-left","12":"first","13":"instock","14":"sale","15":"shipping-taxable","16":"purchasable","17":"product-type-variable","18":"has-default-attributes"},"spectra_custom_meta":{"_visibility":["visible"],"_shopify_product_id":["9102463402229"],"_s2w_shopify_domain":["ferberpainting.myshopify.com"],"_shopify_variant_id":["46616313331957"],"_sku":[""],"_manage_stock":["no"],"total_sales":["85"],"_tax_status":["taxable"],"_tax_class":[""],"_backorders":["no"],"_sold_individually":["no"],"_virtual":["no"],"_downloadable":["no"],"_download_limit":["-1"],"_download_expiry":["-1"],"_stock":[null],"_stock_status":["instock"],"_wc_average_rating":["5.00"],"_wc_review_count":["10"],"_product_attributes":["a:1:{s:6:\"volume\";a:6:{s:4:\"name\";s:6:\"Volume\";s:5:\"value\";s:20:\"5 liters | 25 liters\";s:8:\"position\";i:1;s:10:\"is_visible\";i:0;s:12:\"is_variation\";i:1;s:11:\"is_taxonomy\";i:0;}}"],"_product_version":["10.5.1"],"wpse_downloadable_file_names":[""],"wpse_downloadable_file_urls":[""],"_edit_last":["1"],"_default_attributes":["a:1:{s:6:\"volume\";s:8:\"5 liters\";}"],"_edit_lock":["1771241003:1"],"merchant-center-availability":["yes"],"merchant-center-category":["7504"],"_thumbnail_id":["35877"],"_wp_page_template":["default"],"_wp_old_date":["2025-05-26"],"_product_image_gallery":["35879"],"site-sidebar-layout":["default"],"ast-site-content-layout":["default"],"site-content-style":["default"],"site-sidebar-style":["default"],"theme-transparent-header-meta":["default"],"_price":["29.90","129.90"],"_wc_rating_count":["a:1:{i:5;i:10;}"],"astra-migrate-meta-layouts":["set"],"_uag_css_file_name":["uag-css-25345.css"],"_elementor_page_assets":["a:0:{}"],"_uag_page_assets":["a:9:{s:3:\"css\";s:6873:\".wp-block-uagb-image{display:flex}.wp-block-uagb-image__figure{position:relative;display:flex;flex-direction:column;max-width:100%;height:auto;margin:0}.wp-block-uagb-image__figure img{height:auto;display:flex;max-width:100%;transition:box-shadow .2s ease}.wp-block-uagb-image__figure>a{display:inline-block}.wp-block-uagb-image__figure figcaption{text-align:center;margin-top:.5em;margin-bottom:1em}.wp-block-uagb-image .components-placeholder.block-editor-media-placeholder .components-placeholder__instructions{align-self:center}.wp-block-uagb-image--align-left{text-align:left}.wp-block-uagb-image--align-right{text-align:right}.wp-block-uagb-image--align-center{text-align:center}.wp-block-uagb-image--align-full .wp-block-uagb-image__figure{margin-left:calc(50% - 50vw);margin-right:calc(50% - 50vw);max-width:100vw;width:100vw;height:auto}.wp-block-uagb-image--align-full .wp-block-uagb-image__figure img{height:auto;width:100% !important}.wp-block-uagb-image--align-wide .wp-block-uagb-image__figure img{height:auto;width:100%}.wp-block-uagb-image--layout-overlay__color-wrapper{position:absolute;left:0;top:0;right:0;bottom:0;opacity:.2;background:rgba(0,0,0,.5);transition:opacity .35s ease-in-out}.wp-block-uagb-image--layout-overlay-link{position:absolute;left:0;right:0;bottom:0;top:0}.wp-block-uagb-image--layout-overlay .wp-block-uagb-image__figure:hover .wp-block-uagb-image--layout-overlay__color-wrapper{opacity:1}.wp-block-uagb-image--layout-overlay__inner{position:absolute;left:15px;right:15px;bottom:15px;top:15px;display:flex;align-items:center;justify-content:center;flex-direction:column;border-color:#fff;transition:.35s ease-in-out}.wp-block-uagb-image--layout-overlay__inner.top-left,.wp-block-uagb-image--layout-overlay__inner.top-center,.wp-block-uagb-image--layout-overlay__inner.top-right{justify-content:flex-start}.wp-block-uagb-image--layout-overlay__inner.bottom-left,.wp-block-uagb-image--layout-overlay__inner.bottom-center,.wp-block-uagb-image--layout-overlay__inner.bottom-right{justify-content:flex-end}.wp-block-uagb-image--layout-overlay__inner.top-left,.wp-block-uagb-image--layout-overlay__inner.center-left,.wp-block-uagb-image--layout-overlay__inner.bottom-left{align-items:flex-start}.wp-block-uagb-image--layout-overlay__inner.top-right,.wp-block-uagb-image--layout-overlay__inner.center-right,.wp-block-uagb-image--layout-overlay__inner.bottom-right{align-items:flex-end}.wp-block-uagb-image--layout-overlay__inner .uagb-image-heading{color:#fff;transition:transform .35s,opacity .35s ease-in-out;transform:translate3d(0, 24px, 0);margin:0;line-height:1em}.wp-block-uagb-image--layout-overlay__inner .uagb-image-separator{width:30%;border-top-width:2px;border-top-color:#fff;border-top-style:solid;margin-bottom:10px;opacity:0;transition:transform .4s,opacity .4s ease-in-out;transform:translate3d(0, 30px, 0)}.wp-block-uagb-image--layout-overlay__inner .uagb-image-caption{opacity:0;overflow:visible;color:#fff;transition:transform .45s,opacity .45s ease-in-out;transform:translate3d(0, 35px, 0)}.wp-block-uagb-image--layout-overlay__inner:hover .uagb-image-heading,.wp-block-uagb-image--layout-overlay__inner:hover .uagb-image-separator,.wp-block-uagb-image--layout-overlay__inner:hover .uagb-image-caption{opacity:1;transform:translate3d(0, 0, 0)}.wp-block-uagb-image--effect-zoomin .wp-block-uagb-image__figure img,.wp-block-uagb-image--effect-zoomin .wp-block-uagb-image__figure .wp-block-uagb-image--layout-overlay__color-wrapper{transform:scale(1);transition:transform .35s ease-in-out}.wp-block-uagb-image--effect-zoomin .wp-block-uagb-image__figure:hover img,.wp-block-uagb-image--effect-zoomin .wp-block-uagb-image__figure:hover .wp-block-uagb-image--layout-overlay__color-wrapper{transform:scale(1.05)}.wp-block-uagb-image--effect-slide .wp-block-uagb-image__figure img,.wp-block-uagb-image--effect-slide .wp-block-uagb-image__figure .wp-block-uagb-image--layout-overlay__color-wrapper{width:calc(100% + 40px) !important;max-width:none !important;transform:translate3d(-40px, 0, 0);transition:transform .35s ease-in-out}.wp-block-uagb-image--effect-slide .wp-block-uagb-image__figure:hover img,.wp-block-uagb-image--effect-slide .wp-block-uagb-image__figure:hover .wp-block-uagb-image--layout-overlay__color-wrapper{transform:translate3d(0, 0, 0)}.wp-block-uagb-image--effect-grayscale img{filter:grayscale(0%);transition:.35s ease-in-out}.wp-block-uagb-image--effect-grayscale:hover img{filter:grayscale(100%)}.wp-block-uagb-image--effect-blur img{filter:blur(0);transition:.35s ease-in-out}.wp-block-uagb-image--effect-blur:hover img{filter:blur(3px)}.uagb-block-e6f939b3.wp-block-uagb-image--layout-default figure img{box-shadow: 0px 0px 0 #00000070;}.uagb-block-e6f939b3.wp-block-uagb-image .wp-block-uagb-image__figure figcaption{font-style: normal;align-self: center;}.uagb-block-e6f939b3.wp-block-uagb-image--layout-overlay figure img{box-shadow: 0px 0px 0 #00000070;}.uagb-block-e6f939b3.wp-block-uagb-image--layout-overlay .wp-block-uagb-image--layout-overlay__color-wrapper{opacity: 0.2;}.uagb-block-e6f939b3.wp-block-uagb-image--layout-overlay .wp-block-uagb-image--layout-overlay__inner{left: 15px;right: 15px;top: 15px;bottom: 15px;}.uagb-block-e6f939b3.wp-block-uagb-image--layout-overlay .wp-block-uagb-image--layout-overlay__inner .uagb-image-heading{font-style: normal;color: #fff;opacity: 1;}.uagb-block-e6f939b3.wp-block-uagb-image--layout-overlay .wp-block-uagb-image--layout-overlay__inner .uagb-image-heading a{color: #fff;}.uagb-block-e6f939b3.wp-block-uagb-image--layout-overlay .wp-block-uagb-image--layout-overlay__inner .uagb-image-caption{opacity: 0;}.uagb-block-e6f939b3.wp-block-uagb-image--layout-overlay .wp-block-uagb-image__figure:hover .wp-block-uagb-image--layout-overlay__color-wrapper{opacity: 1;}.uagb-block-e6f939b3.wp-block-uagb-image .wp-block-uagb-image--layout-overlay__inner .uagb-image-separator{width: 30%;border-top-width: 2px;border-top-color: #fff;opacity: 0;}.uagb-block-e6f939b3.wp-block-uagb-image .wp-block-uagb-image__figure img{width: px;height: auto;}.uagb-block-e6f939b3.wp-block-uagb-image .wp-block-uagb-image__figure:hover .wp-block-uagb-image--layout-overlay__inner .uagb-image-caption{opacity: 1;}.uagb-block-e6f939b3.wp-block-uagb-image .wp-block-uagb-image__figure:hover .wp-block-uagb-image--layout-overlay__inner .uagb-image-separator{opacity: 1;}.uagb-block-e6f939b3.wp-block-uagb-image--layout-default figure:hover img{box-shadow: 0px 0px 0 #00000070;}.uagb-block-e6f939b3.wp-block-uagb-image--layout-overlay figure:hover img{box-shadow: 0px 0px 0 #00000070;}@media only screen and (max-width: 976px) {.uagb-block-e6f939b3.wp-block-uagb-image .wp-block-uagb-image__figure img{width: px;height: auto;}}@media only screen and (max-width: 767px) {.uagb-block-e6f939b3.wp-block-uagb-image .wp-block-uagb-image__figure img{width: px;height: auto;}}\";s:2:\"js\";s:0:\"\";s:18:\"current_block_list\";a:13:{i:0;s:11:\"core\/search\";i:1;s:10:\"core\/group\";i:2;s:12:\"core\/heading\";i:3;s:17:\"core\/latest-posts\";i:4;s:20:\"core\/latest-comments\";i:5;s:13:\"core\/archives\";i:6;s:15:\"core\/categories\";i:7;s:14:\"core\/paragraph\";i:8;s:10:\"uagb\/image\";i:9;s:11:\"core\/spacer\";i:10;s:30:\"woocommerce\/product-categories\";i:11;s:10:\"core\/image\";i:12;s:14:\"core\/shortcode\";}s:8:\"uag_flag\";b:1;s:11:\"uag_version\";s:10:\"1777102655\";s:6:\"gfonts\";a:0:{}s:10:\"gfonts_url\";s:0:\"\";s:12:\"gfonts_files\";a:0:{}s:14:\"uag_faq_layout\";b:0;}"]},"uagb_featured_image_src":{"full":["https:\/\/www.ferberpainting.com\/wp-content\/uploads\/2025\/05\/Tar-Bitumen-and-Asphalt-Cleaner-5L-.png",2560,2560,false],"thumbnail":["https:\/\/www.ferberpainting.com\/wp-content\/uploads\/2025\/05\/Tar-Bitumen-and-Asphalt-Cleaner-5L--150x150.png",150,150,true],"medium":["https:\/\/www.ferberpainting.com\/wp-content\/uploads\/2025\/05\/Tar-Bitumen-and-Asphalt-Cleaner-5L--300x300.png",300,300,true],"medium_large":["https:\/\/www.ferberpainting.com\/wp-content\/uploads\/2025\/05\/Tar-Bitumen-and-Asphalt-Cleaner-5L--768x768.png",768,768,true],"large":["https:\/\/www.ferberpainting.com\/wp-content\/uploads\/2025\/05\/Tar-Bitumen-and-Asphalt-Cleaner-5L--1024x1024.png",1024,1024,true],"1536x1536":["https:\/\/www.ferberpainting.com\/wp-content\/uploads\/2025\/05\/Tar-Bitumen-and-Asphalt-Cleaner-5L--1536x1536.png",1536,1536,true],"2048x2048":["https:\/\/www.ferberpainting.com\/wp-content\/uploads\/2025\/05\/Tar-Bitumen-and-Asphalt-Cleaner-5L--2048x2048.png",2048,2048,true],"trp-custom-language-flag":["https:\/\/www.ferberpainting.com\/wp-content\/uploads\/2025\/05\/Tar-Bitumen-and-Asphalt-Cleaner-5L--12x12.png",12,12,true],"woocommerce_thumbnail":["https:\/\/www.ferberpainting.com\/wp-content\/uploads\/2025\/05\/Tar-Bitumen-and-Asphalt-Cleaner-5L--300x300.png",300,300,true],"woocommerce_single":["https:\/\/www.ferberpainting.com\/wp-content\/uploads\/2025\/05\/Tar-Bitumen-and-Asphalt-Cleaner-5L--600x600.png",600,600,true],"woocommerce_gallery_thumbnail":["https:\/\/www.ferberpainting.com\/wp-content\/uploads\/2025\/05\/Tar-Bitumen-and-Asphalt-Cleaner-5L--100x100.png",100,100,true]},"uagb_author_info":{"display_name":"admin","author_link":"https:\/\/www.ferberpainting.com\/es\/author\/"},"uagb_comment_info":10,"uagb_excerpt":"Optimal Effectiveness.\u00a0This tar and bitumen cleaner is specially formulated to effectively remove tar residues, bitumen stains, grease deposits, and embedded impurities on various surfaces. Thanks to its powerful formula, it quickly dissolves tough grime while preserving treated materials. It ensures deep cleaning, leaving surfaces clean and free from any trace of tar without the need&hellip;","_links":{"self":[{"href":"https:\/\/www.ferberpainting.com\/es\/wp-json\/wp\/v2\/product\/25345","targetHints":{"allow":["GET"]}}],"collection":[{"href":"https:\/\/www.ferberpainting.com\/es\/wp-json\/wp\/v2\/product"}],"about":[{"href":"https:\/\/www.ferberpainting.com\/es\/wp-json\/wp\/v2\/types\/product"}],"replies":[{"embeddable":true,"href":"https:\/\/www.ferberpainting.com\/es\/wp-json\/wp\/v2\/comments?post=25345"}],"version-history":[{"count":3,"href":"https:\/\/www.ferberpainting.com\/es\/wp-json\/wp\/v2\/product\/25345\/revisions"}],"predecessor-version":[{"id":167370,"href":"https:\/\/www.ferberpainting.com\/es\/wp-json\/wp\/v2\/product\/25345\/revisions\/167370"}],"wp:featuredmedia":[{"embeddable":true,"href":"https:\/\/www.ferberpainting.com\/es\/wp-json\/wp\/v2\/media\/35877"}],"wp:attachment":[{"href":"https:\/\/www.ferberpainting.com\/es\/wp-json\/wp\/v2\/media?parent=25345"}],"wp:term":[{"taxonomy":"product_brand","embeddable":true,"href":"https:\/\/www.ferberpainting.com\/es\/wp-json\/wp\/v2\/product_brand?post=25345"},{"taxonomy":"product_cat","embeddable":true,"href":"https:\/\/www.ferberpainting.com\/es\/wp-json\/wp\/v2\/product_cat?post=25345"},{"taxonomy":"product_tag","embeddable":true,"href":"https:\/\/www.ferberpainting.com\/es\/wp-json\/wp\/v2\/product_tag?post=25345"}],"curies":[{"name":"wp","href":"https:\/\/api.w.org\/{rel}","templated":true}]}}