{"id":25314,"date":"2025-06-30T20:52:26","date_gmt":"2025-06-30T18:52:26","guid":{"rendered":"https:\/\/www.ferberpainting.com\/?post_type=product&#038;p=25314"},"modified":"2026-02-16T10:51:53","modified_gmt":"2026-02-16T09:51:53","slug":"sofa-water-repellent","status":"publish","type":"product","link":"https:\/\/www.ferberpainting.com\/es\/products\/sofa-water-repellent\/","title":{"rendered":"Hidr\u00f3fugo para sof\u00e1"},"content":{"rendered":"<p><strong><img decoding=\"async\" style=\"margin-right: 12px;\" src=\"https:\/\/www.ferberpainting.com\/wp-content\/uploads\/2026\/02\/Check.svg\" alt=\"\" width=\"18\" height=\"15\" \/>Protecci\u00f3n eficaz contra la humedad y las manchas.<\/strong>\u00a0Este impermeabilizante para sof\u00e1s est\u00e1 especialmente dise\u00f1ado para proporcionar una protecci\u00f3n duradera contra la humedad, las manchas y los derrames en sus muebles de tela o piel. Forma una barrera invisible que repele los l\u00edquidos y evita que la suciedad se deposite, ayudando a conservar el aspecto y la textura de su sof\u00e1 durante m\u00e1s tiempo. Ya se trate de salpicaduras de bebidas, comida o incluso barro, este producto bloquea la penetraci\u00f3n de l\u00edquidos y facilita la limpieza.<\/p>\n<p><strong><img decoding=\"async\" style=\"margin-right: 12px;\" src=\"https:\/\/www.ferberpainting.com\/wp-content\/uploads\/2026\/02\/Check.svg\" alt=\"\" width=\"18\" height=\"15\" \/>Garant\u00eda de devoluci\u00f3n del dinero.<\/strong>\u00a0Confiamos en la eficacia de nuestro impermeabilizante para sof\u00e1s, por lo que ofrecemos una garant\u00eda de satisfacci\u00f3n. Si el producto no cumple sus expectativas despu\u00e9s de usarlo, puede solicitar el reembolso \u00edntegro. Esta garant\u00eda le permite comprar con confianza, sabiendo que no tiene nada que perder. Si no observa una protecci\u00f3n \u00f3ptima, le devolveremos el dinero sin problemas.<\/p>\n<p><strong><img decoding=\"async\" style=\"margin-right: 12px;\" src=\"https:\/\/www.ferberpainting.com\/wp-content\/uploads\/2026\/02\/Check.svg\" alt=\"\" width=\"18\" height=\"15\" \/>Adecuado para diversos materiales.<\/strong>\u00a0Este impermeabilizante es ideal para una gran variedad de materiales. Es eficaz en tejidos como algod\u00f3n, lino, terciopelo, y tambi\u00e9n en superficies de cuero y microfibra. Puede aplicarlo con seguridad en sof\u00e1s, sillones, cojines y otros muebles textiles o de cuero. No altera el aspecto ni la textura y conserva un tacto suave y agradable, ofreciendo una protecci\u00f3n invisible y duradera.<\/p>\n<p><strong><img decoding=\"async\" style=\"margin-right: 12px;\" src=\"https:\/\/www.ferberpainting.com\/wp-content\/uploads\/2026\/02\/Check.svg\" alt=\"\" width=\"18\" height=\"15\" \/>Rentable.<\/strong>\u00a0Gracias a su f\u00f3rmula concentrada, este impermeabilizante ofrece una excelente relaci\u00f3n calidad\/cobertura. Por t\u00e9rmino medio, un litro puede tratar aproximadamente de 25 a 30 m\u00b2, dependiendo del grosor del tejido y del n\u00famero de capas aplicadas. Su eficacia hace que un solo tratamiento proporcione una protecci\u00f3n duradera, por lo que no es necesario volver a aplicar con frecuencia, lo que lo convierte en una soluci\u00f3n econ\u00f3mica para la protecci\u00f3n de muebles a largo plazo.<\/p>\n<p><strong><img decoding=\"async\" style=\"margin-right: 12px;\" src=\"https:\/\/www.ferberpainting.com\/wp-content\/uploads\/2026\/02\/Check.svg\" alt=\"\" width=\"18\" height=\"15\" \/>Seguro y respetuoso con los materiales.<\/strong>\u00a0Este impermeabilizante para sof\u00e1s est\u00e1 fabricado con ingredientes seguros que no da\u00f1an los tejidos. No contiene productos qu\u00edmicos agresivos, por lo que es seguro para uso dom\u00e9stico. No altera el color ni la textura del tejido ni del cuero. Aplic\u00e1ndolo a su sof\u00e1 proporciona una protecci\u00f3n eficaz sin da\u00f1ar sus muebles ni exponer a su familia a sustancias t\u00f3xicas.<\/p>\n<p><strong><img decoding=\"async\" style=\"margin-right: 12px;\" src=\"https:\/\/www.ferberpainting.com\/wp-content\/uploads\/2026\/02\/Check.svg\" alt=\"\" width=\"18\" height=\"15\" \/>Facilidad de uso.<\/strong>\u00a0Aplicar el impermeabilizante para sof\u00e1s es muy sencillo. Est\u00e1 listo para usar y no requiere diluci\u00f3n. Basta con pulverizar una capa fina y uniforme sobre la superficie del sof\u00e1 y dejar secar. No hay necesidad de preparaciones complejas, mezclas ni esperas. Este producto est\u00e1 dise\u00f1ado para ahorrarle tiempo a la vez que le ofrece una protecci\u00f3n de alta calidad. Puede utilizar un pulverizador o un pa\u00f1o suave para aplicar el producto uniformemente.<\/p>\n<p><strong><img decoding=\"async\" style=\"margin-right: 12px;\" src=\"https:\/\/www.ferberpainting.com\/wp-content\/uploads\/2026\/02\/Check.svg\" alt=\"\" width=\"18\" height=\"15\" \/>Protecci\u00f3n duradera.<\/strong>\u00a0Una vez aplicado, el impermeabilizante forma una barrera duradera que sigue siendo eficaz incluso despu\u00e9s de varias limpiezas. No necesitar\u00e1 volver a aplicarlo con frecuencia. Protege sus sof\u00e1s durante varios meses, resistiendo las salpicaduras de l\u00edquidos y las manchas diarias. Podr\u00e1 disfrutar de sus muebles sin preocuparse por el desgaste causado por la humedad o la suciedad diaria. Este producto ayuda a mantener sus sof\u00e1s en excelentes condiciones con el paso del tiempo.<\/p>\n<p><strong><img decoding=\"async\" style=\"margin-right: 12px;\" src=\"https:\/\/www.ferberpainting.com\/wp-content\/uploads\/2026\/02\/Check.svg\" alt=\"\" width=\"18\" height=\"15\" \/>De acci\u00f3n r\u00e1pida.<\/strong>\u00a0Este impermeabilizante para sof\u00e1s se seca en aproximadamente 1 hora a temperatura ambiente, dependiendo del tejido. Esto le permite disfrutar r\u00e1pidamente de la protecci\u00f3n sin horas de espera. A diferencia de otros tratamientos que requieren largos tiempos de secado, este producto le permite reanudar el uso normal del sof\u00e1 inmediatamente despu\u00e9s de la aplicaci\u00f3n, sabiendo que sus muebles est\u00e1n ahora protegidos.<\/p>\n<h2><strong>Protocolo de uso<\/strong><\/h2>\n<ul>\n<li><strong>Preparaci\u00f3n de la superficie <\/strong>: Antes de aplicar el impermeabilizante, aseg\u00farese de que el sof\u00e1 o mueble est\u00e9 limpio y seco. Si es necesario, pase la aspiradora para eliminar el polvo y la suciedad ligera. Si el tejido est\u00e1 especialmente sucio, se recomienda lavarlo o limpiarlo antes de aplicar el producto. No aplique el impermeabilizante sobre una superficie sucia o h\u00fameda.<\/li>\n<li><strong>Aplicaci\u00f3n del producto <\/strong>: Agite bien el envase antes de usarlo. Pulverice una capa fina y uniforme del impermeabilizante para sof\u00e1s sobre toda la superficie del art\u00edculo, asegur\u00e1ndose de cubrir todas las zonas. Para superficies grandes, puede utilizar un pulverizador, y para zonas m\u00e1s peque\u00f1as o de dif\u00edcil acceso, puede utilizar un pa\u00f1o suave. Aseg\u00farese de no saturar demasiado el tejido, sino de aplicar una capa ligera y eficaz.<\/li>\n<li><strong>Cobertura uniforme <\/strong>: Si utiliza un pa\u00f1o, frote suavemente el producto sobre la superficie para garantizar una distribuci\u00f3n uniforme. No frote demasiado fuerte para evitar deformar las fibras de tela o cuero. El objetivo es crear una capa protectora fina pero eficaz.<\/li>\n<li><strong>Tiempo de secado <\/strong>: Dejar secar el sof\u00e1 o mueble durante 1 hora aproximadamente a temperatura ambiente. Es importante no utilizar el mueble durante el tiempo de secado para evitar alterar el producto o dejar marcas visibles. No coloque el mueble cerca de una fuente de calor directa.<\/li>\n<li><strong>Nueva solicitud <\/strong>: Dependiendo del uso del sof\u00e1, puede recomendarse una segunda aplicaci\u00f3n para reforzar la protecci\u00f3n. Esto puede ser especialmente \u00fatil si su sof\u00e1 est\u00e1 expuesto con frecuencia a salpicaduras o manchas. Deje siempre que la primera capa se seque completamente antes de aplicar la segunda.<\/li>\n<li><strong>Cuidados posteriores a la aplicaci\u00f3n <\/strong>: Puede limpiar su sof\u00e1 como de costumbre despu\u00e9s de la aplicaci\u00f3n sin quitar la protecci\u00f3n. Sin embargo, para mantener la eficacia, evite frotar la superficie con demasiada fuerza. Puede volver a aplicar el impermeabilizante cada 6 meses o con m\u00e1s frecuencia si es necesario.<\/li>\n<\/ul>\n<p>Nuestro impermeabilizante para sof\u00e1s ofrece una soluci\u00f3n sencilla, r\u00e1pida y eficaz para proteger sus muebles de las agresiones externas, garantizando una belleza y durabilidad duraderas. Gracias a su f\u00f3rmula innovadora y a su f\u00e1cil aplicaci\u00f3n, se convierte en la soluci\u00f3n perfecta para el mantenimiento de sof\u00e1s y otros art\u00edculos de tela o piel.<\/p>","protected":false},"excerpt":{"rendered":"<p>Effective Protection Against Moisture and Stains.\u00a0This sofa waterproofer is specially designed to provide long-lasting protection against humidity, stains, and spills on your fabric or leather furniture. It forms an invisible barrier that repels liquids and prevents dirt from settling, helping to preserve the appearance and texture of your sofa for longer. Whether it&#8217;s beverage, food, [&hellip;]<\/p>\n","protected":false},"featured_media":35924,"comment_status":"open","ping_status":"closed","template":"","meta":{"_uag_custom_page_level_css":"","site-sidebar-layout":"default","site-content-layout":"","ast-site-content-layout":"default","site-content-style":"default","site-sidebar-style":"default","ast-global-header-display":"","ast-banner-title-visibility":"","ast-main-header-display":"","ast-hfb-above-header-display":"","ast-hfb-below-header-display":"","ast-hfb-mobile-header-display":"","site-post-title":"","ast-breadcrumbs-content":"","ast-featured-img":"","footer-sml-layout":"","ast-disable-related-posts":"","theme-transparent-header-meta":"default","adv-header-id-meta":"","stick-header-meta":"","header-above-stick-meta":"","header-main-stick-meta":"","header-below-stick-meta":"","astra-migrate-meta-layouts":"set","ast-page-background-enabled":"default","ast-page-background-meta":{"desktop":{"background-color":"var(--ast-global-color-4)","background-image":"","background-repeat":"repeat","background-position":"center center","background-size":"auto","background-attachment":"scroll","background-type":"","background-media":"","overlay-type":"","overlay-color":"","overlay-opacity":"","overlay-gradient":""},"tablet":{"background-color":"","background-image":"","background-repeat":"repeat","background-position":"center center","background-size":"auto","background-attachment":"scroll","background-type":"","background-media":"","overlay-type":"","overlay-color":"","overlay-opacity":"","overlay-gradient":""},"mobile":{"background-color":"","background-image":"","background-repeat":"repeat","background-position":"center center","background-size":"auto","background-attachment":"scroll","background-type":"","background-media":"","overlay-type":"","overlay-color":"","overlay-opacity":"","overlay-gradient":""}},"ast-content-background-meta":{"desktop":{"background-color":"var(--ast-global-color-5)","background-image":"","background-repeat":"repeat","background-position":"center center","background-size":"auto","background-attachment":"scroll","background-type":"","background-media":"","overlay-type":"","overlay-color":"","overlay-opacity":"","overlay-gradient":""},"tablet":{"background-color":"var(--ast-global-color-5)","background-image":"","background-repeat":"repeat","background-position":"center center","background-size":"auto","background-attachment":"scroll","background-type":"","background-media":"","overlay-type":"","overlay-color":"","overlay-opacity":"","overlay-gradient":""},"mobile":{"background-color":"var(--ast-global-color-5)","background-image":"","background-repeat":"repeat","background-position":"center center","background-size":"auto","background-attachment":"scroll","background-type":"","background-media":"","overlay-type":"","overlay-color":"","overlay-opacity":"","overlay-gradient":""}}},"product_brand":[],"product_cat":[191],"product_tag":[],"class_list":{"0":"post-25314","1":"product","2":"type-product","3":"status-publish","4":"has-post-thumbnail","6":"product_cat-water-repellent","7":"desktop-align-left","8":"tablet-align-left","9":"mobile-align-left","11":"first","12":"instock","13":"sale","14":"shipping-taxable","15":"purchasable","16":"product-type-variable","17":"has-default-attributes"},"spectra_custom_meta":{"_visibility":["visible"],"_shopify_product_id":["9106565857525"],"_s2w_shopify_domain":["ferberpainting.myshopify.com"],"_shopify_variant_id":["46626275492085"],"_sku":[""],"_manage_stock":["no"],"total_sales":["326"],"_tax_status":["taxable"],"_tax_class":[""],"_backorders":["no"],"_sold_individually":["no"],"_virtual":["no"],"_downloadable":["no"],"_download_limit":["-1"],"_download_expiry":["-1"],"_stock":[null],"_stock_status":["instock"],"_wc_average_rating":["5.00"],"_wc_review_count":["11"],"_product_attributes":["a:1:{s:6:\"volume\";a:6:{s:4:\"name\";s:6:\"Volume\";s:5:\"value\";s:20:\"5 liters | 25 liters\";s:8:\"position\";i:1;s:10:\"is_visible\";i:0;s:12:\"is_variation\";i:1;s:11:\"is_taxonomy\";i:0;}}"],"_product_version":["10.5.1"],"wpse_downloadable_file_names":[""],"wpse_downloadable_file_urls":[""],"_edit_last":["1"],"_default_attributes":["a:1:{s:6:\"volume\";s:8:\"5 liters\";}"],"_edit_lock":["1771235377:1"],"merchant-center-availability":["yes"],"merchant-center-category":["8043"],"_thumbnail_id":["35924"],"_wp_page_template":["default"],"_wp_old_date":["2025-05-26"],"_product_image_gallery":["35925"],"site-sidebar-layout":["default"],"ast-site-content-layout":["default"],"site-content-style":["default"],"site-sidebar-style":["default"],"theme-transparent-header-meta":["default"],"_wc_rating_count":["a:1:{i:5;i:11;}"],"_price":["29.90","129.90"],"astra-migrate-meta-layouts":["set"],"_uag_css_file_name":["uag-css-25314.css"],"_elementor_page_assets":["a:0:{}"],"_uag_page_assets":["a:9:{s:3:\"css\";s:6873:\".wp-block-uagb-image{display:flex}.wp-block-uagb-image__figure{position:relative;display:flex;flex-direction:column;max-width:100%;height:auto;margin:0}.wp-block-uagb-image__figure img{height:auto;display:flex;max-width:100%;transition:box-shadow .2s ease}.wp-block-uagb-image__figure>a{display:inline-block}.wp-block-uagb-image__figure figcaption{text-align:center;margin-top:.5em;margin-bottom:1em}.wp-block-uagb-image .components-placeholder.block-editor-media-placeholder .components-placeholder__instructions{align-self:center}.wp-block-uagb-image--align-left{text-align:left}.wp-block-uagb-image--align-right{text-align:right}.wp-block-uagb-image--align-center{text-align:center}.wp-block-uagb-image--align-full .wp-block-uagb-image__figure{margin-left:calc(50% - 50vw);margin-right:calc(50% - 50vw);max-width:100vw;width:100vw;height:auto}.wp-block-uagb-image--align-full .wp-block-uagb-image__figure img{height:auto;width:100% !important}.wp-block-uagb-image--align-wide .wp-block-uagb-image__figure img{height:auto;width:100%}.wp-block-uagb-image--layout-overlay__color-wrapper{position:absolute;left:0;top:0;right:0;bottom:0;opacity:.2;background:rgba(0,0,0,.5);transition:opacity .35s ease-in-out}.wp-block-uagb-image--layout-overlay-link{position:absolute;left:0;right:0;bottom:0;top:0}.wp-block-uagb-image--layout-overlay .wp-block-uagb-image__figure:hover .wp-block-uagb-image--layout-overlay__color-wrapper{opacity:1}.wp-block-uagb-image--layout-overlay__inner{position:absolute;left:15px;right:15px;bottom:15px;top:15px;display:flex;align-items:center;justify-content:center;flex-direction:column;border-color:#fff;transition:.35s ease-in-out}.wp-block-uagb-image--layout-overlay__inner.top-left,.wp-block-uagb-image--layout-overlay__inner.top-center,.wp-block-uagb-image--layout-overlay__inner.top-right{justify-content:flex-start}.wp-block-uagb-image--layout-overlay__inner.bottom-left,.wp-block-uagb-image--layout-overlay__inner.bottom-center,.wp-block-uagb-image--layout-overlay__inner.bottom-right{justify-content:flex-end}.wp-block-uagb-image--layout-overlay__inner.top-left,.wp-block-uagb-image--layout-overlay__inner.center-left,.wp-block-uagb-image--layout-overlay__inner.bottom-left{align-items:flex-start}.wp-block-uagb-image--layout-overlay__inner.top-right,.wp-block-uagb-image--layout-overlay__inner.center-right,.wp-block-uagb-image--layout-overlay__inner.bottom-right{align-items:flex-end}.wp-block-uagb-image--layout-overlay__inner .uagb-image-heading{color:#fff;transition:transform .35s,opacity .35s ease-in-out;transform:translate3d(0, 24px, 0);margin:0;line-height:1em}.wp-block-uagb-image--layout-overlay__inner .uagb-image-separator{width:30%;border-top-width:2px;border-top-color:#fff;border-top-style:solid;margin-bottom:10px;opacity:0;transition:transform .4s,opacity .4s ease-in-out;transform:translate3d(0, 30px, 0)}.wp-block-uagb-image--layout-overlay__inner .uagb-image-caption{opacity:0;overflow:visible;color:#fff;transition:transform .45s,opacity .45s ease-in-out;transform:translate3d(0, 35px, 0)}.wp-block-uagb-image--layout-overlay__inner:hover .uagb-image-heading,.wp-block-uagb-image--layout-overlay__inner:hover .uagb-image-separator,.wp-block-uagb-image--layout-overlay__inner:hover .uagb-image-caption{opacity:1;transform:translate3d(0, 0, 0)}.wp-block-uagb-image--effect-zoomin .wp-block-uagb-image__figure img,.wp-block-uagb-image--effect-zoomin .wp-block-uagb-image__figure .wp-block-uagb-image--layout-overlay__color-wrapper{transform:scale(1);transition:transform .35s ease-in-out}.wp-block-uagb-image--effect-zoomin .wp-block-uagb-image__figure:hover img,.wp-block-uagb-image--effect-zoomin .wp-block-uagb-image__figure:hover .wp-block-uagb-image--layout-overlay__color-wrapper{transform:scale(1.05)}.wp-block-uagb-image--effect-slide .wp-block-uagb-image__figure img,.wp-block-uagb-image--effect-slide .wp-block-uagb-image__figure .wp-block-uagb-image--layout-overlay__color-wrapper{width:calc(100% + 40px) !important;max-width:none !important;transform:translate3d(-40px, 0, 0);transition:transform .35s ease-in-out}.wp-block-uagb-image--effect-slide .wp-block-uagb-image__figure:hover img,.wp-block-uagb-image--effect-slide .wp-block-uagb-image__figure:hover .wp-block-uagb-image--layout-overlay__color-wrapper{transform:translate3d(0, 0, 0)}.wp-block-uagb-image--effect-grayscale img{filter:grayscale(0%);transition:.35s ease-in-out}.wp-block-uagb-image--effect-grayscale:hover img{filter:grayscale(100%)}.wp-block-uagb-image--effect-blur img{filter:blur(0);transition:.35s ease-in-out}.wp-block-uagb-image--effect-blur:hover img{filter:blur(3px)}.uagb-block-e6f939b3.wp-block-uagb-image--layout-default figure img{box-shadow: 0px 0px 0 #00000070;}.uagb-block-e6f939b3.wp-block-uagb-image .wp-block-uagb-image__figure figcaption{font-style: normal;align-self: center;}.uagb-block-e6f939b3.wp-block-uagb-image--layout-overlay figure img{box-shadow: 0px 0px 0 #00000070;}.uagb-block-e6f939b3.wp-block-uagb-image--layout-overlay .wp-block-uagb-image--layout-overlay__color-wrapper{opacity: 0.2;}.uagb-block-e6f939b3.wp-block-uagb-image--layout-overlay .wp-block-uagb-image--layout-overlay__inner{left: 15px;right: 15px;top: 15px;bottom: 15px;}.uagb-block-e6f939b3.wp-block-uagb-image--layout-overlay .wp-block-uagb-image--layout-overlay__inner .uagb-image-heading{font-style: normal;color: #fff;opacity: 1;}.uagb-block-e6f939b3.wp-block-uagb-image--layout-overlay .wp-block-uagb-image--layout-overlay__inner .uagb-image-heading a{color: #fff;}.uagb-block-e6f939b3.wp-block-uagb-image--layout-overlay .wp-block-uagb-image--layout-overlay__inner .uagb-image-caption{opacity: 0;}.uagb-block-e6f939b3.wp-block-uagb-image--layout-overlay .wp-block-uagb-image__figure:hover .wp-block-uagb-image--layout-overlay__color-wrapper{opacity: 1;}.uagb-block-e6f939b3.wp-block-uagb-image .wp-block-uagb-image--layout-overlay__inner .uagb-image-separator{width: 30%;border-top-width: 2px;border-top-color: #fff;opacity: 0;}.uagb-block-e6f939b3.wp-block-uagb-image .wp-block-uagb-image__figure img{width: px;height: auto;}.uagb-block-e6f939b3.wp-block-uagb-image .wp-block-uagb-image__figure:hover .wp-block-uagb-image--layout-overlay__inner .uagb-image-caption{opacity: 1;}.uagb-block-e6f939b3.wp-block-uagb-image .wp-block-uagb-image__figure:hover .wp-block-uagb-image--layout-overlay__inner .uagb-image-separator{opacity: 1;}.uagb-block-e6f939b3.wp-block-uagb-image--layout-default figure:hover img{box-shadow: 0px 0px 0 #00000070;}.uagb-block-e6f939b3.wp-block-uagb-image--layout-overlay figure:hover img{box-shadow: 0px 0px 0 #00000070;}@media only screen and (max-width: 976px) {.uagb-block-e6f939b3.wp-block-uagb-image .wp-block-uagb-image__figure img{width: px;height: auto;}}@media only screen and (max-width: 767px) {.uagb-block-e6f939b3.wp-block-uagb-image .wp-block-uagb-image__figure img{width: px;height: auto;}}\";s:2:\"js\";s:0:\"\";s:18:\"current_block_list\";a:13:{i:0;s:11:\"core\/search\";i:1;s:10:\"core\/group\";i:2;s:12:\"core\/heading\";i:3;s:17:\"core\/latest-posts\";i:4;s:20:\"core\/latest-comments\";i:5;s:13:\"core\/archives\";i:6;s:15:\"core\/categories\";i:7;s:14:\"core\/paragraph\";i:8;s:10:\"uagb\/image\";i:9;s:11:\"core\/spacer\";i:10;s:30:\"woocommerce\/product-categories\";i:11;s:10:\"core\/image\";i:12;s:14:\"core\/shortcode\";}s:8:\"uag_flag\";b:1;s:11:\"uag_version\";s:10:\"1777107656\";s:6:\"gfonts\";a:0:{}s:10:\"gfonts_url\";s:0:\"\";s:12:\"gfonts_files\";a:0:{}s:14:\"uag_faq_layout\";b:0;}"]},"uagb_featured_image_src":{"full":["https:\/\/www.ferberpainting.com\/wp-content\/uploads\/2025\/05\/Sofa-Water-Repellent-5L.png",2560,2560,false],"thumbnail":["https:\/\/www.ferberpainting.com\/wp-content\/uploads\/2025\/05\/Sofa-Water-Repellent-5L-150x150.png",150,150,true],"medium":["https:\/\/www.ferberpainting.com\/wp-content\/uploads\/2025\/05\/Sofa-Water-Repellent-5L-300x300.png",300,300,true],"medium_large":["https:\/\/www.ferberpainting.com\/wp-content\/uploads\/2025\/05\/Sofa-Water-Repellent-5L-768x768.png",768,768,true],"large":["https:\/\/www.ferberpainting.com\/wp-content\/uploads\/2025\/05\/Sofa-Water-Repellent-5L-1024x1024.png",1024,1024,true],"1536x1536":["https:\/\/www.ferberpainting.com\/wp-content\/uploads\/2025\/05\/Sofa-Water-Repellent-5L-1536x1536.png",1536,1536,true],"2048x2048":["https:\/\/www.ferberpainting.com\/wp-content\/uploads\/2025\/05\/Sofa-Water-Repellent-5L-2048x2048.png",2048,2048,true],"trp-custom-language-flag":["https:\/\/www.ferberpainting.com\/wp-content\/uploads\/2025\/05\/Sofa-Water-Repellent-5L-12x12.png",12,12,true],"woocommerce_thumbnail":["https:\/\/www.ferberpainting.com\/wp-content\/uploads\/2025\/05\/Sofa-Water-Repellent-5L-300x300.png",300,300,true],"woocommerce_single":["https:\/\/www.ferberpainting.com\/wp-content\/uploads\/2025\/05\/Sofa-Water-Repellent-5L-600x600.png",600,600,true],"woocommerce_gallery_thumbnail":["https:\/\/www.ferberpainting.com\/wp-content\/uploads\/2025\/05\/Sofa-Water-Repellent-5L-100x100.png",100,100,true]},"uagb_author_info":{"display_name":"admin","author_link":"https:\/\/www.ferberpainting.com\/es\/author\/"},"uagb_comment_info":11,"uagb_excerpt":"Effective Protection Against Moisture and Stains.\u00a0This sofa waterproofer is specially designed to provide long-lasting protection against humidity, stains, and spills on your fabric or leather furniture. It forms an invisible barrier that repels liquids and prevents dirt from settling, helping to preserve the appearance and texture of your sofa for longer. Whether it&#8217;s beverage, food,&hellip;","_links":{"self":[{"href":"https:\/\/www.ferberpainting.com\/es\/wp-json\/wp\/v2\/product\/25314","targetHints":{"allow":["GET"]}}],"collection":[{"href":"https:\/\/www.ferberpainting.com\/es\/wp-json\/wp\/v2\/product"}],"about":[{"href":"https:\/\/www.ferberpainting.com\/es\/wp-json\/wp\/v2\/types\/product"}],"replies":[{"embeddable":true,"href":"https:\/\/www.ferberpainting.com\/es\/wp-json\/wp\/v2\/comments?post=25314"}],"version-history":[{"count":3,"href":"https:\/\/www.ferberpainting.com\/es\/wp-json\/wp\/v2\/product\/25314\/revisions"}],"predecessor-version":[{"id":167300,"href":"https:\/\/www.ferberpainting.com\/es\/wp-json\/wp\/v2\/product\/25314\/revisions\/167300"}],"wp:featuredmedia":[{"embeddable":true,"href":"https:\/\/www.ferberpainting.com\/es\/wp-json\/wp\/v2\/media\/35924"}],"wp:attachment":[{"href":"https:\/\/www.ferberpainting.com\/es\/wp-json\/wp\/v2\/media?parent=25314"}],"wp:term":[{"taxonomy":"product_brand","embeddable":true,"href":"https:\/\/www.ferberpainting.com\/es\/wp-json\/wp\/v2\/product_brand?post=25314"},{"taxonomy":"product_cat","embeddable":true,"href":"https:\/\/www.ferberpainting.com\/es\/wp-json\/wp\/v2\/product_cat?post=25314"},{"taxonomy":"product_tag","embeddable":true,"href":"https:\/\/www.ferberpainting.com\/es\/wp-json\/wp\/v2\/product_tag?post=25314"}],"curies":[{"name":"wp","href":"https:\/\/api.w.org\/{rel}","templated":true}]}}