{"id":25287,"date":"2025-06-18T09:29:11","date_gmt":"2025-06-18T07:29:11","guid":{"rendered":"https:\/\/www.ferberpainting.com\/?post_type=product&#038;p=25287"},"modified":"2026-02-16T10:32:28","modified_gmt":"2026-02-16T09:32:28","slug":"shoe-water-repellent","status":"publish","type":"product","link":"https:\/\/www.ferberpainting.com\/es\/products\/shoe-water-repellent\/","title":{"rendered":"Hidr\u00f3fugo para calzado"},"content":{"rendered":"<p><strong><img decoding=\"async\" style=\"margin-right: 12px;\" src=\"https:\/\/www.ferberpainting.com\/wp-content\/uploads\/2026\/02\/Check.svg\" alt=\"\" width=\"18\" height=\"15\" \/>Protecci\u00f3n eficaz contra la humedad y las manchas.<\/strong>\u00a0Este impermeabilizante para calzado es la soluci\u00f3n ideal para proteger sus zapatos de la intemperie, la humedad, el barro y las manchas. Tanto si sus zapatos son de cuero, lona, ante o nobuk, este producto forma una barrera invisible que impide que penetre el agua al tiempo que permite que el material respire. Mantiene sus pies secos incluso bajo la lluvia y evita las marcas de agua y las manchas que podr\u00edan alterar el aspecto de sus zapatos. Sus zapatos se mantienen como nuevos, protegidos y listos para afrontar todas las condiciones meteorol\u00f3gicas.<\/p>\n<p><strong><img decoding=\"async\" style=\"margin-right: 12px;\" src=\"https:\/\/www.ferberpainting.com\/wp-content\/uploads\/2026\/02\/Check.svg\" alt=\"\" width=\"18\" height=\"15\" \/>Garant\u00eda de devoluci\u00f3n del dinero.<\/strong>\u00a0Confiamos en la eficacia de nuestro producto, por lo que ofrecemos una garant\u00eda de satisfacci\u00f3n o devoluci\u00f3n del dinero. Si por cualquier motivo no queda completamente satisfecho con los resultados de nuestro impermeabilizante para calzado, puede solicitar la devoluci\u00f3n \u00edntegra de su dinero. Esta garant\u00eda le permite comprar con tranquilidad, sabiendo que puede recuperar su dinero si el producto no cumple sus expectativas.<\/p>\n<p><strong><img decoding=\"async\" style=\"margin-right: 12px;\" src=\"https:\/\/www.ferberpainting.com\/wp-content\/uploads\/2026\/02\/Check.svg\" alt=\"\" width=\"18\" height=\"15\" \/>Vers\u00e1til para diversos materiales.<\/strong>\u00a0Este impermeabilizante para calzado es muy vers\u00e1til y funciona en una amplia gama de materiales. Es ideal para cuero, lona, ante, nobuk y materiales sint\u00e9ticos. Tambi\u00e9n se puede utilizar en bolsos, abrigos, guantes y otros accesorios fabricados con estos materiales. Tanto si su calzado es deportivo, chic o unas zapatillas de lona informales, este producto ofrece una protecci\u00f3n fiable y duradera contra la humedad y las manchas.<\/p>\n<p><strong><img decoding=\"async\" style=\"margin-right: 12px;\" src=\"https:\/\/www.ferberpainting.com\/wp-content\/uploads\/2026\/02\/Check.svg\" alt=\"\" width=\"18\" height=\"15\" \/>Rentable.<\/strong>\u00a0El uso de este producto es muy econ\u00f3mico. Con un envase de 5 litros se puede tratar un gran n\u00famero de zapatos. Por t\u00e9rmino medio, un litro de impermeabilizante puede tratar hasta 50 pares de zapatos, dependiendo de la cantidad utilizada y del tipo de material. Este alto rendimiento convierte al impermeabilizante para calzado en una soluci\u00f3n rentable y a largo plazo, que proporciona una protecci\u00f3n prolongada sin necesidad de reaplicaciones frecuentes.<\/p>\n<p><strong><img decoding=\"async\" style=\"margin-right: 12px;\" src=\"https:\/\/www.ferberpainting.com\/wp-content\/uploads\/2026\/02\/Check.svg\" alt=\"\" width=\"18\" height=\"15\" \/>Seguro y respetuoso con los materiales.<\/strong>\u00a0Este impermeabilizante para calzado est\u00e1 formulado para ser seguro tanto para usted como para sus zapatos. Est\u00e1 elaborado con ingredientes suaves que no alteran el color ni la textura del material, ni da\u00f1an la superficie. Tampoco contiene productos qu\u00edmicos nocivos, por lo que es seguro para uso dom\u00e9stico. Puede aplicar este producto con confianza, sabiendo que no da\u00f1ar\u00e1 su salud ni sus zapatos.<\/p>\n<p><strong><img decoding=\"async\" style=\"margin-right: 12px;\" src=\"https:\/\/www.ferberpainting.com\/wp-content\/uploads\/2026\/02\/Check.svg\" alt=\"\" width=\"18\" height=\"15\" \/>F\u00e1cil de usar.<\/strong>\u00a0La aplicaci\u00f3n del impermeabilizante para calzado es sencilla y r\u00e1pida. Listo para usar, no requiere diluci\u00f3n ni una preparaci\u00f3n complicada. Basta con pulverizar el producto uniformemente sobre la superficie del calzado, asegur\u00e1ndose de cubrir todas las zonas expuestas a la humedad. El impermeabilizante se extiende f\u00e1cilmente y penetra r\u00e1pidamente en el material, formando una protecci\u00f3n invisible. En unos pocos pasos, tus zapatos estar\u00e1n listos para enfrentarse a la lluvia o la nieve.<\/p>\n<p><strong><img decoding=\"async\" style=\"margin-right: 12px;\" src=\"https:\/\/www.ferberpainting.com\/wp-content\/uploads\/2026\/02\/Check.svg\" alt=\"\" width=\"18\" height=\"15\" \/>Protecci\u00f3n duradera.<\/strong>\u00a0El impermeabilizante para calzado garantiza una protecci\u00f3n duradera. Una vez aplicado, forma una barrera resistente que repele el agua y las manchas, incluso despu\u00e9s de varias limpiezas. No necesitar\u00e1 volver a aplicarlo despu\u00e9s de cada lavado o paseo bajo la lluvia. La protecci\u00f3n dura varios meses, ayudando a mantener sus zapatos en perfecto estado sin preocuparse por la humedad o la suciedad. Este producto es una soluci\u00f3n duradera para proteger sus zapatos.<\/p>\n<p><strong><img decoding=\"async\" style=\"margin-right: 12px;\" src=\"https:\/\/www.ferberpainting.com\/wp-content\/uploads\/2026\/02\/Check.svg\" alt=\"\" width=\"18\" height=\"15\" \/>De acci\u00f3n r\u00e1pida.<\/strong>\u00a0Este producto funciona r\u00e1pidamente. Tras su aplicaci\u00f3n, se seca en aproximadamente 1 \u00f3 2 horas a temperatura ambiente, dependiendo de las condiciones meteorol\u00f3gicas y del tipo de material. Esto significa que puede volver a calzarse r\u00e1pidamente sin esperar horas. Una vez seco, la protecci\u00f3n act\u00faa inmediatamente. No es necesario esperar horas para que el producto act\u00fae: tras un breve tiempo de secado, el calzado est\u00e1 totalmente protegido.<\/p>\n<h2><strong>Protocolo de uso<\/strong><\/h2>\n<ul>\n<li><strong>Preparaci\u00f3n de la superficie <\/strong>: Antes de aplicar el impermeabilizante para calzado, aseg\u00farese de que sus zapatos est\u00e9n limpios y secos. Elimine cualquier resto de suciedad o polvo con un pa\u00f1o suave o un cepillo. Si sus zapatos est\u00e1n muy sucios, se recomienda limpiarlos antes de aplicar el producto. La aplicaci\u00f3n sobre una superficie limpia permite una mejor adherencia y una protecci\u00f3n m\u00e1s eficaz.<\/li>\n<li><strong>Aplicaci\u00f3n del producto <\/strong>: Agitar bien el frasco antes de usar. Aplicar el producto a unos 20 cm de la superficie del zapato. Roc\u00ede una capa uniforme y ligera sobre todo el zapato, centr\u00e1ndose en las zonas especialmente expuestas a la humedad, como las costuras y las suelas. Evite saturar en exceso los materiales: aplique una capa fina y uniforme. Si se aplica sobre ante o nobuk, evite mojar en exceso el tejido para evitar marcas visibles.<\/li>\n<li><strong>Cobertura uniforme <\/strong>: Si es necesario, utilice un pa\u00f1o limpio y suave para alisar el producto y conseguir una distribuci\u00f3n uniforme, especialmente en las zonas a las que no llega el pulverizador. Esto ayuda a conseguir una cobertura uniforme y una protecci\u00f3n eficaz en todo el zapato.<\/li>\n<li><strong>Tiempo de secado <\/strong>: Dejar secar los zapatos durante 1 \u00f3 2 horas a temperatura ambiente y humedad ambiente. No use los zapatos durante el secado para no comprometer la protecci\u00f3n. Si es posible, coloque los zapatos en una habitaci\u00f3n bien ventilada.<\/li>\n<li><strong>Nueva solicitud <\/strong>: Dependiendo del uso, puede aplicar una segunda capa para reforzar la protecci\u00f3n, especialmente si su calzado est\u00e1 expuesto con frecuencia a condiciones de humedad o suciedad. Aseg\u00farate de que la primera capa est\u00e9 completamente seca antes de aplicar la segunda.<\/li>\n<li><strong>Cuidado posterior <\/strong>: Despu\u00e9s de la aplicaci\u00f3n, puede limpiar sus zapatos normalmente sin quitar la protecci\u00f3n. No obstante, evite frotar con demasiada fuerza en las zonas tratadas. Si es necesario, vuelva a aplicar el impermeabilizante cada 6 meses para mantener su eficacia, o con mayor frecuencia en funci\u00f3n de la intensidad de uso.<\/li>\n<\/ul>\n<p>El impermeabilizante para calzado es un producto sencillo, r\u00e1pido y econ\u00f3mico para prolongar la vida de sus zapatos manteniendo su aspecto. Gracias a su facilidad de aplicaci\u00f3n y a su f\u00f3rmula de larga duraci\u00f3n, se convierte en un aliado imprescindible para cualquier propietario de zapatos, ya sean de piel, ante, lona o materiales sint\u00e9ticos. No deje que la humedad y las manchas arruinen sus zapatos, prot\u00e9jalos con nuestra potente e invisible soluci\u00f3n impermeabilizante.<\/p>","protected":false},"excerpt":{"rendered":"<p>Effective Protection Against Moisture and Stains.\u00a0This shoe waterproofer is the ideal solution to protect your shoes from the elements, humidity, mud, and stains. Whether your shoes are made of leather, canvas, suede, or nubuck, this product forms an invisible barrier that prevents water from penetrating while allowing the material to breathe. It keeps your feet [&hellip;]<\/p>\n","protected":false},"featured_media":30017,"comment_status":"open","ping_status":"closed","template":"","meta":{"_uag_custom_page_level_css":"","site-sidebar-layout":"default","site-content-layout":"","ast-site-content-layout":"default","site-content-style":"default","site-sidebar-style":"default","ast-global-header-display":"","ast-banner-title-visibility":"","ast-main-header-display":"","ast-hfb-above-header-display":"","ast-hfb-below-header-display":"","ast-hfb-mobile-header-display":"","site-post-title":"","ast-breadcrumbs-content":"","ast-featured-img":"","footer-sml-layout":"","ast-disable-related-posts":"","theme-transparent-header-meta":"default","adv-header-id-meta":"","stick-header-meta":"","header-above-stick-meta":"","header-main-stick-meta":"","header-below-stick-meta":"","astra-migrate-meta-layouts":"set","ast-page-background-enabled":"default","ast-page-background-meta":{"desktop":{"background-color":"var(--ast-global-color-4)","background-image":"","background-repeat":"repeat","background-position":"center center","background-size":"auto","background-attachment":"scroll","background-type":"","background-media":"","overlay-type":"","overlay-color":"","overlay-opacity":"","overlay-gradient":""},"tablet":{"background-color":"","background-image":"","background-repeat":"repeat","background-position":"center center","background-size":"auto","background-attachment":"scroll","background-type":"","background-media":"","overlay-type":"","overlay-color":"","overlay-opacity":"","overlay-gradient":""},"mobile":{"background-color":"","background-image":"","background-repeat":"repeat","background-position":"center center","background-size":"auto","background-attachment":"scroll","background-type":"","background-media":"","overlay-type":"","overlay-color":"","overlay-opacity":"","overlay-gradient":""}},"ast-content-background-meta":{"desktop":{"background-color":"var(--ast-global-color-5)","background-image":"","background-repeat":"repeat","background-position":"center center","background-size":"auto","background-attachment":"scroll","background-type":"","background-media":"","overlay-type":"","overlay-color":"","overlay-opacity":"","overlay-gradient":""},"tablet":{"background-color":"var(--ast-global-color-5)","background-image":"","background-repeat":"repeat","background-position":"center center","background-size":"auto","background-attachment":"scroll","background-type":"","background-media":"","overlay-type":"","overlay-color":"","overlay-opacity":"","overlay-gradient":""},"mobile":{"background-color":"var(--ast-global-color-5)","background-image":"","background-repeat":"repeat","background-position":"center center","background-size":"auto","background-attachment":"scroll","background-type":"","background-media":"","overlay-type":"","overlay-color":"","overlay-opacity":"","overlay-gradient":""}}},"product_brand":[],"product_cat":[191],"product_tag":[],"class_list":{"0":"post-25287","1":"product","2":"type-product","3":"status-publish","4":"has-post-thumbnail","6":"product_cat-water-repellent","7":"desktop-align-left","8":"tablet-align-left","9":"mobile-align-left","11":"first","12":"instock","13":"sale","14":"taxable","15":"shipping-taxable","16":"purchasable","17":"product-type-variable","18":"has-default-attributes"},"spectra_custom_meta":{"_visibility":["visible"],"_shopify_product_id":["9106574082293"],"_s2w_shopify_domain":["ferberpainting.myshopify.com"],"_shopify_variant_id":["46626284634357"],"_sku":[""],"_manage_stock":["no"],"total_sales":["33"],"_tax_status":["taxable"],"_tax_class":[""],"_backorders":["no"],"_sold_individually":["no"],"_virtual":["no"],"_downloadable":["no"],"_download_limit":["-1"],"_download_expiry":["-1"],"_stock":[null],"_stock_status":["instock"],"_wc_average_rating":["5.00"],"_wc_review_count":["10"],"_product_attributes":["a:1:{s:6:\"volume\";a:6:{s:4:\"name\";s:6:\"Volume\";s:5:\"value\";s:20:\"5 liters | 25 liters\";s:8:\"position\";i:1;s:10:\"is_visible\";i:0;s:12:\"is_variation\";i:1;s:11:\"is_taxonomy\";i:0;}}"],"_product_version":["10.5.1"],"wpse_downloadable_file_names":[""],"wpse_downloadable_file_urls":[""],"_edit_last":["1"],"_default_attributes":["a:1:{s:6:\"volume\";s:8:\"5 liters\";}"],"_edit_lock":["1771234208:1"],"_thumbnail_id":["30017"],"_wp_page_template":["default"],"_wp_old_date":["2025-05-26"],"_product_image_gallery":["30018"],"site-sidebar-layout":["default"],"ast-site-content-layout":["default"],"site-content-style":["default"],"site-sidebar-style":["default"],"theme-transparent-header-meta":["default"],"merchant-center-availability":["yes"],"merchant-center-category":["5604"],"_price":["29.90","129.90"],"_wc_rating_count":["a:1:{i:5;i:10;}"],"astra-migrate-meta-layouts":["set"],"_uag_css_file_name":["uag-css-25287.css"],"_elementor_page_assets":["a:0:{}"],"_uag_page_assets":["a:9:{s:3:\"css\";s:6873:\".wp-block-uagb-image{display:flex}.wp-block-uagb-image__figure{position:relative;display:flex;flex-direction:column;max-width:100%;height:auto;margin:0}.wp-block-uagb-image__figure img{height:auto;display:flex;max-width:100%;transition:box-shadow .2s ease}.wp-block-uagb-image__figure>a{display:inline-block}.wp-block-uagb-image__figure figcaption{text-align:center;margin-top:.5em;margin-bottom:1em}.wp-block-uagb-image .components-placeholder.block-editor-media-placeholder .components-placeholder__instructions{align-self:center}.wp-block-uagb-image--align-left{text-align:left}.wp-block-uagb-image--align-right{text-align:right}.wp-block-uagb-image--align-center{text-align:center}.wp-block-uagb-image--align-full .wp-block-uagb-image__figure{margin-left:calc(50% - 50vw);margin-right:calc(50% - 50vw);max-width:100vw;width:100vw;height:auto}.wp-block-uagb-image--align-full .wp-block-uagb-image__figure img{height:auto;width:100% !important}.wp-block-uagb-image--align-wide .wp-block-uagb-image__figure img{height:auto;width:100%}.wp-block-uagb-image--layout-overlay__color-wrapper{position:absolute;left:0;top:0;right:0;bottom:0;opacity:.2;background:rgba(0,0,0,.5);transition:opacity .35s ease-in-out}.wp-block-uagb-image--layout-overlay-link{position:absolute;left:0;right:0;bottom:0;top:0}.wp-block-uagb-image--layout-overlay .wp-block-uagb-image__figure:hover .wp-block-uagb-image--layout-overlay__color-wrapper{opacity:1}.wp-block-uagb-image--layout-overlay__inner{position:absolute;left:15px;right:15px;bottom:15px;top:15px;display:flex;align-items:center;justify-content:center;flex-direction:column;border-color:#fff;transition:.35s ease-in-out}.wp-block-uagb-image--layout-overlay__inner.top-left,.wp-block-uagb-image--layout-overlay__inner.top-center,.wp-block-uagb-image--layout-overlay__inner.top-right{justify-content:flex-start}.wp-block-uagb-image--layout-overlay__inner.bottom-left,.wp-block-uagb-image--layout-overlay__inner.bottom-center,.wp-block-uagb-image--layout-overlay__inner.bottom-right{justify-content:flex-end}.wp-block-uagb-image--layout-overlay__inner.top-left,.wp-block-uagb-image--layout-overlay__inner.center-left,.wp-block-uagb-image--layout-overlay__inner.bottom-left{align-items:flex-start}.wp-block-uagb-image--layout-overlay__inner.top-right,.wp-block-uagb-image--layout-overlay__inner.center-right,.wp-block-uagb-image--layout-overlay__inner.bottom-right{align-items:flex-end}.wp-block-uagb-image--layout-overlay__inner .uagb-image-heading{color:#fff;transition:transform .35s,opacity .35s ease-in-out;transform:translate3d(0, 24px, 0);margin:0;line-height:1em}.wp-block-uagb-image--layout-overlay__inner .uagb-image-separator{width:30%;border-top-width:2px;border-top-color:#fff;border-top-style:solid;margin-bottom:10px;opacity:0;transition:transform .4s,opacity .4s ease-in-out;transform:translate3d(0, 30px, 0)}.wp-block-uagb-image--layout-overlay__inner .uagb-image-caption{opacity:0;overflow:visible;color:#fff;transition:transform .45s,opacity .45s ease-in-out;transform:translate3d(0, 35px, 0)}.wp-block-uagb-image--layout-overlay__inner:hover .uagb-image-heading,.wp-block-uagb-image--layout-overlay__inner:hover .uagb-image-separator,.wp-block-uagb-image--layout-overlay__inner:hover .uagb-image-caption{opacity:1;transform:translate3d(0, 0, 0)}.wp-block-uagb-image--effect-zoomin .wp-block-uagb-image__figure img,.wp-block-uagb-image--effect-zoomin .wp-block-uagb-image__figure .wp-block-uagb-image--layout-overlay__color-wrapper{transform:scale(1);transition:transform .35s ease-in-out}.wp-block-uagb-image--effect-zoomin .wp-block-uagb-image__figure:hover img,.wp-block-uagb-image--effect-zoomin .wp-block-uagb-image__figure:hover .wp-block-uagb-image--layout-overlay__color-wrapper{transform:scale(1.05)}.wp-block-uagb-image--effect-slide .wp-block-uagb-image__figure img,.wp-block-uagb-image--effect-slide .wp-block-uagb-image__figure .wp-block-uagb-image--layout-overlay__color-wrapper{width:calc(100% + 40px) !important;max-width:none !important;transform:translate3d(-40px, 0, 0);transition:transform .35s ease-in-out}.wp-block-uagb-image--effect-slide .wp-block-uagb-image__figure:hover img,.wp-block-uagb-image--effect-slide .wp-block-uagb-image__figure:hover .wp-block-uagb-image--layout-overlay__color-wrapper{transform:translate3d(0, 0, 0)}.wp-block-uagb-image--effect-grayscale img{filter:grayscale(0%);transition:.35s ease-in-out}.wp-block-uagb-image--effect-grayscale:hover img{filter:grayscale(100%)}.wp-block-uagb-image--effect-blur img{filter:blur(0);transition:.35s ease-in-out}.wp-block-uagb-image--effect-blur:hover img{filter:blur(3px)}.uagb-block-e6f939b3.wp-block-uagb-image--layout-default figure img{box-shadow: 0px 0px 0 #00000070;}.uagb-block-e6f939b3.wp-block-uagb-image .wp-block-uagb-image__figure figcaption{font-style: normal;align-self: center;}.uagb-block-e6f939b3.wp-block-uagb-image--layout-overlay figure img{box-shadow: 0px 0px 0 #00000070;}.uagb-block-e6f939b3.wp-block-uagb-image--layout-overlay .wp-block-uagb-image--layout-overlay__color-wrapper{opacity: 0.2;}.uagb-block-e6f939b3.wp-block-uagb-image--layout-overlay .wp-block-uagb-image--layout-overlay__inner{left: 15px;right: 15px;top: 15px;bottom: 15px;}.uagb-block-e6f939b3.wp-block-uagb-image--layout-overlay .wp-block-uagb-image--layout-overlay__inner .uagb-image-heading{font-style: normal;color: #fff;opacity: 1;}.uagb-block-e6f939b3.wp-block-uagb-image--layout-overlay .wp-block-uagb-image--layout-overlay__inner .uagb-image-heading a{color: #fff;}.uagb-block-e6f939b3.wp-block-uagb-image--layout-overlay .wp-block-uagb-image--layout-overlay__inner .uagb-image-caption{opacity: 0;}.uagb-block-e6f939b3.wp-block-uagb-image--layout-overlay .wp-block-uagb-image__figure:hover .wp-block-uagb-image--layout-overlay__color-wrapper{opacity: 1;}.uagb-block-e6f939b3.wp-block-uagb-image .wp-block-uagb-image--layout-overlay__inner .uagb-image-separator{width: 30%;border-top-width: 2px;border-top-color: #fff;opacity: 0;}.uagb-block-e6f939b3.wp-block-uagb-image .wp-block-uagb-image__figure img{width: px;height: auto;}.uagb-block-e6f939b3.wp-block-uagb-image .wp-block-uagb-image__figure:hover .wp-block-uagb-image--layout-overlay__inner .uagb-image-caption{opacity: 1;}.uagb-block-e6f939b3.wp-block-uagb-image .wp-block-uagb-image__figure:hover .wp-block-uagb-image--layout-overlay__inner .uagb-image-separator{opacity: 1;}.uagb-block-e6f939b3.wp-block-uagb-image--layout-default figure:hover img{box-shadow: 0px 0px 0 #00000070;}.uagb-block-e6f939b3.wp-block-uagb-image--layout-overlay figure:hover img{box-shadow: 0px 0px 0 #00000070;}@media only screen and (max-width: 976px) {.uagb-block-e6f939b3.wp-block-uagb-image .wp-block-uagb-image__figure img{width: px;height: auto;}}@media only screen and (max-width: 767px) {.uagb-block-e6f939b3.wp-block-uagb-image .wp-block-uagb-image__figure img{width: px;height: auto;}}\";s:2:\"js\";s:0:\"\";s:18:\"current_block_list\";a:13:{i:0;s:11:\"core\/search\";i:1;s:10:\"core\/group\";i:2;s:12:\"core\/heading\";i:3;s:17:\"core\/latest-posts\";i:4;s:20:\"core\/latest-comments\";i:5;s:13:\"core\/archives\";i:6;s:15:\"core\/categories\";i:7;s:14:\"core\/paragraph\";i:8;s:10:\"uagb\/image\";i:9;s:11:\"core\/spacer\";i:10;s:30:\"woocommerce\/product-categories\";i:11;s:10:\"core\/image\";i:12;s:14:\"core\/shortcode\";}s:8:\"uag_flag\";b:1;s:11:\"uag_version\";s:10:\"1777264271\";s:6:\"gfonts\";a:0:{}s:10:\"gfonts_url\";s:0:\"\";s:12:\"gfonts_files\";a:0:{}s:14:\"uag_faq_layout\";b:0;}"]},"uagb_featured_image_src":{"full":["https:\/\/www.ferberpainting.com\/wp-content\/uploads\/2025\/05\/Shoe-Water-Repellent-5L.png",2560,2560,false],"thumbnail":["https:\/\/www.ferberpainting.com\/wp-content\/uploads\/2025\/05\/Shoe-Water-Repellent-5L-150x150.png",150,150,true],"medium":["https:\/\/www.ferberpainting.com\/wp-content\/uploads\/2025\/05\/Shoe-Water-Repellent-5L-300x300.png",300,300,true],"medium_large":["https:\/\/www.ferberpainting.com\/wp-content\/uploads\/2025\/05\/Shoe-Water-Repellent-5L-768x768.png",768,768,true],"large":["https:\/\/www.ferberpainting.com\/wp-content\/uploads\/2025\/05\/Shoe-Water-Repellent-5L-1024x1024.png",1024,1024,true],"1536x1536":["https:\/\/www.ferberpainting.com\/wp-content\/uploads\/2025\/05\/Shoe-Water-Repellent-5L-1536x1536.png",1536,1536,true],"2048x2048":["https:\/\/www.ferberpainting.com\/wp-content\/uploads\/2025\/05\/Shoe-Water-Repellent-5L-2048x2048.png",2048,2048,true],"trp-custom-language-flag":["https:\/\/www.ferberpainting.com\/wp-content\/uploads\/2025\/05\/Shoe-Water-Repellent-5L-12x12.png",12,12,true],"woocommerce_thumbnail":["https:\/\/www.ferberpainting.com\/wp-content\/uploads\/2025\/05\/Shoe-Water-Repellent-5L-300x300.png",300,300,true],"woocommerce_single":["https:\/\/www.ferberpainting.com\/wp-content\/uploads\/2025\/05\/Shoe-Water-Repellent-5L-600x600.png",600,600,true],"woocommerce_gallery_thumbnail":["https:\/\/www.ferberpainting.com\/wp-content\/uploads\/2025\/05\/Shoe-Water-Repellent-5L-100x100.png",100,100,true]},"uagb_author_info":{"display_name":"admin","author_link":"https:\/\/www.ferberpainting.com\/es\/author\/"},"uagb_comment_info":10,"uagb_excerpt":"Effective Protection Against Moisture and Stains.\u00a0This shoe waterproofer is the ideal solution to protect your shoes from the elements, humidity, mud, and stains. Whether your shoes are made of leather, canvas, suede, or nubuck, this product forms an invisible barrier that prevents water from penetrating while allowing the material to breathe. It keeps your feet&hellip;","_links":{"self":[{"href":"https:\/\/www.ferberpainting.com\/es\/wp-json\/wp\/v2\/product\/25287","targetHints":{"allow":["GET"]}}],"collection":[{"href":"https:\/\/www.ferberpainting.com\/es\/wp-json\/wp\/v2\/product"}],"about":[{"href":"https:\/\/www.ferberpainting.com\/es\/wp-json\/wp\/v2\/types\/product"}],"replies":[{"embeddable":true,"href":"https:\/\/www.ferberpainting.com\/es\/wp-json\/wp\/v2\/comments?post=25287"}],"version-history":[{"count":4,"href":"https:\/\/www.ferberpainting.com\/es\/wp-json\/wp\/v2\/product\/25287\/revisions"}],"predecessor-version":[{"id":167269,"href":"https:\/\/www.ferberpainting.com\/es\/wp-json\/wp\/v2\/product\/25287\/revisions\/167269"}],"wp:featuredmedia":[{"embeddable":true,"href":"https:\/\/www.ferberpainting.com\/es\/wp-json\/wp\/v2\/media\/30017"}],"wp:attachment":[{"href":"https:\/\/www.ferberpainting.com\/es\/wp-json\/wp\/v2\/media?parent=25287"}],"wp:term":[{"taxonomy":"product_brand","embeddable":true,"href":"https:\/\/www.ferberpainting.com\/es\/wp-json\/wp\/v2\/product_brand?post=25287"},{"taxonomy":"product_cat","embeddable":true,"href":"https:\/\/www.ferberpainting.com\/es\/wp-json\/wp\/v2\/product_cat?post=25287"},{"taxonomy":"product_tag","embeddable":true,"href":"https:\/\/www.ferberpainting.com\/es\/wp-json\/wp\/v2\/product_tag?post=25287"}],"curies":[{"name":"wp","href":"https:\/\/api.w.org\/{rel}","templated":true}]}}