{"id":24750,"date":"2025-07-01T00:26:12","date_gmt":"2025-06-30T22:26:12","guid":{"rendered":"https:\/\/www.ferberpainting.com\/?post_type=product&#038;p=24750"},"modified":"2026-02-15T23:22:25","modified_gmt":"2026-02-15T22:22:25","slug":"paint-thinner","status":"publish","type":"product","link":"https:\/\/www.ferberpainting.com\/es\/products\/paint-thinner\/","title":{"rendered":"Diluyente de pintura"},"content":{"rendered":"<p><strong><img decoding=\"async\" style=\"margin-right: 12px;\" src=\"https:\/\/www.ferberpainting.com\/wp-content\/uploads\/2026\/02\/Check.svg\" alt=\"\" width=\"18\" height=\"15\" \/>Eficiencia \u00f3ptima.<\/strong>\u00a0Este diluyente de pintura est\u00e1 especialmente dise\u00f1ado para diluir la pintura sin alterar su composici\u00f3n qu\u00edmica ni su poder cubriente. Proporciona la consistencia ideal para una aplicaci\u00f3n suave y sin rayas. Perfectamente adecuado para pinturas con base de disolvente como alquid\u00e1licas, lacas, barnices y revestimientos industriales. Gracias a su r\u00e1pida acci\u00f3n, garantiza una mezcla homog\u00e9nea y facilita la aplicaci\u00f3n de la pintura con brocha, rodillo o pistola.<\/p>\n<p><strong><img decoding=\"async\" style=\"margin-right: 12px;\" src=\"https:\/\/www.ferberpainting.com\/wp-content\/uploads\/2026\/02\/Check.svg\" alt=\"\" width=\"18\" height=\"15\" \/>Garant\u00eda de devoluci\u00f3n del dinero.<\/strong>\u00a0Confiamos plenamente en la eficacia de nuestro disolvente. Si, despu\u00e9s de usarlo, no queda plenamente satisfecho con los resultados, tiene derecho a un reembolso completo. Pruebe nuestro producto con tranquilidad y disfrute de una soluci\u00f3n fiable y eficaz para todas sus necesidades de pintura.<\/p>\n<p><strong><img decoding=\"async\" style=\"margin-right: 12px;\" src=\"https:\/\/www.ferberpainting.com\/wp-content\/uploads\/2026\/02\/Check.svg\" alt=\"\" width=\"18\" height=\"15\" \/>Versatilidad excepcional.<\/strong>\u00a0Este diluyente no se limita a diluir la pintura. Tambi\u00e9n es eficaz para limpiar herramientas de aplicaci\u00f3n como brochas, rodillos, pistolas pulverizadoras y otros equipos. Adem\u00e1s, puede utilizarse para eliminar manchas de pintura de superficies como metal, madera, PVC y algunas piedras no porosas. Es ideal para diluir barnices y acelerar su secado, al tiempo que garantiza un acabado impecable.<\/p>\n<p><strong><img decoding=\"async\" style=\"margin-right: 12px;\" src=\"https:\/\/www.ferberpainting.com\/wp-content\/uploads\/2026\/02\/Check.svg\" alt=\"\" width=\"18\" height=\"15\" \/>Rendimiento rentable.<\/strong>\u00a0Gracias a su gran eficacia, este diluyente ayuda a reducir la cantidad de pintura utilizada al tiempo que garantiza una aplicaci\u00f3n fluida y uniforme. Un bote de 5 litros puede utilizarse en una gran superficie de pintura, en funci\u00f3n de la tasa de diluci\u00f3n recomendada por el fabricante. Por t\u00e9rmino medio, bastan de 100 a 250 ml de diluyente por litro de pintura, lo que optimiza el uso y reduce los costes de suministro.<\/p>\n<p><strong><img decoding=\"async\" style=\"margin-right: 12px;\" src=\"https:\/\/www.ferberpainting.com\/wp-content\/uploads\/2026\/02\/Check.svg\" alt=\"\" width=\"18\" height=\"15\" \/>Seguro de usar.<\/strong>\u00a0A diferencia de los diluyentes convencionales que desprenden vapores agresivos y provocan irritaci\u00f3n cut\u00e1nea, este producto est\u00e1 formulado para minimizar los riesgos para la salud durante su aplicaci\u00f3n. No contiene sustancias corrosivas que puedan da\u00f1ar las superficies pintadas y cumple las normas medioambientales vigentes. Se recomienda utilizarlo en una zona ventilada, pero sigue siendo seguro para los usuarios cuando se utiliza seg\u00fan las instrucciones.<\/p>\n<p><strong><img decoding=\"async\" style=\"margin-right: 12px;\" src=\"https:\/\/www.ferberpainting.com\/wp-content\/uploads\/2026\/02\/Check.svg\" alt=\"\" width=\"18\" height=\"15\" \/>Facilidad de uso.<\/strong>\u00a0Este producto est\u00e1 listo para usar y no requiere ninguna preparaci\u00f3n especial. Basta con a\u00f1adirlo directamente a la pintura y remover hasta obtener la consistencia deseada. Su uso intuitivo lo hace accesible a todos, ya sean profesionales o aficionados al bricolaje que trabajen en interiores o exteriores. Su r\u00e1pida eficacia garantiza un acabado liso y uniforme sin afectar a las propiedades de cubrici\u00f3n o adherencia de la pintura.<\/p>\n<p><strong><img decoding=\"async\" style=\"margin-right: 12px;\" src=\"https:\/\/www.ferberpainting.com\/wp-content\/uploads\/2026\/02\/Check.svg\" alt=\"\" width=\"18\" height=\"15\" \/>Durabilidad ampliada.<\/strong>\u00a0La adici\u00f3n de este diluyente ayuda a optimizar la vida \u00fatil de la pintura, ya que evita que se espese y facilita su almacenamiento a largo plazo. Evita la formaci\u00f3n de grumos y garantiza una conservaci\u00f3n ideal de las pinturas con base de disolvente. Adem\u00e1s, al mejorar la aplicaci\u00f3n y la adherencia, prolonga la durabilidad de las superficies pintadas frente a condiciones exteriores como la humedad, los rayos UV y los cambios de temperatura.<\/p>\n<p><strong><img decoding=\"async\" style=\"margin-right: 12px;\" src=\"https:\/\/www.ferberpainting.com\/wp-content\/uploads\/2026\/02\/Check.svg\" alt=\"\" width=\"18\" height=\"15\" \/>Acci\u00f3n r\u00e1pida.<\/strong>\u00a0Gracias a su composici\u00f3n altamente activa, este diluyente mejora instant\u00e1neamente la fluidez de la pintura y facilita su aplicaci\u00f3n. Ahorra tiempo al evitar correcciones debidas a una consistencia deficiente. Su acci\u00f3n inmediata garantiza una aplicaci\u00f3n m\u00e1s suave y uniforme de la pintura, sin defectos visibles tras el secado.<\/p>\n<h2><strong>Protocolo de uso<\/strong><\/h2>\n<ul>\n<li><strong>Preparaci\u00f3n <\/strong>: Aseg\u00farese de que la pintura a diluir est\u00e1 bien mezclada y sin grumos antes de a\u00f1adir el diluyente. Para obtener mejores resultados, remueva bien la pintura antes de cualquier operaci\u00f3n.<\/li>\n<li><strong>Aplicaci\u00f3n de diluci\u00f3n <\/strong>: A\u00f1adir gradualmente el diluyente a la pintura, siguiendo la proporci\u00f3n recomendada por el fabricante. Generalmente, 10% de diluyente por 1 litro de pintura es suficiente para la aplicaci\u00f3n a brocha o rodillo, mientras que para la aplicaci\u00f3n a pistola pueden ser necesarios 20-30%. Mezclar bien hasta que la pintura tenga una consistencia fluida y uniforme.<\/li>\n<li><strong>Limpieza de herramientas <\/strong>: Despu\u00e9s de pintar, sumerja las brochas, los rodillos y las pistolas pulverizadoras en diluyente para eliminar los restos de pintura y evitar que se endurezcan. Deje reposar unos minutos y, a continuaci\u00f3n, aclare a fondo con agua limpia y un pa\u00f1o suave.<\/li>\n<li><strong>Eliminaci\u00f3n de manchas <\/strong>: Para eliminar la pintura fresca de superficies como metal, madera o PVC, empapar un pa\u00f1o en disolvente y frotar suavemente la zona afectada. Aclare si es necesario con agua limpia para eliminar los restos de disolvente.<\/li>\n<li><strong>Acabado y protecci\u00f3n <\/strong>: Para mejorar la adherencia y el acabado de la capa, siga la proporci\u00f3n de diluci\u00f3n recomendada y mezcle bien antes de la aplicaci\u00f3n. Una diluci\u00f3n adecuada evita la variaci\u00f3n de color y garantiza un acabado liso y uniforme.<\/li>\n<li><strong>Frecuencia de uso <\/strong>: Utilizar en cada diluci\u00f3n de pintura y despu\u00e9s de cada sesi\u00f3n de pintura para limpiar las herramientas y prolongar su vida \u00fatil. Para mantener el rendimiento del diluyente, vuelva a cerrar siempre el bote despu\u00e9s de usarlo para evitar la evaporaci\u00f3n.<\/li>\n<li><strong>Almacenamiento <\/strong>: Guarde el bote en un lugar fresco y seco, alejado del calor y de la luz solar directa. Vuelva a cerrarlo herm\u00e9ticamente despu\u00e9s de cada uso para evitar cambios en la composici\u00f3n del producto.<\/li>\n<\/ul>\n<p>Con nuestro diluyente de pintura, garantice una mezcla suave, una aplicaci\u00f3n fluida y un acabado impecable. Una soluci\u00f3n ideal para simplificar sus proyectos de pintura, optimizar la durabilidad de las superficies pintadas y conseguir resultados de calidad profesional en cualquier circunstancia.<\/p>","protected":false},"excerpt":{"rendered":"<p>Optimal Efficiency.\u00a0This paint thinner is specially designed to thin paint without altering its chemical composition or covering power. It provides the ideal consistency for smooth, streak-free application. Perfectly suited for solvent-based paints such as alkyds, lacquers, varnishes, and industrial coatings. Thanks to its quick action, it ensures a homogeneous mixture and facilitates paint application by [&hellip;]<\/p>\n","protected":false},"featured_media":36071,"comment_status":"open","ping_status":"closed","template":"","meta":{"_uag_custom_page_level_css":"","site-sidebar-layout":"default","site-content-layout":"","ast-site-content-layout":"default","site-content-style":"default","site-sidebar-style":"default","ast-global-header-display":"","ast-banner-title-visibility":"","ast-main-header-display":"","ast-hfb-above-header-display":"","ast-hfb-below-header-display":"","ast-hfb-mobile-header-display":"","site-post-title":"","ast-breadcrumbs-content":"","ast-featured-img":"","footer-sml-layout":"","ast-disable-related-posts":"","theme-transparent-header-meta":"default","adv-header-id-meta":"","stick-header-meta":"","header-above-stick-meta":"","header-main-stick-meta":"","header-below-stick-meta":"","astra-migrate-meta-layouts":"set","ast-page-background-enabled":"default","ast-page-background-meta":{"desktop":{"background-color":"var(--ast-global-color-4)","background-image":"","background-repeat":"repeat","background-position":"center center","background-size":"auto","background-attachment":"scroll","background-type":"","background-media":"","overlay-type":"","overlay-color":"","overlay-opacity":"","overlay-gradient":""},"tablet":{"background-color":"","background-image":"","background-repeat":"repeat","background-position":"center center","background-size":"auto","background-attachment":"scroll","background-type":"","background-media":"","overlay-type":"","overlay-color":"","overlay-opacity":"","overlay-gradient":""},"mobile":{"background-color":"","background-image":"","background-repeat":"repeat","background-position":"center center","background-size":"auto","background-attachment":"scroll","background-type":"","background-media":"","overlay-type":"","overlay-color":"","overlay-opacity":"","overlay-gradient":""}},"ast-content-background-meta":{"desktop":{"background-color":"var(--ast-global-color-5)","background-image":"","background-repeat":"repeat","background-position":"center center","background-size":"auto","background-attachment":"scroll","background-type":"","background-media":"","overlay-type":"","overlay-color":"","overlay-opacity":"","overlay-gradient":""},"tablet":{"background-color":"var(--ast-global-color-5)","background-image":"","background-repeat":"repeat","background-position":"center center","background-size":"auto","background-attachment":"scroll","background-type":"","background-media":"","overlay-type":"","overlay-color":"","overlay-opacity":"","overlay-gradient":""},"mobile":{"background-color":"var(--ast-global-color-5)","background-image":"","background-repeat":"repeat","background-position":"center center","background-size":"auto","background-attachment":"scroll","background-type":"","background-media":"","overlay-type":"","overlay-color":"","overlay-opacity":"","overlay-gradient":""}}},"product_brand":[],"product_cat":[175],"product_tag":[],"class_list":{"0":"post-24750","1":"product","2":"type-product","3":"status-publish","4":"has-post-thumbnail","6":"product_cat-cleaning-products","7":"desktop-align-left","8":"tablet-align-left","9":"mobile-align-left","11":"first","12":"instock","13":"sale","14":"taxable","15":"shipping-taxable","16":"purchasable","17":"product-type-variable","18":"has-default-attributes"},"spectra_custom_meta":{"_visibility":["visible"],"_shopify_product_id":["9106532663541"],"_s2w_shopify_domain":["ferberpainting.myshopify.com"],"_shopify_variant_id":["46626241380597"],"_sku":[""],"_manage_stock":["no"],"total_sales":["5"],"_tax_status":["taxable"],"_tax_class":[""],"_backorders":["no"],"_sold_individually":["no"],"_virtual":["no"],"_downloadable":["no"],"_download_limit":["-1"],"_download_expiry":["-1"],"_stock":[null],"_stock_status":["instock"],"_wc_average_rating":["5.00"],"_wc_review_count":["11"],"_product_attributes":["a:1:{s:6:\"volume\";a:6:{s:4:\"name\";s:6:\"Volume\";s:5:\"value\";s:20:\"5 liters | 25 liters\";s:8:\"position\";i:1;s:10:\"is_visible\";i:0;s:12:\"is_variation\";i:1;s:11:\"is_taxonomy\";i:0;}}"],"_product_version":["10.5.1"],"wpse_downloadable_file_names":[""],"wpse_downloadable_file_urls":[""],"_edit_last":["1"],"_default_attributes":["a:1:{s:6:\"volume\";s:8:\"5 liters\";}"],"_edit_lock":["1771194007:1"],"_price":["29.90","129.90"],"merchant-center-availability":["yes"],"merchant-center-category":["503741"],"_thumbnail_id":["36071"],"_wp_page_template":["default"],"_wp_old_date":["2025-05-26"],"_product_image_gallery":["36072"],"site-sidebar-layout":["default"],"ast-site-content-layout":["default"],"site-content-style":["default"],"site-sidebar-style":["default"],"theme-transparent-header-meta":["default"],"_wc_rating_count":["a:1:{i:5;i:11;}"],"astra-migrate-meta-layouts":["set"],"_uag_css_file_name":["uag-css-24750.css"],"_elementor_page_assets":["a:0:{}"]},"uagb_featured_image_src":{"full":["https:\/\/www.ferberpainting.com\/wp-content\/uploads\/2025\/05\/Paint-Thinner-5L.png",2560,2560,false],"thumbnail":["https:\/\/www.ferberpainting.com\/wp-content\/uploads\/2025\/05\/Paint-Thinner-5L-150x150.png",150,150,true],"medium":["https:\/\/www.ferberpainting.com\/wp-content\/uploads\/2025\/05\/Paint-Thinner-5L-300x300.png",300,300,true],"medium_large":["https:\/\/www.ferberpainting.com\/wp-content\/uploads\/2025\/05\/Paint-Thinner-5L-768x768.png",768,768,true],"large":["https:\/\/www.ferberpainting.com\/wp-content\/uploads\/2025\/05\/Paint-Thinner-5L-1024x1024.png",1024,1024,true],"1536x1536":["https:\/\/www.ferberpainting.com\/wp-content\/uploads\/2025\/05\/Paint-Thinner-5L-1536x1536.png",1536,1536,true],"2048x2048":["https:\/\/www.ferberpainting.com\/wp-content\/uploads\/2025\/05\/Paint-Thinner-5L-2048x2048.png",2048,2048,true],"trp-custom-language-flag":["https:\/\/www.ferberpainting.com\/wp-content\/uploads\/2025\/05\/Paint-Thinner-5L-12x12.png",12,12,true],"woocommerce_thumbnail":["https:\/\/www.ferberpainting.com\/wp-content\/uploads\/2025\/05\/Paint-Thinner-5L-300x300.png",300,300,true],"woocommerce_single":["https:\/\/www.ferberpainting.com\/wp-content\/uploads\/2025\/05\/Paint-Thinner-5L-600x600.png",600,600,true],"woocommerce_gallery_thumbnail":["https:\/\/www.ferberpainting.com\/wp-content\/uploads\/2025\/05\/Paint-Thinner-5L-100x100.png",100,100,true]},"uagb_author_info":{"display_name":"admin","author_link":"https:\/\/www.ferberpainting.com\/es\/author\/"},"uagb_comment_info":11,"uagb_excerpt":"Optimal Efficiency.\u00a0This paint thinner is specially designed to thin paint without altering its chemical composition or covering power. It provides the ideal consistency for smooth, streak-free application. Perfectly suited for solvent-based paints such as alkyds, lacquers, varnishes, and industrial coatings. Thanks to its quick action, it ensures a homogeneous mixture and facilitates paint application by&hellip;","_links":{"self":[{"href":"https:\/\/www.ferberpainting.com\/es\/wp-json\/wp\/v2\/product\/24750","targetHints":{"allow":["GET"]}}],"collection":[{"href":"https:\/\/www.ferberpainting.com\/es\/wp-json\/wp\/v2\/product"}],"about":[{"href":"https:\/\/www.ferberpainting.com\/es\/wp-json\/wp\/v2\/types\/product"}],"replies":[{"embeddable":true,"href":"https:\/\/www.ferberpainting.com\/es\/wp-json\/wp\/v2\/comments?post=24750"}],"version-history":[{"count":3,"href":"https:\/\/www.ferberpainting.com\/es\/wp-json\/wp\/v2\/product\/24750\/revisions"}],"predecessor-version":[{"id":166679,"href":"https:\/\/www.ferberpainting.com\/es\/wp-json\/wp\/v2\/product\/24750\/revisions\/166679"}],"wp:featuredmedia":[{"embeddable":true,"href":"https:\/\/www.ferberpainting.com\/es\/wp-json\/wp\/v2\/media\/36071"}],"wp:attachment":[{"href":"https:\/\/www.ferberpainting.com\/es\/wp-json\/wp\/v2\/media?parent=24750"}],"wp:term":[{"taxonomy":"product_brand","embeddable":true,"href":"https:\/\/www.ferberpainting.com\/es\/wp-json\/wp\/v2\/product_brand?post=24750"},{"taxonomy":"product_cat","embeddable":true,"href":"https:\/\/www.ferberpainting.com\/es\/wp-json\/wp\/v2\/product_cat?post=24750"},{"taxonomy":"product_tag","embeddable":true,"href":"https:\/\/www.ferberpainting.com\/es\/wp-json\/wp\/v2\/product_tag?post=24750"}],"curies":[{"name":"wp","href":"https:\/\/api.w.org\/{rel}","templated":true}]}}