{"id":24744,"date":"2025-05-26T10:26:54","date_gmt":"2025-05-26T08:26:54","guid":{"rendered":"https:\/\/www.ferberpainting.com\/products\/paint-hardener\/"},"modified":"2026-02-15T23:16:32","modified_gmt":"2026-02-15T22:16:32","slug":"paint-hardener","status":"publish","type":"product","link":"https:\/\/www.ferberpainting.com\/es\/products\/paint-hardener\/","title":{"rendered":"Endurecedor para pintura"},"content":{"rendered":"<p><strong><img decoding=\"async\" style=\"margin-right: 12px;\" src=\"https:\/\/www.ferberpainting.com\/wp-content\/uploads\/2026\/02\/Check.svg\" alt=\"\" width=\"18\" height=\"15\" \/>Reforzar y mejorar el rendimiento de la pintura.<\/strong>\u00a0Este endurecedor de pintura est\u00e1 especialmente dise\u00f1ado para mejorar la resistencia y durabilidad de los revestimientos. Mejora la adherencia, la dureza y la longevidad de las pinturas aplicadas sobre diversas superficies, reduciendo as\u00ed los riesgos de descascarillado, rayado y desgaste prematuro. Es igualmente adecuado para pinturas decorativas y revestimientos industriales, proporcionando una protecci\u00f3n \u00f3ptima a largo plazo.<\/p>\n<p><strong><img decoding=\"async\" style=\"margin-right: 12px;\" src=\"https:\/\/www.ferberpainting.com\/wp-content\/uploads\/2026\/02\/Check.svg\" alt=\"\" width=\"18\" height=\"15\" \/>Garant\u00eda de devoluci\u00f3n del dinero.<\/strong>\u00a0Confiamos plenamente en la eficacia de nuestro endurecedor de pintura, por lo que ofrecemos una garant\u00eda de devoluci\u00f3n del dinero. Si el producto no cumple sus expectativas tras aplicarlo siguiendo las instrucciones, puede solicitar un reembolso incondicional, lo que le garantiza una compra segura y sin riesgos.<\/p>\n<p><strong><img decoding=\"async\" style=\"margin-right: 12px;\" src=\"https:\/\/www.ferberpainting.com\/wp-content\/uploads\/2026\/02\/Check.svg\" alt=\"\" width=\"18\" height=\"15\" \/>Compatible con una amplia gama de pinturas y materiales.<\/strong>\u00a0Este endurecedor es adecuado para pinturas acr\u00edlicas, gliceroft\u00e1licas, alqu\u00eddicas, epox\u00eddicas y de poliuretano. Puede utilizarse en superficies de hormig\u00f3n, metal, madera, yeso, cemento y pl\u00e1stico, ofreciendo la m\u00e1xima versatilidad para proyectos de renovaci\u00f3n, mantenimiento y acabado.<\/p>\n<p><strong><img decoding=\"async\" style=\"margin-right: 12px;\" src=\"https:\/\/www.ferberpainting.com\/wp-content\/uploads\/2026\/02\/Check.svg\" alt=\"\" width=\"18\" height=\"15\" \/>Excelente rendimiento econ\u00f3mico.<\/strong>\u00a0Gracias a su concentraci\u00f3n optimizada, un litro de endurecedor trata hasta 5 litros de pintura, ofreciendo una soluci\u00f3n econ\u00f3mica y eficaz. Su f\u00f3rmula mejora significativamente la resistencia de la pintura, reduciendo la necesidad de retoques o nuevas aplicaciones, lo que garantiza una reducci\u00f3n de costes a largo plazo.<\/p>\n<p><strong><img decoding=\"async\" style=\"margin-right: 12px;\" src=\"https:\/\/www.ferberpainting.com\/wp-content\/uploads\/2026\/02\/Check.svg\" alt=\"\" width=\"18\" height=\"15\" \/>Un producto seguro y sin riesgos para los usuarios.<\/strong>\u00a0Este endurecedor no contiene disolventes t\u00f3xicos ni sustancias nocivas. No desprende humos agresivos y puede manipularse con seguridad sin equipos de protecci\u00f3n especiales. Es apto para ambientes interiores y exteriores, lo que garantiza un uso sin riesgos para los ocupantes y usuarios de los espacios tratados.<\/p>\n<p><strong><img decoding=\"async\" style=\"margin-right: 12px;\" src=\"https:\/\/www.ferberpainting.com\/wp-content\/uploads\/2026\/02\/Check.svg\" alt=\"\" width=\"18\" height=\"15\" \/>Facilidad de uso y compatibilidad \u00f3ptima.<\/strong>\u00a0Este endurecedor se integra f\u00e1cilmente en la pintura sin requerir pasos complicados. Se mezcla directamente con la pintura antes de su aplicaci\u00f3n, garantizando una dispersi\u00f3n uniforme y una mejora inmediata del rendimiento del revestimiento. Su uso no altera el color ni la textura de la pintura, garantizando un acabado fiel al original.<\/p>\n<p><strong><img decoding=\"async\" style=\"margin-right: 12px;\" src=\"https:\/\/www.ferberpainting.com\/wp-content\/uploads\/2026\/02\/Check.svg\" alt=\"\" width=\"18\" height=\"15\" \/>Mayor durabilidad para superficies resistentes.<\/strong>\u00a0Una vez mezclado con la pintura, este endurecedor refuerza la estructura de la pel\u00edcula protectora, aumentando significativamente su resistencia a los impactos, la abrasi\u00f3n y las agresiones externas. Protege eficazmente contra ara\u00f1azos, manchas y humedad, alargando la vida \u00fatil de las superficies pintadas y reduciendo los costes de mantenimiento.<\/p>\n<p><strong><img decoding=\"async\" style=\"margin-right: 12px;\" src=\"https:\/\/www.ferberpainting.com\/wp-content\/uploads\/2026\/02\/Check.svg\" alt=\"\" width=\"18\" height=\"15\" \/>Secado r\u00e1pido para un importante ahorro de tiempo.<\/strong>\u00a0Al optimizar la polimerizaci\u00f3n de la pintura, este endurecedor acelera el tiempo de secado al tiempo que garantiza un r\u00e1pido desarrollo de la resistencia del revestimiento. Permite que las superficies est\u00e9n listas para su uso en tan solo unas horas, dependiendo de las condiciones ambientales, lo que reduce significativamente los tiempos de espera entre las distintas fases del proyecto.<\/p>\n<h2><strong>Protocolo de uso<\/strong><\/h2>\n<ul>\n<li><strong>Preparaci\u00f3n de la pintura <\/strong>: Aseg\u00farese de que la pintura a la que se va a a\u00f1adir el endurecedor est\u00e1 limpia y bien mezclada. Si la pintura se ha asentado, remu\u00e9vala antes de incorporar el endurecedor para garantizar una distribuci\u00f3n uniforme.<\/li>\n<li><strong>Dosis recomendada <\/strong>: A\u00f1adir entre 5% y 20% de endurecedor en relaci\u00f3n con el volumen total de pintura, en funci\u00f3n del nivel de refuerzo deseado. Para pinturas expuestas a condiciones extremas (humedad, golpes frecuentes, abrasi\u00f3n), optar por una dosificaci\u00f3n m\u00e1s elevada.<\/li>\n<li><strong>Mezcla homog\u00e9nea <\/strong>: Incorporar gradualmente el endurecedor a la pintura mientras se mezcla continuamente con un agitador manual o un mezclador el\u00e9ctrico. Aseg\u00farese de que la mezcla sea fluida y homog\u00e9nea para evitar la separaci\u00f3n de los componentes.<\/li>\n<li><strong>Aplicaci\u00f3n de pintura endurecida <\/strong>: Aplique la pintura como de costumbre, con rodillo, brocha o pistola, seg\u00fan la zona a cubrir. El endurecedor no altera el m\u00e9todo de aplicaci\u00f3n, permitiendo una cobertura suave y uniforme.<\/li>\n<li><strong>Tiempo de secado <\/strong>: Deje secar la pintura seg\u00fan el tiempo de secado especificado en el envase de la pintura. Debido a la acci\u00f3n del endurecedor, el secado ser\u00e1 generalmente <strong>m\u00e1s r\u00e1pido de lo normal<\/strong>, reduciendo el tiempo de espera antes de aplicar una segunda capa o poner la superficie en uso.<\/li>\n<li><strong>Endurecimiento completo <\/strong>: Para un desarrollo \u00f3ptimo de la resistencia, evite el uso intensivo o las tensiones sobre la superficie pintada durante las 24 a 48 horas siguientes a la aplicaci\u00f3n. Despu\u00e9s de este periodo, el revestimiento alcanza su m\u00e1xima dureza y soporta plenamente las tensiones mec\u00e1nicas y clim\u00e1ticas.<\/li>\n<li><strong>Limpieza de herramientas <\/strong>: Inmediatamente despu\u00e9s de su uso, limpie los pinceles, rodillos y pistolas pulverizadoras con el disolvente recomendado correspondiente a la pintura utilizada (agua para pinturas acr\u00edlicas, white spirit para pinturas gliceroft\u00e1licas).<\/li>\n<\/ul>","protected":false},"excerpt":{"rendered":"<p>Strengthening and improving paint performance.\u00a0This paint hardener is specially designed to enhance the resistance and durability of coatings. It improves adhesion, hardness, and longevity of paints applied to various surfaces, thereby reducing risks of peeling, scratching, and premature wear. It is equally suitable for decorative paints and industrial coatings, providing optimal long-term protection. Money-back guarantee.\u00a0We [&hellip;]<\/p>\n","protected":false},"featured_media":26609,"comment_status":"open","ping_status":"closed","template":"","meta":{"_uag_custom_page_level_css":"","site-sidebar-layout":"default","site-content-layout":"","ast-site-content-layout":"default","site-content-style":"default","site-sidebar-style":"default","ast-global-header-display":"","ast-banner-title-visibility":"","ast-main-header-display":"","ast-hfb-above-header-display":"","ast-hfb-below-header-display":"","ast-hfb-mobile-header-display":"","site-post-title":"","ast-breadcrumbs-content":"","ast-featured-img":"","footer-sml-layout":"","ast-disable-related-posts":"","theme-transparent-header-meta":"default","adv-header-id-meta":"","stick-header-meta":"","header-above-stick-meta":"","header-main-stick-meta":"","header-below-stick-meta":"","astra-migrate-meta-layouts":"set","ast-page-background-enabled":"default","ast-page-background-meta":{"desktop":{"background-color":"var(--ast-global-color-4)","background-image":"","background-repeat":"repeat","background-position":"center center","background-size":"auto","background-attachment":"scroll","background-type":"","background-media":"","overlay-type":"","overlay-color":"","overlay-opacity":"","overlay-gradient":""},"tablet":{"background-color":"","background-image":"","background-repeat":"repeat","background-position":"center center","background-size":"auto","background-attachment":"scroll","background-type":"","background-media":"","overlay-type":"","overlay-color":"","overlay-opacity":"","overlay-gradient":""},"mobile":{"background-color":"","background-image":"","background-repeat":"repeat","background-position":"center center","background-size":"auto","background-attachment":"scroll","background-type":"","background-media":"","overlay-type":"","overlay-color":"","overlay-opacity":"","overlay-gradient":""}},"ast-content-background-meta":{"desktop":{"background-color":"var(--ast-global-color-5)","background-image":"","background-repeat":"repeat","background-position":"center center","background-size":"auto","background-attachment":"scroll","background-type":"","background-media":"","overlay-type":"","overlay-color":"","overlay-opacity":"","overlay-gradient":""},"tablet":{"background-color":"var(--ast-global-color-5)","background-image":"","background-repeat":"repeat","background-position":"center center","background-size":"auto","background-attachment":"scroll","background-type":"","background-media":"","overlay-type":"","overlay-color":"","overlay-opacity":"","overlay-gradient":""},"mobile":{"background-color":"var(--ast-global-color-5)","background-image":"","background-repeat":"repeat","background-position":"center center","background-size":"auto","background-attachment":"scroll","background-type":"","background-media":"","overlay-type":"","overlay-color":"","overlay-opacity":"","overlay-gradient":""}}},"product_brand":[],"product_cat":[175,176],"product_tag":[],"class_list":{"0":"post-24744","1":"product","2":"type-product","3":"status-publish","4":"has-post-thumbnail","6":"product_cat-cleaning-products","7":"product_cat-concrete-treatment","8":"desktop-align-left","9":"tablet-align-left","10":"mobile-align-left","12":"first","13":"instock","14":"sale","15":"shipping-taxable","16":"purchasable","17":"product-type-variable","18":"has-default-attributes"},"spectra_custom_meta":{"_visibility":["visible"],"_shopify_product_id":["9059953213685"],"_s2w_shopify_domain":["ferberpainting.myshopify.com"],"_shopify_variant_id":["46482342019317"],"_sku":[""],"_manage_stock":["no"],"total_sales":["36"],"_tax_status":["taxable"],"_tax_class":[""],"_backorders":["no"],"_sold_individually":["no"],"_virtual":["no"],"_downloadable":["no"],"_download_limit":["-1"],"_download_expiry":["-1"],"_stock":[null],"_stock_status":["instock"],"_wc_average_rating":["4.83"],"_wc_review_count":["6"],"_product_attributes":["a:1:{s:6:\"volume\";a:6:{s:4:\"name\";s:6:\"Volume\";s:5:\"value\";s:20:\"5 liters | 25 liters\";s:8:\"position\";i:1;s:10:\"is_visible\";i:0;s:12:\"is_variation\";i:1;s:11:\"is_taxonomy\";i:0;}}"],"_product_version":["10.5.1"],"_thumbnail_id":["26609"],"_product_image_gallery":["26610"],"wpse_downloadable_file_names":[""],"wpse_downloadable_file_urls":[""],"_edit_last":["1"],"_default_attributes":["a:1:{s:6:\"volume\";s:8:\"5 liters\";}"],"_edit_lock":["1771193653:1"],"_price":["29.90","129.90"],"merchant-center-availability":["yes"],"merchant-center-category":["2277"],"_wp_page_template":["default"],"site-sidebar-layout":["default"],"ast-site-content-layout":["default"],"site-content-style":["default"],"site-sidebar-style":["default"],"theme-transparent-header-meta":["default"],"_wc_rating_count":["a:2:{i:4;i:1;i:5;i:5;}"],"astra-migrate-meta-layouts":["set"],"_uag_css_file_name":["uag-css-24744.css"],"_elementor_page_assets":["a:0:{}"]},"uagb_featured_image_src":{"full":["https:\/\/www.ferberpainting.com\/wp-content\/uploads\/2025\/05\/PaintHardener5L.png",2560,2560,false],"thumbnail":["https:\/\/www.ferberpainting.com\/wp-content\/uploads\/2025\/05\/PaintHardener5L-150x150.png",150,150,true],"medium":["https:\/\/www.ferberpainting.com\/wp-content\/uploads\/2025\/05\/PaintHardener5L-300x300.png",300,300,true],"medium_large":["https:\/\/www.ferberpainting.com\/wp-content\/uploads\/2025\/05\/PaintHardener5L-768x768.png",768,768,true],"large":["https:\/\/www.ferberpainting.com\/wp-content\/uploads\/2025\/05\/PaintHardener5L-1024x1024.png",1024,1024,true],"1536x1536":["https:\/\/www.ferberpainting.com\/wp-content\/uploads\/2025\/05\/PaintHardener5L-1536x1536.png",1536,1536,true],"2048x2048":["https:\/\/www.ferberpainting.com\/wp-content\/uploads\/2025\/05\/PaintHardener5L-2048x2048.png",2048,2048,true],"trp-custom-language-flag":["https:\/\/www.ferberpainting.com\/wp-content\/uploads\/2025\/05\/PaintHardener5L-12x12.png",12,12,true],"woocommerce_thumbnail":["https:\/\/www.ferberpainting.com\/wp-content\/uploads\/2025\/05\/PaintHardener5L-300x300.png",300,300,true],"woocommerce_single":["https:\/\/www.ferberpainting.com\/wp-content\/uploads\/2025\/05\/PaintHardener5L-600x600.png",600,600,true],"woocommerce_gallery_thumbnail":["https:\/\/www.ferberpainting.com\/wp-content\/uploads\/2025\/05\/PaintHardener5L-100x100.png",100,100,true]},"uagb_author_info":{"display_name":"admin","author_link":"https:\/\/www.ferberpainting.com\/es\/author\/"},"uagb_comment_info":6,"uagb_excerpt":"Strengthening and improving paint performance.\u00a0This paint hardener is specially designed to enhance the resistance and durability of coatings. It improves adhesion, hardness, and longevity of paints applied to various surfaces, thereby reducing risks of peeling, scratching, and premature wear. It is equally suitable for decorative paints and industrial coatings, providing optimal long-term protection. Money-back guarantee.\u00a0We&hellip;","_links":{"self":[{"href":"https:\/\/www.ferberpainting.com\/es\/wp-json\/wp\/v2\/product\/24744","targetHints":{"allow":["GET"]}}],"collection":[{"href":"https:\/\/www.ferberpainting.com\/es\/wp-json\/wp\/v2\/product"}],"about":[{"href":"https:\/\/www.ferberpainting.com\/es\/wp-json\/wp\/v2\/types\/product"}],"replies":[{"embeddable":true,"href":"https:\/\/www.ferberpainting.com\/es\/wp-json\/wp\/v2\/comments?post=24744"}],"version-history":[{"count":3,"href":"https:\/\/www.ferberpainting.com\/es\/wp-json\/wp\/v2\/product\/24744\/revisions"}],"predecessor-version":[{"id":166671,"href":"https:\/\/www.ferberpainting.com\/es\/wp-json\/wp\/v2\/product\/24744\/revisions\/166671"}],"wp:featuredmedia":[{"embeddable":true,"href":"https:\/\/www.ferberpainting.com\/es\/wp-json\/wp\/v2\/media\/26609"}],"wp:attachment":[{"href":"https:\/\/www.ferberpainting.com\/es\/wp-json\/wp\/v2\/media?parent=24744"}],"wp:term":[{"taxonomy":"product_brand","embeddable":true,"href":"https:\/\/www.ferberpainting.com\/es\/wp-json\/wp\/v2\/product_brand?post=24744"},{"taxonomy":"product_cat","embeddable":true,"href":"https:\/\/www.ferberpainting.com\/es\/wp-json\/wp\/v2\/product_cat?post=24744"},{"taxonomy":"product_tag","embeddable":true,"href":"https:\/\/www.ferberpainting.com\/es\/wp-json\/wp\/v2\/product_tag?post=24744"}],"curies":[{"name":"wp","href":"https:\/\/api.w.org\/{rel}","templated":true}]}}