{"id":24717,"date":"2025-07-01T00:32:59","date_gmt":"2025-06-30T22:32:59","guid":{"rendered":"https:\/\/www.ferberpainting.com\/?post_type=product&#038;p=24717"},"modified":"2026-02-15T22:10:36","modified_gmt":"2026-02-15T21:10:36","slug":"mortar-water-repellent","status":"publish","type":"product","link":"https:\/\/www.ferberpainting.com\/es\/products\/mortar-water-repellent\/","title":{"rendered":"Hidr\u00f3fugo para mortero"},"content":{"rendered":"<p><strong><img decoding=\"async\" style=\"margin-right: 12px;\" src=\"https:\/\/www.ferberpainting.com\/wp-content\/uploads\/2026\/02\/Check.svg\" alt=\"\" width=\"18\" height=\"15\" \/>Protecci\u00f3n eficaz contra la humedad.<\/strong> El impermeabilizante de mortero est\u00e1 dise\u00f1ado para proporcionar una protecci\u00f3n excepcional a las superficies de mortero contra la humedad, la infiltraci\u00f3n de agua y las manchas. Crea una barrera impermeable que impide la penetraci\u00f3n del agua a la vez que permite que la superficie respire, lo que ayuda a preservar la resistencia y longevidad de sus estructuras de mortero, ya sean paredes exteriores, cimientos o soleras.<\/p>\n<p><strong><img decoding=\"async\" style=\"margin-right: 12px;\" src=\"https:\/\/www.ferberpainting.com\/wp-content\/uploads\/2026\/02\/Check.svg\" alt=\"\" width=\"18\" height=\"15\" \/>Garant\u00eda de devoluci\u00f3n del dinero.<\/strong>\u00a0Creemos firmemente en la eficacia de nuestro impermeabilizante de mortero. Si, por cualquier motivo, no queda satisfecho con el producto, le ofrecemos una garant\u00eda de satisfacci\u00f3n o reembolso. Puede comprar con total confianza, sabiendo que si el producto no cumple sus expectativas, tiene derecho a un reembolso completo.<\/p>\n<p><strong><img decoding=\"async\" style=\"margin-right: 12px;\" src=\"https:\/\/www.ferberpainting.com\/wp-content\/uploads\/2026\/02\/Check.svg\" alt=\"\" width=\"18\" height=\"15\" \/>Rendimiento multisuperficie.<\/strong>\u00a0El impermeabilizante de mortero no se limita \u00fanicamente al mortero, sino que tambi\u00e9n es eficaz para proteger otros materiales similares, como superficies de hormig\u00f3n, cemento, ladrillo y piedra. Por lo tanto, este producto es una verdadera soluci\u00f3n \u201cmultiusos\u201d, capaz de tratar una gran variedad de materiales de construcci\u00f3n tanto en exteriores como en interiores, desde trabajos de alba\u00f1iler\u00eda hasta la colocaci\u00f3n de losas o baldosas.<\/p>\n<p><strong><img decoding=\"async\" style=\"margin-right: 12px;\" src=\"https:\/\/www.ferberpainting.com\/wp-content\/uploads\/2026\/02\/Check.svg\" alt=\"\" width=\"18\" height=\"15\" \/>Rendimiento econ\u00f3mico.<\/strong>\u00a0Gracias a su f\u00f3rmula concentrada y potente, el impermeabilizante ofrece un excelente rendimiento econ\u00f3mico. Un litro de producto puede cubrir entre 6 y 10 m\u00b2 de superficie, dependiendo de la porosidad del material. Un envase de 5 litros es suficiente para tratar entre 30 y 50 m\u00b2, lo que lo convierte en una soluci\u00f3n asequible y duradera para sus proyectos de tratamiento de superficies.<\/p>\n<p><strong><img decoding=\"async\" style=\"margin-right: 12px;\" src=\"https:\/\/www.ferberpainting.com\/wp-content\/uploads\/2026\/02\/Check.svg\" alt=\"\" width=\"18\" height=\"15\" \/>Seguro.<\/strong>\u00a0Dise\u00f1ado para ser seguro, el impermeabilizante de mortero no contiene sustancias t\u00f3xicas ni agresivas. Puede utilizarse con seguridad en diversos entornos, ya sea para trabajos al aire libre o en interiores. Adem\u00e1s, el producto no emite humos desagradables durante su uso, lo que garantiza un entorno de trabajo saludable.<\/p>\n<p><strong><img decoding=\"async\" style=\"margin-right: 12px;\" src=\"https:\/\/www.ferberpainting.com\/wp-content\/uploads\/2026\/02\/Check.svg\" alt=\"\" width=\"18\" height=\"15\" \/>F\u00e1cil aplicaci\u00f3n.<\/strong>\u00a0El impermeabilizante de mortero est\u00e1 listo para usar, lo que simplifica su aplicaci\u00f3n. No es necesario diluir, mezclar ni realizar preparaciones complicadas. Simplemente apl\u00edquelo directamente sobre la superficie con un pulverizador, brocha o rodillo, seg\u00fan sus preferencias y la configuraci\u00f3n de la superficie. Su f\u00f3rmula fluida permite una aplicaci\u00f3n f\u00e1cil y uniforme, incluso en superficies irregulares.<\/p>\n<p><strong><img decoding=\"async\" style=\"margin-right: 12px;\" src=\"https:\/\/www.ferberpainting.com\/wp-content\/uploads\/2026\/02\/Check.svg\" alt=\"\" width=\"18\" height=\"15\" \/>Durabilidad excepcional.<\/strong>\u00a0Este producto est\u00e1 dise\u00f1ado para proporcionar una protecci\u00f3n duradera. Una vez aplicado, el impermeabilizante para mortero forma una barrera impermeable duradera que resiste las inclemencias del tiempo, los ciclos de hielo-deshielo y los agentes qu\u00edmicos. Prolonga la vida \u00fatil de sus superficies de mortero y previene los da\u00f1os causados por la humedad y los elementos.<\/p>\n<p><strong><img decoding=\"async\" style=\"margin-right: 12px;\" src=\"https:\/\/www.ferberpainting.com\/wp-content\/uploads\/2026\/02\/Check.svg\" alt=\"\" width=\"18\" height=\"15\" \/>Aplicaci\u00f3n y secado r\u00e1pidos.<\/strong>\u00a0El impermeabilizante de mortero es conocido por su secado r\u00e1pido. Una vez aplicado, se seca al tacto en 1 o 2 horas. Sin embargo, para garantizar una eficacia \u00f3ptima, se recomienda dejar que el producto se seque completamente durante 24 horas antes de exponer la superficie tratada a la humedad. Este tiempo de secado r\u00e1pido le permite reanudar sus proyectos o volver a utilizar la superficie sin demora significativa.<\/p>\n<h2><strong>Protocolo de uso<\/strong><\/h2>\n<ul>\n<li><strong>Preparaci\u00f3n de la superficie <\/strong>: Antes de aplicar el impermeabilizante de mortero, aseg\u00farese de que la superficie est\u00e1 limpia y completamente seca. Elimine cualquier resto de suciedad, polvo, moho u otras impurezas que puedan interferir con la adherencia. Si la superficie est\u00e1 particularmente sucia o da\u00f1ada, puede ser necesario limpiarla con un limpiador espec\u00edfico antes de aplicar el impermeabilizante. Deje que la superficie se seque completamente antes de proceder a la aplicaci\u00f3n.<\/li>\n<li><strong>Aplicaci\u00f3n del producto <\/strong>: El impermeabilizante de mortero est\u00e1 listo para usar y no requiere diluci\u00f3n. Aplicar directamente sobre la superficie utilizando un pulverizador, brocha o rodillo dependiendo del tama\u00f1o y configuraci\u00f3n de la superficie. Para una aplicaci\u00f3n uniforme, aplicar una capa fina de producto y dejar que penetre. Si es necesario, aplique una segunda capa para asegurar una protecci\u00f3n completa, especialmente si el mortero es particularmente poroso.<\/li>\n<li><strong>Cantidad a utilizar <\/strong>: El rendimiento del producto depende de la porosidad del material. Por t\u00e9rmino medio, 1 litro de impermeabilizante puede cubrir entre 6 y 10 m\u00b2 de superficie. Si se aplica una segunda capa, el consumo de producto puede ser ligeramente superior. As\u00ed, un envase de 5 litros puede cubrir entre 30 y 50 m\u00b2 con una sola aplicaci\u00f3n, lo que lo convierte en una soluci\u00f3n econ\u00f3mica para grandes superficies.<\/li>\n<li><strong>Tiempo de secado <\/strong>: Tras su aplicaci\u00f3n, el producto se seca al tacto en aproximadamente 1 \u00f3 2 horas. Sin embargo, para garantizar una protecci\u00f3n \u00f3ptima y permitir una penetraci\u00f3n completa, se recomienda dejar secar la superficie durante 24 horas antes de exponerla a la humedad o al agua. Este periodo de secado garantiza la formaci\u00f3n de una barrera impermeable duradera.<\/li>\n<li><strong>Nueva solicitud <\/strong>: Dependiendo de la exposici\u00f3n a la intemperie y del desgaste, puede ser necesario volver a aplicar el impermeabilizante de mortero cada 3 a 5 a\u00f1os. Antes de la reaplicaci\u00f3n, se recomienda limpiar y secar bien la superficie. Una nueva capa de impermeabilizante garantizar\u00e1 una protecci\u00f3n continua contra la humedad y las manchas.<\/li>\n<li><strong>Mantenimiento de la superficie tratada <\/strong>: Una vez aplicado el impermeabilizante de mortero, la superficie se vuelve resistente al agua y a las manchas. Se recomienda limpiar regularmente la superficie con agua clara y un pa\u00f1o suave para mantener su aspecto. Evite utilizar productos qu\u00edmicos agresivos que puedan da\u00f1ar la capa protectora.<\/li>\n<\/ul>","protected":false},"excerpt":{"rendered":"<p>Effective protection against moisture. The mortar waterproofer is designed to provide exceptional protection to mortar surfaces against moisture, water infiltration, and stains. It creates an impermeable barrier that prevents water from penetrating while allowing the surface to breathe, which helps preserve the strength and longevity of your mortar structures, whether exterior walls, foundations, or screeds. [&hellip;]<\/p>\n","protected":false},"featured_media":36077,"comment_status":"open","ping_status":"closed","template":"","meta":{"_uag_custom_page_level_css":"","site-sidebar-layout":"default","site-content-layout":"","ast-site-content-layout":"default","site-content-style":"default","site-sidebar-style":"default","ast-global-header-display":"","ast-banner-title-visibility":"","ast-main-header-display":"","ast-hfb-above-header-display":"","ast-hfb-below-header-display":"","ast-hfb-mobile-header-display":"","site-post-title":"","ast-breadcrumbs-content":"","ast-featured-img":"","footer-sml-layout":"","ast-disable-related-posts":"","theme-transparent-header-meta":"default","adv-header-id-meta":"","stick-header-meta":"","header-above-stick-meta":"","header-main-stick-meta":"","header-below-stick-meta":"","astra-migrate-meta-layouts":"set","ast-page-background-enabled":"default","ast-page-background-meta":{"desktop":{"background-color":"var(--ast-global-color-4)","background-image":"","background-repeat":"repeat","background-position":"center center","background-size":"auto","background-attachment":"scroll","background-type":"","background-media":"","overlay-type":"","overlay-color":"","overlay-opacity":"","overlay-gradient":""},"tablet":{"background-color":"","background-image":"","background-repeat":"repeat","background-position":"center center","background-size":"auto","background-attachment":"scroll","background-type":"","background-media":"","overlay-type":"","overlay-color":"","overlay-opacity":"","overlay-gradient":""},"mobile":{"background-color":"","background-image":"","background-repeat":"repeat","background-position":"center center","background-size":"auto","background-attachment":"scroll","background-type":"","background-media":"","overlay-type":"","overlay-color":"","overlay-opacity":"","overlay-gradient":""}},"ast-content-background-meta":{"desktop":{"background-color":"var(--ast-global-color-5)","background-image":"","background-repeat":"repeat","background-position":"center center","background-size":"auto","background-attachment":"scroll","background-type":"","background-media":"","overlay-type":"","overlay-color":"","overlay-opacity":"","overlay-gradient":""},"tablet":{"background-color":"var(--ast-global-color-5)","background-image":"","background-repeat":"repeat","background-position":"center center","background-size":"auto","background-attachment":"scroll","background-type":"","background-media":"","overlay-type":"","overlay-color":"","overlay-opacity":"","overlay-gradient":""},"mobile":{"background-color":"var(--ast-global-color-5)","background-image":"","background-repeat":"repeat","background-position":"center center","background-size":"auto","background-attachment":"scroll","background-type":"","background-media":"","overlay-type":"","overlay-color":"","overlay-opacity":"","overlay-gradient":""}}},"product_brand":[],"product_cat":[191],"product_tag":[],"class_list":{"0":"post-24717","1":"product","2":"type-product","3":"status-publish","4":"has-post-thumbnail","6":"product_cat-water-repellent","7":"desktop-align-left","8":"tablet-align-left","9":"mobile-align-left","11":"first","12":"instock","13":"sale","14":"shipping-taxable","15":"purchasable","16":"product-type-variable","17":"has-default-attributes"},"spectra_custom_meta":{"_visibility":["visible"],"_shopify_product_id":["9106657870069"],"_s2w_shopify_domain":["ferberpainting.myshopify.com"],"_shopify_variant_id":["46626413641973"],"_sku":[""],"_manage_stock":["no"],"total_sales":["4"],"_tax_status":["taxable"],"_tax_class":[""],"_backorders":["no"],"_sold_individually":["no"],"_virtual":["no"],"_downloadable":["no"],"_download_limit":["-1"],"_download_expiry":["-1"],"_stock":[null],"_stock_status":["instock"],"_wc_average_rating":["5.00"],"_wc_review_count":["34"],"_product_attributes":["a:1:{s:6:\"volume\";a:6:{s:4:\"name\";s:6:\"Volume\";s:5:\"value\";s:20:\"5 liters | 25 liters\";s:8:\"position\";i:1;s:10:\"is_visible\";i:0;s:12:\"is_variation\";i:1;s:11:\"is_taxonomy\";i:0;}}"],"_product_version":["10.5.1"],"wpse_downloadable_file_names":[""],"wpse_downloadable_file_urls":[""],"_edit_last":["1"],"_default_attributes":["a:1:{s:6:\"volume\";s:8:\"5 liters\";}"],"_edit_lock":["1771190903:1"],"_price":["29.90","129.90"],"merchant-center-availability":["yes"],"merchant-center-category":["503744"],"_thumbnail_id":["36077"],"_wp_page_template":["default"],"_wp_old_date":["2025-05-26"],"_product_image_gallery":["36078"],"site-sidebar-layout":["default"],"ast-site-content-layout":["default"],"site-content-style":["default"],"site-sidebar-style":["default"],"theme-transparent-header-meta":["default"],"_wc_rating_count":["a:1:{i:5;i:34;}"],"astra-migrate-meta-layouts":["set"],"_uag_css_file_name":["uag-css-24717.css"],"_elementor_page_assets":["a:0:{}"],"_uag_page_assets":["a:9:{s:3:\"css\";s:6873:\".wp-block-uagb-image{display:flex}.wp-block-uagb-image__figure{position:relative;display:flex;flex-direction:column;max-width:100%;height:auto;margin:0}.wp-block-uagb-image__figure img{height:auto;display:flex;max-width:100%;transition:box-shadow .2s ease}.wp-block-uagb-image__figure>a{display:inline-block}.wp-block-uagb-image__figure figcaption{text-align:center;margin-top:.5em;margin-bottom:1em}.wp-block-uagb-image .components-placeholder.block-editor-media-placeholder .components-placeholder__instructions{align-self:center}.wp-block-uagb-image--align-left{text-align:left}.wp-block-uagb-image--align-right{text-align:right}.wp-block-uagb-image--align-center{text-align:center}.wp-block-uagb-image--align-full .wp-block-uagb-image__figure{margin-left:calc(50% - 50vw);margin-right:calc(50% - 50vw);max-width:100vw;width:100vw;height:auto}.wp-block-uagb-image--align-full .wp-block-uagb-image__figure img{height:auto;width:100% !important}.wp-block-uagb-image--align-wide .wp-block-uagb-image__figure img{height:auto;width:100%}.wp-block-uagb-image--layout-overlay__color-wrapper{position:absolute;left:0;top:0;right:0;bottom:0;opacity:.2;background:rgba(0,0,0,.5);transition:opacity .35s ease-in-out}.wp-block-uagb-image--layout-overlay-link{position:absolute;left:0;right:0;bottom:0;top:0}.wp-block-uagb-image--layout-overlay .wp-block-uagb-image__figure:hover .wp-block-uagb-image--layout-overlay__color-wrapper{opacity:1}.wp-block-uagb-image--layout-overlay__inner{position:absolute;left:15px;right:15px;bottom:15px;top:15px;display:flex;align-items:center;justify-content:center;flex-direction:column;border-color:#fff;transition:.35s ease-in-out}.wp-block-uagb-image--layout-overlay__inner.top-left,.wp-block-uagb-image--layout-overlay__inner.top-center,.wp-block-uagb-image--layout-overlay__inner.top-right{justify-content:flex-start}.wp-block-uagb-image--layout-overlay__inner.bottom-left,.wp-block-uagb-image--layout-overlay__inner.bottom-center,.wp-block-uagb-image--layout-overlay__inner.bottom-right{justify-content:flex-end}.wp-block-uagb-image--layout-overlay__inner.top-left,.wp-block-uagb-image--layout-overlay__inner.center-left,.wp-block-uagb-image--layout-overlay__inner.bottom-left{align-items:flex-start}.wp-block-uagb-image--layout-overlay__inner.top-right,.wp-block-uagb-image--layout-overlay__inner.center-right,.wp-block-uagb-image--layout-overlay__inner.bottom-right{align-items:flex-end}.wp-block-uagb-image--layout-overlay__inner .uagb-image-heading{color:#fff;transition:transform .35s,opacity .35s ease-in-out;transform:translate3d(0, 24px, 0);margin:0;line-height:1em}.wp-block-uagb-image--layout-overlay__inner .uagb-image-separator{width:30%;border-top-width:2px;border-top-color:#fff;border-top-style:solid;margin-bottom:10px;opacity:0;transition:transform .4s,opacity .4s ease-in-out;transform:translate3d(0, 30px, 0)}.wp-block-uagb-image--layout-overlay__inner .uagb-image-caption{opacity:0;overflow:visible;color:#fff;transition:transform .45s,opacity .45s ease-in-out;transform:translate3d(0, 35px, 0)}.wp-block-uagb-image--layout-overlay__inner:hover .uagb-image-heading,.wp-block-uagb-image--layout-overlay__inner:hover .uagb-image-separator,.wp-block-uagb-image--layout-overlay__inner:hover .uagb-image-caption{opacity:1;transform:translate3d(0, 0, 0)}.wp-block-uagb-image--effect-zoomin .wp-block-uagb-image__figure img,.wp-block-uagb-image--effect-zoomin .wp-block-uagb-image__figure .wp-block-uagb-image--layout-overlay__color-wrapper{transform:scale(1);transition:transform .35s ease-in-out}.wp-block-uagb-image--effect-zoomin .wp-block-uagb-image__figure:hover img,.wp-block-uagb-image--effect-zoomin .wp-block-uagb-image__figure:hover .wp-block-uagb-image--layout-overlay__color-wrapper{transform:scale(1.05)}.wp-block-uagb-image--effect-slide .wp-block-uagb-image__figure img,.wp-block-uagb-image--effect-slide .wp-block-uagb-image__figure .wp-block-uagb-image--layout-overlay__color-wrapper{width:calc(100% + 40px) !important;max-width:none !important;transform:translate3d(-40px, 0, 0);transition:transform .35s ease-in-out}.wp-block-uagb-image--effect-slide .wp-block-uagb-image__figure:hover img,.wp-block-uagb-image--effect-slide .wp-block-uagb-image__figure:hover .wp-block-uagb-image--layout-overlay__color-wrapper{transform:translate3d(0, 0, 0)}.wp-block-uagb-image--effect-grayscale img{filter:grayscale(0%);transition:.35s ease-in-out}.wp-block-uagb-image--effect-grayscale:hover img{filter:grayscale(100%)}.wp-block-uagb-image--effect-blur img{filter:blur(0);transition:.35s ease-in-out}.wp-block-uagb-image--effect-blur:hover img{filter:blur(3px)}.uagb-block-e6f939b3.wp-block-uagb-image--layout-default figure img{box-shadow: 0px 0px 0 #00000070;}.uagb-block-e6f939b3.wp-block-uagb-image .wp-block-uagb-image__figure figcaption{font-style: normal;align-self: center;}.uagb-block-e6f939b3.wp-block-uagb-image--layout-overlay figure img{box-shadow: 0px 0px 0 #00000070;}.uagb-block-e6f939b3.wp-block-uagb-image--layout-overlay .wp-block-uagb-image--layout-overlay__color-wrapper{opacity: 0.2;}.uagb-block-e6f939b3.wp-block-uagb-image--layout-overlay .wp-block-uagb-image--layout-overlay__inner{left: 15px;right: 15px;top: 15px;bottom: 15px;}.uagb-block-e6f939b3.wp-block-uagb-image--layout-overlay .wp-block-uagb-image--layout-overlay__inner .uagb-image-heading{font-style: normal;color: #fff;opacity: 1;}.uagb-block-e6f939b3.wp-block-uagb-image--layout-overlay .wp-block-uagb-image--layout-overlay__inner .uagb-image-heading a{color: #fff;}.uagb-block-e6f939b3.wp-block-uagb-image--layout-overlay .wp-block-uagb-image--layout-overlay__inner .uagb-image-caption{opacity: 0;}.uagb-block-e6f939b3.wp-block-uagb-image--layout-overlay .wp-block-uagb-image__figure:hover .wp-block-uagb-image--layout-overlay__color-wrapper{opacity: 1;}.uagb-block-e6f939b3.wp-block-uagb-image .wp-block-uagb-image--layout-overlay__inner .uagb-image-separator{width: 30%;border-top-width: 2px;border-top-color: #fff;opacity: 0;}.uagb-block-e6f939b3.wp-block-uagb-image .wp-block-uagb-image__figure img{width: px;height: auto;}.uagb-block-e6f939b3.wp-block-uagb-image .wp-block-uagb-image__figure:hover .wp-block-uagb-image--layout-overlay__inner .uagb-image-caption{opacity: 1;}.uagb-block-e6f939b3.wp-block-uagb-image .wp-block-uagb-image__figure:hover .wp-block-uagb-image--layout-overlay__inner .uagb-image-separator{opacity: 1;}.uagb-block-e6f939b3.wp-block-uagb-image--layout-default figure:hover img{box-shadow: 0px 0px 0 #00000070;}.uagb-block-e6f939b3.wp-block-uagb-image--layout-overlay figure:hover img{box-shadow: 0px 0px 0 #00000070;}@media only screen and (max-width: 976px) {.uagb-block-e6f939b3.wp-block-uagb-image .wp-block-uagb-image__figure img{width: px;height: auto;}}@media only screen and (max-width: 767px) {.uagb-block-e6f939b3.wp-block-uagb-image .wp-block-uagb-image__figure img{width: px;height: auto;}}\";s:2:\"js\";s:0:\"\";s:18:\"current_block_list\";a:13:{i:0;s:11:\"core\/search\";i:1;s:10:\"core\/group\";i:2;s:12:\"core\/heading\";i:3;s:17:\"core\/latest-posts\";i:4;s:20:\"core\/latest-comments\";i:5;s:13:\"core\/archives\";i:6;s:15:\"core\/categories\";i:7;s:14:\"core\/paragraph\";i:8;s:10:\"uagb\/image\";i:9;s:11:\"core\/spacer\";i:10;s:30:\"woocommerce\/product-categories\";i:11;s:10:\"core\/image\";i:12;s:14:\"core\/shortcode\";}s:8:\"uag_flag\";b:1;s:11:\"uag_version\";s:10:\"1777102511\";s:6:\"gfonts\";a:0:{}s:10:\"gfonts_url\";s:0:\"\";s:12:\"gfonts_files\";a:0:{}s:14:\"uag_faq_layout\";b:0;}"]},"uagb_featured_image_src":{"full":["https:\/\/www.ferberpainting.com\/wp-content\/uploads\/2025\/05\/Mortar-Water-Repellent-5L-.png",2560,2560,false],"thumbnail":["https:\/\/www.ferberpainting.com\/wp-content\/uploads\/2025\/05\/Mortar-Water-Repellent-5L--150x150.png",150,150,true],"medium":["https:\/\/www.ferberpainting.com\/wp-content\/uploads\/2025\/05\/Mortar-Water-Repellent-5L--300x300.png",300,300,true],"medium_large":["https:\/\/www.ferberpainting.com\/wp-content\/uploads\/2025\/05\/Mortar-Water-Repellent-5L--768x768.png",768,768,true],"large":["https:\/\/www.ferberpainting.com\/wp-content\/uploads\/2025\/05\/Mortar-Water-Repellent-5L--1024x1024.png",1024,1024,true],"1536x1536":["https:\/\/www.ferberpainting.com\/wp-content\/uploads\/2025\/05\/Mortar-Water-Repellent-5L--1536x1536.png",1536,1536,true],"2048x2048":["https:\/\/www.ferberpainting.com\/wp-content\/uploads\/2025\/05\/Mortar-Water-Repellent-5L--2048x2048.png",2048,2048,true],"trp-custom-language-flag":["https:\/\/www.ferberpainting.com\/wp-content\/uploads\/2025\/05\/Mortar-Water-Repellent-5L--12x12.png",12,12,true],"woocommerce_thumbnail":["https:\/\/www.ferberpainting.com\/wp-content\/uploads\/2025\/05\/Mortar-Water-Repellent-5L--300x300.png",300,300,true],"woocommerce_single":["https:\/\/www.ferberpainting.com\/wp-content\/uploads\/2025\/05\/Mortar-Water-Repellent-5L--600x600.png",600,600,true],"woocommerce_gallery_thumbnail":["https:\/\/www.ferberpainting.com\/wp-content\/uploads\/2025\/05\/Mortar-Water-Repellent-5L--100x100.png",100,100,true]},"uagb_author_info":{"display_name":"admin","author_link":"https:\/\/www.ferberpainting.com\/es\/author\/"},"uagb_comment_info":34,"uagb_excerpt":"Effective protection against moisture. The mortar waterproofer is designed to provide exceptional protection to mortar surfaces against moisture, water infiltration, and stains. It creates an impermeable barrier that prevents water from penetrating while allowing the surface to breathe, which helps preserve the strength and longevity of your mortar structures, whether exterior walls, foundations, or screeds.&hellip;","_links":{"self":[{"href":"https:\/\/www.ferberpainting.com\/es\/wp-json\/wp\/v2\/product\/24717","targetHints":{"allow":["GET"]}}],"collection":[{"href":"https:\/\/www.ferberpainting.com\/es\/wp-json\/wp\/v2\/product"}],"about":[{"href":"https:\/\/www.ferberpainting.com\/es\/wp-json\/wp\/v2\/types\/product"}],"replies":[{"embeddable":true,"href":"https:\/\/www.ferberpainting.com\/es\/wp-json\/wp\/v2\/comments?post=24717"}],"version-history":[{"count":3,"href":"https:\/\/www.ferberpainting.com\/es\/wp-json\/wp\/v2\/product\/24717\/revisions"}],"predecessor-version":[{"id":166611,"href":"https:\/\/www.ferberpainting.com\/es\/wp-json\/wp\/v2\/product\/24717\/revisions\/166611"}],"wp:featuredmedia":[{"embeddable":true,"href":"https:\/\/www.ferberpainting.com\/es\/wp-json\/wp\/v2\/media\/36077"}],"wp:attachment":[{"href":"https:\/\/www.ferberpainting.com\/es\/wp-json\/wp\/v2\/media?parent=24717"}],"wp:term":[{"taxonomy":"product_brand","embeddable":true,"href":"https:\/\/www.ferberpainting.com\/es\/wp-json\/wp\/v2\/product_brand?post=24717"},{"taxonomy":"product_cat","embeddable":true,"href":"https:\/\/www.ferberpainting.com\/es\/wp-json\/wp\/v2\/product_cat?post=24717"},{"taxonomy":"product_tag","embeddable":true,"href":"https:\/\/www.ferberpainting.com\/es\/wp-json\/wp\/v2\/product_tag?post=24717"}],"curies":[{"name":"wp","href":"https:\/\/api.w.org\/{rel}","templated":true}]}}