{"id":24711,"date":"2025-05-26T10:26:44","date_gmt":"2025-05-26T08:26:44","guid":{"rendered":"https:\/\/www.ferberpainting.com\/products\/money-tree-fertilizer\/"},"modified":"2026-02-15T22:05:22","modified_gmt":"2026-02-15T21:05:22","slug":"money-tree-fertilizer","status":"publish","type":"product","link":"https:\/\/www.ferberpainting.com\/es\/products\/money-tree-fertilizer\/","title":{"rendered":"Fertilizante para \u00e1rboles del dinero"},"content":{"rendered":"<p><strong><img decoding=\"async\" style=\"margin-right: 12px;\" src=\"https:\/\/www.ferberpainting.com\/wp-content\/uploads\/2026\/02\/Check.svg\" alt=\"\" width=\"18\" height=\"15\" \/>Un abono equilibrado para una pachira fuerte y exuberante.<\/strong>\u00a0La Pachira aquatica, tambi\u00e9n conocida como \u201c\u00e1rbol del dinero\u201d, es una popular planta de interior apreciada por su tronco trenzado y su follaje brillante y denso. Para garantizar un crecimiento vigoroso y un desarrollo armonioso, es esencial proporcionarle una nutrici\u00f3n adecuada. Este abono NPK 15-15-15 proporciona el equilibrio perfecto de nitr\u00f3geno (N) para estimular el follaje, f\u00f3sforo (P) para fortalecer las ra\u00edces y potasio (K) para aumentar la resistencia a las enfermedades y a las variaciones de temperatura. Gracias a esta completa formulaci\u00f3n, su pachira se beneficiar\u00e1 de un follaje vibrante, una mayor longevidad y un desarrollo \u00f3ptimo.<\/p>\n<p><strong><img decoding=\"async\" style=\"margin-right: 12px;\" src=\"https:\/\/www.ferberpainting.com\/wp-content\/uploads\/2026\/02\/Check.svg\" alt=\"\" width=\"18\" height=\"15\" \/>Garant\u00eda de devoluci\u00f3n del dinero.<\/strong>\u00a0Confiamos plenamente en la eficacia de nuestro abono para pachira, por lo que ofrecemos una garant\u00eda de devoluci\u00f3n del dinero. Si, tras un uso regular y conforme a nuestras recomendaciones, no nota una mejora significativa en el crecimiento y la vitalidad de su planta, nos comprometemos a devolverle el dinero.<\/p>\n<p><strong><img decoding=\"async\" style=\"margin-right: 12px;\" src=\"https:\/\/www.ferberpainting.com\/wp-content\/uploads\/2026\/02\/Check.svg\" alt=\"\" width=\"18\" height=\"15\" \/>Adecuado para todo tipo de sustratos y entornos.<\/strong>\u00a0Este abono es vers\u00e1til y eficaz en todo tipo de suelos y sustratos, ya sea tierra universal para macetas, mezcla con buen drenaje para plantas ex\u00f3ticas o incluso sustratos especiales para plantas tropicales. Tambi\u00e9n es adecuado para pachiras cultivadas en macetas en interiores o en suelo abierto en climas c\u00e1lidos y h\u00famedos. Gracias a su formulaci\u00f3n equilibrada, es compatible con todos los tipos de riego y no altera la estructura del suelo ni del sustrato.<\/p>\n<p><strong><img decoding=\"async\" style=\"margin-right: 12px;\" src=\"https:\/\/www.ferberpainting.com\/wp-content\/uploads\/2026\/02\/Check.svg\" alt=\"\" width=\"18\" height=\"15\" \/>Excelente valor econ\u00f3mico y efecto duradero.<\/strong>\u00a0Este abono se presenta en forma l\u00edquida para diluir, lo que permite una absorci\u00f3n r\u00e1pida y eficaz por las ra\u00edces. Con un rendimiento de 5 ml por litro de agua, una lata de 5 litros prepara hasta 1.000 litros de soluci\u00f3n lista para usar, garantizando una fertilizaci\u00f3n que dura varios meses. Su f\u00f3rmula concentrada evita el desperdicio y garantiza un suministro gradual y constante de nutrientes.<\/p>\n<p><strong><img decoding=\"async\" style=\"margin-right: 12px;\" src=\"https:\/\/www.ferberpainting.com\/wp-content\/uploads\/2026\/02\/Check.svg\" alt=\"\" width=\"18\" height=\"15\" \/>Abono no t\u00f3xico y respetuoso con el medio ambiente.<\/strong>\u00a0Este abono no contiene productos qu\u00edmicos agresivos, por lo que es una opci\u00f3n segura y ecol\u00f3gica para su pachira y su interior. Est\u00e1 dise\u00f1ado para respetar el equilibrio del suelo a la vez que fomenta la biodiversidad microbiana esencial para unas ra\u00edces sanas. No emite olores fuertes y no supone ning\u00fan peligro para las mascotas, lo que garantiza un uso completamente seguro.<\/p>\n<p><strong><img decoding=\"async\" style=\"margin-right: 12px;\" src=\"https:\/\/www.ferberpainting.com\/wp-content\/uploads\/2026\/02\/Check.svg\" alt=\"\" width=\"18\" height=\"15\" \/>F\u00e1cil de aplicar y abonar sin esfuerzo.<\/strong>\u00a0A diferencia de los fertilizantes s\u00f3lidos que requieren su incorporaci\u00f3n al suelo, este fertilizante l\u00edquido simplemente se diluye en el agua de riego. S\u00f3lo tiene que a\u00f1adir la dosis recomendada y regar su pachira como de costumbre. Su aplicaci\u00f3n r\u00e1pida y eficaz es adecuada tanto para jardineros principiantes como para amantes de las plantas tropicales.<\/p>\n<p><strong><img decoding=\"async\" style=\"margin-right: 12px;\" src=\"https:\/\/www.ferberpainting.com\/wp-content\/uploads\/2026\/02\/Check.svg\" alt=\"\" width=\"18\" height=\"15\" \/>Una acci\u00f3n r\u00e1pida para obtener resultados visibles en pocas semanas.<\/strong>\u00a0Desde las primeras semanas de uso, observar\u00e1 un crecimiento m\u00e1s r\u00e1pido, un follaje m\u00e1s denso y colorido y un verde m\u00e1s intenso. Gracias a su r\u00e1pida asimilaci\u00f3n por las ra\u00edces, este abono favorece la producci\u00f3n de nuevas hojas y refuerza la estructura de la planta. Tambi\u00e9n ayuda a acelerar la recuperaci\u00f3n de las pachiras debilitadas y a reducir los riesgos de amarilleamiento o p\u00e9rdida de hojas.<\/p>\n<p><strong><img decoding=\"async\" style=\"margin-right: 12px;\" src=\"https:\/\/www.ferberpainting.com\/wp-content\/uploads\/2026\/02\/Check.svg\" alt=\"\" width=\"18\" height=\"15\" \/>Fertilizaci\u00f3n sostenible para un crecimiento continuo.<\/strong>\u00a0Gracias a su liberaci\u00f3n gradual de nutrientes, este abono ofrece una nutrici\u00f3n constante durante varias semanas, evitando carencias y garantizando un crecimiento constante. Aumenta la resistencia de su pachira a los cambios de clima, las plagas y las enfermedades, garantizando una planta sana durante todo el a\u00f1o.<\/p>\n<h2>Instrucciones<\/h2>\n<p><strong>Dosis recomendada <\/strong>:<\/p>\n<ul>\n<li><strong>Pachira en maceta <\/strong>: Diluir 5 ml de abono en 1 litro de agua.<br \/>\n<strong>Pachira en el suelo<\/strong>: Aplicar la soluci\u00f3n preparada directamente en la base de la planta.<\/li>\n<li><strong>Plantas j\u00f3venes <\/strong>: Reducir la dosis a 2,5 ml por litro de agua para evitar la sobrefertilizaci\u00f3n.<\/li>\n<\/ul>\n<p><strong>M\u00e9todo de aplicaci\u00f3n <\/strong>:<\/p>\n<ul>\n<li><strong>Regando <\/strong>: Vierta la soluci\u00f3n nutritiva alrededor de la base de la pachira, evitando mojar excesivamente las hojas.<\/li>\n<li><strong>Por pulverizaci\u00f3n foliar<\/strong> (como suplemento) : Pulverizar ligeramente una soluci\u00f3n muy diluida (1 ml por litro) sobre las hojas para favorecer la absorci\u00f3n de nutrientes.<\/li>\n<\/ul>\n<p><strong>Frecuencia de aplicaci\u00f3n <\/strong>:<\/p>\n<ul>\n<li><strong>Durante el periodo de crecimiento activo (primavera-verano) <\/strong>: Aplicar el abono cada 15 d\u00edas para estimular el crecimiento y la formaci\u00f3n de nuevas hojas.<\/li>\n<li><strong>Durante el periodo de descanso (oto\u00f1o-invierno) <\/strong>: Reducir la aplicaci\u00f3n a una vez al mes para mantener el vigor sin sobreestimular la planta.<\/li>\n<\/ul>\n<p><strong>Precauciones de uso <\/strong>: No sobredosifique el abono para evitar un exceso de nutrientes que podr\u00eda quemar las ra\u00edces o provocar un desarrollo desequilibrado de las hojas. Riegue siempre despu\u00e9s de la aplicaci\u00f3n para garantizar una mejor difusi\u00f3n de los nutrientes.<\/p>\n<p><strong>Almacenamiento y conservaci\u00f3n <\/strong>: Guarde el abono en un lugar fresco y seco, alejado de la luz directa y de temperaturas extremas. Cerrar siempre bien el envase despu\u00e9s de cada uso para preservar la eficacia del producto.<\/p>\n<p>Con este fertilizante para pachira, dar a su planta tropical una dieta completa y equilibrada, lo que garantiza un follaje exuberante, un crecimiento vigoroso, y una mejor resistencia a las agresiones externas. Ya sea en una maceta o en el suelo, esta soluci\u00f3n nutritiva f\u00e1cil de usar y rentable le permite cuidar de su planta con sencillez y eficacia.<\/p>","protected":false},"excerpt":{"rendered":"<p>A balanced fertilizer for a strong and lush pachira.\u00a0Pachira aquatica, also known as the &#8220;money tree,&#8221; is a popular houseplant appreciated for its braided trunk and shiny, dense foliage. To ensure vigorous growth and harmonious development, it is essential to provide it with suitable nutrition. This NPK 15-15-15 fertilizer provides the perfect balance of nitrogen [&hellip;]<\/p>\n","protected":false},"featured_media":26589,"comment_status":"open","ping_status":"closed","template":"","meta":{"_uag_custom_page_level_css":"","site-sidebar-layout":"default","site-content-layout":"","ast-site-content-layout":"default","site-content-style":"default","site-sidebar-style":"default","ast-global-header-display":"","ast-banner-title-visibility":"","ast-main-header-display":"","ast-hfb-above-header-display":"","ast-hfb-below-header-display":"","ast-hfb-mobile-header-display":"","site-post-title":"","ast-breadcrumbs-content":"","ast-featured-img":"","footer-sml-layout":"","ast-disable-related-posts":"","theme-transparent-header-meta":"default","adv-header-id-meta":"","stick-header-meta":"","header-above-stick-meta":"","header-main-stick-meta":"","header-below-stick-meta":"","astra-migrate-meta-layouts":"set","ast-page-background-enabled":"default","ast-page-background-meta":{"desktop":{"background-color":"var(--ast-global-color-4)","background-image":"","background-repeat":"repeat","background-position":"center center","background-size":"auto","background-attachment":"scroll","background-type":"","background-media":"","overlay-type":"","overlay-color":"","overlay-opacity":"","overlay-gradient":""},"tablet":{"background-color":"","background-image":"","background-repeat":"repeat","background-position":"center center","background-size":"auto","background-attachment":"scroll","background-type":"","background-media":"","overlay-type":"","overlay-color":"","overlay-opacity":"","overlay-gradient":""},"mobile":{"background-color":"","background-image":"","background-repeat":"repeat","background-position":"center center","background-size":"auto","background-attachment":"scroll","background-type":"","background-media":"","overlay-type":"","overlay-color":"","overlay-opacity":"","overlay-gradient":""}},"ast-content-background-meta":{"desktop":{"background-color":"var(--ast-global-color-5)","background-image":"","background-repeat":"repeat","background-position":"center center","background-size":"auto","background-attachment":"scroll","background-type":"","background-media":"","overlay-type":"","overlay-color":"","overlay-opacity":"","overlay-gradient":""},"tablet":{"background-color":"var(--ast-global-color-5)","background-image":"","background-repeat":"repeat","background-position":"center center","background-size":"auto","background-attachment":"scroll","background-type":"","background-media":"","overlay-type":"","overlay-color":"","overlay-opacity":"","overlay-gradient":""},"mobile":{"background-color":"var(--ast-global-color-5)","background-image":"","background-repeat":"repeat","background-position":"center center","background-size":"auto","background-attachment":"scroll","background-type":"","background-media":"","overlay-type":"","overlay-color":"","overlay-opacity":"","overlay-gradient":""}}},"product_brand":[],"product_cat":[178],"product_tag":[],"class_list":{"0":"post-24711","1":"product","2":"type-product","3":"status-publish","4":"has-post-thumbnail","6":"product_cat-fertilizers","7":"desktop-align-left","8":"tablet-align-left","9":"mobile-align-left","11":"first","12":"instock","13":"sale","14":"taxable","15":"shipping-taxable","16":"purchasable","17":"product-type-variable","18":"has-default-attributes"},"spectra_custom_meta":{"_visibility":["visible"],"_shopify_product_id":["9068022006005"],"_s2w_shopify_domain":["ferberpainting.myshopify.com"],"_shopify_variant_id":["46509848264949"],"_sku":[""],"_manage_stock":["no"],"total_sales":["2"],"_tax_status":["taxable"],"_tax_class":[""],"_backorders":["no"],"_sold_individually":["no"],"_virtual":["no"],"_downloadable":["no"],"_download_limit":["-1"],"_download_expiry":["-1"],"_stock":[null],"_stock_status":["instock"],"_wc_average_rating":["4.71"],"_wc_review_count":["7"],"_product_attributes":["a:1:{s:6:\"volume\";a:6:{s:4:\"name\";s:6:\"Volume\";s:5:\"value\";s:20:\"5 liters | 25 liters\";s:8:\"position\";i:1;s:10:\"is_visible\";i:0;s:12:\"is_variation\";i:1;s:11:\"is_taxonomy\";i:0;}}"],"_product_version":["10.5.1"],"_thumbnail_id":["26589"],"_product_image_gallery":["26590"],"wpse_downloadable_file_names":[""],"wpse_downloadable_file_urls":[""],"_edit_last":["1"],"_default_attributes":["a:1:{s:6:\"volume\";s:8:\"5 liters\";}"],"_edit_lock":["1771189570:1"],"_price":["29.90","129.90"],"merchant-center-availability":["yes"],"merchant-center-category":["113"],"_wp_page_template":["default"],"site-sidebar-layout":["default"],"ast-site-content-layout":["default"],"site-content-style":["default"],"site-sidebar-style":["default"],"theme-transparent-header-meta":["default"],"_wc_rating_count":["a:2:{i:4;i:2;i:5;i:5;}"],"astra-migrate-meta-layouts":["set"],"_uag_css_file_name":["uag-css-24711.css"],"_elementor_page_assets":["a:0:{}"],"_uag_page_assets":["a:9:{s:3:\"css\";s:7133:\".uag-blocks-common-selector{z-index:var(--z-index-desktop) !important}@media(max-width: 976px){.uag-blocks-common-selector{z-index:var(--z-index-tablet) !important}}@media(max-width: 767px){.uag-blocks-common-selector{z-index:var(--z-index-mobile) !important}}.wp-block-uagb-image{display:flex}.wp-block-uagb-image__figure{position:relative;display:flex;flex-direction:column;max-width:100%;height:auto;margin:0}.wp-block-uagb-image__figure img{height:auto;display:flex;max-width:100%;transition:box-shadow .2s ease}.wp-block-uagb-image__figure>a{display:inline-block}.wp-block-uagb-image__figure figcaption{text-align:center;margin-top:.5em;margin-bottom:1em}.wp-block-uagb-image .components-placeholder.block-editor-media-placeholder .components-placeholder__instructions{align-self:center}.wp-block-uagb-image--align-left{text-align:left}.wp-block-uagb-image--align-right{text-align:right}.wp-block-uagb-image--align-center{text-align:center}.wp-block-uagb-image--align-full .wp-block-uagb-image__figure{margin-left:calc(50% - 50vw);margin-right:calc(50% - 50vw);max-width:100vw;width:100vw;height:auto}.wp-block-uagb-image--align-full .wp-block-uagb-image__figure img{height:auto;width:100% !important}.wp-block-uagb-image--align-wide .wp-block-uagb-image__figure img{height:auto;width:100%}.wp-block-uagb-image--layout-overlay__color-wrapper{position:absolute;left:0;top:0;right:0;bottom:0;opacity:.2;background:rgba(0,0,0,.5);transition:opacity .35s ease-in-out}.wp-block-uagb-image--layout-overlay-link{position:absolute;left:0;right:0;bottom:0;top:0}.wp-block-uagb-image--layout-overlay .wp-block-uagb-image__figure:hover .wp-block-uagb-image--layout-overlay__color-wrapper{opacity:1}.wp-block-uagb-image--layout-overlay__inner{position:absolute;left:15px;right:15px;bottom:15px;top:15px;display:flex;align-items:center;justify-content:center;flex-direction:column;border-color:#fff;transition:.35s ease-in-out}.wp-block-uagb-image--layout-overlay__inner.top-left,.wp-block-uagb-image--layout-overlay__inner.top-center,.wp-block-uagb-image--layout-overlay__inner.top-right{justify-content:flex-start}.wp-block-uagb-image--layout-overlay__inner.bottom-left,.wp-block-uagb-image--layout-overlay__inner.bottom-center,.wp-block-uagb-image--layout-overlay__inner.bottom-right{justify-content:flex-end}.wp-block-uagb-image--layout-overlay__inner.top-left,.wp-block-uagb-image--layout-overlay__inner.center-left,.wp-block-uagb-image--layout-overlay__inner.bottom-left{align-items:flex-start}.wp-block-uagb-image--layout-overlay__inner.top-right,.wp-block-uagb-image--layout-overlay__inner.center-right,.wp-block-uagb-image--layout-overlay__inner.bottom-right{align-items:flex-end}.wp-block-uagb-image--layout-overlay__inner .uagb-image-heading{color:#fff;transition:transform .35s,opacity .35s ease-in-out;transform:translate3d(0, 24px, 0);margin:0;line-height:1em}.wp-block-uagb-image--layout-overlay__inner .uagb-image-separator{width:30%;border-top-width:2px;border-top-color:#fff;border-top-style:solid;margin-bottom:10px;opacity:0;transition:transform .4s,opacity .4s ease-in-out;transform:translate3d(0, 30px, 0)}.wp-block-uagb-image--layout-overlay__inner .uagb-image-caption{opacity:0;overflow:visible;color:#fff;transition:transform .45s,opacity .45s ease-in-out;transform:translate3d(0, 35px, 0)}.wp-block-uagb-image--layout-overlay__inner:hover .uagb-image-heading,.wp-block-uagb-image--layout-overlay__inner:hover .uagb-image-separator,.wp-block-uagb-image--layout-overlay__inner:hover .uagb-image-caption{opacity:1;transform:translate3d(0, 0, 0)}.wp-block-uagb-image--effect-zoomin .wp-block-uagb-image__figure img,.wp-block-uagb-image--effect-zoomin .wp-block-uagb-image__figure .wp-block-uagb-image--layout-overlay__color-wrapper{transform:scale(1);transition:transform .35s ease-in-out}.wp-block-uagb-image--effect-zoomin .wp-block-uagb-image__figure:hover img,.wp-block-uagb-image--effect-zoomin .wp-block-uagb-image__figure:hover .wp-block-uagb-image--layout-overlay__color-wrapper{transform:scale(1.05)}.wp-block-uagb-image--effect-slide .wp-block-uagb-image__figure img,.wp-block-uagb-image--effect-slide .wp-block-uagb-image__figure .wp-block-uagb-image--layout-overlay__color-wrapper{width:calc(100% + 40px) !important;max-width:none !important;transform:translate3d(-40px, 0, 0);transition:transform .35s ease-in-out}.wp-block-uagb-image--effect-slide .wp-block-uagb-image__figure:hover img,.wp-block-uagb-image--effect-slide .wp-block-uagb-image__figure:hover .wp-block-uagb-image--layout-overlay__color-wrapper{transform:translate3d(0, 0, 0)}.wp-block-uagb-image--effect-grayscale img{filter:grayscale(0%);transition:.35s ease-in-out}.wp-block-uagb-image--effect-grayscale:hover img{filter:grayscale(100%)}.wp-block-uagb-image--effect-blur img{filter:blur(0);transition:.35s ease-in-out}.wp-block-uagb-image--effect-blur:hover img{filter:blur(3px)}.uagb-block-e6f939b3.wp-block-uagb-image--layout-default figure img{box-shadow: 0px 0px 0 #00000070;}.uagb-block-e6f939b3.wp-block-uagb-image .wp-block-uagb-image__figure figcaption{font-style: normal;align-self: center;}.uagb-block-e6f939b3.wp-block-uagb-image--layout-overlay figure img{box-shadow: 0px 0px 0 #00000070;}.uagb-block-e6f939b3.wp-block-uagb-image--layout-overlay .wp-block-uagb-image--layout-overlay__color-wrapper{opacity: 0.2;}.uagb-block-e6f939b3.wp-block-uagb-image--layout-overlay .wp-block-uagb-image--layout-overlay__inner{left: 15px;right: 15px;top: 15px;bottom: 15px;}.uagb-block-e6f939b3.wp-block-uagb-image--layout-overlay .wp-block-uagb-image--layout-overlay__inner .uagb-image-heading{font-style: normal;color: #fff;opacity: 1;}.uagb-block-e6f939b3.wp-block-uagb-image--layout-overlay .wp-block-uagb-image--layout-overlay__inner .uagb-image-heading a{color: #fff;}.uagb-block-e6f939b3.wp-block-uagb-image--layout-overlay .wp-block-uagb-image--layout-overlay__inner .uagb-image-caption{opacity: 0;}.uagb-block-e6f939b3.wp-block-uagb-image--layout-overlay .wp-block-uagb-image__figure:hover .wp-block-uagb-image--layout-overlay__color-wrapper{opacity: 1;}.uagb-block-e6f939b3.wp-block-uagb-image .wp-block-uagb-image--layout-overlay__inner .uagb-image-separator{width: 30%;border-top-width: 2px;border-top-color: #fff;opacity: 0;}.uagb-block-e6f939b3.wp-block-uagb-image .wp-block-uagb-image__figure img{width: px;height: auto;}.uagb-block-e6f939b3.wp-block-uagb-image .wp-block-uagb-image__figure:hover .wp-block-uagb-image--layout-overlay__inner .uagb-image-caption{opacity: 1;}.uagb-block-e6f939b3.wp-block-uagb-image .wp-block-uagb-image__figure:hover .wp-block-uagb-image--layout-overlay__inner .uagb-image-separator{opacity: 1;}.uagb-block-e6f939b3.wp-block-uagb-image--layout-default figure:hover img{box-shadow: 0px 0px 0 #00000070;}.uagb-block-e6f939b3.wp-block-uagb-image--layout-overlay figure:hover img{box-shadow: 0px 0px 0 #00000070;}@media only screen and (max-width: 976px) {.uagb-block-e6f939b3.wp-block-uagb-image .wp-block-uagb-image__figure img{width: px;height: auto;}}@media only screen and (max-width: 767px) {.uagb-block-e6f939b3.wp-block-uagb-image .wp-block-uagb-image__figure img{width: px;height: auto;}}\";s:2:\"js\";s:0:\"\";s:18:\"current_block_list\";a:13:{i:0;s:11:\"core\/search\";i:1;s:10:\"core\/group\";i:2;s:12:\"core\/heading\";i:3;s:17:\"core\/latest-posts\";i:4;s:20:\"core\/latest-comments\";i:5;s:13:\"core\/archives\";i:6;s:15:\"core\/categories\";i:7;s:14:\"core\/paragraph\";i:8;s:10:\"uagb\/image\";i:9;s:11:\"core\/spacer\";i:10;s:30:\"woocommerce\/product-categories\";i:11;s:10:\"core\/image\";i:12;s:14:\"core\/shortcode\";}s:8:\"uag_flag\";b:1;s:11:\"uag_version\";s:10:\"1777336241\";s:6:\"gfonts\";a:0:{}s:10:\"gfonts_url\";s:0:\"\";s:12:\"gfonts_files\";a:0:{}s:14:\"uag_faq_layout\";b:0;}"]},"uagb_featured_image_src":{"full":["https:\/\/www.ferberpainting.com\/wp-content\/uploads\/2025\/05\/MoneyTreeFertilizer5L.png",2560,2560,false],"thumbnail":["https:\/\/www.ferberpainting.com\/wp-content\/uploads\/2025\/05\/MoneyTreeFertilizer5L-150x150.png",150,150,true],"medium":["https:\/\/www.ferberpainting.com\/wp-content\/uploads\/2025\/05\/MoneyTreeFertilizer5L-300x300.png",300,300,true],"medium_large":["https:\/\/www.ferberpainting.com\/wp-content\/uploads\/2025\/05\/MoneyTreeFertilizer5L-768x768.png",768,768,true],"large":["https:\/\/www.ferberpainting.com\/wp-content\/uploads\/2025\/05\/MoneyTreeFertilizer5L-1024x1024.png",1024,1024,true],"1536x1536":["https:\/\/www.ferberpainting.com\/wp-content\/uploads\/2025\/05\/MoneyTreeFertilizer5L-1536x1536.png",1536,1536,true],"2048x2048":["https:\/\/www.ferberpainting.com\/wp-content\/uploads\/2025\/05\/MoneyTreeFertilizer5L-2048x2048.png",2048,2048,true],"trp-custom-language-flag":["https:\/\/www.ferberpainting.com\/wp-content\/uploads\/2025\/05\/MoneyTreeFertilizer5L-12x12.png",12,12,true],"woocommerce_thumbnail":["https:\/\/www.ferberpainting.com\/wp-content\/uploads\/2025\/05\/MoneyTreeFertilizer5L-300x300.png",300,300,true],"woocommerce_single":["https:\/\/www.ferberpainting.com\/wp-content\/uploads\/2025\/05\/MoneyTreeFertilizer5L-600x600.png",600,600,true],"woocommerce_gallery_thumbnail":["https:\/\/www.ferberpainting.com\/wp-content\/uploads\/2025\/05\/MoneyTreeFertilizer5L-100x100.png",100,100,true]},"uagb_author_info":{"display_name":"admin","author_link":"https:\/\/www.ferberpainting.com\/es\/author\/"},"uagb_comment_info":7,"uagb_excerpt":"A balanced fertilizer for a strong and lush pachira.\u00a0Pachira aquatica, also known as the &#8220;money tree,&#8221; is a popular houseplant appreciated for its braided trunk and shiny, dense foliage. To ensure vigorous growth and harmonious development, it is essential to provide it with suitable nutrition. This NPK 15-15-15 fertilizer provides the perfect balance of nitrogen&hellip;","_links":{"self":[{"href":"https:\/\/www.ferberpainting.com\/es\/wp-json\/wp\/v2\/product\/24711","targetHints":{"allow":["GET"]}}],"collection":[{"href":"https:\/\/www.ferberpainting.com\/es\/wp-json\/wp\/v2\/product"}],"about":[{"href":"https:\/\/www.ferberpainting.com\/es\/wp-json\/wp\/v2\/types\/product"}],"replies":[{"embeddable":true,"href":"https:\/\/www.ferberpainting.com\/es\/wp-json\/wp\/v2\/comments?post=24711"}],"version-history":[{"count":4,"href":"https:\/\/www.ferberpainting.com\/es\/wp-json\/wp\/v2\/product\/24711\/revisions"}],"predecessor-version":[{"id":166603,"href":"https:\/\/www.ferberpainting.com\/es\/wp-json\/wp\/v2\/product\/24711\/revisions\/166603"}],"wp:featuredmedia":[{"embeddable":true,"href":"https:\/\/www.ferberpainting.com\/es\/wp-json\/wp\/v2\/media\/26589"}],"wp:attachment":[{"href":"https:\/\/www.ferberpainting.com\/es\/wp-json\/wp\/v2\/media?parent=24711"}],"wp:term":[{"taxonomy":"product_brand","embeddable":true,"href":"https:\/\/www.ferberpainting.com\/es\/wp-json\/wp\/v2\/product_brand?post=24711"},{"taxonomy":"product_cat","embeddable":true,"href":"https:\/\/www.ferberpainting.com\/es\/wp-json\/wp\/v2\/product_cat?post=24711"},{"taxonomy":"product_tag","embeddable":true,"href":"https:\/\/www.ferberpainting.com\/es\/wp-json\/wp\/v2\/product_tag?post=24711"}],"curies":[{"name":"wp","href":"https:\/\/api.w.org\/{rel}","templated":true}]}}