{"id":23544,"date":"2025-05-26T10:24:42","date_gmt":"2025-05-26T08:24:42","guid":{"rendered":"https:\/\/www.ferberpainting.com\/products\/hydroponic-fertilizer\/"},"modified":"2026-02-15T19:36:25","modified_gmt":"2026-02-15T18:36:25","slug":"hydroponic-fertilizer","status":"publish","type":"product","link":"https:\/\/www.ferberpainting.com\/es\/products\/hydroponic-fertilizer\/","title":{"rendered":"Fertilizante hidrop\u00f3nico"},"content":{"rendered":"<p><strong><img decoding=\"async\" style=\"margin-right: 12px;\" src=\"https:\/\/www.ferberpainting.com\/wp-content\/uploads\/2026\/02\/Check.svg\" alt=\"\" width=\"18\" height=\"15\" \/>Abono especialmente dise\u00f1ado para cultivos sin suelo e hidrop\u00f3nicos.<\/strong>\u00a0El cultivo hidrop\u00f3nico se basa en una alimentaci\u00f3n precisa de nutrientes, lo que permite a las plantas crecer sin tierra absorbiendo exclusivamente una soluci\u00f3n nutritiva adaptada. Este abono NPK 15-15-15 ha sido especialmente formulado para satisfacer las necesidades de los cultivos hidrop\u00f3nicos proporcionando un aporte equilibrado de nitr\u00f3geno (N) para favorecer un crecimiento vegetativo vigoroso, f\u00f3sforo (P) para un enraizamiento eficaz y potasio (K) para mejorar la resistencia y la productividad de las plantas. Gracias a su f\u00f3rmula l\u00edquida totalmente soluble en agua, garantiza una absorci\u00f3n \u00f3ptima de los nutrientes y un desarrollo r\u00e1pido y uniforme de las plantas, sin riesgo de acumulaci\u00f3n de residuos.<\/p>\n<p><strong><img decoding=\"async\" style=\"margin-right: 12px;\" src=\"https:\/\/www.ferberpainting.com\/wp-content\/uploads\/2026\/02\/Check.svg\" alt=\"\" width=\"18\" height=\"15\" \/>Garant\u00eda de devoluci\u00f3n del dinero.<\/strong>\u00a0Estamos tan seguros de la eficacia de nuestro abono hidrop\u00f3nico que ofrecemos una garant\u00eda de devoluci\u00f3n del dinero. Si, despu\u00e9s de utilizarlo seg\u00fan las recomendaciones, sus cultivos hidrop\u00f3nicos no muestran mejoras en el crecimiento, la floraci\u00f3n o el rendimiento, nos comprometemos a reembolsarle el importe \u00edntegro. Esta garant\u00eda le permite adquirir este producto con total tranquilidad.<\/p>\n<p><strong><img decoding=\"async\" style=\"margin-right: 12px;\" src=\"https:\/\/www.ferberpainting.com\/wp-content\/uploads\/2026\/02\/Check.svg\" alt=\"\" width=\"18\" height=\"15\" \/>Adecuado para todo tipo de cultivos y sistemas hidrop\u00f3nicos.<\/strong>\u00a0Este fertilizante es adecuado para todos los cultivos hidrop\u00f3nicos, ya sean hortalizas de hoja (lechuga, espinaca, albahaca), hortalizas de fruto (tomates, pimientos, fresas), flores o incluso plantas de interior cultivadas hidrop\u00f3nicamente. Es compatible con todos los sistemas hidrop\u00f3nicos, incluidos los de flujo continuo, NFT (Nutrient Film Technique), DWC (Deep Water Culture), aerop\u00f3nico y acuap\u00f3nico. Tambi\u00e9n funciona para cultivos en sustratos inertes (lana de roca, guijarros de arcilla, coco), garantizando una fertilizaci\u00f3n completa y eficaz.<\/p>\n<p><strong><img decoding=\"async\" style=\"margin-right: 12px;\" src=\"https:\/\/www.ferberpainting.com\/wp-content\/uploads\/2026\/02\/Check.svg\" alt=\"\" width=\"18\" height=\"15\" \/>Rendimiento econ\u00f3mico y fertilizaci\u00f3n optimizada.<\/strong>\u00a0Gracias a su f\u00f3rmula l\u00edquida concentrada, un bote de 5 litros permite producir hasta 1.000 litros de soluci\u00f3n nutritiva, ofreciendo as\u00ed una fertilizaci\u00f3n prolongada y econ\u00f3mica. Con una dosificaci\u00f3n de 5 ml por litro de agua, garantiza una nutrici\u00f3n completa de las plantas sin excesos ni lixiviados, lo que permite una gesti\u00f3n \u00f3ptima de los recursos y una mayor rentabilidad para los cultivadores.<\/p>\n<p><strong><img decoding=\"async\" style=\"margin-right: 12px;\" src=\"https:\/\/www.ferberpainting.com\/wp-content\/uploads\/2026\/02\/Check.svg\" alt=\"\" width=\"18\" height=\"15\" \/>Un fertilizante seguro sin riesgo para los cultivos.<\/strong>\u00a0A diferencia de los fertilizantes s\u00f3lidos que pueden causar dep\u00f3sitos y acumulaciones no deseadas, este fertilizante es totalmente soluble en agua, lo que garantiza un flujo de nutrientes fluido en sistemas hidrop\u00f3nicos sin riesgo de obstrucci\u00f3n de bombas o tuber\u00edas. No contiene metales pesados, aditivos t\u00f3xicos ni componentes que puedan desequilibrar la soluci\u00f3n nutritiva, lo que garantiza una fertilizaci\u00f3n segura y eficaz.<\/p>\n<p><strong><img decoding=\"async\" style=\"margin-right: 12px;\" src=\"https:\/\/www.ferberpainting.com\/wp-content\/uploads\/2026\/02\/Check.svg\" alt=\"\" width=\"18\" height=\"15\" \/>F\u00e1cil de aplicar y sencillo de utilizar.<\/strong>\u00a0A diferencia de los abonos tradicionales que requieren una mezcla compleja, este abono se disuelve r\u00e1pidamente en el agua y se integra directamente en el dep\u00f3sito hidrop\u00f3nico, garantizando una difusi\u00f3n uniforme de los nutrientes sin esfuerzo adicional. Es ideal tanto para principiantes como para cultivadores experimentados, ya que ofrece un m\u00e9todo de fertilizaci\u00f3n sencillo, r\u00e1pido y eficaz.<\/p>\n<p><strong><img decoding=\"async\" style=\"margin-right: 12px;\" src=\"https:\/\/www.ferberpainting.com\/wp-content\/uploads\/2026\/02\/Check.svg\" alt=\"\" width=\"18\" height=\"15\" \/>Acci\u00f3n duradera para acelerar el crecimiento y optimizar la producci\u00f3n.<\/strong>\u00a0Gracias a su f\u00f3rmula equilibrada y a su perfecta solubilidad, este abono garantiza la liberaci\u00f3n inmediata de nutrientes, favoreciendo un r\u00e1pido desarrollo de las ra\u00edces, un vigoroso crecimiento vegetativo y una abundante floraci\u00f3n. Tambi\u00e9n mejora la capacidad de las plantas para absorber agua y nutrientes esenciales, mejorando as\u00ed su resistencia a las variaciones del pH y a las fluctuaciones del sistema hidrop\u00f3nico.<\/p>\n<p><strong><img decoding=\"async\" style=\"margin-right: 12px;\" src=\"https:\/\/www.ferberpainting.com\/wp-content\/uploads\/2026\/02\/Check.svg\" alt=\"\" width=\"18\" height=\"15\" \/>Resultados visibles en las primeras semanas.<\/strong>\u00a0Desde la primera aplicaci\u00f3n, este abono estimula la formaci\u00f3n de nuevos brotes, mejora el enraizamiento y favorece un crecimiento uniforme. En pocas semanas, las plantas muestran un follaje exuberante, tallos robustos y una mayor producci\u00f3n de flores y frutos.<\/p>\n<h2><strong>Protocolo de uso<\/strong><\/h2>\n<p><strong>Diluci\u00f3n de fertilizantes <\/strong>: Mezclar 5 ml de abono por 1 litro de agua. Agitar bien la soluci\u00f3n antes de cada aplicaci\u00f3n para garantizar una distribuci\u00f3n uniforme de los nutrientes.<strong><br \/>\nM\u00e9todo de aplicaci\u00f3n <\/strong>:<\/p>\n<ul>\n<li><strong>En un sistema hidrop\u00f3nico <\/strong>: A\u00f1ada la soluci\u00f3n diluida directamente en el dep\u00f3sito del sistema hidrop\u00f3nico, asegur\u00e1ndose de mantener una circulaci\u00f3n uniforme de nutrientes.<\/li>\n<li><strong>Pulverizaci\u00f3n foliar (opcional) <\/strong>: Pulverizar ligeramente la soluci\u00f3n sobre las hojas para una mayor absorci\u00f3n, evitando las horas de mucho calor para limitar la evaporaci\u00f3n.<\/li>\n<\/ul>\n<p><strong>Frecuencia de aplicaci\u00f3n <\/strong>:<\/p>\n<ul>\n<li><strong>Para cultivar plantas <\/strong>: Aplique el abono semanalmente para garantizar un desarrollo r\u00e1pido y sano del follaje y las ra\u00edces.<\/li>\n<li><strong>Para plantas con flores y frutos <\/strong>: Aplique el abono cada 10 a 15 d\u00edas, manteniendo un buen equilibrio de nutrientes para optimizar la producci\u00f3n de flores y frutos.<\/li>\n<\/ul>\n<p><strong>Control y ajuste del pH <\/strong>: Despu\u00e9s de a\u00f1adir el abono, compruebe y ajuste el pH de la soluci\u00f3n nutritiva para mantenerlo dentro del intervalo \u00f3ptimo para el cultivo hidrop\u00f3nico (normalmente entre 5,5 y 6,5 en funci\u00f3n de las plantas).<\/p>\n<p><strong>Mantenimiento y control <\/strong>: Limpie regularmente las bombas y las tuber\u00edas para evitar la acumulaci\u00f3n de residuos y garantizar el buen funcionamiento del sistema hidrop\u00f3nico.<\/p>\n<p><strong>Precauciones de uso <\/strong>: No sobredosificar el abono para evitar el exceso de sales minerales en la soluci\u00f3n, que podr\u00edan da\u00f1ar las ra\u00edces de las plantas. Almacene el producto en un lugar seco y templado, alejado de la luz directa y la humedad.<\/p>\n<p><strong>Almacenamiento y conservaci\u00f3n <\/strong>: Guarde el abono en un lugar fresco y seco, cerrando bien el envase despu\u00e9s de cada uso para preservar su calidad y evitar la evaporaci\u00f3n.<\/p>","protected":false},"excerpt":{"rendered":"<p>A fertilizer specially designed for soilless and hydroponic cultivation.\u00a0Hydroponic cultivation relies on precise nutrient feeding, allowing plants to grow without soil by exclusively absorbing a tailored nutrient solution. This NPK 15-15-15 fertilizer has been specially formulated to meet the needs of hydroponic crops by providing a balanced supply of nitrogen (N) to promote vigorous vegetative [&hellip;]<\/p>\n","protected":false},"featured_media":26034,"comment_status":"open","ping_status":"closed","template":"","meta":{"_uag_custom_page_level_css":"","site-sidebar-layout":"default","site-content-layout":"","ast-site-content-layout":"default","site-content-style":"default","site-sidebar-style":"default","ast-global-header-display":"","ast-banner-title-visibility":"","ast-main-header-display":"","ast-hfb-above-header-display":"","ast-hfb-below-header-display":"","ast-hfb-mobile-header-display":"","site-post-title":"","ast-breadcrumbs-content":"","ast-featured-img":"","footer-sml-layout":"","ast-disable-related-posts":"","theme-transparent-header-meta":"default","adv-header-id-meta":"","stick-header-meta":"","header-above-stick-meta":"","header-main-stick-meta":"","header-below-stick-meta":"","astra-migrate-meta-layouts":"set","ast-page-background-enabled":"default","ast-page-background-meta":{"desktop":{"background-color":"var(--ast-global-color-4)","background-image":"","background-repeat":"repeat","background-position":"center center","background-size":"auto","background-attachment":"scroll","background-type":"","background-media":"","overlay-type":"","overlay-color":"","overlay-opacity":"","overlay-gradient":""},"tablet":{"background-color":"","background-image":"","background-repeat":"repeat","background-position":"center center","background-size":"auto","background-attachment":"scroll","background-type":"","background-media":"","overlay-type":"","overlay-color":"","overlay-opacity":"","overlay-gradient":""},"mobile":{"background-color":"","background-image":"","background-repeat":"repeat","background-position":"center center","background-size":"auto","background-attachment":"scroll","background-type":"","background-media":"","overlay-type":"","overlay-color":"","overlay-opacity":"","overlay-gradient":""}},"ast-content-background-meta":{"desktop":{"background-color":"var(--ast-global-color-5)","background-image":"","background-repeat":"repeat","background-position":"center center","background-size":"auto","background-attachment":"scroll","background-type":"","background-media":"","overlay-type":"","overlay-color":"","overlay-opacity":"","overlay-gradient":""},"tablet":{"background-color":"var(--ast-global-color-5)","background-image":"","background-repeat":"repeat","background-position":"center center","background-size":"auto","background-attachment":"scroll","background-type":"","background-media":"","overlay-type":"","overlay-color":"","overlay-opacity":"","overlay-gradient":""},"mobile":{"background-color":"var(--ast-global-color-5)","background-image":"","background-repeat":"repeat","background-position":"center center","background-size":"auto","background-attachment":"scroll","background-type":"","background-media":"","overlay-type":"","overlay-color":"","overlay-opacity":"","overlay-gradient":""}}},"product_brand":[],"product_cat":[178],"product_tag":[],"class_list":{"0":"post-23544","1":"product","2":"type-product","3":"status-publish","4":"has-post-thumbnail","6":"product_cat-fertilizers","7":"desktop-align-left","8":"tablet-align-left","9":"mobile-align-left","11":"first","12":"instock","13":"sale","14":"taxable","15":"shipping-taxable","16":"purchasable","17":"product-type-variable","18":"has-default-attributes"},"spectra_custom_meta":{"_visibility":["visible"],"_shopify_product_id":["9067586420981"],"_s2w_shopify_domain":["ferberpainting.myshopify.com"],"_shopify_variant_id":["46507982192885"],"_sku":[""],"_manage_stock":["no"],"total_sales":["164"],"_tax_status":["taxable"],"_tax_class":[""],"_backorders":["no"],"_sold_individually":["no"],"_virtual":["no"],"_downloadable":["no"],"_download_limit":["-1"],"_download_expiry":["-1"],"_stock":[null],"_stock_status":["instock"],"_wc_average_rating":["4.57"],"_wc_review_count":["7"],"_product_attributes":["a:1:{s:6:\"volume\";a:6:{s:4:\"name\";s:6:\"Volume\";s:5:\"value\";s:20:\"5 liters | 25 liters\";s:8:\"position\";i:1;s:10:\"is_visible\";i:0;s:12:\"is_variation\";i:1;s:11:\"is_taxonomy\";i:0;}}"],"_product_version":["10.5.1"],"_thumbnail_id":["26034"],"_product_image_gallery":["26035"],"wpse_downloadable_file_names":[""],"wpse_downloadable_file_urls":[""],"_edit_last":["1"],"_default_attributes":["a:1:{s:6:\"volume\";s:8:\"5 liters\";}"],"_edit_lock":["1771180448:1"],"_price":["29.90","129.90"],"merchant-center-availability":["yes"],"merchant-center-category":["113"],"_wp_page_template":["default"],"site-sidebar-layout":["default"],"ast-site-content-layout":["default"],"site-content-style":["default"],"site-sidebar-style":["default"],"theme-transparent-header-meta":["default"],"_wc_rating_count":["a:2:{i:4;i:3;i:5;i:4;}"],"astra-migrate-meta-layouts":["set"],"_uag_css_file_name":["uag-css-23544.css"],"_elementor_page_assets":["a:0:{}"],"_uag_page_assets":["a:9:{s:3:\"css\";s:6873:\".wp-block-uagb-image{display:flex}.wp-block-uagb-image__figure{position:relative;display:flex;flex-direction:column;max-width:100%;height:auto;margin:0}.wp-block-uagb-image__figure img{height:auto;display:flex;max-width:100%;transition:box-shadow .2s ease}.wp-block-uagb-image__figure>a{display:inline-block}.wp-block-uagb-image__figure figcaption{text-align:center;margin-top:.5em;margin-bottom:1em}.wp-block-uagb-image .components-placeholder.block-editor-media-placeholder .components-placeholder__instructions{align-self:center}.wp-block-uagb-image--align-left{text-align:left}.wp-block-uagb-image--align-right{text-align:right}.wp-block-uagb-image--align-center{text-align:center}.wp-block-uagb-image--align-full .wp-block-uagb-image__figure{margin-left:calc(50% - 50vw);margin-right:calc(50% - 50vw);max-width:100vw;width:100vw;height:auto}.wp-block-uagb-image--align-full .wp-block-uagb-image__figure img{height:auto;width:100% !important}.wp-block-uagb-image--align-wide .wp-block-uagb-image__figure img{height:auto;width:100%}.wp-block-uagb-image--layout-overlay__color-wrapper{position:absolute;left:0;top:0;right:0;bottom:0;opacity:.2;background:rgba(0,0,0,.5);transition:opacity .35s ease-in-out}.wp-block-uagb-image--layout-overlay-link{position:absolute;left:0;right:0;bottom:0;top:0}.wp-block-uagb-image--layout-overlay .wp-block-uagb-image__figure:hover .wp-block-uagb-image--layout-overlay__color-wrapper{opacity:1}.wp-block-uagb-image--layout-overlay__inner{position:absolute;left:15px;right:15px;bottom:15px;top:15px;display:flex;align-items:center;justify-content:center;flex-direction:column;border-color:#fff;transition:.35s ease-in-out}.wp-block-uagb-image--layout-overlay__inner.top-left,.wp-block-uagb-image--layout-overlay__inner.top-center,.wp-block-uagb-image--layout-overlay__inner.top-right{justify-content:flex-start}.wp-block-uagb-image--layout-overlay__inner.bottom-left,.wp-block-uagb-image--layout-overlay__inner.bottom-center,.wp-block-uagb-image--layout-overlay__inner.bottom-right{justify-content:flex-end}.wp-block-uagb-image--layout-overlay__inner.top-left,.wp-block-uagb-image--layout-overlay__inner.center-left,.wp-block-uagb-image--layout-overlay__inner.bottom-left{align-items:flex-start}.wp-block-uagb-image--layout-overlay__inner.top-right,.wp-block-uagb-image--layout-overlay__inner.center-right,.wp-block-uagb-image--layout-overlay__inner.bottom-right{align-items:flex-end}.wp-block-uagb-image--layout-overlay__inner .uagb-image-heading{color:#fff;transition:transform .35s,opacity .35s ease-in-out;transform:translate3d(0, 24px, 0);margin:0;line-height:1em}.wp-block-uagb-image--layout-overlay__inner .uagb-image-separator{width:30%;border-top-width:2px;border-top-color:#fff;border-top-style:solid;margin-bottom:10px;opacity:0;transition:transform .4s,opacity .4s ease-in-out;transform:translate3d(0, 30px, 0)}.wp-block-uagb-image--layout-overlay__inner .uagb-image-caption{opacity:0;overflow:visible;color:#fff;transition:transform .45s,opacity .45s ease-in-out;transform:translate3d(0, 35px, 0)}.wp-block-uagb-image--layout-overlay__inner:hover .uagb-image-heading,.wp-block-uagb-image--layout-overlay__inner:hover .uagb-image-separator,.wp-block-uagb-image--layout-overlay__inner:hover .uagb-image-caption{opacity:1;transform:translate3d(0, 0, 0)}.wp-block-uagb-image--effect-zoomin .wp-block-uagb-image__figure img,.wp-block-uagb-image--effect-zoomin .wp-block-uagb-image__figure .wp-block-uagb-image--layout-overlay__color-wrapper{transform:scale(1);transition:transform .35s ease-in-out}.wp-block-uagb-image--effect-zoomin .wp-block-uagb-image__figure:hover img,.wp-block-uagb-image--effect-zoomin .wp-block-uagb-image__figure:hover .wp-block-uagb-image--layout-overlay__color-wrapper{transform:scale(1.05)}.wp-block-uagb-image--effect-slide .wp-block-uagb-image__figure img,.wp-block-uagb-image--effect-slide .wp-block-uagb-image__figure .wp-block-uagb-image--layout-overlay__color-wrapper{width:calc(100% + 40px) !important;max-width:none !important;transform:translate3d(-40px, 0, 0);transition:transform .35s ease-in-out}.wp-block-uagb-image--effect-slide .wp-block-uagb-image__figure:hover img,.wp-block-uagb-image--effect-slide .wp-block-uagb-image__figure:hover .wp-block-uagb-image--layout-overlay__color-wrapper{transform:translate3d(0, 0, 0)}.wp-block-uagb-image--effect-grayscale img{filter:grayscale(0%);transition:.35s ease-in-out}.wp-block-uagb-image--effect-grayscale:hover img{filter:grayscale(100%)}.wp-block-uagb-image--effect-blur img{filter:blur(0);transition:.35s ease-in-out}.wp-block-uagb-image--effect-blur:hover img{filter:blur(3px)}.uagb-block-e6f939b3.wp-block-uagb-image--layout-default figure img{box-shadow: 0px 0px 0 #00000070;}.uagb-block-e6f939b3.wp-block-uagb-image .wp-block-uagb-image__figure figcaption{font-style: normal;align-self: center;}.uagb-block-e6f939b3.wp-block-uagb-image--layout-overlay figure img{box-shadow: 0px 0px 0 #00000070;}.uagb-block-e6f939b3.wp-block-uagb-image--layout-overlay .wp-block-uagb-image--layout-overlay__color-wrapper{opacity: 0.2;}.uagb-block-e6f939b3.wp-block-uagb-image--layout-overlay .wp-block-uagb-image--layout-overlay__inner{left: 15px;right: 15px;top: 15px;bottom: 15px;}.uagb-block-e6f939b3.wp-block-uagb-image--layout-overlay .wp-block-uagb-image--layout-overlay__inner .uagb-image-heading{font-style: normal;color: #fff;opacity: 1;}.uagb-block-e6f939b3.wp-block-uagb-image--layout-overlay .wp-block-uagb-image--layout-overlay__inner .uagb-image-heading a{color: #fff;}.uagb-block-e6f939b3.wp-block-uagb-image--layout-overlay .wp-block-uagb-image--layout-overlay__inner .uagb-image-caption{opacity: 0;}.uagb-block-e6f939b3.wp-block-uagb-image--layout-overlay .wp-block-uagb-image__figure:hover .wp-block-uagb-image--layout-overlay__color-wrapper{opacity: 1;}.uagb-block-e6f939b3.wp-block-uagb-image .wp-block-uagb-image--layout-overlay__inner .uagb-image-separator{width: 30%;border-top-width: 2px;border-top-color: #fff;opacity: 0;}.uagb-block-e6f939b3.wp-block-uagb-image .wp-block-uagb-image__figure img{width: px;height: auto;}.uagb-block-e6f939b3.wp-block-uagb-image .wp-block-uagb-image__figure:hover .wp-block-uagb-image--layout-overlay__inner .uagb-image-caption{opacity: 1;}.uagb-block-e6f939b3.wp-block-uagb-image .wp-block-uagb-image__figure:hover .wp-block-uagb-image--layout-overlay__inner .uagb-image-separator{opacity: 1;}.uagb-block-e6f939b3.wp-block-uagb-image--layout-default figure:hover img{box-shadow: 0px 0px 0 #00000070;}.uagb-block-e6f939b3.wp-block-uagb-image--layout-overlay figure:hover img{box-shadow: 0px 0px 0 #00000070;}@media only screen and (max-width: 976px) {.uagb-block-e6f939b3.wp-block-uagb-image .wp-block-uagb-image__figure img{width: px;height: auto;}}@media only screen and (max-width: 767px) {.uagb-block-e6f939b3.wp-block-uagb-image .wp-block-uagb-image__figure img{width: px;height: auto;}}\";s:2:\"js\";s:0:\"\";s:18:\"current_block_list\";a:13:{i:0;s:11:\"core\/search\";i:1;s:10:\"core\/group\";i:2;s:12:\"core\/heading\";i:3;s:17:\"core\/latest-posts\";i:4;s:20:\"core\/latest-comments\";i:5;s:13:\"core\/archives\";i:6;s:15:\"core\/categories\";i:7;s:14:\"core\/paragraph\";i:8;s:10:\"uagb\/image\";i:9;s:11:\"core\/spacer\";i:10;s:30:\"woocommerce\/product-categories\";i:11;s:10:\"core\/image\";i:12;s:14:\"core\/shortcode\";}s:8:\"uag_flag\";b:1;s:11:\"uag_version\";s:10:\"1777316310\";s:6:\"gfonts\";a:0:{}s:10:\"gfonts_url\";s:0:\"\";s:12:\"gfonts_files\";a:0:{}s:14:\"uag_faq_layout\";b:0;}"]},"uagb_featured_image_src":{"full":["https:\/\/www.ferberpainting.com\/wp-content\/uploads\/2025\/05\/HydroponicFertilizer5L.png",2560,2560,false],"thumbnail":["https:\/\/www.ferberpainting.com\/wp-content\/uploads\/2025\/05\/HydroponicFertilizer5L-150x150.png",150,150,true],"medium":["https:\/\/www.ferberpainting.com\/wp-content\/uploads\/2025\/05\/HydroponicFertilizer5L-300x300.png",300,300,true],"medium_large":["https:\/\/www.ferberpainting.com\/wp-content\/uploads\/2025\/05\/HydroponicFertilizer5L-768x768.png",768,768,true],"large":["https:\/\/www.ferberpainting.com\/wp-content\/uploads\/2025\/05\/HydroponicFertilizer5L-1024x1024.png",1024,1024,true],"1536x1536":["https:\/\/www.ferberpainting.com\/wp-content\/uploads\/2025\/05\/HydroponicFertilizer5L-1536x1536.png",1536,1536,true],"2048x2048":["https:\/\/www.ferberpainting.com\/wp-content\/uploads\/2025\/05\/HydroponicFertilizer5L-2048x2048.png",2048,2048,true],"trp-custom-language-flag":["https:\/\/www.ferberpainting.com\/wp-content\/uploads\/2025\/05\/HydroponicFertilizer5L-12x12.png",12,12,true],"woocommerce_thumbnail":["https:\/\/www.ferberpainting.com\/wp-content\/uploads\/2025\/05\/HydroponicFertilizer5L-300x300.png",300,300,true],"woocommerce_single":["https:\/\/www.ferberpainting.com\/wp-content\/uploads\/2025\/05\/HydroponicFertilizer5L-600x600.png",600,600,true],"woocommerce_gallery_thumbnail":["https:\/\/www.ferberpainting.com\/wp-content\/uploads\/2025\/05\/HydroponicFertilizer5L-100x100.png",100,100,true]},"uagb_author_info":{"display_name":"admin","author_link":"https:\/\/www.ferberpainting.com\/es\/author\/"},"uagb_comment_info":7,"uagb_excerpt":"A fertilizer specially designed for soilless and hydroponic cultivation.\u00a0Hydroponic cultivation relies on precise nutrient feeding, allowing plants to grow without soil by exclusively absorbing a tailored nutrient solution. This NPK 15-15-15 fertilizer has been specially formulated to meet the needs of hydroponic crops by providing a balanced supply of nitrogen (N) to promote vigorous vegetative&hellip;","_links":{"self":[{"href":"https:\/\/www.ferberpainting.com\/es\/wp-json\/wp\/v2\/product\/23544","targetHints":{"allow":["GET"]}}],"collection":[{"href":"https:\/\/www.ferberpainting.com\/es\/wp-json\/wp\/v2\/product"}],"about":[{"href":"https:\/\/www.ferberpainting.com\/es\/wp-json\/wp\/v2\/types\/product"}],"replies":[{"embeddable":true,"href":"https:\/\/www.ferberpainting.com\/es\/wp-json\/wp\/v2\/comments?post=23544"}],"version-history":[{"count":4,"href":"https:\/\/www.ferberpainting.com\/es\/wp-json\/wp\/v2\/product\/23544\/revisions"}],"predecessor-version":[{"id":166371,"href":"https:\/\/www.ferberpainting.com\/es\/wp-json\/wp\/v2\/product\/23544\/revisions\/166371"}],"wp:featuredmedia":[{"embeddable":true,"href":"https:\/\/www.ferberpainting.com\/es\/wp-json\/wp\/v2\/media\/26034"}],"wp:attachment":[{"href":"https:\/\/www.ferberpainting.com\/es\/wp-json\/wp\/v2\/media?parent=23544"}],"wp:term":[{"taxonomy":"product_brand","embeddable":true,"href":"https:\/\/www.ferberpainting.com\/es\/wp-json\/wp\/v2\/product_brand?post=23544"},{"taxonomy":"product_cat","embeddable":true,"href":"https:\/\/www.ferberpainting.com\/es\/wp-json\/wp\/v2\/product_cat?post=23544"},{"taxonomy":"product_tag","embeddable":true,"href":"https:\/\/www.ferberpainting.com\/es\/wp-json\/wp\/v2\/product_tag?post=23544"}],"curies":[{"name":"wp","href":"https:\/\/api.w.org\/{rel}","templated":true}]}}