{"id":23534,"date":"2025-05-26T10:24:38","date_gmt":"2025-05-26T08:24:38","guid":{"rendered":"https:\/\/www.ferberpainting.com\/products\/hibiscus-fertilizer\/"},"modified":"2026-02-15T19:25:03","modified_gmt":"2026-02-15T18:25:03","slug":"hibiscus-fertilizer","status":"publish","type":"product","link":"https:\/\/www.ferberpainting.com\/es\/products\/hibiscus-fertilizer\/","title":{"rendered":"Fertilizante para hibiscos"},"content":{"rendered":"<p><strong><img decoding=\"async\" style=\"margin-right: 12px;\" src=\"https:\/\/www.ferberpainting.com\/wp-content\/uploads\/2026\/02\/Check.svg\" alt=\"\" width=\"18\" height=\"15\" \/>Abono especialmente dise\u00f1ado para una floraci\u00f3n abundante y un follaje exuberante.<\/strong>\u00a0El hibisco es una planta tropical apreciada por sus grandes y coloridas flores y su exuberante follaje. Para garantizar una floraci\u00f3n espectacular y un crecimiento vigoroso, este abono NPK 15-15-15 proporciona un suministro perfectamente equilibrado de nitr\u00f3geno (N) para promover un follaje denso y exuberante, f\u00f3sforo (P) para estimular un enraizamiento profundo y una floraci\u00f3n abundante, y potasio (K) para reforzar la resistencia a las enfermedades y a las duras condiciones clim\u00e1ticas. Al aportar todos los nutrientes esenciales, nuestro abono garantiza un hibisco sano y en plena floraci\u00f3n, que producir\u00e1 flores deslumbrantes durante toda la temporada.<\/p>\n<p><strong><img decoding=\"async\" style=\"margin-right: 12px;\" src=\"https:\/\/www.ferberpainting.com\/wp-content\/uploads\/2026\/02\/Check.svg\" alt=\"\" width=\"18\" height=\"15\" \/>Garant\u00eda de devoluci\u00f3n del dinero.<\/strong>\u00a0Confiamos en la eficacia de nuestro abono para hibisco, por lo que ofrecemos una garant\u00eda de devoluci\u00f3n del dinero. Si, despu\u00e9s de utilizarlo seg\u00fan las recomendaciones, su hibisco no muestra una mejora significativa en el crecimiento, la floraci\u00f3n o la resistencia a las enfermedades, nos comprometemos a reembolsarle el importe \u00edntegro. Esta garant\u00eda le permite adquirir este producto con total confianza.<\/p>\n<p><strong><img decoding=\"async\" style=\"margin-right: 12px;\" src=\"https:\/\/www.ferberpainting.com\/wp-content\/uploads\/2026\/02\/Check.svg\" alt=\"\" width=\"18\" height=\"15\" \/>Adecuado para todas las variedades y todas las condiciones de cultivo.<\/strong>\u00a0Este abono es ideal para todas las variedades de hibisco, ya sea hibisco de interior, hibisco de jard\u00edn, hibisco syriacus (rosa de Sharon) o hibisco rosa-sinensis. Es adecuado para plantas cultivadas en campo abierto, en macetas o en invernaderos, garantizando una fertilizaci\u00f3n \u00f3ptima en todas las condiciones de cultivo. Tambi\u00e9n funciona en todo tipo de sustratos, incluidos los arcillosos, arenosos, ricos en humus o suelos espec\u00edficos para plantas ex\u00f3ticas.<\/p>\n<p><strong><img decoding=\"async\" style=\"margin-right: 12px;\" src=\"https:\/\/www.ferberpainting.com\/wp-content\/uploads\/2026\/02\/Check.svg\" alt=\"\" width=\"18\" height=\"15\" \/>Fertilizaci\u00f3n rentable y duradera.<\/strong>\u00a0Gracias a su f\u00f3rmula l\u00edquida altamente concentrada, un envase de 5 litros produce hasta 1.000 litros de soluci\u00f3n fertilizante, lo que garantiza una fertilizaci\u00f3n duradera y rentable. Con una dosificaci\u00f3n precisa de 5 ml por litro de agua, garantiza una absorci\u00f3n \u00f3ptima de nutrientes, reduciendo la p\u00e9rdida de nutrientes por lixiviaci\u00f3n y proporcionando a la planta una nutrici\u00f3n \u00f3ptima durante un periodo prolongado.<\/p>\n<p><strong><img decoding=\"async\" style=\"margin-right: 12px;\" src=\"https:\/\/www.ferberpainting.com\/wp-content\/uploads\/2026\/02\/Check.svg\" alt=\"\" width=\"18\" height=\"15\" \/>Un fertilizante seguro y respetuoso con el medio ambiente.<\/strong>\u00a0Nuestro abono es seguro para el suelo, la fauna y los ecosistemas locales. No contiene productos qu\u00edmicos nocivos que puedan alterar el equilibrio natural o perjudicar a los insectos polinizadores. Tambi\u00e9n es seguro para mascotas y ni\u00f1os, lo que garantiza una fertilizaci\u00f3n segura tanto en interiores como en exteriores.<\/p>\n<p><strong><img decoding=\"async\" style=\"margin-right: 12px;\" src=\"https:\/\/www.ferberpainting.com\/wp-content\/uploads\/2026\/02\/Check.svg\" alt=\"\" width=\"18\" height=\"15\" \/>F\u00e1cil aplicaci\u00f3n y fertilizaci\u00f3n sin complicaciones.<\/strong>\u00a0A diferencia de los fertilizantes tradicionales, que requieren un complejo esparcimiento, este abono se disuelve directamente en agua y puede aplicarse mediante riego o pulverizaci\u00f3n foliar, garantizando una distribuci\u00f3n uniforme de los nutrientes. Su sencillo y r\u00e1pido m\u00e9todo de aplicaci\u00f3n es adecuado tanto para jardineros aficionados como para cultivadores experimentados, ya que ofrece grandes resultados sin esfuerzo adicional.<\/p>\n<p><strong><img decoding=\"async\" style=\"margin-right: 12px;\" src=\"https:\/\/www.ferberpainting.com\/wp-content\/uploads\/2026\/02\/Check.svg\" alt=\"\" width=\"18\" height=\"15\" \/>Acci\u00f3n prolongada para una floraci\u00f3n continua y una mayor resistencia.<\/strong>\u00a0Gracias a su efecto de larga duraci\u00f3n, este abono nutre los hibiscos durante varias semanas, garantizando una floraci\u00f3n continua y unos colores vibrantes e intensos. Tambi\u00e9n mejora la resistencia de la planta a plagas, enfermedades y estr\u00e9s ambiental como clorosis, sequ\u00eda o vientos fuertes.<\/p>\n<p><strong><img decoding=\"async\" style=\"margin-right: 12px;\" src=\"https:\/\/www.ferberpainting.com\/wp-content\/uploads\/2026\/02\/Check.svg\" alt=\"\" width=\"18\" height=\"15\" \/>Resultados visibles en las primeras semanas.<\/strong>\u00a0Desde la primera aplicaci\u00f3n, este abono estimula el crecimiento de nuevos brotes, intensifica el color de las hojas y favorece la formaci\u00f3n de botones florales. En pocas semanas, sus hibiscos mostrar\u00e1n un crecimiento m\u00e1s r\u00e1pido, una floraci\u00f3n m\u00e1s abundante y unas flores m\u00e1s coloridas, convirtiendo su jard\u00edn interior o exterior en un aut\u00e9ntico para\u00edso tropical.<\/p>\n<h2><strong>Protocolo de uso<\/strong><\/h2>\n<ul>\n<li><strong>Diluci\u00f3n de fertilizantes <\/strong>: Mezclar 5 ml de abono por 1 litro de agua. Agitar la soluci\u00f3n antes de cada aplicaci\u00f3n para garantizar una distribuci\u00f3n uniforme de los nutrientes.<\/li>\n<li><strong>M\u00e9todo de aplicaci\u00f3n <\/strong>:\n<ul>\n<li><strong>Regando <\/strong>: Vierta la soluci\u00f3n diluida directamente en la base del hibisco, asegur\u00e1ndose de humedecer bien la tierra sin regar en exceso para evitar la lixiviaci\u00f3n de nutrientes.<\/li>\n<li><strong>Mediante pulverizaci\u00f3n foliar (opcional) <\/strong>: Pulverizar ligeramente la soluci\u00f3n sobre las hojas y las flores, a primera hora de la ma\u00f1ana o a \u00faltima del d\u00eda, para evitar una evaporaci\u00f3n r\u00e1pida y favorecer una absorci\u00f3n \u00f3ptima.<\/li>\n<\/ul>\n<\/li>\n<li><strong>Frecuencia de aplicaci\u00f3n :<\/strong>\n<ul>\n<li><strong>Durante los periodos de crecimiento y floraci\u00f3n (primavera-verano) <\/strong>: Aplique el abono cada dos semanas para garantizar una floraci\u00f3n abundante y un follaje exuberante.<\/li>\n<li><strong>Durante los periodos de latencia (oto\u00f1o-invierno) <\/strong>: Reducir la frecuencia a una vez al mes, para mantener el vigor de la planta sin fomentar un crecimiento excesivo.<\/li>\n<\/ul>\n<\/li>\n<li><strong>Riego adicional <\/strong>: Despu\u00e9s de aplicar el abono, espere 48 horas antes del siguiente riego, para optimizar la absorci\u00f3n de nutrientes por las ra\u00edces.<\/li>\n<li><strong>Precauciones de uso <\/strong>: No superar las dosis recomendadas para evitar una acumulaci\u00f3n excesiva de sales minerales en el sustrato, lo que podr\u00eda ralentizar el crecimiento del hibisco. Aplicar s\u00f3lo en suelos ligeramente h\u00famedos para garantizar una asimilaci\u00f3n \u00f3ptima de los nutrientes.<\/li>\n<li><strong>Almacenamiento y conservaci\u00f3n <\/strong>: Guarde el abono en un lugar fresco y templado, al abrigo de la luz y la humedad. Cerrar siempre bien el envase despu\u00e9s de cada uso para preservar la eficacia del producto y evitar la evaporaci\u00f3n.<\/li>\n<\/ul>\n<p>&nbsp;<\/p>\n<p>Con este abono para hibisco, proporcione a sus plantas una nutrici\u00f3n completa perfectamente adaptada a sus necesidades espec\u00edficas, garantizando un crecimiento vigoroso, una floraci\u00f3n espectacular y una mayor resistencia a las condiciones exteriores. Es la soluci\u00f3n ideal para embellecer su jard\u00edn, patio o espacio interior con plantas de hibisco radiantes y sanas durante todo el a\u00f1o.<\/p>\n<p>&nbsp;<\/p>\n<p>&nbsp;<\/p>","protected":false},"excerpt":{"rendered":"<p>A fertilizer specially designed for abundant flowering and lush foliage.\u00a0Hibiscus is a tropical plant prized for its large colorful flowers and lush foliage. To ensure spectacular flowering and vigorous growth, this\u00a0NPK 15-15-15 fertilizer provides a perfectly balanced supply of nitrogen (N) to promote dense and lush foliage, phosphorus (P) to stimulate deep rooting and abundant [&hellip;]<\/p>\n","protected":false},"featured_media":26029,"comment_status":"open","ping_status":"closed","template":"","meta":{"_uag_custom_page_level_css":"","site-sidebar-layout":"default","site-content-layout":"","ast-site-content-layout":"default","site-content-style":"default","site-sidebar-style":"default","ast-global-header-display":"","ast-banner-title-visibility":"","ast-main-header-display":"","ast-hfb-above-header-display":"","ast-hfb-below-header-display":"","ast-hfb-mobile-header-display":"","site-post-title":"","ast-breadcrumbs-content":"","ast-featured-img":"","footer-sml-layout":"","ast-disable-related-posts":"","theme-transparent-header-meta":"default","adv-header-id-meta":"","stick-header-meta":"","header-above-stick-meta":"","header-main-stick-meta":"","header-below-stick-meta":"","astra-migrate-meta-layouts":"set","ast-page-background-enabled":"default","ast-page-background-meta":{"desktop":{"background-color":"var(--ast-global-color-4)","background-image":"","background-repeat":"repeat","background-position":"center center","background-size":"auto","background-attachment":"scroll","background-type":"","background-media":"","overlay-type":"","overlay-color":"","overlay-opacity":"","overlay-gradient":""},"tablet":{"background-color":"","background-image":"","background-repeat":"repeat","background-position":"center center","background-size":"auto","background-attachment":"scroll","background-type":"","background-media":"","overlay-type":"","overlay-color":"","overlay-opacity":"","overlay-gradient":""},"mobile":{"background-color":"","background-image":"","background-repeat":"repeat","background-position":"center center","background-size":"auto","background-attachment":"scroll","background-type":"","background-media":"","overlay-type":"","overlay-color":"","overlay-opacity":"","overlay-gradient":""}},"ast-content-background-meta":{"desktop":{"background-color":"var(--ast-global-color-5)","background-image":"","background-repeat":"repeat","background-position":"center center","background-size":"auto","background-attachment":"scroll","background-type":"","background-media":"","overlay-type":"","overlay-color":"","overlay-opacity":"","overlay-gradient":""},"tablet":{"background-color":"var(--ast-global-color-5)","background-image":"","background-repeat":"repeat","background-position":"center center","background-size":"auto","background-attachment":"scroll","background-type":"","background-media":"","overlay-type":"","overlay-color":"","overlay-opacity":"","overlay-gradient":""},"mobile":{"background-color":"var(--ast-global-color-5)","background-image":"","background-repeat":"repeat","background-position":"center center","background-size":"auto","background-attachment":"scroll","background-type":"","background-media":"","overlay-type":"","overlay-color":"","overlay-opacity":"","overlay-gradient":""}}},"product_brand":[],"product_cat":[178],"product_tag":[],"class_list":{"0":"post-23534","1":"product","2":"type-product","3":"status-publish","4":"has-post-thumbnail","6":"product_cat-fertilizers","7":"desktop-align-left","8":"tablet-align-left","9":"mobile-align-left","11":"first","12":"instock","13":"sale","14":"taxable","15":"shipping-taxable","16":"purchasable","17":"product-type-variable","18":"has-default-attributes"},"spectra_custom_meta":{"_visibility":["visible"],"_shopify_product_id":["9067587895541"],"_s2w_shopify_domain":["ferberpainting.myshopify.com"],"_shopify_variant_id":["46507989336309"],"_sku":[""],"_manage_stock":["no"],"total_sales":["17"],"_tax_status":["taxable"],"_tax_class":[""],"_backorders":["no"],"_sold_individually":["no"],"_virtual":["no"],"_downloadable":["no"],"_download_limit":["-1"],"_download_expiry":["-1"],"_stock":[null],"_stock_status":["instock"],"_wc_average_rating":["4.71"],"_wc_review_count":["7"],"_product_attributes":["a:1:{s:6:\"volume\";a:6:{s:4:\"name\";s:6:\"Volume\";s:5:\"value\";s:20:\"5 liters | 25 liters\";s:8:\"position\";i:1;s:10:\"is_visible\";i:0;s:12:\"is_variation\";i:1;s:11:\"is_taxonomy\";i:0;}}"],"_product_version":["10.5.1"],"_thumbnail_id":["26029"],"_product_image_gallery":["26030"],"wpse_downloadable_file_names":[""],"wpse_downloadable_file_urls":[""],"_edit_last":["1"],"_default_attributes":["a:1:{s:6:\"volume\";s:8:\"5 liters\";}"],"_edit_lock":["1772290745:1"],"_price":["29.90","129.90"],"merchant-center-availability":["yes"],"merchant-center-category":["113"],"_wp_page_template":["default"],"site-sidebar-layout":["default"],"ast-site-content-layout":["default"],"site-content-style":["default"],"site-sidebar-style":["default"],"theme-transparent-header-meta":["default"],"_wc_rating_count":["a:2:{i:4;i:2;i:5;i:5;}"],"astra-migrate-meta-layouts":["set"],"_uag_css_file_name":["uag-css-23534.css"],"_elementor_page_assets":["a:0:{}"],"_uag_page_assets":["a:9:{s:3:\"css\";s:6873:\".wp-block-uagb-image{display:flex}.wp-block-uagb-image__figure{position:relative;display:flex;flex-direction:column;max-width:100%;height:auto;margin:0}.wp-block-uagb-image__figure img{height:auto;display:flex;max-width:100%;transition:box-shadow .2s ease}.wp-block-uagb-image__figure>a{display:inline-block}.wp-block-uagb-image__figure figcaption{text-align:center;margin-top:.5em;margin-bottom:1em}.wp-block-uagb-image .components-placeholder.block-editor-media-placeholder .components-placeholder__instructions{align-self:center}.wp-block-uagb-image--align-left{text-align:left}.wp-block-uagb-image--align-right{text-align:right}.wp-block-uagb-image--align-center{text-align:center}.wp-block-uagb-image--align-full .wp-block-uagb-image__figure{margin-left:calc(50% - 50vw);margin-right:calc(50% - 50vw);max-width:100vw;width:100vw;height:auto}.wp-block-uagb-image--align-full .wp-block-uagb-image__figure img{height:auto;width:100% !important}.wp-block-uagb-image--align-wide .wp-block-uagb-image__figure img{height:auto;width:100%}.wp-block-uagb-image--layout-overlay__color-wrapper{position:absolute;left:0;top:0;right:0;bottom:0;opacity:.2;background:rgba(0,0,0,.5);transition:opacity .35s ease-in-out}.wp-block-uagb-image--layout-overlay-link{position:absolute;left:0;right:0;bottom:0;top:0}.wp-block-uagb-image--layout-overlay .wp-block-uagb-image__figure:hover .wp-block-uagb-image--layout-overlay__color-wrapper{opacity:1}.wp-block-uagb-image--layout-overlay__inner{position:absolute;left:15px;right:15px;bottom:15px;top:15px;display:flex;align-items:center;justify-content:center;flex-direction:column;border-color:#fff;transition:.35s ease-in-out}.wp-block-uagb-image--layout-overlay__inner.top-left,.wp-block-uagb-image--layout-overlay__inner.top-center,.wp-block-uagb-image--layout-overlay__inner.top-right{justify-content:flex-start}.wp-block-uagb-image--layout-overlay__inner.bottom-left,.wp-block-uagb-image--layout-overlay__inner.bottom-center,.wp-block-uagb-image--layout-overlay__inner.bottom-right{justify-content:flex-end}.wp-block-uagb-image--layout-overlay__inner.top-left,.wp-block-uagb-image--layout-overlay__inner.center-left,.wp-block-uagb-image--layout-overlay__inner.bottom-left{align-items:flex-start}.wp-block-uagb-image--layout-overlay__inner.top-right,.wp-block-uagb-image--layout-overlay__inner.center-right,.wp-block-uagb-image--layout-overlay__inner.bottom-right{align-items:flex-end}.wp-block-uagb-image--layout-overlay__inner .uagb-image-heading{color:#fff;transition:transform .35s,opacity .35s ease-in-out;transform:translate3d(0, 24px, 0);margin:0;line-height:1em}.wp-block-uagb-image--layout-overlay__inner .uagb-image-separator{width:30%;border-top-width:2px;border-top-color:#fff;border-top-style:solid;margin-bottom:10px;opacity:0;transition:transform .4s,opacity .4s ease-in-out;transform:translate3d(0, 30px, 0)}.wp-block-uagb-image--layout-overlay__inner .uagb-image-caption{opacity:0;overflow:visible;color:#fff;transition:transform .45s,opacity .45s ease-in-out;transform:translate3d(0, 35px, 0)}.wp-block-uagb-image--layout-overlay__inner:hover .uagb-image-heading,.wp-block-uagb-image--layout-overlay__inner:hover .uagb-image-separator,.wp-block-uagb-image--layout-overlay__inner:hover .uagb-image-caption{opacity:1;transform:translate3d(0, 0, 0)}.wp-block-uagb-image--effect-zoomin .wp-block-uagb-image__figure img,.wp-block-uagb-image--effect-zoomin .wp-block-uagb-image__figure .wp-block-uagb-image--layout-overlay__color-wrapper{transform:scale(1);transition:transform .35s ease-in-out}.wp-block-uagb-image--effect-zoomin .wp-block-uagb-image__figure:hover img,.wp-block-uagb-image--effect-zoomin .wp-block-uagb-image__figure:hover .wp-block-uagb-image--layout-overlay__color-wrapper{transform:scale(1.05)}.wp-block-uagb-image--effect-slide .wp-block-uagb-image__figure img,.wp-block-uagb-image--effect-slide .wp-block-uagb-image__figure .wp-block-uagb-image--layout-overlay__color-wrapper{width:calc(100% + 40px) !important;max-width:none !important;transform:translate3d(-40px, 0, 0);transition:transform .35s ease-in-out}.wp-block-uagb-image--effect-slide .wp-block-uagb-image__figure:hover img,.wp-block-uagb-image--effect-slide .wp-block-uagb-image__figure:hover .wp-block-uagb-image--layout-overlay__color-wrapper{transform:translate3d(0, 0, 0)}.wp-block-uagb-image--effect-grayscale img{filter:grayscale(0%);transition:.35s ease-in-out}.wp-block-uagb-image--effect-grayscale:hover img{filter:grayscale(100%)}.wp-block-uagb-image--effect-blur img{filter:blur(0);transition:.35s ease-in-out}.wp-block-uagb-image--effect-blur:hover img{filter:blur(3px)}.uagb-block-e6f939b3.wp-block-uagb-image--layout-default figure img{box-shadow: 0px 0px 0 #00000070;}.uagb-block-e6f939b3.wp-block-uagb-image .wp-block-uagb-image__figure figcaption{font-style: normal;align-self: center;}.uagb-block-e6f939b3.wp-block-uagb-image--layout-overlay figure img{box-shadow: 0px 0px 0 #00000070;}.uagb-block-e6f939b3.wp-block-uagb-image--layout-overlay .wp-block-uagb-image--layout-overlay__color-wrapper{opacity: 0.2;}.uagb-block-e6f939b3.wp-block-uagb-image--layout-overlay .wp-block-uagb-image--layout-overlay__inner{left: 15px;right: 15px;top: 15px;bottom: 15px;}.uagb-block-e6f939b3.wp-block-uagb-image--layout-overlay .wp-block-uagb-image--layout-overlay__inner .uagb-image-heading{font-style: normal;color: #fff;opacity: 1;}.uagb-block-e6f939b3.wp-block-uagb-image--layout-overlay .wp-block-uagb-image--layout-overlay__inner .uagb-image-heading a{color: #fff;}.uagb-block-e6f939b3.wp-block-uagb-image--layout-overlay .wp-block-uagb-image--layout-overlay__inner .uagb-image-caption{opacity: 0;}.uagb-block-e6f939b3.wp-block-uagb-image--layout-overlay .wp-block-uagb-image__figure:hover .wp-block-uagb-image--layout-overlay__color-wrapper{opacity: 1;}.uagb-block-e6f939b3.wp-block-uagb-image .wp-block-uagb-image--layout-overlay__inner .uagb-image-separator{width: 30%;border-top-width: 2px;border-top-color: #fff;opacity: 0;}.uagb-block-e6f939b3.wp-block-uagb-image .wp-block-uagb-image__figure img{width: px;height: auto;}.uagb-block-e6f939b3.wp-block-uagb-image .wp-block-uagb-image__figure:hover .wp-block-uagb-image--layout-overlay__inner .uagb-image-caption{opacity: 1;}.uagb-block-e6f939b3.wp-block-uagb-image .wp-block-uagb-image__figure:hover .wp-block-uagb-image--layout-overlay__inner .uagb-image-separator{opacity: 1;}.uagb-block-e6f939b3.wp-block-uagb-image--layout-default figure:hover img{box-shadow: 0px 0px 0 #00000070;}.uagb-block-e6f939b3.wp-block-uagb-image--layout-overlay figure:hover img{box-shadow: 0px 0px 0 #00000070;}@media only screen and (max-width: 976px) {.uagb-block-e6f939b3.wp-block-uagb-image .wp-block-uagb-image__figure img{width: px;height: auto;}}@media only screen and (max-width: 767px) {.uagb-block-e6f939b3.wp-block-uagb-image .wp-block-uagb-image__figure img{width: px;height: auto;}}\";s:2:\"js\";s:0:\"\";s:18:\"current_block_list\";a:13:{i:0;s:11:\"core\/search\";i:1;s:10:\"core\/group\";i:2;s:12:\"core\/heading\";i:3;s:17:\"core\/latest-posts\";i:4;s:20:\"core\/latest-comments\";i:5;s:13:\"core\/archives\";i:6;s:15:\"core\/categories\";i:7;s:14:\"core\/paragraph\";i:8;s:10:\"uagb\/image\";i:9;s:11:\"core\/spacer\";i:10;s:30:\"woocommerce\/product-categories\";i:11;s:10:\"core\/image\";i:12;s:14:\"core\/shortcode\";}s:8:\"uag_flag\";b:1;s:11:\"uag_version\";s:10:\"1777322963\";s:6:\"gfonts\";a:0:{}s:10:\"gfonts_url\";s:0:\"\";s:12:\"gfonts_files\";a:0:{}s:14:\"uag_faq_layout\";b:0;}"]},"uagb_featured_image_src":{"full":["https:\/\/www.ferberpainting.com\/wp-content\/uploads\/2025\/05\/HibiscusFertilizer5L.png",2560,2560,false],"thumbnail":["https:\/\/www.ferberpainting.com\/wp-content\/uploads\/2025\/05\/HibiscusFertilizer5L-150x150.png",150,150,true],"medium":["https:\/\/www.ferberpainting.com\/wp-content\/uploads\/2025\/05\/HibiscusFertilizer5L-300x300.png",300,300,true],"medium_large":["https:\/\/www.ferberpainting.com\/wp-content\/uploads\/2025\/05\/HibiscusFertilizer5L-768x768.png",768,768,true],"large":["https:\/\/www.ferberpainting.com\/wp-content\/uploads\/2025\/05\/HibiscusFertilizer5L-1024x1024.png",1024,1024,true],"1536x1536":["https:\/\/www.ferberpainting.com\/wp-content\/uploads\/2025\/05\/HibiscusFertilizer5L-1536x1536.png",1536,1536,true],"2048x2048":["https:\/\/www.ferberpainting.com\/wp-content\/uploads\/2025\/05\/HibiscusFertilizer5L-2048x2048.png",2048,2048,true],"trp-custom-language-flag":["https:\/\/www.ferberpainting.com\/wp-content\/uploads\/2025\/05\/HibiscusFertilizer5L-12x12.png",12,12,true],"woocommerce_thumbnail":["https:\/\/www.ferberpainting.com\/wp-content\/uploads\/2025\/05\/HibiscusFertilizer5L-300x300.png",300,300,true],"woocommerce_single":["https:\/\/www.ferberpainting.com\/wp-content\/uploads\/2025\/05\/HibiscusFertilizer5L-600x600.png",600,600,true],"woocommerce_gallery_thumbnail":["https:\/\/www.ferberpainting.com\/wp-content\/uploads\/2025\/05\/HibiscusFertilizer5L-100x100.png",100,100,true]},"uagb_author_info":{"display_name":"admin","author_link":"https:\/\/www.ferberpainting.com\/es\/author\/"},"uagb_comment_info":7,"uagb_excerpt":"A fertilizer specially designed for abundant flowering and lush foliage.\u00a0Hibiscus is a tropical plant prized for its large colorful flowers and lush foliage. To ensure spectacular flowering and vigorous growth, this\u00a0NPK 15-15-15 fertilizer provides a perfectly balanced supply of nitrogen (N) to promote dense and lush foliage, phosphorus (P) to stimulate deep rooting and abundant&hellip;","_links":{"self":[{"href":"https:\/\/www.ferberpainting.com\/es\/wp-json\/wp\/v2\/product\/23534","targetHints":{"allow":["GET"]}}],"collection":[{"href":"https:\/\/www.ferberpainting.com\/es\/wp-json\/wp\/v2\/product"}],"about":[{"href":"https:\/\/www.ferberpainting.com\/es\/wp-json\/wp\/v2\/types\/product"}],"replies":[{"embeddable":true,"href":"https:\/\/www.ferberpainting.com\/es\/wp-json\/wp\/v2\/comments?post=23534"}],"version-history":[{"count":4,"href":"https:\/\/www.ferberpainting.com\/es\/wp-json\/wp\/v2\/product\/23534\/revisions"}],"predecessor-version":[{"id":166358,"href":"https:\/\/www.ferberpainting.com\/es\/wp-json\/wp\/v2\/product\/23534\/revisions\/166358"}],"wp:featuredmedia":[{"embeddable":true,"href":"https:\/\/www.ferberpainting.com\/es\/wp-json\/wp\/v2\/media\/26029"}],"wp:attachment":[{"href":"https:\/\/www.ferberpainting.com\/es\/wp-json\/wp\/v2\/media?parent=23534"}],"wp:term":[{"taxonomy":"product_brand","embeddable":true,"href":"https:\/\/www.ferberpainting.com\/es\/wp-json\/wp\/v2\/product_brand?post=23534"},{"taxonomy":"product_cat","embeddable":true,"href":"https:\/\/www.ferberpainting.com\/es\/wp-json\/wp\/v2\/product_cat?post=23534"},{"taxonomy":"product_tag","embeddable":true,"href":"https:\/\/www.ferberpainting.com\/es\/wp-json\/wp\/v2\/product_tag?post=23534"}],"curies":[{"name":"wp","href":"https:\/\/api.w.org\/{rel}","templated":true}]}}