{"id":23517,"date":"2025-07-01T11:59:28","date_gmt":"2025-07-01T09:59:28","guid":{"rendered":"https:\/\/www.ferberpainting.com\/?post_type=product&#038;p=23508"},"modified":"2026-02-15T19:12:45","modified_gmt":"2026-02-15T18:12:45","slug":"grout-water-repellent","status":"publish","type":"product","link":"https:\/\/www.ferberpainting.com\/es\/products\/grout-water-repellent\/","title":{"rendered":"Hdr\u00f3fugo para juntas"},"content":{"rendered":"<p><strong><img decoding=\"async\" style=\"margin-right: 12px;\" src=\"https:\/\/www.ferberpainting.com\/wp-content\/uploads\/2026\/02\/Check.svg\" alt=\"\" width=\"18\" height=\"15\" \/>Protecci\u00f3n duradera contra la humedad.<\/strong>\u00a0Este impermeabilizante de juntas es la soluci\u00f3n ideal para proteger sus juntas de la infiltraci\u00f3n de agua y la humedad. Crea una barrera impermeable en las superficies de las juntas, impidiendo que el agua penetre y permitiendo al mismo tiempo que los materiales adyacentes respiren. Perfecto para juntas de baldosas, mamposter\u00eda, hormig\u00f3n o ladrillo, proporciona una protecci\u00f3n duradera, tanto si se utiliza en interiores como en exteriores.<\/p>\n<p><strong><img decoding=\"async\" style=\"margin-right: 12px;\" src=\"https:\/\/www.ferberpainting.com\/wp-content\/uploads\/2026\/02\/Check.svg\" alt=\"\" width=\"18\" height=\"15\" \/>Satisfacci\u00f3n garantizada o le devolvemos su dinero.<\/strong>\u00a0Confiamos en la eficacia de nuestro producto, por lo que ofrecemos una garant\u00eda de satisfacci\u00f3n o devoluci\u00f3n del dinero. Si no est\u00e1 totalmente satisfecho con los resultados, puede solicitar el reembolso \u00edntegro. Esta garant\u00eda le permite probar el producto sin riesgos y disfrutar de una experiencia de compra sin preocupaciones.<\/p>\n<p><strong><img decoding=\"async\" style=\"margin-right: 12px;\" src=\"https:\/\/www.ferberpainting.com\/wp-content\/uploads\/2026\/02\/Check.svg\" alt=\"\" width=\"18\" height=\"15\" \/>Compatible con una amplia gama de materiales.<\/strong>\u00a0Este producto est\u00e1 dise\u00f1ado para su uso en diversos tipos de juntas y materiales. Es especialmente eficaz en juntas de baldosas, hormig\u00f3n, cemento y ladrillo, as\u00ed como en materiales similares. Ya sea para su uso en el ba\u00f1o, la cocina, la terraza o juntas exteriores expuestas a la humedad, este impermeabilizante de juntas es una soluci\u00f3n vers\u00e1til que garantiza un rendimiento \u00f3ptimo en muchas superficies.<\/p>\n<p><strong><img decoding=\"async\" style=\"margin-right: 12px;\" src=\"https:\/\/www.ferberpainting.com\/wp-content\/uploads\/2026\/02\/Check.svg\" alt=\"\" width=\"18\" height=\"15\" \/>Rendimiento econ\u00f3mico.<\/strong>\u00a0Este impermeabilizante de juntas ofrece una excelente relaci\u00f3n coste-eficacia. Un envase de 5 litros puede tratar docenas de metros cuadrados de juntas, garantizando una protecci\u00f3n a largo plazo con una sola aplicaci\u00f3n. Por t\u00e9rmino medio, un litro trata aproximadamente de 10 a 12 m\u00b2 de juntas, dependiendo de su tama\u00f1o y porosidad, lo que lo convierte en un producto excelente para grandes proyectos.<\/p>\n<p><strong><img decoding=\"async\" style=\"margin-right: 12px;\" src=\"https:\/\/www.ferberpainting.com\/wp-content\/uploads\/2026\/02\/Check.svg\" alt=\"\" width=\"18\" height=\"15\" \/>Seguro y respetuoso con los materiales.<\/strong>\u00a0Formulado con ingredientes especialmente seleccionados para un uso seguro, este producto respeta los materiales tratados. No contiene productos qu\u00edmicos agresivos, por lo que es ideal para superficies delicadas como juntas de baldosas y materiales porosos. No altera el aspecto, la textura ni el color de las juntas, lo que permite un acabado natural y est\u00e9tico.<\/p>\n<p><strong><img decoding=\"async\" style=\"margin-right: 12px;\" src=\"https:\/\/www.ferberpainting.com\/wp-content\/uploads\/2026\/02\/Check.svg\" alt=\"\" width=\"18\" height=\"15\" \/>Aplicaci\u00f3n r\u00e1pida y sencilla.<\/strong>\u00a0Este impermeabilizante de juntas est\u00e1 listo para usar, sin necesidad de diluci\u00f3n. Su sencilla aplicaci\u00f3n no requiere ninguna habilidad especial. Basta con pulverizarlo directamente sobre las juntas y extenderlo con una brocha, rodillo o esponja. El producto se absorbe f\u00e1cilmente y se seca con rapidez, ofreciendo una protecci\u00f3n instant\u00e1nea contra la humedad.<\/p>\n<p><strong><img decoding=\"async\" style=\"margin-right: 12px;\" src=\"https:\/\/www.ferberpainting.com\/wp-content\/uploads\/2026\/02\/Check.svg\" alt=\"\" width=\"18\" height=\"15\" \/>Durabilidad mejorada.<\/strong>\u00a0Una vez aplicado, el producto forma una barrera invisible que protege las juntas de la humedad y el agua durante meses o incluso a\u00f1os, dependiendo de la exposici\u00f3n. Est\u00e1 dise\u00f1ado para soportar las duras condiciones del exterior y no se degrada f\u00e1cilmente, ni siquiera tras varios lavados o periodos de alta humedad. Usted se beneficia de una protecci\u00f3n duradera con un mantenimiento m\u00ednimo.<\/p>\n<p><strong><img decoding=\"async\" style=\"margin-right: 12px;\" src=\"https:\/\/www.ferberpainting.com\/wp-content\/uploads\/2026\/02\/Check.svg\" alt=\"\" width=\"18\" height=\"15\" \/>Acci\u00f3n r\u00e1pida y eficacia inmediata.<\/strong>\u00a0Este impermeabilizante de juntas act\u00faa muy r\u00e1pidamente. Tras una sencilla aplicaci\u00f3n, el producto suele secarse en menos de una hora y empieza a proporcionar sus efectos protectores. Empieza a repeler el agua casi de inmediato, lo que le permite seguir utilizando la zona tratada poco despu\u00e9s.<\/p>\n<h2><strong>Protocolo de uso<\/strong><\/h2>\n<ul>\n<li><strong>Preparaci\u00f3n de la superficie <\/strong>: Antes de aplicar el impermeabilizante de juntas, aseg\u00farese de que las juntas est\u00e1n limpias, secas y libres de polvo, suciedad o residuos. Si es necesario, limpie las juntas con un limpiador adecuado y d\u00e9jelas secar completamente. Es esencial que las juntas est\u00e9n completamente secas para asegurar una correcta absorci\u00f3n del producto.<\/li>\n<li><strong>Aplicaci\u00f3n del producto <\/strong>: El producto est\u00e1 listo para su uso y no requiere diluci\u00f3n. Agitar ligeramente el envase antes de usar. Pulverizar el producto directamente sobre las juntas de manera uniforme. Tambi\u00e9n puede utilizar un pincel o una esponja para extender el producto y garantizar su total penetraci\u00f3n.<\/li>\n<li><strong>Cantidad a utilizar <\/strong>: Por t\u00e9rmino medio, un litro de producto cubre aproximadamente de 10 a 12 m\u00b2 de juntas. Para una protecci\u00f3n \u00f3ptima, aplique varias capas ligeras en lugar de una capa gruesa.<\/li>\n<li><strong>Tiempo de secado <\/strong>: Tras la aplicaci\u00f3n, deje secar el producto entre 30 minutos y 1 hora, dependiendo de la temperatura y la humedad. Una vez seco, forma una barrera impermeable que protege eficazmente contra la infiltraci\u00f3n de agua. Para obtener mejores resultados, evite exponer la superficie a la humedad durante las primeras horas tras la aplicaci\u00f3n.<\/li>\n<li><strong>Mantenimiento y reaplicaci\u00f3n <\/strong>: Para mantener la eficacia del producto, se recomienda una nueva aplicaci\u00f3n cada 6 a 12 meses, dependiendo de la exposici\u00f3n a la intemperie y la humedad. Una simple inspecci\u00f3n de las juntas ayudar\u00e1 a determinar si es necesaria una nueva aplicaci\u00f3n. Si aparecen signos de desgaste o penetraci\u00f3n de agua, vuelva a aplicar el producto.<\/li>\n<li><strong>Precauciones adicionales <\/strong>: Evite utilizar limpiadores fuertes o abrasivos en las juntas tratadas, ya que pueden da\u00f1ar el revestimiento impermeable. Si es necesario limpiar, opta por productos suaves y no corrosivos para preservar la impermeabilizaci\u00f3n y prolongar su vida \u00fatil.<\/li>\n<\/ul>\n<p>El impermeabilizante de juntas es una soluci\u00f3n sencilla, r\u00e1pida y eficaz para prolongar la vida \u00fatil de sus juntas y protegerlas de la humedad. Ya sea para juntas de baldosas, mamposter\u00eda u hormig\u00f3n, le ayudar\u00e1 a mantener sus superficies secas y resistentes, incluso en entornos muy h\u00famedos.<\/p>","protected":false},"excerpt":{"rendered":"<p>Long-Lasting Protection Against Moisture.\u00a0This joint waterproofer is the ideal solution to protect your joints from water infiltration and humidity. It creates a waterproof barrier on joint surfaces, preventing water from penetrating while allowing adjacent materials to breathe. Perfect for tile, masonry, concrete, or brick joints, it provides long-lasting protection, whether used indoors or outdoors. Satisfaction [&hellip;]<\/p>\n","protected":false},"featured_media":36284,"comment_status":"open","ping_status":"closed","template":"","meta":{"_uag_custom_page_level_css":"","site-sidebar-layout":"default","site-content-layout":"","ast-site-content-layout":"default","site-content-style":"default","site-sidebar-style":"default","ast-global-header-display":"","ast-banner-title-visibility":"","ast-main-header-display":"","ast-hfb-above-header-display":"","ast-hfb-below-header-display":"","ast-hfb-mobile-header-display":"","site-post-title":"","ast-breadcrumbs-content":"","ast-featured-img":"","footer-sml-layout":"","ast-disable-related-posts":"","theme-transparent-header-meta":"default","adv-header-id-meta":"","stick-header-meta":"","header-above-stick-meta":"","header-main-stick-meta":"","header-below-stick-meta":"","astra-migrate-meta-layouts":"set","ast-page-background-enabled":"default","ast-page-background-meta":{"desktop":{"background-color":"var(--ast-global-color-4)","background-image":"","background-repeat":"repeat","background-position":"center center","background-size":"auto","background-attachment":"scroll","background-type":"","background-media":"","overlay-type":"","overlay-color":"","overlay-opacity":"","overlay-gradient":""},"tablet":{"background-color":"","background-image":"","background-repeat":"repeat","background-position":"center center","background-size":"auto","background-attachment":"scroll","background-type":"","background-media":"","overlay-type":"","overlay-color":"","overlay-opacity":"","overlay-gradient":""},"mobile":{"background-color":"","background-image":"","background-repeat":"repeat","background-position":"center center","background-size":"auto","background-attachment":"scroll","background-type":"","background-media":"","overlay-type":"","overlay-color":"","overlay-opacity":"","overlay-gradient":""}},"ast-content-background-meta":{"desktop":{"background-color":"var(--ast-global-color-5)","background-image":"","background-repeat":"repeat","background-position":"center center","background-size":"auto","background-attachment":"scroll","background-type":"","background-media":"","overlay-type":"","overlay-color":"","overlay-opacity":"","overlay-gradient":""},"tablet":{"background-color":"var(--ast-global-color-5)","background-image":"","background-repeat":"repeat","background-position":"center center","background-size":"auto","background-attachment":"scroll","background-type":"","background-media":"","overlay-type":"","overlay-color":"","overlay-opacity":"","overlay-gradient":""},"mobile":{"background-color":"var(--ast-global-color-5)","background-image":"","background-repeat":"repeat","background-position":"center center","background-size":"auto","background-attachment":"scroll","background-type":"","background-media":"","overlay-type":"","overlay-color":"","overlay-opacity":"","overlay-gradient":""}}},"product_brand":[],"product_cat":[191],"product_tag":[],"class_list":{"0":"post-23517","1":"product","2":"type-product","3":"status-publish","4":"has-post-thumbnail","6":"product_cat-water-repellent","7":"desktop-align-left","8":"tablet-align-left","9":"mobile-align-left","11":"first","12":"instock","13":"sale","14":"taxable","15":"shipping-taxable","16":"purchasable","17":"product-type-variable","18":"has-default-attributes"},"spectra_custom_meta":{"_visibility":["visible"],"_shopify_product_id":["9106583847157"],"_s2w_shopify_domain":["ferberpainting.myshopify.com"],"_shopify_variant_id":["46626295415029"],"_sku":[""],"_manage_stock":["no"],"total_sales":["15"],"_tax_status":["taxable"],"_tax_class":[""],"_backorders":["no"],"_sold_individually":["no"],"_virtual":["no"],"_downloadable":["no"],"_download_limit":["-1"],"_download_expiry":["-1"],"_stock":[null],"_stock_status":["instock"],"_wc_average_rating":["5.00"],"_wc_review_count":["10"],"_product_attributes":["a:1:{s:6:\"volume\";a:6:{s:4:\"name\";s:6:\"Volume\";s:5:\"value\";s:20:\"5 liters | 25 liters\";s:8:\"position\";i:1;s:10:\"is_visible\";i:0;s:12:\"is_variation\";i:1;s:11:\"is_taxonomy\";i:0;}}"],"_product_version":["10.5.1"],"wpse_downloadable_file_names":[""],"wpse_downloadable_file_urls":[""],"_edit_last":["1"],"_default_attributes":["a:1:{s:6:\"volume\";s:8:\"5 liters\";}"],"_edit_lock":["1771179050:1"],"_price":["29.90","129.90"],"merchant-center-category":["503744"],"merchant-center-availability":["yes"],"_thumbnail_id":["36284"],"_wp_page_template":["default"],"_wp_old_date":["2025-05-26"],"_product_image_gallery":["36278"],"site-sidebar-layout":["default"],"ast-site-content-layout":["default"],"site-content-style":["default"],"site-sidebar-style":["default"],"theme-transparent-header-meta":["default"],"_wc_rating_count":["a:1:{i:5;i:10;}"],"astra-migrate-meta-layouts":["set"],"_uag_css_file_name":["uag-css-23517.css"],"_elementor_page_assets":["a:0:{}"],"_uag_page_assets":["a:9:{s:3:\"css\";s:6873:\".wp-block-uagb-image{display:flex}.wp-block-uagb-image__figure{position:relative;display:flex;flex-direction:column;max-width:100%;height:auto;margin:0}.wp-block-uagb-image__figure img{height:auto;display:flex;max-width:100%;transition:box-shadow .2s ease}.wp-block-uagb-image__figure>a{display:inline-block}.wp-block-uagb-image__figure figcaption{text-align:center;margin-top:.5em;margin-bottom:1em}.wp-block-uagb-image .components-placeholder.block-editor-media-placeholder .components-placeholder__instructions{align-self:center}.wp-block-uagb-image--align-left{text-align:left}.wp-block-uagb-image--align-right{text-align:right}.wp-block-uagb-image--align-center{text-align:center}.wp-block-uagb-image--align-full .wp-block-uagb-image__figure{margin-left:calc(50% - 50vw);margin-right:calc(50% - 50vw);max-width:100vw;width:100vw;height:auto}.wp-block-uagb-image--align-full .wp-block-uagb-image__figure img{height:auto;width:100% !important}.wp-block-uagb-image--align-wide .wp-block-uagb-image__figure img{height:auto;width:100%}.wp-block-uagb-image--layout-overlay__color-wrapper{position:absolute;left:0;top:0;right:0;bottom:0;opacity:.2;background:rgba(0,0,0,.5);transition:opacity .35s ease-in-out}.wp-block-uagb-image--layout-overlay-link{position:absolute;left:0;right:0;bottom:0;top:0}.wp-block-uagb-image--layout-overlay .wp-block-uagb-image__figure:hover .wp-block-uagb-image--layout-overlay__color-wrapper{opacity:1}.wp-block-uagb-image--layout-overlay__inner{position:absolute;left:15px;right:15px;bottom:15px;top:15px;display:flex;align-items:center;justify-content:center;flex-direction:column;border-color:#fff;transition:.35s ease-in-out}.wp-block-uagb-image--layout-overlay__inner.top-left,.wp-block-uagb-image--layout-overlay__inner.top-center,.wp-block-uagb-image--layout-overlay__inner.top-right{justify-content:flex-start}.wp-block-uagb-image--layout-overlay__inner.bottom-left,.wp-block-uagb-image--layout-overlay__inner.bottom-center,.wp-block-uagb-image--layout-overlay__inner.bottom-right{justify-content:flex-end}.wp-block-uagb-image--layout-overlay__inner.top-left,.wp-block-uagb-image--layout-overlay__inner.center-left,.wp-block-uagb-image--layout-overlay__inner.bottom-left{align-items:flex-start}.wp-block-uagb-image--layout-overlay__inner.top-right,.wp-block-uagb-image--layout-overlay__inner.center-right,.wp-block-uagb-image--layout-overlay__inner.bottom-right{align-items:flex-end}.wp-block-uagb-image--layout-overlay__inner .uagb-image-heading{color:#fff;transition:transform .35s,opacity .35s ease-in-out;transform:translate3d(0, 24px, 0);margin:0;line-height:1em}.wp-block-uagb-image--layout-overlay__inner .uagb-image-separator{width:30%;border-top-width:2px;border-top-color:#fff;border-top-style:solid;margin-bottom:10px;opacity:0;transition:transform .4s,opacity .4s ease-in-out;transform:translate3d(0, 30px, 0)}.wp-block-uagb-image--layout-overlay__inner .uagb-image-caption{opacity:0;overflow:visible;color:#fff;transition:transform .45s,opacity .45s ease-in-out;transform:translate3d(0, 35px, 0)}.wp-block-uagb-image--layout-overlay__inner:hover .uagb-image-heading,.wp-block-uagb-image--layout-overlay__inner:hover .uagb-image-separator,.wp-block-uagb-image--layout-overlay__inner:hover .uagb-image-caption{opacity:1;transform:translate3d(0, 0, 0)}.wp-block-uagb-image--effect-zoomin .wp-block-uagb-image__figure img,.wp-block-uagb-image--effect-zoomin .wp-block-uagb-image__figure .wp-block-uagb-image--layout-overlay__color-wrapper{transform:scale(1);transition:transform .35s ease-in-out}.wp-block-uagb-image--effect-zoomin .wp-block-uagb-image__figure:hover img,.wp-block-uagb-image--effect-zoomin .wp-block-uagb-image__figure:hover .wp-block-uagb-image--layout-overlay__color-wrapper{transform:scale(1.05)}.wp-block-uagb-image--effect-slide .wp-block-uagb-image__figure img,.wp-block-uagb-image--effect-slide .wp-block-uagb-image__figure .wp-block-uagb-image--layout-overlay__color-wrapper{width:calc(100% + 40px) !important;max-width:none !important;transform:translate3d(-40px, 0, 0);transition:transform .35s ease-in-out}.wp-block-uagb-image--effect-slide .wp-block-uagb-image__figure:hover img,.wp-block-uagb-image--effect-slide .wp-block-uagb-image__figure:hover .wp-block-uagb-image--layout-overlay__color-wrapper{transform:translate3d(0, 0, 0)}.wp-block-uagb-image--effect-grayscale img{filter:grayscale(0%);transition:.35s ease-in-out}.wp-block-uagb-image--effect-grayscale:hover img{filter:grayscale(100%)}.wp-block-uagb-image--effect-blur img{filter:blur(0);transition:.35s ease-in-out}.wp-block-uagb-image--effect-blur:hover img{filter:blur(3px)}.uagb-block-e6f939b3.wp-block-uagb-image--layout-default figure img{box-shadow: 0px 0px 0 #00000070;}.uagb-block-e6f939b3.wp-block-uagb-image .wp-block-uagb-image__figure figcaption{font-style: normal;align-self: center;}.uagb-block-e6f939b3.wp-block-uagb-image--layout-overlay figure img{box-shadow: 0px 0px 0 #00000070;}.uagb-block-e6f939b3.wp-block-uagb-image--layout-overlay .wp-block-uagb-image--layout-overlay__color-wrapper{opacity: 0.2;}.uagb-block-e6f939b3.wp-block-uagb-image--layout-overlay .wp-block-uagb-image--layout-overlay__inner{left: 15px;right: 15px;top: 15px;bottom: 15px;}.uagb-block-e6f939b3.wp-block-uagb-image--layout-overlay .wp-block-uagb-image--layout-overlay__inner .uagb-image-heading{font-style: normal;color: #fff;opacity: 1;}.uagb-block-e6f939b3.wp-block-uagb-image--layout-overlay .wp-block-uagb-image--layout-overlay__inner .uagb-image-heading a{color: #fff;}.uagb-block-e6f939b3.wp-block-uagb-image--layout-overlay .wp-block-uagb-image--layout-overlay__inner .uagb-image-caption{opacity: 0;}.uagb-block-e6f939b3.wp-block-uagb-image--layout-overlay .wp-block-uagb-image__figure:hover .wp-block-uagb-image--layout-overlay__color-wrapper{opacity: 1;}.uagb-block-e6f939b3.wp-block-uagb-image .wp-block-uagb-image--layout-overlay__inner .uagb-image-separator{width: 30%;border-top-width: 2px;border-top-color: #fff;opacity: 0;}.uagb-block-e6f939b3.wp-block-uagb-image .wp-block-uagb-image__figure img{width: px;height: auto;}.uagb-block-e6f939b3.wp-block-uagb-image .wp-block-uagb-image__figure:hover .wp-block-uagb-image--layout-overlay__inner .uagb-image-caption{opacity: 1;}.uagb-block-e6f939b3.wp-block-uagb-image .wp-block-uagb-image__figure:hover .wp-block-uagb-image--layout-overlay__inner .uagb-image-separator{opacity: 1;}.uagb-block-e6f939b3.wp-block-uagb-image--layout-default figure:hover img{box-shadow: 0px 0px 0 #00000070;}.uagb-block-e6f939b3.wp-block-uagb-image--layout-overlay figure:hover img{box-shadow: 0px 0px 0 #00000070;}@media only screen and (max-width: 976px) {.uagb-block-e6f939b3.wp-block-uagb-image .wp-block-uagb-image__figure img{width: px;height: auto;}}@media only screen and (max-width: 767px) {.uagb-block-e6f939b3.wp-block-uagb-image .wp-block-uagb-image__figure img{width: px;height: auto;}}\";s:2:\"js\";s:0:\"\";s:18:\"current_block_list\";a:13:{i:0;s:11:\"core\/search\";i:1;s:10:\"core\/group\";i:2;s:12:\"core\/heading\";i:3;s:17:\"core\/latest-posts\";i:4;s:20:\"core\/latest-comments\";i:5;s:13:\"core\/archives\";i:6;s:15:\"core\/categories\";i:7;s:14:\"core\/paragraph\";i:8;s:10:\"uagb\/image\";i:9;s:11:\"core\/spacer\";i:10;s:30:\"woocommerce\/product-categories\";i:11;s:10:\"core\/image\";i:12;s:14:\"core\/shortcode\";}s:8:\"uag_flag\";b:1;s:11:\"uag_version\";s:10:\"1777266991\";s:6:\"gfonts\";a:0:{}s:10:\"gfonts_url\";s:0:\"\";s:12:\"gfonts_files\";a:0:{}s:14:\"uag_faq_layout\";b:0;}"]},"uagb_featured_image_src":{"full":["https:\/\/www.ferberpainting.com\/wp-content\/uploads\/2025\/05\/Grout-Water-Repellent-5L-.png",2560,2560,false],"thumbnail":["https:\/\/www.ferberpainting.com\/wp-content\/uploads\/2025\/05\/Grout-Water-Repellent-5L--150x150.png",150,150,true],"medium":["https:\/\/www.ferberpainting.com\/wp-content\/uploads\/2025\/05\/Grout-Water-Repellent-5L--300x300.png",300,300,true],"medium_large":["https:\/\/www.ferberpainting.com\/wp-content\/uploads\/2025\/05\/Grout-Water-Repellent-5L--768x768.png",768,768,true],"large":["https:\/\/www.ferberpainting.com\/wp-content\/uploads\/2025\/05\/Grout-Water-Repellent-5L--1024x1024.png",1024,1024,true],"1536x1536":["https:\/\/www.ferberpainting.com\/wp-content\/uploads\/2025\/05\/Grout-Water-Repellent-5L--1536x1536.png",1536,1536,true],"2048x2048":["https:\/\/www.ferberpainting.com\/wp-content\/uploads\/2025\/05\/Grout-Water-Repellent-5L--2048x2048.png",2048,2048,true],"trp-custom-language-flag":["https:\/\/www.ferberpainting.com\/wp-content\/uploads\/2025\/05\/Grout-Water-Repellent-5L--12x12.png",12,12,true],"woocommerce_thumbnail":["https:\/\/www.ferberpainting.com\/wp-content\/uploads\/2025\/05\/Grout-Water-Repellent-5L--300x300.png",300,300,true],"woocommerce_single":["https:\/\/www.ferberpainting.com\/wp-content\/uploads\/2025\/05\/Grout-Water-Repellent-5L--600x600.png",600,600,true],"woocommerce_gallery_thumbnail":["https:\/\/www.ferberpainting.com\/wp-content\/uploads\/2025\/05\/Grout-Water-Repellent-5L--100x100.png",100,100,true]},"uagb_author_info":{"display_name":"admin","author_link":"https:\/\/www.ferberpainting.com\/es\/author\/"},"uagb_comment_info":10,"uagb_excerpt":"Long-Lasting Protection Against Moisture.\u00a0This joint waterproofer is the ideal solution to protect your joints from water infiltration and humidity. It creates a waterproof barrier on joint surfaces, preventing water from penetrating while allowing adjacent materials to breathe. Perfect for tile, masonry, concrete, or brick joints, it provides long-lasting protection, whether used indoors or outdoors. Satisfaction&hellip;","_links":{"self":[{"href":"https:\/\/www.ferberpainting.com\/es\/wp-json\/wp\/v2\/product\/23517","targetHints":{"allow":["GET"]}}],"collection":[{"href":"https:\/\/www.ferberpainting.com\/es\/wp-json\/wp\/v2\/product"}],"about":[{"href":"https:\/\/www.ferberpainting.com\/es\/wp-json\/wp\/v2\/types\/product"}],"replies":[{"embeddable":true,"href":"https:\/\/www.ferberpainting.com\/es\/wp-json\/wp\/v2\/comments?post=23517"}],"version-history":[{"count":4,"href":"https:\/\/www.ferberpainting.com\/es\/wp-json\/wp\/v2\/product\/23517\/revisions"}],"predecessor-version":[{"id":166347,"href":"https:\/\/www.ferberpainting.com\/es\/wp-json\/wp\/v2\/product\/23517\/revisions\/166347"}],"wp:featuredmedia":[{"embeddable":true,"href":"https:\/\/www.ferberpainting.com\/es\/wp-json\/wp\/v2\/media\/36284"}],"wp:attachment":[{"href":"https:\/\/www.ferberpainting.com\/es\/wp-json\/wp\/v2\/media?parent=23517"}],"wp:term":[{"taxonomy":"product_brand","embeddable":true,"href":"https:\/\/www.ferberpainting.com\/es\/wp-json\/wp\/v2\/product_brand?post=23517"},{"taxonomy":"product_cat","embeddable":true,"href":"https:\/\/www.ferberpainting.com\/es\/wp-json\/wp\/v2\/product_cat?post=23517"},{"taxonomy":"product_tag","embeddable":true,"href":"https:\/\/www.ferberpainting.com\/es\/wp-json\/wp\/v2\/product_tag?post=23517"}],"curies":[{"name":"wp","href":"https:\/\/api.w.org\/{rel}","templated":true}]}}