{"id":23217,"date":"2025-07-01T13:27:04","date_gmt":"2025-07-01T11:27:04","guid":{"rendered":"https:\/\/www.ferberpainting.com\/?post_type=product&#038;p=23217"},"modified":"2026-02-15T13:56:17","modified_gmt":"2026-02-15T12:56:17","slug":"expanding-foam-cleaner","status":"publish","type":"product","link":"https:\/\/www.ferberpainting.com\/es\/products\/expanding-foam-cleaner\/","title":{"rendered":"Limpiador de espuma de poliuretano (PU)"},"content":{"rendered":"<p><img decoding=\"async\" style=\"margin-right: 12px;\" src=\"https:\/\/www.ferberpainting.com\/wp-content\/uploads\/2026\/02\/Check.svg\" alt=\"\" width=\"18\" height=\"15\" \/><strong>Eficiencia \u00f3ptima.<\/strong>\u00a0Este limpiador de espuma expansible est\u00e1 dise\u00f1ado para eliminar eficazmente los residuos de espuma de poliuretano fresca de herramientas, superficies e incluso la piel. Su potente f\u00f3rmula disuelve r\u00e1pidamente la espuma no curada y evita el endurecimiento prematuro, facilitando la limpieza de las pistolas aplicadoras y las superficies despu\u00e9s de su uso. Garantiza un trabajo limpio y ordenado en todo momento al evitar la antiest\u00e9tica acumulaci\u00f3n de espuma.<\/p>\n<p><img decoding=\"async\" style=\"margin-right: 12px;\" src=\"https:\/\/www.ferberpainting.com\/wp-content\/uploads\/2026\/02\/Check.svg\" alt=\"\" width=\"18\" height=\"15\" \/><strong>Garant\u00eda de devoluci\u00f3n del dinero.<\/strong>\u00a0Confiamos plenamente en el rendimiento de nuestro limpiador. Si no est\u00e1 completamente satisfecho con los resultados, tiene derecho a un reembolso completo. Pruebe nuestro producto sin riesgos y disfrute de un acabado impecable con cada uso.<\/p>\n<p><img decoding=\"async\" style=\"margin-right: 12px;\" src=\"https:\/\/www.ferberpainting.com\/wp-content\/uploads\/2026\/02\/Check.svg\" alt=\"\" width=\"18\" height=\"15\" \/><strong>Versatilidad excepcional.<\/strong>\u00a0Este limpiador no se limita a las pistolas de espuma. Tambi\u00e9n elimina la espuma fresca de una amplia variedad de materiales como hormig\u00f3n, cemento, mortero, metal, madera, pl\u00e1stico, aluminio, vidrio y cer\u00e1mica. Tambi\u00e9n es ideal para limpiar equipos, superficies de trabajo e incluso ropa cuando la espuma a\u00fan est\u00e1 blanda, garantizando una limpieza r\u00e1pida y eficaz en todas las superficies afectadas.<\/p>\n<p><img decoding=\"async\" style=\"margin-right: 12px;\" src=\"https:\/\/www.ferberpainting.com\/wp-content\/uploads\/2026\/02\/Check.svg\" alt=\"\" width=\"18\" height=\"15\" \/><strong>Rentable.<\/strong>\u00a0Con su botella de 5 litros y su alta concentraci\u00f3n, este limpiador ofrece un rendimiento excelente. Una peque\u00f1a cantidad es suficiente para disolver la espuma no curada y limpiar varias herramientas o superficies en una sola aplicaci\u00f3n. Por t\u00e9rmino medio, un litro trata hasta 20 m\u00b2 de superficie sucia de espuma, lo que lo convierte en una soluci\u00f3n eficaz y econ\u00f3mica para un uso regular o intensivo.<\/p>\n<p><img decoding=\"async\" style=\"margin-right: 12px;\" src=\"https:\/\/www.ferberpainting.com\/wp-content\/uploads\/2026\/02\/Check.svg\" alt=\"\" width=\"18\" height=\"15\" \/><strong>Seguro de usar.<\/strong>\u00a0A diferencia de los disolventes agresivos que pueden da\u00f1ar los materiales o irritar la piel, este limpiador est\u00e1 formulado para ser seguro tanto para las superficies como para los usuarios. No contiene vapores t\u00f3xicos, no presenta riesgos de corrosi\u00f3n y garantiza un uso seguro tanto para profesionales como para aficionados al bricolaje. Su suave acci\u00f3n limpia eficazmente sin da\u00f1ar los equipos ni las superficies tratadas.<\/p>\n<p><img decoding=\"async\" style=\"margin-right: 12px;\" src=\"https:\/\/www.ferberpainting.com\/wp-content\/uploads\/2026\/02\/Check.svg\" alt=\"\" width=\"18\" height=\"15\" \/><strong>Facilidad de uso.<\/strong>\u00a0Este producto est\u00e1 listo para usar y no requiere diluci\u00f3n ni preparaci\u00f3n compleja. Se aplica directamente sobre la espuma no curada utilizando un pa\u00f1o, una esponja o un pulverizador. Su aplicaci\u00f3n r\u00e1pida e intuitiva permite eliminar los residuos sin esfuerzo, haciendo que la limpieza de herramientas y superficies sea m\u00e1s r\u00e1pida y f\u00e1cil que nunca.<\/p>\n<p><img decoding=\"async\" style=\"margin-right: 12px;\" src=\"https:\/\/www.ferberpainting.com\/wp-content\/uploads\/2026\/02\/Check.svg\" alt=\"\" width=\"18\" height=\"15\" \/><strong>Rendimiento duradero.<\/strong>\u00a0Al eliminar eficazmente los residuos de espuma, este limpiador prolonga la vida \u00fatil de las pistolas de espuma y las herramientas de trabajo. Evita la obstrucci\u00f3n de los componentes, garantizando un rendimiento \u00f3ptimo. El uso regular de este producto mantiene el equipo limpio y en buenas condiciones de funcionamiento, evitando costosas sustituciones debidas a obstrucciones por espuma seca.<\/p>\n<p><img decoding=\"async\" style=\"margin-right: 12px;\" src=\"https:\/\/www.ferberpainting.com\/wp-content\/uploads\/2026\/02\/Check.svg\" alt=\"\" width=\"18\" height=\"15\" \/><strong>Acci\u00f3n r\u00e1pida.<\/strong>\u00a0Gracias a su f\u00f3rmula altamente reactiva, este limpiador act\u00faa inmediatamente sobre la espuma fresca en expansi\u00f3n. En s\u00f3lo unos segundos, disuelve los residuos y permite eliminarlos f\u00e1cilmente sin necesidad de fregar. Proporciona una limpieza r\u00e1pida y eficaz, ideal para lugares de trabajo donde la rapidez y la limpieza son esenciales para obtener un resultado impecable.<\/p>\n<h2><strong>Protocolo de uso<\/strong><\/h2>\n<ul>\n<li><strong>Preparaci\u00f3n <\/strong>: Aseg\u00farese de que la espuma expansiva est\u00e1 todav\u00eda fresca antes de aplicar el limpiador. No espere a que se endurezca para obtener resultados \u00f3ptimos.<\/li>\n<li><strong>Aplicaci\u00f3n en superficie <\/strong>: Vierta una peque\u00f1a cantidad de limpiador en un pa\u00f1o o esponja limpios y, a continuaci\u00f3n, apl\u00edquelo directamente sobre la espuma con movimientos circulares para que penetre el producto.<\/li>\n<li><strong>Uso de la pistola de espuma <\/strong>: Desenrosque el bote de espuma usado, inserte la boquilla del limpiador en la pistola y pulverice el limpiador hasta que el l\u00edquido salga limpio. Esto garantiza la eliminaci\u00f3n completa de los residuos internos.<\/li>\n<li><strong>Herramientas y equipos de limpieza <\/strong>: Aplique el limpiador a un pa\u00f1o empapado en producto y limpie esp\u00e1tulas, cuchillos, paletas y otras herramientas utilizadas con espuma. Dejar reposar unos instantes y secar con un pa\u00f1o.<\/li>\n<li><strong>Limpieza de ropa y tejidos <\/strong>: Para salpicaduras en tejidos, aplique inmediatamente una peque\u00f1a cantidad de limpiador y frote suavemente antes de que la espuma se endurezca. Aclarar abundantemente con agua limpia.<\/li>\n<li><strong>Secado y acabado <\/strong>: Deje que las superficies se sequen completamente antes de volver a utilizarlas. En el caso de las pistolas, purgue completamente el mecanismo antes de instalar un nuevo bote.<\/li>\n<li><strong>Frecuencia de uso <\/strong>: Utilizar despu\u00e9s de cada aplicaci\u00f3n de espuma expansiva para evitar atascos. Para superficies, aplicar en cuanto aparezcan restos de espuma para evitar el endurecimiento.<\/li>\n<li><strong>Almacenamiento <\/strong>: Cierre bien el frasco despu\u00e9s de cada uso y gu\u00e1rdelo en un lugar fresco y seco, protegido de la luz y de temperaturas extremas, para preservar la eficacia del producto a largo plazo.<\/li>\n<\/ul>\n<p>Con nuestra espuma limpiadora expansiva, elimine los residuos de forma r\u00e1pida y eficaz, manteniendo sus herramientas y superficies de trabajo en excelentes condiciones. La soluci\u00f3n ideal para una limpieza r\u00e1pida, ordenada y sin esfuerzo.<\/p>","protected":false},"excerpt":{"rendered":"<p>Optimal Efficiency.\u00a0This expanding foam cleaner is designed to effectively remove fresh polyurethane foam residues from tools, surfaces, and even skin. Its powerful formula rapidly dissolves uncured foam and prevents premature hardening, making it easier to clean applicator guns and surfaces after use. It ensures clean and neat work every time by preventing unsightly foam buildup. [&hellip;]<\/p>\n","protected":false},"featured_media":36372,"comment_status":"open","ping_status":"closed","template":"","meta":{"_uag_custom_page_level_css":"","site-sidebar-layout":"default","site-content-layout":"","ast-site-content-layout":"default","site-content-style":"default","site-sidebar-style":"default","ast-global-header-display":"","ast-banner-title-visibility":"","ast-main-header-display":"","ast-hfb-above-header-display":"","ast-hfb-below-header-display":"","ast-hfb-mobile-header-display":"","site-post-title":"","ast-breadcrumbs-content":"","ast-featured-img":"","footer-sml-layout":"","ast-disable-related-posts":"","theme-transparent-header-meta":"default","adv-header-id-meta":"","stick-header-meta":"","header-above-stick-meta":"","header-main-stick-meta":"","header-below-stick-meta":"","astra-migrate-meta-layouts":"set","ast-page-background-enabled":"default","ast-page-background-meta":{"desktop":{"background-color":"var(--ast-global-color-4)","background-image":"","background-repeat":"repeat","background-position":"center center","background-size":"auto","background-attachment":"scroll","background-type":"","background-media":"","overlay-type":"","overlay-color":"","overlay-opacity":"","overlay-gradient":""},"tablet":{"background-color":"","background-image":"","background-repeat":"repeat","background-position":"center center","background-size":"auto","background-attachment":"scroll","background-type":"","background-media":"","overlay-type":"","overlay-color":"","overlay-opacity":"","overlay-gradient":""},"mobile":{"background-color":"","background-image":"","background-repeat":"repeat","background-position":"center center","background-size":"auto","background-attachment":"scroll","background-type":"","background-media":"","overlay-type":"","overlay-color":"","overlay-opacity":"","overlay-gradient":""}},"ast-content-background-meta":{"desktop":{"background-color":"var(--ast-global-color-5)","background-image":"","background-repeat":"repeat","background-position":"center center","background-size":"auto","background-attachment":"scroll","background-type":"","background-media":"","overlay-type":"","overlay-color":"","overlay-opacity":"","overlay-gradient":""},"tablet":{"background-color":"var(--ast-global-color-5)","background-image":"","background-repeat":"repeat","background-position":"center center","background-size":"auto","background-attachment":"scroll","background-type":"","background-media":"","overlay-type":"","overlay-color":"","overlay-opacity":"","overlay-gradient":""},"mobile":{"background-color":"var(--ast-global-color-5)","background-image":"","background-repeat":"repeat","background-position":"center center","background-size":"auto","background-attachment":"scroll","background-type":"","background-media":"","overlay-type":"","overlay-color":"","overlay-opacity":"","overlay-gradient":""}}},"product_brand":[],"product_cat":[175],"product_tag":[],"class_list":{"0":"post-23217","1":"product","2":"type-product","3":"status-publish","4":"has-post-thumbnail","6":"product_cat-cleaning-products","7":"desktop-align-left","8":"tablet-align-left","9":"mobile-align-left","11":"first","12":"instock","13":"sale","14":"taxable","15":"shipping-taxable","16":"purchasable","17":"product-type-variable","18":"has-default-attributes"},"spectra_custom_meta":{"_visibility":["visible"],"_shopify_product_id":["9104800776437"],"_s2w_shopify_domain":["ferberpainting.myshopify.com"],"_shopify_variant_id":["46620998238453"],"_sku":[""],"_manage_stock":["no"],"total_sales":["1"],"_tax_status":["taxable"],"_tax_class":[""],"_backorders":["no"],"_sold_individually":["no"],"_virtual":["no"],"_downloadable":["no"],"_download_limit":["-1"],"_download_expiry":["-1"],"_stock":[null],"_stock_status":["instock"],"_wc_average_rating":["5.00"],"_wc_review_count":["19"],"_product_attributes":["a:1:{s:6:\"volume\";a:6:{s:4:\"name\";s:6:\"Volume\";s:5:\"value\";s:20:\"5 liters | 25 liters\";s:8:\"position\";i:1;s:10:\"is_visible\";i:0;s:12:\"is_variation\";i:1;s:11:\"is_taxonomy\";i:0;}}"],"_product_version":["10.5.1"],"wpse_downloadable_file_names":[""],"wpse_downloadable_file_urls":[""],"_edit_last":["1"],"_default_attributes":["a:1:{s:6:\"volume\";s:8:\"5 liters\";}"],"_edit_lock":["1771160038:1"],"merchant-center-availability":["yes"],"merchant-center-category":["7504"],"_price":["29.90","129.90"],"_thumbnail_id":["36372"],"_wp_page_template":["default"],"_wp_old_date":["2025-05-26"],"_product_image_gallery":["36373"],"site-sidebar-layout":["default"],"ast-site-content-layout":["default"],"site-content-style":["default"],"site-sidebar-style":["default"],"theme-transparent-header-meta":["default"],"_wc_rating_count":["a:1:{i:5;i:19;}"],"astra-migrate-meta-layouts":["set"],"_uag_css_file_name":["uag-css-23217.css"],"_elementor_page_assets":["a:0:{}"],"_uag_page_assets":["a:9:{s:3:\"css\";s:7133:\".uag-blocks-common-selector{z-index:var(--z-index-desktop) !important}@media(max-width: 976px){.uag-blocks-common-selector{z-index:var(--z-index-tablet) !important}}@media(max-width: 767px){.uag-blocks-common-selector{z-index:var(--z-index-mobile) !important}}.wp-block-uagb-image{display:flex}.wp-block-uagb-image__figure{position:relative;display:flex;flex-direction:column;max-width:100%;height:auto;margin:0}.wp-block-uagb-image__figure img{height:auto;display:flex;max-width:100%;transition:box-shadow .2s ease}.wp-block-uagb-image__figure>a{display:inline-block}.wp-block-uagb-image__figure figcaption{text-align:center;margin-top:.5em;margin-bottom:1em}.wp-block-uagb-image .components-placeholder.block-editor-media-placeholder .components-placeholder__instructions{align-self:center}.wp-block-uagb-image--align-left{text-align:left}.wp-block-uagb-image--align-right{text-align:right}.wp-block-uagb-image--align-center{text-align:center}.wp-block-uagb-image--align-full .wp-block-uagb-image__figure{margin-left:calc(50% - 50vw);margin-right:calc(50% - 50vw);max-width:100vw;width:100vw;height:auto}.wp-block-uagb-image--align-full .wp-block-uagb-image__figure img{height:auto;width:100% !important}.wp-block-uagb-image--align-wide .wp-block-uagb-image__figure img{height:auto;width:100%}.wp-block-uagb-image--layout-overlay__color-wrapper{position:absolute;left:0;top:0;right:0;bottom:0;opacity:.2;background:rgba(0,0,0,.5);transition:opacity .35s ease-in-out}.wp-block-uagb-image--layout-overlay-link{position:absolute;left:0;right:0;bottom:0;top:0}.wp-block-uagb-image--layout-overlay .wp-block-uagb-image__figure:hover .wp-block-uagb-image--layout-overlay__color-wrapper{opacity:1}.wp-block-uagb-image--layout-overlay__inner{position:absolute;left:15px;right:15px;bottom:15px;top:15px;display:flex;align-items:center;justify-content:center;flex-direction:column;border-color:#fff;transition:.35s ease-in-out}.wp-block-uagb-image--layout-overlay__inner.top-left,.wp-block-uagb-image--layout-overlay__inner.top-center,.wp-block-uagb-image--layout-overlay__inner.top-right{justify-content:flex-start}.wp-block-uagb-image--layout-overlay__inner.bottom-left,.wp-block-uagb-image--layout-overlay__inner.bottom-center,.wp-block-uagb-image--layout-overlay__inner.bottom-right{justify-content:flex-end}.wp-block-uagb-image--layout-overlay__inner.top-left,.wp-block-uagb-image--layout-overlay__inner.center-left,.wp-block-uagb-image--layout-overlay__inner.bottom-left{align-items:flex-start}.wp-block-uagb-image--layout-overlay__inner.top-right,.wp-block-uagb-image--layout-overlay__inner.center-right,.wp-block-uagb-image--layout-overlay__inner.bottom-right{align-items:flex-end}.wp-block-uagb-image--layout-overlay__inner .uagb-image-heading{color:#fff;transition:transform .35s,opacity .35s ease-in-out;transform:translate3d(0, 24px, 0);margin:0;line-height:1em}.wp-block-uagb-image--layout-overlay__inner .uagb-image-separator{width:30%;border-top-width:2px;border-top-color:#fff;border-top-style:solid;margin-bottom:10px;opacity:0;transition:transform .4s,opacity .4s ease-in-out;transform:translate3d(0, 30px, 0)}.wp-block-uagb-image--layout-overlay__inner .uagb-image-caption{opacity:0;overflow:visible;color:#fff;transition:transform .45s,opacity .45s ease-in-out;transform:translate3d(0, 35px, 0)}.wp-block-uagb-image--layout-overlay__inner:hover .uagb-image-heading,.wp-block-uagb-image--layout-overlay__inner:hover .uagb-image-separator,.wp-block-uagb-image--layout-overlay__inner:hover .uagb-image-caption{opacity:1;transform:translate3d(0, 0, 0)}.wp-block-uagb-image--effect-zoomin .wp-block-uagb-image__figure img,.wp-block-uagb-image--effect-zoomin .wp-block-uagb-image__figure .wp-block-uagb-image--layout-overlay__color-wrapper{transform:scale(1);transition:transform .35s ease-in-out}.wp-block-uagb-image--effect-zoomin .wp-block-uagb-image__figure:hover img,.wp-block-uagb-image--effect-zoomin .wp-block-uagb-image__figure:hover .wp-block-uagb-image--layout-overlay__color-wrapper{transform:scale(1.05)}.wp-block-uagb-image--effect-slide .wp-block-uagb-image__figure img,.wp-block-uagb-image--effect-slide .wp-block-uagb-image__figure .wp-block-uagb-image--layout-overlay__color-wrapper{width:calc(100% + 40px) !important;max-width:none !important;transform:translate3d(-40px, 0, 0);transition:transform .35s ease-in-out}.wp-block-uagb-image--effect-slide .wp-block-uagb-image__figure:hover img,.wp-block-uagb-image--effect-slide .wp-block-uagb-image__figure:hover .wp-block-uagb-image--layout-overlay__color-wrapper{transform:translate3d(0, 0, 0)}.wp-block-uagb-image--effect-grayscale img{filter:grayscale(0%);transition:.35s ease-in-out}.wp-block-uagb-image--effect-grayscale:hover img{filter:grayscale(100%)}.wp-block-uagb-image--effect-blur img{filter:blur(0);transition:.35s ease-in-out}.wp-block-uagb-image--effect-blur:hover img{filter:blur(3px)}.uagb-block-e6f939b3.wp-block-uagb-image--layout-default figure img{box-shadow: 0px 0px 0 #00000070;}.uagb-block-e6f939b3.wp-block-uagb-image .wp-block-uagb-image__figure figcaption{font-style: normal;align-self: center;}.uagb-block-e6f939b3.wp-block-uagb-image--layout-overlay figure img{box-shadow: 0px 0px 0 #00000070;}.uagb-block-e6f939b3.wp-block-uagb-image--layout-overlay .wp-block-uagb-image--layout-overlay__color-wrapper{opacity: 0.2;}.uagb-block-e6f939b3.wp-block-uagb-image--layout-overlay .wp-block-uagb-image--layout-overlay__inner{left: 15px;right: 15px;top: 15px;bottom: 15px;}.uagb-block-e6f939b3.wp-block-uagb-image--layout-overlay .wp-block-uagb-image--layout-overlay__inner .uagb-image-heading{font-style: normal;color: #fff;opacity: 1;}.uagb-block-e6f939b3.wp-block-uagb-image--layout-overlay .wp-block-uagb-image--layout-overlay__inner .uagb-image-heading a{color: #fff;}.uagb-block-e6f939b3.wp-block-uagb-image--layout-overlay .wp-block-uagb-image--layout-overlay__inner .uagb-image-caption{opacity: 0;}.uagb-block-e6f939b3.wp-block-uagb-image--layout-overlay .wp-block-uagb-image__figure:hover .wp-block-uagb-image--layout-overlay__color-wrapper{opacity: 1;}.uagb-block-e6f939b3.wp-block-uagb-image .wp-block-uagb-image--layout-overlay__inner .uagb-image-separator{width: 30%;border-top-width: 2px;border-top-color: #fff;opacity: 0;}.uagb-block-e6f939b3.wp-block-uagb-image .wp-block-uagb-image__figure img{width: px;height: auto;}.uagb-block-e6f939b3.wp-block-uagb-image .wp-block-uagb-image__figure:hover .wp-block-uagb-image--layout-overlay__inner .uagb-image-caption{opacity: 1;}.uagb-block-e6f939b3.wp-block-uagb-image .wp-block-uagb-image__figure:hover .wp-block-uagb-image--layout-overlay__inner .uagb-image-separator{opacity: 1;}.uagb-block-e6f939b3.wp-block-uagb-image--layout-default figure:hover img{box-shadow: 0px 0px 0 #00000070;}.uagb-block-e6f939b3.wp-block-uagb-image--layout-overlay figure:hover img{box-shadow: 0px 0px 0 #00000070;}@media only screen and (max-width: 976px) {.uagb-block-e6f939b3.wp-block-uagb-image .wp-block-uagb-image__figure img{width: px;height: auto;}}@media only screen and (max-width: 767px) {.uagb-block-e6f939b3.wp-block-uagb-image .wp-block-uagb-image__figure img{width: px;height: auto;}}\";s:2:\"js\";s:0:\"\";s:18:\"current_block_list\";a:13:{i:0;s:11:\"core\/search\";i:1;s:10:\"core\/group\";i:2;s:12:\"core\/heading\";i:3;s:17:\"core\/latest-posts\";i:4;s:20:\"core\/latest-comments\";i:5;s:13:\"core\/archives\";i:6;s:15:\"core\/categories\";i:7;s:14:\"core\/paragraph\";i:8;s:10:\"uagb\/image\";i:9;s:11:\"core\/spacer\";i:10;s:30:\"woocommerce\/product-categories\";i:11;s:10:\"core\/image\";i:12;s:14:\"core\/shortcode\";}s:8:\"uag_flag\";b:1;s:11:\"uag_version\";s:10:\"1777221478\";s:6:\"gfonts\";a:0:{}s:10:\"gfonts_url\";s:0:\"\";s:12:\"gfonts_files\";a:0:{}s:14:\"uag_faq_layout\";b:0;}"]},"uagb_featured_image_src":{"full":["https:\/\/www.ferberpainting.com\/wp-content\/uploads\/2025\/05\/Expanding-Foam-Cleaner-5L.png",2560,2560,false],"thumbnail":["https:\/\/www.ferberpainting.com\/wp-content\/uploads\/2025\/05\/Expanding-Foam-Cleaner-5L-150x150.png",150,150,true],"medium":["https:\/\/www.ferberpainting.com\/wp-content\/uploads\/2025\/05\/Expanding-Foam-Cleaner-5L-300x300.png",300,300,true],"medium_large":["https:\/\/www.ferberpainting.com\/wp-content\/uploads\/2025\/05\/Expanding-Foam-Cleaner-5L-768x768.png",768,768,true],"large":["https:\/\/www.ferberpainting.com\/wp-content\/uploads\/2025\/05\/Expanding-Foam-Cleaner-5L-1024x1024.png",1024,1024,true],"1536x1536":["https:\/\/www.ferberpainting.com\/wp-content\/uploads\/2025\/05\/Expanding-Foam-Cleaner-5L-1536x1536.png",1536,1536,true],"2048x2048":["https:\/\/www.ferberpainting.com\/wp-content\/uploads\/2025\/05\/Expanding-Foam-Cleaner-5L-2048x2048.png",2048,2048,true],"trp-custom-language-flag":["https:\/\/www.ferberpainting.com\/wp-content\/uploads\/2025\/05\/Expanding-Foam-Cleaner-5L-12x12.png",12,12,true],"woocommerce_thumbnail":["https:\/\/www.ferberpainting.com\/wp-content\/uploads\/2025\/05\/Expanding-Foam-Cleaner-5L-300x300.png",300,300,true],"woocommerce_single":["https:\/\/www.ferberpainting.com\/wp-content\/uploads\/2025\/05\/Expanding-Foam-Cleaner-5L-600x600.png",600,600,true],"woocommerce_gallery_thumbnail":["https:\/\/www.ferberpainting.com\/wp-content\/uploads\/2025\/05\/Expanding-Foam-Cleaner-5L-100x100.png",100,100,true]},"uagb_author_info":{"display_name":"admin","author_link":"https:\/\/www.ferberpainting.com\/es\/author\/"},"uagb_comment_info":19,"uagb_excerpt":"Optimal Efficiency.\u00a0This expanding foam cleaner is designed to effectively remove fresh polyurethane foam residues from tools, surfaces, and even skin. Its powerful formula rapidly dissolves uncured foam and prevents premature hardening, making it easier to clean applicator guns and surfaces after use. It ensures clean and neat work every time by preventing unsightly foam buildup.&hellip;","_links":{"self":[{"href":"https:\/\/www.ferberpainting.com\/es\/wp-json\/wp\/v2\/product\/23217","targetHints":{"allow":["GET"]}}],"collection":[{"href":"https:\/\/www.ferberpainting.com\/es\/wp-json\/wp\/v2\/product"}],"about":[{"href":"https:\/\/www.ferberpainting.com\/es\/wp-json\/wp\/v2\/types\/product"}],"replies":[{"embeddable":true,"href":"https:\/\/www.ferberpainting.com\/es\/wp-json\/wp\/v2\/comments?post=23217"}],"version-history":[{"count":4,"href":"https:\/\/www.ferberpainting.com\/es\/wp-json\/wp\/v2\/product\/23217\/revisions"}],"predecessor-version":[{"id":166107,"href":"https:\/\/www.ferberpainting.com\/es\/wp-json\/wp\/v2\/product\/23217\/revisions\/166107"}],"wp:featuredmedia":[{"embeddable":true,"href":"https:\/\/www.ferberpainting.com\/es\/wp-json\/wp\/v2\/media\/36372"}],"wp:attachment":[{"href":"https:\/\/www.ferberpainting.com\/es\/wp-json\/wp\/v2\/media?parent=23217"}],"wp:term":[{"taxonomy":"product_brand","embeddable":true,"href":"https:\/\/www.ferberpainting.com\/es\/wp-json\/wp\/v2\/product_brand?post=23217"},{"taxonomy":"product_cat","embeddable":true,"href":"https:\/\/www.ferberpainting.com\/es\/wp-json\/wp\/v2\/product_cat?post=23217"},{"taxonomy":"product_tag","embeddable":true,"href":"https:\/\/www.ferberpainting.com\/es\/wp-json\/wp\/v2\/product_tag?post=23217"}],"curies":[{"name":"wp","href":"https:\/\/api.w.org\/{rel}","templated":true}]}}