{"id":23198,"date":"2025-05-26T10:23:16","date_gmt":"2025-05-26T08:23:16","guid":{"rendered":"https:\/\/www.ferberpainting.com\/products\/dipladenia-and-mandevilla-fertilizer\/"},"modified":"2026-02-15T13:48:45","modified_gmt":"2026-02-15T12:48:45","slug":"dipladenia-and-mandevilla-fertilizer","status":"publish","type":"product","link":"https:\/\/www.ferberpainting.com\/es\/products\/dipladenia-and-mandevilla-fertilizer\/","title":{"rendered":"Fertilizante para Dipladenia y Mandevilla"},"content":{"rendered":"<p><img decoding=\"async\" style=\"margin-right: 12px;\" src=\"https:\/\/www.ferberpainting.com\/wp-content\/uploads\/2026\/02\/Check.svg\" alt=\"\" width=\"18\" height=\"15\" \/><strong>Abono especialmente dise\u00f1ado para el crecimiento y la floraci\u00f3n abundante de dipladenias y mandevillas.<\/strong>\u00a0Este abono ha sido formulado para satisfacer las necesidades espec\u00edficas de estas plantas trepadoras tropicales, conocidas por sus brillantes flores y su exuberante follaje. Gracias a su composici\u00f3n equilibrada NPK 15-15-15, aporta nitr\u00f3geno (N) para un follaje denso y verde, f\u00f3sforo (P) para un enraizamiento s\u00f3lido y potasio (K) para estimular la floraci\u00f3n. Su f\u00f3rmula de acci\u00f3n r\u00e1pida favorece un crecimiento vigoroso y una floraci\u00f3n prolongada, garantizando un balc\u00f3n o jard\u00edn magn\u00edficamente florecido durante toda la temporada.<\/p>\n<p><img decoding=\"async\" style=\"margin-right: 12px;\" src=\"https:\/\/www.ferberpainting.com\/wp-content\/uploads\/2026\/02\/Check.svg\" alt=\"\" width=\"18\" height=\"15\" \/><strong>Garant\u00eda de devoluci\u00f3n del dinero.<\/strong>\u00a0Confiamos en la eficacia de nuestro abono para dipladenia y mandevilla, por lo que ofrecemos una garant\u00eda de devoluci\u00f3n del dinero. Si, tras un uso adecuado conforme a nuestras recomendaciones, su planta no muestra una floraci\u00f3n abundante o un crecimiento sano, nos comprometemos a reembolsarle \u00edntegramente el importe, garantiz\u00e1ndole una compra sin preocupaciones.<\/p>\n<p><img decoding=\"async\" style=\"margin-right: 12px;\" src=\"https:\/\/www.ferberpainting.com\/wp-content\/uploads\/2026\/02\/Check.svg\" alt=\"\" width=\"18\" height=\"15\" \/><strong>Adecuado para todas las variedades y diferentes condiciones de cultivo.<\/strong>\u00a0Este abono es ideal para todas las variedades de dipladenias y mandevillas, ya se cultiven en macetas, contenedores o en suelo abierto. Funciona en una amplia gama de sustratos, incluidas las mezclas para macetas con compost, perlita, fibra de coco o arena, garantizando una fertilizaci\u00f3n eficaz independientemente de la composici\u00f3n del suelo. Tambi\u00e9n es perfectamente adecuado para las plantas de interior, o las que se encuentran en una terraza, balc\u00f3n o jard\u00edn.<\/p>\n<p><img decoding=\"async\" style=\"margin-right: 12px;\" src=\"https:\/\/www.ferberpainting.com\/wp-content\/uploads\/2026\/02\/Check.svg\" alt=\"\" width=\"18\" height=\"15\" \/><strong>Fertilizaci\u00f3n rentable y duradera.<\/strong>\u00a0Gracias a su f\u00f3rmula l\u00edquida altamente concentrada, un bote de 5 litros puede producir hasta 1.000 litros de soluci\u00f3n fertilizante, lo que garantiza una fertilizaci\u00f3n duradera y econ\u00f3mica. Con una dosificaci\u00f3n de 5 ml por litro de agua, permite un suministro regular de nutrientes sin riesgo de sobredosis, optimizando tanto el crecimiento como la floraci\u00f3n de las plantas y evitando al mismo tiempo los residuos.<\/p>\n<p><img decoding=\"async\" style=\"margin-right: 12px;\" src=\"https:\/\/www.ferberpainting.com\/wp-content\/uploads\/2026\/02\/Check.svg\" alt=\"\" width=\"18\" height=\"15\" \/><strong>Un fertilizante seguro y respetuoso con el medio ambiente.<\/strong>\u00a0Este abono es seguro para los suelos, la fauna y las flores, garantizando una fertilizaci\u00f3n suave que respeta el ecosistema del jard\u00edn. No contiene elementos nocivos que puedan afectar a la biodiversidad, al tiempo que fomenta la actividad microbiana beneficiosa en el suelo. Tambi\u00e9n es seguro para los animales dom\u00e9sticos y los ni\u00f1os, por lo que es adecuado para el uso diario.<\/p>\n<p><img decoding=\"async\" style=\"margin-right: 12px;\" src=\"https:\/\/www.ferberpainting.com\/wp-content\/uploads\/2026\/02\/Check.svg\" alt=\"\" width=\"18\" height=\"15\" \/><strong>Fertilizaci\u00f3n f\u00e1cil de aplicar y sin esfuerzo.<\/strong>\u00a0A diferencia de los fertilizantes s\u00f3lidos que requieren su incorporaci\u00f3n al suelo, este abono se diluye simplemente en el agua de riego, lo que garantiza una absorci\u00f3n r\u00e1pida y eficaz por las ra\u00edces y las hojas. Puede aplicarse directamente en la base de las plantas o como pulverizaci\u00f3n foliar, proporcionando una fertilizaci\u00f3n f\u00e1cil y eficaz incluso para los jardineros novatos.<\/p>\n<p><img decoding=\"async\" style=\"margin-right: 12px;\" src=\"https:\/\/www.ferberpainting.com\/wp-content\/uploads\/2026\/02\/Check.svg\" alt=\"\" width=\"18\" height=\"15\" \/><strong>Una acci\u00f3n eficaz para una floraci\u00f3n intensa y una mayor resistencia.<\/strong>\u00a0Gracias a su liberaci\u00f3n progresiva de nutrientes, este abono estimula la floraci\u00f3n continua y prolonga el periodo de floraci\u00f3n. Tambi\u00e9n refuerza la resistencia de la planta a las enfermedades de la dipladenia y la mandevilla en condiciones dif\u00edciles como el calor estival o los periodos de sequ\u00eda, garantizando que las plantas se mantengan sanas y con colores brillantes.<\/p>\n<p><img decoding=\"async\" style=\"margin-right: 12px;\" src=\"https:\/\/www.ferberpainting.com\/wp-content\/uploads\/2026\/02\/Check.svg\" alt=\"\" width=\"18\" height=\"15\" \/><strong>Resultados visibles en las primeras semanas.<\/strong>\u00a0Desde la primera aplicaci\u00f3n, este abono acelera la producci\u00f3n de nuevos brotes, intensifica el color de las flores y mejora la densidad de las hojas. En pocas semanas, las dipladenias y mandevillas muestran una floraci\u00f3n m\u00e1s abundante y duradera, con flores m\u00e1s grandes y brillantes, creando un efecto espectacular en un balc\u00f3n, terraza o jard\u00edn.<\/p>\n<h2><strong>Protocolo de uso<\/strong><\/h2>\n<ul>\n<li><strong>Diluci\u00f3n de fertilizantes <\/strong>:  Mezclar 5 ml de abono por 1 litro de agua. Agitar bien la soluci\u00f3n antes de cada aplicaci\u00f3n para garantizar una distribuci\u00f3n uniforme de los nutrientes.<\/li>\n<li><strong>M\u00e9todo de aplicaci\u00f3n <\/strong>:\n<ul>\n<li><strong>Regando <\/strong>: Vierta la soluci\u00f3n diluida directamente en la base de las plantas, asegur\u00e1ndose de humedecer uniformemente el sustrato sin exceso para evitar la lixiviaci\u00f3n de nutrientes.<\/li>\n<li><strong>Por pulverizaci\u00f3n foliar <\/strong>: Pulverizar ligeramente la soluci\u00f3n sobre el follaje, a primera hora de la ma\u00f1ana o a \u00faltima del d\u00eda para evitar una evaporaci\u00f3n r\u00e1pida y maximizar la absorci\u00f3n.<\/li>\n<\/ul>\n<\/li>\n<li><strong>Frecuencia de uso <\/strong>: Aplique el abono cada 10 \u00f3 15 d\u00edas durante el periodo de crecimiento y floraci\u00f3n (primavera-verano) y una vez al mes durante el periodo de letargo (oto\u00f1o-invierno) para mantener un buen equilibrio nutricional.<\/li>\n<li><strong>Riego adicional <\/strong>: Despu\u00e9s de aplicar el abono, espere 48 horas antes de volver a regar, para optimizar la absorci\u00f3n de nutrientes por las ra\u00edces.<\/li>\n<li><strong>Precauciones de uso <\/strong>: No supere las dosis recomendadas para evitar una acumulaci\u00f3n excesiva de sales minerales en el sustrato, lo que podr\u00eda ralentizar el crecimiento de las plantas. Aplique siempre el abono en un suelo ligeramente h\u00famedo para garantizar una absorci\u00f3n \u00f3ptima.<\/li>\n<li><strong>Almacenamiento y conservaci\u00f3n <\/strong>: Guarde el abono en un lugar seco y templado, al abrigo de la luz y la humedad. Cerrar siempre bien el envase despu\u00e9s de cada uso para preservar la eficacia del producto y evitar la evaporaci\u00f3n.<\/li>\n<\/ul>\n<p>Con este abono para dipladenia y mandevilla, ofrezca a sus plantas una nutrici\u00f3n completa perfectamente adaptada a sus necesidades espec\u00edficas, favoreciendo un crecimiento vigoroso, una floraci\u00f3n continua y una mayor resistencia a las condiciones exteriores. Es la soluci\u00f3n ideal para garantizar plantas exuberantes y flores vibrantes durante toda la temporada, realzando su espacio exterior con floraciones espectaculares y duraderas.<\/p>","protected":false},"excerpt":{"rendered":"<p>A fertilizer specially designed for the growth and abundant flowering of dipladenias and mandevillas.\u00a0This fertilizer has been formulated to meet the specific needs of these tropical climbing plants, known for their bright flowers and lush foliage. Thanks to its balanced composition NPK 15-15-15, it provides nitrogen (N) for dense and green foliage, phosphorus (P) for [&hellip;]<\/p>\n","protected":false},"featured_media":25753,"comment_status":"open","ping_status":"closed","template":"","meta":{"_uag_custom_page_level_css":"","site-sidebar-layout":"default","site-content-layout":"","ast-site-content-layout":"default","site-content-style":"default","site-sidebar-style":"default","ast-global-header-display":"","ast-banner-title-visibility":"","ast-main-header-display":"","ast-hfb-above-header-display":"","ast-hfb-below-header-display":"","ast-hfb-mobile-header-display":"","site-post-title":"","ast-breadcrumbs-content":"","ast-featured-img":"","footer-sml-layout":"","ast-disable-related-posts":"","theme-transparent-header-meta":"default","adv-header-id-meta":"","stick-header-meta":"","header-above-stick-meta":"","header-main-stick-meta":"","header-below-stick-meta":"","astra-migrate-meta-layouts":"set","ast-page-background-enabled":"default","ast-page-background-meta":{"desktop":{"background-color":"var(--ast-global-color-4)","background-image":"","background-repeat":"repeat","background-position":"center center","background-size":"auto","background-attachment":"scroll","background-type":"","background-media":"","overlay-type":"","overlay-color":"","overlay-opacity":"","overlay-gradient":""},"tablet":{"background-color":"","background-image":"","background-repeat":"repeat","background-position":"center center","background-size":"auto","background-attachment":"scroll","background-type":"","background-media":"","overlay-type":"","overlay-color":"","overlay-opacity":"","overlay-gradient":""},"mobile":{"background-color":"","background-image":"","background-repeat":"repeat","background-position":"center center","background-size":"auto","background-attachment":"scroll","background-type":"","background-media":"","overlay-type":"","overlay-color":"","overlay-opacity":"","overlay-gradient":""}},"ast-content-background-meta":{"desktop":{"background-color":"var(--ast-global-color-5)","background-image":"","background-repeat":"repeat","background-position":"center center","background-size":"auto","background-attachment":"scroll","background-type":"","background-media":"","overlay-type":"","overlay-color":"","overlay-opacity":"","overlay-gradient":""},"tablet":{"background-color":"var(--ast-global-color-5)","background-image":"","background-repeat":"repeat","background-position":"center center","background-size":"auto","background-attachment":"scroll","background-type":"","background-media":"","overlay-type":"","overlay-color":"","overlay-opacity":"","overlay-gradient":""},"mobile":{"background-color":"var(--ast-global-color-5)","background-image":"","background-repeat":"repeat","background-position":"center center","background-size":"auto","background-attachment":"scroll","background-type":"","background-media":"","overlay-type":"","overlay-color":"","overlay-opacity":"","overlay-gradient":""}}},"product_brand":[],"product_cat":[178],"product_tag":[],"class_list":{"0":"post-23198","1":"product","2":"type-product","3":"status-publish","4":"has-post-thumbnail","6":"product_cat-fertilizers","7":"desktop-align-left","8":"tablet-align-left","9":"mobile-align-left","11":"first","12":"instock","13":"sale","14":"shipping-taxable","15":"purchasable","16":"product-type-variable","17":"has-default-attributes"},"spectra_custom_meta":{"_visibility":["visible"],"_shopify_product_id":["9066398679285"],"_s2w_shopify_domain":["ferberpainting.myshopify.com"],"_shopify_variant_id":["46503340441845"],"_sku":[""],"_manage_stock":["no"],"total_sales":["12"],"_tax_status":["taxable"],"_tax_class":[""],"_backorders":["no"],"_sold_individually":["no"],"_virtual":["no"],"_downloadable":["no"],"_download_limit":["-1"],"_download_expiry":["-1"],"_stock":[null],"_stock_status":["instock"],"_wc_average_rating":["5.00"],"_wc_review_count":["5"],"_product_attributes":["a:1:{s:6:\"volume\";a:6:{s:4:\"name\";s:6:\"Volume\";s:5:\"value\";s:20:\"5 liters | 25 liters\";s:8:\"position\";i:1;s:10:\"is_visible\";i:0;s:12:\"is_variation\";i:1;s:11:\"is_taxonomy\";i:0;}}"],"_product_version":["10.5.1"],"_thumbnail_id":["25753"],"_product_image_gallery":["25754"],"wpse_downloadable_file_names":[""],"wpse_downloadable_file_urls":[""],"_edit_last":["1"],"_default_attributes":["a:1:{s:6:\"volume\";s:8:\"5 liters\";}"],"_wc_rating_count":["a:1:{i:5;i:5;}"],"_edit_lock":["1771159645:1"],"_price":["29.90","129.90"],"merchant-center-availability":["yes"],"merchant-center-category":["113"],"_wp_page_template":["default"],"site-sidebar-layout":["default"],"ast-site-content-layout":["default"],"site-content-style":["default"],"site-sidebar-style":["default"],"theme-transparent-header-meta":["default"],"astra-migrate-meta-layouts":["set"],"_uag_css_file_name":["uag-css-23198.css"],"_elementor_page_assets":["a:0:{}"],"_uag_page_assets":["a:9:{s:3:\"css\";s:6873:\".wp-block-uagb-image{display:flex}.wp-block-uagb-image__figure{position:relative;display:flex;flex-direction:column;max-width:100%;height:auto;margin:0}.wp-block-uagb-image__figure img{height:auto;display:flex;max-width:100%;transition:box-shadow .2s ease}.wp-block-uagb-image__figure>a{display:inline-block}.wp-block-uagb-image__figure figcaption{text-align:center;margin-top:.5em;margin-bottom:1em}.wp-block-uagb-image .components-placeholder.block-editor-media-placeholder .components-placeholder__instructions{align-self:center}.wp-block-uagb-image--align-left{text-align:left}.wp-block-uagb-image--align-right{text-align:right}.wp-block-uagb-image--align-center{text-align:center}.wp-block-uagb-image--align-full .wp-block-uagb-image__figure{margin-left:calc(50% - 50vw);margin-right:calc(50% - 50vw);max-width:100vw;width:100vw;height:auto}.wp-block-uagb-image--align-full .wp-block-uagb-image__figure img{height:auto;width:100% !important}.wp-block-uagb-image--align-wide .wp-block-uagb-image__figure img{height:auto;width:100%}.wp-block-uagb-image--layout-overlay__color-wrapper{position:absolute;left:0;top:0;right:0;bottom:0;opacity:.2;background:rgba(0,0,0,.5);transition:opacity .35s ease-in-out}.wp-block-uagb-image--layout-overlay-link{position:absolute;left:0;right:0;bottom:0;top:0}.wp-block-uagb-image--layout-overlay .wp-block-uagb-image__figure:hover .wp-block-uagb-image--layout-overlay__color-wrapper{opacity:1}.wp-block-uagb-image--layout-overlay__inner{position:absolute;left:15px;right:15px;bottom:15px;top:15px;display:flex;align-items:center;justify-content:center;flex-direction:column;border-color:#fff;transition:.35s ease-in-out}.wp-block-uagb-image--layout-overlay__inner.top-left,.wp-block-uagb-image--layout-overlay__inner.top-center,.wp-block-uagb-image--layout-overlay__inner.top-right{justify-content:flex-start}.wp-block-uagb-image--layout-overlay__inner.bottom-left,.wp-block-uagb-image--layout-overlay__inner.bottom-center,.wp-block-uagb-image--layout-overlay__inner.bottom-right{justify-content:flex-end}.wp-block-uagb-image--layout-overlay__inner.top-left,.wp-block-uagb-image--layout-overlay__inner.center-left,.wp-block-uagb-image--layout-overlay__inner.bottom-left{align-items:flex-start}.wp-block-uagb-image--layout-overlay__inner.top-right,.wp-block-uagb-image--layout-overlay__inner.center-right,.wp-block-uagb-image--layout-overlay__inner.bottom-right{align-items:flex-end}.wp-block-uagb-image--layout-overlay__inner .uagb-image-heading{color:#fff;transition:transform .35s,opacity .35s ease-in-out;transform:translate3d(0, 24px, 0);margin:0;line-height:1em}.wp-block-uagb-image--layout-overlay__inner .uagb-image-separator{width:30%;border-top-width:2px;border-top-color:#fff;border-top-style:solid;margin-bottom:10px;opacity:0;transition:transform .4s,opacity .4s ease-in-out;transform:translate3d(0, 30px, 0)}.wp-block-uagb-image--layout-overlay__inner .uagb-image-caption{opacity:0;overflow:visible;color:#fff;transition:transform .45s,opacity .45s ease-in-out;transform:translate3d(0, 35px, 0)}.wp-block-uagb-image--layout-overlay__inner:hover .uagb-image-heading,.wp-block-uagb-image--layout-overlay__inner:hover .uagb-image-separator,.wp-block-uagb-image--layout-overlay__inner:hover .uagb-image-caption{opacity:1;transform:translate3d(0, 0, 0)}.wp-block-uagb-image--effect-zoomin .wp-block-uagb-image__figure img,.wp-block-uagb-image--effect-zoomin .wp-block-uagb-image__figure .wp-block-uagb-image--layout-overlay__color-wrapper{transform:scale(1);transition:transform .35s ease-in-out}.wp-block-uagb-image--effect-zoomin .wp-block-uagb-image__figure:hover img,.wp-block-uagb-image--effect-zoomin .wp-block-uagb-image__figure:hover .wp-block-uagb-image--layout-overlay__color-wrapper{transform:scale(1.05)}.wp-block-uagb-image--effect-slide .wp-block-uagb-image__figure img,.wp-block-uagb-image--effect-slide .wp-block-uagb-image__figure .wp-block-uagb-image--layout-overlay__color-wrapper{width:calc(100% + 40px) !important;max-width:none !important;transform:translate3d(-40px, 0, 0);transition:transform .35s ease-in-out}.wp-block-uagb-image--effect-slide .wp-block-uagb-image__figure:hover img,.wp-block-uagb-image--effect-slide .wp-block-uagb-image__figure:hover .wp-block-uagb-image--layout-overlay__color-wrapper{transform:translate3d(0, 0, 0)}.wp-block-uagb-image--effect-grayscale img{filter:grayscale(0%);transition:.35s ease-in-out}.wp-block-uagb-image--effect-grayscale:hover img{filter:grayscale(100%)}.wp-block-uagb-image--effect-blur img{filter:blur(0);transition:.35s ease-in-out}.wp-block-uagb-image--effect-blur:hover img{filter:blur(3px)}.uagb-block-e6f939b3.wp-block-uagb-image--layout-default figure img{box-shadow: 0px 0px 0 #00000070;}.uagb-block-e6f939b3.wp-block-uagb-image .wp-block-uagb-image__figure figcaption{font-style: normal;align-self: center;}.uagb-block-e6f939b3.wp-block-uagb-image--layout-overlay figure img{box-shadow: 0px 0px 0 #00000070;}.uagb-block-e6f939b3.wp-block-uagb-image--layout-overlay .wp-block-uagb-image--layout-overlay__color-wrapper{opacity: 0.2;}.uagb-block-e6f939b3.wp-block-uagb-image--layout-overlay .wp-block-uagb-image--layout-overlay__inner{left: 15px;right: 15px;top: 15px;bottom: 15px;}.uagb-block-e6f939b3.wp-block-uagb-image--layout-overlay .wp-block-uagb-image--layout-overlay__inner .uagb-image-heading{font-style: normal;color: #fff;opacity: 1;}.uagb-block-e6f939b3.wp-block-uagb-image--layout-overlay .wp-block-uagb-image--layout-overlay__inner .uagb-image-heading a{color: #fff;}.uagb-block-e6f939b3.wp-block-uagb-image--layout-overlay .wp-block-uagb-image--layout-overlay__inner .uagb-image-caption{opacity: 0;}.uagb-block-e6f939b3.wp-block-uagb-image--layout-overlay .wp-block-uagb-image__figure:hover .wp-block-uagb-image--layout-overlay__color-wrapper{opacity: 1;}.uagb-block-e6f939b3.wp-block-uagb-image .wp-block-uagb-image--layout-overlay__inner .uagb-image-separator{width: 30%;border-top-width: 2px;border-top-color: #fff;opacity: 0;}.uagb-block-e6f939b3.wp-block-uagb-image .wp-block-uagb-image__figure img{width: px;height: auto;}.uagb-block-e6f939b3.wp-block-uagb-image .wp-block-uagb-image__figure:hover .wp-block-uagb-image--layout-overlay__inner .uagb-image-caption{opacity: 1;}.uagb-block-e6f939b3.wp-block-uagb-image .wp-block-uagb-image__figure:hover .wp-block-uagb-image--layout-overlay__inner .uagb-image-separator{opacity: 1;}.uagb-block-e6f939b3.wp-block-uagb-image--layout-default figure:hover img{box-shadow: 0px 0px 0 #00000070;}.uagb-block-e6f939b3.wp-block-uagb-image--layout-overlay figure:hover img{box-shadow: 0px 0px 0 #00000070;}@media only screen and (max-width: 976px) {.uagb-block-e6f939b3.wp-block-uagb-image .wp-block-uagb-image__figure img{width: px;height: auto;}}@media only screen and (max-width: 767px) {.uagb-block-e6f939b3.wp-block-uagb-image .wp-block-uagb-image__figure img{width: px;height: auto;}}\";s:2:\"js\";s:0:\"\";s:18:\"current_block_list\";a:13:{i:0;s:11:\"core\/search\";i:1;s:10:\"core\/group\";i:2;s:12:\"core\/heading\";i:3;s:17:\"core\/latest-posts\";i:4;s:20:\"core\/latest-comments\";i:5;s:13:\"core\/archives\";i:6;s:15:\"core\/categories\";i:7;s:14:\"core\/paragraph\";i:8;s:10:\"uagb\/image\";i:9;s:11:\"core\/spacer\";i:10;s:30:\"woocommerce\/product-categories\";i:11;s:10:\"core\/image\";i:12;s:14:\"core\/shortcode\";}s:8:\"uag_flag\";b:1;s:11:\"uag_version\";s:10:\"1777037217\";s:6:\"gfonts\";a:0:{}s:10:\"gfonts_url\";s:0:\"\";s:12:\"gfonts_files\";a:0:{}s:14:\"uag_faq_layout\";b:0;}"]},"uagb_featured_image_src":{"full":["https:\/\/www.ferberpainting.com\/wp-content\/uploads\/2025\/05\/DipladeniaandMandevillaFertilizer5L.png",2560,2560,false],"thumbnail":["https:\/\/www.ferberpainting.com\/wp-content\/uploads\/2025\/05\/DipladeniaandMandevillaFertilizer5L-150x150.png",150,150,true],"medium":["https:\/\/www.ferberpainting.com\/wp-content\/uploads\/2025\/05\/DipladeniaandMandevillaFertilizer5L-300x300.png",300,300,true],"medium_large":["https:\/\/www.ferberpainting.com\/wp-content\/uploads\/2025\/05\/DipladeniaandMandevillaFertilizer5L-768x768.png",768,768,true],"large":["https:\/\/www.ferberpainting.com\/wp-content\/uploads\/2025\/05\/DipladeniaandMandevillaFertilizer5L-1024x1024.png",1024,1024,true],"1536x1536":["https:\/\/www.ferberpainting.com\/wp-content\/uploads\/2025\/05\/DipladeniaandMandevillaFertilizer5L-1536x1536.png",1536,1536,true],"2048x2048":["https:\/\/www.ferberpainting.com\/wp-content\/uploads\/2025\/05\/DipladeniaandMandevillaFertilizer5L-2048x2048.png",2048,2048,true],"trp-custom-language-flag":["https:\/\/www.ferberpainting.com\/wp-content\/uploads\/2025\/05\/DipladeniaandMandevillaFertilizer5L-12x12.png",12,12,true],"woocommerce_thumbnail":["https:\/\/www.ferberpainting.com\/wp-content\/uploads\/2025\/05\/DipladeniaandMandevillaFertilizer5L-300x300.png",300,300,true],"woocommerce_single":["https:\/\/www.ferberpainting.com\/wp-content\/uploads\/2025\/05\/DipladeniaandMandevillaFertilizer5L-600x600.png",600,600,true],"woocommerce_gallery_thumbnail":["https:\/\/www.ferberpainting.com\/wp-content\/uploads\/2025\/05\/DipladeniaandMandevillaFertilizer5L-100x100.png",100,100,true]},"uagb_author_info":{"display_name":"admin","author_link":"https:\/\/www.ferberpainting.com\/es\/author\/"},"uagb_comment_info":5,"uagb_excerpt":"A fertilizer specially designed for the growth and abundant flowering of dipladenias and mandevillas.\u00a0This fertilizer has been formulated to meet the specific needs of these tropical climbing plants, known for their bright flowers and lush foliage. Thanks to its balanced composition NPK 15-15-15, it provides nitrogen (N) for dense and green foliage, phosphorus (P) for&hellip;","_links":{"self":[{"href":"https:\/\/www.ferberpainting.com\/es\/wp-json\/wp\/v2\/product\/23198","targetHints":{"allow":["GET"]}}],"collection":[{"href":"https:\/\/www.ferberpainting.com\/es\/wp-json\/wp\/v2\/product"}],"about":[{"href":"https:\/\/www.ferberpainting.com\/es\/wp-json\/wp\/v2\/types\/product"}],"replies":[{"embeddable":true,"href":"https:\/\/www.ferberpainting.com\/es\/wp-json\/wp\/v2\/comments?post=23198"}],"version-history":[{"count":5,"href":"https:\/\/www.ferberpainting.com\/es\/wp-json\/wp\/v2\/product\/23198\/revisions"}],"predecessor-version":[{"id":166098,"href":"https:\/\/www.ferberpainting.com\/es\/wp-json\/wp\/v2\/product\/23198\/revisions\/166098"}],"wp:featuredmedia":[{"embeddable":true,"href":"https:\/\/www.ferberpainting.com\/es\/wp-json\/wp\/v2\/media\/25753"}],"wp:attachment":[{"href":"https:\/\/www.ferberpainting.com\/es\/wp-json\/wp\/v2\/media?parent=23198"}],"wp:term":[{"taxonomy":"product_brand","embeddable":true,"href":"https:\/\/www.ferberpainting.com\/es\/wp-json\/wp\/v2\/product_brand?post=23198"},{"taxonomy":"product_cat","embeddable":true,"href":"https:\/\/www.ferberpainting.com\/es\/wp-json\/wp\/v2\/product_cat?post=23198"},{"taxonomy":"product_tag","embeddable":true,"href":"https:\/\/www.ferberpainting.com\/es\/wp-json\/wp\/v2\/product_tag?post=23198"}],"curies":[{"name":"wp","href":"https:\/\/api.w.org\/{rel}","templated":true}]}}