{"id":23195,"date":"2025-07-01T16:17:12","date_gmt":"2025-07-01T14:17:12","guid":{"rendered":"https:\/\/www.ferberpainting.com\/?post_type=product&#038;p=23195"},"modified":"2026-02-15T13:48:05","modified_gmt":"2026-02-15T12:48:05","slug":"descaler-for-macerator-toilet","status":"publish","type":"product","link":"https:\/\/www.ferberpainting.com\/es\/products\/descaler-for-macerator-toilet\/","title":{"rendered":"Desincrustante para sanibroyeur"},"content":{"rendered":"<p><img decoding=\"async\" style=\"margin-right: 12px;\" src=\"https:\/\/www.ferberpainting.com\/wp-content\/uploads\/2026\/02\/Check.svg\" alt=\"\" width=\"18\" height=\"15\" \/><strong>Eficaz contra los dep\u00f3sitos de cal y calcio.<\/strong>\u00a0El desincrustante para trituradoras est\u00e1 especialmente dise\u00f1ado para eliminar eficazmente los dep\u00f3sitos de cal y calcio que pueden acumularse en el interior de aparatos sanitarios como los inodoros trituradores. Estos residuos pueden bloquear los mecanismos internos y reducir la eficacia del sistema. Gracias a su potente f\u00f3rmula, este producto ayuda a mantener el correcto funcionamiento de su triturador a la vez que proporciona una limpieza en profundidad.<\/p>\n<p><img decoding=\"async\" style=\"margin-right: 12px;\" src=\"https:\/\/www.ferberpainting.com\/wp-content\/uploads\/2026\/02\/Check.svg\" alt=\"\" width=\"18\" height=\"15\" \/><strong>Garant\u00eda de devoluci\u00f3n del dinero.<\/strong>\u00a0Confiamos en la eficacia de nuestro desincrustante para trituradoras, por lo que ofrecemos una garant\u00eda de satisfacci\u00f3n o reembolso. Si no est\u00e1 satisfecho con el producto o no cumple sus expectativas, puede solicitar el reembolso \u00edntegro. Esto le permite probar el producto con total tranquilidad.<\/p>\n<p><img decoding=\"async\" style=\"margin-right: 12px;\" src=\"https:\/\/www.ferberpainting.com\/wp-content\/uploads\/2026\/02\/Check.svg\" alt=\"\" width=\"18\" height=\"15\" \/><strong>Vers\u00e1til.<\/strong>\u00a0Este desincrustante es un producto vers\u00e1til que puede utilizarse en todo tipo de inodoros de maceraci\u00f3n, con o sin trituradora. Tambi\u00e9n es compatible con diversos materiales, como cer\u00e1mica, pl\u00e1stico y metal, que suelen encontrarse en las piezas internas de su aparato. Ya no tendr\u00e1 que preocuparse por la compatibilidad con su triturador, independientemente del modelo o la marca.<\/p>\n<p><img decoding=\"async\" style=\"margin-right: 12px;\" src=\"https:\/\/www.ferberpainting.com\/wp-content\/uploads\/2026\/02\/Check.svg\" alt=\"\" width=\"18\" height=\"15\" \/><strong>Econ\u00f3mico.<\/strong>\u00a0El desincrustante para trituradoras ofrece una excelente relaci\u00f3n calidad-precio. Por t\u00e9rmino medio, un litro de producto es suficiente para entre 5 y 8 aplicaciones, dependiendo de la cantidad de cal y del tama\u00f1o del aparato a tratar. Con un envase de 5 litros, puede realizar entre 25 y 40 tratamientos, lo que lo convierte en una soluci\u00f3n muy rentable para el mantenimiento a largo plazo de sus aparatos sanitarios.<\/p>\n<p><img decoding=\"async\" style=\"margin-right: 12px;\" src=\"https:\/\/www.ferberpainting.com\/wp-content\/uploads\/2026\/02\/Check.svg\" alt=\"\" width=\"18\" height=\"15\" \/><strong>No t\u00f3xico.<\/strong>\u00a0Este producto est\u00e1 formulado para ser seguro si se utiliza siguiendo las instrucciones. Est\u00e1 dise\u00f1ado para eliminar los dep\u00f3sitos y residuos calc\u00e1reos sin poner en peligro la salud del usuario. No contiene productos qu\u00edmicos agresivos, por lo que es m\u00e1s f\u00e1cil y seguro de manipular que los desincrustantes corrosivos tradicionales. No obstante, para mayor seguridad, se recomienda utilizar guantes y una ventilaci\u00f3n adecuada durante su uso.<\/p>\n<p><img decoding=\"async\" style=\"margin-right: 12px;\" src=\"https:\/\/www.ferberpainting.com\/wp-content\/uploads\/2026\/02\/Check.svg\" alt=\"\" width=\"18\" height=\"15\" \/><strong>F\u00e1cil de usar.<\/strong>\u00a0El desincrustante para trituradoras est\u00e1 listo para usar y no requiere diluci\u00f3n ni preparaci\u00f3n. Puede aplicarlo directamente sobre las zonas afectadas con una esponja o un pincel. Su aplicaci\u00f3n es sencilla y r\u00e1pida, lo que le permite mantener f\u00e1cilmente su triturador en perfectas condiciones de funcionamiento sin necesidad de utilizar t\u00e9cnicas complejas ni m\u00faltiples productos qu\u00edmicos.<\/p>\n<p><img decoding=\"async\" style=\"margin-right: 12px;\" src=\"https:\/\/www.ferberpainting.com\/wp-content\/uploads\/2026\/02\/Check.svg\" alt=\"\" width=\"18\" height=\"15\" \/><strong>Durabilidad.<\/strong>\u00a0El uso regular del descalcificador de macerador mantiene el interior de su aparato en buen estado, reduciendo la acumulaci\u00f3n de cal con el paso del tiempo. Al eliminar los dep\u00f3sitos de calcio a medida que aparecen, prolonga la vida \u00fatil de su triturador al tiempo que optimiza su eficacia. Este producto tambi\u00e9n ayuda a reducir las aver\u00edas causadas por obstrucciones internas.<\/p>\n<p><img decoding=\"async\" style=\"margin-right: 12px;\" src=\"https:\/\/www.ferberpainting.com\/wp-content\/uploads\/2026\/02\/Check.svg\" alt=\"\" width=\"18\" height=\"15\" \/><strong>De acci\u00f3n r\u00e1pida.<\/strong>\u00a0Este desincrustante act\u00faa r\u00e1pidamente para disolver la cal y otros residuos de su triturador. Tras su aplicaci\u00f3n, basta con dejarlo actuar unos minutos para ver los resultados. Dependiendo del nivel de residuos, puede dejar actuar el producto de 10 a 20 minutos para una eficacia \u00f3ptima. No tendr\u00e1 que esperar mucho para aclarar y recuperar un macerador limpio y en funcionamiento.<\/p>\n<h2><strong>Protocolo de uso<\/strong><\/h2>\n<ul>\n<li><strong>Preparaci\u00f3n del dispositivo <\/strong>: Antes de aplicar el desincrustante, aseg\u00farese de que el triturador est\u00e9 apagado y de que todas las piezas que se van a limpiar est\u00e9n fr\u00edas. Por seguridad, desenchufe el aparato si es necesario. Elimine el agua restante en el dep\u00f3sito o la cubeta si es necesario.<\/li>\n<li><strong>Aplicaci\u00f3n del desincrustante <\/strong>: El producto est\u00e1 listo para usar y no requiere diluci\u00f3n. Aplique generosamente el desincrustante en las partes internas del triturador en las que sean visibles la cal o los residuos. Puede utilizar una esponja o un cepillo para distribuir uniformemente el producto por las zonas afectadas. Aseg\u00farese de cubrir bien todos los dep\u00f3sitos.<\/li>\n<li><strong>Tiempo de permanencia <\/strong>: Deje reposar el desincrustante de 10 a 20 minutos. Si los dep\u00f3sitos de cal son importantes, puede prolongar el tiempo de aplicaci\u00f3n para mejorar la disoluci\u00f3n. No deje que el producto se seque antes de aclararlo, ya que podr\u00eda reducir su eficacia.<\/li>\n<li><strong>Aclarado y limpieza <\/strong>: Una vez transcurrido el tiempo de permanencia, utilice una esponja o un pa\u00f1o limpio para fregar las superficies y eliminar los residuos disueltos. Tambi\u00e9n puede enjuagar el triturador con agua limpia para aclarar el aparato. Aseg\u00farese de eliminar todos los restos del descalcificador antes de volver a poner el aparato en servicio.<\/li>\n<li><strong>Limpieza de herramientas <\/strong>: Despu\u00e9s de su uso, limpie sus herramientas (esponjas, cepillos) con agua clara. Es importante aclararlas a fondo para evitar que se cristalicen o da\u00f1en las herramientas.<\/li>\n<li><strong>Almacenamiento <\/strong>: Guarde el descalcificador en su envase original, en un lugar fresco y seco, protegido de las heladas y del calor excesivo. Cierre bien el envase despu\u00e9s de cada uso para garantizar una buena conservaci\u00f3n. El descalcificador puede almacenarse durante varios meses si se conserva correctamente.<\/li>\n<\/ul>\n<p>Siguiendo estos sencillos pasos, podr\u00e1 desincrustar y mantener f\u00e1cilmente su triturador, garantizando su correcto funcionamiento y longevidad. Este producto es ideal para prevenir la acumulaci\u00f3n de cal y residuos, ayud\u00e1ndole a mantener sus aparatos sanitarios en perfecto estado con el m\u00ednimo esfuerzo.<\/p>","protected":false},"excerpt":{"rendered":"<p>Effective against limescale and calcium deposits.\u00a0The macerator descaler is specially designed to effectively eliminate limescale and calcium deposits that can build up inside sanitary appliances like macerating toilets. These residues can block internal mechanisms and reduce system efficiency. Thanks to its powerful formula, this product helps maintain the proper functioning of your macerator while providing [&hellip;]<\/p>\n","protected":false},"featured_media":36457,"comment_status":"open","ping_status":"closed","template":"","meta":{"_uag_custom_page_level_css":"","site-sidebar-layout":"default","site-content-layout":"","ast-site-content-layout":"default","site-content-style":"default","site-sidebar-style":"default","ast-global-header-display":"","ast-banner-title-visibility":"","ast-main-header-display":"","ast-hfb-above-header-display":"","ast-hfb-below-header-display":"","ast-hfb-mobile-header-display":"","site-post-title":"","ast-breadcrumbs-content":"","ast-featured-img":"","footer-sml-layout":"","ast-disable-related-posts":"","theme-transparent-header-meta":"default","adv-header-id-meta":"","stick-header-meta":"","header-above-stick-meta":"","header-main-stick-meta":"","header-below-stick-meta":"","astra-migrate-meta-layouts":"set","ast-page-background-enabled":"default","ast-page-background-meta":{"desktop":{"background-color":"var(--ast-global-color-4)","background-image":"","background-repeat":"repeat","background-position":"center center","background-size":"auto","background-attachment":"scroll","background-type":"","background-media":"","overlay-type":"","overlay-color":"","overlay-opacity":"","overlay-gradient":""},"tablet":{"background-color":"","background-image":"","background-repeat":"repeat","background-position":"center center","background-size":"auto","background-attachment":"scroll","background-type":"","background-media":"","overlay-type":"","overlay-color":"","overlay-opacity":"","overlay-gradient":""},"mobile":{"background-color":"","background-image":"","background-repeat":"repeat","background-position":"center center","background-size":"auto","background-attachment":"scroll","background-type":"","background-media":"","overlay-type":"","overlay-color":"","overlay-opacity":"","overlay-gradient":""}},"ast-content-background-meta":{"desktop":{"background-color":"var(--ast-global-color-5)","background-image":"","background-repeat":"repeat","background-position":"center center","background-size":"auto","background-attachment":"scroll","background-type":"","background-media":"","overlay-type":"","overlay-color":"","overlay-opacity":"","overlay-gradient":""},"tablet":{"background-color":"var(--ast-global-color-5)","background-image":"","background-repeat":"repeat","background-position":"center center","background-size":"auto","background-attachment":"scroll","background-type":"","background-media":"","overlay-type":"","overlay-color":"","overlay-opacity":"","overlay-gradient":""},"mobile":{"background-color":"var(--ast-global-color-5)","background-image":"","background-repeat":"repeat","background-position":"center center","background-size":"auto","background-attachment":"scroll","background-type":"","background-media":"","overlay-type":"","overlay-color":"","overlay-opacity":"","overlay-gradient":""}}},"product_brand":[],"product_cat":[175],"product_tag":[],"class_list":{"0":"post-23195","1":"product","2":"type-product","3":"status-publish","4":"has-post-thumbnail","6":"product_cat-cleaning-products","7":"desktop-align-left","8":"tablet-align-left","9":"mobile-align-left","11":"first","12":"instock","13":"sale","14":"taxable","15":"shipping-taxable","16":"purchasable","17":"product-type-variable","18":"has-default-attributes"},"spectra_custom_meta":{"_visibility":["visible"],"_shopify_product_id":["9106662916341"],"_s2w_shopify_domain":["ferberpainting.myshopify.com"],"_shopify_variant_id":["46626432385269"],"_sku":[""],"_manage_stock":["no"],"total_sales":["25"],"_tax_status":["taxable"],"_tax_class":[""],"_backorders":["no"],"_sold_individually":["no"],"_virtual":["no"],"_downloadable":["no"],"_download_limit":["-1"],"_download_expiry":["-1"],"_stock":[null],"_stock_status":["instock"],"_wc_average_rating":["5.00"],"_wc_review_count":["18"],"_product_attributes":["a:1:{s:6:\"volume\";a:6:{s:4:\"name\";s:6:\"Volume\";s:5:\"value\";s:20:\"5 liters | 25 liters\";s:8:\"position\";i:1;s:10:\"is_visible\";i:0;s:12:\"is_variation\";i:1;s:11:\"is_taxonomy\";i:0;}}"],"_product_version":["10.5.1"],"wpse_downloadable_file_names":[""],"wpse_downloadable_file_urls":[""],"_edit_last":["1"],"_default_attributes":["a:1:{s:6:\"volume\";s:8:\"5 liters\";}"],"_edit_lock":["1771159549:1"],"merchant-center-availability":["yes"],"merchant-center-category":["7470"],"_thumbnail_id":["36457"],"_wp_page_template":["default"],"_wp_old_date":["2025-05-26"],"_product_image_gallery":["36458"],"site-sidebar-layout":["default"],"ast-site-content-layout":["default"],"site-content-style":["default"],"site-sidebar-style":["default"],"theme-transparent-header-meta":["default"],"_price":["29.90","129.90"],"_wc_rating_count":["a:1:{i:5;i:18;}"],"astra-migrate-meta-layouts":["set"],"_uag_css_file_name":["uag-css-23195.css"],"_elementor_page_assets":["a:0:{}"],"_uag_page_assets":["a:9:{s:3:\"css\";s:7133:\".uag-blocks-common-selector{z-index:var(--z-index-desktop) !important}@media(max-width: 976px){.uag-blocks-common-selector{z-index:var(--z-index-tablet) !important}}@media(max-width: 767px){.uag-blocks-common-selector{z-index:var(--z-index-mobile) !important}}.wp-block-uagb-image{display:flex}.wp-block-uagb-image__figure{position:relative;display:flex;flex-direction:column;max-width:100%;height:auto;margin:0}.wp-block-uagb-image__figure img{height:auto;display:flex;max-width:100%;transition:box-shadow .2s ease}.wp-block-uagb-image__figure>a{display:inline-block}.wp-block-uagb-image__figure figcaption{text-align:center;margin-top:.5em;margin-bottom:1em}.wp-block-uagb-image .components-placeholder.block-editor-media-placeholder .components-placeholder__instructions{align-self:center}.wp-block-uagb-image--align-left{text-align:left}.wp-block-uagb-image--align-right{text-align:right}.wp-block-uagb-image--align-center{text-align:center}.wp-block-uagb-image--align-full .wp-block-uagb-image__figure{margin-left:calc(50% - 50vw);margin-right:calc(50% - 50vw);max-width:100vw;width:100vw;height:auto}.wp-block-uagb-image--align-full .wp-block-uagb-image__figure img{height:auto;width:100% !important}.wp-block-uagb-image--align-wide .wp-block-uagb-image__figure img{height:auto;width:100%}.wp-block-uagb-image--layout-overlay__color-wrapper{position:absolute;left:0;top:0;right:0;bottom:0;opacity:.2;background:rgba(0,0,0,.5);transition:opacity .35s ease-in-out}.wp-block-uagb-image--layout-overlay-link{position:absolute;left:0;right:0;bottom:0;top:0}.wp-block-uagb-image--layout-overlay .wp-block-uagb-image__figure:hover .wp-block-uagb-image--layout-overlay__color-wrapper{opacity:1}.wp-block-uagb-image--layout-overlay__inner{position:absolute;left:15px;right:15px;bottom:15px;top:15px;display:flex;align-items:center;justify-content:center;flex-direction:column;border-color:#fff;transition:.35s ease-in-out}.wp-block-uagb-image--layout-overlay__inner.top-left,.wp-block-uagb-image--layout-overlay__inner.top-center,.wp-block-uagb-image--layout-overlay__inner.top-right{justify-content:flex-start}.wp-block-uagb-image--layout-overlay__inner.bottom-left,.wp-block-uagb-image--layout-overlay__inner.bottom-center,.wp-block-uagb-image--layout-overlay__inner.bottom-right{justify-content:flex-end}.wp-block-uagb-image--layout-overlay__inner.top-left,.wp-block-uagb-image--layout-overlay__inner.center-left,.wp-block-uagb-image--layout-overlay__inner.bottom-left{align-items:flex-start}.wp-block-uagb-image--layout-overlay__inner.top-right,.wp-block-uagb-image--layout-overlay__inner.center-right,.wp-block-uagb-image--layout-overlay__inner.bottom-right{align-items:flex-end}.wp-block-uagb-image--layout-overlay__inner .uagb-image-heading{color:#fff;transition:transform .35s,opacity .35s ease-in-out;transform:translate3d(0, 24px, 0);margin:0;line-height:1em}.wp-block-uagb-image--layout-overlay__inner .uagb-image-separator{width:30%;border-top-width:2px;border-top-color:#fff;border-top-style:solid;margin-bottom:10px;opacity:0;transition:transform .4s,opacity .4s ease-in-out;transform:translate3d(0, 30px, 0)}.wp-block-uagb-image--layout-overlay__inner .uagb-image-caption{opacity:0;overflow:visible;color:#fff;transition:transform .45s,opacity .45s ease-in-out;transform:translate3d(0, 35px, 0)}.wp-block-uagb-image--layout-overlay__inner:hover .uagb-image-heading,.wp-block-uagb-image--layout-overlay__inner:hover .uagb-image-separator,.wp-block-uagb-image--layout-overlay__inner:hover .uagb-image-caption{opacity:1;transform:translate3d(0, 0, 0)}.wp-block-uagb-image--effect-zoomin .wp-block-uagb-image__figure img,.wp-block-uagb-image--effect-zoomin .wp-block-uagb-image__figure .wp-block-uagb-image--layout-overlay__color-wrapper{transform:scale(1);transition:transform .35s ease-in-out}.wp-block-uagb-image--effect-zoomin .wp-block-uagb-image__figure:hover img,.wp-block-uagb-image--effect-zoomin .wp-block-uagb-image__figure:hover .wp-block-uagb-image--layout-overlay__color-wrapper{transform:scale(1.05)}.wp-block-uagb-image--effect-slide .wp-block-uagb-image__figure img,.wp-block-uagb-image--effect-slide .wp-block-uagb-image__figure .wp-block-uagb-image--layout-overlay__color-wrapper{width:calc(100% + 40px) !important;max-width:none !important;transform:translate3d(-40px, 0, 0);transition:transform .35s ease-in-out}.wp-block-uagb-image--effect-slide .wp-block-uagb-image__figure:hover img,.wp-block-uagb-image--effect-slide .wp-block-uagb-image__figure:hover .wp-block-uagb-image--layout-overlay__color-wrapper{transform:translate3d(0, 0, 0)}.wp-block-uagb-image--effect-grayscale img{filter:grayscale(0%);transition:.35s ease-in-out}.wp-block-uagb-image--effect-grayscale:hover img{filter:grayscale(100%)}.wp-block-uagb-image--effect-blur img{filter:blur(0);transition:.35s ease-in-out}.wp-block-uagb-image--effect-blur:hover img{filter:blur(3px)}.uagb-block-e6f939b3.wp-block-uagb-image--layout-default figure img{box-shadow: 0px 0px 0 #00000070;}.uagb-block-e6f939b3.wp-block-uagb-image .wp-block-uagb-image__figure figcaption{font-style: normal;align-self: center;}.uagb-block-e6f939b3.wp-block-uagb-image--layout-overlay figure img{box-shadow: 0px 0px 0 #00000070;}.uagb-block-e6f939b3.wp-block-uagb-image--layout-overlay .wp-block-uagb-image--layout-overlay__color-wrapper{opacity: 0.2;}.uagb-block-e6f939b3.wp-block-uagb-image--layout-overlay .wp-block-uagb-image--layout-overlay__inner{left: 15px;right: 15px;top: 15px;bottom: 15px;}.uagb-block-e6f939b3.wp-block-uagb-image--layout-overlay .wp-block-uagb-image--layout-overlay__inner .uagb-image-heading{font-style: normal;color: #fff;opacity: 1;}.uagb-block-e6f939b3.wp-block-uagb-image--layout-overlay .wp-block-uagb-image--layout-overlay__inner .uagb-image-heading a{color: #fff;}.uagb-block-e6f939b3.wp-block-uagb-image--layout-overlay .wp-block-uagb-image--layout-overlay__inner .uagb-image-caption{opacity: 0;}.uagb-block-e6f939b3.wp-block-uagb-image--layout-overlay .wp-block-uagb-image__figure:hover .wp-block-uagb-image--layout-overlay__color-wrapper{opacity: 1;}.uagb-block-e6f939b3.wp-block-uagb-image .wp-block-uagb-image--layout-overlay__inner .uagb-image-separator{width: 30%;border-top-width: 2px;border-top-color: #fff;opacity: 0;}.uagb-block-e6f939b3.wp-block-uagb-image .wp-block-uagb-image__figure img{width: px;height: auto;}.uagb-block-e6f939b3.wp-block-uagb-image .wp-block-uagb-image__figure:hover .wp-block-uagb-image--layout-overlay__inner .uagb-image-caption{opacity: 1;}.uagb-block-e6f939b3.wp-block-uagb-image .wp-block-uagb-image__figure:hover .wp-block-uagb-image--layout-overlay__inner .uagb-image-separator{opacity: 1;}.uagb-block-e6f939b3.wp-block-uagb-image--layout-default figure:hover img{box-shadow: 0px 0px 0 #00000070;}.uagb-block-e6f939b3.wp-block-uagb-image--layout-overlay figure:hover img{box-shadow: 0px 0px 0 #00000070;}@media only screen and (max-width: 976px) {.uagb-block-e6f939b3.wp-block-uagb-image .wp-block-uagb-image__figure img{width: px;height: auto;}}@media only screen and (max-width: 767px) {.uagb-block-e6f939b3.wp-block-uagb-image .wp-block-uagb-image__figure img{width: px;height: auto;}}\";s:2:\"js\";s:0:\"\";s:18:\"current_block_list\";a:13:{i:0;s:11:\"core\/search\";i:1;s:10:\"core\/group\";i:2;s:12:\"core\/heading\";i:3;s:17:\"core\/latest-posts\";i:4;s:20:\"core\/latest-comments\";i:5;s:13:\"core\/archives\";i:6;s:15:\"core\/categories\";i:7;s:14:\"core\/paragraph\";i:8;s:10:\"uagb\/image\";i:9;s:11:\"core\/spacer\";i:10;s:30:\"woocommerce\/product-categories\";i:11;s:10:\"core\/image\";i:12;s:14:\"core\/shortcode\";}s:8:\"uag_flag\";b:1;s:11:\"uag_version\";s:10:\"1777229901\";s:6:\"gfonts\";a:0:{}s:10:\"gfonts_url\";s:0:\"\";s:12:\"gfonts_files\";a:0:{}s:14:\"uag_faq_layout\";b:0;}"]},"uagb_featured_image_src":{"full":["https:\/\/www.ferberpainting.com\/wp-content\/uploads\/2025\/05\/Descaler-for-Macerator-Toilet-5L.png",2560,2560,false],"thumbnail":["https:\/\/www.ferberpainting.com\/wp-content\/uploads\/2025\/05\/Descaler-for-Macerator-Toilet-5L-150x150.png",150,150,true],"medium":["https:\/\/www.ferberpainting.com\/wp-content\/uploads\/2025\/05\/Descaler-for-Macerator-Toilet-5L-300x300.png",300,300,true],"medium_large":["https:\/\/www.ferberpainting.com\/wp-content\/uploads\/2025\/05\/Descaler-for-Macerator-Toilet-5L-768x768.png",768,768,true],"large":["https:\/\/www.ferberpainting.com\/wp-content\/uploads\/2025\/05\/Descaler-for-Macerator-Toilet-5L-1024x1024.png",1024,1024,true],"1536x1536":["https:\/\/www.ferberpainting.com\/wp-content\/uploads\/2025\/05\/Descaler-for-Macerator-Toilet-5L-1536x1536.png",1536,1536,true],"2048x2048":["https:\/\/www.ferberpainting.com\/wp-content\/uploads\/2025\/05\/Descaler-for-Macerator-Toilet-5L-2048x2048.png",2048,2048,true],"trp-custom-language-flag":["https:\/\/www.ferberpainting.com\/wp-content\/uploads\/2025\/05\/Descaler-for-Macerator-Toilet-5L-12x12.png",12,12,true],"woocommerce_thumbnail":["https:\/\/www.ferberpainting.com\/wp-content\/uploads\/2025\/05\/Descaler-for-Macerator-Toilet-5L-300x300.png",300,300,true],"woocommerce_single":["https:\/\/www.ferberpainting.com\/wp-content\/uploads\/2025\/05\/Descaler-for-Macerator-Toilet-5L-600x600.png",600,600,true],"woocommerce_gallery_thumbnail":["https:\/\/www.ferberpainting.com\/wp-content\/uploads\/2025\/05\/Descaler-for-Macerator-Toilet-5L-100x100.png",100,100,true]},"uagb_author_info":{"display_name":"admin","author_link":"https:\/\/www.ferberpainting.com\/es\/author\/"},"uagb_comment_info":18,"uagb_excerpt":"Effective against limescale and calcium deposits.\u00a0The macerator descaler is specially designed to effectively eliminate limescale and calcium deposits that can build up inside sanitary appliances like macerating toilets. These residues can block internal mechanisms and reduce system efficiency. Thanks to its powerful formula, this product helps maintain the proper functioning of your macerator while providing&hellip;","_links":{"self":[{"href":"https:\/\/www.ferberpainting.com\/es\/wp-json\/wp\/v2\/product\/23195","targetHints":{"allow":["GET"]}}],"collection":[{"href":"https:\/\/www.ferberpainting.com\/es\/wp-json\/wp\/v2\/product"}],"about":[{"href":"https:\/\/www.ferberpainting.com\/es\/wp-json\/wp\/v2\/types\/product"}],"replies":[{"embeddable":true,"href":"https:\/\/www.ferberpainting.com\/es\/wp-json\/wp\/v2\/comments?post=23195"}],"version-history":[{"count":4,"href":"https:\/\/www.ferberpainting.com\/es\/wp-json\/wp\/v2\/product\/23195\/revisions"}],"predecessor-version":[{"id":166095,"href":"https:\/\/www.ferberpainting.com\/es\/wp-json\/wp\/v2\/product\/23195\/revisions\/166095"}],"wp:featuredmedia":[{"embeddable":true,"href":"https:\/\/www.ferberpainting.com\/es\/wp-json\/wp\/v2\/media\/36457"}],"wp:attachment":[{"href":"https:\/\/www.ferberpainting.com\/es\/wp-json\/wp\/v2\/media?parent=23195"}],"wp:term":[{"taxonomy":"product_brand","embeddable":true,"href":"https:\/\/www.ferberpainting.com\/es\/wp-json\/wp\/v2\/product_brand?post=23195"},{"taxonomy":"product_cat","embeddable":true,"href":"https:\/\/www.ferberpainting.com\/es\/wp-json\/wp\/v2\/product_cat?post=23195"},{"taxonomy":"product_tag","embeddable":true,"href":"https:\/\/www.ferberpainting.com\/es\/wp-json\/wp\/v2\/product_tag?post=23195"}],"curies":[{"name":"wp","href":"https:\/\/api.w.org\/{rel}","templated":true}]}}