{"id":23102,"date":"2025-05-26T10:22:44","date_gmt":"2025-05-26T08:22:44","guid":{"rendered":"https:\/\/www.ferberpainting.com\/products\/blueberry-fertilizer\/"},"modified":"2026-02-15T13:10:58","modified_gmt":"2026-02-15T12:10:58","slug":"blueberry-fertilizer","status":"publish","type":"product","link":"https:\/\/www.ferberpainting.com\/es\/products\/blueberry-fertilizer\/","title":{"rendered":"Fertilizante para ar\u00e1ndanos"},"content":{"rendered":"<p><img decoding=\"async\" style=\"margin-right: 12px;\" src=\"https:\/\/www.ferberpainting.com\/wp-content\/uploads\/2026\/02\/Check.svg\" alt=\"\" width=\"18\" height=\"15\" \/><strong>Un abono equilibrado para obtener ar\u00e1ndanos sanos y cosechas abundantes.<\/strong>\u00a0Este abono para ar\u00e1ndanos est\u00e1 especialmente dise\u00f1ado para favorecer el crecimiento de este arbusto frutal y garantizar una producci\u00f3n \u00f3ptima de bayas sabrosas. Gracias a su formulaci\u00f3n NPK 15-15-15, proporciona un aporte equilibrado de nitr\u00f3geno (N), que favorece un follaje denso y verde, de f\u00f3sforo (P), que estimula un enraizamiento s\u00f3lido y una mejor absorci\u00f3n de los nutrientes, y de potasio (K), que mejora la fructificaci\u00f3n y refuerza la resistencia a las enfermedades y al estr\u00e9s clim\u00e1tico. Garantiza un desarrollo armonioso de la planta, una floraci\u00f3n abundante y frutos m\u00e1s grandes, m\u00e1s dulces y mejor formados.<\/p>\n<p><img decoding=\"async\" style=\"margin-right: 12px;\" src=\"https:\/\/www.ferberpainting.com\/wp-content\/uploads\/2026\/02\/Check.svg\" alt=\"\" width=\"18\" height=\"15\" \/><strong>Garant\u00eda de devoluci\u00f3n del dinero.<\/strong>\u00a0Confiamos plenamente en la eficacia de nuestro abono para ar\u00e1ndanos, por lo que ofrecemos una garant\u00eda de devoluci\u00f3n del dinero. Si despu\u00e9s de utilizarlo seg\u00fan las recomendaciones no nota ninguna mejora significativa en el crecimiento, la floraci\u00f3n o la fructificaci\u00f3n, nos comprometemos a reembolsarle el importe bajo esta condici\u00f3n, asegur\u00e1ndole as\u00ed una compra con total tranquilidad.<\/p>\n<p><img decoding=\"async\" style=\"margin-right: 12px;\" src=\"https:\/\/www.ferberpainting.com\/wp-content\/uploads\/2026\/02\/Check.svg\" alt=\"\" width=\"18\" height=\"15\" \/><strong>Adecuado para todas las variedades de ar\u00e1ndanos y diferentes condiciones de cultivo. <\/strong>Este abono es adecuado para ar\u00e1ndanos cultivados en macetas, en campo abierto o en invernadero, y se adapta a todas las variedades, ya sea Vaccinium corymbosum (ar\u00e1ndano highbush), Vaccinium myrtillus (ar\u00e1ndano silvestre) o incluso Vaccinium angustifolium (ar\u00e1ndano lowbush). Es compatible con suelos \u00e1cidos y ligeros, condiciones ideales para el cultivo de este arbusto frutal, y puede ser utilizado con \u00e9xito tanto por jardineros aficionados como por cultivadores profesionales.<\/p>\n<p><img decoding=\"async\" style=\"margin-right: 12px;\" src=\"https:\/\/www.ferberpainting.com\/wp-content\/uploads\/2026\/02\/Check.svg\" alt=\"\" width=\"18\" height=\"15\" \/><strong>Rendimiento rentable y fertilizaci\u00f3n prolongada.<\/strong>\u00a0Gracias a su formulaci\u00f3n altamente concentrada, una lata de 5 litros es suficiente para preparar hasta 1000 litros de soluci\u00f3n fertilizante, garantizando una fertilizaci\u00f3n prolongada y econ\u00f3mica. Con una dosificaci\u00f3n de 5 ml por litro de agua, garantiza una r\u00e1pida absorci\u00f3n de nutrientes y un uso optimizado, al tiempo que reduce los residuos.<\/p>\n<p><img decoding=\"async\" style=\"margin-right: 12px;\" src=\"https:\/\/www.ferberpainting.com\/wp-content\/uploads\/2026\/02\/Check.svg\" alt=\"\" width=\"18\" height=\"15\" \/><strong>Un abono ecol\u00f3gico seguro para el medio ambiente.<\/strong>\u00a0Formulado sin productos qu\u00edmicos agresivos, este abono no contiene ning\u00fan elemento t\u00f3xico que pueda da\u00f1ar el suelo, la biodiversidad o las aguas subterr\u00e1neas. Favorece el desarrollo de una microflora beneficiosa y mejora la estructura del sustrato, garantizando una mejor retenci\u00f3n de nutrientes y humedad, algo esencial para el cultivo de ar\u00e1ndanos.<\/p>\n<p><img decoding=\"async\" style=\"margin-right: 12px;\" src=\"https:\/\/www.ferberpainting.com\/wp-content\/uploads\/2026\/02\/Check.svg\" alt=\"\" width=\"18\" height=\"15\" \/><strong>F\u00e1cil de aplicar para una fertilizaci\u00f3n sin complicaciones.<\/strong>\u00a0Este abono l\u00edquido se diluye directamente en el agua de riego, garantizando una fertilizaci\u00f3n uniforme y sin esfuerzo. Puede aplicarse mediante riego en la base de la planta o como pulverizaci\u00f3n foliar, lo que permite una r\u00e1pida absorci\u00f3n de nutrientes por las ra\u00edces y las hojas, optimizando as\u00ed el crecimiento y la producci\u00f3n de ar\u00e1ndanos.<\/p>\n<p><img decoding=\"async\" style=\"margin-right: 12px;\" src=\"https:\/\/www.ferberpainting.com\/wp-content\/uploads\/2026\/02\/Check.svg\" alt=\"\" width=\"18\" height=\"15\" \/><strong>Un efecto duradero para acelerar el crecimiento y aumentar la producci\u00f3n.<\/strong>\u00a0Gracias a su liberaci\u00f3n gradual de nutrientes, este abono nutre de forma sostenible la planta de ar\u00e1ndano, estimulando el r\u00e1pido crecimiento de tallos y hojas, al tiempo que favorece una floraci\u00f3n generosa y una fructificaci\u00f3n abundante. Tambi\u00e9n ayuda a reforzar la resistencia a las enfermedades f\u00fangicas y a los ataques de plagas, garantizando as\u00ed cosechas de alta calidad durante toda la temporada.<\/p>\n<p><img decoding=\"async\" style=\"margin-right: 12px;\" src=\"https:\/\/www.ferberpainting.com\/wp-content\/uploads\/2026\/02\/Check.svg\" alt=\"\" width=\"18\" height=\"15\" \/><strong>Resultados visibles desde las primeras semanas.<\/strong>\u00a0Desde las primeras aplicaciones, este abono estimula el crecimiento de nuevos brotes, aumenta la densidad del follaje y favorece la formaci\u00f3n de racimos de frutos m\u00e1s grandes, dulces y voluminosos. Tambi\u00e9n ayuda a la planta a prepararse para los ciclos de floraci\u00f3n y fructificaci\u00f3n, garantizando cosechas m\u00e1s abundantes y regulares, con bayas m\u00e1s jugosas y sabrosas.<\/p>\n<h2><strong>Protocolo de uso<\/strong><\/h2>\n<ul>\n<li><strong>Diluci\u00f3n de fertilizantes <\/strong>: Mezclar 5 ml de abono por 1 litro de agua. Agitar bien la soluci\u00f3n antes de cada aplicaci\u00f3n para garantizar una distribuci\u00f3n uniforme de los nutrientes.<\/li>\n<li><strong>M\u00e9todo de aplicaci\u00f3n <\/strong>:\n<ul>\n<li><strong>Regando <\/strong>: Vierta la soluci\u00f3n diluida directamente en la base de la planta de ar\u00e1ndanos, asegur\u00e1ndose de humedecer la tierra uniformemente sin exceso de agua para evitar escorrent\u00edas.<\/li>\n<li><strong>Mediante pulverizaci\u00f3n foliar <\/strong>: Pulverizar ligeramente la soluci\u00f3n sobre las hojas, a primera hora de la ma\u00f1ana o a \u00faltima del d\u00eda para evitar una evaporaci\u00f3n r\u00e1pida y maximizar la absorci\u00f3n.<\/li>\n<\/ul>\n<\/li>\n<li><strong>Frecuencia de uso <\/strong>: Aplique el abono cada dos semanas durante el periodo de crecimiento y floraci\u00f3n (primavera-verano) y una vez al mes durante el periodo de reposo (oto\u00f1o-invierno) para mantener un crecimiento constante.<\/li>\n<li><strong>Riego adicional <\/strong>: Despu\u00e9s de aplicar el abono, espere 48 horas antes de volver a regar, para optimizar la absorci\u00f3n de nutrientes por las ra\u00edces.<\/li>\n<li><strong>Precauciones de uso <\/strong>: No sobredosificar el abono para evitar un exceso de nutrientes, que podr\u00eda provocar un crecimiento excesivo del follaje a expensas de la producci\u00f3n de frutos. Aplicar s\u00f3lo en suelos ligeramente h\u00famedos para una mejor absorci\u00f3n.<\/li>\n<li><strong>Almacenamiento y conservaci\u00f3n <\/strong>: Guarde el abono en un lugar seco y fresco, protegido de la luz y la humedad. Cierre siempre bien el bote despu\u00e9s de cada uso para preservar la eficacia del producto y evitar cualquier evaporaci\u00f3n.<\/li>\n<\/ul>\n<p>Con este abono para ar\u00e1ndanos, ofrezca a su arbusto una nutrici\u00f3n completa y equilibrada, favoreciendo un crecimiento vigoroso, una floraci\u00f3n abundante y una generosa cosecha de sabrosos ar\u00e1ndanos. Es la soluci\u00f3n ideal para garantizar unos ar\u00e1ndanos sanos y una producci\u00f3n excepcional durante toda la temporada.<\/p>","protected":false},"excerpt":{"rendered":"<p>A balanced fertilizer for healthy blueberries and abundant harvests.\u00a0This blueberry fertilizer is specially designed to support the growth of this fruit shrub and ensure optimal production of flavorful berries. Thanks to its NPK 15-15-15 formulation, it provides a balanced supply of nitrogen (N), promoting dense and green foliage, phosphorus (P), which stimulates solid rooting and [&hellip;]<\/p>\n","protected":false},"featured_media":25702,"comment_status":"open","ping_status":"closed","template":"","meta":{"_uag_custom_page_level_css":"","site-sidebar-layout":"default","site-content-layout":"","ast-site-content-layout":"default","site-content-style":"default","site-sidebar-style":"default","ast-global-header-display":"","ast-banner-title-visibility":"","ast-main-header-display":"","ast-hfb-above-header-display":"","ast-hfb-below-header-display":"","ast-hfb-mobile-header-display":"","site-post-title":"","ast-breadcrumbs-content":"","ast-featured-img":"","footer-sml-layout":"","ast-disable-related-posts":"","theme-transparent-header-meta":"default","adv-header-id-meta":"","stick-header-meta":"","header-above-stick-meta":"","header-main-stick-meta":"","header-below-stick-meta":"","astra-migrate-meta-layouts":"set","ast-page-background-enabled":"default","ast-page-background-meta":{"desktop":{"background-color":"var(--ast-global-color-4)","background-image":"","background-repeat":"repeat","background-position":"center center","background-size":"auto","background-attachment":"scroll","background-type":"","background-media":"","overlay-type":"","overlay-color":"","overlay-opacity":"","overlay-gradient":""},"tablet":{"background-color":"","background-image":"","background-repeat":"repeat","background-position":"center center","background-size":"auto","background-attachment":"scroll","background-type":"","background-media":"","overlay-type":"","overlay-color":"","overlay-opacity":"","overlay-gradient":""},"mobile":{"background-color":"","background-image":"","background-repeat":"repeat","background-position":"center center","background-size":"auto","background-attachment":"scroll","background-type":"","background-media":"","overlay-type":"","overlay-color":"","overlay-opacity":"","overlay-gradient":""}},"ast-content-background-meta":{"desktop":{"background-color":"var(--ast-global-color-5)","background-image":"","background-repeat":"repeat","background-position":"center center","background-size":"auto","background-attachment":"scroll","background-type":"","background-media":"","overlay-type":"","overlay-color":"","overlay-opacity":"","overlay-gradient":""},"tablet":{"background-color":"var(--ast-global-color-5)","background-image":"","background-repeat":"repeat","background-position":"center center","background-size":"auto","background-attachment":"scroll","background-type":"","background-media":"","overlay-type":"","overlay-color":"","overlay-opacity":"","overlay-gradient":""},"mobile":{"background-color":"var(--ast-global-color-5)","background-image":"","background-repeat":"repeat","background-position":"center center","background-size":"auto","background-attachment":"scroll","background-type":"","background-media":"","overlay-type":"","overlay-color":"","overlay-opacity":"","overlay-gradient":""}}},"product_brand":[],"product_cat":[178],"product_tag":[],"class_list":{"0":"post-23102","1":"product","2":"type-product","3":"status-publish","4":"has-post-thumbnail","6":"product_cat-fertilizers","7":"desktop-align-left","8":"tablet-align-left","9":"mobile-align-left","11":"first","12":"instock","13":"sale","14":"shipping-taxable","15":"purchasable","16":"product-type-variable","17":"has-default-attributes"},"spectra_custom_meta":{"_visibility":["visible"],"_shopify_product_id":["9066084466933"],"_s2w_shopify_domain":["ferberpainting.myshopify.com"],"_shopify_variant_id":["46501658296565"],"_sku":[""],"_manage_stock":["no"],"total_sales":["48"],"_tax_status":["taxable"],"_tax_class":[""],"_backorders":["no"],"_sold_individually":["no"],"_virtual":["no"],"_downloadable":["no"],"_download_limit":["-1"],"_download_expiry":["-1"],"_stock":[null],"_stock_status":["instock"],"_wc_average_rating":["5.00"],"_wc_review_count":["5"],"_product_attributes":["a:1:{s:6:\"volume\";a:6:{s:4:\"name\";s:6:\"Volume\";s:5:\"value\";s:20:\"5 liters | 25 liters\";s:8:\"position\";i:1;s:10:\"is_visible\";i:0;s:12:\"is_variation\";i:1;s:11:\"is_taxonomy\";i:0;}}"],"_product_version":["10.5.1"],"_thumbnail_id":["25702"],"_product_image_gallery":["25703"],"wpse_downloadable_file_names":[""],"wpse_downloadable_file_urls":[""],"_edit_last":["1"],"_default_attributes":["a:1:{s:6:\"volume\";s:8:\"5 liters\";}"],"_wc_rating_count":["a:1:{i:5;i:5;}"],"_edit_lock":["1771157320:1"],"_price":["29.90","129.90"],"merchant-center-availability":["yes"],"merchant-center-category":["113"],"_wp_page_template":["default"],"site-sidebar-layout":["default"],"ast-site-content-layout":["default"],"site-content-style":["default"],"site-sidebar-style":["default"],"theme-transparent-header-meta":["default"],"astra-migrate-meta-layouts":["set"],"_uag_css_file_name":["uag-css-23102.css"],"_elementor_page_assets":["a:0:{}"],"_uag_page_assets":["a:9:{s:3:\"css\";s:6873:\".wp-block-uagb-image{display:flex}.wp-block-uagb-image__figure{position:relative;display:flex;flex-direction:column;max-width:100%;height:auto;margin:0}.wp-block-uagb-image__figure img{height:auto;display:flex;max-width:100%;transition:box-shadow .2s ease}.wp-block-uagb-image__figure>a{display:inline-block}.wp-block-uagb-image__figure figcaption{text-align:center;margin-top:.5em;margin-bottom:1em}.wp-block-uagb-image .components-placeholder.block-editor-media-placeholder .components-placeholder__instructions{align-self:center}.wp-block-uagb-image--align-left{text-align:left}.wp-block-uagb-image--align-right{text-align:right}.wp-block-uagb-image--align-center{text-align:center}.wp-block-uagb-image--align-full .wp-block-uagb-image__figure{margin-left:calc(50% - 50vw);margin-right:calc(50% - 50vw);max-width:100vw;width:100vw;height:auto}.wp-block-uagb-image--align-full .wp-block-uagb-image__figure img{height:auto;width:100% !important}.wp-block-uagb-image--align-wide .wp-block-uagb-image__figure img{height:auto;width:100%}.wp-block-uagb-image--layout-overlay__color-wrapper{position:absolute;left:0;top:0;right:0;bottom:0;opacity:.2;background:rgba(0,0,0,.5);transition:opacity .35s ease-in-out}.wp-block-uagb-image--layout-overlay-link{position:absolute;left:0;right:0;bottom:0;top:0}.wp-block-uagb-image--layout-overlay .wp-block-uagb-image__figure:hover .wp-block-uagb-image--layout-overlay__color-wrapper{opacity:1}.wp-block-uagb-image--layout-overlay__inner{position:absolute;left:15px;right:15px;bottom:15px;top:15px;display:flex;align-items:center;justify-content:center;flex-direction:column;border-color:#fff;transition:.35s ease-in-out}.wp-block-uagb-image--layout-overlay__inner.top-left,.wp-block-uagb-image--layout-overlay__inner.top-center,.wp-block-uagb-image--layout-overlay__inner.top-right{justify-content:flex-start}.wp-block-uagb-image--layout-overlay__inner.bottom-left,.wp-block-uagb-image--layout-overlay__inner.bottom-center,.wp-block-uagb-image--layout-overlay__inner.bottom-right{justify-content:flex-end}.wp-block-uagb-image--layout-overlay__inner.top-left,.wp-block-uagb-image--layout-overlay__inner.center-left,.wp-block-uagb-image--layout-overlay__inner.bottom-left{align-items:flex-start}.wp-block-uagb-image--layout-overlay__inner.top-right,.wp-block-uagb-image--layout-overlay__inner.center-right,.wp-block-uagb-image--layout-overlay__inner.bottom-right{align-items:flex-end}.wp-block-uagb-image--layout-overlay__inner .uagb-image-heading{color:#fff;transition:transform .35s,opacity .35s ease-in-out;transform:translate3d(0, 24px, 0);margin:0;line-height:1em}.wp-block-uagb-image--layout-overlay__inner .uagb-image-separator{width:30%;border-top-width:2px;border-top-color:#fff;border-top-style:solid;margin-bottom:10px;opacity:0;transition:transform .4s,opacity .4s ease-in-out;transform:translate3d(0, 30px, 0)}.wp-block-uagb-image--layout-overlay__inner .uagb-image-caption{opacity:0;overflow:visible;color:#fff;transition:transform .45s,opacity .45s ease-in-out;transform:translate3d(0, 35px, 0)}.wp-block-uagb-image--layout-overlay__inner:hover .uagb-image-heading,.wp-block-uagb-image--layout-overlay__inner:hover .uagb-image-separator,.wp-block-uagb-image--layout-overlay__inner:hover .uagb-image-caption{opacity:1;transform:translate3d(0, 0, 0)}.wp-block-uagb-image--effect-zoomin .wp-block-uagb-image__figure img,.wp-block-uagb-image--effect-zoomin .wp-block-uagb-image__figure .wp-block-uagb-image--layout-overlay__color-wrapper{transform:scale(1);transition:transform .35s ease-in-out}.wp-block-uagb-image--effect-zoomin .wp-block-uagb-image__figure:hover img,.wp-block-uagb-image--effect-zoomin .wp-block-uagb-image__figure:hover .wp-block-uagb-image--layout-overlay__color-wrapper{transform:scale(1.05)}.wp-block-uagb-image--effect-slide .wp-block-uagb-image__figure img,.wp-block-uagb-image--effect-slide .wp-block-uagb-image__figure .wp-block-uagb-image--layout-overlay__color-wrapper{width:calc(100% + 40px) !important;max-width:none !important;transform:translate3d(-40px, 0, 0);transition:transform .35s ease-in-out}.wp-block-uagb-image--effect-slide .wp-block-uagb-image__figure:hover img,.wp-block-uagb-image--effect-slide .wp-block-uagb-image__figure:hover .wp-block-uagb-image--layout-overlay__color-wrapper{transform:translate3d(0, 0, 0)}.wp-block-uagb-image--effect-grayscale img{filter:grayscale(0%);transition:.35s ease-in-out}.wp-block-uagb-image--effect-grayscale:hover img{filter:grayscale(100%)}.wp-block-uagb-image--effect-blur img{filter:blur(0);transition:.35s ease-in-out}.wp-block-uagb-image--effect-blur:hover img{filter:blur(3px)}.uagb-block-e6f939b3.wp-block-uagb-image--layout-default figure img{box-shadow: 0px 0px 0 #00000070;}.uagb-block-e6f939b3.wp-block-uagb-image .wp-block-uagb-image__figure figcaption{font-style: normal;align-self: center;}.uagb-block-e6f939b3.wp-block-uagb-image--layout-overlay figure img{box-shadow: 0px 0px 0 #00000070;}.uagb-block-e6f939b3.wp-block-uagb-image--layout-overlay .wp-block-uagb-image--layout-overlay__color-wrapper{opacity: 0.2;}.uagb-block-e6f939b3.wp-block-uagb-image--layout-overlay .wp-block-uagb-image--layout-overlay__inner{left: 15px;right: 15px;top: 15px;bottom: 15px;}.uagb-block-e6f939b3.wp-block-uagb-image--layout-overlay .wp-block-uagb-image--layout-overlay__inner .uagb-image-heading{font-style: normal;color: #fff;opacity: 1;}.uagb-block-e6f939b3.wp-block-uagb-image--layout-overlay .wp-block-uagb-image--layout-overlay__inner .uagb-image-heading a{color: #fff;}.uagb-block-e6f939b3.wp-block-uagb-image--layout-overlay .wp-block-uagb-image--layout-overlay__inner .uagb-image-caption{opacity: 0;}.uagb-block-e6f939b3.wp-block-uagb-image--layout-overlay .wp-block-uagb-image__figure:hover .wp-block-uagb-image--layout-overlay__color-wrapper{opacity: 1;}.uagb-block-e6f939b3.wp-block-uagb-image .wp-block-uagb-image--layout-overlay__inner .uagb-image-separator{width: 30%;border-top-width: 2px;border-top-color: #fff;opacity: 0;}.uagb-block-e6f939b3.wp-block-uagb-image .wp-block-uagb-image__figure img{width: px;height: auto;}.uagb-block-e6f939b3.wp-block-uagb-image .wp-block-uagb-image__figure:hover .wp-block-uagb-image--layout-overlay__inner .uagb-image-caption{opacity: 1;}.uagb-block-e6f939b3.wp-block-uagb-image .wp-block-uagb-image__figure:hover .wp-block-uagb-image--layout-overlay__inner .uagb-image-separator{opacity: 1;}.uagb-block-e6f939b3.wp-block-uagb-image--layout-default figure:hover img{box-shadow: 0px 0px 0 #00000070;}.uagb-block-e6f939b3.wp-block-uagb-image--layout-overlay figure:hover img{box-shadow: 0px 0px 0 #00000070;}@media only screen and (max-width: 976px) {.uagb-block-e6f939b3.wp-block-uagb-image .wp-block-uagb-image__figure img{width: px;height: auto;}}@media only screen and (max-width: 767px) {.uagb-block-e6f939b3.wp-block-uagb-image .wp-block-uagb-image__figure img{width: px;height: auto;}}\";s:2:\"js\";s:0:\"\";s:18:\"current_block_list\";a:13:{i:0;s:11:\"core\/search\";i:1;s:10:\"core\/group\";i:2;s:12:\"core\/heading\";i:3;s:17:\"core\/latest-posts\";i:4;s:20:\"core\/latest-comments\";i:5;s:13:\"core\/archives\";i:6;s:15:\"core\/categories\";i:7;s:14:\"core\/paragraph\";i:8;s:10:\"uagb\/image\";i:9;s:11:\"core\/spacer\";i:10;s:30:\"woocommerce\/product-categories\";i:11;s:10:\"core\/image\";i:12;s:14:\"core\/shortcode\";}s:8:\"uag_flag\";b:1;s:11:\"uag_version\";s:10:\"1777035642\";s:6:\"gfonts\";a:0:{}s:10:\"gfonts_url\";s:0:\"\";s:12:\"gfonts_files\";a:0:{}s:14:\"uag_faq_layout\";b:0;}"]},"uagb_featured_image_src":{"full":["https:\/\/www.ferberpainting.com\/wp-content\/uploads\/2025\/05\/Blueberry_Fertilizer_5L.png",2560,2560,false],"thumbnail":["https:\/\/www.ferberpainting.com\/wp-content\/uploads\/2025\/05\/Blueberry_Fertilizer_5L-150x150.png",150,150,true],"medium":["https:\/\/www.ferberpainting.com\/wp-content\/uploads\/2025\/05\/Blueberry_Fertilizer_5L-300x300.png",300,300,true],"medium_large":["https:\/\/www.ferberpainting.com\/wp-content\/uploads\/2025\/05\/Blueberry_Fertilizer_5L-768x768.png",768,768,true],"large":["https:\/\/www.ferberpainting.com\/wp-content\/uploads\/2025\/05\/Blueberry_Fertilizer_5L-1024x1024.png",1024,1024,true],"1536x1536":["https:\/\/www.ferberpainting.com\/wp-content\/uploads\/2025\/05\/Blueberry_Fertilizer_5L-1536x1536.png",1536,1536,true],"2048x2048":["https:\/\/www.ferberpainting.com\/wp-content\/uploads\/2025\/05\/Blueberry_Fertilizer_5L-2048x2048.png",2048,2048,true],"trp-custom-language-flag":["https:\/\/www.ferberpainting.com\/wp-content\/uploads\/2025\/05\/Blueberry_Fertilizer_5L-12x12.png",12,12,true],"woocommerce_thumbnail":["https:\/\/www.ferberpainting.com\/wp-content\/uploads\/2025\/05\/Blueberry_Fertilizer_5L-300x300.png",300,300,true],"woocommerce_single":["https:\/\/www.ferberpainting.com\/wp-content\/uploads\/2025\/05\/Blueberry_Fertilizer_5L-600x600.png",600,600,true],"woocommerce_gallery_thumbnail":["https:\/\/www.ferberpainting.com\/wp-content\/uploads\/2025\/05\/Blueberry_Fertilizer_5L-100x100.png",100,100,true]},"uagb_author_info":{"display_name":"admin","author_link":"https:\/\/www.ferberpainting.com\/es\/author\/"},"uagb_comment_info":5,"uagb_excerpt":"A balanced fertilizer for healthy blueberries and abundant harvests.\u00a0This blueberry fertilizer is specially designed to support the growth of this fruit shrub and ensure optimal production of flavorful berries. Thanks to its NPK 15-15-15 formulation, it provides a balanced supply of nitrogen (N), promoting dense and green foliage, phosphorus (P), which stimulates solid rooting and&hellip;","_links":{"self":[{"href":"https:\/\/www.ferberpainting.com\/es\/wp-json\/wp\/v2\/product\/23102","targetHints":{"allow":["GET"]}}],"collection":[{"href":"https:\/\/www.ferberpainting.com\/es\/wp-json\/wp\/v2\/product"}],"about":[{"href":"https:\/\/www.ferberpainting.com\/es\/wp-json\/wp\/v2\/types\/product"}],"replies":[{"embeddable":true,"href":"https:\/\/www.ferberpainting.com\/es\/wp-json\/wp\/v2\/comments?post=23102"}],"version-history":[{"count":5,"href":"https:\/\/www.ferberpainting.com\/es\/wp-json\/wp\/v2\/product\/23102\/revisions"}],"predecessor-version":[{"id":166043,"href":"https:\/\/www.ferberpainting.com\/es\/wp-json\/wp\/v2\/product\/23102\/revisions\/166043"}],"wp:featuredmedia":[{"embeddable":true,"href":"https:\/\/www.ferberpainting.com\/es\/wp-json\/wp\/v2\/media\/25702"}],"wp:attachment":[{"href":"https:\/\/www.ferberpainting.com\/es\/wp-json\/wp\/v2\/media?parent=23102"}],"wp:term":[{"taxonomy":"product_brand","embeddable":true,"href":"https:\/\/www.ferberpainting.com\/es\/wp-json\/wp\/v2\/product_brand?post=23102"},{"taxonomy":"product_cat","embeddable":true,"href":"https:\/\/www.ferberpainting.com\/es\/wp-json\/wp\/v2\/product_cat?post=23102"},{"taxonomy":"product_tag","embeddable":true,"href":"https:\/\/www.ferberpainting.com\/es\/wp-json\/wp\/v2\/product_tag?post=23102"}],"curies":[{"name":"wp","href":"https:\/\/api.w.org\/{rel}","templated":true}]}}