{"id":23060,"date":"2025-05-26T10:22:27","date_gmt":"2025-05-26T08:22:27","guid":{"rendered":"https:\/\/www.ferberpainting.com\/products\/anti-graffiti-coating\/"},"modified":"2026-02-24T18:49:32","modified_gmt":"2026-02-24T17:49:32","slug":"anti-graffiti-coating","status":"publish","type":"product","link":"https:\/\/www.ferberpainting.com\/es\/products\/anti-graffiti-coating\/","title":{"rendered":"\u200bProtecci\u00f3n antigraffiti"},"content":{"rendered":"<p><img decoding=\"async\" style=\"margin-right: 12px;\" src=\"https:\/\/www.ferberpainting.com\/wp-content\/uploads\/2026\/02\/Check.svg\" alt=\"\" width=\"18\" height=\"15\" \/><strong>Proteja sus superficies de forma permanente contra las pintadas y el vandalismo.<\/strong> Nuestro revestimiento antigraffiti crea una barrera protectora duradera que impide que la pintura en aerosol, los rotuladores, las tintas y otros materiales pintarrajeados penetren en superficies porosas y no porosas. Tanto si se aplica a paredes, fachadas, puertas, vallas o infraestructuras p\u00fablicas, reduce significativamente el impacto del vandalismo y permite una limpieza r\u00e1pida y sin esfuerzo. Esta avanzada capa protectora preserva el aspecto original de su propiedad a la vez que desalienta el marcado repetido.<\/p>\n<p><strong><img decoding=\"async\" style=\"margin-right: 12px;\" src=\"https:\/\/www.ferberpainting.com\/wp-content\/uploads\/2026\/02\/Check.svg\" alt=\"\" width=\"18\" height=\"15\" \/>La protecci\u00f3n antigraffiti m\u00e1s eficaz del mercado.<\/strong> Nuestra f\u00f3rmula de alto rendimiento forma un escudo resistente que bloquea la adherencia de la pintura y evita las manchas profundas. Las pintadas permanecen en la superficie en lugar de penetrar en el sustrato, lo que permite eliminarlas f\u00e1cilmente con m\u00e9todos de limpieza adecuados. En comparaci\u00f3n con los selladores est\u00e1ndar o los revestimientos convencionales, esta soluci\u00f3n proporciona una protecci\u00f3n superior a largo plazo y una fiabilidad constante incluso en zonas urbanas de alto riesgo.<\/p>\n<p><strong><img decoding=\"async\" style=\"margin-right: 12px;\" src=\"https:\/\/www.ferberpainting.com\/wp-content\/uploads\/2026\/02\/Check.svg\" alt=\"\" width=\"18\" height=\"15\" \/>Garant\u00eda de devoluci\u00f3n del dinero para una confianza total.<\/strong> Respaldamos plenamente el rendimiento de nuestro revestimiento antigraffiti. Si no queda satisfecho con la protecci\u00f3n que ofrece, le devolvemos el dinero. Esta garant\u00eda de devoluci\u00f3n del dinero asegura que su inversi\u00f3n est\u00e1 libre de riesgos y demuestra nuestro compromiso de ofrecer resultados de calidad profesional.<\/p>\n<p><strong><img decoding=\"async\" style=\"margin-right: 12px;\" src=\"https:\/\/www.ferberpainting.com\/wp-content\/uploads\/2026\/02\/Check.svg\" alt=\"\" width=\"18\" height=\"15\" \/>El revestimiento antigraffiti profesional m\u00e1s barato del mercado.<\/strong> Una protecci\u00f3n avanzada no tiene por qu\u00e9 ser cara. Nuestro revestimiento ofrece un rendimiento superior y duradero al precio m\u00e1s competitivo del mercado. En comparaci\u00f3n con los repetidos costes de repintado o los costosos tratamientos profesionales, nuestra soluci\u00f3n ofrece un valor excepcional y reduce significativamente los gastos de mantenimiento a lo largo del tiempo.<\/p>\n<p><strong><img decoding=\"async\" style=\"margin-right: 12px;\" src=\"https:\/\/www.ferberpainting.com\/wp-content\/uploads\/2026\/02\/Check.svg\" alt=\"\" width=\"18\" height=\"15\" \/>Entrega r\u00e1pida en 24 horas para una protecci\u00f3n inmediata.<\/strong> Los da\u00f1os causados por los grafitis pueden producirse en cualquier momento, por lo que es esencial una protecci\u00f3n r\u00e1pida. Por eso ofrecemos entregas fiables en 24 horas. Su pedido se procesa r\u00e1pidamente y se env\u00eda sin demora para que pueda proteger sus superficies lo antes posible.<\/p>\n<p><strong><img decoding=\"async\" style=\"margin-right: 12px;\" src=\"https:\/\/www.ferberpainting.com\/wp-content\/uploads\/2026\/02\/Check.svg\" alt=\"\" width=\"18\" height=\"15\" \/>Excelente cobertura de hasta 12 m\u00b2 por litro.<\/strong> Con un \u00edndice de cobertura de hasta 12 metros cuadrados por litro, este revestimiento antigrafiti ofrece una eficacia excepcional. Un solo litro trata una superficie considerable, por lo que es ideal tanto para peque\u00f1as propiedades privadas como para grandes proyectos comerciales o municipales. Esta elevada cobertura garantiza el control de costes y la m\u00e1xima productividad.<\/p>\n<p><strong><img decoding=\"async\" style=\"margin-right: 12px;\" src=\"https:\/\/www.ferberpainting.com\/wp-content\/uploads\/2026\/02\/Check.svg\" alt=\"\" width=\"18\" height=\"15\" \/>Adecuado para m\u00faltiples tipos de superficie.<\/strong> El revestimiento se adhiere eficazmente a hormig\u00f3n, ladrillo, piedra, yeso, superficies pintadas, metal y determinados pl\u00e1sticos. Su versatilidad lo hace adecuado para edificios residenciales, escuelas, estaciones de transporte p\u00fablico, fachadas comerciales y estructuras industriales. Se adapta tanto a sustratos lisos como moderadamente texturados.<\/p>\n<p><strong><img decoding=\"async\" style=\"margin-right: 12px;\" src=\"https:\/\/www.ferberpainting.com\/wp-content\/uploads\/2026\/02\/Check.svg\" alt=\"\" width=\"18\" height=\"15\" \/>Conserva el aspecto original de las superficies.<\/strong> Dise\u00f1ado para ser discreto, el revestimiento mantiene el aspecto natural de los materiales tratados. No altera significativamente el color ni la textura cuando se aplica correctamente. Esto lo hace ideal para fachadas arquitect\u00f3nicas y superficies patrimoniales en las que la conservaci\u00f3n est\u00e9tica es esencial.<\/p>\n<p><strong><img decoding=\"async\" style=\"margin-right: 12px;\" src=\"https:\/\/www.ferberpainting.com\/wp-content\/uploads\/2026\/02\/Check.svg\" alt=\"\" width=\"18\" height=\"15\" \/>Reduce los costes de mantenimiento a largo plazo.<\/strong> Al impedir la penetraci\u00f3n de graffiti y simplificar su eliminaci\u00f3n, este revestimiento reduce significativamente la necesidad de repintar o de realizar costosos trabajos de restauraci\u00f3n. La limpieza es m\u00e1s r\u00e1pida y menos laboriosa, lo que ayuda a los propietarios y gestores de instalaciones a ahorrar tiempo y recursos.<\/p>\n<p><strong><img decoding=\"async\" style=\"margin-right: 12px;\" src=\"https:\/\/www.ferberpainting.com\/wp-content\/uploads\/2026\/02\/Check.svg\" alt=\"\" width=\"18\" height=\"15\" \/>Durabilidad de nivel profesional para un rendimiento duradero.<\/strong> Dise\u00f1ado para resistir, el revestimiento soporta la exposici\u00f3n ambiental, como la lluvia, la radiaci\u00f3n UV y las fluctuaciones de temperatura. Su duradera barrera protectora mantiene su eficacia a lo largo del tiempo, proporcionando una defensa fiable en las exigentes condiciones exteriores.<\/p>\n<h2><strong>Instrucciones<\/strong><\/h2>\n<ul>\n<li>Aseg\u00farese de que la superficie est\u00e9 limpia, seca y libre de polvo, grasa, part\u00edculas sueltas o revestimientos anteriores inestables antes de la aplicaci\u00f3n.<\/li>\n<li>Si es necesario, lave la zona con un limpiador adecuado y deje que se seque completamente antes de continuar.<\/li>\n<li>Remover bien el revestimiento antigraffiti antes de usarlo para conseguir una consistencia uniforme.<\/li>\n<li>Aplicar con rodillo, brocha o sistema de pulverizaci\u00f3n a baja presi\u00f3n dependiendo del tama\u00f1o y textura de la superficie.<\/li>\n<li>Extienda uniformemente una capa fina y uniforme para garantizar una cobertura y un rendimiento adecuados.<\/li>\n<li>Respetar la tasa de cobertura de aproximadamente 12 m\u00b2 por litro. La dosis media recomendada es de unos 80 a 100 ml por metro cuadrado, dependiendo de la porosidad de la superficie.<\/li>\n<li>Dejar secar la primera capa seg\u00fan las condiciones ambientales. Para superficies muy porosas, puede ser necesaria una segunda capa despu\u00e9s de que la primera capa se haya secado completamente.<\/li>\n<li>Evite la aplicaci\u00f3n durante la lluvia, humedad extrema o temperaturas muy bajas para asegurar un curado \u00f3ptimo.<\/li>\n<li>Deje que el revestimiento se cure completamente antes de exponer la superficie a posibles actos vand\u00e1licos o procedimientos de limpieza.<\/li>\n<li>En caso de graffiti, elimine las marcas utilizando m\u00e9todos de limpieza adecuados recomendados para superficies protegidas sin da\u00f1ar el revestimiento.<\/li>\n<li>Limpie las herramientas inmediatamente despu\u00e9s de su uso de acuerdo con las especificaciones del producto y guarde el envase bien cerrado en un lugar fresco y seco, alejado de la luz solar directa.<\/li>\n<\/ul>\n<p>&nbsp;<\/p>","protected":false},"excerpt":{"rendered":"<p>Protect your surfaces permanently against graffiti and vandalism. Our anti-graffiti coating creates a durable protective barrier that prevents spray paint, markers, inks, and other defacing materials from penetrating porous and non-porous surfaces. Whether applied to walls, facades, doors, fences, or public infrastructure, it significantly reduces the impact of vandalism and makes cleaning fast and effortless. [&hellip;]<\/p>\n","protected":false},"featured_media":24596,"comment_status":"open","ping_status":"closed","template":"","meta":{"_uag_custom_page_level_css":"","site-sidebar-layout":"default","site-content-layout":"","ast-site-content-layout":"default","site-content-style":"default","site-sidebar-style":"default","ast-global-header-display":"","ast-banner-title-visibility":"","ast-main-header-display":"","ast-hfb-above-header-display":"","ast-hfb-below-header-display":"","ast-hfb-mobile-header-display":"","site-post-title":"","ast-breadcrumbs-content":"","ast-featured-img":"","footer-sml-layout":"","ast-disable-related-posts":"","theme-transparent-header-meta":"default","adv-header-id-meta":"","stick-header-meta":"","header-above-stick-meta":"","header-main-stick-meta":"","header-below-stick-meta":"","astra-migrate-meta-layouts":"set","ast-page-background-enabled":"default","ast-page-background-meta":{"desktop":{"background-color":"var(--ast-global-color-4)","background-image":"","background-repeat":"repeat","background-position":"center center","background-size":"auto","background-attachment":"scroll","background-type":"","background-media":"","overlay-type":"","overlay-color":"","overlay-opacity":"","overlay-gradient":""},"tablet":{"background-color":"","background-image":"","background-repeat":"repeat","background-position":"center center","background-size":"auto","background-attachment":"scroll","background-type":"","background-media":"","overlay-type":"","overlay-color":"","overlay-opacity":"","overlay-gradient":""},"mobile":{"background-color":"","background-image":"","background-repeat":"repeat","background-position":"center center","background-size":"auto","background-attachment":"scroll","background-type":"","background-media":"","overlay-type":"","overlay-color":"","overlay-opacity":"","overlay-gradient":""}},"ast-content-background-meta":{"desktop":{"background-color":"var(--ast-global-color-5)","background-image":"","background-repeat":"repeat","background-position":"center center","background-size":"auto","background-attachment":"scroll","background-type":"","background-media":"","overlay-type":"","overlay-color":"","overlay-opacity":"","overlay-gradient":""},"tablet":{"background-color":"var(--ast-global-color-5)","background-image":"","background-repeat":"repeat","background-position":"center center","background-size":"auto","background-attachment":"scroll","background-type":"","background-media":"","overlay-type":"","overlay-color":"","overlay-opacity":"","overlay-gradient":""},"mobile":{"background-color":"var(--ast-global-color-5)","background-image":"","background-repeat":"repeat","background-position":"center center","background-size":"auto","background-attachment":"scroll","background-type":"","background-media":"","overlay-type":"","overlay-color":"","overlay-opacity":"","overlay-gradient":""}}},"product_brand":[],"product_cat":[174],"product_tag":[],"class_list":{"0":"post-23060","1":"product","2":"type-product","3":"status-publish","4":"has-post-thumbnail","6":"product_cat-anti-graffiti","7":"desktop-align-left","8":"tablet-align-left","9":"mobile-align-left","11":"first","12":"instock","13":"sale","14":"shipping-taxable","15":"purchasable","16":"product-type-variable","17":"has-default-attributes"},"spectra_custom_meta":{"_visibility":["visible"],"_shopify_product_id":["7933638967541"],"_s2w_shopify_domain":["ferberpainting.myshopify.com"],"_shopify_variant_id":["43457829863669"],"_manage_stock":["no"],"total_sales":["168"],"_tax_status":["taxable"],"_tax_class":[""],"_backorders":["no"],"_sold_individually":["no"],"_virtual":["no"],"_downloadable":["no"],"_download_limit":["-1"],"_download_expiry":["-1"],"_stock":[null],"_stock_status":["instock"],"_wc_average_rating":["4.92"],"_wc_review_count":["63"],"_product_attributes":["a:1:{s:6:\"volume\";a:6:{s:4:\"name\";s:6:\"Volume\";s:5:\"value\";s:30:\"1 liter | 5 liters | 25 liters\";s:8:\"position\";i:1;s:10:\"is_visible\";i:0;s:12:\"is_variation\";i:1;s:11:\"is_taxonomy\";i:0;}}"],"_product_version":["10.5.2"],"_thumbnail_id":["24596"],"_product_image_gallery":["24731,24774"],"_edit_lock":["1771955282:1"],"_default_attributes":["a:1:{s:6:\"volume\";s:7:\"1 liter\";}"],"merchant-center-availability":["yes"],"merchant-center-category":["2277"],"merchant-center-id":["AGC"],"_edit_last":["1"],"_wp_page_template":["default"],"site-sidebar-layout":["default"],"ast-site-content-layout":["default"],"site-content-style":["default"],"site-sidebar-style":["default"],"theme-transparent-header-meta":["default"],"_price":["29.90","129.90","499.90"],"_wc_rating_count":["a:2:{i:4;i:5;i:5;i:58;}"],"_sku":["FPANTIGRAFFITICOATING"],"astra-migrate-meta-layouts":["set"],"_uag_css_file_name":["uag-css-23060.css"],"_elementor_page_assets":["a:0:{}"],"_uag_page_assets":["a:9:{s:3:\"css\";s:6873:\".wp-block-uagb-image{display:flex}.wp-block-uagb-image__figure{position:relative;display:flex;flex-direction:column;max-width:100%;height:auto;margin:0}.wp-block-uagb-image__figure img{height:auto;display:flex;max-width:100%;transition:box-shadow .2s ease}.wp-block-uagb-image__figure>a{display:inline-block}.wp-block-uagb-image__figure figcaption{text-align:center;margin-top:.5em;margin-bottom:1em}.wp-block-uagb-image .components-placeholder.block-editor-media-placeholder .components-placeholder__instructions{align-self:center}.wp-block-uagb-image--align-left{text-align:left}.wp-block-uagb-image--align-right{text-align:right}.wp-block-uagb-image--align-center{text-align:center}.wp-block-uagb-image--align-full .wp-block-uagb-image__figure{margin-left:calc(50% - 50vw);margin-right:calc(50% - 50vw);max-width:100vw;width:100vw;height:auto}.wp-block-uagb-image--align-full .wp-block-uagb-image__figure img{height:auto;width:100% !important}.wp-block-uagb-image--align-wide .wp-block-uagb-image__figure img{height:auto;width:100%}.wp-block-uagb-image--layout-overlay__color-wrapper{position:absolute;left:0;top:0;right:0;bottom:0;opacity:.2;background:rgba(0,0,0,.5);transition:opacity .35s ease-in-out}.wp-block-uagb-image--layout-overlay-link{position:absolute;left:0;right:0;bottom:0;top:0}.wp-block-uagb-image--layout-overlay .wp-block-uagb-image__figure:hover .wp-block-uagb-image--layout-overlay__color-wrapper{opacity:1}.wp-block-uagb-image--layout-overlay__inner{position:absolute;left:15px;right:15px;bottom:15px;top:15px;display:flex;align-items:center;justify-content:center;flex-direction:column;border-color:#fff;transition:.35s ease-in-out}.wp-block-uagb-image--layout-overlay__inner.top-left,.wp-block-uagb-image--layout-overlay__inner.top-center,.wp-block-uagb-image--layout-overlay__inner.top-right{justify-content:flex-start}.wp-block-uagb-image--layout-overlay__inner.bottom-left,.wp-block-uagb-image--layout-overlay__inner.bottom-center,.wp-block-uagb-image--layout-overlay__inner.bottom-right{justify-content:flex-end}.wp-block-uagb-image--layout-overlay__inner.top-left,.wp-block-uagb-image--layout-overlay__inner.center-left,.wp-block-uagb-image--layout-overlay__inner.bottom-left{align-items:flex-start}.wp-block-uagb-image--layout-overlay__inner.top-right,.wp-block-uagb-image--layout-overlay__inner.center-right,.wp-block-uagb-image--layout-overlay__inner.bottom-right{align-items:flex-end}.wp-block-uagb-image--layout-overlay__inner .uagb-image-heading{color:#fff;transition:transform .35s,opacity .35s ease-in-out;transform:translate3d(0, 24px, 0);margin:0;line-height:1em}.wp-block-uagb-image--layout-overlay__inner .uagb-image-separator{width:30%;border-top-width:2px;border-top-color:#fff;border-top-style:solid;margin-bottom:10px;opacity:0;transition:transform .4s,opacity .4s ease-in-out;transform:translate3d(0, 30px, 0)}.wp-block-uagb-image--layout-overlay__inner .uagb-image-caption{opacity:0;overflow:visible;color:#fff;transition:transform .45s,opacity .45s ease-in-out;transform:translate3d(0, 35px, 0)}.wp-block-uagb-image--layout-overlay__inner:hover .uagb-image-heading,.wp-block-uagb-image--layout-overlay__inner:hover .uagb-image-separator,.wp-block-uagb-image--layout-overlay__inner:hover .uagb-image-caption{opacity:1;transform:translate3d(0, 0, 0)}.wp-block-uagb-image--effect-zoomin .wp-block-uagb-image__figure img,.wp-block-uagb-image--effect-zoomin .wp-block-uagb-image__figure .wp-block-uagb-image--layout-overlay__color-wrapper{transform:scale(1);transition:transform .35s ease-in-out}.wp-block-uagb-image--effect-zoomin .wp-block-uagb-image__figure:hover img,.wp-block-uagb-image--effect-zoomin .wp-block-uagb-image__figure:hover .wp-block-uagb-image--layout-overlay__color-wrapper{transform:scale(1.05)}.wp-block-uagb-image--effect-slide .wp-block-uagb-image__figure img,.wp-block-uagb-image--effect-slide .wp-block-uagb-image__figure .wp-block-uagb-image--layout-overlay__color-wrapper{width:calc(100% + 40px) !important;max-width:none !important;transform:translate3d(-40px, 0, 0);transition:transform .35s ease-in-out}.wp-block-uagb-image--effect-slide .wp-block-uagb-image__figure:hover img,.wp-block-uagb-image--effect-slide .wp-block-uagb-image__figure:hover .wp-block-uagb-image--layout-overlay__color-wrapper{transform:translate3d(0, 0, 0)}.wp-block-uagb-image--effect-grayscale img{filter:grayscale(0%);transition:.35s ease-in-out}.wp-block-uagb-image--effect-grayscale:hover img{filter:grayscale(100%)}.wp-block-uagb-image--effect-blur img{filter:blur(0);transition:.35s ease-in-out}.wp-block-uagb-image--effect-blur:hover img{filter:blur(3px)}.uagb-block-e6f939b3.wp-block-uagb-image--layout-default figure img{box-shadow: 0px 0px 0 #00000070;}.uagb-block-e6f939b3.wp-block-uagb-image .wp-block-uagb-image__figure figcaption{font-style: normal;align-self: center;}.uagb-block-e6f939b3.wp-block-uagb-image--layout-overlay figure img{box-shadow: 0px 0px 0 #00000070;}.uagb-block-e6f939b3.wp-block-uagb-image--layout-overlay .wp-block-uagb-image--layout-overlay__color-wrapper{opacity: 0.2;}.uagb-block-e6f939b3.wp-block-uagb-image--layout-overlay .wp-block-uagb-image--layout-overlay__inner{left: 15px;right: 15px;top: 15px;bottom: 15px;}.uagb-block-e6f939b3.wp-block-uagb-image--layout-overlay .wp-block-uagb-image--layout-overlay__inner .uagb-image-heading{font-style: normal;color: #fff;opacity: 1;}.uagb-block-e6f939b3.wp-block-uagb-image--layout-overlay .wp-block-uagb-image--layout-overlay__inner .uagb-image-heading a{color: #fff;}.uagb-block-e6f939b3.wp-block-uagb-image--layout-overlay .wp-block-uagb-image--layout-overlay__inner .uagb-image-caption{opacity: 0;}.uagb-block-e6f939b3.wp-block-uagb-image--layout-overlay .wp-block-uagb-image__figure:hover .wp-block-uagb-image--layout-overlay__color-wrapper{opacity: 1;}.uagb-block-e6f939b3.wp-block-uagb-image .wp-block-uagb-image--layout-overlay__inner .uagb-image-separator{width: 30%;border-top-width: 2px;border-top-color: #fff;opacity: 0;}.uagb-block-e6f939b3.wp-block-uagb-image .wp-block-uagb-image__figure img{width: px;height: auto;}.uagb-block-e6f939b3.wp-block-uagb-image .wp-block-uagb-image__figure:hover .wp-block-uagb-image--layout-overlay__inner .uagb-image-caption{opacity: 1;}.uagb-block-e6f939b3.wp-block-uagb-image .wp-block-uagb-image__figure:hover .wp-block-uagb-image--layout-overlay__inner .uagb-image-separator{opacity: 1;}.uagb-block-e6f939b3.wp-block-uagb-image--layout-default figure:hover img{box-shadow: 0px 0px 0 #00000070;}.uagb-block-e6f939b3.wp-block-uagb-image--layout-overlay figure:hover img{box-shadow: 0px 0px 0 #00000070;}@media only screen and (max-width: 976px) {.uagb-block-e6f939b3.wp-block-uagb-image .wp-block-uagb-image__figure img{width: px;height: auto;}}@media only screen and (max-width: 767px) {.uagb-block-e6f939b3.wp-block-uagb-image .wp-block-uagb-image__figure img{width: px;height: auto;}}\";s:2:\"js\";s:0:\"\";s:18:\"current_block_list\";a:13:{i:0;s:11:\"core\/search\";i:1;s:10:\"core\/group\";i:2;s:12:\"core\/heading\";i:3;s:17:\"core\/latest-posts\";i:4;s:20:\"core\/latest-comments\";i:5;s:13:\"core\/archives\";i:6;s:15:\"core\/categories\";i:7;s:14:\"core\/paragraph\";i:8;s:10:\"uagb\/image\";i:9;s:11:\"core\/spacer\";i:10;s:30:\"woocommerce\/product-categories\";i:11;s:10:\"core\/image\";i:12;s:14:\"core\/shortcode\";}s:8:\"uag_flag\";b:1;s:11:\"uag_version\";s:10:\"1777095573\";s:6:\"gfonts\";a:0:{}s:10:\"gfonts_url\";s:0:\"\";s:12:\"gfonts_files\";a:0:{}s:14:\"uag_faq_layout\";b:0;}"]},"uagb_featured_image_src":{"full":["https:\/\/www.ferberpainting.com\/wp-content\/uploads\/2025\/05\/ANTI-GRAFFITI_1L.png",2560,2560,false],"thumbnail":["https:\/\/www.ferberpainting.com\/wp-content\/uploads\/2025\/05\/ANTI-GRAFFITI_1L-150x150.png",150,150,true],"medium":["https:\/\/www.ferberpainting.com\/wp-content\/uploads\/2025\/05\/ANTI-GRAFFITI_1L-300x300.png",300,300,true],"medium_large":["https:\/\/www.ferberpainting.com\/wp-content\/uploads\/2025\/05\/ANTI-GRAFFITI_1L-768x768.png",768,768,true],"large":["https:\/\/www.ferberpainting.com\/wp-content\/uploads\/2025\/05\/ANTI-GRAFFITI_1L-1024x1024.png",1024,1024,true],"1536x1536":["https:\/\/www.ferberpainting.com\/wp-content\/uploads\/2025\/05\/ANTI-GRAFFITI_1L-1536x1536.png",1536,1536,true],"2048x2048":["https:\/\/www.ferberpainting.com\/wp-content\/uploads\/2025\/05\/ANTI-GRAFFITI_1L-2048x2048.png",2048,2048,true],"trp-custom-language-flag":["https:\/\/www.ferberpainting.com\/wp-content\/uploads\/2025\/05\/ANTI-GRAFFITI_1L-12x12.png",12,12,true],"woocommerce_thumbnail":["https:\/\/www.ferberpainting.com\/wp-content\/uploads\/2025\/05\/ANTI-GRAFFITI_1L-300x300.png",300,300,true],"woocommerce_single":["https:\/\/www.ferberpainting.com\/wp-content\/uploads\/2025\/05\/ANTI-GRAFFITI_1L-600x600.png",600,600,true],"woocommerce_gallery_thumbnail":["https:\/\/www.ferberpainting.com\/wp-content\/uploads\/2025\/05\/ANTI-GRAFFITI_1L-100x100.png",100,100,true]},"uagb_author_info":{"display_name":"admin","author_link":"https:\/\/www.ferberpainting.com\/es\/author\/"},"uagb_comment_info":63,"uagb_excerpt":"Protect your surfaces permanently against graffiti and vandalism. Our anti-graffiti coating creates a durable protective barrier that prevents spray paint, markers, inks, and other defacing materials from penetrating porous and non-porous surfaces. Whether applied to walls, facades, doors, fences, or public infrastructure, it significantly reduces the impact of vandalism and makes cleaning fast and effortless.&hellip;","_links":{"self":[{"href":"https:\/\/www.ferberpainting.com\/es\/wp-json\/wp\/v2\/product\/23060","targetHints":{"allow":["GET"]}}],"collection":[{"href":"https:\/\/www.ferberpainting.com\/es\/wp-json\/wp\/v2\/product"}],"about":[{"href":"https:\/\/www.ferberpainting.com\/es\/wp-json\/wp\/v2\/types\/product"}],"replies":[{"embeddable":true,"href":"https:\/\/www.ferberpainting.com\/es\/wp-json\/wp\/v2\/comments?post=23060"}],"version-history":[{"count":5,"href":"https:\/\/www.ferberpainting.com\/es\/wp-json\/wp\/v2\/product\/23060\/revisions"}],"predecessor-version":[{"id":166021,"href":"https:\/\/www.ferberpainting.com\/es\/wp-json\/wp\/v2\/product\/23060\/revisions\/166021"}],"wp:featuredmedia":[{"embeddable":true,"href":"https:\/\/www.ferberpainting.com\/es\/wp-json\/wp\/v2\/media\/24596"}],"wp:attachment":[{"href":"https:\/\/www.ferberpainting.com\/es\/wp-json\/wp\/v2\/media?parent=23060"}],"wp:term":[{"taxonomy":"product_brand","embeddable":true,"href":"https:\/\/www.ferberpainting.com\/es\/wp-json\/wp\/v2\/product_brand?post=23060"},{"taxonomy":"product_cat","embeddable":true,"href":"https:\/\/www.ferberpainting.com\/es\/wp-json\/wp\/v2\/product_cat?post=23060"},{"taxonomy":"product_tag","embeddable":true,"href":"https:\/\/www.ferberpainting.com\/es\/wp-json\/wp\/v2\/product_tag?post=23060"}],"curies":[{"name":"wp","href":"https:\/\/api.w.org\/{rel}","templated":true}]}}