{"id":25681,"date":"2025-05-26T10:33:28","date_gmt":"2025-05-26T08:33:28","guid":{"rendered":"https:\/\/www.ferberpainting.com\/products\/wood-stripper\/"},"modified":"2026-02-18T10:04:45","modified_gmt":"2026-02-18T09:04:45","slug":"wood-stripper","status":"publish","type":"product","link":"https:\/\/www.ferberpainting.com\/ee\/products\/wood-stripper\/","title":{"rendered":"Puidu eemaldaja"},"content":{"rendered":"<p><strong><img decoding=\"async\" style=\"margin-right: 12px;\" src=\"https:\/\/www.ferberpainting.com\/wp-content\/uploads\/2026\/02\/Check.svg\" alt=\"\" width=\"18\" height=\"15\" \/>Eemaldab kiiresti ja t\u00f5husalt vana v\u00e4rvi, laki, peitsi ja pinnakatteid.<\/strong> Meie puidu eemaldusvahend on spetsiaalselt koostatud selleks, et l\u00f5hkuda ja lahustada puitpindadelt mitu vana viimistluskihti. Olenemata sellest, kas tegemist on vananenud laki, paksu v\u00e4rvi, kangekaelse peitsi v\u00f5i kaitsekattega, tungib see k\u00f5rgtehnoloogiline koostis s\u00fcgavale ja pehmendab materjali, et see oleks h\u00f5lpsasti eemaldatav. See taastab puidu loomuliku toore oleku, v\u00f5imaldades t\u00e4ielikku renoveerimist ja viimistlemist ilma agressiivse lihvimise v\u00f5i liigse mehaanilise pingutuseta.<\/p>\n<p><strong><img decoding=\"async\" style=\"margin-right: 12px;\" src=\"https:\/\/www.ferberpainting.com\/wp-content\/uploads\/2026\/02\/Check.svg\" alt=\"\" width=\"18\" height=\"15\" \/>Pakume t\u00e4ieliku meelerahu tagamiseks raha tagasi garantiid.<\/strong> Oleme kindlad meie puiduki tugevuses ja usaldusv\u00e4\u00e4rsuses. Kui te ei ole tulemustega t\u00e4ielikult rahul, tagastame teile raha tagasi. See raha-tagastamisgarantii tagab, et saate alustada oma restaureerimisprojekti ilma riskita, teades, et teie investeering on t\u00e4ielikult kaitstud.<\/p>\n<p><strong><img decoding=\"async\" style=\"margin-right: 12px;\" src=\"https:\/\/www.ferberpainting.com\/wp-content\/uploads\/2026\/02\/Check.svg\" alt=\"\" width=\"18\" height=\"15\" \/>K\u00f5ige t\u00f5husam puidu eemaldamise lahendus turul.<\/strong> Meie t\u00e4iustatud koostis on loodud nii, et see \u00fcletab tavalisi v\u00e4rvieemaldajaid. See toimib mitmete kattet\u00fc\u00fcpide puhul ja tungib l\u00e4bi paksude kihtide, lahustades isegi pikaajalisi pinnakatteid. Erinevalt n\u00f5rgematest toodetest, mis n\u00f5uavad korduvat kasutamist, annab meie puidu eemaldaja v\u00f5imsa ja j\u00e4rjepideva tulemuse, mis muudab selle k\u00f5ige t\u00f5husamaks lahenduseks professionaalsete puidu restaureerimis- ja renoveerimisprojektide jaoks.<\/p>\n<p><strong><img decoding=\"async\" style=\"margin-right: 12px;\" src=\"https:\/\/www.ferberpainting.com\/wp-content\/uploads\/2026\/02\/Check.svg\" alt=\"\" width=\"18\" height=\"15\" \/>Odavaim professionaalne puidu eemaldaja, mis on saadaval.<\/strong> Suure j\u00f5udlusega eemaldamine peaks j\u00e4\u00e4ma taskukohaseks. Pakume k\u00f5ige konkurentsiv\u00f5imelisemat hinda, s\u00e4ilitades samal ajal k\u00f5rgekvaliteedilised standardid. Tootmis- ja turustamisprotsesside optimeerimise abil pakume professionaalse tugevusega puidu koorijat madalaima hinnaga v\u00f5rreldes sarnaste toodetega, pakkudes nii koduomanikele kui ka t\u00f6\u00f6v\u00f5tjatele erakordset v\u00e4\u00e4rtust.<\/p>\n<p><strong><img decoding=\"async\" style=\"margin-right: 12px;\" src=\"https:\/\/www.ferberpainting.com\/wp-content\/uploads\/2026\/02\/Check.svg\" alt=\"\" width=\"18\" height=\"15\" \/>Garanteeritud 24-tunnine tarne, et hoida teie renoveerimist\u00f6\u00f6de ajakava.<\/strong> Restaureerimisprojektid j\u00e4rgivad sageli rangeid t\u00e4htaegu. Seep\u00e4rast pakume usaldusv\u00e4\u00e4rset 24-tunnist tarnet, mis tagab, et teie puiduravi saabub kiiresti ja on valmis koheseks pealekandmiseks. Kiire tarne aitab teil v\u00e4ltida viivitusi ja viia viimistlust\u00f6\u00f6d t\u00f5husalt l\u00f5pule.<\/p>\n<p><strong><img decoding=\"async\" style=\"margin-right: 12px;\" src=\"https:\/\/www.ferberpainting.com\/wp-content\/uploads\/2026\/02\/Check.svg\" alt=\"\" width=\"18\" height=\"15\" \/>T\u00f5hus katvus kuni 5 m\u00b2 liitri kohta t\u00e4pseks planeerimiseks.<\/strong> \u00dcks liiter meie puidu eemaldusvahendit v\u00f5ib t\u00f6\u00f6delda kuni 5 ruutmeetrit, s\u00f5ltuvalt pinnakatte paksusest ja pinna seisundist. Selline selgelt m\u00e4\u00e4ratletud katvuse m\u00e4\u00e4r v\u00f5imaldab materjali t\u00e4pset hindamist ja kulude kontrollimist, tagades samal ajal piisava kasutuse t\u00f5husaks eemaldamiseks.<\/p>\n<p><strong><img decoding=\"async\" style=\"margin-right: 12px;\" src=\"https:\/\/www.ferberpainting.com\/wp-content\/uploads\/2026\/02\/Check.svg\" alt=\"\" width=\"18\" height=\"15\" \/>V\u00e4hendab vajadust raske lihvimise ja mehaanilise t\u00f6\u00f6 j\u00e4rele.<\/strong> Keemiliselt pehmendades ja eemaldades vanu katteid, v\u00e4hendab toode vajadust agressiivse lihvimise v\u00f5i kraapimise j\u00e4rele. See s\u00e4\u00e4stab aega, v\u00e4hendab t\u00f6\u00f6mahtu ja aitab s\u00e4ilitada aluspuidustruktuuri terviklikkust.<\/p>\n<p><strong><img decoding=\"async\" style=\"margin-right: 12px;\" src=\"https:\/\/www.ferberpainting.com\/wp-content\/uploads\/2026\/02\/Check.svg\" alt=\"\" width=\"18\" height=\"15\" \/>Valmistab puidu t\u00e4iuslikult ette j\u00e4relt\u00f6\u00f6tluseks.<\/strong> Kui vanad viimistlusvahendid on eemaldatud, saab puitpind puhtaks ja valmis lihvimiseks, v\u00e4rvimiseks, \u00f5litamiseks, lakkimiseks v\u00f5i v\u00e4rvimiseks. N\u00f5uetekohane eemaldamine tagab parema haardumise ja kauem kestva tulemuse uue kaitsva t\u00f6\u00f6tluse puhul.<\/p>\n<p><strong><img decoding=\"async\" style=\"margin-right: 12px;\" src=\"https:\/\/www.ferberpainting.com\/wp-content\/uploads\/2026\/02\/Check.svg\" alt=\"\" width=\"18\" height=\"15\" \/>Sobib erinevatele puitpindadele ja rakendustele.<\/strong> Puidu koorijat saab kasutada uste, aknaraamide, m\u00f6\u00f6bli, terrasside, talade, paneelide ja dekoratiivsete puitelementide puhul. See toimib t\u00f5husalt nii leht- kui ka pehme puidu puhul, kui seda kasutatakse vastavalt juhistele.<\/p>\n<p><strong><img decoding=\"async\" style=\"margin-right: 12px;\" src=\"https:\/\/www.ferberpainting.com\/wp-content\/uploads\/2026\/02\/Check.svg\" alt=\"\" width=\"18\" height=\"15\" \/>Lihtne rakendus professionaalidele ja DIY-kasutajatele.<\/strong> Praktiliseks kasutamiseks m\u00f5eldud puidu eemaldusvahendit saab kasutada pintsli v\u00f5i sobiva aplikaatori abil. Selle paks konsistents v\u00f5imaldab see kleepuda vertikaalsetele pindadele, tagades t\u00f5husa toime ilma liigse tilgutamiseta.<\/p>\n<h2><strong>Juhised<\/strong><\/h2>\n<ul>\n<li>Enne eemaldamise alustamist veenduge, et t\u00f6\u00f6piirkond on h\u00e4sti ventileeritud.<\/li>\n<li>Kaitske \u00fcmbritsevaid pindu, p\u00f5randaid ja l\u00e4hedalasuvaid esemeid juhusliku kokkupuute eest.<\/li>\n<li>Enne kasutamist segage puidu eemaldaja p\u00f5hjalikult l\u00e4bi.<\/li>\n<li>Kandke pintsliga suur ja \u00fchtlane kiht toodet, tagades, et kaetud pind oleks t\u00e4ielikult kaetud.<\/li>\n<li>Soovitatav annus on ligikaudu 200 ml ruutmeetri kohta, kuna \u00fcks liiter on m\u00f5eldud kuni 5 m\u00b2 t\u00f6\u00f6tlemiseks. Tugevalt kaetud pinnad v\u00f5ivad n\u00f5uda veidi suuremat tarbimist.<\/li>\n<li>Laske tootel m\u00f5juda 10 kuni 30 minutit, s\u00f5ltuvalt katte paksusest ja t\u00fc\u00fcbist.<\/li>\n<li>\u00c4rge laske eemaldamisvahendil reaktsiooniaja jooksul t\u00e4ielikult kuivada.<\/li>\n<li>Kui kate on pehmenenud ja villidega kaetud, eemaldage see kaabitsaga v\u00f5i spaatliga.<\/li>\n<li>Tugevate alade v\u00f5i mitme kihi puhul korrake pealekandmist vastavalt vajadusele.<\/li>\n<li>P\u00e4rast eemaldamist puhastage pind sobiva neutraliseerimisvahendi v\u00f5i veega vastavalt soovitustele ja laske seej\u00e4rel t\u00e4ielikult kuivada.<\/li>\n<li>Kui puit on kuivanud, lihvige seda kergelt, et valmistada see ette viimistlemiseks.<\/li>\n<li>Puhastage t\u00f6\u00f6riistad kohe p\u00e4rast kasutamist vastavalt toote juhistele.<\/li>\n<li>Hoida konteinerit tihedalt suletuna jahedas ja kuivas kohas, kaitstuna k\u00fclma ja otsese p\u00e4ikesevalguse eest.<\/li>\n<li>Hoida lastele k\u00e4ttesaamatus kohas ja j\u00e4rgida tavalisi ohutusabin\u00f5usid k\u00e4sitsemisel ja kasutamisel.<\/li>\n<\/ul>","protected":false},"excerpt":{"rendered":"<p>Removes old paint, varnish, stain, and coatings quickly and effectively. Our wood stripper is specially formulated to break down and dissolve multiple layers of old finishes from wooden surfaces. Whether you are dealing with aged varnish, thick paint, stubborn stain, or protective coatings, this high-performance formula penetrates deeply and softens the material for easy removal. [&hellip;]<\/p>\n","protected":false},"featured_media":27477,"comment_status":"open","ping_status":"closed","template":"","meta":{"_uag_custom_page_level_css":"","site-sidebar-layout":"default","site-content-layout":"","ast-site-content-layout":"default","site-content-style":"default","site-sidebar-style":"default","ast-global-header-display":"","ast-banner-title-visibility":"","ast-main-header-display":"","ast-hfb-above-header-display":"","ast-hfb-below-header-display":"","ast-hfb-mobile-header-display":"","site-post-title":"","ast-breadcrumbs-content":"","ast-featured-img":"","footer-sml-layout":"","ast-disable-related-posts":"","theme-transparent-header-meta":"default","adv-header-id-meta":"","stick-header-meta":"","header-above-stick-meta":"","header-main-stick-meta":"","header-below-stick-meta":"","astra-migrate-meta-layouts":"set","ast-page-background-enabled":"default","ast-page-background-meta":{"desktop":{"background-color":"var(--ast-global-color-4)","background-image":"","background-repeat":"repeat","background-position":"center center","background-size":"auto","background-attachment":"scroll","background-type":"","background-media":"","overlay-type":"","overlay-color":"","overlay-opacity":"","overlay-gradient":""},"tablet":{"background-color":"","background-image":"","background-repeat":"repeat","background-position":"center center","background-size":"auto","background-attachment":"scroll","background-type":"","background-media":"","overlay-type":"","overlay-color":"","overlay-opacity":"","overlay-gradient":""},"mobile":{"background-color":"","background-image":"","background-repeat":"repeat","background-position":"center center","background-size":"auto","background-attachment":"scroll","background-type":"","background-media":"","overlay-type":"","overlay-color":"","overlay-opacity":"","overlay-gradient":""}},"ast-content-background-meta":{"desktop":{"background-color":"var(--ast-global-color-5)","background-image":"","background-repeat":"repeat","background-position":"center center","background-size":"auto","background-attachment":"scroll","background-type":"","background-media":"","overlay-type":"","overlay-color":"","overlay-opacity":"","overlay-gradient":""},"tablet":{"background-color":"var(--ast-global-color-5)","background-image":"","background-repeat":"repeat","background-position":"center center","background-size":"auto","background-attachment":"scroll","background-type":"","background-media":"","overlay-type":"","overlay-color":"","overlay-opacity":"","overlay-gradient":""},"mobile":{"background-color":"var(--ast-global-color-5)","background-image":"","background-repeat":"repeat","background-position":"center center","background-size":"auto","background-attachment":"scroll","background-type":"","background-media":"","overlay-type":"","overlay-color":"","overlay-opacity":"","overlay-gradient":""}}},"product_brand":[],"product_cat":[175,193],"product_tag":[],"class_list":{"0":"post-25681","1":"product","2":"type-product","3":"status-publish","4":"has-post-thumbnail","6":"product_cat-cleaning-products","7":"product_cat-wood-treatment","8":"desktop-align-left","9":"tablet-align-left","10":"mobile-align-left","12":"first","13":"instock","14":"sale","15":"shipping-taxable","16":"purchasable","17":"product-type-variable","18":"has-default-attributes"},"spectra_custom_meta":{"_visibility":["visible"],"_shopify_product_id":["8051372359925"],"_s2w_shopify_domain":["ferberpainting.myshopify.com"],"_shopify_variant_id":["43849095414005"],"_sku":[""],"_manage_stock":["no"],"total_sales":["489"],"_tax_status":["taxable"],"_tax_class":[""],"_backorders":["no"],"_sold_individually":["no"],"_virtual":["no"],"_downloadable":["no"],"_download_limit":["-1"],"_download_expiry":["-1"],"_stock":[null],"_stock_status":["instock"],"_wc_average_rating":["4.98"],"_wc_review_count":["50"],"_product_attributes":["a:1:{s:6:\"volume\";a:6:{s:4:\"name\";s:6:\"Volume\";s:5:\"value\";s:20:\"5 liters | 25 liters\";s:8:\"position\";i:1;s:10:\"is_visible\";i:0;s:12:\"is_variation\";i:1;s:11:\"is_taxonomy\";i:0;}}"],"_product_version":["10.5.2"],"_thumbnail_id":["27477"],"_product_image_gallery":["27478"],"merchant-center-availability":["yes"],"merchant-center-category":["503741"],"merchant-center-id":["DBS5L"],"wpse_downloadable_file_names":[""],"wpse_downloadable_file_urls":[""],"_edit_last":["1"],"_default_attributes":["a:1:{s:6:\"volume\";s:8:\"5 liters\";}"],"_wc_rating_count":["a:2:{i:4;i:1;i:5;i:49;}"],"_edit_lock":["1775804134:7131"],"_wp_page_template":["default"],"site-sidebar-layout":["default"],"ast-site-content-layout":["default"],"site-content-style":["default"],"site-sidebar-style":["default"],"theme-transparent-header-meta":["default"],"_price":["29.90","129.90"],"astra-migrate-meta-layouts":["set"],"_uag_css_file_name":["uag-css-25681.css"],"_elementor_page_assets":["a:0:{}"],"_uag_page_assets":["a:9:{s:3:\"css\";s:6873:\".wp-block-uagb-image{display:flex}.wp-block-uagb-image__figure{position:relative;display:flex;flex-direction:column;max-width:100%;height:auto;margin:0}.wp-block-uagb-image__figure img{height:auto;display:flex;max-width:100%;transition:box-shadow .2s ease}.wp-block-uagb-image__figure>a{display:inline-block}.wp-block-uagb-image__figure figcaption{text-align:center;margin-top:.5em;margin-bottom:1em}.wp-block-uagb-image .components-placeholder.block-editor-media-placeholder .components-placeholder__instructions{align-self:center}.wp-block-uagb-image--align-left{text-align:left}.wp-block-uagb-image--align-right{text-align:right}.wp-block-uagb-image--align-center{text-align:center}.wp-block-uagb-image--align-full .wp-block-uagb-image__figure{margin-left:calc(50% - 50vw);margin-right:calc(50% - 50vw);max-width:100vw;width:100vw;height:auto}.wp-block-uagb-image--align-full .wp-block-uagb-image__figure img{height:auto;width:100% !important}.wp-block-uagb-image--align-wide .wp-block-uagb-image__figure img{height:auto;width:100%}.wp-block-uagb-image--layout-overlay__color-wrapper{position:absolute;left:0;top:0;right:0;bottom:0;opacity:.2;background:rgba(0,0,0,.5);transition:opacity .35s ease-in-out}.wp-block-uagb-image--layout-overlay-link{position:absolute;left:0;right:0;bottom:0;top:0}.wp-block-uagb-image--layout-overlay .wp-block-uagb-image__figure:hover .wp-block-uagb-image--layout-overlay__color-wrapper{opacity:1}.wp-block-uagb-image--layout-overlay__inner{position:absolute;left:15px;right:15px;bottom:15px;top:15px;display:flex;align-items:center;justify-content:center;flex-direction:column;border-color:#fff;transition:.35s ease-in-out}.wp-block-uagb-image--layout-overlay__inner.top-left,.wp-block-uagb-image--layout-overlay__inner.top-center,.wp-block-uagb-image--layout-overlay__inner.top-right{justify-content:flex-start}.wp-block-uagb-image--layout-overlay__inner.bottom-left,.wp-block-uagb-image--layout-overlay__inner.bottom-center,.wp-block-uagb-image--layout-overlay__inner.bottom-right{justify-content:flex-end}.wp-block-uagb-image--layout-overlay__inner.top-left,.wp-block-uagb-image--layout-overlay__inner.center-left,.wp-block-uagb-image--layout-overlay__inner.bottom-left{align-items:flex-start}.wp-block-uagb-image--layout-overlay__inner.top-right,.wp-block-uagb-image--layout-overlay__inner.center-right,.wp-block-uagb-image--layout-overlay__inner.bottom-right{align-items:flex-end}.wp-block-uagb-image--layout-overlay__inner .uagb-image-heading{color:#fff;transition:transform .35s,opacity .35s ease-in-out;transform:translate3d(0, 24px, 0);margin:0;line-height:1em}.wp-block-uagb-image--layout-overlay__inner .uagb-image-separator{width:30%;border-top-width:2px;border-top-color:#fff;border-top-style:solid;margin-bottom:10px;opacity:0;transition:transform .4s,opacity .4s ease-in-out;transform:translate3d(0, 30px, 0)}.wp-block-uagb-image--layout-overlay__inner .uagb-image-caption{opacity:0;overflow:visible;color:#fff;transition:transform .45s,opacity .45s ease-in-out;transform:translate3d(0, 35px, 0)}.wp-block-uagb-image--layout-overlay__inner:hover .uagb-image-heading,.wp-block-uagb-image--layout-overlay__inner:hover .uagb-image-separator,.wp-block-uagb-image--layout-overlay__inner:hover .uagb-image-caption{opacity:1;transform:translate3d(0, 0, 0)}.wp-block-uagb-image--effect-zoomin .wp-block-uagb-image__figure img,.wp-block-uagb-image--effect-zoomin .wp-block-uagb-image__figure .wp-block-uagb-image--layout-overlay__color-wrapper{transform:scale(1);transition:transform .35s ease-in-out}.wp-block-uagb-image--effect-zoomin .wp-block-uagb-image__figure:hover img,.wp-block-uagb-image--effect-zoomin .wp-block-uagb-image__figure:hover .wp-block-uagb-image--layout-overlay__color-wrapper{transform:scale(1.05)}.wp-block-uagb-image--effect-slide .wp-block-uagb-image__figure img,.wp-block-uagb-image--effect-slide .wp-block-uagb-image__figure .wp-block-uagb-image--layout-overlay__color-wrapper{width:calc(100% + 40px) !important;max-width:none !important;transform:translate3d(-40px, 0, 0);transition:transform .35s ease-in-out}.wp-block-uagb-image--effect-slide .wp-block-uagb-image__figure:hover img,.wp-block-uagb-image--effect-slide .wp-block-uagb-image__figure:hover .wp-block-uagb-image--layout-overlay__color-wrapper{transform:translate3d(0, 0, 0)}.wp-block-uagb-image--effect-grayscale img{filter:grayscale(0%);transition:.35s ease-in-out}.wp-block-uagb-image--effect-grayscale:hover img{filter:grayscale(100%)}.wp-block-uagb-image--effect-blur img{filter:blur(0);transition:.35s ease-in-out}.wp-block-uagb-image--effect-blur:hover img{filter:blur(3px)}.uagb-block-e6f939b3.wp-block-uagb-image--layout-default figure img{box-shadow: 0px 0px 0 #00000070;}.uagb-block-e6f939b3.wp-block-uagb-image .wp-block-uagb-image__figure figcaption{font-style: normal;align-self: center;}.uagb-block-e6f939b3.wp-block-uagb-image--layout-overlay figure img{box-shadow: 0px 0px 0 #00000070;}.uagb-block-e6f939b3.wp-block-uagb-image--layout-overlay .wp-block-uagb-image--layout-overlay__color-wrapper{opacity: 0.2;}.uagb-block-e6f939b3.wp-block-uagb-image--layout-overlay .wp-block-uagb-image--layout-overlay__inner{left: 15px;right: 15px;top: 15px;bottom: 15px;}.uagb-block-e6f939b3.wp-block-uagb-image--layout-overlay .wp-block-uagb-image--layout-overlay__inner .uagb-image-heading{font-style: normal;color: #fff;opacity: 1;}.uagb-block-e6f939b3.wp-block-uagb-image--layout-overlay .wp-block-uagb-image--layout-overlay__inner .uagb-image-heading a{color: #fff;}.uagb-block-e6f939b3.wp-block-uagb-image--layout-overlay .wp-block-uagb-image--layout-overlay__inner .uagb-image-caption{opacity: 0;}.uagb-block-e6f939b3.wp-block-uagb-image--layout-overlay .wp-block-uagb-image__figure:hover .wp-block-uagb-image--layout-overlay__color-wrapper{opacity: 1;}.uagb-block-e6f939b3.wp-block-uagb-image .wp-block-uagb-image--layout-overlay__inner .uagb-image-separator{width: 30%;border-top-width: 2px;border-top-color: #fff;opacity: 0;}.uagb-block-e6f939b3.wp-block-uagb-image .wp-block-uagb-image__figure img{width: px;height: auto;}.uagb-block-e6f939b3.wp-block-uagb-image .wp-block-uagb-image__figure:hover .wp-block-uagb-image--layout-overlay__inner .uagb-image-caption{opacity: 1;}.uagb-block-e6f939b3.wp-block-uagb-image .wp-block-uagb-image__figure:hover .wp-block-uagb-image--layout-overlay__inner .uagb-image-separator{opacity: 1;}.uagb-block-e6f939b3.wp-block-uagb-image--layout-default figure:hover img{box-shadow: 0px 0px 0 #00000070;}.uagb-block-e6f939b3.wp-block-uagb-image--layout-overlay figure:hover img{box-shadow: 0px 0px 0 #00000070;}@media only screen and (max-width: 976px) {.uagb-block-e6f939b3.wp-block-uagb-image .wp-block-uagb-image__figure img{width: px;height: auto;}}@media only screen and (max-width: 767px) {.uagb-block-e6f939b3.wp-block-uagb-image .wp-block-uagb-image__figure img{width: px;height: auto;}}\";s:2:\"js\";s:0:\"\";s:18:\"current_block_list\";a:13:{i:0;s:11:\"core\/search\";i:1;s:10:\"core\/group\";i:2;s:12:\"core\/heading\";i:3;s:17:\"core\/latest-posts\";i:4;s:20:\"core\/latest-comments\";i:5;s:13:\"core\/archives\";i:6;s:15:\"core\/categories\";i:7;s:14:\"core\/paragraph\";i:8;s:10:\"uagb\/image\";i:9;s:11:\"core\/spacer\";i:10;s:30:\"woocommerce\/product-categories\";i:11;s:10:\"core\/image\";i:12;s:14:\"core\/shortcode\";}s:8:\"uag_flag\";b:1;s:11:\"uag_version\";s:10:\"1777036849\";s:6:\"gfonts\";a:0:{}s:10:\"gfonts_url\";s:0:\"\";s:12:\"gfonts_files\";a:0:{}s:14:\"uag_faq_layout\";b:0;}"]},"uagb_featured_image_src":{"full":["https:\/\/www.ferberpainting.com\/wp-content\/uploads\/2025\/05\/WoodStripper5L.jpg",2560,2560,false],"thumbnail":["https:\/\/www.ferberpainting.com\/wp-content\/uploads\/2025\/05\/WoodStripper5L-150x150.jpg",150,150,true],"medium":["https:\/\/www.ferberpainting.com\/wp-content\/uploads\/2025\/05\/WoodStripper5L-300x300.jpg",300,300,true],"medium_large":["https:\/\/www.ferberpainting.com\/wp-content\/uploads\/2025\/05\/WoodStripper5L-768x768.jpg",768,768,true],"large":["https:\/\/www.ferberpainting.com\/wp-content\/uploads\/2025\/05\/WoodStripper5L-1024x1024.jpg",1024,1024,true],"1536x1536":["https:\/\/www.ferberpainting.com\/wp-content\/uploads\/2025\/05\/WoodStripper5L-1536x1536.jpg",1536,1536,true],"2048x2048":["https:\/\/www.ferberpainting.com\/wp-content\/uploads\/2025\/05\/WoodStripper5L-2048x2048.jpg",2048,2048,true],"trp-custom-language-flag":["https:\/\/www.ferberpainting.com\/wp-content\/uploads\/2025\/05\/WoodStripper5L-12x12.jpg",12,12,true],"woocommerce_thumbnail":["https:\/\/www.ferberpainting.com\/wp-content\/uploads\/2025\/05\/WoodStripper5L-300x300.jpg",300,300,true],"woocommerce_single":["https:\/\/www.ferberpainting.com\/wp-content\/uploads\/2025\/05\/WoodStripper5L-600x600.jpg",600,600,true],"woocommerce_gallery_thumbnail":["https:\/\/www.ferberpainting.com\/wp-content\/uploads\/2025\/05\/WoodStripper5L-100x100.jpg",100,100,true]},"uagb_author_info":{"display_name":"admin","author_link":"https:\/\/www.ferberpainting.com\/ee\/author\/"},"uagb_comment_info":50,"uagb_excerpt":"Removes old paint, varnish, stain, and coatings quickly and effectively. Our wood stripper is specially formulated to break down and dissolve multiple layers of old finishes from wooden surfaces. Whether you are dealing with aged varnish, thick paint, stubborn stain, or protective coatings, this high-performance formula penetrates deeply and softens the material for easy removal.&hellip;","_links":{"self":[{"href":"https:\/\/www.ferberpainting.com\/ee\/wp-json\/wp\/v2\/product\/25681","targetHints":{"allow":["GET"]}}],"collection":[{"href":"https:\/\/www.ferberpainting.com\/ee\/wp-json\/wp\/v2\/product"}],"about":[{"href":"https:\/\/www.ferberpainting.com\/ee\/wp-json\/wp\/v2\/types\/product"}],"replies":[{"embeddable":true,"href":"https:\/\/www.ferberpainting.com\/ee\/wp-json\/wp\/v2\/comments?post=25681"}],"version-history":[{"count":4,"href":"https:\/\/www.ferberpainting.com\/ee\/wp-json\/wp\/v2\/product\/25681\/revisions"}],"predecessor-version":[{"id":169175,"href":"https:\/\/www.ferberpainting.com\/ee\/wp-json\/wp\/v2\/product\/25681\/revisions\/169175"}],"wp:featuredmedia":[{"embeddable":true,"href":"https:\/\/www.ferberpainting.com\/ee\/wp-json\/wp\/v2\/media\/27477"}],"wp:attachment":[{"href":"https:\/\/www.ferberpainting.com\/ee\/wp-json\/wp\/v2\/media?parent=25681"}],"wp:term":[{"taxonomy":"product_brand","embeddable":true,"href":"https:\/\/www.ferberpainting.com\/ee\/wp-json\/wp\/v2\/product_brand?post=25681"},{"taxonomy":"product_cat","embeddable":true,"href":"https:\/\/www.ferberpainting.com\/ee\/wp-json\/wp\/v2\/product_cat?post=25681"},{"taxonomy":"product_tag","embeddable":true,"href":"https:\/\/www.ferberpainting.com\/ee\/wp-json\/wp\/v2\/product_tag?post=25681"}],"curies":[{"name":"wp","href":"https:\/\/api.w.org\/{rel}","templated":true}]}}