{"id":25675,"date":"2025-05-26T10:33:27","date_gmt":"2025-05-26T08:33:27","guid":{"rendered":"https:\/\/www.ferberpainting.com\/products\/wood-saturator\/"},"modified":"2026-02-18T10:00:16","modified_gmt":"2026-02-18T09:00:16","slug":"wood-saturator","status":"publish","type":"product","link":"https:\/\/www.ferberpainting.com\/ee\/products\/wood-saturator\/","title":{"rendered":"Puidu\u00f5li"},"content":{"rendered":"<p><strong><img decoding=\"async\" style=\"margin-right: 12px;\" src=\"https:\/\/www.ferberpainting.com\/wp-content\/uploads\/2026\/02\/Check.svg\" alt=\"\" width=\"18\" height=\"15\" \/>Toitke ja kaitske puitu s\u00fcgavuti, kasutades k\u00f5rge penetratsiooniga k\u00fcllastustehnoloogiat.<\/strong> Meie puidu k\u00fcllastusvahend on spetsiaalselt koostatud nii, et see tungib s\u00fcgavale puidukiududesse, pakkudes seestpoolt pikaajalist toitmist ja kaitset. Erinevalt pinnakatetest, mis loovad pealispinna kile, k\u00fcllastab see t\u00e4iustatud koostis puidu struktuuri, tugevdades seda niiskuse, UV-kiirguse ja keskkonnastressi vastu. See suurendab vastupidavust, s\u00e4ilitades samas materjali loomuliku struktuuri ja v\u00e4limuse, mist\u00f5ttu on see ideaalne terrasside, fassaadide, aedade, pergolade ja v\u00e4lism\u00f6\u00f6bli jaoks.<\/p>\n<p><strong><img decoding=\"async\" style=\"margin-right: 12px;\" src=\"https:\/\/www.ferberpainting.com\/wp-content\/uploads\/2026\/02\/Check.svg\" alt=\"\" width=\"18\" height=\"15\" \/>Pakume t\u00e4ieliku meelerahu tagamiseks raha tagasi garantiid.<\/strong> Oleme t\u00e4iesti veendunud meie puidusaaturaatori toimivuses ja usaldusv\u00e4\u00e4rsuses. Kui te ei ole tulemustega t\u00e4ielikult rahul, tagastame teile raha tagasi. See raha-tagastamisgarantii tagab, et saate oma puitpindu kaitsta ja t\u00e4iustada ilma riskita, teades, et teie investeering on turvaline ja teie rahulolu on meie prioriteet.<\/p>\n<p><strong><img decoding=\"async\" style=\"margin-right: 12px;\" src=\"https:\/\/www.ferberpainting.com\/wp-content\/uploads\/2026\/02\/Check.svg\" alt=\"\" width=\"18\" height=\"15\" \/>K\u00f5ige t\u00f5husam puidu k\u00fcllastamise t\u00f6\u00f6tlusvahend turul.<\/strong> Meie koostis, mis on loodud koos suure j\u00f5udlusega tungivate ainetega, tungib s\u00fcgavale puidu pooridesse, tugevdades ja stabiliseerides kiudusid, suurendades samal ajal niiskuse- ja ilmastikukindlust. See v\u00e4hendab m\u00e4rkimisv\u00e4\u00e4rselt p\u00e4ikese ja vihma m\u00f5jul tekkivaid pragusid, l\u00f5henemist ja kuivamist. V\u00f5rreldes tavap\u00e4raste \u00f5lide ja kaitsetoodetega pakub see paremat tungimist ja kauakestvaid tulemusi, muutes selle k\u00f5ige t\u00f5husamaks lahenduseks puidu pikaajaliseks kaitsmiseks.<\/p>\n<p><strong><img decoding=\"async\" style=\"margin-right: 12px;\" src=\"https:\/\/www.ferberpainting.com\/wp-content\/uploads\/2026\/02\/Check.svg\" alt=\"\" width=\"18\" height=\"15\" \/>Odavaim saadaolev professionaalne puiduk\u00fclvitaja.<\/strong> K\u00f5rgetasemeline puidukaitse peaks j\u00e4\u00e4ma taskukohaseks. Pakume k\u00f5ige konkurentsiv\u00f5imelisemat hinda, s\u00e4ilitades samal ajal k\u00f5rgekvaliteedilised kvaliteedistandardid. T\u00e4nu optimeeritud tootmis- ja turustamisprotsessidele pakume professionaalse tugevusega puiduk\u00fcllastajat madalaima hinnaga v\u00f5rreldes sarnaste toodetega, tagades suurep\u00e4rase hinna nii koduomanikele kui ka professionaalidele.<\/p>\n<p><strong><img decoding=\"async\" style=\"margin-right: 12px;\" src=\"https:\/\/www.ferberpainting.com\/wp-content\/uploads\/2026\/02\/Check.svg\" alt=\"\" width=\"18\" height=\"15\" \/>Garanteeritud 24-tunnine tarne kiireks ja usaldusv\u00e4\u00e4rseks kaitseks.<\/strong> Kui teie puitpinnad vajavad viivitamatut kaitset, ei ole ootamine v\u00f5imalik. Seep\u00e4rast pakume usaldusv\u00e4\u00e4rset 24-tunnist tarnet, mis tagab, et teie puidukattematerjal j\u00f5uab kiiresti kohale ja on viivitamatult kasutusvalmis. Kiire tarne v\u00f5imaldab teil oma t\u00f6\u00f6tluse t\u00f5husalt l\u00f5pule viia ja j\u00e4\u00e4da graafikusse.<\/p>\n<p><strong><img decoding=\"async\" style=\"margin-right: 12px;\" src=\"https:\/\/www.ferberpainting.com\/wp-content\/uploads\/2026\/02\/Check.svg\" alt=\"\" width=\"18\" height=\"15\" \/>T\u00f5hus katvus kuni 10 m\u00b2 liitri kohta t\u00e4pseks planeerimiseks.<\/strong> \u00dcks liiter meie puiduk\u00fcllastajat v\u00f5ib t\u00f6\u00f6delda kuni 10 ruutmeetrit, s\u00f5ltuvalt puidu liigist ja imamisv\u00f5imest. See selgelt m\u00e4\u00e4ratletud katvuse m\u00e4\u00e4r v\u00f5imaldab materjalivajaduse t\u00e4pset arvutamist ja t\u00f5husat eelarve haldamist, tagades samal ajal optimaalse k\u00fcllastumise.<\/p>\n<p><strong><img decoding=\"async\" style=\"margin-right: 12px;\" src=\"https:\/\/www.ferberpainting.com\/wp-content\/uploads\/2026\/02\/Check.svg\" alt=\"\" width=\"18\" height=\"15\" \/>Parandab loomulikku v\u00e4rvi ja tera, ilma et moodustuks pinnakile.<\/strong> Saturator intensiivistab puidu looduslikke toone ja tekstuuri, r\u00f5hutades selle teravust ja rikkalikkust, s\u00e4ilitades samal ajal naturaalse, mati viimistluse. See ei kooru, ei pragune ega tekita villi, sest see toimib puidu sees, mitte ei moodusta j\u00e4ika pinnakihti.<\/p>\n<p><strong><img decoding=\"async\" style=\"margin-right: 12px;\" src=\"https:\/\/www.ferberpainting.com\/wp-content\/uploads\/2026\/02\/Check.svg\" alt=\"\" width=\"18\" height=\"15\" \/>Parandab vastupidavust niiskusele, UV-kiirgusele ja ilmastikutingimustele.<\/strong> S\u00fcgavalt puidukiududesse tungides v\u00e4hendab toode vee imendumist ja aeglustab UV-kiirgusest tingitud tuhmumist. See aitab s\u00e4ilitada struktuurilist stabiilsust ja visuaalset atraktiivsust isegi karmides v\u00e4liskeskkondades.<\/p>\n<p><strong><img decoding=\"async\" style=\"margin-right: 12px;\" src=\"https:\/\/www.ferberpainting.com\/wp-content\/uploads\/2026\/02\/Check.svg\" alt=\"\" width=\"18\" height=\"15\" \/>Sobib puidust sise- ja v\u00e4lispindadele.<\/strong> Puidu k\u00fcllastusainet saab kasutada terrassidel, liiprites, aedades, aiam\u00f6\u00f6blis, taladel, ustel ja muudel puitkonstruktsioonidel, mis puutuvad kokku keskkonnastressiga. See toimib t\u00f5husalt nii leht- kui ka okaspuidul, kui seda kasutatakse vastavalt juhistele.<\/p>\n<p><strong><img decoding=\"async\" style=\"margin-right: 12px;\" src=\"https:\/\/www.ferberpainting.com\/wp-content\/uploads\/2026\/02\/Check.svg\" alt=\"\" width=\"18\" height=\"15\" \/>Lihtne rakendus professionaalidele ja DIY-kasutajatele.<\/strong> Mugavaks kasutamiseks m\u00f5eldud puiduk\u00fcllastajat saab kasutada pintsli, rulli v\u00f5i lapiga. Selle vedel konsistents tagab sujuva leviku ja s\u00fcgava imavuse, mist\u00f5ttu sobib see nii v\u00e4ikesteks renoveerimist\u00f6\u00f6deks kui ka suuremahulisteks professionaalseteks projektideks.<\/p>\n<h2><strong>Juhised<\/strong><\/h2>\n<ul>\n<li>Veenduge, et puitpind on enne pealekandmist puhas, kuiv ja vaba tolmust, rasvast, hallitusest v\u00f5i vanadest kooruvatest kattekihtidest.<\/li>\n<li>Vajaduse korral lihvige pind kergelt, et eemaldada krobelised kiud ja parandada l\u00e4bitungimist.<\/li>\n<li>Enne kasutamist segage puiduk\u00fcllastajat p\u00f5hjalikult, et tagada \u00fchtlane konsistentsus.<\/li>\n<li>Kandke toode pintsli, rulli v\u00f5i lapiga puidutooni suunas, kasutades selleks pintslit, rulli v\u00f5i lappi.<\/li>\n<li>Soovitatav annus on ligikaudu 100 ml ruutmeetri kohta, kuna \u00fcks liiter on m\u00f5eldud kuni 10 m\u00b2 t\u00f6\u00f6tlemiseks. V\u00e4ga poorne v\u00f5i uus puit v\u00f5ib vajada veidi suuremat tarbimist.<\/li>\n<li>Laske tootel 15 kuni 30 minutit s\u00fcgavale puitu tungida.<\/li>\n<li>Eemaldage \u00fcleliigne toode, mis ei ole imendunud, puhta lapiga, et v\u00e4ltida pinnakuhjumist.<\/li>\n<li>T\u00f5hustatud kaitse saavutamiseks kandke vajadusel teine kiht peale, kui esimene kiht on veel veidi imav.<\/li>\n<li>Laske pinnal t\u00e4ielikult kuivada, tavaliselt 24 tundi, s\u00f5ltuvalt keskkonnatingimustest.<\/li>\n<li>V\u00e4ltige kuivamise ajal kokkupuudet vihma v\u00f5i tugeva niiskusega.<\/li>\n<li>Pikaajalise kaitse tagamiseks kontrollige pindu korrap\u00e4raselt ja kandke vastavalt vajadusele uuesti, s\u00f5ltuvalt ilmastikutingimustest.<\/li>\n<li>Puhastage t\u00f6\u00f6riistad kohe p\u00e4rast kasutamist vastavalt toote soovitustele.<\/li>\n<li>Hoida konteinerit tihedalt suletuna jahedas ja kuivas kohas, kaitstuna k\u00fclma ja otsese p\u00e4ikesevalguse eest.<\/li>\n<li>Hoida lastele k\u00e4ttesaamatus kohas ja j\u00e4rgida tavalisi ohutusabin\u00f5usid k\u00e4sitsemisel ja kasutamisel.<\/li>\n<\/ul>","protected":false},"excerpt":{"rendered":"<p>Deeply nourish and protect wood with high-penetration saturation technology. Our wood saturator is specially formulated to penetrate deeply into wooden fibers, providing long-lasting nourishment and protection from within. Unlike surface coatings that create a film on top, this advanced formula saturates the wood structure, reinforcing it against moisture, UV exposure, and environmental stress. It enhances [&hellip;]<\/p>\n","protected":false},"featured_media":27474,"comment_status":"open","ping_status":"closed","template":"","meta":{"_uag_custom_page_level_css":"","site-sidebar-layout":"default","site-content-layout":"","ast-site-content-layout":"default","site-content-style":"default","site-sidebar-style":"default","ast-global-header-display":"","ast-banner-title-visibility":"","ast-main-header-display":"","ast-hfb-above-header-display":"","ast-hfb-below-header-display":"","ast-hfb-mobile-header-display":"","site-post-title":"","ast-breadcrumbs-content":"","ast-featured-img":"","footer-sml-layout":"","ast-disable-related-posts":"","theme-transparent-header-meta":"default","adv-header-id-meta":"","stick-header-meta":"","header-above-stick-meta":"","header-main-stick-meta":"","header-below-stick-meta":"","astra-migrate-meta-layouts":"set","ast-page-background-enabled":"default","ast-page-background-meta":{"desktop":{"background-color":"var(--ast-global-color-4)","background-image":"","background-repeat":"repeat","background-position":"center center","background-size":"auto","background-attachment":"scroll","background-type":"","background-media":"","overlay-type":"","overlay-color":"","overlay-opacity":"","overlay-gradient":""},"tablet":{"background-color":"","background-image":"","background-repeat":"repeat","background-position":"center center","background-size":"auto","background-attachment":"scroll","background-type":"","background-media":"","overlay-type":"","overlay-color":"","overlay-opacity":"","overlay-gradient":""},"mobile":{"background-color":"","background-image":"","background-repeat":"repeat","background-position":"center center","background-size":"auto","background-attachment":"scroll","background-type":"","background-media":"","overlay-type":"","overlay-color":"","overlay-opacity":"","overlay-gradient":""}},"ast-content-background-meta":{"desktop":{"background-color":"var(--ast-global-color-5)","background-image":"","background-repeat":"repeat","background-position":"center center","background-size":"auto","background-attachment":"scroll","background-type":"","background-media":"","overlay-type":"","overlay-color":"","overlay-opacity":"","overlay-gradient":""},"tablet":{"background-color":"var(--ast-global-color-5)","background-image":"","background-repeat":"repeat","background-position":"center center","background-size":"auto","background-attachment":"scroll","background-type":"","background-media":"","overlay-type":"","overlay-color":"","overlay-opacity":"","overlay-gradient":""},"mobile":{"background-color":"var(--ast-global-color-5)","background-image":"","background-repeat":"repeat","background-position":"center center","background-size":"auto","background-attachment":"scroll","background-type":"","background-media":"","overlay-type":"","overlay-color":"","overlay-opacity":"","overlay-gradient":""}}},"product_brand":[],"product_cat":[193],"product_tag":[],"class_list":{"0":"post-25675","1":"product","2":"type-product","3":"status-publish","4":"has-post-thumbnail","6":"product_cat-wood-treatment","7":"desktop-align-left","8":"tablet-align-left","9":"mobile-align-left","11":"first","12":"instock","13":"sale","14":"shipping-taxable","15":"purchasable","16":"product-type-variable","17":"has-default-attributes"},"spectra_custom_meta":{"_visibility":["visible"],"_shopify_product_id":["8051365937397"],"_s2w_shopify_domain":["ferberpainting.myshopify.com"],"_shopify_variant_id":["43849070969077"],"_sku":[""],"_manage_stock":["no"],"total_sales":["84"],"_tax_status":["taxable"],"_tax_class":[""],"_backorders":["no"],"_sold_individually":["no"],"_virtual":["no"],"_downloadable":["no"],"_download_limit":["-1"],"_download_expiry":["-1"],"_stock":[null],"_stock_status":["instock"],"_wc_average_rating":["4.97"],"_wc_review_count":["64"],"_product_attributes":["a:1:{s:6:\"volume\";a:6:{s:4:\"name\";s:6:\"Volume\";s:5:\"value\";s:20:\"5 liters | 25 liters\";s:8:\"position\";i:1;s:10:\"is_visible\";i:0;s:12:\"is_variation\";i:1;s:11:\"is_taxonomy\";i:0;}}"],"_product_version":["10.5.2"],"_thumbnail_id":["27474"],"_price":["29.90","129.90"],"_product_image_gallery":["27475"],"merchant-center-availability":["yes"],"merchant-center-category":["503738"],"merchant-center-id":["SB"],"wpse_downloadable_file_names":[""],"wpse_downloadable_file_urls":[""],"_edit_last":["1"],"_default_attributes":["a:1:{s:6:\"volume\";s:8:\"5 liters\";}"],"_wc_rating_count":["a:2:{i:4;i:2;i:5;i:62;}"],"_edit_lock":["1771405241:1"],"_wp_page_template":["default"],"site-sidebar-layout":["default"],"ast-site-content-layout":["default"],"site-content-style":["default"],"site-sidebar-style":["default"],"theme-transparent-header-meta":["default"],"astra-migrate-meta-layouts":["set"],"_uag_css_file_name":["uag-css-25675.css"],"_elementor_page_assets":["a:0:{}"],"_uag_page_assets":["a:9:{s:3:\"css\";s:7133:\".uag-blocks-common-selector{z-index:var(--z-index-desktop) !important}@media(max-width: 976px){.uag-blocks-common-selector{z-index:var(--z-index-tablet) !important}}@media(max-width: 767px){.uag-blocks-common-selector{z-index:var(--z-index-mobile) !important}}.wp-block-uagb-image{display:flex}.wp-block-uagb-image__figure{position:relative;display:flex;flex-direction:column;max-width:100%;height:auto;margin:0}.wp-block-uagb-image__figure img{height:auto;display:flex;max-width:100%;transition:box-shadow .2s ease}.wp-block-uagb-image__figure>a{display:inline-block}.wp-block-uagb-image__figure figcaption{text-align:center;margin-top:.5em;margin-bottom:1em}.wp-block-uagb-image .components-placeholder.block-editor-media-placeholder .components-placeholder__instructions{align-self:center}.wp-block-uagb-image--align-left{text-align:left}.wp-block-uagb-image--align-right{text-align:right}.wp-block-uagb-image--align-center{text-align:center}.wp-block-uagb-image--align-full .wp-block-uagb-image__figure{margin-left:calc(50% - 50vw);margin-right:calc(50% - 50vw);max-width:100vw;width:100vw;height:auto}.wp-block-uagb-image--align-full .wp-block-uagb-image__figure img{height:auto;width:100% !important}.wp-block-uagb-image--align-wide .wp-block-uagb-image__figure img{height:auto;width:100%}.wp-block-uagb-image--layout-overlay__color-wrapper{position:absolute;left:0;top:0;right:0;bottom:0;opacity:.2;background:rgba(0,0,0,.5);transition:opacity .35s ease-in-out}.wp-block-uagb-image--layout-overlay-link{position:absolute;left:0;right:0;bottom:0;top:0}.wp-block-uagb-image--layout-overlay .wp-block-uagb-image__figure:hover .wp-block-uagb-image--layout-overlay__color-wrapper{opacity:1}.wp-block-uagb-image--layout-overlay__inner{position:absolute;left:15px;right:15px;bottom:15px;top:15px;display:flex;align-items:center;justify-content:center;flex-direction:column;border-color:#fff;transition:.35s ease-in-out}.wp-block-uagb-image--layout-overlay__inner.top-left,.wp-block-uagb-image--layout-overlay__inner.top-center,.wp-block-uagb-image--layout-overlay__inner.top-right{justify-content:flex-start}.wp-block-uagb-image--layout-overlay__inner.bottom-left,.wp-block-uagb-image--layout-overlay__inner.bottom-center,.wp-block-uagb-image--layout-overlay__inner.bottom-right{justify-content:flex-end}.wp-block-uagb-image--layout-overlay__inner.top-left,.wp-block-uagb-image--layout-overlay__inner.center-left,.wp-block-uagb-image--layout-overlay__inner.bottom-left{align-items:flex-start}.wp-block-uagb-image--layout-overlay__inner.top-right,.wp-block-uagb-image--layout-overlay__inner.center-right,.wp-block-uagb-image--layout-overlay__inner.bottom-right{align-items:flex-end}.wp-block-uagb-image--layout-overlay__inner .uagb-image-heading{color:#fff;transition:transform .35s,opacity .35s ease-in-out;transform:translate3d(0, 24px, 0);margin:0;line-height:1em}.wp-block-uagb-image--layout-overlay__inner .uagb-image-separator{width:30%;border-top-width:2px;border-top-color:#fff;border-top-style:solid;margin-bottom:10px;opacity:0;transition:transform .4s,opacity .4s ease-in-out;transform:translate3d(0, 30px, 0)}.wp-block-uagb-image--layout-overlay__inner .uagb-image-caption{opacity:0;overflow:visible;color:#fff;transition:transform .45s,opacity .45s ease-in-out;transform:translate3d(0, 35px, 0)}.wp-block-uagb-image--layout-overlay__inner:hover .uagb-image-heading,.wp-block-uagb-image--layout-overlay__inner:hover .uagb-image-separator,.wp-block-uagb-image--layout-overlay__inner:hover .uagb-image-caption{opacity:1;transform:translate3d(0, 0, 0)}.wp-block-uagb-image--effect-zoomin .wp-block-uagb-image__figure img,.wp-block-uagb-image--effect-zoomin .wp-block-uagb-image__figure .wp-block-uagb-image--layout-overlay__color-wrapper{transform:scale(1);transition:transform .35s ease-in-out}.wp-block-uagb-image--effect-zoomin .wp-block-uagb-image__figure:hover img,.wp-block-uagb-image--effect-zoomin .wp-block-uagb-image__figure:hover .wp-block-uagb-image--layout-overlay__color-wrapper{transform:scale(1.05)}.wp-block-uagb-image--effect-slide .wp-block-uagb-image__figure img,.wp-block-uagb-image--effect-slide .wp-block-uagb-image__figure .wp-block-uagb-image--layout-overlay__color-wrapper{width:calc(100% + 40px) !important;max-width:none !important;transform:translate3d(-40px, 0, 0);transition:transform .35s ease-in-out}.wp-block-uagb-image--effect-slide .wp-block-uagb-image__figure:hover img,.wp-block-uagb-image--effect-slide .wp-block-uagb-image__figure:hover .wp-block-uagb-image--layout-overlay__color-wrapper{transform:translate3d(0, 0, 0)}.wp-block-uagb-image--effect-grayscale img{filter:grayscale(0%);transition:.35s ease-in-out}.wp-block-uagb-image--effect-grayscale:hover img{filter:grayscale(100%)}.wp-block-uagb-image--effect-blur img{filter:blur(0);transition:.35s ease-in-out}.wp-block-uagb-image--effect-blur:hover img{filter:blur(3px)}.uagb-block-e6f939b3.wp-block-uagb-image--layout-default figure img{box-shadow: 0px 0px 0 #00000070;}.uagb-block-e6f939b3.wp-block-uagb-image .wp-block-uagb-image__figure figcaption{font-style: normal;align-self: center;}.uagb-block-e6f939b3.wp-block-uagb-image--layout-overlay figure img{box-shadow: 0px 0px 0 #00000070;}.uagb-block-e6f939b3.wp-block-uagb-image--layout-overlay .wp-block-uagb-image--layout-overlay__color-wrapper{opacity: 0.2;}.uagb-block-e6f939b3.wp-block-uagb-image--layout-overlay .wp-block-uagb-image--layout-overlay__inner{left: 15px;right: 15px;top: 15px;bottom: 15px;}.uagb-block-e6f939b3.wp-block-uagb-image--layout-overlay .wp-block-uagb-image--layout-overlay__inner .uagb-image-heading{font-style: normal;color: #fff;opacity: 1;}.uagb-block-e6f939b3.wp-block-uagb-image--layout-overlay .wp-block-uagb-image--layout-overlay__inner .uagb-image-heading a{color: #fff;}.uagb-block-e6f939b3.wp-block-uagb-image--layout-overlay .wp-block-uagb-image--layout-overlay__inner .uagb-image-caption{opacity: 0;}.uagb-block-e6f939b3.wp-block-uagb-image--layout-overlay .wp-block-uagb-image__figure:hover .wp-block-uagb-image--layout-overlay__color-wrapper{opacity: 1;}.uagb-block-e6f939b3.wp-block-uagb-image .wp-block-uagb-image--layout-overlay__inner .uagb-image-separator{width: 30%;border-top-width: 2px;border-top-color: #fff;opacity: 0;}.uagb-block-e6f939b3.wp-block-uagb-image .wp-block-uagb-image__figure img{width: px;height: auto;}.uagb-block-e6f939b3.wp-block-uagb-image .wp-block-uagb-image__figure:hover .wp-block-uagb-image--layout-overlay__inner .uagb-image-caption{opacity: 1;}.uagb-block-e6f939b3.wp-block-uagb-image .wp-block-uagb-image__figure:hover .wp-block-uagb-image--layout-overlay__inner .uagb-image-separator{opacity: 1;}.uagb-block-e6f939b3.wp-block-uagb-image--layout-default figure:hover img{box-shadow: 0px 0px 0 #00000070;}.uagb-block-e6f939b3.wp-block-uagb-image--layout-overlay figure:hover img{box-shadow: 0px 0px 0 #00000070;}@media only screen and (max-width: 976px) {.uagb-block-e6f939b3.wp-block-uagb-image .wp-block-uagb-image__figure img{width: px;height: auto;}}@media only screen and (max-width: 767px) {.uagb-block-e6f939b3.wp-block-uagb-image .wp-block-uagb-image__figure img{width: px;height: auto;}}\";s:2:\"js\";s:0:\"\";s:18:\"current_block_list\";a:13:{i:0;s:11:\"core\/search\";i:1;s:10:\"core\/group\";i:2;s:12:\"core\/heading\";i:3;s:17:\"core\/latest-posts\";i:4;s:20:\"core\/latest-comments\";i:5;s:13:\"core\/archives\";i:6;s:15:\"core\/categories\";i:7;s:14:\"core\/paragraph\";i:8;s:10:\"uagb\/image\";i:9;s:11:\"core\/spacer\";i:10;s:30:\"woocommerce\/product-categories\";i:11;s:10:\"core\/image\";i:12;s:14:\"core\/shortcode\";}s:8:\"uag_flag\";b:1;s:11:\"uag_version\";s:10:\"1777107950\";s:6:\"gfonts\";a:0:{}s:10:\"gfonts_url\";s:0:\"\";s:12:\"gfonts_files\";a:0:{}s:14:\"uag_faq_layout\";b:0;}"]},"uagb_featured_image_src":{"full":["https:\/\/www.ferberpainting.com\/wp-content\/uploads\/2025\/05\/WoodStripper5L_2f27881c-1fb2-4067-b04d-40b02fba9caa.jpg",2560,2560,false],"thumbnail":["https:\/\/www.ferberpainting.com\/wp-content\/uploads\/2025\/05\/WoodStripper5L_2f27881c-1fb2-4067-b04d-40b02fba9caa-150x150.jpg",150,150,true],"medium":["https:\/\/www.ferberpainting.com\/wp-content\/uploads\/2025\/05\/WoodStripper5L_2f27881c-1fb2-4067-b04d-40b02fba9caa-300x300.jpg",300,300,true],"medium_large":["https:\/\/www.ferberpainting.com\/wp-content\/uploads\/2025\/05\/WoodStripper5L_2f27881c-1fb2-4067-b04d-40b02fba9caa-768x768.jpg",768,768,true],"large":["https:\/\/www.ferberpainting.com\/wp-content\/uploads\/2025\/05\/WoodStripper5L_2f27881c-1fb2-4067-b04d-40b02fba9caa-1024x1024.jpg",1024,1024,true],"1536x1536":["https:\/\/www.ferberpainting.com\/wp-content\/uploads\/2025\/05\/WoodStripper5L_2f27881c-1fb2-4067-b04d-40b02fba9caa-1536x1536.jpg",1536,1536,true],"2048x2048":["https:\/\/www.ferberpainting.com\/wp-content\/uploads\/2025\/05\/WoodStripper5L_2f27881c-1fb2-4067-b04d-40b02fba9caa-2048x2048.jpg",2048,2048,true],"trp-custom-language-flag":["https:\/\/www.ferberpainting.com\/wp-content\/uploads\/2025\/05\/WoodStripper5L_2f27881c-1fb2-4067-b04d-40b02fba9caa-12x12.jpg",12,12,true],"woocommerce_thumbnail":["https:\/\/www.ferberpainting.com\/wp-content\/uploads\/2025\/05\/WoodStripper5L_2f27881c-1fb2-4067-b04d-40b02fba9caa-300x300.jpg",300,300,true],"woocommerce_single":["https:\/\/www.ferberpainting.com\/wp-content\/uploads\/2025\/05\/WoodStripper5L_2f27881c-1fb2-4067-b04d-40b02fba9caa-600x600.jpg",600,600,true],"woocommerce_gallery_thumbnail":["https:\/\/www.ferberpainting.com\/wp-content\/uploads\/2025\/05\/WoodStripper5L_2f27881c-1fb2-4067-b04d-40b02fba9caa-100x100.jpg",100,100,true]},"uagb_author_info":{"display_name":"admin","author_link":"https:\/\/www.ferberpainting.com\/ee\/author\/"},"uagb_comment_info":64,"uagb_excerpt":"Deeply nourish and protect wood with high-penetration saturation technology. Our wood saturator is specially formulated to penetrate deeply into wooden fibers, providing long-lasting nourishment and protection from within. Unlike surface coatings that create a film on top, this advanced formula saturates the wood structure, reinforcing it against moisture, UV exposure, and environmental stress. It enhances&hellip;","_links":{"self":[{"href":"https:\/\/www.ferberpainting.com\/ee\/wp-json\/wp\/v2\/product\/25675","targetHints":{"allow":["GET"]}}],"collection":[{"href":"https:\/\/www.ferberpainting.com\/ee\/wp-json\/wp\/v2\/product"}],"about":[{"href":"https:\/\/www.ferberpainting.com\/ee\/wp-json\/wp\/v2\/types\/product"}],"replies":[{"embeddable":true,"href":"https:\/\/www.ferberpainting.com\/ee\/wp-json\/wp\/v2\/comments?post=25675"}],"version-history":[{"count":3,"href":"https:\/\/www.ferberpainting.com\/ee\/wp-json\/wp\/v2\/product\/25675\/revisions"}],"predecessor-version":[{"id":169166,"href":"https:\/\/www.ferberpainting.com\/ee\/wp-json\/wp\/v2\/product\/25675\/revisions\/169166"}],"wp:featuredmedia":[{"embeddable":true,"href":"https:\/\/www.ferberpainting.com\/ee\/wp-json\/wp\/v2\/media\/27474"}],"wp:attachment":[{"href":"https:\/\/www.ferberpainting.com\/ee\/wp-json\/wp\/v2\/media?parent=25675"}],"wp:term":[{"taxonomy":"product_brand","embeddable":true,"href":"https:\/\/www.ferberpainting.com\/ee\/wp-json\/wp\/v2\/product_brand?post=25675"},{"taxonomy":"product_cat","embeddable":true,"href":"https:\/\/www.ferberpainting.com\/ee\/wp-json\/wp\/v2\/product_cat?post=25675"},{"taxonomy":"product_tag","embeddable":true,"href":"https:\/\/www.ferberpainting.com\/ee\/wp-json\/wp\/v2\/product_tag?post=25675"}],"curies":[{"name":"wp","href":"https:\/\/api.w.org\/{rel}","templated":true}]}}