{"id":25672,"date":"2025-05-26T10:33:26","date_gmt":"2025-05-26T08:33:26","guid":{"rendered":"https:\/\/www.ferberpainting.com\/products\/wood-renovator\/"},"modified":"2026-02-18T09:58:42","modified_gmt":"2026-02-18T08:58:42","slug":"wood-renovator","status":"publish","type":"product","link":"https:\/\/www.ferberpainting.com\/ee\/products\/wood-renovator\/","title":{"rendered":"Puidu renoveerija"},"content":{"rendered":"<p><strong><img decoding=\"async\" style=\"margin-right: 12px;\" src=\"https:\/\/www.ferberpainting.com\/wp-content\/uploads\/2026\/02\/Check.svg\" alt=\"\" width=\"18\" height=\"15\" \/>Taastage vana, tuhm ja v\u00e4sinud puit t\u00e4ieliku renoveerimisefektiga taas ellu.<\/strong> Meie puiduregulaator on spetsiaalselt koostatud selleks, et taaselustada vananenud, tuhmunud ja kulunud puitpinnad, taastades nende loomuliku soojuse, rikkalikkuse ja v\u00e4rvide s\u00fcgavuse. Aja jooksul kaotab puit p\u00e4ikesevalguse, vihma, temperatuurimuutuste ja saaste m\u00f5jul oma eluj\u00f5udu ja kaitsvaid omadusi. See t\u00e4iustatud renoveerimist\u00f6\u00f6tlus tungib s\u00fcgavale kiudududesse, toidab ja elustab materjali seestpoolt. See parandab puidu loomulikku struktuuri ja taastab v\u00e4rskendatud, h\u00e4sti hooldatud v\u00e4limuse, ilma et oleks vaja puitu t\u00e4ielikult asendada.<\/p>\n<p><strong><img decoding=\"async\" style=\"margin-right: 12px;\" src=\"https:\/\/www.ferberpainting.com\/wp-content\/uploads\/2026\/02\/Check.svg\" alt=\"\" width=\"18\" height=\"15\" \/>Pakume t\u00e4ieliku meelerahu tagamiseks raha tagasi garantiid.<\/strong> Me seisame kindlalt meie puidu renoveerija kvaliteedi ja j\u00f5udluse eest. Kui te ei ole tulemustega t\u00e4ielikult rahul, tagastame teile raha tagasi. See raha-tagastamisgarantii tagab, et saate oma puitpinnad taastada ilma riskita, teades, et teie rahulolu on meie prioriteet ja teie investeering on t\u00e4ielikult kaitstud.<\/p>\n<p><strong><img decoding=\"async\" style=\"margin-right: 12px;\" src=\"https:\/\/www.ferberpainting.com\/wp-content\/uploads\/2026\/02\/Check.svg\" alt=\"\" width=\"18\" height=\"15\" \/>K\u00f5ige t\u00f5husam puidu renoveerimise lahendus turul.<\/strong> Meie k\u00f5rgtehnoloogiline valem on loodud nii, et see on tavap\u00e4rastest \u00f5lidest ja pinnat\u00f6\u00f6tlusvahenditest parem. Selle asemel, et puitu lihtsalt katta, tungib see s\u00fcgavale, et taastada paindlikkus, parandada vastupidavust ja suurendada pikaajalist vastupidavust. See toimib nii kergelt vananenud kui ka tugevalt kahjustatud puidu puhul, pakkudes n\u00e4htavaid muutusi ja pikaajalisi tulemusi, mis eristavad seda tavap\u00e4rastest hooldustoodetest.<\/p>\n<p><strong><img decoding=\"async\" style=\"margin-right: 12px;\" src=\"https:\/\/www.ferberpainting.com\/wp-content\/uploads\/2026\/02\/Check.svg\" alt=\"\" width=\"18\" height=\"15\" \/>K\u00f5ige odavam professionaalne puidu renoveerija.<\/strong> Esmaklassiline puidu restaureerimine ei pea olema kallis. Pakume k\u00f5ige konkurentsiv\u00f5imelisemat hinda, tegemata kompromisse kvaliteedi v\u00f5i tulemuslikkuse osas. Tootmis- ja turustamisprotsesside optimeerimise abil pakume professionaalse tugevusega puidurestauraatorit madalaima hinnaga v\u00f5rreldes sarnaste toodetega, tagades nii koduomanikele kui ka professionaalidele erakordse hinna ja kvaliteedi.<\/p>\n<p><strong><img decoding=\"async\" style=\"margin-right: 12px;\" src=\"https:\/\/www.ferberpainting.com\/wp-content\/uploads\/2026\/02\/Check.svg\" alt=\"\" width=\"18\" height=\"15\" \/>Garanteeritud 24-tunnine tarne kiireks taastamiseks.<\/strong> Kui teie puidust terrass, aed v\u00f5i m\u00f6\u00f6bel vajab viivitamatult t\u00e4helepanu, ei ole ootamine valikuv\u00f5imalus. Seep\u00e4rast pakume usaldusv\u00e4\u00e4rset 24-tunnist tarnet, mis tagab, et teie puiduremont\u00f6\u00f6r j\u00f5uab kohale kiiresti ja on kohe kasutamiseks valmis. Kiire tarne aitab teil oma renoveerimisprojekti t\u00f5husalt ja viivituseta l\u00f5pule viia.<\/p>\n<p><strong><img decoding=\"async\" style=\"margin-right: 12px;\" src=\"https:\/\/www.ferberpainting.com\/wp-content\/uploads\/2026\/02\/Check.svg\" alt=\"\" width=\"18\" height=\"15\" \/>T\u00f5hus katvus kuni 10 m\u00b2 liitri kohta t\u00e4pseks planeerimiseks.<\/strong> \u00dcks liiter meie puiduregulaatorit ravib kuni 10 ruutmeetrit, s\u00f5ltuvalt puidu t\u00fc\u00fcbist ja imavuse tasemest. See selge katvusm\u00e4\u00e4r v\u00f5imaldab materjali vajaduse t\u00e4pset arvutamist ja t\u00f5husat eelarvekontrolli, tagades samas piisava l\u00e4bitungi ja optimaalse tulemuse.<\/p>\n<p><strong><img decoding=\"async\" style=\"margin-right: 12px;\" src=\"https:\/\/www.ferberpainting.com\/wp-content\/uploads\/2026\/02\/Check.svg\" alt=\"\" width=\"18\" height=\"15\" \/>Parandab loomulikku v\u00e4rvi ja terade m\u00e4\u00e4ratlust.<\/strong> Renoveerija r\u00f5hutab puidu looduslikke toone ja tekstuure, tekitamata kunstlikku v\u00f5i l\u00e4ikivat v\u00e4ljan\u00e4gemist. See toob esile materjali autentse ilu, r\u00f5hutades selle ainulaadseid mustreid, s\u00e4ilitades samas loodusliku ja elegantse viimistluse.<\/p>\n<p><strong><img decoding=\"async\" style=\"margin-right: 12px;\" src=\"https:\/\/www.ferberpainting.com\/wp-content\/uploads\/2026\/02\/Check.svg\" alt=\"\" width=\"18\" height=\"15\" \/>Parandab vastupidavust keskkonnale.<\/strong> Toites ja kaitstes puidukiudu, aitab toode v\u00e4hendada UV-kiirguse m\u00f5ju, niiskuse imendumist ja pinna pragunemist. See aitab pikendada puitkonstruktsioonide eluiga ja v\u00e4hendada hooldussagedust.<\/p>\n<p><strong><img decoding=\"async\" style=\"margin-right: 12px;\" src=\"https:\/\/www.ferberpainting.com\/wp-content\/uploads\/2026\/02\/Check.svg\" alt=\"\" width=\"18\" height=\"15\" \/>Sobib paljudele puitpindadele.<\/strong> Puiduremont\u00f6\u00f6ri saab kasutada terrasside, aedade, pergolade, fassaadide, aiam\u00f6\u00f6bli, uste, aknaluukide ja muude sise- v\u00f5i v\u00e4listingimustele avatud puitdetailide puhul. Sobib nii leht- kui ka okaspuuga, kui seda kasutatakse vastavalt juhistele.<\/p>\n<p><strong><img decoding=\"async\" style=\"margin-right: 12px;\" src=\"https:\/\/www.ferberpainting.com\/wp-content\/uploads\/2026\/02\/Check.svg\" alt=\"\" width=\"18\" height=\"15\" \/>Lihtne rakendus professionaalidele ja DIY-kasutajatele.<\/strong> Mugavuse huvides on puiduremonditehnikat v\u00f5imalik kasutada pintsli, rulli v\u00f5i lapiga. Selle \u00fchtlane konsistents tagab \u00fchtlase jaotumise ja s\u00fcgava sissetungi, mist\u00f5ttu sobib see nii v\u00e4ikesteks elamuprojektideks kui ka suuremateks \u00e4riremontideks.<\/p>\n<h2><strong>Juhised<\/strong><\/h2>\n<ul>\n<li>Veenduge, et puitpind on enne pealekandmist puhas, kuiv ja vaba tolmust, rasvast, hallitusest v\u00f5i vanadest kooruvatest kattekihtidest.<\/li>\n<li>Vajaduse korral lihvige pind kergelt, et eemaldada krobelised kiud ja parandada imavust.<\/li>\n<li>Enne kasutamist raputage v\u00f5i segage puiduravimit p\u00f5hjalikult.<\/li>\n<li>Kandke toode \u00fchtlaselt pintsli, rulli v\u00f5i lapiga, j\u00e4rgides puidumassi suunda.<\/li>\n<li>Soovitatav annus on ligikaudu 100 ml ruutmeetri kohta, kuna \u00fcks liiter on m\u00f5eldud kuni 10 m\u00b2 t\u00f6\u00f6tlemiseks. V\u00e4ga poorsele v\u00f5i tugevalt ilmastikutingimustes olevale puidule v\u00f5ib olla vaja lisatoodet.<\/li>\n<li>Laske puidul 15 kuni 30 minutit renoveerijal imenduda.<\/li>\n<li>Eemaldage \u00fcleliigne toode, mis ei ole tunginud sisse, puhta lapiga, et v\u00e4ltida pinnakuhjumist.<\/li>\n<li>S\u00fcgavamaks taastamiseks kandke teine kiht peale esimese kihi imendumist.<\/li>\n<li>Laske pinnal t\u00e4ielikult kuivada, tavaliselt 24 tundi, s\u00f5ltuvalt keskkonnatingimustest.<\/li>\n<li>V\u00e4ltige kuivamise ajal kokkupuudet vihma v\u00f5i tugeva niiskusega.<\/li>\n<li>Pikaajalise hoolduse puhul kasutage seda perioodiliselt uuesti s\u00f5ltuvalt ilmastikutingimustest ja pinna kulumisest.<\/li>\n<li>Puhastage t\u00f6\u00f6riistad kohe p\u00e4rast kasutamist vastavalt toote soovitustele.<\/li>\n<li>Hoida konteinerit tihedalt suletuna jahedas ja kuivas kohas, kaitstuna k\u00fclma ja otsese p\u00e4ikesevalguse eest.<\/li>\n<li>Hoida lastele k\u00e4ttesaamatus kohas ja j\u00e4rgida tavalisi ohutusabin\u00f5usid k\u00e4sitsemisel ja kasutamisel.<\/li>\n<\/ul>","protected":false},"excerpt":{"rendered":"<p>Bring old, dull, and tired wood back to life with a complete renovation effect. Our wood renovator is specially formulated to revive weathered, faded, and worn wooden surfaces, restoring their natural warmth, richness, and depth of color. Over time, exposure to sunlight, rain, temperature changes, and pollution causes wood to lose its vibrancy and protective [&hellip;]<\/p>\n","protected":false},"featured_media":27471,"comment_status":"open","ping_status":"closed","template":"","meta":{"_uag_custom_page_level_css":"","site-sidebar-layout":"default","site-content-layout":"","ast-site-content-layout":"default","site-content-style":"default","site-sidebar-style":"default","ast-global-header-display":"","ast-banner-title-visibility":"","ast-main-header-display":"","ast-hfb-above-header-display":"","ast-hfb-below-header-display":"","ast-hfb-mobile-header-display":"","site-post-title":"","ast-breadcrumbs-content":"","ast-featured-img":"","footer-sml-layout":"","ast-disable-related-posts":"","theme-transparent-header-meta":"default","adv-header-id-meta":"","stick-header-meta":"","header-above-stick-meta":"","header-main-stick-meta":"","header-below-stick-meta":"","astra-migrate-meta-layouts":"set","ast-page-background-enabled":"default","ast-page-background-meta":{"desktop":{"background-color":"var(--ast-global-color-4)","background-image":"","background-repeat":"repeat","background-position":"center center","background-size":"auto","background-attachment":"scroll","background-type":"","background-media":"","overlay-type":"","overlay-color":"","overlay-opacity":"","overlay-gradient":""},"tablet":{"background-color":"","background-image":"","background-repeat":"repeat","background-position":"center center","background-size":"auto","background-attachment":"scroll","background-type":"","background-media":"","overlay-type":"","overlay-color":"","overlay-opacity":"","overlay-gradient":""},"mobile":{"background-color":"","background-image":"","background-repeat":"repeat","background-position":"center center","background-size":"auto","background-attachment":"scroll","background-type":"","background-media":"","overlay-type":"","overlay-color":"","overlay-opacity":"","overlay-gradient":""}},"ast-content-background-meta":{"desktop":{"background-color":"var(--ast-global-color-5)","background-image":"","background-repeat":"repeat","background-position":"center center","background-size":"auto","background-attachment":"scroll","background-type":"","background-media":"","overlay-type":"","overlay-color":"","overlay-opacity":"","overlay-gradient":""},"tablet":{"background-color":"var(--ast-global-color-5)","background-image":"","background-repeat":"repeat","background-position":"center center","background-size":"auto","background-attachment":"scroll","background-type":"","background-media":"","overlay-type":"","overlay-color":"","overlay-opacity":"","overlay-gradient":""},"mobile":{"background-color":"var(--ast-global-color-5)","background-image":"","background-repeat":"repeat","background-position":"center center","background-size":"auto","background-attachment":"scroll","background-type":"","background-media":"","overlay-type":"","overlay-color":"","overlay-opacity":"","overlay-gradient":""}}},"product_brand":[],"product_cat":[175,193],"product_tag":[],"class_list":{"0":"post-25672","1":"product","2":"type-product","3":"status-publish","4":"has-post-thumbnail","6":"product_cat-cleaning-products","7":"product_cat-wood-treatment","8":"desktop-align-left","9":"tablet-align-left","10":"mobile-align-left","12":"first","13":"instock","14":"sale","15":"shipping-taxable","16":"purchasable","17":"product-type-variable","18":"has-default-attributes"},"spectra_custom_meta":{"_visibility":["visible"],"_shopify_product_id":["8051371409653"],"_s2w_shopify_domain":["ferberpainting.myshopify.com"],"_shopify_variant_id":["43849085878517"],"_sku":[""],"_manage_stock":["no"],"total_sales":["24"],"_tax_status":["taxable"],"_tax_class":[""],"_backorders":["no"],"_sold_individually":["no"],"_virtual":["no"],"_downloadable":["no"],"_download_limit":["-1"],"_download_expiry":["-1"],"_stock":[null],"_stock_status":["instock"],"_wc_average_rating":["4.99"],"_wc_review_count":["68"],"_product_attributes":["a:1:{s:6:\"volume\";a:6:{s:4:\"name\";s:6:\"Volume\";s:5:\"value\";s:20:\"5 liters | 25 liters\";s:8:\"position\";i:1;s:10:\"is_visible\";i:0;s:12:\"is_variation\";i:1;s:11:\"is_taxonomy\";i:0;}}"],"_product_version":["10.5.2"],"_thumbnail_id":["27471"],"_price":["29.90","129.90"],"_product_image_gallery":["27472"],"merchant-center-availability":["yes"],"merchant-center-category":["5825"],"merchant-center-id":["RB"],"wpse_downloadable_file_names":[""],"wpse_downloadable_file_urls":[""],"_edit_last":["1"],"_default_attributes":["a:1:{s:6:\"volume\";s:8:\"5 liters\";}"],"_wc_rating_count":["a:2:{i:4;i:1;i:5;i:67;}"],"_edit_lock":["1771405244:1"],"_wp_page_template":["default"],"site-sidebar-layout":["default"],"ast-site-content-layout":["default"],"site-content-style":["default"],"site-sidebar-style":["default"],"theme-transparent-header-meta":["default"],"astra-migrate-meta-layouts":["set"],"_uag_css_file_name":["uag-css-25672.css"],"_elementor_page_assets":["a:0:{}"],"_uag_page_assets":["a:9:{s:3:\"css\";s:7133:\".uag-blocks-common-selector{z-index:var(--z-index-desktop) !important}@media(max-width: 976px){.uag-blocks-common-selector{z-index:var(--z-index-tablet) !important}}@media(max-width: 767px){.uag-blocks-common-selector{z-index:var(--z-index-mobile) !important}}.wp-block-uagb-image{display:flex}.wp-block-uagb-image__figure{position:relative;display:flex;flex-direction:column;max-width:100%;height:auto;margin:0}.wp-block-uagb-image__figure img{height:auto;display:flex;max-width:100%;transition:box-shadow .2s ease}.wp-block-uagb-image__figure>a{display:inline-block}.wp-block-uagb-image__figure figcaption{text-align:center;margin-top:.5em;margin-bottom:1em}.wp-block-uagb-image .components-placeholder.block-editor-media-placeholder .components-placeholder__instructions{align-self:center}.wp-block-uagb-image--align-left{text-align:left}.wp-block-uagb-image--align-right{text-align:right}.wp-block-uagb-image--align-center{text-align:center}.wp-block-uagb-image--align-full .wp-block-uagb-image__figure{margin-left:calc(50% - 50vw);margin-right:calc(50% - 50vw);max-width:100vw;width:100vw;height:auto}.wp-block-uagb-image--align-full .wp-block-uagb-image__figure img{height:auto;width:100% !important}.wp-block-uagb-image--align-wide .wp-block-uagb-image__figure img{height:auto;width:100%}.wp-block-uagb-image--layout-overlay__color-wrapper{position:absolute;left:0;top:0;right:0;bottom:0;opacity:.2;background:rgba(0,0,0,.5);transition:opacity .35s ease-in-out}.wp-block-uagb-image--layout-overlay-link{position:absolute;left:0;right:0;bottom:0;top:0}.wp-block-uagb-image--layout-overlay .wp-block-uagb-image__figure:hover .wp-block-uagb-image--layout-overlay__color-wrapper{opacity:1}.wp-block-uagb-image--layout-overlay__inner{position:absolute;left:15px;right:15px;bottom:15px;top:15px;display:flex;align-items:center;justify-content:center;flex-direction:column;border-color:#fff;transition:.35s ease-in-out}.wp-block-uagb-image--layout-overlay__inner.top-left,.wp-block-uagb-image--layout-overlay__inner.top-center,.wp-block-uagb-image--layout-overlay__inner.top-right{justify-content:flex-start}.wp-block-uagb-image--layout-overlay__inner.bottom-left,.wp-block-uagb-image--layout-overlay__inner.bottom-center,.wp-block-uagb-image--layout-overlay__inner.bottom-right{justify-content:flex-end}.wp-block-uagb-image--layout-overlay__inner.top-left,.wp-block-uagb-image--layout-overlay__inner.center-left,.wp-block-uagb-image--layout-overlay__inner.bottom-left{align-items:flex-start}.wp-block-uagb-image--layout-overlay__inner.top-right,.wp-block-uagb-image--layout-overlay__inner.center-right,.wp-block-uagb-image--layout-overlay__inner.bottom-right{align-items:flex-end}.wp-block-uagb-image--layout-overlay__inner .uagb-image-heading{color:#fff;transition:transform .35s,opacity .35s ease-in-out;transform:translate3d(0, 24px, 0);margin:0;line-height:1em}.wp-block-uagb-image--layout-overlay__inner .uagb-image-separator{width:30%;border-top-width:2px;border-top-color:#fff;border-top-style:solid;margin-bottom:10px;opacity:0;transition:transform .4s,opacity .4s ease-in-out;transform:translate3d(0, 30px, 0)}.wp-block-uagb-image--layout-overlay__inner .uagb-image-caption{opacity:0;overflow:visible;color:#fff;transition:transform .45s,opacity .45s ease-in-out;transform:translate3d(0, 35px, 0)}.wp-block-uagb-image--layout-overlay__inner:hover .uagb-image-heading,.wp-block-uagb-image--layout-overlay__inner:hover .uagb-image-separator,.wp-block-uagb-image--layout-overlay__inner:hover .uagb-image-caption{opacity:1;transform:translate3d(0, 0, 0)}.wp-block-uagb-image--effect-zoomin .wp-block-uagb-image__figure img,.wp-block-uagb-image--effect-zoomin .wp-block-uagb-image__figure .wp-block-uagb-image--layout-overlay__color-wrapper{transform:scale(1);transition:transform .35s ease-in-out}.wp-block-uagb-image--effect-zoomin .wp-block-uagb-image__figure:hover img,.wp-block-uagb-image--effect-zoomin .wp-block-uagb-image__figure:hover .wp-block-uagb-image--layout-overlay__color-wrapper{transform:scale(1.05)}.wp-block-uagb-image--effect-slide .wp-block-uagb-image__figure img,.wp-block-uagb-image--effect-slide .wp-block-uagb-image__figure .wp-block-uagb-image--layout-overlay__color-wrapper{width:calc(100% + 40px) !important;max-width:none !important;transform:translate3d(-40px, 0, 0);transition:transform .35s ease-in-out}.wp-block-uagb-image--effect-slide .wp-block-uagb-image__figure:hover img,.wp-block-uagb-image--effect-slide .wp-block-uagb-image__figure:hover .wp-block-uagb-image--layout-overlay__color-wrapper{transform:translate3d(0, 0, 0)}.wp-block-uagb-image--effect-grayscale img{filter:grayscale(0%);transition:.35s ease-in-out}.wp-block-uagb-image--effect-grayscale:hover img{filter:grayscale(100%)}.wp-block-uagb-image--effect-blur img{filter:blur(0);transition:.35s ease-in-out}.wp-block-uagb-image--effect-blur:hover img{filter:blur(3px)}.uagb-block-e6f939b3.wp-block-uagb-image--layout-default figure img{box-shadow: 0px 0px 0 #00000070;}.uagb-block-e6f939b3.wp-block-uagb-image .wp-block-uagb-image__figure figcaption{font-style: normal;align-self: center;}.uagb-block-e6f939b3.wp-block-uagb-image--layout-overlay figure img{box-shadow: 0px 0px 0 #00000070;}.uagb-block-e6f939b3.wp-block-uagb-image--layout-overlay .wp-block-uagb-image--layout-overlay__color-wrapper{opacity: 0.2;}.uagb-block-e6f939b3.wp-block-uagb-image--layout-overlay .wp-block-uagb-image--layout-overlay__inner{left: 15px;right: 15px;top: 15px;bottom: 15px;}.uagb-block-e6f939b3.wp-block-uagb-image--layout-overlay .wp-block-uagb-image--layout-overlay__inner .uagb-image-heading{font-style: normal;color: #fff;opacity: 1;}.uagb-block-e6f939b3.wp-block-uagb-image--layout-overlay .wp-block-uagb-image--layout-overlay__inner .uagb-image-heading a{color: #fff;}.uagb-block-e6f939b3.wp-block-uagb-image--layout-overlay .wp-block-uagb-image--layout-overlay__inner .uagb-image-caption{opacity: 0;}.uagb-block-e6f939b3.wp-block-uagb-image--layout-overlay .wp-block-uagb-image__figure:hover .wp-block-uagb-image--layout-overlay__color-wrapper{opacity: 1;}.uagb-block-e6f939b3.wp-block-uagb-image .wp-block-uagb-image--layout-overlay__inner .uagb-image-separator{width: 30%;border-top-width: 2px;border-top-color: #fff;opacity: 0;}.uagb-block-e6f939b3.wp-block-uagb-image .wp-block-uagb-image__figure img{width: px;height: auto;}.uagb-block-e6f939b3.wp-block-uagb-image .wp-block-uagb-image__figure:hover .wp-block-uagb-image--layout-overlay__inner .uagb-image-caption{opacity: 1;}.uagb-block-e6f939b3.wp-block-uagb-image .wp-block-uagb-image__figure:hover .wp-block-uagb-image--layout-overlay__inner .uagb-image-separator{opacity: 1;}.uagb-block-e6f939b3.wp-block-uagb-image--layout-default figure:hover img{box-shadow: 0px 0px 0 #00000070;}.uagb-block-e6f939b3.wp-block-uagb-image--layout-overlay figure:hover img{box-shadow: 0px 0px 0 #00000070;}@media only screen and (max-width: 976px) {.uagb-block-e6f939b3.wp-block-uagb-image .wp-block-uagb-image__figure img{width: px;height: auto;}}@media only screen and (max-width: 767px) {.uagb-block-e6f939b3.wp-block-uagb-image .wp-block-uagb-image__figure img{width: px;height: auto;}}\";s:2:\"js\";s:0:\"\";s:18:\"current_block_list\";a:13:{i:0;s:11:\"core\/search\";i:1;s:10:\"core\/group\";i:2;s:12:\"core\/heading\";i:3;s:17:\"core\/latest-posts\";i:4;s:20:\"core\/latest-comments\";i:5;s:13:\"core\/archives\";i:6;s:15:\"core\/categories\";i:7;s:14:\"core\/paragraph\";i:8;s:10:\"uagb\/image\";i:9;s:11:\"core\/spacer\";i:10;s:30:\"woocommerce\/product-categories\";i:11;s:10:\"core\/image\";i:12;s:14:\"core\/shortcode\";}s:8:\"uag_flag\";b:1;s:11:\"uag_version\";s:10:\"1777069725\";s:6:\"gfonts\";a:0:{}s:10:\"gfonts_url\";s:0:\"\";s:12:\"gfonts_files\";a:0:{}s:14:\"uag_faq_layout\";b:0;}"]},"uagb_featured_image_src":{"full":["https:\/\/www.ferberpainting.com\/wp-content\/uploads\/2025\/05\/Renovateurbois5L.jpg",2560,2560,false],"thumbnail":["https:\/\/www.ferberpainting.com\/wp-content\/uploads\/2025\/05\/Renovateurbois5L-150x150.jpg",150,150,true],"medium":["https:\/\/www.ferberpainting.com\/wp-content\/uploads\/2025\/05\/Renovateurbois5L-300x300.jpg",300,300,true],"medium_large":["https:\/\/www.ferberpainting.com\/wp-content\/uploads\/2025\/05\/Renovateurbois5L-768x768.jpg",768,768,true],"large":["https:\/\/www.ferberpainting.com\/wp-content\/uploads\/2025\/05\/Renovateurbois5L-1024x1024.jpg",1024,1024,true],"1536x1536":["https:\/\/www.ferberpainting.com\/wp-content\/uploads\/2025\/05\/Renovateurbois5L-1536x1536.jpg",1536,1536,true],"2048x2048":["https:\/\/www.ferberpainting.com\/wp-content\/uploads\/2025\/05\/Renovateurbois5L-2048x2048.jpg",2048,2048,true],"trp-custom-language-flag":["https:\/\/www.ferberpainting.com\/wp-content\/uploads\/2025\/05\/Renovateurbois5L-12x12.jpg",12,12,true],"woocommerce_thumbnail":["https:\/\/www.ferberpainting.com\/wp-content\/uploads\/2025\/05\/Renovateurbois5L-300x300.jpg",300,300,true],"woocommerce_single":["https:\/\/www.ferberpainting.com\/wp-content\/uploads\/2025\/05\/Renovateurbois5L-600x600.jpg",600,600,true],"woocommerce_gallery_thumbnail":["https:\/\/www.ferberpainting.com\/wp-content\/uploads\/2025\/05\/Renovateurbois5L-100x100.jpg",100,100,true]},"uagb_author_info":{"display_name":"admin","author_link":"https:\/\/www.ferberpainting.com\/ee\/author\/"},"uagb_comment_info":68,"uagb_excerpt":"Bring old, dull, and tired wood back to life with a complete renovation effect. Our wood renovator is specially formulated to revive weathered, faded, and worn wooden surfaces, restoring their natural warmth, richness, and depth of color. Over time, exposure to sunlight, rain, temperature changes, and pollution causes wood to lose its vibrancy and protective&hellip;","_links":{"self":[{"href":"https:\/\/www.ferberpainting.com\/ee\/wp-json\/wp\/v2\/product\/25672","targetHints":{"allow":["GET"]}}],"collection":[{"href":"https:\/\/www.ferberpainting.com\/ee\/wp-json\/wp\/v2\/product"}],"about":[{"href":"https:\/\/www.ferberpainting.com\/ee\/wp-json\/wp\/v2\/types\/product"}],"replies":[{"embeddable":true,"href":"https:\/\/www.ferberpainting.com\/ee\/wp-json\/wp\/v2\/comments?post=25672"}],"version-history":[{"count":3,"href":"https:\/\/www.ferberpainting.com\/ee\/wp-json\/wp\/v2\/product\/25672\/revisions"}],"predecessor-version":[{"id":169164,"href":"https:\/\/www.ferberpainting.com\/ee\/wp-json\/wp\/v2\/product\/25672\/revisions\/169164"}],"wp:featuredmedia":[{"embeddable":true,"href":"https:\/\/www.ferberpainting.com\/ee\/wp-json\/wp\/v2\/media\/27471"}],"wp:attachment":[{"href":"https:\/\/www.ferberpainting.com\/ee\/wp-json\/wp\/v2\/media?parent=25672"}],"wp:term":[{"taxonomy":"product_brand","embeddable":true,"href":"https:\/\/www.ferberpainting.com\/ee\/wp-json\/wp\/v2\/product_brand?post=25672"},{"taxonomy":"product_cat","embeddable":true,"href":"https:\/\/www.ferberpainting.com\/ee\/wp-json\/wp\/v2\/product_cat?post=25672"},{"taxonomy":"product_tag","embeddable":true,"href":"https:\/\/www.ferberpainting.com\/ee\/wp-json\/wp\/v2\/product_tag?post=25672"}],"curies":[{"name":"wp","href":"https:\/\/api.w.org\/{rel}","templated":true}]}}