{"id":25652,"date":"2025-05-26T10:33:09","date_gmt":"2025-05-26T08:33:09","guid":{"rendered":"https:\/\/www.ferberpainting.com\/products\/weed-killer\/"},"modified":"2026-02-18T09:08:46","modified_gmt":"2026-02-18T08:08:46","slug":"weed-killer","status":"publish","type":"product","link":"https:\/\/www.ferberpainting.com\/ee\/products\/weed-killer\/","title":{"rendered":"Umbrohut\u00f5rjevahend"},"content":{"rendered":"<p><strong><img decoding=\"async\" style=\"margin-right: 12px;\" src=\"https:\/\/www.ferberpainting.com\/wp-content\/uploads\/2026\/02\/Check.svg\" alt=\"\" width=\"18\" height=\"15\" \/>V\u00f5imas s\u00fcsteemne toime, mis h\u00e4vitab umbrohud juurteni.<\/strong> Meie umbrohut\u00f5rjevahend sisaldab 360 g\/l gl\u00fcfosaati, mis on v\u00e4ga t\u00f5hus s\u00fcsteemne toimeaine, mis tungib l\u00e4bi lehtede ja levib kogu taimestruktuuri. Erinevalt kontaktherbitsiididest, mis p\u00f5letavad ainult pinda, r\u00fcndab see preparaat umbrohtu sisemiselt, h\u00e4vitades nii n\u00e4htava kasvu kui ka maa-alused juured. See tagab t\u00e4ieliku likvideerimise ja v\u00e4hendab m\u00e4rkimisv\u00e4\u00e4rselt j\u00e4relkasvamist, mist\u00f5ttu on see ideaalne pikaajalise umbrohut\u00f5rje jaoks aedades, sisses\u00f5iduteedel, radadel ja p\u00f5llumajanduspiirkondades.<\/p>\n<p><strong><img decoding=\"async\" style=\"margin-right: 12px;\" src=\"https:\/\/www.ferberpainting.com\/wp-content\/uploads\/2026\/02\/Check.svg\" alt=\"\" width=\"18\" height=\"15\" \/>Pakume kliendi t\u00e4ieliku rahulolu tagamiseks raha tagasi garantiid.<\/strong> Me seisame kindlalt meie umbrohut\u00f5rje t\u00f5hususe eest. Kui te ei ole tulemustega t\u00e4ielikult rahul, siis tagastame teie ostu. See raha-tagastamisgarantii v\u00f5imaldab teil kasutada toodet t\u00e4ie kindlusega, teades, et teie investeering on kaitstud ja teie rahulolu on meie prioriteet.<\/p>\n<p><strong><img decoding=\"async\" style=\"margin-right: 12px;\" src=\"https:\/\/www.ferberpainting.com\/wp-content\/uploads\/2026\/02\/Check.svg\" alt=\"\" width=\"18\" height=\"15\" \/>K\u00f5ige t\u00f5husam umbrohut\u00f5rjelahendus turul.<\/strong> Suure gl\u00fcfosaadi kontsentratsiooniga 360 g\/l tagab meie preparaat suurep\u00e4rase t\u00f5hususe \u00fche- ja mitmeaastaste umbrohtude vastu. See t\u00f5rjub t\u00f5husalt rohttaimi, laialehiseid umbrohte ja invasiivseid liike, h\u00e4irides olulisi kasvuprotsesse taimede sees. Selle s\u00fcsteemne toime tagab s\u00fcgava ja p\u00f5hjaliku h\u00e4vitamise, mis teeb sellest \u00fche k\u00f5ige usaldusv\u00e4\u00e4rsema ja v\u00f5imsama k\u00e4ttesaadava umbrohut\u00f5rjelahenduse.<\/p>\n<p><strong><img decoding=\"async\" style=\"margin-right: 12px;\" src=\"https:\/\/www.ferberpainting.com\/wp-content\/uploads\/2026\/02\/Check.svg\" alt=\"\" width=\"18\" height=\"15\" \/>Odavaim professionaalne umbrohut\u00f5rje, mis on saadaval.<\/strong> K\u00f5rgetasemeline umbrohut\u00f5rje peaks j\u00e4\u00e4ma taskukohaseks. Pakume k\u00f5ige konkurentsiv\u00f5imelisemat hinda, ilma kompromisse tegemata kontsentratsiooni v\u00f5i kvaliteedi osas. Tootmise ja logistika optimeerimise abil pakume professionaalse tugevusega gl\u00fcfosaatlahendust madalaima hinnaga v\u00f5rreldes sarnaste toodetega, pakkudes erakordset v\u00e4\u00e4rtust nii koduomanikele kui ka professionaalsetele maastikukujundajatele.<\/p>\n<p><strong><img decoding=\"async\" style=\"margin-right: 12px;\" src=\"https:\/\/www.ferberpainting.com\/wp-content\/uploads\/2026\/02\/Check.svg\" alt=\"\" width=\"18\" height=\"15\" \/>Garanteeritud 24-tunnine tarne kiireks tegutsemiseks.<\/strong> Kui umbrohi hakkab levima, on oluline viivitamatu ravi. Seep\u00e4rast pakume usaldusv\u00e4\u00e4rset 24-tunnist tarnet, mis tagab, et teie umbrohut\u00f5rje j\u00f5uab kohale kiiresti ja on viivitamatult valmis kasutamiseks. Kiire tarne v\u00f5imaldab teil taastada kontrolli oma v\u00e4liruumide \u00fcle t\u00f5husalt.<\/p>\n<p><strong><img decoding=\"async\" style=\"margin-right: 12px;\" src=\"https:\/\/www.ferberpainting.com\/wp-content\/uploads\/2026\/02\/Check.svg\" alt=\"\" width=\"18\" height=\"15\" \/>V\u00e4ga kontsentreeritud koostis \u00f6konoomseks kasutamiseks.<\/strong> Soovitatav lahjendusm\u00e4\u00e4r on 50 ml toodet \u00fche liitri vee kohta, mis v\u00f5imaldab t\u00e4pset ettevalmistust vastavalt t\u00f6\u00f6tlemispinna suurusele. Selline kontsentratsioon tagab t\u00f5husa umbrohut\u00f5rje ja maksimeerib samal ajal \u00fche mahutiga tehtud kasutuskordade arvu.<\/p>\n<p><strong><img decoding=\"async\" style=\"margin-right: 12px;\" src=\"https:\/\/www.ferberpainting.com\/wp-content\/uploads\/2026\/02\/Check.svg\" alt=\"\" width=\"18\" height=\"15\" \/>N\u00e4htavad tulemused p\u00e4evade jooksul.<\/strong> P\u00e4rast kasutamist hakkavad t\u00f6\u00f6deldud umbrohud m\u00f5ne p\u00e4eva jooksul ilmnema kolletumise ja n\u00e4rbumise tunnused. T\u00e4ielik taimede surm toimub tavaliselt \u00fche kuni kahe n\u00e4dala jooksul, s\u00f5ltuvalt ilmastikutingimustest ja umbrohut\u00fc\u00fcbist. Kiire s\u00fcsteemne toime tagab t\u00f5husad ja m\u00e4rgatavad tulemused.<\/p>\n<p><strong><img decoding=\"async\" style=\"margin-right: 12px;\" src=\"https:\/\/www.ferberpainting.com\/wp-content\/uploads\/2026\/02\/Check.svg\" alt=\"\" width=\"18\" height=\"15\" \/>Sobib paljudele v\u00e4listingimustele.<\/strong> Seda umbrohut\u00f5rjevahendit v\u00f5ib kasutada sisses\u00f5iduteedel, k\u00f5nniteedel, terrassidel, kruusapindadel, aiapiiridel, aiapeenardel enne istutamist ja muudel mittekultuursetel aladel. See tagab usaldusv\u00e4\u00e4rse t\u00f5rje elamu-, \u00e4ri- ja p\u00f5llumajanduskeskkondades, kui seda kasutatakse vastavalt eeskirjadele.<\/p>\n<p><strong><img decoding=\"async\" style=\"margin-right: 12px;\" src=\"https:\/\/www.ferberpainting.com\/wp-content\/uploads\/2026\/02\/Check.svg\" alt=\"\" width=\"18\" height=\"15\" \/>Vihmakindlad tulemused p\u00e4rast imendumist.<\/strong> Kui toode on imendunud taimede lehtedesse, muutub see m\u00f5ne tunni jooksul vihmaveekindlaks. See tagab t\u00f5husa toime isegi muutlikes ilmastikutingimustes, tingimusel et p\u00e4rast pealekandmist on kulunud piisavalt aega kuivamiseks.<\/p>\n<p><strong><img decoding=\"async\" style=\"margin-right: 12px;\" src=\"https:\/\/www.ferberpainting.com\/wp-content\/uploads\/2026\/02\/Check.svg\" alt=\"\" width=\"18\" height=\"15\" \/>Lihtne segamine ja pihustamine.<\/strong> Vedelat kontsentraati on lihtne lahjendada ja kasutada tavalise pihusti abil. Selged doseerimisjuhised v\u00f5imaldavad t\u00e4pset segamist, tagades j\u00e4rjepideva ja t\u00f5husa umbrohut\u00f5rje ilma keeruliste ettevalmistusetappideta.<\/p>\n<h2><strong>Juhised<\/strong><\/h2>\n<ul>\n<li>Enne toote k\u00e4sitsemist v\u00f5i pealekandmist kandke sobivat kaitseriietust, kindaid ja silmakaitset.<\/li>\n<li>Valmistage pritsimislahus, lahjendades 50 ml umbrohut\u00f5rjevahendit 1 liitri puhta vee kohta.<\/li>\n<li>Segage p\u00f5hjalikult aiapihustiga, et tagada toimeaine \u00fchtlane jaotumine.<\/li>\n<li>Kandke lahus \u00fchtlaselt aktiivselt kasvavate umbrohtude lehtedele, tagades p\u00f5hjaliku niisutamise ilma liigse \u00e4ravooluta.<\/li>\n<li>Mitte kasutada soovitavatele taimedele, murule v\u00f5i p\u00f5llukultuuridele, kui see ei ole spetsiaalselt ette n\u00e4htud, kuna toode ei ole selektiivne ja kahjustab enamikku taimestikku.<\/li>\n<li>Kandke taimekaitsevahendit kuiva ja v\u00e4hese v\u00f5i tuulevaikse ilmaga, et v\u00e4ltida selle kandumist \u00fcmbritsevatele taimedele.<\/li>\n<li>V\u00e4ltige kasutamist, kui m\u00f5ne tunni jooksul on oodata vihma, et v\u00f5imaldada piisavat imendumist lehestikku.<\/li>\n<li>\u00c4rge niitke ega segage t\u00f6\u00f6deldud umbrohtu v\u00e4hemalt 7 p\u00e4eva jooksul p\u00e4rast kasutamist, et s\u00fcsteemne toime j\u00f5uaks juurteni.<\/li>\n<li>N\u00e4htavad tulemused ilmnevad tavaliselt 3-7 p\u00e4eva jooksul, kusjuures t\u00e4ielik h\u00e4vimine toimub 7-14 p\u00e4eva jooksul, s\u00f5ltuvalt tingimustest.<\/li>\n<li>Tugevate mitmeaastaste umbrohtude puhul v\u00f5ib olla vaja teistkordset kasutamist p\u00e4rast j\u00e4relkasvu ilmumist.<\/li>\n<li>Puhastage pihustusseadmed p\u00e4rast kasutamist p\u00f5hjalikult veega.<\/li>\n<li>S\u00e4ilitage toodet originaalpakendis, tihedalt suletuna, jahedas ja kuivas kohas, eemal otsesest p\u00e4ikesevalgusest.<\/li>\n<li>Hoida lastele ja lemmikloomadele k\u00e4ttesaamatus kohas ning j\u00e4rgige alati kohalikke eeskirju gl\u00fcfosaadi kasutamise ja k\u00f5rvaldamise kohta.<\/li>\n<\/ul>","protected":false},"excerpt":{"rendered":"<p>Powerful systemic action that eliminates weeds down to the root. Our weed killer contains 360 g\/L of glyphosate, a highly effective systemic active ingredient that penetrates through the leaves and travels throughout the entire plant structure. Unlike contact herbicides that only burn the surface, this formula attacks weeds internally, destroying both visible growth and underground [&hellip;]<\/p>\n","protected":false},"featured_media":27456,"comment_status":"open","ping_status":"closed","template":"","meta":{"_uag_custom_page_level_css":"","site-sidebar-layout":"default","site-content-layout":"","ast-site-content-layout":"default","site-content-style":"default","site-sidebar-style":"default","ast-global-header-display":"","ast-banner-title-visibility":"","ast-main-header-display":"","ast-hfb-above-header-display":"","ast-hfb-below-header-display":"","ast-hfb-mobile-header-display":"","site-post-title":"","ast-breadcrumbs-content":"","ast-featured-img":"","footer-sml-layout":"","ast-disable-related-posts":"","theme-transparent-header-meta":"default","adv-header-id-meta":"","stick-header-meta":"","header-above-stick-meta":"","header-main-stick-meta":"","header-below-stick-meta":"","astra-migrate-meta-layouts":"set","ast-page-background-enabled":"default","ast-page-background-meta":{"desktop":{"background-color":"var(--ast-global-color-4)","background-image":"","background-repeat":"repeat","background-position":"center center","background-size":"auto","background-attachment":"scroll","background-type":"","background-media":"","overlay-type":"","overlay-color":"","overlay-opacity":"","overlay-gradient":""},"tablet":{"background-color":"","background-image":"","background-repeat":"repeat","background-position":"center center","background-size":"auto","background-attachment":"scroll","background-type":"","background-media":"","overlay-type":"","overlay-color":"","overlay-opacity":"","overlay-gradient":""},"mobile":{"background-color":"","background-image":"","background-repeat":"repeat","background-position":"center center","background-size":"auto","background-attachment":"scroll","background-type":"","background-media":"","overlay-type":"","overlay-color":"","overlay-opacity":"","overlay-gradient":""}},"ast-content-background-meta":{"desktop":{"background-color":"var(--ast-global-color-5)","background-image":"","background-repeat":"repeat","background-position":"center center","background-size":"auto","background-attachment":"scroll","background-type":"","background-media":"","overlay-type":"","overlay-color":"","overlay-opacity":"","overlay-gradient":""},"tablet":{"background-color":"var(--ast-global-color-5)","background-image":"","background-repeat":"repeat","background-position":"center center","background-size":"auto","background-attachment":"scroll","background-type":"","background-media":"","overlay-type":"","overlay-color":"","overlay-opacity":"","overlay-gradient":""},"mobile":{"background-color":"var(--ast-global-color-5)","background-image":"","background-repeat":"repeat","background-position":"center center","background-size":"auto","background-attachment":"scroll","background-type":"","background-media":"","overlay-type":"","overlay-color":"","overlay-opacity":"","overlay-gradient":""}}},"product_brand":[],"product_cat":[175],"product_tag":[],"class_list":{"0":"post-25652","1":"product","2":"type-product","3":"status-publish","4":"has-post-thumbnail","6":"product_cat-cleaning-products","7":"desktop-align-left","8":"tablet-align-left","9":"mobile-align-left","11":"first","12":"instock","13":"sale","14":"shipping-taxable","15":"purchasable","16":"product-type-variable","17":"has-default-attributes"},"spectra_custom_meta":{"_visibility":["visible"],"_shopify_product_id":["7950217609461"],"_s2w_shopify_domain":["ferberpainting.myshopify.com"],"_shopify_variant_id":["43501943521525"],"_sku":[""],"_manage_stock":["no"],"total_sales":["2905"],"_tax_status":["taxable"],"_tax_class":[""],"_backorders":["no"],"_sold_individually":["no"],"_virtual":["no"],"_downloadable":["no"],"_download_limit":["-1"],"_download_expiry":["-1"],"_stock":[null],"_stock_status":["instock"],"_wc_average_rating":["4.73"],"_wc_review_count":["94"],"_product_attributes":["a:1:{s:6:\"volume\";a:6:{s:4:\"name\";s:6:\"Volume\";s:5:\"value\";s:20:\"5 liters | 25 liters\";s:8:\"position\";i:1;s:10:\"is_visible\";i:0;s:12:\"is_variation\";i:1;s:11:\"is_taxonomy\";i:0;}}"],"_product_version":["10.5.2"],"_thumbnail_id":["27456"],"_product_image_gallery":["27457"],"merchant-center-availability":["yes"],"merchant-center-category":["3103"],"merchant-center-id":["WK"],"wpse_downloadable_file_names":[""],"wpse_downloadable_file_urls":[""],"_edit_last":["1"],"_default_attributes":["a:1:{s:6:\"volume\";s:8:\"5 liters\";}"],"_wc_rating_count":["a:3:{i:3;i:7;i:4;i:11;i:5;i:76;}"],"_edit_lock":["1773466984:7131"],"_wp_page_template":["default"],"site-sidebar-layout":["default"],"ast-site-content-layout":["default"],"site-content-style":["default"],"site-sidebar-style":["default"],"theme-transparent-header-meta":["default"],"_upsell_ids":["a:3:{i:0;i:23505;i:1;i:25276;i:2;i:25600;}"],"_crosssell_ids":["a:3:{i:0;i:23505;i:1;i:25276;i:2;i:25600;}"],"_price":["29.90","129.90"],"astra-migrate-meta-layouts":["set"],"_uag_css_file_name":["uag-css-25652.css"],"_elementor_page_assets":["a:0:{}"],"_uag_page_assets":["a:9:{s:3:\"css\";s:7133:\".uag-blocks-common-selector{z-index:var(--z-index-desktop) !important}@media(max-width: 976px){.uag-blocks-common-selector{z-index:var(--z-index-tablet) !important}}@media(max-width: 767px){.uag-blocks-common-selector{z-index:var(--z-index-mobile) !important}}.wp-block-uagb-image{display:flex}.wp-block-uagb-image__figure{position:relative;display:flex;flex-direction:column;max-width:100%;height:auto;margin:0}.wp-block-uagb-image__figure img{height:auto;display:flex;max-width:100%;transition:box-shadow .2s ease}.wp-block-uagb-image__figure>a{display:inline-block}.wp-block-uagb-image__figure figcaption{text-align:center;margin-top:.5em;margin-bottom:1em}.wp-block-uagb-image .components-placeholder.block-editor-media-placeholder .components-placeholder__instructions{align-self:center}.wp-block-uagb-image--align-left{text-align:left}.wp-block-uagb-image--align-right{text-align:right}.wp-block-uagb-image--align-center{text-align:center}.wp-block-uagb-image--align-full .wp-block-uagb-image__figure{margin-left:calc(50% - 50vw);margin-right:calc(50% - 50vw);max-width:100vw;width:100vw;height:auto}.wp-block-uagb-image--align-full .wp-block-uagb-image__figure img{height:auto;width:100% !important}.wp-block-uagb-image--align-wide .wp-block-uagb-image__figure img{height:auto;width:100%}.wp-block-uagb-image--layout-overlay__color-wrapper{position:absolute;left:0;top:0;right:0;bottom:0;opacity:.2;background:rgba(0,0,0,.5);transition:opacity .35s ease-in-out}.wp-block-uagb-image--layout-overlay-link{position:absolute;left:0;right:0;bottom:0;top:0}.wp-block-uagb-image--layout-overlay .wp-block-uagb-image__figure:hover .wp-block-uagb-image--layout-overlay__color-wrapper{opacity:1}.wp-block-uagb-image--layout-overlay__inner{position:absolute;left:15px;right:15px;bottom:15px;top:15px;display:flex;align-items:center;justify-content:center;flex-direction:column;border-color:#fff;transition:.35s ease-in-out}.wp-block-uagb-image--layout-overlay__inner.top-left,.wp-block-uagb-image--layout-overlay__inner.top-center,.wp-block-uagb-image--layout-overlay__inner.top-right{justify-content:flex-start}.wp-block-uagb-image--layout-overlay__inner.bottom-left,.wp-block-uagb-image--layout-overlay__inner.bottom-center,.wp-block-uagb-image--layout-overlay__inner.bottom-right{justify-content:flex-end}.wp-block-uagb-image--layout-overlay__inner.top-left,.wp-block-uagb-image--layout-overlay__inner.center-left,.wp-block-uagb-image--layout-overlay__inner.bottom-left{align-items:flex-start}.wp-block-uagb-image--layout-overlay__inner.top-right,.wp-block-uagb-image--layout-overlay__inner.center-right,.wp-block-uagb-image--layout-overlay__inner.bottom-right{align-items:flex-end}.wp-block-uagb-image--layout-overlay__inner .uagb-image-heading{color:#fff;transition:transform .35s,opacity .35s ease-in-out;transform:translate3d(0, 24px, 0);margin:0;line-height:1em}.wp-block-uagb-image--layout-overlay__inner .uagb-image-separator{width:30%;border-top-width:2px;border-top-color:#fff;border-top-style:solid;margin-bottom:10px;opacity:0;transition:transform .4s,opacity .4s ease-in-out;transform:translate3d(0, 30px, 0)}.wp-block-uagb-image--layout-overlay__inner .uagb-image-caption{opacity:0;overflow:visible;color:#fff;transition:transform .45s,opacity .45s ease-in-out;transform:translate3d(0, 35px, 0)}.wp-block-uagb-image--layout-overlay__inner:hover .uagb-image-heading,.wp-block-uagb-image--layout-overlay__inner:hover .uagb-image-separator,.wp-block-uagb-image--layout-overlay__inner:hover .uagb-image-caption{opacity:1;transform:translate3d(0, 0, 0)}.wp-block-uagb-image--effect-zoomin .wp-block-uagb-image__figure img,.wp-block-uagb-image--effect-zoomin .wp-block-uagb-image__figure .wp-block-uagb-image--layout-overlay__color-wrapper{transform:scale(1);transition:transform .35s ease-in-out}.wp-block-uagb-image--effect-zoomin .wp-block-uagb-image__figure:hover img,.wp-block-uagb-image--effect-zoomin .wp-block-uagb-image__figure:hover .wp-block-uagb-image--layout-overlay__color-wrapper{transform:scale(1.05)}.wp-block-uagb-image--effect-slide .wp-block-uagb-image__figure img,.wp-block-uagb-image--effect-slide .wp-block-uagb-image__figure .wp-block-uagb-image--layout-overlay__color-wrapper{width:calc(100% + 40px) !important;max-width:none !important;transform:translate3d(-40px, 0, 0);transition:transform .35s ease-in-out}.wp-block-uagb-image--effect-slide .wp-block-uagb-image__figure:hover img,.wp-block-uagb-image--effect-slide .wp-block-uagb-image__figure:hover .wp-block-uagb-image--layout-overlay__color-wrapper{transform:translate3d(0, 0, 0)}.wp-block-uagb-image--effect-grayscale img{filter:grayscale(0%);transition:.35s ease-in-out}.wp-block-uagb-image--effect-grayscale:hover img{filter:grayscale(100%)}.wp-block-uagb-image--effect-blur img{filter:blur(0);transition:.35s ease-in-out}.wp-block-uagb-image--effect-blur:hover img{filter:blur(3px)}.uagb-block-e6f939b3.wp-block-uagb-image--layout-default figure img{box-shadow: 0px 0px 0 #00000070;}.uagb-block-e6f939b3.wp-block-uagb-image .wp-block-uagb-image__figure figcaption{font-style: normal;align-self: center;}.uagb-block-e6f939b3.wp-block-uagb-image--layout-overlay figure img{box-shadow: 0px 0px 0 #00000070;}.uagb-block-e6f939b3.wp-block-uagb-image--layout-overlay .wp-block-uagb-image--layout-overlay__color-wrapper{opacity: 0.2;}.uagb-block-e6f939b3.wp-block-uagb-image--layout-overlay .wp-block-uagb-image--layout-overlay__inner{left: 15px;right: 15px;top: 15px;bottom: 15px;}.uagb-block-e6f939b3.wp-block-uagb-image--layout-overlay .wp-block-uagb-image--layout-overlay__inner .uagb-image-heading{font-style: normal;color: #fff;opacity: 1;}.uagb-block-e6f939b3.wp-block-uagb-image--layout-overlay .wp-block-uagb-image--layout-overlay__inner .uagb-image-heading a{color: #fff;}.uagb-block-e6f939b3.wp-block-uagb-image--layout-overlay .wp-block-uagb-image--layout-overlay__inner .uagb-image-caption{opacity: 0;}.uagb-block-e6f939b3.wp-block-uagb-image--layout-overlay .wp-block-uagb-image__figure:hover .wp-block-uagb-image--layout-overlay__color-wrapper{opacity: 1;}.uagb-block-e6f939b3.wp-block-uagb-image .wp-block-uagb-image--layout-overlay__inner .uagb-image-separator{width: 30%;border-top-width: 2px;border-top-color: #fff;opacity: 0;}.uagb-block-e6f939b3.wp-block-uagb-image .wp-block-uagb-image__figure img{width: px;height: auto;}.uagb-block-e6f939b3.wp-block-uagb-image .wp-block-uagb-image__figure:hover .wp-block-uagb-image--layout-overlay__inner .uagb-image-caption{opacity: 1;}.uagb-block-e6f939b3.wp-block-uagb-image .wp-block-uagb-image__figure:hover .wp-block-uagb-image--layout-overlay__inner .uagb-image-separator{opacity: 1;}.uagb-block-e6f939b3.wp-block-uagb-image--layout-default figure:hover img{box-shadow: 0px 0px 0 #00000070;}.uagb-block-e6f939b3.wp-block-uagb-image--layout-overlay figure:hover img{box-shadow: 0px 0px 0 #00000070;}@media only screen and (max-width: 976px) {.uagb-block-e6f939b3.wp-block-uagb-image .wp-block-uagb-image__figure img{width: px;height: auto;}}@media only screen and (max-width: 767px) {.uagb-block-e6f939b3.wp-block-uagb-image .wp-block-uagb-image__figure img{width: px;height: auto;}}\";s:2:\"js\";s:0:\"\";s:18:\"current_block_list\";a:13:{i:0;s:11:\"core\/search\";i:1;s:10:\"core\/group\";i:2;s:12:\"core\/heading\";i:3;s:17:\"core\/latest-posts\";i:4;s:20:\"core\/latest-comments\";i:5;s:13:\"core\/archives\";i:6;s:15:\"core\/categories\";i:7;s:14:\"core\/paragraph\";i:8;s:10:\"uagb\/image\";i:9;s:11:\"core\/spacer\";i:10;s:30:\"woocommerce\/product-categories\";i:11;s:10:\"core\/image\";i:12;s:14:\"core\/shortcode\";}s:8:\"uag_flag\";b:1;s:11:\"uag_version\";s:10:\"1777067727\";s:6:\"gfonts\";a:0:{}s:10:\"gfonts_url\";s:0:\"\";s:12:\"gfonts_files\";a:0:{}s:14:\"uag_faq_layout\";b:0;}"]},"uagb_featured_image_src":{"full":["https:\/\/www.ferberpainting.com\/wp-content\/uploads\/2025\/05\/Desherbant_5L.jpg",2560,2560,false],"thumbnail":["https:\/\/www.ferberpainting.com\/wp-content\/uploads\/2025\/05\/Desherbant_5L-150x150.jpg",150,150,true],"medium":["https:\/\/www.ferberpainting.com\/wp-content\/uploads\/2025\/05\/Desherbant_5L-300x300.jpg",300,300,true],"medium_large":["https:\/\/www.ferberpainting.com\/wp-content\/uploads\/2025\/05\/Desherbant_5L-768x768.jpg",768,768,true],"large":["https:\/\/www.ferberpainting.com\/wp-content\/uploads\/2025\/05\/Desherbant_5L-1024x1024.jpg",1024,1024,true],"1536x1536":["https:\/\/www.ferberpainting.com\/wp-content\/uploads\/2025\/05\/Desherbant_5L-1536x1536.jpg",1536,1536,true],"2048x2048":["https:\/\/www.ferberpainting.com\/wp-content\/uploads\/2025\/05\/Desherbant_5L-2048x2048.jpg",2048,2048,true],"trp-custom-language-flag":["https:\/\/www.ferberpainting.com\/wp-content\/uploads\/2025\/05\/Desherbant_5L-12x12.jpg",12,12,true],"woocommerce_thumbnail":["https:\/\/www.ferberpainting.com\/wp-content\/uploads\/2025\/05\/Desherbant_5L-300x300.jpg",300,300,true],"woocommerce_single":["https:\/\/www.ferberpainting.com\/wp-content\/uploads\/2025\/05\/Desherbant_5L-600x600.jpg",600,600,true],"woocommerce_gallery_thumbnail":["https:\/\/www.ferberpainting.com\/wp-content\/uploads\/2025\/05\/Desherbant_5L-100x100.jpg",100,100,true]},"uagb_author_info":{"display_name":"admin","author_link":"https:\/\/www.ferberpainting.com\/ee\/author\/"},"uagb_comment_info":94,"uagb_excerpt":"Powerful systemic action that eliminates weeds down to the root. Our weed killer contains 360 g\/L of glyphosate, a highly effective systemic active ingredient that penetrates through the leaves and travels throughout the entire plant structure. Unlike contact herbicides that only burn the surface, this formula attacks weeds internally, destroying both visible growth and underground&hellip;","_links":{"self":[{"href":"https:\/\/www.ferberpainting.com\/ee\/wp-json\/wp\/v2\/product\/25652","targetHints":{"allow":["GET"]}}],"collection":[{"href":"https:\/\/www.ferberpainting.com\/ee\/wp-json\/wp\/v2\/product"}],"about":[{"href":"https:\/\/www.ferberpainting.com\/ee\/wp-json\/wp\/v2\/types\/product"}],"replies":[{"embeddable":true,"href":"https:\/\/www.ferberpainting.com\/ee\/wp-json\/wp\/v2\/comments?post=25652"}],"version-history":[{"count":4,"href":"https:\/\/www.ferberpainting.com\/ee\/wp-json\/wp\/v2\/product\/25652\/revisions"}],"predecessor-version":[{"id":169102,"href":"https:\/\/www.ferberpainting.com\/ee\/wp-json\/wp\/v2\/product\/25652\/revisions\/169102"}],"wp:featuredmedia":[{"embeddable":true,"href":"https:\/\/www.ferberpainting.com\/ee\/wp-json\/wp\/v2\/media\/27456"}],"wp:attachment":[{"href":"https:\/\/www.ferberpainting.com\/ee\/wp-json\/wp\/v2\/media?parent=25652"}],"wp:term":[{"taxonomy":"product_brand","embeddable":true,"href":"https:\/\/www.ferberpainting.com\/ee\/wp-json\/wp\/v2\/product_brand?post=25652"},{"taxonomy":"product_cat","embeddable":true,"href":"https:\/\/www.ferberpainting.com\/ee\/wp-json\/wp\/v2\/product_cat?post=25652"},{"taxonomy":"product_tag","embeddable":true,"href":"https:\/\/www.ferberpainting.com\/ee\/wp-json\/wp\/v2\/product_tag?post=25652"}],"curies":[{"name":"wp","href":"https:\/\/api.w.org\/{rel}","templated":true}]}}