{"id":25639,"date":"2025-05-26T10:32:59","date_gmt":"2025-05-26T08:32:59","guid":{"rendered":"https:\/\/www.ferberpainting.com\/products\/water-lily-fertilizer\/"},"modified":"2026-02-17T20:57:37","modified_gmt":"2026-02-17T19:57:37","slug":"water-lily-fertilizer","status":"publish","type":"product","link":"https:\/\/www.ferberpainting.com\/ee\/products\/water-lily-fertilizer\/","title":{"rendered":"Vesilillide v\u00e4etis 25 kg"},"content":{"rendered":"<p><strong><img decoding=\"async\" style=\"margin-right: 12px;\" src=\"https:\/\/www.ferberpainting.com\/wp-content\/uploads\/2026\/02\/Check.svg\" alt=\"\" width=\"18\" height=\"15\" \/>V\u00e4etis, mis on spetsiaalselt loodud rikkaliku \u00f5itsemise ja lopsaka lehestiku saavutamiseks.<\/strong>\u00a0Vesilill on s\u00fcmboolne veetaim, mida hinnatakse selle suurep\u00e4raste ujuvate \u00f5ite ja elegantsete lehtede poolest. Rohke \u00f5itsemise ja optimaalse arengu tagamiseks on oluline tagada talle sobiv toitmine. See NPK 10-10-10 v\u00e4etis pakub tasakaalustatud toitaineid, mis sisaldavad l\u00e4mmastikku (N) lehtede kasvu stimuleerimiseks, fosforit (P) juurte ja \u00f5ite arengu soodustamiseks ning kaaliumi (K) taimede vastupanuv\u00f5ime tugevdamiseks ja eluj\u00f5u parandamiseks. T\u00e4nu sellele v\u00e4etisele toodavad teie vesiroosid rohkem \u00f5isi, nende lehed on rohelisemad ja nad p\u00fcsivad terve hooaja v\u00e4ltel paremas tervislikus seisundis.<\/p>\n<p><strong><img decoding=\"async\" style=\"margin-right: 12px;\" src=\"https:\/\/www.ferberpainting.com\/wp-content\/uploads\/2026\/02\/Check.svg\" alt=\"\" width=\"18\" height=\"15\" \/>Raha tagasi garantii.<\/strong>\u00a0Me oleme t\u00e4iesti kindlad meie vesirooside v\u00e4etise t\u00f5hususes, mist\u00f5ttu pakume raha tagasi garantiid. Kui p\u00e4rast meie soovituste kohast kasutamist ei ilmne teie taime \u00f5itsemise, lehestiku v\u00f5i eluj\u00f5ulisuse n\u00e4htavat paranemist, tagastame teile raha t\u00e4ies ulatuses. V\u00f5ite oma tiiki v\u00e4etada t\u00e4iesti rahulikult.<\/p>\n<p><strong><img decoding=\"async\" style=\"margin-right: 12px;\" src=\"https:\/\/www.ferberpainting.com\/wp-content\/uploads\/2026\/02\/Check.svg\" alt=\"\" width=\"18\" height=\"15\" \/>Sobib k\u00f5ikide sortide ja igat t\u00fc\u00fcpi tiikide jaoks.<\/strong>\u00a0See v\u00e4etis sobib k\u00f5ikidele vesirooside sortidele, olgu need siis k\u00f5vad, troopilised v\u00f5i miniatuursed vesiroosid. See on t\u00f5hus looduslikes tiikides, dekoratiivteekides, j\u00e4rvedes v\u00f5i isegi suurtes konteinerites, tagades optimaalse v\u00e4etamise k\u00f5igis veekeskkondades. Samuti \u00fchildub see k\u00f5ikide veesubstraatide t\u00fc\u00fcpidega, nagu savimuld, veepotisegu v\u00f5i liiv, mist\u00f5ttu on seda lihtne kasutada s\u00f5ltumata istutussubstraadist.<\/p>\n<p><strong><img decoding=\"async\" style=\"margin-right: 12px;\" src=\"https:\/\/www.ferberpainting.com\/wp-content\/uploads\/2026\/02\/Check.svg\" alt=\"\" width=\"18\" height=\"15\" \/>Kulut\u00f5hus saagikus ja pikaajaline v\u00e4etamine.<\/strong>\u00a0T\u00e4nu vees lahustuvale koostisele vabastab see v\u00e4etis oma toitaineid j\u00e4rk-j\u00e4rgult, tagades pikaajalise v\u00e4etamise mitme n\u00e4dala jooksul. \u00dche 25 kg kotiga saab toita mitut vesiroosi kogu hooaja jooksul, pakkudes suurep\u00e4rase hinna ja kvaliteedi suhte. Soovitatav annus on 100 g taime kohta, mis tagab j\u00e4rjepideva toitainetega varustatuse, soodustades regulaarset ja pidevat \u00f5itsemist ilma raiskamiseta.<\/p>\n<p><strong><img decoding=\"async\" style=\"margin-right: 12px;\" src=\"https:\/\/www.ferberpainting.com\/wp-content\/uploads\/2026\/02\/Check.svg\" alt=\"\" width=\"18\" height=\"15\" \/>V\u00e4etis, mis on m\u00f5eldud vee-elustiku ja tiikide \u00f6kos\u00fcsteemi kaitsmiseks. <\/strong>Spetsiaalselt veekeskkonnas kasutamiseks m\u00f5eldud v\u00e4etis ei reosta vett ja on ohutu kaladele, kahepaiksetele ja vees elavatele putukatele. See soodustab taimede kasvu, h\u00e4irimata tiigi \u00f6kos\u00fcsteemi, tagades harmoonilise ja j\u00e4tkusuutliku veekeskkonna. Samuti aitab selle koostis s\u00e4ilitada vee kvaliteeti, ennetades eutrofeerumisn\u00e4htusi, mis v\u00f5ivad p\u00f5hjustada soovimatute vetikate teket.<\/p>\n<p><strong><img decoding=\"async\" style=\"margin-right: 12px;\" src=\"https:\/\/www.ferberpainting.com\/wp-content\/uploads\/2026\/02\/Check.svg\" alt=\"\" width=\"18\" height=\"15\" \/>Lihtne pealekandmine ja vaevata v\u00e4etamine.<\/strong>\u00a0Erinevalt vedelv\u00e4etistest, mis vajavad lahustamist ja sagedast kasutamist, on see v\u00e4etis tahkel kujul ja pannakse otse istutussubstraati, tagades nii toitainete j\u00e4rkj\u00e4rgulise ja \u00fchtlase vabanemise. Selle kasutamine on lihtne ja k\u00e4ttesaadav nii algajatele kui ka kogenud vesiaednikele. Asetage see lihtsalt vesirooside juurte l\u00e4hedale, et saavutada t\u00f5husad tulemused mitme n\u00e4dala jooksul.<\/p>\n<p><strong><img decoding=\"async\" style=\"margin-right: 12px;\" src=\"https:\/\/www.ferberpainting.com\/wp-content\/uploads\/2026\/02\/Check.svg\" alt=\"\" width=\"18\" height=\"15\" \/>Pikaajaline toime pidevaks \u00f5itsemiseks ja taimede paremaks vastupidavuseks.<\/strong>\u00a0T\u00e4nu oma j\u00e4rk-j\u00e4rgult vabanevale koostisele tagab see v\u00e4etis pideva toitainete pakkumise, mis v\u00f5imaldab vesiroosidel kogu suvehooaja jooksul pidevalt ja rikkalikult \u00f5itseda. See tugevdab taimede vastupanuv\u00f5imet kahjurite ja haiguste vastu, tagades tugevama lehestiku ja j\u00f5ulise kasvu.<\/p>\n<p><strong><img decoding=\"async\" style=\"margin-right: 12px;\" src=\"https:\/\/www.ferberpainting.com\/wp-content\/uploads\/2026\/02\/Check.svg\" alt=\"\" width=\"18\" height=\"15\" \/>N\u00e4htavad tulemused juba paari n\u00e4dala jooksul.<\/strong>\u00a0Alates esimesest kasutuskorrast m\u00e4rkate m\u00e4rkimisv\u00e4\u00e4rset paranemist lehtede ja \u00f5ite arengus. Vesililled kasvavad kiiremini, toodavad rikkalikumad lehed ja eluj\u00f5ulisemad, mitmekesiste v\u00e4rvidega \u00f5ied, mis toovad teie tiiki erakordse ilu.<\/p>\n<h2><strong>Kasutusjuhend<\/strong><\/h2>\n<p><strong>Soovitatav annus <\/strong>: Kandke 100 g v\u00e4etist taime kohta s\u00f5ltuvalt vesiroosi suurusest ja vanusest. Noorte taimede puhul v\u00e4hendage annust 50 g-ni, et v\u00e4ltida toitainete liigset imendumist.<\/p>\n<p><strong>Rakendusmeetod :<\/strong><\/p>\n<ul>\n<li><strong>Sisestamine substraati <\/strong>: Asetage v\u00e4etis graanulitena otse istutusmahuti p\u00f5hja, mattes selle kergelt mulda, et v\u00e4ltida selle hajumist vette.<\/li>\n<li><strong>\u00dcmberistutamise ajal <\/strong>: Sega v\u00e4etis veemullaga risoomide istutamisel, et tagada kohene ja pikaajaline toitevarustus.<\/li>\n<li><strong>Taotluse uuendamine <\/strong>: Lisage uus annus iga 6-8 n\u00e4dala j\u00e4rel kasvuperioodi jooksul, et s\u00e4ilitada pidev \u00f5itsemine.<\/li>\n<\/ul>\n<p><strong>Rakendamise sagedus <\/strong>:<\/p>\n<ul>\n<li><strong>Kasvu- ja \u00f5itsemisperioodil (kevad-suvi) <\/strong>: Kandke v\u00e4etist iga 6 n\u00e4dala tagant, et soodustada kiiret kasvu ja rikkalikku \u00f5itsemist.<\/li>\n<li><strong>vegetatiivse puhkeperioodi ajal (s\u00fcgis-talv) <\/strong>: L\u00f5petage v\u00e4etamine ja laske taimel minna loomulikku puhkeperioodi.<\/li>\n<\/ul>\n<p><strong>Ettevaatusabin\u00f5ud kasutamisel <\/strong>: \u00c4rge doseerige v\u00e4etist \u00fcle, et v\u00e4ltida liigset toitainete kogunemist vette, mis v\u00f5ib tiigi \u00f6kos\u00fcsteemi tasakaalust v\u00e4lja viia. Kandke ainult otseses kokkupuutes substraadiga, mitte veepinnale.<\/p>\n<p><strong>Ladustamine ja s\u00e4ilitamine <\/strong>: S\u00e4ilitage v\u00e4etist kuivas kohas, eemal niiskusest ja \u00e4\u00e4rmuslikest temperatuuridest. Sulgege kott hoolikalt uuesti p\u00e4rast iga kasutamist, et s\u00e4ilitada selle t\u00f5husus ja v\u00e4ltida juhuslikku hajumist.<\/p>\n<p>Selle vesirooside v\u00e4etisega pakute oma veetaimedele t\u00e4iuslikku, nende erivajadustele ideaalselt sobivat toitu. See tagab suurejoonelise \u00f5itsemise, eluj\u00f5ulise lehestiku ja parema vastupidavuse keskkonnatingimustele. See on ideaalne lahendus, et kaunistada oma tiiki lopsakate ja tervete vesiroosidega kogu hooaja v\u00e4ltel.<\/p>","protected":false},"excerpt":{"rendered":"<p>A fertilizer specially designed for abundant flowering and lush foliage.\u00a0The water lily is a symbolic aquatic plant, prized for its magnificent floating flowers and elegant foliage. To ensure abundant flowering and optimal development, it is essential to provide it with suitable nutrition. This NPK 10-10-10 fertilizer offers a balanced supply of nutrients, with nitrogen (N) [&hellip;]<\/p>\n","protected":false},"featured_media":27445,"comment_status":"open","ping_status":"closed","template":"","meta":{"_uag_custom_page_level_css":"","site-sidebar-layout":"default","site-content-layout":"","ast-site-content-layout":"default","site-content-style":"default","site-sidebar-style":"default","ast-global-header-display":"","ast-banner-title-visibility":"","ast-main-header-display":"","ast-hfb-above-header-display":"","ast-hfb-below-header-display":"","ast-hfb-mobile-header-display":"","site-post-title":"","ast-breadcrumbs-content":"","ast-featured-img":"","footer-sml-layout":"","ast-disable-related-posts":"","theme-transparent-header-meta":"default","adv-header-id-meta":"","stick-header-meta":"","header-above-stick-meta":"","header-main-stick-meta":"","header-below-stick-meta":"","astra-migrate-meta-layouts":"set","ast-page-background-enabled":"default","ast-page-background-meta":{"desktop":{"background-color":"var(--ast-global-color-4)","background-image":"","background-repeat":"repeat","background-position":"center center","background-size":"auto","background-attachment":"scroll","background-type":"","background-media":"","overlay-type":"","overlay-color":"","overlay-opacity":"","overlay-gradient":""},"tablet":{"background-color":"","background-image":"","background-repeat":"repeat","background-position":"center center","background-size":"auto","background-attachment":"scroll","background-type":"","background-media":"","overlay-type":"","overlay-color":"","overlay-opacity":"","overlay-gradient":""},"mobile":{"background-color":"","background-image":"","background-repeat":"repeat","background-position":"center center","background-size":"auto","background-attachment":"scroll","background-type":"","background-media":"","overlay-type":"","overlay-color":"","overlay-opacity":"","overlay-gradient":""}},"ast-content-background-meta":{"desktop":{"background-color":"var(--ast-global-color-5)","background-image":"","background-repeat":"repeat","background-position":"center center","background-size":"auto","background-attachment":"scroll","background-type":"","background-media":"","overlay-type":"","overlay-color":"","overlay-opacity":"","overlay-gradient":""},"tablet":{"background-color":"var(--ast-global-color-5)","background-image":"","background-repeat":"repeat","background-position":"center center","background-size":"auto","background-attachment":"scroll","background-type":"","background-media":"","overlay-type":"","overlay-color":"","overlay-opacity":"","overlay-gradient":""},"mobile":{"background-color":"var(--ast-global-color-5)","background-image":"","background-repeat":"repeat","background-position":"center center","background-size":"auto","background-attachment":"scroll","background-type":"","background-media":"","overlay-type":"","overlay-color":"","overlay-opacity":"","overlay-gradient":""}}},"product_brand":[],"product_cat":[178],"product_tag":[],"class_list":{"0":"post-25639","1":"product","2":"type-product","3":"status-publish","4":"has-post-thumbnail","6":"product_cat-fertilizers","7":"desktop-align-left","8":"tablet-align-left","9":"mobile-align-left","11":"first","12":"instock","13":"shipping-taxable","14":"purchasable","15":"product-type-simple"},"spectra_custom_meta":{"_visibility":["visible"],"_shopify_product_id":["9067983438069"],"_s2w_shopify_domain":["ferberpainting.myshopify.com"],"_shopify_variant_id":["46509725942005"],"_sku":["FPWATERLILYFERTILIZER25KG"],"_regular_price":["39.90"],"_price":["39.90"],"_sale_price":[""],"_weight":["18.5"],"_thumbnail_id":["27445"],"_global_unique_id":["5056773817555"],"total_sales":["7"],"_tax_status":["taxable"],"_tax_class":[""],"_manage_stock":["no"],"_backorders":["no"],"_sold_individually":["no"],"_virtual":["no"],"_downloadable":["no"],"_download_limit":["-1"],"_download_expiry":["-1"],"_stock":[null],"_stock_status":["instock"],"_wc_average_rating":["5.00"],"_wc_review_count":["33"],"_product_version":["10.5.2"],"_edit_lock":["1771358121:1"],"_wc_rating_count":["a:1:{i:5;i:33;}"],"merchant-center-category":["113"],"merchant-center-availability":["yes"],"_edit_last":["1"],"_wp_page_template":["default"],"site-sidebar-layout":["default"],"ast-site-content-layout":["default"],"site-content-style":["default"],"site-sidebar-style":["default"],"theme-transparent-header-meta":["default"],"astra-migrate-meta-layouts":["set"],"_uag_css_file_name":["uag-css-25639.css"],"_elementor_page_assets":["a:0:{}"],"_uag_page_assets":["a:9:{s:3:\"css\";s:6893:\".wp-block-uagb-image{display:flex}.wp-block-uagb-image__figure{position:relative;display:flex;flex-direction:column;max-width:100%;height:auto;margin:0}.wp-block-uagb-image__figure img{height:auto;display:flex;max-width:100%;transition:box-shadow 0.2s ease}.wp-block-uagb-image__figure>a{display:inline-block}.wp-block-uagb-image__figure figcaption{text-align:center;margin-top:0.5em;margin-bottom:1em}.wp-block-uagb-image .components-placeholder.block-editor-media-placeholder .components-placeholder__instructions{align-self:center}.wp-block-uagb-image--align-left{text-align:left}.wp-block-uagb-image--align-right{text-align:right}.wp-block-uagb-image--align-center{text-align:center}.wp-block-uagb-image--align-full .wp-block-uagb-image__figure{margin-left:calc(50% - 50vw);margin-right:calc(50% - 50vw);max-width:100vw;width:100vw;height:auto}.wp-block-uagb-image--align-full .wp-block-uagb-image__figure img{height:auto;width:100% !important}.wp-block-uagb-image--align-wide .wp-block-uagb-image__figure img{height:auto;width:100%}.wp-block-uagb-image--layout-overlay__color-wrapper{position:absolute;left:0;top:0;right:0;bottom:0;opacity:0.2;background:rgba(0,0,0,0.5);transition:opacity 0.35s ease-in-out}.wp-block-uagb-image--layout-overlay-link{position:absolute;left:0;right:0;bottom:0;top:0}.wp-block-uagb-image--layout-overlay .wp-block-uagb-image__figure:hover .wp-block-uagb-image--layout-overlay__color-wrapper{opacity:1}.wp-block-uagb-image--layout-overlay__inner{position:absolute;left:15px;right:15px;bottom:15px;top:15px;display:flex;align-items:center;justify-content:center;flex-direction:column;border-color:#fff;transition:0.35s ease-in-out}.wp-block-uagb-image--layout-overlay__inner.top-left,.wp-block-uagb-image--layout-overlay__inner.top-center,.wp-block-uagb-image--layout-overlay__inner.top-right{justify-content:flex-start}.wp-block-uagb-image--layout-overlay__inner.bottom-left,.wp-block-uagb-image--layout-overlay__inner.bottom-center,.wp-block-uagb-image--layout-overlay__inner.bottom-right{justify-content:flex-end}.wp-block-uagb-image--layout-overlay__inner.top-left,.wp-block-uagb-image--layout-overlay__inner.center-left,.wp-block-uagb-image--layout-overlay__inner.bottom-left{align-items:flex-start}.wp-block-uagb-image--layout-overlay__inner.top-right,.wp-block-uagb-image--layout-overlay__inner.center-right,.wp-block-uagb-image--layout-overlay__inner.bottom-right{align-items:flex-end}.wp-block-uagb-image--layout-overlay__inner .uagb-image-heading{color:#fff;transition:transform 0.35s, opacity 0.35s ease-in-out;transform:translate3d(0, 24px, 0);margin:0;line-height:1em}.wp-block-uagb-image--layout-overlay__inner .uagb-image-separator{width:30%;border-top-width:2px;border-top-color:#fff;border-top-style:solid;margin-bottom:10px;opacity:0;transition:transform 0.4s, opacity 0.4s ease-in-out;transform:translate3d(0, 30px, 0)}.wp-block-uagb-image--layout-overlay__inner .uagb-image-caption{opacity:0;overflow:visible;color:#fff;transition:transform 0.45s, opacity 0.45s ease-in-out;transform:translate3d(0, 35px, 0)}.wp-block-uagb-image--layout-overlay__inner:hover .uagb-image-heading,.wp-block-uagb-image--layout-overlay__inner:hover .uagb-image-separator,.wp-block-uagb-image--layout-overlay__inner:hover .uagb-image-caption{opacity:1;transform:translate3d(0, 0, 0)}.wp-block-uagb-image--effect-zoomin .wp-block-uagb-image__figure img,.wp-block-uagb-image--effect-zoomin .wp-block-uagb-image__figure .wp-block-uagb-image--layout-overlay__color-wrapper{transform:scale(1);transition:transform 0.35s ease-in-out}.wp-block-uagb-image--effect-zoomin .wp-block-uagb-image__figure:hover img,.wp-block-uagb-image--effect-zoomin .wp-block-uagb-image__figure:hover .wp-block-uagb-image--layout-overlay__color-wrapper{transform:scale(1.05)}.wp-block-uagb-image--effect-slide .wp-block-uagb-image__figure img,.wp-block-uagb-image--effect-slide .wp-block-uagb-image__figure .wp-block-uagb-image--layout-overlay__color-wrapper{width:calc(100% + 40px) !important;max-width:none !important;transform:translate3d(-40px, 0, 0);transition:transform 0.35s ease-in-out}.wp-block-uagb-image--effect-slide .wp-block-uagb-image__figure:hover img,.wp-block-uagb-image--effect-slide .wp-block-uagb-image__figure:hover .wp-block-uagb-image--layout-overlay__color-wrapper{transform:translate3d(0, 0, 0)}.wp-block-uagb-image--effect-grayscale img{filter:grayscale(0%);transition:0.35s ease-in-out}.wp-block-uagb-image--effect-grayscale:hover img{filter:grayscale(100%)}.wp-block-uagb-image--effect-blur img{filter:blur(0);transition:0.35s ease-in-out}.wp-block-uagb-image--effect-blur:hover img{filter:blur(3px)}\n.uagb-block-e6f939b3.wp-block-uagb-image--layout-default figure img{box-shadow: 0px 0px 0 #00000070;}.uagb-block-e6f939b3.wp-block-uagb-image .wp-block-uagb-image__figure figcaption{font-style: normal;align-self: center;}.uagb-block-e6f939b3.wp-block-uagb-image--layout-overlay figure img{box-shadow: 0px 0px 0 #00000070;}.uagb-block-e6f939b3.wp-block-uagb-image--layout-overlay .wp-block-uagb-image--layout-overlay__color-wrapper{opacity: 0.2;}.uagb-block-e6f939b3.wp-block-uagb-image--layout-overlay .wp-block-uagb-image--layout-overlay__inner{left: 15px;right: 15px;top: 15px;bottom: 15px;}.uagb-block-e6f939b3.wp-block-uagb-image--layout-overlay .wp-block-uagb-image--layout-overlay__inner .uagb-image-heading{font-style: normal;color: #fff;opacity: 1;}.uagb-block-e6f939b3.wp-block-uagb-image--layout-overlay .wp-block-uagb-image--layout-overlay__inner .uagb-image-heading a{color: #fff;}.uagb-block-e6f939b3.wp-block-uagb-image--layout-overlay .wp-block-uagb-image--layout-overlay__inner .uagb-image-caption{opacity: 0;}.uagb-block-e6f939b3.wp-block-uagb-image--layout-overlay .wp-block-uagb-image__figure:hover .wp-block-uagb-image--layout-overlay__color-wrapper{opacity: 1;}.uagb-block-e6f939b3.wp-block-uagb-image .wp-block-uagb-image--layout-overlay__inner .uagb-image-separator{width: 30%;border-top-width: 2px;border-top-color: #fff;opacity: 0;}.uagb-block-e6f939b3.wp-block-uagb-image .wp-block-uagb-image__figure img{width: px;height: auto;}.uagb-block-e6f939b3.wp-block-uagb-image .wp-block-uagb-image__figure:hover .wp-block-uagb-image--layout-overlay__inner .uagb-image-caption{opacity: 1;}.uagb-block-e6f939b3.wp-block-uagb-image .wp-block-uagb-image__figure:hover .wp-block-uagb-image--layout-overlay__inner .uagb-image-separator{opacity: 1;}.uagb-block-e6f939b3.wp-block-uagb-image--layout-default figure:hover img{box-shadow: 0px 0px 0 #00000070;}.uagb-block-e6f939b3.wp-block-uagb-image--layout-overlay figure:hover img{box-shadow: 0px 0px 0 #00000070;}@media only screen and (max-width: 976px) {.uagb-block-e6f939b3.wp-block-uagb-image .wp-block-uagb-image__figure img{width: px;height: auto;}}@media only screen and (max-width: 767px) {.uagb-block-e6f939b3.wp-block-uagb-image .wp-block-uagb-image__figure img{width: px;height: auto;}}\";s:2:\"js\";s:0:\"\";s:18:\"current_block_list\";a:13:{i:0;s:11:\"core\/search\";i:1;s:10:\"core\/group\";i:2;s:12:\"core\/heading\";i:3;s:17:\"core\/latest-posts\";i:4;s:20:\"core\/latest-comments\";i:5;s:13:\"core\/archives\";i:6;s:15:\"core\/categories\";i:7;s:14:\"core\/paragraph\";i:8;s:10:\"uagb\/image\";i:9;s:11:\"core\/spacer\";i:10;s:30:\"woocommerce\/product-categories\";i:11;s:10:\"core\/image\";i:12;s:14:\"core\/shortcode\";}s:8:\"uag_flag\";b:1;s:11:\"uag_version\";s:10:\"1775580744\";s:6:\"gfonts\";a:0:{}s:10:\"gfonts_url\";s:0:\"\";s:12:\"gfonts_files\";a:0:{}s:14:\"uag_faq_layout\";b:0;}"]},"uagb_featured_image_src":{"full":["https:\/\/www.ferberpainting.com\/wp-content\/uploads\/2025\/05\/WaterLilyFertilizer25kg2.png",2560,2560,false],"thumbnail":["https:\/\/www.ferberpainting.com\/wp-content\/uploads\/2025\/05\/WaterLilyFertilizer25kg2-150x150.png",150,150,true],"medium":["https:\/\/www.ferberpainting.com\/wp-content\/uploads\/2025\/05\/WaterLilyFertilizer25kg2-300x300.png",300,300,true],"medium_large":["https:\/\/www.ferberpainting.com\/wp-content\/uploads\/2025\/05\/WaterLilyFertilizer25kg2-768x768.png",768,768,true],"large":["https:\/\/www.ferberpainting.com\/wp-content\/uploads\/2025\/05\/WaterLilyFertilizer25kg2-1024x1024.png",1024,1024,true],"1536x1536":["https:\/\/www.ferberpainting.com\/wp-content\/uploads\/2025\/05\/WaterLilyFertilizer25kg2-1536x1536.png",1536,1536,true],"2048x2048":["https:\/\/www.ferberpainting.com\/wp-content\/uploads\/2025\/05\/WaterLilyFertilizer25kg2-2048x2048.png",2048,2048,true],"trp-custom-language-flag":["https:\/\/www.ferberpainting.com\/wp-content\/uploads\/2025\/05\/WaterLilyFertilizer25kg2-12x12.png",12,12,true],"woocommerce_thumbnail":["https:\/\/www.ferberpainting.com\/wp-content\/uploads\/2025\/05\/WaterLilyFertilizer25kg2-300x300.png",300,300,true],"woocommerce_single":["https:\/\/www.ferberpainting.com\/wp-content\/uploads\/2025\/05\/WaterLilyFertilizer25kg2-600x600.png",600,600,true],"woocommerce_gallery_thumbnail":["https:\/\/www.ferberpainting.com\/wp-content\/uploads\/2025\/05\/WaterLilyFertilizer25kg2-100x100.png",100,100,true]},"uagb_author_info":{"display_name":"admin","author_link":"https:\/\/www.ferberpainting.com\/ee\/author\/"},"uagb_comment_info":33,"uagb_excerpt":"A fertilizer specially designed for abundant flowering and lush foliage.\u00a0The water lily is a symbolic aquatic plant, prized for its magnificent floating flowers and elegant foliage. To ensure abundant flowering and optimal development, it is essential to provide it with suitable nutrition. This NPK 10-10-10 fertilizer offers a balanced supply of nutrients, with nitrogen (N)&hellip;","_links":{"self":[{"href":"https:\/\/www.ferberpainting.com\/ee\/wp-json\/wp\/v2\/product\/25639","targetHints":{"allow":["GET"]}}],"collection":[{"href":"https:\/\/www.ferberpainting.com\/ee\/wp-json\/wp\/v2\/product"}],"about":[{"href":"https:\/\/www.ferberpainting.com\/ee\/wp-json\/wp\/v2\/types\/product"}],"replies":[{"embeddable":true,"href":"https:\/\/www.ferberpainting.com\/ee\/wp-json\/wp\/v2\/comments?post=25639"}],"version-history":[{"count":5,"href":"https:\/\/www.ferberpainting.com\/ee\/wp-json\/wp\/v2\/product\/25639\/revisions"}],"predecessor-version":[{"id":168844,"href":"https:\/\/www.ferberpainting.com\/ee\/wp-json\/wp\/v2\/product\/25639\/revisions\/168844"}],"wp:featuredmedia":[{"embeddable":true,"href":"https:\/\/www.ferberpainting.com\/ee\/wp-json\/wp\/v2\/media\/27445"}],"wp:attachment":[{"href":"https:\/\/www.ferberpainting.com\/ee\/wp-json\/wp\/v2\/media?parent=25639"}],"wp:term":[{"taxonomy":"product_brand","embeddable":true,"href":"https:\/\/www.ferberpainting.com\/ee\/wp-json\/wp\/v2\/product_brand?post=25639"},{"taxonomy":"product_cat","embeddable":true,"href":"https:\/\/www.ferberpainting.com\/ee\/wp-json\/wp\/v2\/product_cat?post=25639"},{"taxonomy":"product_tag","embeddable":true,"href":"https:\/\/www.ferberpainting.com\/ee\/wp-json\/wp\/v2\/product_tag?post=25639"}],"curies":[{"name":"wp","href":"https:\/\/api.w.org\/{rel}","templated":true}]}}