{"id":25621,"date":"2025-05-26T10:32:50","date_gmt":"2025-05-26T08:32:50","guid":{"rendered":"https:\/\/www.ferberpainting.com\/products\/verbena-fertilizer\/"},"modified":"2026-02-16T14:16:24","modified_gmt":"2026-02-16T13:16:24","slug":"verbena-fertilizer","status":"publish","type":"product","link":"https:\/\/www.ferberpainting.com\/ee\/products\/verbena-fertilizer\/","title":{"rendered":"Verbeeni v\u00e4etis"},"content":{"rendered":"<p><strong><img decoding=\"async\" style=\"margin-right: 12px;\" src=\"https:\/\/www.ferberpainting.com\/wp-content\/uploads\/2026\/02\/Check.svg\" alt=\"\" width=\"18\" height=\"15\" \/>Ideaalne v\u00e4etis \u00f5itsva ja eluj\u00f5ulise verbena jaoks.<\/strong>\u00a0Verbena, nii aroomi- kui ka ilutaimede puhul, vajab tasakaalustatud toitainetega varustamist, et tagada tervislik kasv, tihe lehestik ja pikaajaline \u00f5itsemine. See v\u00e4etis, mis on koostatud NPK-suhtega 15-15-15, annab k\u00f5igile verbena sortidele olulisi toitaineid, soodustades juurte arengut, haiguskindlust ja rikkalikku \u00f5itsemist.<\/p>\n<p><strong><img decoding=\"async\" style=\"margin-right: 12px;\" src=\"https:\/\/www.ferberpainting.com\/wp-content\/uploads\/2026\/02\/Check.svg\" alt=\"\" width=\"18\" height=\"15\" \/>Raha tagasi garantii.<\/strong>\u00a0Oleme kindlad, et meie v\u00e4etis stimuleerib verbena kasvu ja \u00f5itsemist. Kui aga p\u00e4rast n\u00f5uetekohast kasutamist vastavalt soovitustele ei t\u00e4heldata olulist paranemist, on teil \u00f5igus saada h\u00fcvitist t\u00e4ies ulatuses.<\/p>\n<p><strong><img decoding=\"async\" style=\"margin-right: 12px;\" src=\"https:\/\/www.ferberpainting.com\/wp-content\/uploads\/2026\/02\/Check.svg\" alt=\"\" width=\"18\" height=\"15\" \/>\u00dchildub igat t\u00fc\u00fcpi substraatidega.<\/strong>\u00a0See v\u00e4etis on loodud nii, et see sobib k\u00f5ikide kasvutingimustega, olgu need siis vabas pinnases, potis, istutuskastis v\u00f5i kasvuhoones. See sobib suurep\u00e4raselt humuserikastele muldadele, liivastele substraatidele, kergetele muldadele ja h\u00e4sti kuivendavatele segudele. See on t\u00f5hus ka kompostiga, pottmullaga v\u00f5i mulliga parandatud muldadel.<\/p>\n<p><strong><img decoding=\"async\" style=\"margin-right: 12px;\" src=\"https:\/\/www.ferberpainting.com\/wp-content\/uploads\/2026\/02\/Check.svg\" alt=\"\" width=\"18\" height=\"15\" \/>Optimeeritud ja kuluefektiivne j\u00f5udlus.<\/strong>\u00a0T\u00e4nu oma kontsentreeritud koostisele tagab see v\u00e4etis suurep\u00e4rase saagikuse, v\u00e4hendades samal ajal j\u00e4\u00e4tmeid. 5 ml toodet lahjendatuna 1 liitris vees v\u00f5imaldab valmistada kuni 1000 liitrit v\u00e4etislahust, tagades \u00f6konoomse ja pikaajalise kasutamise. Sobib h\u00e4sti nii v\u00e4ikeste kui ka suuremahuliste kultuuride puhul.<\/p>\n<p><strong><img decoding=\"async\" style=\"margin-right: 12px;\" src=\"https:\/\/www.ferberpainting.com\/wp-content\/uploads\/2026\/02\/Check.svg\" alt=\"\" width=\"18\" height=\"15\" \/>Keskkonnale ohutu v\u00e4etis.<\/strong>\u00a0Selle \u00f6kos\u00fcsteeme s\u00e4\u00e4stev ohutu koostis v\u00f5imaldab riskivaba kasutamist pinnase, mikroorganismide ja bioloogilise mitmekesisuse suhtes. See ei sisalda kahjulikke keemilisi j\u00e4\u00e4ke ega lisaaineid, mist\u00f5ttu see on \u00f6koloogilise ja s\u00e4\u00e4stva p\u00f5llumajanduse jaoks sobiv toode.<\/p>\n<p><strong><img decoding=\"async\" style=\"margin-right: 12px;\" src=\"https:\/\/www.ferberpainting.com\/wp-content\/uploads\/2026\/02\/Check.svg\" alt=\"\" width=\"18\" height=\"15\" \/>Lihtne kanda ja kiire imendumine.<\/strong>\u00a0See v\u00e4etis lahustub kergesti vees, tagades kiire imendumise juurte ja lehtede poolt. Seda saab kasutada kastmise v\u00f5i lehestiku pihustamise teel, mis v\u00f5imaldab \u00fchtlast toitainete difusiooni ja kohest taimede omastamist.<\/p>\n<p><strong><img decoding=\"async\" style=\"margin-right: 12px;\" src=\"https:\/\/www.ferberpainting.com\/wp-content\/uploads\/2026\/02\/Check.svg\" alt=\"\" width=\"18\" height=\"15\" \/>J\u00e4rjepidev ja tasakaalustatud toitainetega varustamine.<\/strong>\u00a0Erinevalt tahketest v\u00e4etistest, mis eraldavad oma elemente aeglaselt ja eba\u00fchtlaselt, tagab see vedelv\u00e4etis pideva v\u00e4etamise, toetades \u00fchtlast kasvu ja pikemat \u00f5itsemist. See soodustab terve lehestiku arengut ja suurendab l\u00f5hnavate \u00f5ite teket, s\u00e4ilitades samas taime eluj\u00f5ulisuse.<\/p>\n<p><strong><img decoding=\"async\" style=\"margin-right: 12px;\" src=\"https:\/\/www.ferberpainting.com\/wp-content\/uploads\/2026\/02\/Check.svg\" alt=\"\" width=\"18\" height=\"15\" \/>N\u00e4htavad tulemused kiiresti.<\/strong>\u00a0Juba m\u00f5ne n\u00e4dalaga m\u00e4rkate suuremat lehestiku tihedust, suuremat vastupanuv\u00f5imet haigustele ja pikemat \u00f5itsemisperioodi. See v\u00e4etis toetab tugevate varte, s\u00fcgavamate juurte kasvu ning eluj\u00f5ulisemate lehtede ja \u00f5ite v\u00e4rvide teket.<\/p>\n<p><strong><img decoding=\"async\" style=\"margin-right: 12px;\" src=\"https:\/\/www.ferberpainting.com\/wp-content\/uploads\/2026\/02\/Check.svg\" alt=\"\" width=\"18\" height=\"15\" \/>Verbena erivajadustele kohandatud v\u00e4etis.<\/strong>\u00a0T\u00e4nu l\u00e4mmastiku, fosfori ja kaaliumi t\u00e4iuslikule tasakaalule tagab see v\u00e4etis t\u00e4ieliku ja optimaalse toitumise. See stimuleerib vegetatiivset kasvu, v\u00f5itleb l\u00e4mmastikupuuduse vastu ning aitab tugevdada loomulikku vastupanu kliimastressile ja haigustele, et taimed oleksid terved ja kauakestvad.<\/p>\n<h2><strong>Kasutamise protokoll<\/strong><\/h2>\n<ul>\n<li><strong>Taotlusperiood <\/strong>: V\u00e4etage varakevadest alates, j\u00e4tkates kuni \u00f5itsemisperioodi l\u00f5puni, et s\u00e4ilitada \u00fchtlane kasv. V\u00e4hendage v\u00e4etamise sagedust taime puhkefaasis.<\/li>\n<li><strong>Lahuse ettevalmistamine <\/strong>: Lahjendage 5 ml v\u00e4etist 1 liitris vees, et saada kasutamisvalmis tasakaalustatud lahus.<\/li>\n<li><strong>Pinnase pealekandmine <\/strong>: Kastke otse taime t\u00fcve juures, j\u00e4lgides, et muld ei oleks k\u00fcllastunud, et v\u00e4ltida juurte m\u00e4danemise ohtu.<\/li>\n<li><strong>Lehestiku pritsimine <\/strong>: Kandke lahust kerge uduna lehtedele ja varrastele, mis soodustab toitainete kiiret imendumist ja \u00fcldist paremat kasvu.<\/li>\n<li><strong>Rakendamise sagedus <\/strong>: V\u00e4etage iga 10-15 p\u00e4eva j\u00e4rel aktiivse kasvuperioodi jooksul ja kord kuus talvel, kohandades kogust vastavalt taime seisundile.<\/li>\n<li><strong>Ettevaatusabin\u00f5ud kasutamisel <\/strong>: V\u00e4ltige liigset v\u00e4etamist, sest \u00fcleannustamine v\u00f5ib p\u00f5hjustada liiga tihedat lehestikku \u00f5itsemise arvelt.<\/li>\n<\/ul>\n<p>T\u00e4nu sellele t\u00e4ielikule ja tasakaalustatud v\u00e4etisele saab teie verbena kasu optimaalsest toitainesisaldusest, tagades j\u00f5ulise kasvu, pikaajalise \u00f5itsemise ja terve lehestiku.<\/p>","protected":false},"excerpt":{"rendered":"<p>An ideal fertilizer for flourishing and vigorous verbena.\u00a0Verbena, whether aromatic or ornamental, requires a balanced nutrient supply to ensure healthy growth, dense foliage, and prolonged flowering. This fertilizer, formulated with an NPK ratio of 15-15-15, provides essential nutrients to all varieties of verbena, promoting root development, disease resistance, and abundant flower production. Money-back guarantee.\u00a0We are [&hellip;]<\/p>\n","protected":false},"featured_media":27439,"comment_status":"open","ping_status":"closed","template":"","meta":{"_uag_custom_page_level_css":"","site-sidebar-layout":"default","site-content-layout":"","ast-site-content-layout":"default","site-content-style":"default","site-sidebar-style":"default","ast-global-header-display":"","ast-banner-title-visibility":"","ast-main-header-display":"","ast-hfb-above-header-display":"","ast-hfb-below-header-display":"","ast-hfb-mobile-header-display":"","site-post-title":"","ast-breadcrumbs-content":"","ast-featured-img":"","footer-sml-layout":"","ast-disable-related-posts":"","theme-transparent-header-meta":"default","adv-header-id-meta":"","stick-header-meta":"","header-above-stick-meta":"","header-main-stick-meta":"","header-below-stick-meta":"","astra-migrate-meta-layouts":"set","ast-page-background-enabled":"default","ast-page-background-meta":{"desktop":{"background-color":"var(--ast-global-color-4)","background-image":"","background-repeat":"repeat","background-position":"center center","background-size":"auto","background-attachment":"scroll","background-type":"","background-media":"","overlay-type":"","overlay-color":"","overlay-opacity":"","overlay-gradient":""},"tablet":{"background-color":"","background-image":"","background-repeat":"repeat","background-position":"center center","background-size":"auto","background-attachment":"scroll","background-type":"","background-media":"","overlay-type":"","overlay-color":"","overlay-opacity":"","overlay-gradient":""},"mobile":{"background-color":"","background-image":"","background-repeat":"repeat","background-position":"center center","background-size":"auto","background-attachment":"scroll","background-type":"","background-media":"","overlay-type":"","overlay-color":"","overlay-opacity":"","overlay-gradient":""}},"ast-content-background-meta":{"desktop":{"background-color":"var(--ast-global-color-5)","background-image":"","background-repeat":"repeat","background-position":"center center","background-size":"auto","background-attachment":"scroll","background-type":"","background-media":"","overlay-type":"","overlay-color":"","overlay-opacity":"","overlay-gradient":""},"tablet":{"background-color":"var(--ast-global-color-5)","background-image":"","background-repeat":"repeat","background-position":"center center","background-size":"auto","background-attachment":"scroll","background-type":"","background-media":"","overlay-type":"","overlay-color":"","overlay-opacity":"","overlay-gradient":""},"mobile":{"background-color":"var(--ast-global-color-5)","background-image":"","background-repeat":"repeat","background-position":"center center","background-size":"auto","background-attachment":"scroll","background-type":"","background-media":"","overlay-type":"","overlay-color":"","overlay-opacity":"","overlay-gradient":""}}},"product_brand":[],"product_cat":[178],"product_tag":[],"class_list":{"0":"post-25621","1":"product","2":"type-product","3":"status-publish","4":"has-post-thumbnail","6":"product_cat-fertilizers","7":"desktop-align-left","8":"tablet-align-left","9":"mobile-align-left","11":"first","12":"instock","13":"sale","14":"taxable","15":"shipping-taxable","16":"purchasable","17":"product-type-variable","18":"has-default-attributes"},"spectra_custom_meta":{"_visibility":["visible"],"_shopify_product_id":["9073303748853"],"_s2w_shopify_domain":["ferberpainting.myshopify.com"],"_shopify_variant_id":["46524587606261"],"_sku":[""],"_manage_stock":["no"],"total_sales":["0"],"_tax_status":["taxable"],"_tax_class":[""],"_backorders":["no"],"_sold_individually":["no"],"_virtual":["no"],"_downloadable":["no"],"_download_limit":["-1"],"_download_expiry":["-1"],"_stock":[null],"_stock_status":["instock"],"_wc_average_rating":["4.63"],"_wc_review_count":["8"],"_product_attributes":["a:1:{s:6:\"volume\";a:6:{s:4:\"name\";s:6:\"Volume\";s:5:\"value\";s:20:\"5 liters | 25 liters\";s:8:\"position\";i:1;s:10:\"is_visible\";i:0;s:12:\"is_variation\";i:1;s:11:\"is_taxonomy\";i:0;}}"],"_product_version":["10.5.1"],"_thumbnail_id":["27439"],"_product_image_gallery":["27440"],"wpse_downloadable_file_names":[""],"wpse_downloadable_file_urls":[""],"_edit_last":["1"],"_default_attributes":["a:1:{s:6:\"volume\";s:8:\"5 liters\";}"],"_edit_lock":["1771247645:1"],"_price":["29.90","129.90"],"merchant-center-availability":["yes"],"merchant-center-category":["113"],"_wp_page_template":["default"],"site-sidebar-layout":["default"],"ast-site-content-layout":["default"],"site-content-style":["default"],"site-sidebar-style":["default"],"theme-transparent-header-meta":["default"],"_wc_rating_count":["a:2:{i:4;i:3;i:5;i:5;}"],"astra-migrate-meta-layouts":["set"],"_uag_css_file_name":["uag-css-25621.css"],"_elementor_page_assets":["a:0:{}"],"_uag_page_assets":["a:9:{s:3:\"css\";s:7133:\".uag-blocks-common-selector{z-index:var(--z-index-desktop) !important}@media(max-width: 976px){.uag-blocks-common-selector{z-index:var(--z-index-tablet) !important}}@media(max-width: 767px){.uag-blocks-common-selector{z-index:var(--z-index-mobile) !important}}.wp-block-uagb-image{display:flex}.wp-block-uagb-image__figure{position:relative;display:flex;flex-direction:column;max-width:100%;height:auto;margin:0}.wp-block-uagb-image__figure img{height:auto;display:flex;max-width:100%;transition:box-shadow .2s ease}.wp-block-uagb-image__figure>a{display:inline-block}.wp-block-uagb-image__figure figcaption{text-align:center;margin-top:.5em;margin-bottom:1em}.wp-block-uagb-image .components-placeholder.block-editor-media-placeholder .components-placeholder__instructions{align-self:center}.wp-block-uagb-image--align-left{text-align:left}.wp-block-uagb-image--align-right{text-align:right}.wp-block-uagb-image--align-center{text-align:center}.wp-block-uagb-image--align-full .wp-block-uagb-image__figure{margin-left:calc(50% - 50vw);margin-right:calc(50% - 50vw);max-width:100vw;width:100vw;height:auto}.wp-block-uagb-image--align-full .wp-block-uagb-image__figure img{height:auto;width:100% !important}.wp-block-uagb-image--align-wide .wp-block-uagb-image__figure img{height:auto;width:100%}.wp-block-uagb-image--layout-overlay__color-wrapper{position:absolute;left:0;top:0;right:0;bottom:0;opacity:.2;background:rgba(0,0,0,.5);transition:opacity .35s ease-in-out}.wp-block-uagb-image--layout-overlay-link{position:absolute;left:0;right:0;bottom:0;top:0}.wp-block-uagb-image--layout-overlay .wp-block-uagb-image__figure:hover .wp-block-uagb-image--layout-overlay__color-wrapper{opacity:1}.wp-block-uagb-image--layout-overlay__inner{position:absolute;left:15px;right:15px;bottom:15px;top:15px;display:flex;align-items:center;justify-content:center;flex-direction:column;border-color:#fff;transition:.35s ease-in-out}.wp-block-uagb-image--layout-overlay__inner.top-left,.wp-block-uagb-image--layout-overlay__inner.top-center,.wp-block-uagb-image--layout-overlay__inner.top-right{justify-content:flex-start}.wp-block-uagb-image--layout-overlay__inner.bottom-left,.wp-block-uagb-image--layout-overlay__inner.bottom-center,.wp-block-uagb-image--layout-overlay__inner.bottom-right{justify-content:flex-end}.wp-block-uagb-image--layout-overlay__inner.top-left,.wp-block-uagb-image--layout-overlay__inner.center-left,.wp-block-uagb-image--layout-overlay__inner.bottom-left{align-items:flex-start}.wp-block-uagb-image--layout-overlay__inner.top-right,.wp-block-uagb-image--layout-overlay__inner.center-right,.wp-block-uagb-image--layout-overlay__inner.bottom-right{align-items:flex-end}.wp-block-uagb-image--layout-overlay__inner .uagb-image-heading{color:#fff;transition:transform .35s,opacity .35s ease-in-out;transform:translate3d(0, 24px, 0);margin:0;line-height:1em}.wp-block-uagb-image--layout-overlay__inner .uagb-image-separator{width:30%;border-top-width:2px;border-top-color:#fff;border-top-style:solid;margin-bottom:10px;opacity:0;transition:transform .4s,opacity .4s ease-in-out;transform:translate3d(0, 30px, 0)}.wp-block-uagb-image--layout-overlay__inner .uagb-image-caption{opacity:0;overflow:visible;color:#fff;transition:transform .45s,opacity .45s ease-in-out;transform:translate3d(0, 35px, 0)}.wp-block-uagb-image--layout-overlay__inner:hover .uagb-image-heading,.wp-block-uagb-image--layout-overlay__inner:hover .uagb-image-separator,.wp-block-uagb-image--layout-overlay__inner:hover .uagb-image-caption{opacity:1;transform:translate3d(0, 0, 0)}.wp-block-uagb-image--effect-zoomin .wp-block-uagb-image__figure img,.wp-block-uagb-image--effect-zoomin .wp-block-uagb-image__figure .wp-block-uagb-image--layout-overlay__color-wrapper{transform:scale(1);transition:transform .35s ease-in-out}.wp-block-uagb-image--effect-zoomin .wp-block-uagb-image__figure:hover img,.wp-block-uagb-image--effect-zoomin .wp-block-uagb-image__figure:hover .wp-block-uagb-image--layout-overlay__color-wrapper{transform:scale(1.05)}.wp-block-uagb-image--effect-slide .wp-block-uagb-image__figure img,.wp-block-uagb-image--effect-slide .wp-block-uagb-image__figure .wp-block-uagb-image--layout-overlay__color-wrapper{width:calc(100% + 40px) !important;max-width:none !important;transform:translate3d(-40px, 0, 0);transition:transform .35s ease-in-out}.wp-block-uagb-image--effect-slide .wp-block-uagb-image__figure:hover img,.wp-block-uagb-image--effect-slide .wp-block-uagb-image__figure:hover .wp-block-uagb-image--layout-overlay__color-wrapper{transform:translate3d(0, 0, 0)}.wp-block-uagb-image--effect-grayscale img{filter:grayscale(0%);transition:.35s ease-in-out}.wp-block-uagb-image--effect-grayscale:hover img{filter:grayscale(100%)}.wp-block-uagb-image--effect-blur img{filter:blur(0);transition:.35s ease-in-out}.wp-block-uagb-image--effect-blur:hover img{filter:blur(3px)}.uagb-block-e6f939b3.wp-block-uagb-image--layout-default figure img{box-shadow: 0px 0px 0 #00000070;}.uagb-block-e6f939b3.wp-block-uagb-image .wp-block-uagb-image__figure figcaption{font-style: normal;align-self: center;}.uagb-block-e6f939b3.wp-block-uagb-image--layout-overlay figure img{box-shadow: 0px 0px 0 #00000070;}.uagb-block-e6f939b3.wp-block-uagb-image--layout-overlay .wp-block-uagb-image--layout-overlay__color-wrapper{opacity: 0.2;}.uagb-block-e6f939b3.wp-block-uagb-image--layout-overlay .wp-block-uagb-image--layout-overlay__inner{left: 15px;right: 15px;top: 15px;bottom: 15px;}.uagb-block-e6f939b3.wp-block-uagb-image--layout-overlay .wp-block-uagb-image--layout-overlay__inner .uagb-image-heading{font-style: normal;color: #fff;opacity: 1;}.uagb-block-e6f939b3.wp-block-uagb-image--layout-overlay .wp-block-uagb-image--layout-overlay__inner .uagb-image-heading a{color: #fff;}.uagb-block-e6f939b3.wp-block-uagb-image--layout-overlay .wp-block-uagb-image--layout-overlay__inner .uagb-image-caption{opacity: 0;}.uagb-block-e6f939b3.wp-block-uagb-image--layout-overlay .wp-block-uagb-image__figure:hover .wp-block-uagb-image--layout-overlay__color-wrapper{opacity: 1;}.uagb-block-e6f939b3.wp-block-uagb-image .wp-block-uagb-image--layout-overlay__inner .uagb-image-separator{width: 30%;border-top-width: 2px;border-top-color: #fff;opacity: 0;}.uagb-block-e6f939b3.wp-block-uagb-image .wp-block-uagb-image__figure img{width: px;height: auto;}.uagb-block-e6f939b3.wp-block-uagb-image .wp-block-uagb-image__figure:hover .wp-block-uagb-image--layout-overlay__inner .uagb-image-caption{opacity: 1;}.uagb-block-e6f939b3.wp-block-uagb-image .wp-block-uagb-image__figure:hover .wp-block-uagb-image--layout-overlay__inner .uagb-image-separator{opacity: 1;}.uagb-block-e6f939b3.wp-block-uagb-image--layout-default figure:hover img{box-shadow: 0px 0px 0 #00000070;}.uagb-block-e6f939b3.wp-block-uagb-image--layout-overlay figure:hover img{box-shadow: 0px 0px 0 #00000070;}@media only screen and (max-width: 976px) {.uagb-block-e6f939b3.wp-block-uagb-image .wp-block-uagb-image__figure img{width: px;height: auto;}}@media only screen and (max-width: 767px) {.uagb-block-e6f939b3.wp-block-uagb-image .wp-block-uagb-image__figure img{width: px;height: auto;}}\";s:2:\"js\";s:0:\"\";s:18:\"current_block_list\";a:13:{i:0;s:11:\"core\/search\";i:1;s:10:\"core\/group\";i:2;s:12:\"core\/heading\";i:3;s:17:\"core\/latest-posts\";i:4;s:20:\"core\/latest-comments\";i:5;s:13:\"core\/archives\";i:6;s:15:\"core\/categories\";i:7;s:14:\"core\/paragraph\";i:8;s:10:\"uagb\/image\";i:9;s:11:\"core\/spacer\";i:10;s:30:\"woocommerce\/product-categories\";i:11;s:10:\"core\/image\";i:12;s:14:\"core\/shortcode\";}s:8:\"uag_flag\";b:1;s:11:\"uag_version\";s:10:\"1777356517\";s:6:\"gfonts\";a:0:{}s:10:\"gfonts_url\";s:0:\"\";s:12:\"gfonts_files\";a:0:{}s:14:\"uag_faq_layout\";b:0;}"]},"uagb_featured_image_src":{"full":["https:\/\/www.ferberpainting.com\/wp-content\/uploads\/2025\/05\/VerbenaFertilizer5L.png",2560,2560,false],"thumbnail":["https:\/\/www.ferberpainting.com\/wp-content\/uploads\/2025\/05\/VerbenaFertilizer5L-150x150.png",150,150,true],"medium":["https:\/\/www.ferberpainting.com\/wp-content\/uploads\/2025\/05\/VerbenaFertilizer5L-300x300.png",300,300,true],"medium_large":["https:\/\/www.ferberpainting.com\/wp-content\/uploads\/2025\/05\/VerbenaFertilizer5L-768x768.png",768,768,true],"large":["https:\/\/www.ferberpainting.com\/wp-content\/uploads\/2025\/05\/VerbenaFertilizer5L-1024x1024.png",1024,1024,true],"1536x1536":["https:\/\/www.ferberpainting.com\/wp-content\/uploads\/2025\/05\/VerbenaFertilizer5L-1536x1536.png",1536,1536,true],"2048x2048":["https:\/\/www.ferberpainting.com\/wp-content\/uploads\/2025\/05\/VerbenaFertilizer5L-2048x2048.png",2048,2048,true],"trp-custom-language-flag":["https:\/\/www.ferberpainting.com\/wp-content\/uploads\/2025\/05\/VerbenaFertilizer5L-12x12.png",12,12,true],"woocommerce_thumbnail":["https:\/\/www.ferberpainting.com\/wp-content\/uploads\/2025\/05\/VerbenaFertilizer5L-300x300.png",300,300,true],"woocommerce_single":["https:\/\/www.ferberpainting.com\/wp-content\/uploads\/2025\/05\/VerbenaFertilizer5L-600x600.png",600,600,true],"woocommerce_gallery_thumbnail":["https:\/\/www.ferberpainting.com\/wp-content\/uploads\/2025\/05\/VerbenaFertilizer5L-100x100.png",100,100,true]},"uagb_author_info":{"display_name":"admin","author_link":"https:\/\/www.ferberpainting.com\/ee\/author\/"},"uagb_comment_info":8,"uagb_excerpt":"An ideal fertilizer for flourishing and vigorous verbena.\u00a0Verbena, whether aromatic or ornamental, requires a balanced nutrient supply to ensure healthy growth, dense foliage, and prolonged flowering. This fertilizer, formulated with an NPK ratio of 15-15-15, provides essential nutrients to all varieties of verbena, promoting root development, disease resistance, and abundant flower production. Money-back guarantee.\u00a0We are&hellip;","_links":{"self":[{"href":"https:\/\/www.ferberpainting.com\/ee\/wp-json\/wp\/v2\/product\/25621","targetHints":{"allow":["GET"]}}],"collection":[{"href":"https:\/\/www.ferberpainting.com\/ee\/wp-json\/wp\/v2\/product"}],"about":[{"href":"https:\/\/www.ferberpainting.com\/ee\/wp-json\/wp\/v2\/types\/product"}],"replies":[{"embeddable":true,"href":"https:\/\/www.ferberpainting.com\/ee\/wp-json\/wp\/v2\/comments?post=25621"}],"version-history":[{"count":4,"href":"https:\/\/www.ferberpainting.com\/ee\/wp-json\/wp\/v2\/product\/25621\/revisions"}],"predecessor-version":[{"id":167523,"href":"https:\/\/www.ferberpainting.com\/ee\/wp-json\/wp\/v2\/product\/25621\/revisions\/167523"}],"wp:featuredmedia":[{"embeddable":true,"href":"https:\/\/www.ferberpainting.com\/ee\/wp-json\/wp\/v2\/media\/27439"}],"wp:attachment":[{"href":"https:\/\/www.ferberpainting.com\/ee\/wp-json\/wp\/v2\/media?parent=25621"}],"wp:term":[{"taxonomy":"product_brand","embeddable":true,"href":"https:\/\/www.ferberpainting.com\/ee\/wp-json\/wp\/v2\/product_brand?post=25621"},{"taxonomy":"product_cat","embeddable":true,"href":"https:\/\/www.ferberpainting.com\/ee\/wp-json\/wp\/v2\/product_cat?post=25621"},{"taxonomy":"product_tag","embeddable":true,"href":"https:\/\/www.ferberpainting.com\/ee\/wp-json\/wp\/v2\/product_tag?post=25621"}],"curies":[{"name":"wp","href":"https:\/\/api.w.org\/{rel}","templated":true}]}}