{"id":25608,"date":"2025-06-30T19:05:09","date_gmt":"2025-06-30T17:05:09","guid":{"rendered":"https:\/\/www.ferberpainting.com\/?post_type=product&#038;p=25605"},"modified":"2026-02-16T13:59:27","modified_gmt":"2026-02-16T12:59:27","slug":"tv-computer-and-phone-screen-cleaner","status":"publish","type":"product","link":"https:\/\/www.ferberpainting.com\/ee\/products\/tv-computer-and-phone-screen-cleaner\/","title":{"rendered":"Teleri-, telefoni- ja arvutiekraanide puhastusaine"},"content":{"rendered":"<p><strong><img decoding=\"async\" style=\"margin-right: 12px;\" src=\"https:\/\/www.ferberpainting.com\/wp-content\/uploads\/2026\/02\/Check.svg\" alt=\"\" width=\"18\" height=\"15\" \/>Optimaalne t\u00f5husus.<\/strong>\u00a0See ekraanipuhastusvahend teleritele, telefonidele ja arvutitele on spetsiaalselt m\u00f5eldud ekraanidele kogunevate s\u00f5rmej\u00e4lgede, tolmu, rasva ja mustuse t\u00f5husaks eemaldamiseks. T\u00e4nu t\u00e4iustatud koostisele lahustab see mustuse koheselt ilma triipe v\u00f5i j\u00e4\u00e4ke j\u00e4tmata, tagades selguse ja optimaalse heleduse. See taastab ekraanide algse l\u00e4ike ja suurendab visuaalset mugavust, k\u00f5rvaldades mustusest p\u00f5hjustatud h\u00e4ired.<\/p>\n<p><strong><img decoding=\"async\" style=\"margin-right: 12px;\" src=\"https:\/\/www.ferberpainting.com\/wp-content\/uploads\/2026\/02\/Check.svg\" alt=\"\" width=\"18\" height=\"15\" \/>Raha tagasi garantii.<\/strong>\u00a0Oleme t\u00e4iesti veendunud meie ekraanipuhastusvahendi t\u00f5hususes. Kui te ei ole p\u00e4rast kasutamist t\u00e4ielikult rahul, on teil \u00f5igus t\u00e4ielikule tagasimaksmisele. Proovige meie toodet riskivabalt ja nautige ekraani, mis on alati puhas ja triibuvaba, lihtsalt ja usaldusv\u00e4\u00e4rselt.<\/p>\n<p><strong><img decoding=\"async\" style=\"margin-right: 12px;\" src=\"https:\/\/www.ferberpainting.com\/wp-content\/uploads\/2026\/02\/Check.svg\" alt=\"\" width=\"18\" height=\"15\" \/>Erakordne mitmek\u00fclgsus.<\/strong>\u00a0See puhastusvahend ei piirdu ainult telerite, telefonide v\u00f5i arvutiekraanidega! See sobib ideaalselt ka tahvelarvutite, nutikellade, kaameral\u00e4\u00e4tsede, prillide, auto armatuurlaudade, seadmete puuteekraanide ja optilise klaasi puhastamiseks. See t\u00f6\u00f6tab klaasi, plasti, akr\u00fc\u00fcl- ja pol\u00fckarbonaadi peal, tagades \u00f5rna ja t\u00f5husa puhastamise, kahjustamata peegeldus- v\u00f5i s\u00f5rmej\u00e4lgede vastaseid katteid.<\/p>\n<p><strong><img decoding=\"async\" style=\"margin-right: 12px;\" src=\"https:\/\/www.ferberpainting.com\/wp-content\/uploads\/2026\/02\/Check.svg\" alt=\"\" width=\"18\" height=\"15\" \/>Kulut\u00f5hus.<\/strong>\u00a05-liitrise mahuti ja \u00fclit\u00f5husa koostisega puhastusvahend pakub suurep\u00e4rast v\u00e4\u00e4rtust. V\u00e4ikesest kogusest piisab k\u00fcmnete ekraanide puhastamiseks ilma raiskamiseta. \u00dche liitriga saab keskmiselt puhastada kuni 500 ekraani, mis teeb sellest j\u00e4tkusuutliku ja \u00f6konoomse lahenduse ekraani hooldamiseks kodus v\u00f5i t\u00f6\u00f6kohal.<\/p>\n<p><strong><img decoding=\"async\" style=\"margin-right: 12px;\" src=\"https:\/\/www.ferberpainting.com\/wp-content\/uploads\/2026\/02\/Check.svg\" alt=\"\" width=\"18\" height=\"15\" \/>Ohutu kasutamine.<\/strong>\u00a0Erinevalt alkoholi- v\u00f5i lahustip\u00f5histest puhastusvahenditest on see toode valmistatud mittes\u00f6\u00f6vitavatest ja mittetoksilistest koostisosadest, mis ei kahjusta pinnakatteid. See ei erita m\u00fcrgiseid aurusid, ei \u00e4rrita nahka ja on ohutu tundlikele pindadele. Selle tasakaalustatud pH tagab \u00f5rna puhastamise, mis s\u00e4\u00e4stab ekraani materjale - isegi k\u00f5ige \u00f5rnemaid.<\/p>\n<p><strong><img decoding=\"async\" style=\"margin-right: 12px;\" src=\"https:\/\/www.ferberpainting.com\/wp-content\/uploads\/2026\/02\/Check.svg\" alt=\"\" width=\"18\" height=\"15\" \/>Kasutamise lihtsus.<\/strong> See puhastusvahend on kasutusvalmis ja ei vaja lahjendamist ega keerulisi seadistusi. Lihtsalt kandke see mikrokiudlapile ja p\u00fchkige ekraan. Loputamist ei ole vaja, see kuivab kiiresti ja ilma triipudeta, j\u00e4ttes ekraani kohe puhtaks ja kasutusvalmiks.<\/p>\n<p><strong><img decoding=\"async\" style=\"margin-right: 12px;\" src=\"https:\/\/www.ferberpainting.com\/wp-content\/uploads\/2026\/02\/Check.svg\" alt=\"\" width=\"18\" height=\"15\" \/>Suurenenud vastupidavus.<\/strong>\u00a0See puhastusvahend pikendab ekraanide kasutusiga, kuna see eemaldab regulaarselt mustuse ja rasva. See hoiab \u00e4ra kriimustused ja kahjustused, mida p\u00f5hjustab kleepumine. Regulaarne hooldus hoiab teie ekraanid puhtad, funktsionaalsed ja n\u00e4evad aastaid uued v\u00e4lja.<\/p>\n<p><strong><img decoding=\"async\" style=\"margin-right: 12px;\" src=\"https:\/\/www.ferberpainting.com\/wp-content\/uploads\/2026\/02\/Check.svg\" alt=\"\" width=\"18\" height=\"15\" \/>Kiire tegevus.<\/strong>\u00a0T\u00e4nu v\u00e4ga reaktiivsele koostisele toimib see puhastusvahend koheselt mustuse ja mustuse vastu. Vaid sekunditega lahustab see mustuse ja muudab selle kergesti p\u00fchkimiseks ilma k\u00fc\u00fcrimiseta. T\u00e4nu kiirelt kuivavale toimele sobib see ideaalselt k\u00f5igi ekraanide kiireks ja t\u00f5husaks hoolduseks.<\/p>\n<h2><strong>Kasutusjuhised<\/strong><\/h2>\n<ul>\n<li><strong>Ettevalmistus <\/strong>: Veenduge, et ekraan on v\u00e4lja l\u00fclitatud ja vaba paksust tolmust v\u00f5i osakestest, mis v\u00f5ivad seda puhastamise ajal kriimustada.<\/li>\n<li><strong>K\u00e4sitsi rakendamine <\/strong>: Valage v\u00e4ike kogus puhastusvahendit puhtale mikrokiudlapile. \u00c4rge kunagi pihustage otse ekraanile, et v\u00e4ltida vedeliku sattumist elektroonikakomponentidesse.<\/li>\n<li><strong>Puhastamine <\/strong>: P\u00fchkige ekraani ettevaatlikult niiske lapiga, kasutades ringikujulisi liigutusi, et eemaldada s\u00f5rmej\u00e4ljed ja mustus ilma liigset survet avaldamata.<\/li>\n<li><strong>L\u00f5petamine <\/strong>: P\u00fchkige uuesti kuiva mikrokiudlapiga, et tagada triibuvaba ja laitmatu tulemus.<\/li>\n<li><strong>Kasutamine kaamera objektiivide ja optilise klaasi puhul <\/strong>: Kandke toode mikrokiudlapile ja puhastage pind \u00f5rnalt, kasutades kerget survet, et v\u00e4ltida pinnakatte kahjustamist.<\/li>\n<li><strong>Kasutamise sagedus <\/strong>: Puhastage ekraanid alati, kui ilmnevad n\u00e4htavad mustused v\u00f5i tolm. Ennetavaks hoolduseks puhastage \u00fcks v\u00f5i kaks korda n\u00e4dalas, et s\u00e4ilitada optimaalne selgus ja v\u00e4ltida kuhjumist.<\/li>\n<li><strong>Ladustamine <\/strong>: P\u00e4rast iga kasutuskorda sulgege pakend tihedalt ja hoidke seda jahedas, kuivas kohas, valguse ja \u00e4\u00e4rmuslike temperatuuride eest kaitstult, et s\u00e4ilitada toote t\u00f5husus pikaajaliselt.<\/li>\n<\/ul>\n<p>Meie televiisori, telefoni ja arvuti ekraanipuhastusvahendiga saate iga p\u00e4ev nautida kristallselget ekraani, kaitstes samal ajal oma elektroonikat. T\u00f5hus, kiire ja turvaline lahendus t\u00e4iusliku visuaali saavutamiseks kodus v\u00f5i t\u00f6\u00f6l.<\/p>","protected":false},"excerpt":{"rendered":"<p>Optimal Effectiveness.\u00a0This screen cleaner for TVs, phones and computers is specially designed to effectively remove fingerprints, dust, grease, and impurities that build up on screens. Thanks to its advanced formula, it instantly dissolves dirt without leaving streaks or residue, ensuring clarity and optimal brightness. It restores your screens\u2019 original shine and enhances visual comfort by [&hellip;]<\/p>\n","protected":false},"featured_media":35835,"comment_status":"open","ping_status":"closed","template":"","meta":{"_uag_custom_page_level_css":"","site-sidebar-layout":"default","site-content-layout":"","ast-site-content-layout":"default","site-content-style":"default","site-sidebar-style":"default","ast-global-header-display":"","ast-banner-title-visibility":"","ast-main-header-display":"","ast-hfb-above-header-display":"","ast-hfb-below-header-display":"","ast-hfb-mobile-header-display":"","site-post-title":"","ast-breadcrumbs-content":"","ast-featured-img":"","footer-sml-layout":"","ast-disable-related-posts":"","theme-transparent-header-meta":"default","adv-header-id-meta":"","stick-header-meta":"","header-above-stick-meta":"","header-main-stick-meta":"","header-below-stick-meta":"","astra-migrate-meta-layouts":"set","ast-page-background-enabled":"default","ast-page-background-meta":{"desktop":{"background-color":"var(--ast-global-color-4)","background-image":"","background-repeat":"repeat","background-position":"center center","background-size":"auto","background-attachment":"scroll","background-type":"","background-media":"","overlay-type":"","overlay-color":"","overlay-opacity":"","overlay-gradient":""},"tablet":{"background-color":"","background-image":"","background-repeat":"repeat","background-position":"center center","background-size":"auto","background-attachment":"scroll","background-type":"","background-media":"","overlay-type":"","overlay-color":"","overlay-opacity":"","overlay-gradient":""},"mobile":{"background-color":"","background-image":"","background-repeat":"repeat","background-position":"center center","background-size":"auto","background-attachment":"scroll","background-type":"","background-media":"","overlay-type":"","overlay-color":"","overlay-opacity":"","overlay-gradient":""}},"ast-content-background-meta":{"desktop":{"background-color":"var(--ast-global-color-5)","background-image":"","background-repeat":"repeat","background-position":"center center","background-size":"auto","background-attachment":"scroll","background-type":"","background-media":"","overlay-type":"","overlay-color":"","overlay-opacity":"","overlay-gradient":""},"tablet":{"background-color":"var(--ast-global-color-5)","background-image":"","background-repeat":"repeat","background-position":"center center","background-size":"auto","background-attachment":"scroll","background-type":"","background-media":"","overlay-type":"","overlay-color":"","overlay-opacity":"","overlay-gradient":""},"mobile":{"background-color":"var(--ast-global-color-5)","background-image":"","background-repeat":"repeat","background-position":"center center","background-size":"auto","background-attachment":"scroll","background-type":"","background-media":"","overlay-type":"","overlay-color":"","overlay-opacity":"","overlay-gradient":""}}},"product_brand":[],"product_cat":[175],"product_tag":[],"class_list":{"0":"post-25608","1":"product","2":"type-product","3":"status-publish","4":"has-post-thumbnail","6":"product_cat-cleaning-products","7":"desktop-align-left","8":"tablet-align-left","9":"mobile-align-left","11":"first","12":"instock","13":"sale","14":"shipping-taxable","15":"purchasable","16":"product-type-variable","17":"has-default-attributes"},"spectra_custom_meta":{"_visibility":["visible"],"_shopify_product_id":["9102390755573"],"_s2w_shopify_domain":["ferberpainting.myshopify.com"],"_shopify_variant_id":["46616188879093"],"_sku":[""],"_manage_stock":["no"],"total_sales":["2"],"_tax_status":["taxable"],"_tax_class":[""],"_backorders":["no"],"_sold_individually":["no"],"_virtual":["no"],"_downloadable":["no"],"_download_limit":["-1"],"_download_expiry":["-1"],"_stock":[null],"_stock_status":["instock"],"_wc_average_rating":["5.00"],"_wc_review_count":["10"],"_product_attributes":["a:1:{s:6:\"volume\";a:6:{s:4:\"name\";s:6:\"Volume\";s:5:\"value\";s:20:\"5 liters | 25 liters\";s:8:\"position\";i:1;s:10:\"is_visible\";i:0;s:12:\"is_variation\";i:1;s:11:\"is_taxonomy\";i:0;}}"],"_product_version":["10.5.1"],"wpse_downloadable_file_names":[""],"wpse_downloadable_file_urls":[""],"_edit_last":["1"],"_edit_lock":["1771246641:1"],"_default_attributes":["a:1:{s:6:\"volume\";s:8:\"5 liters\";}"],"merchant-center-availability":["yes"],"merchant-center-category":["4973"],"_thumbnail_id":["35835"],"_wp_page_template":["default"],"_wp_old_date":["2025-05-26"],"_product_image_gallery":["35836"],"site-sidebar-layout":["default"],"ast-site-content-layout":["default"],"site-content-style":["default"],"site-sidebar-style":["default"],"theme-transparent-header-meta":["default"],"_price":["29.90","129.90"],"_wc_rating_count":["a:1:{i:5;i:10;}"],"astra-migrate-meta-layouts":["set"],"_uag_css_file_name":["uag-css-25608.css"],"_elementor_page_assets":["a:0:{}"],"_uag_page_assets":["a:9:{s:3:\"css\";s:7133:\".uag-blocks-common-selector{z-index:var(--z-index-desktop) !important}@media(max-width: 976px){.uag-blocks-common-selector{z-index:var(--z-index-tablet) !important}}@media(max-width: 767px){.uag-blocks-common-selector{z-index:var(--z-index-mobile) !important}}.wp-block-uagb-image{display:flex}.wp-block-uagb-image__figure{position:relative;display:flex;flex-direction:column;max-width:100%;height:auto;margin:0}.wp-block-uagb-image__figure img{height:auto;display:flex;max-width:100%;transition:box-shadow .2s ease}.wp-block-uagb-image__figure>a{display:inline-block}.wp-block-uagb-image__figure figcaption{text-align:center;margin-top:.5em;margin-bottom:1em}.wp-block-uagb-image .components-placeholder.block-editor-media-placeholder .components-placeholder__instructions{align-self:center}.wp-block-uagb-image--align-left{text-align:left}.wp-block-uagb-image--align-right{text-align:right}.wp-block-uagb-image--align-center{text-align:center}.wp-block-uagb-image--align-full .wp-block-uagb-image__figure{margin-left:calc(50% - 50vw);margin-right:calc(50% - 50vw);max-width:100vw;width:100vw;height:auto}.wp-block-uagb-image--align-full .wp-block-uagb-image__figure img{height:auto;width:100% !important}.wp-block-uagb-image--align-wide .wp-block-uagb-image__figure img{height:auto;width:100%}.wp-block-uagb-image--layout-overlay__color-wrapper{position:absolute;left:0;top:0;right:0;bottom:0;opacity:.2;background:rgba(0,0,0,.5);transition:opacity .35s ease-in-out}.wp-block-uagb-image--layout-overlay-link{position:absolute;left:0;right:0;bottom:0;top:0}.wp-block-uagb-image--layout-overlay .wp-block-uagb-image__figure:hover .wp-block-uagb-image--layout-overlay__color-wrapper{opacity:1}.wp-block-uagb-image--layout-overlay__inner{position:absolute;left:15px;right:15px;bottom:15px;top:15px;display:flex;align-items:center;justify-content:center;flex-direction:column;border-color:#fff;transition:.35s ease-in-out}.wp-block-uagb-image--layout-overlay__inner.top-left,.wp-block-uagb-image--layout-overlay__inner.top-center,.wp-block-uagb-image--layout-overlay__inner.top-right{justify-content:flex-start}.wp-block-uagb-image--layout-overlay__inner.bottom-left,.wp-block-uagb-image--layout-overlay__inner.bottom-center,.wp-block-uagb-image--layout-overlay__inner.bottom-right{justify-content:flex-end}.wp-block-uagb-image--layout-overlay__inner.top-left,.wp-block-uagb-image--layout-overlay__inner.center-left,.wp-block-uagb-image--layout-overlay__inner.bottom-left{align-items:flex-start}.wp-block-uagb-image--layout-overlay__inner.top-right,.wp-block-uagb-image--layout-overlay__inner.center-right,.wp-block-uagb-image--layout-overlay__inner.bottom-right{align-items:flex-end}.wp-block-uagb-image--layout-overlay__inner .uagb-image-heading{color:#fff;transition:transform .35s,opacity .35s ease-in-out;transform:translate3d(0, 24px, 0);margin:0;line-height:1em}.wp-block-uagb-image--layout-overlay__inner .uagb-image-separator{width:30%;border-top-width:2px;border-top-color:#fff;border-top-style:solid;margin-bottom:10px;opacity:0;transition:transform .4s,opacity .4s ease-in-out;transform:translate3d(0, 30px, 0)}.wp-block-uagb-image--layout-overlay__inner .uagb-image-caption{opacity:0;overflow:visible;color:#fff;transition:transform .45s,opacity .45s ease-in-out;transform:translate3d(0, 35px, 0)}.wp-block-uagb-image--layout-overlay__inner:hover .uagb-image-heading,.wp-block-uagb-image--layout-overlay__inner:hover .uagb-image-separator,.wp-block-uagb-image--layout-overlay__inner:hover .uagb-image-caption{opacity:1;transform:translate3d(0, 0, 0)}.wp-block-uagb-image--effect-zoomin .wp-block-uagb-image__figure img,.wp-block-uagb-image--effect-zoomin .wp-block-uagb-image__figure .wp-block-uagb-image--layout-overlay__color-wrapper{transform:scale(1);transition:transform .35s ease-in-out}.wp-block-uagb-image--effect-zoomin .wp-block-uagb-image__figure:hover img,.wp-block-uagb-image--effect-zoomin .wp-block-uagb-image__figure:hover .wp-block-uagb-image--layout-overlay__color-wrapper{transform:scale(1.05)}.wp-block-uagb-image--effect-slide .wp-block-uagb-image__figure img,.wp-block-uagb-image--effect-slide .wp-block-uagb-image__figure .wp-block-uagb-image--layout-overlay__color-wrapper{width:calc(100% + 40px) !important;max-width:none !important;transform:translate3d(-40px, 0, 0);transition:transform .35s ease-in-out}.wp-block-uagb-image--effect-slide .wp-block-uagb-image__figure:hover img,.wp-block-uagb-image--effect-slide .wp-block-uagb-image__figure:hover .wp-block-uagb-image--layout-overlay__color-wrapper{transform:translate3d(0, 0, 0)}.wp-block-uagb-image--effect-grayscale img{filter:grayscale(0%);transition:.35s ease-in-out}.wp-block-uagb-image--effect-grayscale:hover img{filter:grayscale(100%)}.wp-block-uagb-image--effect-blur img{filter:blur(0);transition:.35s ease-in-out}.wp-block-uagb-image--effect-blur:hover img{filter:blur(3px)}.uagb-block-e6f939b3.wp-block-uagb-image--layout-default figure img{box-shadow: 0px 0px 0 #00000070;}.uagb-block-e6f939b3.wp-block-uagb-image .wp-block-uagb-image__figure figcaption{font-style: normal;align-self: center;}.uagb-block-e6f939b3.wp-block-uagb-image--layout-overlay figure img{box-shadow: 0px 0px 0 #00000070;}.uagb-block-e6f939b3.wp-block-uagb-image--layout-overlay .wp-block-uagb-image--layout-overlay__color-wrapper{opacity: 0.2;}.uagb-block-e6f939b3.wp-block-uagb-image--layout-overlay .wp-block-uagb-image--layout-overlay__inner{left: 15px;right: 15px;top: 15px;bottom: 15px;}.uagb-block-e6f939b3.wp-block-uagb-image--layout-overlay .wp-block-uagb-image--layout-overlay__inner .uagb-image-heading{font-style: normal;color: #fff;opacity: 1;}.uagb-block-e6f939b3.wp-block-uagb-image--layout-overlay .wp-block-uagb-image--layout-overlay__inner .uagb-image-heading a{color: #fff;}.uagb-block-e6f939b3.wp-block-uagb-image--layout-overlay .wp-block-uagb-image--layout-overlay__inner .uagb-image-caption{opacity: 0;}.uagb-block-e6f939b3.wp-block-uagb-image--layout-overlay .wp-block-uagb-image__figure:hover .wp-block-uagb-image--layout-overlay__color-wrapper{opacity: 1;}.uagb-block-e6f939b3.wp-block-uagb-image .wp-block-uagb-image--layout-overlay__inner .uagb-image-separator{width: 30%;border-top-width: 2px;border-top-color: #fff;opacity: 0;}.uagb-block-e6f939b3.wp-block-uagb-image .wp-block-uagb-image__figure img{width: px;height: auto;}.uagb-block-e6f939b3.wp-block-uagb-image .wp-block-uagb-image__figure:hover .wp-block-uagb-image--layout-overlay__inner .uagb-image-caption{opacity: 1;}.uagb-block-e6f939b3.wp-block-uagb-image .wp-block-uagb-image__figure:hover .wp-block-uagb-image--layout-overlay__inner .uagb-image-separator{opacity: 1;}.uagb-block-e6f939b3.wp-block-uagb-image--layout-default figure:hover img{box-shadow: 0px 0px 0 #00000070;}.uagb-block-e6f939b3.wp-block-uagb-image--layout-overlay figure:hover img{box-shadow: 0px 0px 0 #00000070;}@media only screen and (max-width: 976px) {.uagb-block-e6f939b3.wp-block-uagb-image .wp-block-uagb-image__figure img{width: px;height: auto;}}@media only screen and (max-width: 767px) {.uagb-block-e6f939b3.wp-block-uagb-image .wp-block-uagb-image__figure img{width: px;height: auto;}}\";s:2:\"js\";s:0:\"\";s:18:\"current_block_list\";a:13:{i:0;s:11:\"core\/search\";i:1;s:10:\"core\/group\";i:2;s:12:\"core\/heading\";i:3;s:17:\"core\/latest-posts\";i:4;s:20:\"core\/latest-comments\";i:5;s:13:\"core\/archives\";i:6;s:15:\"core\/categories\";i:7;s:14:\"core\/paragraph\";i:8;s:10:\"uagb\/image\";i:9;s:11:\"core\/spacer\";i:10;s:30:\"woocommerce\/product-categories\";i:11;s:10:\"core\/image\";i:12;s:14:\"core\/shortcode\";}s:8:\"uag_flag\";b:1;s:11:\"uag_version\";s:10:\"1777115708\";s:6:\"gfonts\";a:0:{}s:10:\"gfonts_url\";s:0:\"\";s:12:\"gfonts_files\";a:0:{}s:14:\"uag_faq_layout\";b:0;}"]},"uagb_featured_image_src":{"full":["https:\/\/www.ferberpainting.com\/wp-content\/uploads\/2025\/05\/TV-Computer-and-Phone-Screen-Cleaner-5L.png",2560,2560,false],"thumbnail":["https:\/\/www.ferberpainting.com\/wp-content\/uploads\/2025\/05\/TV-Computer-and-Phone-Screen-Cleaner-5L-150x150.png",150,150,true],"medium":["https:\/\/www.ferberpainting.com\/wp-content\/uploads\/2025\/05\/TV-Computer-and-Phone-Screen-Cleaner-5L-300x300.png",300,300,true],"medium_large":["https:\/\/www.ferberpainting.com\/wp-content\/uploads\/2025\/05\/TV-Computer-and-Phone-Screen-Cleaner-5L-768x768.png",768,768,true],"large":["https:\/\/www.ferberpainting.com\/wp-content\/uploads\/2025\/05\/TV-Computer-and-Phone-Screen-Cleaner-5L-1024x1024.png",1024,1024,true],"1536x1536":["https:\/\/www.ferberpainting.com\/wp-content\/uploads\/2025\/05\/TV-Computer-and-Phone-Screen-Cleaner-5L-1536x1536.png",1536,1536,true],"2048x2048":["https:\/\/www.ferberpainting.com\/wp-content\/uploads\/2025\/05\/TV-Computer-and-Phone-Screen-Cleaner-5L-2048x2048.png",2048,2048,true],"trp-custom-language-flag":["https:\/\/www.ferberpainting.com\/wp-content\/uploads\/2025\/05\/TV-Computer-and-Phone-Screen-Cleaner-5L-12x12.png",12,12,true],"woocommerce_thumbnail":["https:\/\/www.ferberpainting.com\/wp-content\/uploads\/2025\/05\/TV-Computer-and-Phone-Screen-Cleaner-5L-300x300.png",300,300,true],"woocommerce_single":["https:\/\/www.ferberpainting.com\/wp-content\/uploads\/2025\/05\/TV-Computer-and-Phone-Screen-Cleaner-5L-600x600.png",600,600,true],"woocommerce_gallery_thumbnail":["https:\/\/www.ferberpainting.com\/wp-content\/uploads\/2025\/05\/TV-Computer-and-Phone-Screen-Cleaner-5L-100x100.png",100,100,true]},"uagb_author_info":{"display_name":"admin","author_link":"https:\/\/www.ferberpainting.com\/ee\/author\/"},"uagb_comment_info":10,"uagb_excerpt":"Optimal Effectiveness.\u00a0This screen cleaner for TVs, phones and computers is specially designed to effectively remove fingerprints, dust, grease, and impurities that build up on screens. Thanks to its advanced formula, it instantly dissolves dirt without leaving streaks or residue, ensuring clarity and optimal brightness. It restores your screens\u2019 original shine and enhances visual comfort by&hellip;","_links":{"self":[{"href":"https:\/\/www.ferberpainting.com\/ee\/wp-json\/wp\/v2\/product\/25608","targetHints":{"allow":["GET"]}}],"collection":[{"href":"https:\/\/www.ferberpainting.com\/ee\/wp-json\/wp\/v2\/product"}],"about":[{"href":"https:\/\/www.ferberpainting.com\/ee\/wp-json\/wp\/v2\/types\/product"}],"replies":[{"embeddable":true,"href":"https:\/\/www.ferberpainting.com\/ee\/wp-json\/wp\/v2\/comments?post=25608"}],"version-history":[{"count":4,"href":"https:\/\/www.ferberpainting.com\/ee\/wp-json\/wp\/v2\/product\/25608\/revisions"}],"predecessor-version":[{"id":167503,"href":"https:\/\/www.ferberpainting.com\/ee\/wp-json\/wp\/v2\/product\/25608\/revisions\/167503"}],"wp:featuredmedia":[{"embeddable":true,"href":"https:\/\/www.ferberpainting.com\/ee\/wp-json\/wp\/v2\/media\/35835"}],"wp:attachment":[{"href":"https:\/\/www.ferberpainting.com\/ee\/wp-json\/wp\/v2\/media?parent=25608"}],"wp:term":[{"taxonomy":"product_brand","embeddable":true,"href":"https:\/\/www.ferberpainting.com\/ee\/wp-json\/wp\/v2\/product_brand?post=25608"},{"taxonomy":"product_cat","embeddable":true,"href":"https:\/\/www.ferberpainting.com\/ee\/wp-json\/wp\/v2\/product_cat?post=25608"},{"taxonomy":"product_tag","embeddable":true,"href":"https:\/\/www.ferberpainting.com\/ee\/wp-json\/wp\/v2\/product_tag?post=25608"}],"curies":[{"name":"wp","href":"https:\/\/api.w.org\/{rel}","templated":true}]}}