{"id":25604,"date":"2025-05-26T10:32:43","date_gmt":"2025-05-26T08:32:43","guid":{"rendered":"https:\/\/www.ferberpainting.com\/products\/truffle-tree-fertilizer\/"},"modified":"2026-02-16T13:50:18","modified_gmt":"2026-02-16T12:50:18","slug":"truffle-tree-fertilizer","status":"publish","type":"product","link":"https:\/\/www.ferberpainting.com\/ee\/products\/truffle-tree-fertilizer\/","title":{"rendered":"Tr\u00fchvlipuu v\u00e4etis 25 kg"},"content":{"rendered":"<p><strong><img decoding=\"async\" style=\"margin-right: 12px;\" src=\"https:\/\/www.ferberpainting.com\/wp-content\/uploads\/2026\/02\/Check.svg\" alt=\"\" width=\"18\" height=\"15\" \/>V\u00e4etis, mis on spetsiaalselt loodud tr\u00fchvli m\u00fckorrhiseerimise soodustamiseks.<\/strong>\u00a0See granuleeritud v\u00e4etis on spetsiaalselt koostatud tr\u00fchvlipuude vajaduste rahuldamiseks, pakkudes nende arenguks vajalikke toitaineid. See soodustab tasakaalustatud ja progressiivset toitumist, mis stimuleerib juurestiku kasvu ja tr\u00fchvli m\u00fckeli istutamist. T\u00e4nu tasakaalustatud l\u00e4mmastiku-, fosfori- ja kaaliumisisaldusele (NPK 10-10-10) toetab see v\u00e4etis s\u00fcmbioosi puu ja tr\u00fchvli vahel, tugevdades samal ajal tr\u00fchvlipuu tugevust ja vastupidavust keskkonnastressile.<\/p>\n<p><strong><img decoding=\"async\" style=\"margin-right: 12px;\" src=\"https:\/\/www.ferberpainting.com\/wp-content\/uploads\/2026\/02\/Check.svg\" alt=\"\" width=\"18\" height=\"15\" \/>Raha tagasi garantii.<\/strong>\u00a0Oleme veendunud meie tr\u00fchvliv\u00e4etise t\u00f5hususes ja seet\u00f5ttu pakume t\u00e4ielikku tagastust, kui te ei ole tulemustega t\u00e4ielikult rahul. Kui p\u00e4rast kasutamist ei m\u00e4rka te mingit paranemist oma puude kasvus v\u00f5i m\u00fckoriisa moodustumises, kohustume teile tingimusteta raha tagasi maksma.<\/p>\n<p><strong><img decoding=\"async\" style=\"margin-right: 12px;\" src=\"https:\/\/www.ferberpainting.com\/wp-content\/uploads\/2026\/02\/Check.svg\" alt=\"\" width=\"18\" height=\"15\" \/>Mitmek\u00fclgne v\u00e4etis, mis sobib erinevatele muldadele ja tr\u00fchvli liikidele.<\/strong>\u00a0See v\u00e4etis sobib k\u00f5igi tr\u00fchvlitammede liikidega, sealhulgas kobartamme, rohelise tamme ja valge tamme ning ka tr\u00fchvli kasvatamiseks m\u00f5eldud sarapuudega. See on kohandatud ka lubjarikkale, savikliivsele ja savisele pinnasele, soodustades seega paremat toitainete omastamist ja optimaalset m\u00fckorrhisatsiooni.<\/p>\n<p><strong><img decoding=\"async\" style=\"margin-right: 12px;\" src=\"https:\/\/www.ferberpainting.com\/wp-content\/uploads\/2026\/02\/Check.svg\" alt=\"\" width=\"18\" height=\"15\" \/>Erakordne majanduslik saagikus pikaajaliseks v\u00e4etamiseks.<\/strong>\u00a0T\u00e4nu k\u00f5rgele toitainete kontsentratsioonile tagab see v\u00e4etis t\u00f5husa v\u00e4etamise v\u00e4ikese koguse tootega puu kohta. 25 kg kotiga saate t\u00f6\u00f6delda suurt istutusala. Selle saagis 200 grammi puu kohta teeb sellest kulut\u00f5husa ja t\u00f5husa valiku k\u00f5igile tr\u00fchvlikasvatajatele.<\/p>\n<p><strong><img decoding=\"async\" style=\"margin-right: 12px;\" src=\"https:\/\/www.ferberpainting.com\/wp-content\/uploads\/2026\/02\/Check.svg\" alt=\"\" width=\"18\" height=\"15\" \/>Keskkonnas\u00f5bralik v\u00e4etis, mis on ohutu loomastikule ja taimestikule.<\/strong>\u00a0See v\u00e4etis, mis on koostatud ilma m\u00fcrgiste toodetega, ei muuda mulla bioloogilist mitmekesisust, ei eralda kahjulikke keemilisi j\u00e4\u00e4ke ja aitab s\u00e4ilitada tr\u00fchvlitootmisele kasulikke mikroorganisme. See on kahjutu loomadele, putukatele ja mullas leiduvatele organismidele, tagades tr\u00fchvlipuu ja m\u00fckoriisav\u00f5rgu harmoonilise arengu.<\/p>\n<p><strong><img decoding=\"async\" style=\"margin-right: 12px;\" src=\"https:\/\/www.ferberpainting.com\/wp-content\/uploads\/2026\/02\/Check.svg\" alt=\"\" width=\"18\" height=\"15\" \/>Lihtne ja kiire manustamine ilma \u00fcleannustamise ohuta.<\/strong>\u00a0Seda v\u00e4etist kasutatakse tahkel kujul, mis muudab selle kasutamise lihtsaks ilma eelneva lahjendamiseta. Levitage soovitatud kogus lihtsalt puu \u00fcmber ja segage see kergelt mulda, et tagada toitainete j\u00e4rkj\u00e4rguline vabanemine.<\/p>\n<p><strong><img decoding=\"async\" style=\"margin-right: 12px;\" src=\"https:\/\/www.ferberpainting.com\/wp-content\/uploads\/2026\/02\/Check.svg\" alt=\"\" width=\"18\" height=\"15\" \/>Pikaajaline m\u00f5ju tr\u00fchvlipuude p\u00fcsivaks kasvuks.<\/strong>\u00a0T\u00e4nu oma aeglaselt vabanevale koostisele tagab see v\u00e4etis toitainete pideva eraldumise kogu hooaja jooksul. See soodustab juurte arengut, stimuleerib m\u00fckoriisategevust ja parandab tr\u00fchvlipuu \u00fcldist tervist, suurendades seel\u00e4bi v\u00f5imalusi rikkalikuks ja j\u00e4tkusuutlikuks tr\u00fchvlitootmiseks.<\/p>\n<p><strong><img decoding=\"async\" style=\"margin-right: 12px;\" src=\"https:\/\/www.ferberpainting.com\/wp-content\/uploads\/2026\/02\/Check.svg\" alt=\"\" width=\"18\" height=\"15\" \/>N\u00e4htavad tulemused esimesest hooajast.<\/strong>\u00a0Juba esimestel n\u00e4dalatel p\u00e4rast kasutamist t\u00e4heldate puu d\u00fcnaamilisemat kasvu, paremat juurte tihedust ja tr\u00fchvlipuu tervisliku seisundi \u00fcldist paranemist. See v\u00e4etis stimuleerib juurestiku moodustumist ja teiseseid juuri, mis soodustab m\u00fckorrifikatsiooni ja tr\u00fchvlitootmist.<\/p>\n<h2><strong>Kasutusprotokoll<\/strong><\/h2>\n<p><strong>Soovitatav annus <\/strong>:<\/p>\n<ul>\n<li>200 grammi v\u00e4etist puu kohta, mida tuleb kasutada \u00fcks v\u00f5i kaks korda aastas, ideaalis kevadel ja s\u00fcgisel.<\/li>\n<li>Noorte istandike puhul piisab v\u00e4hendatud annusest 100 grammi puu kohta, et soodustada kiiret rajamist ja \u00fchtlast kasvu.<\/li>\n<\/ul>\n<p><strong>Rakendusmeetod <\/strong>:<\/p>\n<ul>\n<li>Levitage v\u00e4etis ringikujuliselt \u00fcmber puu t\u00fcve, j\u00e4lgides, et see ei satuks otse t\u00fcvele.<\/li>\n<li>Parema toitainete omastatavuse tagamiseks segage v\u00e4etis kergelt mulda, kasutades selleks harali v\u00f5i k\u00fc\u00fcnist.<\/li>\n<li>P\u00e4rast kasutamist kasta, et soodustada mineraalainete vabanemist ja aktiveerida mulla mikroobide aktiivsust.<\/li>\n<\/ul>\n<p><strong>Kasutamise sagedus <\/strong>:<\/p>\n<ul>\n<li><strong>Kevadel (m\u00e4rts-aprill) <\/strong>: Edendada juurte arengut ja stimuleerida tr\u00fchvlim\u00fctseeli.<\/li>\n<li><strong>S\u00fcgisel (september-oktoober) <\/strong>: Tr\u00fchvlipuude ettevalmistamine k\u00fclmaks hooajaks ja nende toitumise toetamine j\u00e4rgmiseks aastaks.<\/li>\n<\/ul>\n<p><strong>Ettevaatusabin\u00f5ud kasutamisel <\/strong>:<\/p>\n<ul>\n<li>V\u00e4ltige \u00fcleannustamist, sest liigne v\u00e4etamine v\u00f5ib mulla tasakaalu rikkuda ja tr\u00fchvlite moodustumist aeglustada.<\/li>\n<li>\u00c4rge kasutage suvel suure kuumuse ajal, kuna toitainete imendumine on v\u00e4iksem ja aurustumine suureneb.<\/li>\n<li>S\u00e4ilitada kuivas, ventileeritud kohas, eemal niiskusest, et s\u00e4ilitada toote kvaliteet ja t\u00f5husus.<\/li>\n<\/ul>\n<p>See tr\u00fchvliv\u00e4etis on ideaalne lahendus k\u00f5igile tr\u00fchvli kasvatamise entusiastidele, kes soovivad maksimeerida puude kasvu ja optimeerida tr\u00fchvlitootmist.<br \/>\nLihtne kasutada, kuluefektiivne ja keskkonnas\u00f5bralik, see pakub t\u00e4ielikku ja j\u00e4tkusuutlikku v\u00e4etamist rikkaliku ja tootliku mulla jaoks.<\/p>","protected":false},"excerpt":{"rendered":"<p>A fertilizer specially designed to promote truffle mycorrhization.\u00a0This granular fertilizer has been specially formulated to meet the needs of truffle trees, by providing the essential nutrients needed for their development. It promotes a balanced and progressive nutrition, which stimulates root growth and the implantation of the truffle mycelium. Thanks to its balanced formulation in nitrogen, [&hellip;]<\/p>\n","protected":false},"featured_media":27436,"comment_status":"open","ping_status":"closed","template":"","meta":{"_uag_custom_page_level_css":"","site-sidebar-layout":"default","site-content-layout":"","ast-site-content-layout":"default","site-content-style":"default","site-sidebar-style":"default","ast-global-header-display":"","ast-banner-title-visibility":"","ast-main-header-display":"","ast-hfb-above-header-display":"","ast-hfb-below-header-display":"","ast-hfb-mobile-header-display":"","site-post-title":"","ast-breadcrumbs-content":"","ast-featured-img":"","footer-sml-layout":"","ast-disable-related-posts":"","theme-transparent-header-meta":"default","adv-header-id-meta":"","stick-header-meta":"","header-above-stick-meta":"","header-main-stick-meta":"","header-below-stick-meta":"","astra-migrate-meta-layouts":"set","ast-page-background-enabled":"default","ast-page-background-meta":{"desktop":{"background-color":"var(--ast-global-color-4)","background-image":"","background-repeat":"repeat","background-position":"center center","background-size":"auto","background-attachment":"scroll","background-type":"","background-media":"","overlay-type":"","overlay-color":"","overlay-opacity":"","overlay-gradient":""},"tablet":{"background-color":"","background-image":"","background-repeat":"repeat","background-position":"center center","background-size":"auto","background-attachment":"scroll","background-type":"","background-media":"","overlay-type":"","overlay-color":"","overlay-opacity":"","overlay-gradient":""},"mobile":{"background-color":"","background-image":"","background-repeat":"repeat","background-position":"center center","background-size":"auto","background-attachment":"scroll","background-type":"","background-media":"","overlay-type":"","overlay-color":"","overlay-opacity":"","overlay-gradient":""}},"ast-content-background-meta":{"desktop":{"background-color":"var(--ast-global-color-5)","background-image":"","background-repeat":"repeat","background-position":"center center","background-size":"auto","background-attachment":"scroll","background-type":"","background-media":"","overlay-type":"","overlay-color":"","overlay-opacity":"","overlay-gradient":""},"tablet":{"background-color":"var(--ast-global-color-5)","background-image":"","background-repeat":"repeat","background-position":"center center","background-size":"auto","background-attachment":"scroll","background-type":"","background-media":"","overlay-type":"","overlay-color":"","overlay-opacity":"","overlay-gradient":""},"mobile":{"background-color":"var(--ast-global-color-5)","background-image":"","background-repeat":"repeat","background-position":"center center","background-size":"auto","background-attachment":"scroll","background-type":"","background-media":"","overlay-type":"","overlay-color":"","overlay-opacity":"","overlay-gradient":""}}},"product_brand":[],"product_cat":[178],"product_tag":[],"class_list":{"0":"post-25604","1":"product","2":"type-product","3":"status-publish","4":"has-post-thumbnail","6":"product_cat-fertilizers","7":"desktop-align-left","8":"tablet-align-left","9":"mobile-align-left","11":"first","12":"instock","13":"taxable","14":"shipping-taxable","15":"purchasable","16":"product-type-simple"},"spectra_custom_meta":{"_visibility":["visible"],"_shopify_product_id":["9073230774517"],"_s2w_shopify_domain":["ferberpainting.myshopify.com"],"_shopify_variant_id":["46524447981813"],"_sku":["FPTRUFFLETREEFERTILIZER25KG"],"_regular_price":["39.90"],"_price":["39.90"],"_sale_price":[""],"_weight":["18.7"],"_thumbnail_id":["27436"],"_global_unique_id":["5056773817920"],"total_sales":["14"],"_tax_status":["taxable"],"_tax_class":[""],"_manage_stock":["no"],"_backorders":["no"],"_sold_individually":["no"],"_virtual":["no"],"_downloadable":["no"],"_download_limit":["-1"],"_download_expiry":["-1"],"_stock":[null],"_stock_status":["instock"],"_wc_average_rating":["5.00"],"_wc_review_count":["33"],"_product_version":["10.5.1"],"_wc_rating_count":["a:1:{i:5;i:33;}"],"_edit_lock":["1771246083:1"],"merchant-center-availability":["yes"],"merchant-center-category":["113"],"_edit_last":["1"],"_wp_page_template":["default"],"site-sidebar-layout":["default"],"ast-site-content-layout":["default"],"site-content-style":["default"],"site-sidebar-style":["default"],"theme-transparent-header-meta":["default"],"astra-migrate-meta-layouts":["set"],"_uag_css_file_name":["uag-css-25604.css"],"_elementor_page_assets":["a:0:{}"],"_uag_page_assets":["a:9:{s:3:\"css\";s:7133:\".uag-blocks-common-selector{z-index:var(--z-index-desktop) !important}@media(max-width: 976px){.uag-blocks-common-selector{z-index:var(--z-index-tablet) !important}}@media(max-width: 767px){.uag-blocks-common-selector{z-index:var(--z-index-mobile) !important}}.wp-block-uagb-image{display:flex}.wp-block-uagb-image__figure{position:relative;display:flex;flex-direction:column;max-width:100%;height:auto;margin:0}.wp-block-uagb-image__figure img{height:auto;display:flex;max-width:100%;transition:box-shadow .2s ease}.wp-block-uagb-image__figure>a{display:inline-block}.wp-block-uagb-image__figure figcaption{text-align:center;margin-top:.5em;margin-bottom:1em}.wp-block-uagb-image .components-placeholder.block-editor-media-placeholder .components-placeholder__instructions{align-self:center}.wp-block-uagb-image--align-left{text-align:left}.wp-block-uagb-image--align-right{text-align:right}.wp-block-uagb-image--align-center{text-align:center}.wp-block-uagb-image--align-full .wp-block-uagb-image__figure{margin-left:calc(50% - 50vw);margin-right:calc(50% - 50vw);max-width:100vw;width:100vw;height:auto}.wp-block-uagb-image--align-full .wp-block-uagb-image__figure img{height:auto;width:100% !important}.wp-block-uagb-image--align-wide .wp-block-uagb-image__figure img{height:auto;width:100%}.wp-block-uagb-image--layout-overlay__color-wrapper{position:absolute;left:0;top:0;right:0;bottom:0;opacity:.2;background:rgba(0,0,0,.5);transition:opacity .35s ease-in-out}.wp-block-uagb-image--layout-overlay-link{position:absolute;left:0;right:0;bottom:0;top:0}.wp-block-uagb-image--layout-overlay .wp-block-uagb-image__figure:hover .wp-block-uagb-image--layout-overlay__color-wrapper{opacity:1}.wp-block-uagb-image--layout-overlay__inner{position:absolute;left:15px;right:15px;bottom:15px;top:15px;display:flex;align-items:center;justify-content:center;flex-direction:column;border-color:#fff;transition:.35s ease-in-out}.wp-block-uagb-image--layout-overlay__inner.top-left,.wp-block-uagb-image--layout-overlay__inner.top-center,.wp-block-uagb-image--layout-overlay__inner.top-right{justify-content:flex-start}.wp-block-uagb-image--layout-overlay__inner.bottom-left,.wp-block-uagb-image--layout-overlay__inner.bottom-center,.wp-block-uagb-image--layout-overlay__inner.bottom-right{justify-content:flex-end}.wp-block-uagb-image--layout-overlay__inner.top-left,.wp-block-uagb-image--layout-overlay__inner.center-left,.wp-block-uagb-image--layout-overlay__inner.bottom-left{align-items:flex-start}.wp-block-uagb-image--layout-overlay__inner.top-right,.wp-block-uagb-image--layout-overlay__inner.center-right,.wp-block-uagb-image--layout-overlay__inner.bottom-right{align-items:flex-end}.wp-block-uagb-image--layout-overlay__inner .uagb-image-heading{color:#fff;transition:transform .35s,opacity .35s ease-in-out;transform:translate3d(0, 24px, 0);margin:0;line-height:1em}.wp-block-uagb-image--layout-overlay__inner .uagb-image-separator{width:30%;border-top-width:2px;border-top-color:#fff;border-top-style:solid;margin-bottom:10px;opacity:0;transition:transform .4s,opacity .4s ease-in-out;transform:translate3d(0, 30px, 0)}.wp-block-uagb-image--layout-overlay__inner .uagb-image-caption{opacity:0;overflow:visible;color:#fff;transition:transform .45s,opacity .45s ease-in-out;transform:translate3d(0, 35px, 0)}.wp-block-uagb-image--layout-overlay__inner:hover .uagb-image-heading,.wp-block-uagb-image--layout-overlay__inner:hover .uagb-image-separator,.wp-block-uagb-image--layout-overlay__inner:hover .uagb-image-caption{opacity:1;transform:translate3d(0, 0, 0)}.wp-block-uagb-image--effect-zoomin .wp-block-uagb-image__figure img,.wp-block-uagb-image--effect-zoomin .wp-block-uagb-image__figure .wp-block-uagb-image--layout-overlay__color-wrapper{transform:scale(1);transition:transform .35s ease-in-out}.wp-block-uagb-image--effect-zoomin .wp-block-uagb-image__figure:hover img,.wp-block-uagb-image--effect-zoomin .wp-block-uagb-image__figure:hover .wp-block-uagb-image--layout-overlay__color-wrapper{transform:scale(1.05)}.wp-block-uagb-image--effect-slide .wp-block-uagb-image__figure img,.wp-block-uagb-image--effect-slide .wp-block-uagb-image__figure .wp-block-uagb-image--layout-overlay__color-wrapper{width:calc(100% + 40px) !important;max-width:none !important;transform:translate3d(-40px, 0, 0);transition:transform .35s ease-in-out}.wp-block-uagb-image--effect-slide .wp-block-uagb-image__figure:hover img,.wp-block-uagb-image--effect-slide .wp-block-uagb-image__figure:hover .wp-block-uagb-image--layout-overlay__color-wrapper{transform:translate3d(0, 0, 0)}.wp-block-uagb-image--effect-grayscale img{filter:grayscale(0%);transition:.35s ease-in-out}.wp-block-uagb-image--effect-grayscale:hover img{filter:grayscale(100%)}.wp-block-uagb-image--effect-blur img{filter:blur(0);transition:.35s ease-in-out}.wp-block-uagb-image--effect-blur:hover img{filter:blur(3px)}.uagb-block-e6f939b3.wp-block-uagb-image--layout-default figure img{box-shadow: 0px 0px 0 #00000070;}.uagb-block-e6f939b3.wp-block-uagb-image .wp-block-uagb-image__figure figcaption{font-style: normal;align-self: center;}.uagb-block-e6f939b3.wp-block-uagb-image--layout-overlay figure img{box-shadow: 0px 0px 0 #00000070;}.uagb-block-e6f939b3.wp-block-uagb-image--layout-overlay .wp-block-uagb-image--layout-overlay__color-wrapper{opacity: 0.2;}.uagb-block-e6f939b3.wp-block-uagb-image--layout-overlay .wp-block-uagb-image--layout-overlay__inner{left: 15px;right: 15px;top: 15px;bottom: 15px;}.uagb-block-e6f939b3.wp-block-uagb-image--layout-overlay .wp-block-uagb-image--layout-overlay__inner .uagb-image-heading{font-style: normal;color: #fff;opacity: 1;}.uagb-block-e6f939b3.wp-block-uagb-image--layout-overlay .wp-block-uagb-image--layout-overlay__inner .uagb-image-heading a{color: #fff;}.uagb-block-e6f939b3.wp-block-uagb-image--layout-overlay .wp-block-uagb-image--layout-overlay__inner .uagb-image-caption{opacity: 0;}.uagb-block-e6f939b3.wp-block-uagb-image--layout-overlay .wp-block-uagb-image__figure:hover .wp-block-uagb-image--layout-overlay__color-wrapper{opacity: 1;}.uagb-block-e6f939b3.wp-block-uagb-image .wp-block-uagb-image--layout-overlay__inner .uagb-image-separator{width: 30%;border-top-width: 2px;border-top-color: #fff;opacity: 0;}.uagb-block-e6f939b3.wp-block-uagb-image .wp-block-uagb-image__figure img{width: px;height: auto;}.uagb-block-e6f939b3.wp-block-uagb-image .wp-block-uagb-image__figure:hover .wp-block-uagb-image--layout-overlay__inner .uagb-image-caption{opacity: 1;}.uagb-block-e6f939b3.wp-block-uagb-image .wp-block-uagb-image__figure:hover .wp-block-uagb-image--layout-overlay__inner .uagb-image-separator{opacity: 1;}.uagb-block-e6f939b3.wp-block-uagb-image--layout-default figure:hover img{box-shadow: 0px 0px 0 #00000070;}.uagb-block-e6f939b3.wp-block-uagb-image--layout-overlay figure:hover img{box-shadow: 0px 0px 0 #00000070;}@media only screen and (max-width: 976px) {.uagb-block-e6f939b3.wp-block-uagb-image .wp-block-uagb-image__figure img{width: px;height: auto;}}@media only screen and (max-width: 767px) {.uagb-block-e6f939b3.wp-block-uagb-image .wp-block-uagb-image__figure img{width: px;height: auto;}}\";s:2:\"js\";s:0:\"\";s:18:\"current_block_list\";a:13:{i:0;s:11:\"core\/search\";i:1;s:10:\"core\/group\";i:2;s:12:\"core\/heading\";i:3;s:17:\"core\/latest-posts\";i:4;s:20:\"core\/latest-comments\";i:5;s:13:\"core\/archives\";i:6;s:15:\"core\/categories\";i:7;s:14:\"core\/paragraph\";i:8;s:10:\"uagb\/image\";i:9;s:11:\"core\/spacer\";i:10;s:30:\"woocommerce\/product-categories\";i:11;s:10:\"core\/image\";i:12;s:14:\"core\/shortcode\";}s:8:\"uag_flag\";b:1;s:11:\"uag_version\";s:10:\"1777315334\";s:6:\"gfonts\";a:0:{}s:10:\"gfonts_url\";s:0:\"\";s:12:\"gfonts_files\";a:0:{}s:14:\"uag_faq_layout\";b:0;}"]},"uagb_featured_image_src":{"full":["https:\/\/www.ferberpainting.com\/wp-content\/uploads\/2025\/05\/TruffleTreeFertilizer.png",2560,2560,false],"thumbnail":["https:\/\/www.ferberpainting.com\/wp-content\/uploads\/2025\/05\/TruffleTreeFertilizer-150x150.png",150,150,true],"medium":["https:\/\/www.ferberpainting.com\/wp-content\/uploads\/2025\/05\/TruffleTreeFertilizer-300x300.png",300,300,true],"medium_large":["https:\/\/www.ferberpainting.com\/wp-content\/uploads\/2025\/05\/TruffleTreeFertilizer-768x768.png",768,768,true],"large":["https:\/\/www.ferberpainting.com\/wp-content\/uploads\/2025\/05\/TruffleTreeFertilizer-1024x1024.png",1024,1024,true],"1536x1536":["https:\/\/www.ferberpainting.com\/wp-content\/uploads\/2025\/05\/TruffleTreeFertilizer-1536x1536.png",1536,1536,true],"2048x2048":["https:\/\/www.ferberpainting.com\/wp-content\/uploads\/2025\/05\/TruffleTreeFertilizer-2048x2048.png",2048,2048,true],"trp-custom-language-flag":["https:\/\/www.ferberpainting.com\/wp-content\/uploads\/2025\/05\/TruffleTreeFertilizer-12x12.png",12,12,true],"woocommerce_thumbnail":["https:\/\/www.ferberpainting.com\/wp-content\/uploads\/2025\/05\/TruffleTreeFertilizer-300x300.png",300,300,true],"woocommerce_single":["https:\/\/www.ferberpainting.com\/wp-content\/uploads\/2025\/05\/TruffleTreeFertilizer-600x600.png",600,600,true],"woocommerce_gallery_thumbnail":["https:\/\/www.ferberpainting.com\/wp-content\/uploads\/2025\/05\/TruffleTreeFertilizer-100x100.png",100,100,true]},"uagb_author_info":{"display_name":"admin","author_link":"https:\/\/www.ferberpainting.com\/ee\/author\/"},"uagb_comment_info":33,"uagb_excerpt":"A fertilizer specially designed to promote truffle mycorrhization.\u00a0This granular fertilizer has been specially formulated to meet the needs of truffle trees, by providing the essential nutrients needed for their development. It promotes a balanced and progressive nutrition, which stimulates root growth and the implantation of the truffle mycelium. Thanks to its balanced formulation in nitrogen,&hellip;","_links":{"self":[{"href":"https:\/\/www.ferberpainting.com\/ee\/wp-json\/wp\/v2\/product\/25604","targetHints":{"allow":["GET"]}}],"collection":[{"href":"https:\/\/www.ferberpainting.com\/ee\/wp-json\/wp\/v2\/product"}],"about":[{"href":"https:\/\/www.ferberpainting.com\/ee\/wp-json\/wp\/v2\/types\/product"}],"replies":[{"embeddable":true,"href":"https:\/\/www.ferberpainting.com\/ee\/wp-json\/wp\/v2\/comments?post=25604"}],"version-history":[{"count":5,"href":"https:\/\/www.ferberpainting.com\/ee\/wp-json\/wp\/v2\/product\/25604\/revisions"}],"predecessor-version":[{"id":167495,"href":"https:\/\/www.ferberpainting.com\/ee\/wp-json\/wp\/v2\/product\/25604\/revisions\/167495"}],"wp:featuredmedia":[{"embeddable":true,"href":"https:\/\/www.ferberpainting.com\/ee\/wp-json\/wp\/v2\/media\/27436"}],"wp:attachment":[{"href":"https:\/\/www.ferberpainting.com\/ee\/wp-json\/wp\/v2\/media?parent=25604"}],"wp:term":[{"taxonomy":"product_brand","embeddable":true,"href":"https:\/\/www.ferberpainting.com\/ee\/wp-json\/wp\/v2\/product_brand?post=25604"},{"taxonomy":"product_cat","embeddable":true,"href":"https:\/\/www.ferberpainting.com\/ee\/wp-json\/wp\/v2\/product_cat?post=25604"},{"taxonomy":"product_tag","embeddable":true,"href":"https:\/\/www.ferberpainting.com\/ee\/wp-json\/wp\/v2\/product_tag?post=25604"}],"curies":[{"name":"wp","href":"https:\/\/api.w.org\/{rel}","templated":true}]}}