{"id":25601,"date":"2025-05-26T10:32:42","date_gmt":"2025-05-26T08:32:42","guid":{"rendered":"https:\/\/www.ferberpainting.com\/products\/tropical-plant-fertilizer\/"},"modified":"2026-02-16T13:47:24","modified_gmt":"2026-02-16T12:47:24","slug":"tropical-plant-fertilizer","status":"publish","type":"product","link":"https:\/\/www.ferberpainting.com\/ee\/products\/tropical-plant-fertilizer\/","title":{"rendered":"Troopiliste taimede v\u00e4etis"},"content":{"rendered":"<p><strong><img decoding=\"async\" style=\"margin-right: 12px;\" src=\"https:\/\/www.ferberpainting.com\/wp-content\/uploads\/2026\/02\/Check.svg\" alt=\"\" width=\"18\" height=\"15\" \/>Spetsiaalselt troopilistele taimedele m\u00f5eldud v\u00e4etis.<\/strong>\u00a0Troopilistel taimedel on spetsiifilised toitumisvajadused, mis n\u00f5uavad tasakaalustatud l\u00e4mmastiku-, fosfori- ja kaaliumisisaldust, et tagada j\u00f5uline kasv, lopsakas lehestik ja rikkalik \u00f5itsemine. Meie NPK 15-15-15 v\u00e4etis on koostatud nende vajaduste rahuldamiseks, pakkudes k\u00f5iki olulisi elemente, mis soodustavad nii sise- kui ka v\u00e4listroopiliste taimede, nagu monstera, banaanipuud, palmid, fikused, hibiskused ja paradiisilinnud, arengut.<\/p>\n<p><strong><img decoding=\"async\" style=\"margin-right: 12px;\" src=\"https:\/\/www.ferberpainting.com\/wp-content\/uploads\/2026\/02\/Check.svg\" alt=\"\" width=\"18\" height=\"15\" \/>Raha tagasi garantii.<\/strong>\u00a0Oleme loonud kvaliteetse v\u00e4etise, mis on testitud ja heaks kiidetud n\u00e4htavate tulemuste saavutamiseks. Kui vaatamata n\u00f5uetekohasele kasutamisele ei n\u00e4ita teie taim paranemist, pakume teile t\u00e4ielikku h\u00fcvitist.<\/p>\n<p><strong><img decoding=\"async\" style=\"margin-right: 12px;\" src=\"https:\/\/www.ferberpainting.com\/wp-content\/uploads\/2026\/02\/Check.svg\" alt=\"\" width=\"18\" height=\"15\" \/>Sobib k\u00f5igi troopiliste taimedega.<\/strong>\u00a0See v\u00e4etis sobib k\u00f5igile kiiresti kasvavatele, lopsakate lehtedega taimedele, olenemata sellest, kas neid kasvatatakse potis, maas, siseruumides v\u00f5i vabas \u00f5hus. See sobib troopilistele ja subtroopilistele taimedele ning seda v\u00f5ib kasutada ka orhideede, filodendronite, antuuride ja paljude teiste eksootiliste liikide puhul.<\/p>\n<p><strong><img decoding=\"async\" style=\"margin-right: 12px;\" src=\"https:\/\/www.ferberpainting.com\/wp-content\/uploads\/2026\/02\/Check.svg\" alt=\"\" width=\"18\" height=\"15\" \/>Suurep\u00e4rane majanduslik tulemuslikkus.<\/strong>\u00a0T\u00e4nu k\u00f5rgele kontsentratsioonile v\u00f5imaldab meie v\u00e4etis lahjendada 5 ml liitri vee kohta, mis teeb sellest \u00e4\u00e4rmiselt kuluefektiivse toote. \u00dche 5-liitrise mahutiga saab valmistada kuni 1000 liitrit toitainelahust, tagades sellega \u00fcletamatu kvaliteedi ja hinna suhte ning v\u00e4hendades ostude sagedust.<\/p>\n<p><strong><img decoding=\"async\" style=\"margin-right: 12px;\" src=\"https:\/\/www.ferberpainting.com\/wp-content\/uploads\/2026\/02\/Check.svg\" alt=\"\" width=\"18\" height=\"15\" \/>Ohutu taimedele ja keskkonnale.<\/strong>\u00a0Erinevalt agressiivsetest keemilistest v\u00e4etistest austab meie tasakaalustatud ja \u00f5rnatoimeline koostis mulla \u00f6kos\u00fcsteemi, edendades j\u00e4rkj\u00e4rgulist ja loomulikku toitainete omastamist. See ei kahjusta juuri ega lehti, tagades terve ja j\u00e4tkusuutliku kasvu.<\/p>\n<p><strong><img decoding=\"async\" style=\"margin-right: 12px;\" src=\"https:\/\/www.ferberpainting.com\/wp-content\/uploads\/2026\/02\/Check.svg\" alt=\"\" width=\"18\" height=\"15\" \/>Lihtne kasutada ja kiire rakendamine.<\/strong>\u00a0Seda vedelv\u00e4etist on lihtne doseerida ja kasutada. Lihtsalt segage see veega ja kasutage seda kastmise ajal. See ei n\u00f5ua keerulist ettevalmistust, v\u00e4ltides doseerimisvigu ja tagades t\u00f5husa ja \u00fchtlase imendumise juurte poolt.<\/p>\n<p><strong><img decoding=\"async\" style=\"margin-right: 12px;\" src=\"https:\/\/www.ferberpainting.com\/wp-content\/uploads\/2026\/02\/Check.svg\" alt=\"\" width=\"18\" height=\"15\" \/>Pikaajaline m\u00f5ju taimede arengule.<\/strong>\u00a0Substraati j\u00e4rk-j\u00e4rgult rikastades soodustab see v\u00e4etis pidevat kasvu ja tugevdab taimede loomulikku kaitsev\u00f5imet haiguste, veestressi ja toitainete puuduse vastu. Selle pikaajaline toime aitab saada troopilisi taimi, mis on tugevamad ja eluj\u00f5ulisemad aastaringselt.<\/p>\n<p><strong><img decoding=\"async\" style=\"margin-right: 12px;\" src=\"https:\/\/www.ferberpainting.com\/wp-content\/uploads\/2026\/02\/Check.svg\" alt=\"\" width=\"18\" height=\"15\" \/>N\u00e4htavad tulemused kiiresti.<\/strong>\u00a0Juba esimestel n\u00e4dalatel p\u00e4rast kasutamist m\u00e4rkate paremat kasvu, rohelisemat ja tihedamat lehestikku, samuti uute v\u00f5rsete ja \u00f5ite kasvu \u00f5itsvate liikide puhul. See v\u00e4etis aitab parandada ka vastupanu muutuvatele kliimatingimustele, nagu n\u00e4iteks p\u00f5uaperioodid v\u00f5i k\u00f5rge \u00f5huniiskus.<\/p>\n<h2>Kasutusprotokoll<\/h2>\n<p><strong>Soovitatav lahjendus<\/strong> :<\/p>\n<ul>\n<li><strong>Regulaarseks hoolduseks <\/strong>: Lahjendage 5 ml v\u00e4etist liitri vee kohta ja kastke substraat otse.<\/li>\n<li><strong>Aktiivses kasvufaasis oleva taime puhul<\/strong> (kevad\/suvi) : Kiirendatud kasvu toetamiseks suurendage veidi kontsentratsiooni kuni 7 ml-ni liitri vee kohta.<\/li>\n<li><strong>Puhkeolekus oleva taime puhul<\/strong> (s\u00fcgis\/talv) : V\u00e4hendage sagedust ja kasutage v\u00e4iksemat kontsentratsiooni (2 ml liitri vee kohta).<\/li>\n<\/ul>\n<p><strong>Rakendamise sagedus <\/strong>:<\/p>\n<ul>\n<li><strong>Aktiivselt kasvavad taimed <\/strong>: Kasutage iga kahe n\u00e4dala tagant.<\/li>\n<li><strong>Uinuvad taimed <\/strong>: Piisab igakuisest taotlusest.<\/li>\n<\/ul>\n<p><strong>Rakendusmeetod <\/strong>:<\/p>\n<ul>\n<li><strong>Kastmine aluse juures <\/strong>: Valage lahus otse alusele, v\u00e4ltides lehtede liigset niisutamist.<\/li>\n<li><strong>Lehtpihustus (valikuline) <\/strong>: Teatavate taimede, n\u00e4iteks antuuriumide ja filodendronite puhul v\u00f5ib lehtede kerge niisutamine olla kasulik.<\/li>\n<li><strong>Pinnase kasutamine v\u00e4listingimustes <\/strong>: Kasutage lahjendatud v\u00e4etist taime aluse \u00fcmber, tagades, et toode ei koguneks mulla pinnale.<\/li>\n<li><strong>Potitaimede kasutamine <\/strong>: Veega aeglaselt, kuni vesi hakkab l\u00e4bi aukude valguma, et saavutada optimaalne imendumine.<\/li>\n<\/ul>\n<p><strong>Ettevaatusabin\u00f5ud kasutamisel <\/strong>:<\/p>\n<ul>\n<li><strong>Mitte \u00fcleannustada <\/strong>: Liigne v\u00e4etamine v\u00f5ib p\u00f5letada juured ja p\u00f5hjustada lehtede kollasust.<\/li>\n<li><strong>Mitte kasutada haigele taimele <\/strong>: Enne v\u00e4etise lisamist oodake, kuni ta taastab oma eluj\u00f5ulisuse.<\/li>\n<li><strong>V\u00e4ltida kasutamist t\u00e4isp\u00e4ikese k\u00e4es <\/strong>: Eelistatavalt kasutage seda varahommikul v\u00f5i hilis\u00f5htul, et v\u00e4ltida toitainete kiiret aurustumist.<\/li>\n<\/ul>\n<p><strong>Ladustamine ja s\u00e4ilitamine <\/strong>:<\/p>\n<ul>\n<li>S\u00e4ilitage toodet kuumuse ja niiskuse eest kaitstult.<\/li>\n<li>Sulge pakend p\u00e4rast iga kasutamist uuesti tihedalt, et s\u00e4ilitada selle toitev\u00e4\u00e4rtuslikud omadused.<\/li>\n<\/ul>\n<p>Meie troopiliste taimede v\u00e4etisega pakute oma taimedele parimad tingimused optimaalseks arenguks. Olenemata sellest, kas olete eksootiliste taimede entusiast v\u00f5i kogenud aednik, on see v\u00e4etis ideaalne liitlane lopsakate, tervete ja eluj\u00f5uliste taimede jaoks.<\/p>","protected":false},"excerpt":{"rendered":"<p>A fertilizer specially designed for tropical plants.\u00a0Tropical plants have specific nutritional needs, requiring a balanced supply of nitrogen, phosphorus, and potassium to ensure vigorous growth, lush foliage, and abundant flowering. Our NPK 15-15-15 fertilizer is formulated to meet these needs, providing all the essential elements that promote the development of both indoor and outdoor tropical [&hellip;]<\/p>\n","protected":false},"featured_media":27434,"comment_status":"open","ping_status":"closed","template":"","meta":{"_uag_custom_page_level_css":"","site-sidebar-layout":"default","site-content-layout":"","ast-site-content-layout":"default","site-content-style":"default","site-sidebar-style":"default","ast-global-header-display":"","ast-banner-title-visibility":"","ast-main-header-display":"","ast-hfb-above-header-display":"","ast-hfb-below-header-display":"","ast-hfb-mobile-header-display":"","site-post-title":"","ast-breadcrumbs-content":"","ast-featured-img":"","footer-sml-layout":"","ast-disable-related-posts":"","theme-transparent-header-meta":"default","adv-header-id-meta":"","stick-header-meta":"","header-above-stick-meta":"","header-main-stick-meta":"","header-below-stick-meta":"","astra-migrate-meta-layouts":"set","ast-page-background-enabled":"default","ast-page-background-meta":{"desktop":{"background-color":"var(--ast-global-color-4)","background-image":"","background-repeat":"repeat","background-position":"center center","background-size":"auto","background-attachment":"scroll","background-type":"","background-media":"","overlay-type":"","overlay-color":"","overlay-opacity":"","overlay-gradient":""},"tablet":{"background-color":"","background-image":"","background-repeat":"repeat","background-position":"center center","background-size":"auto","background-attachment":"scroll","background-type":"","background-media":"","overlay-type":"","overlay-color":"","overlay-opacity":"","overlay-gradient":""},"mobile":{"background-color":"","background-image":"","background-repeat":"repeat","background-position":"center center","background-size":"auto","background-attachment":"scroll","background-type":"","background-media":"","overlay-type":"","overlay-color":"","overlay-opacity":"","overlay-gradient":""}},"ast-content-background-meta":{"desktop":{"background-color":"var(--ast-global-color-5)","background-image":"","background-repeat":"repeat","background-position":"center center","background-size":"auto","background-attachment":"scroll","background-type":"","background-media":"","overlay-type":"","overlay-color":"","overlay-opacity":"","overlay-gradient":""},"tablet":{"background-color":"var(--ast-global-color-5)","background-image":"","background-repeat":"repeat","background-position":"center center","background-size":"auto","background-attachment":"scroll","background-type":"","background-media":"","overlay-type":"","overlay-color":"","overlay-opacity":"","overlay-gradient":""},"mobile":{"background-color":"var(--ast-global-color-5)","background-image":"","background-repeat":"repeat","background-position":"center center","background-size":"auto","background-attachment":"scroll","background-type":"","background-media":"","overlay-type":"","overlay-color":"","overlay-opacity":"","overlay-gradient":""}}},"product_brand":[],"product_cat":[178],"product_tag":[],"class_list":{"0":"post-25601","1":"product","2":"type-product","3":"status-publish","4":"has-post-thumbnail","6":"product_cat-fertilizers","7":"desktop-align-left","8":"tablet-align-left","9":"mobile-align-left","11":"first","12":"instock","13":"sale","14":"taxable","15":"shipping-taxable","16":"purchasable","17":"product-type-variable"},"spectra_custom_meta":{"_visibility":["visible"],"_shopify_product_id":["9071356084469"],"_s2w_shopify_domain":["ferberpainting.myshopify.com"],"_shopify_variant_id":["46516143522037"],"_sku":[""],"_manage_stock":["no"],"total_sales":["32"],"_tax_status":["taxable"],"_tax_class":[""],"_backorders":["no"],"_sold_individually":["no"],"_virtual":["no"],"_downloadable":["no"],"_download_limit":["-1"],"_download_expiry":["-1"],"_stock":[null],"_stock_status":["instock"],"_wc_average_rating":["4.63"],"_wc_review_count":["8"],"_product_attributes":["a:1:{s:6:\"volume\";a:6:{s:4:\"name\";s:6:\"Volume\";s:5:\"value\";s:20:\"5 liters | 25 liters\";s:8:\"position\";i:1;s:10:\"is_visible\";i:0;s:12:\"is_variation\";i:1;s:11:\"is_taxonomy\";i:0;}}"],"_product_version":["10.5.1"],"_thumbnail_id":["27434"],"_product_image_gallery":["27435"],"wpse_downloadable_file_names":[""],"wpse_downloadable_file_urls":[""],"_edit_last":["1"],"_edit_lock":["1771245906:1"],"merchant-center-availability":["yes"],"merchant-center-category":["113"],"_wp_page_template":["default"],"site-sidebar-layout":["default"],"ast-site-content-layout":["default"],"site-content-style":["default"],"site-sidebar-style":["default"],"theme-transparent-header-meta":["default"],"_wc_rating_count":["a:2:{i:4;i:3;i:5;i:5;}"],"_price":["29.90","129.90"],"merchant-center-id":["FPTROPICALPLANTFERTILIZER25"],"astra-migrate-meta-layouts":["set"],"_uag_css_file_name":["uag-css-25601.css"],"_elementor_page_assets":["a:0:{}"],"_uag_page_assets":["a:9:{s:3:\"css\";s:7133:\".uag-blocks-common-selector{z-index:var(--z-index-desktop) !important}@media(max-width: 976px){.uag-blocks-common-selector{z-index:var(--z-index-tablet) !important}}@media(max-width: 767px){.uag-blocks-common-selector{z-index:var(--z-index-mobile) !important}}.wp-block-uagb-image{display:flex}.wp-block-uagb-image__figure{position:relative;display:flex;flex-direction:column;max-width:100%;height:auto;margin:0}.wp-block-uagb-image__figure img{height:auto;display:flex;max-width:100%;transition:box-shadow .2s ease}.wp-block-uagb-image__figure>a{display:inline-block}.wp-block-uagb-image__figure figcaption{text-align:center;margin-top:.5em;margin-bottom:1em}.wp-block-uagb-image .components-placeholder.block-editor-media-placeholder .components-placeholder__instructions{align-self:center}.wp-block-uagb-image--align-left{text-align:left}.wp-block-uagb-image--align-right{text-align:right}.wp-block-uagb-image--align-center{text-align:center}.wp-block-uagb-image--align-full .wp-block-uagb-image__figure{margin-left:calc(50% - 50vw);margin-right:calc(50% - 50vw);max-width:100vw;width:100vw;height:auto}.wp-block-uagb-image--align-full .wp-block-uagb-image__figure img{height:auto;width:100% !important}.wp-block-uagb-image--align-wide .wp-block-uagb-image__figure img{height:auto;width:100%}.wp-block-uagb-image--layout-overlay__color-wrapper{position:absolute;left:0;top:0;right:0;bottom:0;opacity:.2;background:rgba(0,0,0,.5);transition:opacity .35s ease-in-out}.wp-block-uagb-image--layout-overlay-link{position:absolute;left:0;right:0;bottom:0;top:0}.wp-block-uagb-image--layout-overlay .wp-block-uagb-image__figure:hover .wp-block-uagb-image--layout-overlay__color-wrapper{opacity:1}.wp-block-uagb-image--layout-overlay__inner{position:absolute;left:15px;right:15px;bottom:15px;top:15px;display:flex;align-items:center;justify-content:center;flex-direction:column;border-color:#fff;transition:.35s ease-in-out}.wp-block-uagb-image--layout-overlay__inner.top-left,.wp-block-uagb-image--layout-overlay__inner.top-center,.wp-block-uagb-image--layout-overlay__inner.top-right{justify-content:flex-start}.wp-block-uagb-image--layout-overlay__inner.bottom-left,.wp-block-uagb-image--layout-overlay__inner.bottom-center,.wp-block-uagb-image--layout-overlay__inner.bottom-right{justify-content:flex-end}.wp-block-uagb-image--layout-overlay__inner.top-left,.wp-block-uagb-image--layout-overlay__inner.center-left,.wp-block-uagb-image--layout-overlay__inner.bottom-left{align-items:flex-start}.wp-block-uagb-image--layout-overlay__inner.top-right,.wp-block-uagb-image--layout-overlay__inner.center-right,.wp-block-uagb-image--layout-overlay__inner.bottom-right{align-items:flex-end}.wp-block-uagb-image--layout-overlay__inner .uagb-image-heading{color:#fff;transition:transform .35s,opacity .35s ease-in-out;transform:translate3d(0, 24px, 0);margin:0;line-height:1em}.wp-block-uagb-image--layout-overlay__inner .uagb-image-separator{width:30%;border-top-width:2px;border-top-color:#fff;border-top-style:solid;margin-bottom:10px;opacity:0;transition:transform .4s,opacity .4s ease-in-out;transform:translate3d(0, 30px, 0)}.wp-block-uagb-image--layout-overlay__inner .uagb-image-caption{opacity:0;overflow:visible;color:#fff;transition:transform .45s,opacity .45s ease-in-out;transform:translate3d(0, 35px, 0)}.wp-block-uagb-image--layout-overlay__inner:hover .uagb-image-heading,.wp-block-uagb-image--layout-overlay__inner:hover .uagb-image-separator,.wp-block-uagb-image--layout-overlay__inner:hover .uagb-image-caption{opacity:1;transform:translate3d(0, 0, 0)}.wp-block-uagb-image--effect-zoomin .wp-block-uagb-image__figure img,.wp-block-uagb-image--effect-zoomin .wp-block-uagb-image__figure .wp-block-uagb-image--layout-overlay__color-wrapper{transform:scale(1);transition:transform .35s ease-in-out}.wp-block-uagb-image--effect-zoomin .wp-block-uagb-image__figure:hover img,.wp-block-uagb-image--effect-zoomin .wp-block-uagb-image__figure:hover .wp-block-uagb-image--layout-overlay__color-wrapper{transform:scale(1.05)}.wp-block-uagb-image--effect-slide .wp-block-uagb-image__figure img,.wp-block-uagb-image--effect-slide .wp-block-uagb-image__figure .wp-block-uagb-image--layout-overlay__color-wrapper{width:calc(100% + 40px) !important;max-width:none !important;transform:translate3d(-40px, 0, 0);transition:transform .35s ease-in-out}.wp-block-uagb-image--effect-slide .wp-block-uagb-image__figure:hover img,.wp-block-uagb-image--effect-slide .wp-block-uagb-image__figure:hover .wp-block-uagb-image--layout-overlay__color-wrapper{transform:translate3d(0, 0, 0)}.wp-block-uagb-image--effect-grayscale img{filter:grayscale(0%);transition:.35s ease-in-out}.wp-block-uagb-image--effect-grayscale:hover img{filter:grayscale(100%)}.wp-block-uagb-image--effect-blur img{filter:blur(0);transition:.35s ease-in-out}.wp-block-uagb-image--effect-blur:hover img{filter:blur(3px)}.uagb-block-e6f939b3.wp-block-uagb-image--layout-default figure img{box-shadow: 0px 0px 0 #00000070;}.uagb-block-e6f939b3.wp-block-uagb-image .wp-block-uagb-image__figure figcaption{font-style: normal;align-self: center;}.uagb-block-e6f939b3.wp-block-uagb-image--layout-overlay figure img{box-shadow: 0px 0px 0 #00000070;}.uagb-block-e6f939b3.wp-block-uagb-image--layout-overlay .wp-block-uagb-image--layout-overlay__color-wrapper{opacity: 0.2;}.uagb-block-e6f939b3.wp-block-uagb-image--layout-overlay .wp-block-uagb-image--layout-overlay__inner{left: 15px;right: 15px;top: 15px;bottom: 15px;}.uagb-block-e6f939b3.wp-block-uagb-image--layout-overlay .wp-block-uagb-image--layout-overlay__inner .uagb-image-heading{font-style: normal;color: #fff;opacity: 1;}.uagb-block-e6f939b3.wp-block-uagb-image--layout-overlay .wp-block-uagb-image--layout-overlay__inner .uagb-image-heading a{color: #fff;}.uagb-block-e6f939b3.wp-block-uagb-image--layout-overlay .wp-block-uagb-image--layout-overlay__inner .uagb-image-caption{opacity: 0;}.uagb-block-e6f939b3.wp-block-uagb-image--layout-overlay .wp-block-uagb-image__figure:hover .wp-block-uagb-image--layout-overlay__color-wrapper{opacity: 1;}.uagb-block-e6f939b3.wp-block-uagb-image .wp-block-uagb-image--layout-overlay__inner .uagb-image-separator{width: 30%;border-top-width: 2px;border-top-color: #fff;opacity: 0;}.uagb-block-e6f939b3.wp-block-uagb-image .wp-block-uagb-image__figure img{width: px;height: auto;}.uagb-block-e6f939b3.wp-block-uagb-image .wp-block-uagb-image__figure:hover .wp-block-uagb-image--layout-overlay__inner .uagb-image-caption{opacity: 1;}.uagb-block-e6f939b3.wp-block-uagb-image .wp-block-uagb-image__figure:hover .wp-block-uagb-image--layout-overlay__inner .uagb-image-separator{opacity: 1;}.uagb-block-e6f939b3.wp-block-uagb-image--layout-default figure:hover img{box-shadow: 0px 0px 0 #00000070;}.uagb-block-e6f939b3.wp-block-uagb-image--layout-overlay figure:hover img{box-shadow: 0px 0px 0 #00000070;}@media only screen and (max-width: 976px) {.uagb-block-e6f939b3.wp-block-uagb-image .wp-block-uagb-image__figure img{width: px;height: auto;}}@media only screen and (max-width: 767px) {.uagb-block-e6f939b3.wp-block-uagb-image .wp-block-uagb-image__figure img{width: px;height: auto;}}\";s:2:\"js\";s:0:\"\";s:18:\"current_block_list\";a:13:{i:0;s:11:\"core\/search\";i:1;s:10:\"core\/group\";i:2;s:12:\"core\/heading\";i:3;s:17:\"core\/latest-posts\";i:4;s:20:\"core\/latest-comments\";i:5;s:13:\"core\/archives\";i:6;s:15:\"core\/categories\";i:7;s:14:\"core\/paragraph\";i:8;s:10:\"uagb\/image\";i:9;s:11:\"core\/spacer\";i:10;s:30:\"woocommerce\/product-categories\";i:11;s:10:\"core\/image\";i:12;s:14:\"core\/shortcode\";}s:8:\"uag_flag\";b:1;s:11:\"uag_version\";s:10:\"1777204967\";s:6:\"gfonts\";a:0:{}s:10:\"gfonts_url\";s:0:\"\";s:12:\"gfonts_files\";a:0:{}s:14:\"uag_faq_layout\";b:0;}"]},"uagb_featured_image_src":{"full":["https:\/\/www.ferberpainting.com\/wp-content\/uploads\/2025\/05\/TropicalPlantFertilizer5L.png",2560,2560,false],"thumbnail":["https:\/\/www.ferberpainting.com\/wp-content\/uploads\/2025\/05\/TropicalPlantFertilizer5L-150x150.png",150,150,true],"medium":["https:\/\/www.ferberpainting.com\/wp-content\/uploads\/2025\/05\/TropicalPlantFertilizer5L-300x300.png",300,300,true],"medium_large":["https:\/\/www.ferberpainting.com\/wp-content\/uploads\/2025\/05\/TropicalPlantFertilizer5L-768x768.png",768,768,true],"large":["https:\/\/www.ferberpainting.com\/wp-content\/uploads\/2025\/05\/TropicalPlantFertilizer5L-1024x1024.png",1024,1024,true],"1536x1536":["https:\/\/www.ferberpainting.com\/wp-content\/uploads\/2025\/05\/TropicalPlantFertilizer5L-1536x1536.png",1536,1536,true],"2048x2048":["https:\/\/www.ferberpainting.com\/wp-content\/uploads\/2025\/05\/TropicalPlantFertilizer5L-2048x2048.png",2048,2048,true],"trp-custom-language-flag":["https:\/\/www.ferberpainting.com\/wp-content\/uploads\/2025\/05\/TropicalPlantFertilizer5L-12x12.png",12,12,true],"woocommerce_thumbnail":["https:\/\/www.ferberpainting.com\/wp-content\/uploads\/2025\/05\/TropicalPlantFertilizer5L-300x300.png",300,300,true],"woocommerce_single":["https:\/\/www.ferberpainting.com\/wp-content\/uploads\/2025\/05\/TropicalPlantFertilizer5L-600x600.png",600,600,true],"woocommerce_gallery_thumbnail":["https:\/\/www.ferberpainting.com\/wp-content\/uploads\/2025\/05\/TropicalPlantFertilizer5L-100x100.png",100,100,true]},"uagb_author_info":{"display_name":"admin","author_link":"https:\/\/www.ferberpainting.com\/ee\/author\/"},"uagb_comment_info":8,"uagb_excerpt":"A fertilizer specially designed for tropical plants.\u00a0Tropical plants have specific nutritional needs, requiring a balanced supply of nitrogen, phosphorus, and potassium to ensure vigorous growth, lush foliage, and abundant flowering. Our NPK 15-15-15 fertilizer is formulated to meet these needs, providing all the essential elements that promote the development of both indoor and outdoor tropical&hellip;","_links":{"self":[{"href":"https:\/\/www.ferberpainting.com\/ee\/wp-json\/wp\/v2\/product\/25601","targetHints":{"allow":["GET"]}}],"collection":[{"href":"https:\/\/www.ferberpainting.com\/ee\/wp-json\/wp\/v2\/product"}],"about":[{"href":"https:\/\/www.ferberpainting.com\/ee\/wp-json\/wp\/v2\/types\/product"}],"replies":[{"embeddable":true,"href":"https:\/\/www.ferberpainting.com\/ee\/wp-json\/wp\/v2\/comments?post=25601"}],"version-history":[{"count":5,"href":"https:\/\/www.ferberpainting.com\/ee\/wp-json\/wp\/v2\/product\/25601\/revisions"}],"predecessor-version":[{"id":167493,"href":"https:\/\/www.ferberpainting.com\/ee\/wp-json\/wp\/v2\/product\/25601\/revisions\/167493"}],"wp:featuredmedia":[{"embeddable":true,"href":"https:\/\/www.ferberpainting.com\/ee\/wp-json\/wp\/v2\/media\/27434"}],"wp:attachment":[{"href":"https:\/\/www.ferberpainting.com\/ee\/wp-json\/wp\/v2\/media?parent=25601"}],"wp:term":[{"taxonomy":"product_brand","embeddable":true,"href":"https:\/\/www.ferberpainting.com\/ee\/wp-json\/wp\/v2\/product_brand?post=25601"},{"taxonomy":"product_cat","embeddable":true,"href":"https:\/\/www.ferberpainting.com\/ee\/wp-json\/wp\/v2\/product_cat?post=25601"},{"taxonomy":"product_tag","embeddable":true,"href":"https:\/\/www.ferberpainting.com\/ee\/wp-json\/wp\/v2\/product_tag?post=25601"}],"curies":[{"name":"wp","href":"https:\/\/api.w.org\/{rel}","templated":true}]}}