{"id":25599,"date":"2025-05-26T10:32:34","date_gmt":"2025-05-26T08:32:34","guid":{"rendered":"https:\/\/www.ferberpainting.com\/products\/tree-and-shrub-fertilizer\/"},"modified":"2026-02-16T13:24:25","modified_gmt":"2026-02-16T12:24:25","slug":"tree-and-shrub-fertilizer","status":"publish","type":"product","link":"https:\/\/www.ferberpainting.com\/ee\/products\/tree-and-shrub-fertilizer\/","title":{"rendered":"Puude ja p\u00f5\u00f5saste v\u00e4etis 25 kg"},"content":{"rendered":"<p><strong><img decoding=\"async\" style=\"margin-right: 12px;\" src=\"https:\/\/www.ferberpainting.com\/wp-content\/uploads\/2026\/02\/Check.svg\" alt=\"\" width=\"18\" height=\"15\" \/>Tasakaalustatud v\u00e4etis j\u00f5ulise kasvu tagamiseks.<\/strong>\u00a0See puu ja p\u00f5\u00f5saste v\u00e4etis on spetsiaalselt koostatud puude, p\u00f5\u00f5saste ja hekkide toitumisvajaduste rahuldamiseks, edendades tervislikku ja tasakaalustatud kasvu. T\u00e4nu NPK 10-10-10 koostisele tagab see optimaalse l\u00e4mmastiku (N) pakkumise lehestiku arenguks, fosfori (P) tugevaks juurdumiseks ja kaaliumi (K), et suurendada vastupanuv\u00f5imet haigustele ja kliimavaheldustele. See sobib ideaalselt v\u00e4litingimustes kasvavate istandike harmoonilise kasvu ja rikkaliku \u00f5itsemise tagamiseks.<\/p>\n<p><strong><img decoding=\"async\" style=\"margin-right: 12px;\" src=\"https:\/\/www.ferberpainting.com\/wp-content\/uploads\/2026\/02\/Check.svg\" alt=\"\" width=\"18\" height=\"15\" \/>Raha tagasi garantii.<\/strong>\u00a0Me oleme t\u00e4iesti kindlad meie puu- ja p\u00f5\u00f5saste v\u00e4etiste t\u00f5hususes. Seep\u00e4rast pakume raha tagasi garantiid. Kui p\u00e4rast soovituste kohast kasutamist ei m\u00e4rka te m\u00e4rkimisv\u00e4\u00e4rset paranemist oma taimede kasvus ja eluj\u00f5ulisuses, v\u00f5ite taotleda raha tagastamist ilma igasuguste tingimusteta, tagades muretu ostu.<\/p>\n<p><strong><img decoding=\"async\" style=\"margin-right: 12px;\" src=\"https:\/\/www.ferberpainting.com\/wp-content\/uploads\/2026\/02\/Check.svg\" alt=\"\" width=\"18\" height=\"15\" \/>Sobib igat liiki puude ja p\u00f5\u00f5saste jaoks.<\/strong>\u00a0See v\u00e4etis sobib viljapuudele, ilupuudele, okaspuudele, hekkidele ja \u00f5itsvatele p\u00f5\u00f5sastele. Seda v\u00f5ib kasutada nii vabap\u00f5hjaliste istandike kui ka potitaimede puhul. Selle aeglaselt vabanev toime tagab pideva v\u00e4etamise, millest saavad kasu k\u00f5ik taimeliigid, nii noored taimed kui ka k\u00fcpsed puud, mis vajavad regulaarset toitainetega varustamist.<\/p>\n<p><strong><img decoding=\"async\" style=\"margin-right: 12px;\" src=\"https:\/\/www.ferberpainting.com\/wp-content\/uploads\/2026\/02\/Check.svg\" alt=\"\" width=\"18\" height=\"15\" \/>Kulut\u00f5hus saagikus ja pikaajaline v\u00e4etamine.<\/strong>\u00a0T\u00e4nu oma koostisele vabastab see v\u00e4etis mullale toitaineid j\u00e4rk-j\u00e4rgult ja pikema aja jooksul. \u00dche 25 kg kotiga saab v\u00e4etada kuni 125 puud, kusjuures soovitatav kogus on 200 g puu kohta. Selle kontsentratsioon aitab v\u00e4hendada vajadust sagedase t\u00e4iendamise j\u00e4rele, tagades samas t\u00f5husa ja pikaajalise v\u00e4etamise.<\/p>\n<p><strong><img decoding=\"async\" style=\"margin-right: 12px;\" src=\"https:\/\/www.ferberpainting.com\/wp-content\/uploads\/2026\/02\/Check.svg\" alt=\"\" width=\"18\" height=\"15\" \/>Ohutu toode, mis on keskkonnas\u00f5bralik.<\/strong>\u00a0See v\u00e4etis on mullale, taimedele ja keskkonnale ohutu ja mittetoksiline. See ei sisalda agressiivseid kemikaale, mis v\u00f5iksid kahjustada mulla mikrofaunat. Selle j\u00e4rkj\u00e4rguline vabanemine piirab leostumisest tulenevat reostusohtu ja tagab toitainete optimaalse imendumise juurte poolt, v\u00e4hendades raiskamist.<\/p>\n<p><strong><img decoding=\"async\" style=\"margin-right: 12px;\" src=\"https:\/\/www.ferberpainting.com\/wp-content\/uploads\/2026\/02\/Check.svg\" alt=\"\" width=\"18\" height=\"15\" \/>Lihtne pealekandmine ja vaevata v\u00e4etamine.<\/strong>\u00a0Erinevalt vedelv\u00e4etistest, mis n\u00f5uavad eelhappestamist, kantakse see v\u00e4etis otse puude ja p\u00f5\u00f5saste alusele, ilma keerulise ettevalmistuseta. Levitage see lihtsalt \u00fcmber taime ja segage see kergelt mulda, et tagada toitainete j\u00e4rkj\u00e4rguline vabanemine. Selline kasutusmugavus muudab selle ideaalseks valikuks nii amat\u00f6\u00f6r aednikele kui ka maastikuehitusprofessionaalidele.<\/p>\n<p><strong><img decoding=\"async\" style=\"margin-right: 12px;\" src=\"https:\/\/www.ferberpainting.com\/wp-content\/uploads\/2026\/02\/Check.svg\" alt=\"\" width=\"18\" height=\"15\" \/>Pikaajaline toime optimaalse kasvu ja vastupidavuse tagamiseks.<\/strong>\u00a0T\u00e4nu oma pikaajalisele m\u00f5jule annab see v\u00e4etis istandustele pidevat toitu, soodustades tihedamat lehestikku, eluj\u00f5ulisemat \u00f5itsemist ja viljapuude paremat viljakust. Samuti tugevdab see puude vastupanuv\u00f5imet haiguste, kahjurite ja karmide ilmastikutingimuste vastu, tagades nende hea tervise kogu aasta jooksul.<\/p>\n<p><strong><img decoding=\"async\" style=\"margin-right: 12px;\" src=\"https:\/\/www.ferberpainting.com\/wp-content\/uploads\/2026\/02\/Check.svg\" alt=\"\" width=\"18\" height=\"15\" \/>N\u00e4htavad tulemused juba m\u00f5ne n\u00e4dalaga.<\/strong>\u00a0See v\u00e4etis stimuleerib noorte v\u00f5rsete kasvu ja parandab lehtede v\u00e4rvust juba esimestest kasutuskordadest alates. M\u00f5ne n\u00e4dala jooksul on puud ja p\u00f5\u00f5sad tugevamad ja nende juurestik muutub tugevamaks, mis v\u00f5imaldab neil paremini vett ja mulla toitaineid vastu v\u00f5tta.<\/p>\n<h2><strong>Kasutamise protokoll<\/strong><\/h2>\n<ul>\n<li><strong>Taotlusperiood <\/strong>: Kandke kaks korda aastas, kevadel (m\u00e4rtsis-aprillis) ja s\u00fcgisel (septembris-oktoobris), et tagada puude ja p\u00f5\u00f5saste kasvu- ja puhkeperioodile kohandatud toitainete varu.<\/li>\n<li><strong>Soovitatav annus <\/strong>: Jagage 200 g v\u00e4etist puu v\u00f5i p\u00f5\u00f5sa kohta, mis on umbes terve peot\u00e4is. Pott- v\u00f5i konteinertaimede puhul kohandage annust 100 g-ni konteineri kohta, s\u00f5ltuvalt taime suurusest.<\/li>\n<li><strong>Rakendusmeetod <\/strong>: Levitage v\u00e4etis ringikujuliselt \u00fcmber t\u00fcve, jagades seda umbes 30 cm kaugusele t\u00fcvest, et juured saaksid seda j\u00e4rk-j\u00e4rgult sisse imeda. \u00c4rge asetage v\u00e4etist otse vastu t\u00fcve, et v\u00e4ltida toitainete liigset kontsentratsiooni puu t\u00fcvel.<\/li>\n<li><strong>Mulla sisseostmine <\/strong>: Hargake mullapinda kergelt harali v\u00f5i kobaraga, et soodustada toitainete imbumist ja tagada hea kontakt substraadiga.<\/li>\n<li><strong>Kastmine p\u00e4rast pealekandmist <\/strong>: P\u00e4rast laialilaotamist kastke ohtralt, et aktiveerida toitainete difusiooni ja h\u00f5lbustada juurte imendumist. Regulaarne kastmine j\u00e4rgmistel n\u00e4dalatel aitab kaasa paremale imendumisele ja t\u00f5husamale v\u00e4etamisele.<\/li>\n<li><strong>Hooldus ja j\u00e4relevalve <\/strong>: Noorte puude ja p\u00f5\u00f5saste puhul v\u00f5ib suvel (juulis-augustis) teha t\u00e4iendava v\u00e4etamise, et soodustada nende arengut ja parandada nende vastupidavust p\u00f5uaperioodidele.<\/li>\n<li><strong>Ettevaatusabin\u00f5ud kasutamisel <\/strong>: \u00c4rge \u00fcletage soovitatud annuseid, et v\u00e4ltida liigsete toitainete tasakaalustamata kasvu. Mitte kasutada k\u00fclmunud pinnasel v\u00f5i tugeva p\u00f5ua ajal ilma t\u00e4iendava kastmiseta.<\/li>\n<li><strong>Ladustamine ja s\u00e4ilitamine <\/strong>: S\u00e4ilitage v\u00e4etuskotti kuivas kohas, niiskuse ja valguse eest kaitstult. Sulgege kott alati tihedalt p\u00e4rast iga kasutamist, et s\u00e4ilitada toote kvaliteet ja v\u00e4ltida niiskuse imendumist.<\/li>\n<\/ul>\n<p>Selle v\u00e4etisega puudele ja p\u00f5\u00f5sastele annate oma taimedele t\u00e4ieliku ja tasakaalustatud toitumise, soodustades j\u00f5ulist kasvu, paremat vastupidavust v\u00e4listele agressioonidele ja intensiivsemat \u00f5itsemist. See on ideaalne lahendus tervisest s\u00e4ravate haljasalade ja tugevate, tootlike puude jaoks.<\/p>","protected":false},"excerpt":{"rendered":"<p>A balanced fertilizer for vigorous growth.\u00a0This tree and shrub fertilizer is specially formulated to meet the nutritional needs of trees, shrubs, and hedges, promoting healthy and balanced growth. Thanks to its NPK 10-10-10 composition, it provides an optimal supply of nitrogen (N) for foliage development, phosphorus (P) for strong rooting, and potassium (K) to enhance [&hellip;]<\/p>\n","protected":false},"featured_media":27431,"comment_status":"open","ping_status":"closed","template":"","meta":{"_uag_custom_page_level_css":"","site-sidebar-layout":"default","site-content-layout":"","ast-site-content-layout":"default","site-content-style":"default","site-sidebar-style":"default","ast-global-header-display":"","ast-banner-title-visibility":"","ast-main-header-display":"","ast-hfb-above-header-display":"","ast-hfb-below-header-display":"","ast-hfb-mobile-header-display":"","site-post-title":"","ast-breadcrumbs-content":"","ast-featured-img":"","footer-sml-layout":"","ast-disable-related-posts":"","theme-transparent-header-meta":"default","adv-header-id-meta":"","stick-header-meta":"","header-above-stick-meta":"","header-main-stick-meta":"","header-below-stick-meta":"","astra-migrate-meta-layouts":"set","ast-page-background-enabled":"default","ast-page-background-meta":{"desktop":{"background-color":"var(--ast-global-color-4)","background-image":"","background-repeat":"repeat","background-position":"center center","background-size":"auto","background-attachment":"scroll","background-type":"","background-media":"","overlay-type":"","overlay-color":"","overlay-opacity":"","overlay-gradient":""},"tablet":{"background-color":"","background-image":"","background-repeat":"repeat","background-position":"center center","background-size":"auto","background-attachment":"scroll","background-type":"","background-media":"","overlay-type":"","overlay-color":"","overlay-opacity":"","overlay-gradient":""},"mobile":{"background-color":"","background-image":"","background-repeat":"repeat","background-position":"center center","background-size":"auto","background-attachment":"scroll","background-type":"","background-media":"","overlay-type":"","overlay-color":"","overlay-opacity":"","overlay-gradient":""}},"ast-content-background-meta":{"desktop":{"background-color":"var(--ast-global-color-5)","background-image":"","background-repeat":"repeat","background-position":"center center","background-size":"auto","background-attachment":"scroll","background-type":"","background-media":"","overlay-type":"","overlay-color":"","overlay-opacity":"","overlay-gradient":""},"tablet":{"background-color":"var(--ast-global-color-5)","background-image":"","background-repeat":"repeat","background-position":"center center","background-size":"auto","background-attachment":"scroll","background-type":"","background-media":"","overlay-type":"","overlay-color":"","overlay-opacity":"","overlay-gradient":""},"mobile":{"background-color":"var(--ast-global-color-5)","background-image":"","background-repeat":"repeat","background-position":"center center","background-size":"auto","background-attachment":"scroll","background-type":"","background-media":"","overlay-type":"","overlay-color":"","overlay-opacity":"","overlay-gradient":""}}},"product_brand":[],"product_cat":[178],"product_tag":[],"class_list":{"0":"post-25599","1":"product","2":"type-product","3":"status-publish","4":"has-post-thumbnail","6":"product_cat-fertilizers","7":"desktop-align-left","8":"tablet-align-left","9":"mobile-align-left","11":"first","12":"instock","13":"taxable","14":"shipping-taxable","15":"purchasable","16":"product-type-simple"},"spectra_custom_meta":{"_visibility":["visible"],"_shopify_product_id":["9062388728053"],"_s2w_shopify_domain":["ferberpainting.myshopify.com"],"_shopify_variant_id":["46488683741429"],"_sku":["FPTREEANDSHRUBFERTILIZER25KG"],"_regular_price":["39.90"],"_price":["39.90"],"_sale_price":[""],"_weight":["18.5"],"_thumbnail_id":["27431"],"_global_unique_id":["5056773816916"],"total_sales":["12"],"_tax_status":["taxable"],"_tax_class":[""],"_manage_stock":["no"],"_backorders":["no"],"_sold_individually":["no"],"_virtual":["no"],"_downloadable":["no"],"_download_limit":["-1"],"_download_expiry":["-1"],"_stock":[null],"_stock_status":["instock"],"_wc_average_rating":["5.00"],"_wc_review_count":["33"],"_product_version":["10.5.1"],"_edit_lock":["1771244545:1"],"_edit_last":["1"],"_wp_page_template":["default"],"site-sidebar-layout":["default"],"ast-site-content-layout":["default"],"site-content-style":["default"],"site-sidebar-style":["default"],"theme-transparent-header-meta":["default"],"_wc_rating_count":["a:1:{i:5;i:33;}"],"merchant-center-availability":["yes"],"merchant-center-category":["113"],"astra-migrate-meta-layouts":["set"],"_uag_css_file_name":["uag-css-25599.css"],"_elementor_page_assets":["a:0:{}"],"_uag_page_assets":["a:9:{s:3:\"css\";s:6873:\".wp-block-uagb-image{display:flex}.wp-block-uagb-image__figure{position:relative;display:flex;flex-direction:column;max-width:100%;height:auto;margin:0}.wp-block-uagb-image__figure img{height:auto;display:flex;max-width:100%;transition:box-shadow .2s ease}.wp-block-uagb-image__figure>a{display:inline-block}.wp-block-uagb-image__figure figcaption{text-align:center;margin-top:.5em;margin-bottom:1em}.wp-block-uagb-image .components-placeholder.block-editor-media-placeholder .components-placeholder__instructions{align-self:center}.wp-block-uagb-image--align-left{text-align:left}.wp-block-uagb-image--align-right{text-align:right}.wp-block-uagb-image--align-center{text-align:center}.wp-block-uagb-image--align-full .wp-block-uagb-image__figure{margin-left:calc(50% - 50vw);margin-right:calc(50% - 50vw);max-width:100vw;width:100vw;height:auto}.wp-block-uagb-image--align-full .wp-block-uagb-image__figure img{height:auto;width:100% !important}.wp-block-uagb-image--align-wide .wp-block-uagb-image__figure img{height:auto;width:100%}.wp-block-uagb-image--layout-overlay__color-wrapper{position:absolute;left:0;top:0;right:0;bottom:0;opacity:.2;background:rgba(0,0,0,.5);transition:opacity .35s ease-in-out}.wp-block-uagb-image--layout-overlay-link{position:absolute;left:0;right:0;bottom:0;top:0}.wp-block-uagb-image--layout-overlay .wp-block-uagb-image__figure:hover .wp-block-uagb-image--layout-overlay__color-wrapper{opacity:1}.wp-block-uagb-image--layout-overlay__inner{position:absolute;left:15px;right:15px;bottom:15px;top:15px;display:flex;align-items:center;justify-content:center;flex-direction:column;border-color:#fff;transition:.35s ease-in-out}.wp-block-uagb-image--layout-overlay__inner.top-left,.wp-block-uagb-image--layout-overlay__inner.top-center,.wp-block-uagb-image--layout-overlay__inner.top-right{justify-content:flex-start}.wp-block-uagb-image--layout-overlay__inner.bottom-left,.wp-block-uagb-image--layout-overlay__inner.bottom-center,.wp-block-uagb-image--layout-overlay__inner.bottom-right{justify-content:flex-end}.wp-block-uagb-image--layout-overlay__inner.top-left,.wp-block-uagb-image--layout-overlay__inner.center-left,.wp-block-uagb-image--layout-overlay__inner.bottom-left{align-items:flex-start}.wp-block-uagb-image--layout-overlay__inner.top-right,.wp-block-uagb-image--layout-overlay__inner.center-right,.wp-block-uagb-image--layout-overlay__inner.bottom-right{align-items:flex-end}.wp-block-uagb-image--layout-overlay__inner .uagb-image-heading{color:#fff;transition:transform .35s,opacity .35s ease-in-out;transform:translate3d(0, 24px, 0);margin:0;line-height:1em}.wp-block-uagb-image--layout-overlay__inner .uagb-image-separator{width:30%;border-top-width:2px;border-top-color:#fff;border-top-style:solid;margin-bottom:10px;opacity:0;transition:transform .4s,opacity .4s ease-in-out;transform:translate3d(0, 30px, 0)}.wp-block-uagb-image--layout-overlay__inner .uagb-image-caption{opacity:0;overflow:visible;color:#fff;transition:transform .45s,opacity .45s ease-in-out;transform:translate3d(0, 35px, 0)}.wp-block-uagb-image--layout-overlay__inner:hover .uagb-image-heading,.wp-block-uagb-image--layout-overlay__inner:hover .uagb-image-separator,.wp-block-uagb-image--layout-overlay__inner:hover .uagb-image-caption{opacity:1;transform:translate3d(0, 0, 0)}.wp-block-uagb-image--effect-zoomin .wp-block-uagb-image__figure img,.wp-block-uagb-image--effect-zoomin .wp-block-uagb-image__figure .wp-block-uagb-image--layout-overlay__color-wrapper{transform:scale(1);transition:transform .35s ease-in-out}.wp-block-uagb-image--effect-zoomin .wp-block-uagb-image__figure:hover img,.wp-block-uagb-image--effect-zoomin .wp-block-uagb-image__figure:hover .wp-block-uagb-image--layout-overlay__color-wrapper{transform:scale(1.05)}.wp-block-uagb-image--effect-slide .wp-block-uagb-image__figure img,.wp-block-uagb-image--effect-slide .wp-block-uagb-image__figure .wp-block-uagb-image--layout-overlay__color-wrapper{width:calc(100% + 40px) !important;max-width:none !important;transform:translate3d(-40px, 0, 0);transition:transform .35s ease-in-out}.wp-block-uagb-image--effect-slide .wp-block-uagb-image__figure:hover img,.wp-block-uagb-image--effect-slide .wp-block-uagb-image__figure:hover .wp-block-uagb-image--layout-overlay__color-wrapper{transform:translate3d(0, 0, 0)}.wp-block-uagb-image--effect-grayscale img{filter:grayscale(0%);transition:.35s ease-in-out}.wp-block-uagb-image--effect-grayscale:hover img{filter:grayscale(100%)}.wp-block-uagb-image--effect-blur img{filter:blur(0);transition:.35s ease-in-out}.wp-block-uagb-image--effect-blur:hover img{filter:blur(3px)}.uagb-block-e6f939b3.wp-block-uagb-image--layout-default figure img{box-shadow: 0px 0px 0 #00000070;}.uagb-block-e6f939b3.wp-block-uagb-image .wp-block-uagb-image__figure figcaption{font-style: normal;align-self: center;}.uagb-block-e6f939b3.wp-block-uagb-image--layout-overlay figure img{box-shadow: 0px 0px 0 #00000070;}.uagb-block-e6f939b3.wp-block-uagb-image--layout-overlay .wp-block-uagb-image--layout-overlay__color-wrapper{opacity: 0.2;}.uagb-block-e6f939b3.wp-block-uagb-image--layout-overlay .wp-block-uagb-image--layout-overlay__inner{left: 15px;right: 15px;top: 15px;bottom: 15px;}.uagb-block-e6f939b3.wp-block-uagb-image--layout-overlay .wp-block-uagb-image--layout-overlay__inner .uagb-image-heading{font-style: normal;color: #fff;opacity: 1;}.uagb-block-e6f939b3.wp-block-uagb-image--layout-overlay .wp-block-uagb-image--layout-overlay__inner .uagb-image-heading a{color: #fff;}.uagb-block-e6f939b3.wp-block-uagb-image--layout-overlay .wp-block-uagb-image--layout-overlay__inner .uagb-image-caption{opacity: 0;}.uagb-block-e6f939b3.wp-block-uagb-image--layout-overlay .wp-block-uagb-image__figure:hover .wp-block-uagb-image--layout-overlay__color-wrapper{opacity: 1;}.uagb-block-e6f939b3.wp-block-uagb-image .wp-block-uagb-image--layout-overlay__inner .uagb-image-separator{width: 30%;border-top-width: 2px;border-top-color: #fff;opacity: 0;}.uagb-block-e6f939b3.wp-block-uagb-image .wp-block-uagb-image__figure img{width: px;height: auto;}.uagb-block-e6f939b3.wp-block-uagb-image .wp-block-uagb-image__figure:hover .wp-block-uagb-image--layout-overlay__inner .uagb-image-caption{opacity: 1;}.uagb-block-e6f939b3.wp-block-uagb-image .wp-block-uagb-image__figure:hover .wp-block-uagb-image--layout-overlay__inner .uagb-image-separator{opacity: 1;}.uagb-block-e6f939b3.wp-block-uagb-image--layout-default figure:hover img{box-shadow: 0px 0px 0 #00000070;}.uagb-block-e6f939b3.wp-block-uagb-image--layout-overlay figure:hover img{box-shadow: 0px 0px 0 #00000070;}@media only screen and (max-width: 976px) {.uagb-block-e6f939b3.wp-block-uagb-image .wp-block-uagb-image__figure img{width: px;height: auto;}}@media only screen and (max-width: 767px) {.uagb-block-e6f939b3.wp-block-uagb-image .wp-block-uagb-image__figure img{width: px;height: auto;}}\";s:2:\"js\";s:0:\"\";s:18:\"current_block_list\";a:13:{i:0;s:11:\"core\/search\";i:1;s:10:\"core\/group\";i:2;s:12:\"core\/heading\";i:3;s:17:\"core\/latest-posts\";i:4;s:20:\"core\/latest-comments\";i:5;s:13:\"core\/archives\";i:6;s:15:\"core\/categories\";i:7;s:14:\"core\/paragraph\";i:8;s:10:\"uagb\/image\";i:9;s:11:\"core\/spacer\";i:10;s:30:\"woocommerce\/product-categories\";i:11;s:10:\"core\/image\";i:12;s:14:\"core\/shortcode\";}s:8:\"uag_flag\";b:1;s:11:\"uag_version\";s:10:\"1777373848\";s:6:\"gfonts\";a:0:{}s:10:\"gfonts_url\";s:0:\"\";s:12:\"gfonts_files\";a:0:{}s:14:\"uag_faq_layout\";b:0;}"]},"uagb_featured_image_src":{"full":["https:\/\/www.ferberpainting.com\/wp-content\/uploads\/2025\/05\/TreeandShrubFertilizer25kg.png",2560,2560,false],"thumbnail":["https:\/\/www.ferberpainting.com\/wp-content\/uploads\/2025\/05\/TreeandShrubFertilizer25kg-150x150.png",150,150,true],"medium":["https:\/\/www.ferberpainting.com\/wp-content\/uploads\/2025\/05\/TreeandShrubFertilizer25kg-300x300.png",300,300,true],"medium_large":["https:\/\/www.ferberpainting.com\/wp-content\/uploads\/2025\/05\/TreeandShrubFertilizer25kg-768x768.png",768,768,true],"large":["https:\/\/www.ferberpainting.com\/wp-content\/uploads\/2025\/05\/TreeandShrubFertilizer25kg-1024x1024.png",1024,1024,true],"1536x1536":["https:\/\/www.ferberpainting.com\/wp-content\/uploads\/2025\/05\/TreeandShrubFertilizer25kg-1536x1536.png",1536,1536,true],"2048x2048":["https:\/\/www.ferberpainting.com\/wp-content\/uploads\/2025\/05\/TreeandShrubFertilizer25kg-2048x2048.png",2048,2048,true],"trp-custom-language-flag":["https:\/\/www.ferberpainting.com\/wp-content\/uploads\/2025\/05\/TreeandShrubFertilizer25kg-12x12.png",12,12,true],"woocommerce_thumbnail":["https:\/\/www.ferberpainting.com\/wp-content\/uploads\/2025\/05\/TreeandShrubFertilizer25kg-300x300.png",300,300,true],"woocommerce_single":["https:\/\/www.ferberpainting.com\/wp-content\/uploads\/2025\/05\/TreeandShrubFertilizer25kg-600x600.png",600,600,true],"woocommerce_gallery_thumbnail":["https:\/\/www.ferberpainting.com\/wp-content\/uploads\/2025\/05\/TreeandShrubFertilizer25kg-100x100.png",100,100,true]},"uagb_author_info":{"display_name":"admin","author_link":"https:\/\/www.ferberpainting.com\/ee\/author\/"},"uagb_comment_info":33,"uagb_excerpt":"A balanced fertilizer for vigorous growth.\u00a0This tree and shrub fertilizer is specially formulated to meet the nutritional needs of trees, shrubs, and hedges, promoting healthy and balanced growth. Thanks to its NPK 10-10-10 composition, it provides an optimal supply of nitrogen (N) for foliage development, phosphorus (P) for strong rooting, and potassium (K) to enhance&hellip;","_links":{"self":[{"href":"https:\/\/www.ferberpainting.com\/ee\/wp-json\/wp\/v2\/product\/25599","targetHints":{"allow":["GET"]}}],"collection":[{"href":"https:\/\/www.ferberpainting.com\/ee\/wp-json\/wp\/v2\/product"}],"about":[{"href":"https:\/\/www.ferberpainting.com\/ee\/wp-json\/wp\/v2\/types\/product"}],"replies":[{"embeddable":true,"href":"https:\/\/www.ferberpainting.com\/ee\/wp-json\/wp\/v2\/comments?post=25599"}],"version-history":[{"count":5,"href":"https:\/\/www.ferberpainting.com\/ee\/wp-json\/wp\/v2\/product\/25599\/revisions"}],"predecessor-version":[{"id":167462,"href":"https:\/\/www.ferberpainting.com\/ee\/wp-json\/wp\/v2\/product\/25599\/revisions\/167462"}],"wp:featuredmedia":[{"embeddable":true,"href":"https:\/\/www.ferberpainting.com\/ee\/wp-json\/wp\/v2\/media\/27431"}],"wp:attachment":[{"href":"https:\/\/www.ferberpainting.com\/ee\/wp-json\/wp\/v2\/media?parent=25599"}],"wp:term":[{"taxonomy":"product_brand","embeddable":true,"href":"https:\/\/www.ferberpainting.com\/ee\/wp-json\/wp\/v2\/product_brand?post=25599"},{"taxonomy":"product_cat","embeddable":true,"href":"https:\/\/www.ferberpainting.com\/ee\/wp-json\/wp\/v2\/product_cat?post=25599"},{"taxonomy":"product_tag","embeddable":true,"href":"https:\/\/www.ferberpainting.com\/ee\/wp-json\/wp\/v2\/product_tag?post=25599"}],"curies":[{"name":"wp","href":"https:\/\/api.w.org\/{rel}","templated":true}]}}