{"id":25569,"date":"2025-06-30T19:45:54","date_gmt":"2025-06-30T17:45:54","guid":{"rendered":"https:\/\/www.ferberpainting.com\/?post_type=product&#038;p=25569"},"modified":"2026-02-16T12:43:55","modified_gmt":"2026-02-16T11:43:55","slug":"tile-stripper","status":"publish","type":"product","link":"https:\/\/www.ferberpainting.com\/ee\/products\/tile-stripper\/","title":{"rendered":"Plaatide puhastusvahend"},"content":{"rendered":"<p><strong><img decoding=\"async\" style=\"margin-right: 12px;\" src=\"https:\/\/www.ferberpainting.com\/wp-content\/uploads\/2026\/02\/Check.svg\" alt=\"\" width=\"18\" height=\"15\" \/>Eemaldab t\u00f5husalt vanad hermeetikud, vahad ja pinnakatted, et taastada plaatide algne seisund.<\/strong> Meie plaatide eemaldaja on spetsiaalselt loodud vanade vahakihide, akr\u00fc\u00fclkattematerjalide, hermeetikute, poleerimisj\u00e4\u00e4kide ja pealekantud hoolduskilede lahustamiseks ja eemaldamiseks plaatpindadelt. Aja jooksul kogunevad need kihid ja tekitavad tuhmust, v\u00e4rvimuutusi ja eba\u00fchtlast v\u00e4ljan\u00e4gemist. See v\u00f5imas koorimislahus tungib nende soovimatute kihtide sisse ja l\u00f5hub need, v\u00f5imaldades teil pinna t\u00e4ielikult taastada ja tuua esile teie plaatide autentse v\u00e4limuse. See valmistab pinna ideaalselt ette uueks tihendamiseks, viimistlemiseks v\u00f5i restaureerimiseks.<\/p>\n<p><strong><img decoding=\"async\" style=\"margin-right: 12px;\" src=\"https:\/\/www.ferberpainting.com\/wp-content\/uploads\/2026\/02\/Check.svg\" alt=\"\" width=\"18\" height=\"15\" \/>Pakume t\u00e4ieliku meelerahu tagamiseks raha tagasi garantiid.<\/strong> Me seisame meie plaadieemaldusvahendi j\u00f5udluse ja usaldusv\u00e4\u00e4rsuse eest. Kui te ei ole tulemustega t\u00e4ielikult rahul, tagastame teile raha tagasi. See raha-tagastamisgarantii tagab, et saate toodet kindlalt kasutada, teades, et teie rahulolu on meie prioriteet ja et teie investeering on t\u00e4ielikult kaitstud.<\/p>\n<p><strong><img decoding=\"async\" style=\"margin-right: 12px;\" src=\"https:\/\/www.ferberpainting.com\/wp-content\/uploads\/2026\/02\/Check.svg\" alt=\"\" width=\"18\" height=\"15\" \/>K\u00f5ige t\u00f5husam plaatide eemaldamise lahendus turul.<\/strong> Meie t\u00e4iustatud valem on loodud nii, et see \u00fcletab tavap\u00e4raste eemaldamistoodete omadusi. See toimib s\u00fcgavuti ja t\u00f5husalt, et l\u00f5hkuda mitu vana pinnakatte kihti ilma liigse k\u00fc\u00fcrimise v\u00f5i mehaanilise pingutuseta. Erinevalt n\u00f5rgematest toodetest, mis n\u00f5uavad korduvat kasutamist, annab meie plaatide eemaldaja v\u00f5imsaid ja j\u00e4rjepidevaid tulemusi, mis teeb sellest k\u00f5ige t\u00f5husama valiku professionaalsete ja elamute plaatide restaureerimisprojektide jaoks.<\/p>\n<p><strong><img decoding=\"async\" style=\"margin-right: 12px;\" src=\"https:\/\/www.ferberpainting.com\/wp-content\/uploads\/2026\/02\/Check.svg\" alt=\"\" width=\"18\" height=\"15\" \/>Odavaim professionaalne plaadieemaldaja.<\/strong> Suure j\u00f5udlusega eemaldamine ei pea olema kallis. Pakume k\u00f5ige konkurentsiv\u00f5imelisemat hinda, s\u00e4ilitades samal ajal tippkvaliteedi standardid. Tootmise ja turustamise optimeerimise abil pakume professionaalse tugevusega plaatide eemaldajat madalaima hinnaga v\u00f5rreldes sarnaste toodetega, tagades maksimaalse v\u00e4\u00e4rtuse teie eelarve jaoks.<\/p>\n<p><strong><img decoding=\"async\" style=\"margin-right: 12px;\" src=\"https:\/\/www.ferberpainting.com\/wp-content\/uploads\/2026\/02\/Check.svg\" alt=\"\" width=\"18\" height=\"15\" \/>Garanteeritud 24-tunnine tarne projekti kiireks elluviimiseks.<\/strong> Renoveerimis- ja restaureerimisprojektid j\u00e4rgivad sageli tihedat ajakava. Seep\u00e4rast pakume usaldusv\u00e4\u00e4rset 24-tunnist tarnet, mis tagab, et teie plaadieemaldusvahend j\u00f5uab kohale kiiresti ja on kohe kasutamiseks valmis. See kiire tarne v\u00f5imaldab teil alustada pinna ettevalmistamist ilma asjatute viivitusteta.<\/p>\n<p><strong><img decoding=\"async\" style=\"margin-right: 12px;\" src=\"https:\/\/www.ferberpainting.com\/wp-content\/uploads\/2026\/02\/Check.svg\" alt=\"\" width=\"18\" height=\"15\" \/>T\u00f5hus katvus 10 m\u00b2 liitri kohta t\u00e4pseks planeerimiseks.<\/strong> \u00dcks liiter meie plaatide eemaldamisvahendit sobib kuni 10 ruutmeetrile, s\u00f5ltuvalt katte paksusest ja pinna poorsusest. Selline prognoositav katvuse m\u00e4\u00e4r v\u00f5imaldab h\u00f5lpsasti hinnata vajalikku kogust ja juhtida projekti t\u00f5husalt, v\u00e4hendades samal ajal toote raiskamist.<\/p>\n<p><strong><img decoding=\"async\" style=\"margin-right: 12px;\" src=\"https:\/\/www.ferberpainting.com\/wp-content\/uploads\/2026\/02\/Check.svg\" alt=\"\" width=\"18\" height=\"15\" \/>Sobib erinevatele plaadit\u00fc\u00fcpidele ja mineraalsetele pindadele.<\/strong> Meie plaatide eemaldusvahendit saab kasutada keraamiliste plaatide, portselaniplaatide, terrakota, looduskivi ja muude sobivate mineraalp\u00f5histe pindade puhul. See kohandub erinevate tekstuuride ja viimistlustega, eemaldades samal ajal t\u00f5husalt soovimatuid katteid, kui seda kasutatakse vastavalt juhistele.<\/p>\n<p><strong><img decoding=\"async\" style=\"margin-right: 12px;\" src=\"https:\/\/www.ferberpainting.com\/wp-content\/uploads\/2026\/02\/Check.svg\" alt=\"\" width=\"18\" height=\"15\" \/>V\u00e4hendab t\u00f6\u00f6aega ja mehaanilist t\u00f6\u00f6d.<\/strong> K\u00f5rge aktiivsusega koostis pehmendab ja lahustab vanad kihid kiiresti, v\u00e4hendades vajadust agressiivse kraapimise v\u00f5i pikemaajalise k\u00fc\u00fcrimise j\u00e4rele. See s\u00e4\u00e4stab aega ja f\u00fc\u00fcsilist pingutust, tagades samas \u00fchtlase ja p\u00f5hjaliku eemaldamise tulemuse.<\/p>\n<p><strong><img decoding=\"async\" style=\"margin-right: 12px;\" src=\"https:\/\/www.ferberpainting.com\/wp-content\/uploads\/2026\/02\/Check.svg\" alt=\"\" width=\"18\" height=\"15\" \/>Valmistab pinnad ideaalselt ette uueks tihendamiseks v\u00f5i viimistlemiseks.<\/strong> Pikaajalise pinna ettevalmistamine on oluline, et saavutada pikaajaline pitseerimis- v\u00f5i lakkimistulemus. Vanade j\u00e4\u00e4kide ja kattematerjalide t\u00e4ielik eemaldamine loob puhta ja vastuv\u00f5tliku aluspinna, mis tagab optimaalse haardumise ja j\u00e4rgnevate t\u00f6\u00f6tlemisviiside tulemuslikkuse.<\/p>\n<p><strong><img decoding=\"async\" style=\"margin-right: 12px;\" src=\"https:\/\/www.ferberpainting.com\/wp-content\/uploads\/2026\/02\/Check.svg\" alt=\"\" width=\"18\" height=\"15\" \/>Lihtne rakendus professionaalidele ja DIY-kasutajatele.<\/strong> Mugavaks kasutamiseks m\u00f5eldud plaatide eemaldajat saab kasutada pintsli, rulli, mopi v\u00f5i madalsurvepihusti abil. Selle tasakaalustatud konsistents tagab \u00fchtlase jaotuse ja kontrollitud t\u00f6\u00f6aja, mist\u00f5ttu sobib see nii v\u00e4ikeste eluruumide kui ka suurte kaubandusp\u00f5randate jaoks.<\/p>\n<h2><strong>Juhised<\/strong><\/h2>\n<ul>\n<li>Enne eemaldamise alustamist veenduge, et ala on h\u00e4sti ventileeritud.<\/li>\n<li>Lahtise tolmu ja prahi eemaldamiseks p\u00fchkige v\u00f5i tolmuimejaga p\u00fchkige plaadipind.<\/li>\n<li>Enne kasutamist raputage v\u00f5i segage plaadieemaldusvahendit p\u00f5hjalikult.<\/li>\n<li>Kandke toode \u00fchtlaselt peale mopi, pintsli, rulli v\u00f5i pihusti abil, tagades, et kaetud pind oleks t\u00e4ielikult kaetud.<\/li>\n<li>Soovitatav annus on ligikaudu 100 ml ruutmeetri kohta, kuna \u00fcks liiter on m\u00f5eldud kuni 10 m\u00b2 t\u00f6\u00f6tlemiseks. Tugevalt kaetud pinnad v\u00f5ivad n\u00f5uda veidi suuremat tarbimist.<\/li>\n<li>Laske tootel toimida 10 kuni 30 minutit, s\u00f5ltuvalt eemaldatava katte paksusest ja t\u00fc\u00fcbist. \u00c4rge laske sel ajal tootel pinnal kuivada.<\/li>\n<li>Kui vana kattekiht on pehmenenud, k\u00fc\u00fcrige pinda, kasutades lahustunud materjali eemaldamiseks j\u00e4ika harja v\u00f5i sobiva padjaga p\u00f5randamasinat.<\/li>\n<li>Eemaldage lahtised j\u00e4\u00e4gid mopi, m\u00e4rja tolmuimejaga v\u00f5i imava lapiga.<\/li>\n<li>Loputage p\u00f5hjalikult puhta veega, et eemaldada k\u00f5ik tootej\u00e4\u00e4gid ja lahustunud j\u00e4\u00e4gid.<\/li>\n<li>Vajaduse korral korrake pealekandmist v\u00e4ga paksude v\u00f5i mitme vanade kihtide puhul.<\/li>\n<li>Laske pinnal t\u00e4ielikult kuivada enne uue hermeetiku, laki v\u00f5i kaitsevahendi pealekandmist.<\/li>\n<li>Puhastage k\u00f5ik t\u00f6\u00f6riistad ja seadmed kohe p\u00e4rast kasutamist.<\/li>\n<li>S\u00e4ilitage toodet tihedalt suletuna jahedas ja kuivas kohas, kaitstuna k\u00fclma ja otsese p\u00e4ikesevalguse eest. Hoida lastele k\u00e4ttesaamatus kohas ja j\u00e4rgida tavalisi ohutusabin\u00f5usid k\u00e4sitsemisel ja kasutamisel.<\/li>\n<\/ul>","protected":false},"excerpt":{"rendered":"<p>Removes old sealers, waxes, and coatings effectively to restore your tiles to their original state. Our tile stripper is specially formulated to dissolve and remove stubborn layers of old wax, acrylic coatings, sealants, polish residues, and built-up maintenance films from tile surfaces. Over time, these layers accumulate and create dullness, discoloration, and uneven appearance. This [&hellip;]<\/p>\n","protected":false},"featured_media":35866,"comment_status":"open","ping_status":"closed","template":"","meta":{"_uag_custom_page_level_css":"","site-sidebar-layout":"default","site-content-layout":"","ast-site-content-layout":"default","site-content-style":"default","site-sidebar-style":"default","ast-global-header-display":"","ast-banner-title-visibility":"","ast-main-header-display":"","ast-hfb-above-header-display":"","ast-hfb-below-header-display":"","ast-hfb-mobile-header-display":"","site-post-title":"","ast-breadcrumbs-content":"","ast-featured-img":"","footer-sml-layout":"","ast-disable-related-posts":"","theme-transparent-header-meta":"default","adv-header-id-meta":"","stick-header-meta":"","header-above-stick-meta":"","header-main-stick-meta":"","header-below-stick-meta":"","astra-migrate-meta-layouts":"set","ast-page-background-enabled":"default","ast-page-background-meta":{"desktop":{"background-color":"var(--ast-global-color-4)","background-image":"","background-repeat":"repeat","background-position":"center center","background-size":"auto","background-attachment":"scroll","background-type":"","background-media":"","overlay-type":"","overlay-color":"","overlay-opacity":"","overlay-gradient":""},"tablet":{"background-color":"","background-image":"","background-repeat":"repeat","background-position":"center center","background-size":"auto","background-attachment":"scroll","background-type":"","background-media":"","overlay-type":"","overlay-color":"","overlay-opacity":"","overlay-gradient":""},"mobile":{"background-color":"","background-image":"","background-repeat":"repeat","background-position":"center center","background-size":"auto","background-attachment":"scroll","background-type":"","background-media":"","overlay-type":"","overlay-color":"","overlay-opacity":"","overlay-gradient":""}},"ast-content-background-meta":{"desktop":{"background-color":"var(--ast-global-color-5)","background-image":"","background-repeat":"repeat","background-position":"center center","background-size":"auto","background-attachment":"scroll","background-type":"","background-media":"","overlay-type":"","overlay-color":"","overlay-opacity":"","overlay-gradient":""},"tablet":{"background-color":"var(--ast-global-color-5)","background-image":"","background-repeat":"repeat","background-position":"center center","background-size":"auto","background-attachment":"scroll","background-type":"","background-media":"","overlay-type":"","overlay-color":"","overlay-opacity":"","overlay-gradient":""},"mobile":{"background-color":"var(--ast-global-color-5)","background-image":"","background-repeat":"repeat","background-position":"center center","background-size":"auto","background-attachment":"scroll","background-type":"","background-media":"","overlay-type":"","overlay-color":"","overlay-opacity":"","overlay-gradient":""}}},"product_brand":[],"product_cat":[175],"product_tag":[],"class_list":{"0":"post-25569","1":"product","2":"type-product","3":"status-publish","4":"has-post-thumbnail","6":"product_cat-cleaning-products","7":"desktop-align-left","8":"tablet-align-left","9":"mobile-align-left","11":"first","12":"instock","13":"sale","14":"taxable","15":"shipping-taxable","16":"purchasable","17":"product-type-variable","18":"has-default-attributes"},"spectra_custom_meta":{"_visibility":["visible"],"_shopify_product_id":["9106662555893"],"_s2w_shopify_domain":["ferberpainting.myshopify.com"],"_shopify_variant_id":["46626430222581"],"_sku":[""],"_manage_stock":["no"],"total_sales":["21"],"_tax_status":["taxable"],"_tax_class":[""],"_backorders":["no"],"_sold_individually":["no"],"_virtual":["no"],"_downloadable":["no"],"_download_limit":["-1"],"_download_expiry":["-1"],"_stock":[null],"_stock_status":["instock"],"_wc_average_rating":["5.00"],"_wc_review_count":["34"],"_product_attributes":["a:1:{s:6:\"volume\";a:6:{s:4:\"name\";s:6:\"Volume\";s:5:\"value\";s:20:\"5 liters | 25 liters\";s:8:\"position\";i:1;s:10:\"is_visible\";i:0;s:12:\"is_variation\";i:1;s:11:\"is_taxonomy\";i:0;}}"],"_product_version":["10.5.1"],"wpse_downloadable_file_names":[""],"wpse_downloadable_file_urls":[""],"_edit_last":["1"],"_default_attributes":["a:1:{s:6:\"volume\";s:8:\"5 liters\";}"],"_edit_lock":["1771242132:1"],"merchant-center-availability":["yes"],"merchant-center-category":["4977"],"_thumbnail_id":["35866"],"_wp_page_template":["default"],"_wp_old_date":["2025-05-26"],"_product_image_gallery":["35867"],"site-sidebar-layout":["default"],"ast-site-content-layout":["default"],"site-content-style":["default"],"site-sidebar-style":["default"],"theme-transparent-header-meta":["default"],"_price":["29.90","129.90"],"_wc_rating_count":["a:1:{i:5;i:34;}"],"astra-migrate-meta-layouts":["set"],"_uag_css_file_name":["uag-css-25569.css"],"_elementor_page_assets":["a:0:{}"],"_uag_page_assets":["a:9:{s:3:\"css\";s:6873:\".wp-block-uagb-image{display:flex}.wp-block-uagb-image__figure{position:relative;display:flex;flex-direction:column;max-width:100%;height:auto;margin:0}.wp-block-uagb-image__figure img{height:auto;display:flex;max-width:100%;transition:box-shadow .2s ease}.wp-block-uagb-image__figure>a{display:inline-block}.wp-block-uagb-image__figure figcaption{text-align:center;margin-top:.5em;margin-bottom:1em}.wp-block-uagb-image .components-placeholder.block-editor-media-placeholder .components-placeholder__instructions{align-self:center}.wp-block-uagb-image--align-left{text-align:left}.wp-block-uagb-image--align-right{text-align:right}.wp-block-uagb-image--align-center{text-align:center}.wp-block-uagb-image--align-full .wp-block-uagb-image__figure{margin-left:calc(50% - 50vw);margin-right:calc(50% - 50vw);max-width:100vw;width:100vw;height:auto}.wp-block-uagb-image--align-full .wp-block-uagb-image__figure img{height:auto;width:100% !important}.wp-block-uagb-image--align-wide .wp-block-uagb-image__figure img{height:auto;width:100%}.wp-block-uagb-image--layout-overlay__color-wrapper{position:absolute;left:0;top:0;right:0;bottom:0;opacity:.2;background:rgba(0,0,0,.5);transition:opacity .35s ease-in-out}.wp-block-uagb-image--layout-overlay-link{position:absolute;left:0;right:0;bottom:0;top:0}.wp-block-uagb-image--layout-overlay .wp-block-uagb-image__figure:hover .wp-block-uagb-image--layout-overlay__color-wrapper{opacity:1}.wp-block-uagb-image--layout-overlay__inner{position:absolute;left:15px;right:15px;bottom:15px;top:15px;display:flex;align-items:center;justify-content:center;flex-direction:column;border-color:#fff;transition:.35s ease-in-out}.wp-block-uagb-image--layout-overlay__inner.top-left,.wp-block-uagb-image--layout-overlay__inner.top-center,.wp-block-uagb-image--layout-overlay__inner.top-right{justify-content:flex-start}.wp-block-uagb-image--layout-overlay__inner.bottom-left,.wp-block-uagb-image--layout-overlay__inner.bottom-center,.wp-block-uagb-image--layout-overlay__inner.bottom-right{justify-content:flex-end}.wp-block-uagb-image--layout-overlay__inner.top-left,.wp-block-uagb-image--layout-overlay__inner.center-left,.wp-block-uagb-image--layout-overlay__inner.bottom-left{align-items:flex-start}.wp-block-uagb-image--layout-overlay__inner.top-right,.wp-block-uagb-image--layout-overlay__inner.center-right,.wp-block-uagb-image--layout-overlay__inner.bottom-right{align-items:flex-end}.wp-block-uagb-image--layout-overlay__inner .uagb-image-heading{color:#fff;transition:transform .35s,opacity .35s ease-in-out;transform:translate3d(0, 24px, 0);margin:0;line-height:1em}.wp-block-uagb-image--layout-overlay__inner .uagb-image-separator{width:30%;border-top-width:2px;border-top-color:#fff;border-top-style:solid;margin-bottom:10px;opacity:0;transition:transform .4s,opacity .4s ease-in-out;transform:translate3d(0, 30px, 0)}.wp-block-uagb-image--layout-overlay__inner .uagb-image-caption{opacity:0;overflow:visible;color:#fff;transition:transform .45s,opacity .45s ease-in-out;transform:translate3d(0, 35px, 0)}.wp-block-uagb-image--layout-overlay__inner:hover .uagb-image-heading,.wp-block-uagb-image--layout-overlay__inner:hover .uagb-image-separator,.wp-block-uagb-image--layout-overlay__inner:hover .uagb-image-caption{opacity:1;transform:translate3d(0, 0, 0)}.wp-block-uagb-image--effect-zoomin .wp-block-uagb-image__figure img,.wp-block-uagb-image--effect-zoomin .wp-block-uagb-image__figure .wp-block-uagb-image--layout-overlay__color-wrapper{transform:scale(1);transition:transform .35s ease-in-out}.wp-block-uagb-image--effect-zoomin .wp-block-uagb-image__figure:hover img,.wp-block-uagb-image--effect-zoomin .wp-block-uagb-image__figure:hover .wp-block-uagb-image--layout-overlay__color-wrapper{transform:scale(1.05)}.wp-block-uagb-image--effect-slide .wp-block-uagb-image__figure img,.wp-block-uagb-image--effect-slide .wp-block-uagb-image__figure .wp-block-uagb-image--layout-overlay__color-wrapper{width:calc(100% + 40px) !important;max-width:none !important;transform:translate3d(-40px, 0, 0);transition:transform .35s ease-in-out}.wp-block-uagb-image--effect-slide .wp-block-uagb-image__figure:hover img,.wp-block-uagb-image--effect-slide .wp-block-uagb-image__figure:hover .wp-block-uagb-image--layout-overlay__color-wrapper{transform:translate3d(0, 0, 0)}.wp-block-uagb-image--effect-grayscale img{filter:grayscale(0%);transition:.35s ease-in-out}.wp-block-uagb-image--effect-grayscale:hover img{filter:grayscale(100%)}.wp-block-uagb-image--effect-blur img{filter:blur(0);transition:.35s ease-in-out}.wp-block-uagb-image--effect-blur:hover img{filter:blur(3px)}.uagb-block-e6f939b3.wp-block-uagb-image--layout-default figure img{box-shadow: 0px 0px 0 #00000070;}.uagb-block-e6f939b3.wp-block-uagb-image .wp-block-uagb-image__figure figcaption{font-style: normal;align-self: center;}.uagb-block-e6f939b3.wp-block-uagb-image--layout-overlay figure img{box-shadow: 0px 0px 0 #00000070;}.uagb-block-e6f939b3.wp-block-uagb-image--layout-overlay .wp-block-uagb-image--layout-overlay__color-wrapper{opacity: 0.2;}.uagb-block-e6f939b3.wp-block-uagb-image--layout-overlay .wp-block-uagb-image--layout-overlay__inner{left: 15px;right: 15px;top: 15px;bottom: 15px;}.uagb-block-e6f939b3.wp-block-uagb-image--layout-overlay .wp-block-uagb-image--layout-overlay__inner .uagb-image-heading{font-style: normal;color: #fff;opacity: 1;}.uagb-block-e6f939b3.wp-block-uagb-image--layout-overlay .wp-block-uagb-image--layout-overlay__inner .uagb-image-heading a{color: #fff;}.uagb-block-e6f939b3.wp-block-uagb-image--layout-overlay .wp-block-uagb-image--layout-overlay__inner .uagb-image-caption{opacity: 0;}.uagb-block-e6f939b3.wp-block-uagb-image--layout-overlay .wp-block-uagb-image__figure:hover .wp-block-uagb-image--layout-overlay__color-wrapper{opacity: 1;}.uagb-block-e6f939b3.wp-block-uagb-image .wp-block-uagb-image--layout-overlay__inner .uagb-image-separator{width: 30%;border-top-width: 2px;border-top-color: #fff;opacity: 0;}.uagb-block-e6f939b3.wp-block-uagb-image .wp-block-uagb-image__figure img{width: px;height: auto;}.uagb-block-e6f939b3.wp-block-uagb-image .wp-block-uagb-image__figure:hover .wp-block-uagb-image--layout-overlay__inner .uagb-image-caption{opacity: 1;}.uagb-block-e6f939b3.wp-block-uagb-image .wp-block-uagb-image__figure:hover .wp-block-uagb-image--layout-overlay__inner .uagb-image-separator{opacity: 1;}.uagb-block-e6f939b3.wp-block-uagb-image--layout-default figure:hover img{box-shadow: 0px 0px 0 #00000070;}.uagb-block-e6f939b3.wp-block-uagb-image--layout-overlay figure:hover img{box-shadow: 0px 0px 0 #00000070;}@media only screen and (max-width: 976px) {.uagb-block-e6f939b3.wp-block-uagb-image .wp-block-uagb-image__figure img{width: px;height: auto;}}@media only screen and (max-width: 767px) {.uagb-block-e6f939b3.wp-block-uagb-image .wp-block-uagb-image__figure img{width: px;height: auto;}}\";s:2:\"js\";s:0:\"\";s:18:\"current_block_list\";a:13:{i:0;s:11:\"core\/search\";i:1;s:10:\"core\/group\";i:2;s:12:\"core\/heading\";i:3;s:17:\"core\/latest-posts\";i:4;s:20:\"core\/latest-comments\";i:5;s:13:\"core\/archives\";i:6;s:15:\"core\/categories\";i:7;s:14:\"core\/paragraph\";i:8;s:10:\"uagb\/image\";i:9;s:11:\"core\/spacer\";i:10;s:30:\"woocommerce\/product-categories\";i:11;s:10:\"core\/image\";i:12;s:14:\"core\/shortcode\";}s:8:\"uag_flag\";b:1;s:11:\"uag_version\";s:10:\"1777233992\";s:6:\"gfonts\";a:0:{}s:10:\"gfonts_url\";s:0:\"\";s:12:\"gfonts_files\";a:0:{}s:14:\"uag_faq_layout\";b:0;}"]},"uagb_featured_image_src":{"full":["https:\/\/www.ferberpainting.com\/wp-content\/uploads\/2025\/05\/Tile-Stripper-5L-.png",2560,2560,false],"thumbnail":["https:\/\/www.ferberpainting.com\/wp-content\/uploads\/2025\/05\/Tile-Stripper-5L--150x150.png",150,150,true],"medium":["https:\/\/www.ferberpainting.com\/wp-content\/uploads\/2025\/05\/Tile-Stripper-5L--300x300.png",300,300,true],"medium_large":["https:\/\/www.ferberpainting.com\/wp-content\/uploads\/2025\/05\/Tile-Stripper-5L--768x768.png",768,768,true],"large":["https:\/\/www.ferberpainting.com\/wp-content\/uploads\/2025\/05\/Tile-Stripper-5L--1024x1024.png",1024,1024,true],"1536x1536":["https:\/\/www.ferberpainting.com\/wp-content\/uploads\/2025\/05\/Tile-Stripper-5L--1536x1536.png",1536,1536,true],"2048x2048":["https:\/\/www.ferberpainting.com\/wp-content\/uploads\/2025\/05\/Tile-Stripper-5L--2048x2048.png",2048,2048,true],"trp-custom-language-flag":["https:\/\/www.ferberpainting.com\/wp-content\/uploads\/2025\/05\/Tile-Stripper-5L--12x12.png",12,12,true],"woocommerce_thumbnail":["https:\/\/www.ferberpainting.com\/wp-content\/uploads\/2025\/05\/Tile-Stripper-5L--300x300.png",300,300,true],"woocommerce_single":["https:\/\/www.ferberpainting.com\/wp-content\/uploads\/2025\/05\/Tile-Stripper-5L--600x600.png",600,600,true],"woocommerce_gallery_thumbnail":["https:\/\/www.ferberpainting.com\/wp-content\/uploads\/2025\/05\/Tile-Stripper-5L--100x100.png",100,100,true]},"uagb_author_info":{"display_name":"admin","author_link":"https:\/\/www.ferberpainting.com\/ee\/author\/"},"uagb_comment_info":34,"uagb_excerpt":"Removes old sealers, waxes, and coatings effectively to restore your tiles to their original state. Our tile stripper is specially formulated to dissolve and remove stubborn layers of old wax, acrylic coatings, sealants, polish residues, and built-up maintenance films from tile surfaces. Over time, these layers accumulate and create dullness, discoloration, and uneven appearance. This&hellip;","_links":{"self":[{"href":"https:\/\/www.ferberpainting.com\/ee\/wp-json\/wp\/v2\/product\/25569","targetHints":{"allow":["GET"]}}],"collection":[{"href":"https:\/\/www.ferberpainting.com\/ee\/wp-json\/wp\/v2\/product"}],"about":[{"href":"https:\/\/www.ferberpainting.com\/ee\/wp-json\/wp\/v2\/types\/product"}],"replies":[{"embeddable":true,"href":"https:\/\/www.ferberpainting.com\/ee\/wp-json\/wp\/v2\/comments?post=25569"}],"version-history":[{"count":5,"href":"https:\/\/www.ferberpainting.com\/ee\/wp-json\/wp\/v2\/product\/25569\/revisions"}],"predecessor-version":[{"id":167418,"href":"https:\/\/www.ferberpainting.com\/ee\/wp-json\/wp\/v2\/product\/25569\/revisions\/167418"}],"wp:featuredmedia":[{"embeddable":true,"href":"https:\/\/www.ferberpainting.com\/ee\/wp-json\/wp\/v2\/media\/35866"}],"wp:attachment":[{"href":"https:\/\/www.ferberpainting.com\/ee\/wp-json\/wp\/v2\/media?parent=25569"}],"wp:term":[{"taxonomy":"product_brand","embeddable":true,"href":"https:\/\/www.ferberpainting.com\/ee\/wp-json\/wp\/v2\/product_brand?post=25569"},{"taxonomy":"product_cat","embeddable":true,"href":"https:\/\/www.ferberpainting.com\/ee\/wp-json\/wp\/v2\/product_cat?post=25569"},{"taxonomy":"product_tag","embeddable":true,"href":"https:\/\/www.ferberpainting.com\/ee\/wp-json\/wp\/v2\/product_tag?post=25569"}],"curies":[{"name":"wp","href":"https:\/\/api.w.org\/{rel}","templated":true}]}}