{"id":25553,"date":"2025-05-26T10:32:13","date_gmt":"2025-05-26T08:32:13","guid":{"rendered":"https:\/\/www.ferberpainting.com\/products\/tile-paint-sand-yellow\/"},"modified":"2026-02-16T12:41:07","modified_gmt":"2026-02-16T11:41:07","slug":"tile-paint-sand-yellow","status":"publish","type":"product","link":"https:\/\/www.ferberpainting.com\/ee\/products\/tile-paint-sand-yellow\/","title":{"rendered":"Plaatide v\u00e4rv liivakollane"},"content":{"rendered":"<p><strong><img decoding=\"async\" style=\"margin-right: 12px;\" src=\"https:\/\/www.ferberpainting.com\/wp-content\/uploads\/2026\/02\/Check.svg\" alt=\"\" width=\"18\" height=\"15\" \/>Muutke vanad plaadid koheselt ilma kuluka v\u00e4ljavahetamiseta.<\/strong> Meie plaadiv\u00e4rv on spetsiaalselt loodud vananenud, kulunud v\u00f5i v\u00e4rvimuutustega plaatide kiireks ja taskukohaseks renoveerimiseks. Olemasolevate plaatide eemaldamise ja kulukate renoveerimist\u00f6\u00f6de tegemise asemel saate v\u00e4rskendada k\u00f6\u00f6gid, vannitoad, pesuruumid ja muud plaaditud alad sileda ja kaasaegse viimistlusega. See lahendus v\u00f5imaldab teil t\u00e4ielikult muuta ruumi v\u00e4limust, s\u00e4ilitades samal ajal olemasoleva pinna.<\/p>\n<p><strong><img decoding=\"async\" style=\"margin-right: 12px;\" src=\"https:\/\/www.ferberpainting.com\/wp-content\/uploads\/2026\/02\/Check.svg\" alt=\"\" width=\"18\" height=\"15\" \/>K\u00f5ige t\u00f5husam plaadiv\u00e4rv turul.<\/strong> See v\u00e4rv on loodud t\u00e4iustatud kleepumistehnoloogia abil, mis seob end otse keraamiliste, portselanist ja glasuuritud plaatpindadega. Erinevalt tavalistest seinav\u00e4rvidest on see loodud spetsiaalselt siledate ja mittepoorsete materjalide jaoks, tagades tugeva haardumise ja pikaajalise vastupidavuse. \u00d5igesti pealekandmisel on see vastupidav koorumisele, koorumisele ja enneaegsele kulumisele.<\/p>\n<p><strong><img decoding=\"async\" style=\"margin-right: 12px;\" src=\"https:\/\/www.ferberpainting.com\/wp-content\/uploads\/2026\/02\/Check.svg\" alt=\"\" width=\"18\" height=\"15\" \/>Raha tagasi garantii t\u00e4ieliku meelerahu tagamiseks.<\/strong> Oleme t\u00e4iesti veendunud meie plaatv\u00e4rvi toimivuses ja vastupidavuses. Kui te ei ole tulemustega t\u00e4ielikult rahul, tagastame teile raha tagasi. Meie raha-tagastamisgarantii tagab, et teie investeering on t\u00e4iesti riskivaba ja peegeldab meie p\u00fchendumust pakkuda professionaalset kvaliteeti.<\/p>\n<p><strong><img decoding=\"async\" style=\"margin-right: 12px;\" src=\"https:\/\/www.ferberpainting.com\/wp-content\/uploads\/2026\/02\/Check.svg\" alt=\"\" width=\"18\" height=\"15\" \/>Odavaim k\u00f5rgtehnoloogiline plaadiv\u00e4rv.<\/strong> Plaatide vahetus v\u00f5ib olla kallis ja h\u00e4iriv. Meie plaadiv\u00e4rv pakub esmaklassilist renoveerimislahendust k\u00f5ige konkurentsiv\u00f5imelisema hinnaga turul, mis v\u00f5imaldab teil saavutada professionaalse viimistluse ilma lammutamise v\u00f5i uuesti plaatimisega kaasnevate kuludeta.<\/p>\n<p><strong><img decoding=\"async\" style=\"margin-right: 12px;\" src=\"https:\/\/www.ferberpainting.com\/wp-content\/uploads\/2026\/02\/Check.svg\" alt=\"\" width=\"18\" height=\"15\" \/>Kiire 24-tunnine tarne kiirete renoveerimisprojektide jaoks.<\/strong> Renoveerimisprojektid j\u00e4rgivad sageli rangeid t\u00e4htaegu. Seep\u00e4rast pakume usaldusv\u00e4\u00e4rset 24-tunnist tarnet, mis tagab, et teie plaatv\u00e4rv saabub kiiresti, nii et saate viivitamatult alustada oma ruumi \u00fcmberkujundamist.<\/p>\n<p><strong><img decoding=\"async\" style=\"margin-right: 12px;\" src=\"https:\/\/www.ferberpainting.com\/wp-content\/uploads\/2026\/02\/Check.svg\" alt=\"\" width=\"18\" height=\"15\" \/>Katvus kuni 10 m\u00b2 liitri kohta t\u00f5husaks pealekandmiseks.<\/strong> \u00dcks liiter plaatv\u00e4rvi sobib kuni 10 ruutmeetrile, mis v\u00f5imaldab t\u00e4pset planeerimist ja kulude kontrollimist. Selline kindlaksm\u00e4\u00e4ratud katvus tagab \u00fchtlase v\u00e4rvijagamise ja \u00fchtlase tulemuse kogu plaaditud pinnal.<\/p>\n<p><strong><img decoding=\"async\" style=\"margin-right: 12px;\" src=\"https:\/\/www.ferberpainting.com\/wp-content\/uploads\/2026\/02\/Check.svg\" alt=\"\" width=\"18\" height=\"15\" \/>Suurep\u00e4rane vastupidavus niiskusele ja igap\u00e4evasele kulumisele.<\/strong> See niiskusega kokkupuutuvate keskkondade jaoks m\u00f5eldud plaatv\u00e4rv moodustab p\u00e4rast k\u00f5venemist vastupidava ja veekindla katte. See talub sagedast puhastamist, kerget h\u00f5\u00f5rdumist ja igap\u00e4evast kasutamist k\u00f6\u00f6gis ja vannitoas.<\/p>\n<p><strong><img decoding=\"async\" style=\"margin-right: 12px;\" src=\"https:\/\/www.ferberpainting.com\/wp-content\/uploads\/2026\/02\/Check.svg\" alt=\"\" width=\"18\" height=\"15\" \/>Sileda ja kaasaegse viimistlusega ning professionaalse v\u00e4limusega.<\/strong> T\u00e4iustatud koostis tagab \u00fchtlase tasandamise, v\u00e4hendades pintslit\u00f5mbed ja rullij\u00e4ljed. Tulemuseks on sile ja rafineeritud viimistlus, mis parandab iga plaaditud pinna \u00fcldist esteetikat.<\/p>\n<p><strong><img decoding=\"async\" style=\"margin-right: 12px;\" src=\"https:\/\/www.ferberpainting.com\/wp-content\/uploads\/2026\/02\/Check.svg\" alt=\"\" width=\"18\" height=\"15\" \/>Tugev haardumine keraamiliste ja portselaniplaatide peal.<\/strong> See v\u00e4rv kinnitub korralikult ettevalmistatud glasuuritud ja glasuurimata plaatpindadele kindlalt. Selle spetsiaalne koostis tagab pikaajalise kinnitumise isegi siledal ja mitteimenduvatel materjalidel.<\/p>\n<p><strong><img decoding=\"async\" style=\"margin-right: 12px;\" src=\"https:\/\/www.ferberpainting.com\/wp-content\/uploads\/2026\/02\/Check.svg\" alt=\"\" width=\"18\" height=\"15\" \/>Sobib seintele ja v\u00e4hekasutatavatele plaaditud pindadele.<\/strong> See v\u00e4rv sobib ideaalselt k\u00f6\u00f6gi tagak\u00fclgedele, vannitoaseintele, dekoratiivsetele plaaditud pindadele ja muudele vertikaalsetele plaaditud pindadele ning on usaldusv\u00e4\u00e4rne lahendus elamute ja kergete \u00e4riruumide renoveerimiseks.<\/p>\n<h2><strong>Juhised<\/strong><\/h2>\n<ul>\n<li>Veenduge, et plaaditud pind on puhas, kuiv ja vaba rasvast, seebij\u00e4\u00e4kidest, katlakivist, hallitusest v\u00f5i puhastusvahenditest.<\/li>\n<li>Peske plaadid p\u00f5hjalikult lahti, kasutades sobivat puhastuslahust, ja loputage h\u00e4sti. Laske pinnal enne pealekandmist t\u00e4ielikult kuivada.<\/li>\n<li>Lihvige l\u00e4ikivad plaadid kergelt, et luua veidi krobeline pind, mis parandab haardumist. Enne v\u00e4rvimist eemaldage kogu lihvimistolm.<\/li>\n<li>Vajaduse korral kandke pikaajalise haardumise parandamiseks sobivat liimimisv\u00e4rvi, mis on m\u00f5eldud siledate pindade jaoks. Laske krundil t\u00e4ielikult kuivada.<\/li>\n<li>Segage plaatv\u00e4rvi enne kasutamist p\u00f5hjalikult, et tagada \u00fchtlane v\u00e4rv ja tekstuur.<\/li>\n<li>Kandke \u00fchtlaselt peale, kasutades v\u00e4ikest vahurulli v\u00f5i kvaliteetset pintslit, mis sobib siledatele pindadele.<\/li>\n<li>J\u00e4rgige soovituslikku katvust kuni 10 m\u00b2 liitri kohta. See vastab umbes 100 ml-le ruutmeetri kohta, s\u00f5ltuvalt plaadi tekstuurist ja imavusest.<\/li>\n<li>Kandke \u00f5huke ja \u00fchtlane esimene kiht, v\u00e4ltides liigset kogunemist vuugijoonte sisse.<\/li>\n<li>Laske esimesel kihil t\u00e4ielikult kuivada vastavalt toatemperatuurile ja ventilatsioonitingimustele.<\/li>\n<li>Optimaalse katvuse, v\u00e4rvis\u00fcgavuse ja vastupidavuse saavutamiseks kanna teine kiht.<\/li>\n<li>V\u00e4ltida kokkupuudet vee ja niiskusega k\u00f5venemise ajal. Laske v\u00e4rvitud pinnal t\u00e4ielikult k\u00f5veneda, enne kui seda regulaarselt puhastatakse v\u00f5i niiskusega kokku puutub.<\/li>\n<li>Tagage korralik ventilatsioon pealekandmise ja kuivamise ajal.<\/li>\n<li>Puhastage t\u00f6\u00f6riistad kohe p\u00e4rast kasutamist sobivate puhastusvahenditega ja hoidke mahutit tihedalt suletuna jahedas ja kuivas kohas, eemal otsesest p\u00e4ikesevalgusest ja \u00e4\u00e4rmuslikest temperatuuridest.<\/li>\n<\/ul>","protected":false},"excerpt":{"rendered":"<p>Transform old tiles instantly without costly replacement. Our tile paint is specially formulated to renovate outdated, worn, or discolored tiles quickly and affordably. Instead of removing existing tiles and undertaking expensive renovation work, you can refresh kitchens, bathrooms, laundry rooms, and other tiled areas with a smooth, modern finish. This solution allows you to completely [&hellip;]<\/p>\n","protected":false},"featured_media":27406,"comment_status":"open","ping_status":"closed","template":"","meta":{"_uag_custom_page_level_css":"","site-sidebar-layout":"default","site-content-layout":"","ast-site-content-layout":"default","site-content-style":"default","site-sidebar-style":"default","ast-global-header-display":"","ast-banner-title-visibility":"","ast-main-header-display":"","ast-hfb-above-header-display":"","ast-hfb-below-header-display":"","ast-hfb-mobile-header-display":"","site-post-title":"","ast-breadcrumbs-content":"","ast-featured-img":"","footer-sml-layout":"","ast-disable-related-posts":"","theme-transparent-header-meta":"default","adv-header-id-meta":"","stick-header-meta":"","header-above-stick-meta":"","header-main-stick-meta":"","header-below-stick-meta":"","astra-migrate-meta-layouts":"set","ast-page-background-enabled":"default","ast-page-background-meta":{"desktop":{"background-color":"var(--ast-global-color-4)","background-image":"","background-repeat":"repeat","background-position":"center center","background-size":"auto","background-attachment":"scroll","background-type":"","background-media":"","overlay-type":"","overlay-color":"","overlay-opacity":"","overlay-gradient":""},"tablet":{"background-color":"","background-image":"","background-repeat":"repeat","background-position":"center center","background-size":"auto","background-attachment":"scroll","background-type":"","background-media":"","overlay-type":"","overlay-color":"","overlay-opacity":"","overlay-gradient":""},"mobile":{"background-color":"","background-image":"","background-repeat":"repeat","background-position":"center center","background-size":"auto","background-attachment":"scroll","background-type":"","background-media":"","overlay-type":"","overlay-color":"","overlay-opacity":"","overlay-gradient":""}},"ast-content-background-meta":{"desktop":{"background-color":"var(--ast-global-color-5)","background-image":"","background-repeat":"repeat","background-position":"center center","background-size":"auto","background-attachment":"scroll","background-type":"","background-media":"","overlay-type":"","overlay-color":"","overlay-opacity":"","overlay-gradient":""},"tablet":{"background-color":"var(--ast-global-color-5)","background-image":"","background-repeat":"repeat","background-position":"center center","background-size":"auto","background-attachment":"scroll","background-type":"","background-media":"","overlay-type":"","overlay-color":"","overlay-opacity":"","overlay-gradient":""},"mobile":{"background-color":"var(--ast-global-color-5)","background-image":"","background-repeat":"repeat","background-position":"center center","background-size":"auto","background-attachment":"scroll","background-type":"","background-media":"","overlay-type":"","overlay-color":"","overlay-opacity":"","overlay-gradient":""}}},"product_brand":[],"product_cat":[189],"product_tag":[],"class_list":{"0":"post-25553","1":"product","2":"type-product","3":"status-publish","4":"has-post-thumbnail","6":"product_cat-tile-paint","7":"desktop-align-left","8":"tablet-align-left","9":"mobile-align-left","11":"first","12":"instock","13":"sale","14":"shipping-taxable","15":"purchasable","16":"product-type-variable","17":"has-default-attributes"},"spectra_custom_meta":{"_visibility":["visible"],"_shopify_product_id":["8320749142261"],"_s2w_shopify_domain":["ferberpainting.myshopify.com"],"_shopify_variant_id":["44781577535733"],"_sku":[""],"_manage_stock":["no"],"total_sales":["10"],"_tax_status":["taxable"],"_tax_class":[""],"_backorders":["no"],"_sold_individually":["no"],"_virtual":["no"],"_downloadable":["no"],"_download_limit":["-1"],"_download_expiry":["-1"],"_stock":[null],"_stock_status":["instock"],"_wc_average_rating":["5.00"],"_wc_review_count":["13"],"_product_attributes":["a:1:{s:6:\"volume\";a:6:{s:4:\"name\";s:6:\"Volume\";s:5:\"value\";s:30:\"1 liter | 5 liters | 20 liters\";s:8:\"position\";i:1;s:10:\"is_visible\";i:0;s:12:\"is_variation\";i:1;s:11:\"is_taxonomy\";i:0;}}"],"_product_version":["10.5.1"],"_thumbnail_id":["27406"],"_price":["19.90","79.90","299.90"],"_product_image_gallery":["27407,27408"],"merchant-center-availability":["yes"],"merchant-center-category":["1361"],"merchant-center-id":["PCJS1L"],"wpse_downloadable_file_names":[""],"wpse_downloadable_file_urls":[""],"_edit_last":["1"],"_default_attributes":["a:1:{s:6:\"volume\";s:7:\"1 liter\";}"],"_wc_rating_count":["a:1:{i:5;i:13;}"],"_edit_lock":["1771241936:1"],"_wp_page_template":["default"],"site-sidebar-layout":["default"],"ast-site-content-layout":["default"],"site-content-style":["default"],"site-sidebar-style":["default"],"theme-transparent-header-meta":["default"],"astra-migrate-meta-layouts":["set"],"_uag_css_file_name":["uag-css-25553.css"],"_elementor_page_assets":["a:0:{}"],"_uag_page_assets":["a:9:{s:3:\"css\";s:7133:\".uag-blocks-common-selector{z-index:var(--z-index-desktop) !important}@media(max-width: 976px){.uag-blocks-common-selector{z-index:var(--z-index-tablet) !important}}@media(max-width: 767px){.uag-blocks-common-selector{z-index:var(--z-index-mobile) !important}}.wp-block-uagb-image{display:flex}.wp-block-uagb-image__figure{position:relative;display:flex;flex-direction:column;max-width:100%;height:auto;margin:0}.wp-block-uagb-image__figure img{height:auto;display:flex;max-width:100%;transition:box-shadow .2s ease}.wp-block-uagb-image__figure>a{display:inline-block}.wp-block-uagb-image__figure figcaption{text-align:center;margin-top:.5em;margin-bottom:1em}.wp-block-uagb-image .components-placeholder.block-editor-media-placeholder .components-placeholder__instructions{align-self:center}.wp-block-uagb-image--align-left{text-align:left}.wp-block-uagb-image--align-right{text-align:right}.wp-block-uagb-image--align-center{text-align:center}.wp-block-uagb-image--align-full .wp-block-uagb-image__figure{margin-left:calc(50% - 50vw);margin-right:calc(50% - 50vw);max-width:100vw;width:100vw;height:auto}.wp-block-uagb-image--align-full .wp-block-uagb-image__figure img{height:auto;width:100% !important}.wp-block-uagb-image--align-wide .wp-block-uagb-image__figure img{height:auto;width:100%}.wp-block-uagb-image--layout-overlay__color-wrapper{position:absolute;left:0;top:0;right:0;bottom:0;opacity:.2;background:rgba(0,0,0,.5);transition:opacity .35s ease-in-out}.wp-block-uagb-image--layout-overlay-link{position:absolute;left:0;right:0;bottom:0;top:0}.wp-block-uagb-image--layout-overlay .wp-block-uagb-image__figure:hover .wp-block-uagb-image--layout-overlay__color-wrapper{opacity:1}.wp-block-uagb-image--layout-overlay__inner{position:absolute;left:15px;right:15px;bottom:15px;top:15px;display:flex;align-items:center;justify-content:center;flex-direction:column;border-color:#fff;transition:.35s ease-in-out}.wp-block-uagb-image--layout-overlay__inner.top-left,.wp-block-uagb-image--layout-overlay__inner.top-center,.wp-block-uagb-image--layout-overlay__inner.top-right{justify-content:flex-start}.wp-block-uagb-image--layout-overlay__inner.bottom-left,.wp-block-uagb-image--layout-overlay__inner.bottom-center,.wp-block-uagb-image--layout-overlay__inner.bottom-right{justify-content:flex-end}.wp-block-uagb-image--layout-overlay__inner.top-left,.wp-block-uagb-image--layout-overlay__inner.center-left,.wp-block-uagb-image--layout-overlay__inner.bottom-left{align-items:flex-start}.wp-block-uagb-image--layout-overlay__inner.top-right,.wp-block-uagb-image--layout-overlay__inner.center-right,.wp-block-uagb-image--layout-overlay__inner.bottom-right{align-items:flex-end}.wp-block-uagb-image--layout-overlay__inner .uagb-image-heading{color:#fff;transition:transform .35s,opacity .35s ease-in-out;transform:translate3d(0, 24px, 0);margin:0;line-height:1em}.wp-block-uagb-image--layout-overlay__inner .uagb-image-separator{width:30%;border-top-width:2px;border-top-color:#fff;border-top-style:solid;margin-bottom:10px;opacity:0;transition:transform .4s,opacity .4s ease-in-out;transform:translate3d(0, 30px, 0)}.wp-block-uagb-image--layout-overlay__inner .uagb-image-caption{opacity:0;overflow:visible;color:#fff;transition:transform .45s,opacity .45s ease-in-out;transform:translate3d(0, 35px, 0)}.wp-block-uagb-image--layout-overlay__inner:hover .uagb-image-heading,.wp-block-uagb-image--layout-overlay__inner:hover .uagb-image-separator,.wp-block-uagb-image--layout-overlay__inner:hover .uagb-image-caption{opacity:1;transform:translate3d(0, 0, 0)}.wp-block-uagb-image--effect-zoomin .wp-block-uagb-image__figure img,.wp-block-uagb-image--effect-zoomin .wp-block-uagb-image__figure .wp-block-uagb-image--layout-overlay__color-wrapper{transform:scale(1);transition:transform .35s ease-in-out}.wp-block-uagb-image--effect-zoomin .wp-block-uagb-image__figure:hover img,.wp-block-uagb-image--effect-zoomin .wp-block-uagb-image__figure:hover .wp-block-uagb-image--layout-overlay__color-wrapper{transform:scale(1.05)}.wp-block-uagb-image--effect-slide .wp-block-uagb-image__figure img,.wp-block-uagb-image--effect-slide .wp-block-uagb-image__figure .wp-block-uagb-image--layout-overlay__color-wrapper{width:calc(100% + 40px) !important;max-width:none !important;transform:translate3d(-40px, 0, 0);transition:transform .35s ease-in-out}.wp-block-uagb-image--effect-slide .wp-block-uagb-image__figure:hover img,.wp-block-uagb-image--effect-slide .wp-block-uagb-image__figure:hover .wp-block-uagb-image--layout-overlay__color-wrapper{transform:translate3d(0, 0, 0)}.wp-block-uagb-image--effect-grayscale img{filter:grayscale(0%);transition:.35s ease-in-out}.wp-block-uagb-image--effect-grayscale:hover img{filter:grayscale(100%)}.wp-block-uagb-image--effect-blur img{filter:blur(0);transition:.35s ease-in-out}.wp-block-uagb-image--effect-blur:hover img{filter:blur(3px)}.uagb-block-e6f939b3.wp-block-uagb-image--layout-default figure img{box-shadow: 0px 0px 0 #00000070;}.uagb-block-e6f939b3.wp-block-uagb-image .wp-block-uagb-image__figure figcaption{font-style: normal;align-self: center;}.uagb-block-e6f939b3.wp-block-uagb-image--layout-overlay figure img{box-shadow: 0px 0px 0 #00000070;}.uagb-block-e6f939b3.wp-block-uagb-image--layout-overlay .wp-block-uagb-image--layout-overlay__color-wrapper{opacity: 0.2;}.uagb-block-e6f939b3.wp-block-uagb-image--layout-overlay .wp-block-uagb-image--layout-overlay__inner{left: 15px;right: 15px;top: 15px;bottom: 15px;}.uagb-block-e6f939b3.wp-block-uagb-image--layout-overlay .wp-block-uagb-image--layout-overlay__inner .uagb-image-heading{font-style: normal;color: #fff;opacity: 1;}.uagb-block-e6f939b3.wp-block-uagb-image--layout-overlay .wp-block-uagb-image--layout-overlay__inner .uagb-image-heading a{color: #fff;}.uagb-block-e6f939b3.wp-block-uagb-image--layout-overlay .wp-block-uagb-image--layout-overlay__inner .uagb-image-caption{opacity: 0;}.uagb-block-e6f939b3.wp-block-uagb-image--layout-overlay .wp-block-uagb-image__figure:hover .wp-block-uagb-image--layout-overlay__color-wrapper{opacity: 1;}.uagb-block-e6f939b3.wp-block-uagb-image .wp-block-uagb-image--layout-overlay__inner .uagb-image-separator{width: 30%;border-top-width: 2px;border-top-color: #fff;opacity: 0;}.uagb-block-e6f939b3.wp-block-uagb-image .wp-block-uagb-image__figure img{width: px;height: auto;}.uagb-block-e6f939b3.wp-block-uagb-image .wp-block-uagb-image__figure:hover .wp-block-uagb-image--layout-overlay__inner .uagb-image-caption{opacity: 1;}.uagb-block-e6f939b3.wp-block-uagb-image .wp-block-uagb-image__figure:hover .wp-block-uagb-image--layout-overlay__inner .uagb-image-separator{opacity: 1;}.uagb-block-e6f939b3.wp-block-uagb-image--layout-default figure:hover img{box-shadow: 0px 0px 0 #00000070;}.uagb-block-e6f939b3.wp-block-uagb-image--layout-overlay figure:hover img{box-shadow: 0px 0px 0 #00000070;}@media only screen and (max-width: 976px) {.uagb-block-e6f939b3.wp-block-uagb-image .wp-block-uagb-image__figure img{width: px;height: auto;}}@media only screen and (max-width: 767px) {.uagb-block-e6f939b3.wp-block-uagb-image .wp-block-uagb-image__figure img{width: px;height: auto;}}\";s:2:\"js\";s:0:\"\";s:18:\"current_block_list\";a:13:{i:0;s:11:\"core\/search\";i:1;s:10:\"core\/group\";i:2;s:12:\"core\/heading\";i:3;s:17:\"core\/latest-posts\";i:4;s:20:\"core\/latest-comments\";i:5;s:13:\"core\/archives\";i:6;s:15:\"core\/categories\";i:7;s:14:\"core\/paragraph\";i:8;s:10:\"uagb\/image\";i:9;s:11:\"core\/spacer\";i:10;s:30:\"woocommerce\/product-categories\";i:11;s:10:\"core\/image\";i:12;s:14:\"core\/shortcode\";}s:8:\"uag_flag\";b:1;s:11:\"uag_version\";s:10:\"1777139567\";s:6:\"gfonts\";a:0:{}s:10:\"gfonts_url\";s:0:\"\";s:12:\"gfonts_files\";a:0:{}s:14:\"uag_faq_layout\";b:0;}"]},"uagb_featured_image_src":{"full":["https:\/\/www.ferberpainting.com\/wp-content\/uploads\/2025\/05\/1L_5543767d-be00-41fa-908b-0218d84ec9e3.png",2560,2276,false],"thumbnail":["https:\/\/www.ferberpainting.com\/wp-content\/uploads\/2025\/05\/1L_5543767d-be00-41fa-908b-0218d84ec9e3-150x150.png",150,150,true],"medium":["https:\/\/www.ferberpainting.com\/wp-content\/uploads\/2025\/05\/1L_5543767d-be00-41fa-908b-0218d84ec9e3-300x267.png",300,267,true],"medium_large":["https:\/\/www.ferberpainting.com\/wp-content\/uploads\/2025\/05\/1L_5543767d-be00-41fa-908b-0218d84ec9e3-768x683.png",768,683,true],"large":["https:\/\/www.ferberpainting.com\/wp-content\/uploads\/2025\/05\/1L_5543767d-be00-41fa-908b-0218d84ec9e3-1024x910.png",1024,910,true],"1536x1536":["https:\/\/www.ferberpainting.com\/wp-content\/uploads\/2025\/05\/1L_5543767d-be00-41fa-908b-0218d84ec9e3-1536x1366.png",1536,1366,true],"2048x2048":["https:\/\/www.ferberpainting.com\/wp-content\/uploads\/2025\/05\/1L_5543767d-be00-41fa-908b-0218d84ec9e3-2048x1821.png",2048,1821,true],"trp-custom-language-flag":["https:\/\/www.ferberpainting.com\/wp-content\/uploads\/2025\/05\/1L_5543767d-be00-41fa-908b-0218d84ec9e3-13x12.png",13,12,true],"woocommerce_thumbnail":["https:\/\/www.ferberpainting.com\/wp-content\/uploads\/2025\/05\/1L_5543767d-be00-41fa-908b-0218d84ec9e3-300x300.png",300,300,true],"woocommerce_single":["https:\/\/www.ferberpainting.com\/wp-content\/uploads\/2025\/05\/1L_5543767d-be00-41fa-908b-0218d84ec9e3-600x533.png",600,533,true],"woocommerce_gallery_thumbnail":["https:\/\/www.ferberpainting.com\/wp-content\/uploads\/2025\/05\/1L_5543767d-be00-41fa-908b-0218d84ec9e3-100x100.png",100,100,true]},"uagb_author_info":{"display_name":"admin","author_link":"https:\/\/www.ferberpainting.com\/ee\/author\/"},"uagb_comment_info":13,"uagb_excerpt":"Transform old tiles instantly without costly replacement. Our tile paint is specially formulated to renovate outdated, worn, or discolored tiles quickly and affordably. Instead of removing existing tiles and undertaking expensive renovation work, you can refresh kitchens, bathrooms, laundry rooms, and other tiled areas with a smooth, modern finish. This solution allows you to completely&hellip;","_links":{"self":[{"href":"https:\/\/www.ferberpainting.com\/ee\/wp-json\/wp\/v2\/product\/25553","targetHints":{"allow":["GET"]}}],"collection":[{"href":"https:\/\/www.ferberpainting.com\/ee\/wp-json\/wp\/v2\/product"}],"about":[{"href":"https:\/\/www.ferberpainting.com\/ee\/wp-json\/wp\/v2\/types\/product"}],"replies":[{"embeddable":true,"href":"https:\/\/www.ferberpainting.com\/ee\/wp-json\/wp\/v2\/comments?post=25553"}],"version-history":[{"count":3,"href":"https:\/\/www.ferberpainting.com\/ee\/wp-json\/wp\/v2\/product\/25553\/revisions"}],"predecessor-version":[{"id":167410,"href":"https:\/\/www.ferberpainting.com\/ee\/wp-json\/wp\/v2\/product\/25553\/revisions\/167410"}],"wp:featuredmedia":[{"embeddable":true,"href":"https:\/\/www.ferberpainting.com\/ee\/wp-json\/wp\/v2\/media\/27406"}],"wp:attachment":[{"href":"https:\/\/www.ferberpainting.com\/ee\/wp-json\/wp\/v2\/media?parent=25553"}],"wp:term":[{"taxonomy":"product_brand","embeddable":true,"href":"https:\/\/www.ferberpainting.com\/ee\/wp-json\/wp\/v2\/product_brand?post=25553"},{"taxonomy":"product_cat","embeddable":true,"href":"https:\/\/www.ferberpainting.com\/ee\/wp-json\/wp\/v2\/product_cat?post=25553"},{"taxonomy":"product_tag","embeddable":true,"href":"https:\/\/www.ferberpainting.com\/ee\/wp-json\/wp\/v2\/product_tag?post=25553"}],"curies":[{"name":"wp","href":"https:\/\/api.w.org\/{rel}","templated":true}]}}