{"id":25361,"date":"2025-06-30T20:36:16","date_gmt":"2025-06-30T18:36:16","guid":{"rendered":"https:\/\/www.ferberpainting.com\/?post_type=product&#038;p=25358"},"modified":"2026-02-16T12:35:08","modified_gmt":"2026-02-16T11:35:08","slug":"terracotta-water-repellent","status":"publish","type":"product","link":"https:\/\/www.ferberpainting.com\/ee\/products\/terracotta-water-repellent\/","title":{"rendered":"Vees t\u00f5rjuv aine terrakota ja tomettide jaoks"},"content":{"rendered":"<p><strong><img decoding=\"async\" style=\"margin-right: 12px;\" src=\"https:\/\/www.ferberpainting.com\/wp-content\/uploads\/2026\/02\/Check.svg\" alt=\"\" width=\"18\" height=\"15\" \/>Niiskuskaitse.<\/strong>\u00a0See terrakota- ja saviplaatide h\u00fcdroprofiil on spetsiaalselt kavandatud pakkuma t\u00f5husat niiskuskaitset. See tungib s\u00fcgavale poorsetesse materjalidesse, moodustades n\u00e4htamatu barj\u00e4\u00e4ri, mis takistab vee sissetungimist, v\u00f5imaldades samal ajal materjalil hingata. See t\u00e4hendab, et teie terrakota- v\u00f5i saviplaatide p\u00f5randad on kaitstud vee sissetungi eest, mis v\u00f5ib aja jooksul p\u00f5hjustada lagunemist, hallitust v\u00f5i enneaegset kulumist. See on ideaalne lahendus kaunite pindade s\u00e4ilitamiseks isegi k\u00f5rge \u00f5huniiskusega keskkonnas.<\/p>\n<p><strong><img decoding=\"async\" style=\"margin-right: 12px;\" src=\"https:\/\/www.ferberpainting.com\/wp-content\/uploads\/2026\/02\/Check.svg\" alt=\"\" width=\"18\" height=\"15\" \/>Raha tagasi garantii.<\/strong>\u00a0Oleme veendunud meie toote t\u00f5hususes, mist\u00f5ttu pakume rahulolu- v\u00f5i tagasimaksegarantiid. Kui te ei ole selle h\u00fcdroprofiili tulemustega t\u00e4ielikult rahul, v\u00f5ite taotleda t\u00e4ielikku tagasimakset. See tagastamispoliitika tagab meelerahu toote riskivaba testimisel.<\/p>\n<p><strong><img decoding=\"async\" style=\"margin-right: 12px;\" src=\"https:\/\/www.ferberpainting.com\/wp-content\/uploads\/2026\/02\/Check.svg\" alt=\"\" width=\"18\" height=\"15\" \/>All-in-One kaitse.<\/strong>\u00a0See terrakota- ja saviplaatide h\u00fcdroproovimaterjal on ainulaadne oma v\u00f5ime poolest kaitsta poorseid p\u00f5randaid, nagu terrakota- ja saviplaadid. See sobib h\u00e4sti ka poorsetele looduslikele materjalidele, nagu lubjakivi, telliskivi ja teatud tsemendip\u00f5hised pinnad. T\u00e4nu mitmek\u00fclgsusele on see suurep\u00e4rane lahendus suurte, niiskusele avatud pindade jaoks, nii dekoratiivsete kui ka funktsionaalsete pindade jaoks, pakkudes p\u00fcsivat ja n\u00e4htamatut kaitset.<\/p>\n<p><strong><img decoding=\"async\" style=\"margin-right: 12px;\" src=\"https:\/\/www.ferberpainting.com\/wp-content\/uploads\/2026\/02\/Check.svg\" alt=\"\" width=\"18\" height=\"15\" \/>Kulut\u00f5hus.<\/strong>\u00a0See h\u00fcdroproofer pakub suurep\u00e4rast j\u00f5udlust liitri kohta. Keskmiselt katab \u00fcks liiter 6-8 m\u00b2, s\u00f5ltuvalt pinna poorsusest. \u00dche 5-liitrise mahutiga saab t\u00f6\u00f6delda kuni 40 m\u00b2, mis teeb sellest nutika investeeringu p\u00f5randate ja dekoratiivsete pindade kaitsmiseks. Selle k\u00f5rge j\u00f5udlus ja pikk kasutusiga v\u00e4hendavad vajadust sagedase korduva pealekandmise j\u00e4rele ja aitavad s\u00e4\u00e4sta raha hoolduse arvelt.<\/p>\n<p><strong><img decoding=\"async\" style=\"margin-right: 12px;\" src=\"https:\/\/www.ferberpainting.com\/wp-content\/uploads\/2026\/02\/Check.svg\" alt=\"\" width=\"18\" height=\"15\" \/>Mittetoksiline.<\/strong>\u00a0See toode on kavandatud nii, et see oleks ohutu nii kasutajatele kui ka t\u00f6\u00f6deldud pindadele. See ei eralda kahjulikke aure ega kahjusta tundlikke materjale. See ei sisalda ohtlikke aineid, mist\u00f5ttu sobib see ideaalselt kasutamiseks nii kodus kui ka professionaalsetes tingimustes. Ohutu ja t\u00f5husa tulemuse saavutamiseks j\u00e4rgige alati rakendussoovitusi.<\/p>\n<p><strong><img decoding=\"async\" style=\"margin-right: 12px;\" src=\"https:\/\/www.ferberpainting.com\/wp-content\/uploads\/2026\/02\/Check.svg\" alt=\"\" width=\"18\" height=\"15\" \/>Lihtne kasutada.<\/strong>\u00a0Toode on kasutusvalmis ja ei vaja lahjendamist. Seda v\u00f5ib kanda otse pinnale pintsli, rulli v\u00f5i pihusti abil. Kasutamine on lihtne ja k\u00f5igile kasutajatele k\u00e4ttesaadav, isegi ilma professionaalsete t\u00f6\u00f6riistadeta. Selle kiire kuivamisaeg v\u00f5imaldab saavutada kiireid tulemusi minimaalse vaevaga. Suurte pindade puhul on see h\u00fcdroproofer ideaalne, et v\u00e4hendada pealekandmise aega, tagades samas usaldusv\u00e4\u00e4rse ja n\u00e4htamatu kaitse.<\/p>\n<p><strong><img decoding=\"async\" style=\"margin-right: 12px;\" src=\"https:\/\/www.ferberpainting.com\/wp-content\/uploads\/2026\/02\/Check.svg\" alt=\"\" width=\"18\" height=\"15\" \/>Vastupidav ja kauakestev.<\/strong>\u00a0P\u00e4rast pealekandmist kaitseb see h\u00fcdroproofer terrakota- ja saviplaatp\u00f5randat aastaid. Normaaltingimustes ja s\u00f5ltuvalt niiskuskoormusest v\u00f5ib \u00fcks pealekandmine pakkuda kaitset 2 kuni 5 aastaks. Selline pikk kasutusiga on oluline eelis hooldusvajaduse v\u00e4hendamisel ja pinna kvaliteedi s\u00e4ilitamisel.<\/p>\n<p><strong><img decoding=\"async\" style=\"margin-right: 12px;\" src=\"https:\/\/www.ferberpainting.com\/wp-content\/uploads\/2026\/02\/Check.svg\" alt=\"\" width=\"18\" height=\"15\" \/>Kiire kuivamine ja kiire tulemus.<\/strong>\u00a0See h\u00fcdroproofer on tuntud ka oma kiiruse poolest. P\u00e4rast pealekandmist tungib see kiiresti pinnale ja hakkab t\u00f6\u00f6le, j\u00e4tmata kleepuvaid j\u00e4\u00e4ke. Kuivamisaeg on 1 kuni 2 tundi, kuigi optimaalse tulemuse saavutamiseks soovitame oodata 24 tundi enne pinna kokkupuudet veega. Selline kiire t\u00f6\u00f6aeg on eriti kasulik niiskustundlike pindade pidevaks hoolduseks v\u00f5i erakorraliseks t\u00f6\u00f6tlemiseks.<\/p>\n<h2><strong>Kasutamise protokoll<\/strong><\/h2>\n<ul>\n<li><strong>Pinna ettevalmistamine <\/strong>: Enne toote pealekandmist veenduge, et terrakota- v\u00f5i saviplaatp\u00f5randad on puhtad ja kuivad. Vajadusel puhastage pind tolmu ja rasva eemaldamiseks pesuvahendiga. Pind peab olema t\u00e4iesti kuiv, et tagada toote hea haardumine. Kui plaadid on niisked, oodake enne pealekandmist v\u00e4hemalt 24 tundi.<\/li>\n<li><strong>Toote kasutamine <\/strong>: See h\u00fcdroproofer on kasutusvalmis ja ei vaja lahjendamist. Kandke seda otse pintsli, rulli v\u00f5i pihusti abil. Soovitame t\u00f6\u00f6tada osade kaupa, et tagada \u00fchtlane katvus. Parima tulemuse saavutamiseks pihustiga hoidke umbes 30 cm kaugus. Vajaduse korral kandke paremaks vastupidavuseks teine kiht, eriti poorsetel plaatidel. V\u00e4ltige \u00fclek\u00fcllastumist, levitades toodet \u00fchtlaselt.<\/li>\n<li><strong>Kasutatav kogus <\/strong>: \u00dcks liiter h\u00fcdroprofiili katab tavaliselt 6-8 m\u00b2, s\u00f5ltuvalt pinna poorsusest. \u00dche 5-liitrise mahutiga saab \u00fche optimaalse kihiga t\u00f6\u00f6delda kuni 40 m\u00b2. V\u00e4ga imavate pindade puhul v\u00f5ib olla vaja teist kihti. Laske pinnakatete vahel 1 kuni 2 tundi kuivamisaega.<\/li>\n<li><strong>Kuivamisaeg <\/strong>: Laske tootel kuivada umbes 1-2 tundi, enne kui pinda kerge niiskusega kokku puutub. T\u00e4ieliku t\u00f5hususe saavutamiseks laske veekindlal t\u00f5kestusel enne veega kokkupuutumist 24 tundi k\u00f5vaks muutuda. V\u00e4ltige kokkupuudet vihma v\u00f5i k\u00f5rge \u00f5huniiskusega v\u00e4hemalt 48 tundi p\u00e4rast pealekandmist.<\/li>\n<li><strong>Uuesti taotlemine <\/strong>: S\u00f5ltuvalt ilmastikutingimustest v\u00f5ib vajalikuks osutuda korduv pealekandmine iga 2 kuni 5 aasta tagant. Suure liiklusega v\u00f5i sageli pestavate alade puhul v\u00f5ib optimaalse kaitse s\u00e4ilitamiseks olla vajalik sagedasem kasutamine.<\/li>\n<li><strong>Hooldus <\/strong>: See toode ei vaja erilist hooldust. Lihtsalt puhastage pinnad vee ja maheda seebiga, et v\u00e4ltida mustuse kogunemist. V\u00e4ltige karmide kemikaalide v\u00f5i abrasiivsete puhastusvahendite kasutamist, mis v\u00f5ivad veekindlat kile kahjustada.<\/li>\n<\/ul>\n<p>Kokkuv\u00f5ttes on see terrakota- ja saviplaatide h\u00fcdroproovimoodustaja kvaliteetne toode, mis pikendab teie plaaditud pindade eluiga ja kaitseb neid niiskuse eest. Seda on lihtne kasutada, see on \u00f6konoomne ja kauakestev ning ideaalne lahendus teie plaatide v\u00e4limuse ja tugevuse s\u00e4ilitamiseks nii elamutes kui ka professionaalsetes tingimustes.<\/p>","protected":false},"excerpt":{"rendered":"<p>Moisture Protection.\u00a0This waterproofer for terracotta and clay tiles is specifically designed to offer effective moisture protection. It deeply penetrates porous materials, forming an invisible barrier that prevents water from seeping in while still allowing the material to breathe. This means your terracotta or clay tile floors are protected from water infiltration, which can lead to [&hellip;]<\/p>\n","protected":false},"featured_media":35903,"comment_status":"open","ping_status":"closed","template":"","meta":{"_uag_custom_page_level_css":"","site-sidebar-layout":"default","site-content-layout":"","ast-site-content-layout":"default","site-content-style":"default","site-sidebar-style":"default","ast-global-header-display":"","ast-banner-title-visibility":"","ast-main-header-display":"","ast-hfb-above-header-display":"","ast-hfb-below-header-display":"","ast-hfb-mobile-header-display":"","site-post-title":"","ast-breadcrumbs-content":"","ast-featured-img":"","footer-sml-layout":"","ast-disable-related-posts":"","theme-transparent-header-meta":"default","adv-header-id-meta":"","stick-header-meta":"","header-above-stick-meta":"","header-main-stick-meta":"","header-below-stick-meta":"","astra-migrate-meta-layouts":"set","ast-page-background-enabled":"default","ast-page-background-meta":{"desktop":{"background-color":"var(--ast-global-color-4)","background-image":"","background-repeat":"repeat","background-position":"center center","background-size":"auto","background-attachment":"scroll","background-type":"","background-media":"","overlay-type":"","overlay-color":"","overlay-opacity":"","overlay-gradient":""},"tablet":{"background-color":"","background-image":"","background-repeat":"repeat","background-position":"center center","background-size":"auto","background-attachment":"scroll","background-type":"","background-media":"","overlay-type":"","overlay-color":"","overlay-opacity":"","overlay-gradient":""},"mobile":{"background-color":"","background-image":"","background-repeat":"repeat","background-position":"center center","background-size":"auto","background-attachment":"scroll","background-type":"","background-media":"","overlay-type":"","overlay-color":"","overlay-opacity":"","overlay-gradient":""}},"ast-content-background-meta":{"desktop":{"background-color":"var(--ast-global-color-5)","background-image":"","background-repeat":"repeat","background-position":"center center","background-size":"auto","background-attachment":"scroll","background-type":"","background-media":"","overlay-type":"","overlay-color":"","overlay-opacity":"","overlay-gradient":""},"tablet":{"background-color":"var(--ast-global-color-5)","background-image":"","background-repeat":"repeat","background-position":"center center","background-size":"auto","background-attachment":"scroll","background-type":"","background-media":"","overlay-type":"","overlay-color":"","overlay-opacity":"","overlay-gradient":""},"mobile":{"background-color":"var(--ast-global-color-5)","background-image":"","background-repeat":"repeat","background-position":"center center","background-size":"auto","background-attachment":"scroll","background-type":"","background-media":"","overlay-type":"","overlay-color":"","overlay-opacity":"","overlay-gradient":""}}},"product_brand":[],"product_cat":[191],"product_tag":[],"class_list":{"0":"post-25361","1":"product","2":"type-product","3":"status-publish","4":"has-post-thumbnail","6":"product_cat-water-repellent","7":"desktop-align-left","8":"tablet-align-left","9":"mobile-align-left","11":"first","12":"instock","13":"sale","14":"shipping-taxable","15":"purchasable","16":"product-type-variable","17":"has-default-attributes"},"spectra_custom_meta":{"_visibility":["visible"],"_shopify_product_id":["9106628018421"],"_s2w_shopify_domain":["ferberpainting.myshopify.com"],"_shopify_variant_id":["46626359771381"],"_sku":[""],"_manage_stock":["no"],"total_sales":["72"],"_tax_status":["taxable"],"_tax_class":[""],"_backorders":["no"],"_sold_individually":["no"],"_virtual":["no"],"_downloadable":["no"],"_download_limit":["-1"],"_download_expiry":["-1"],"_stock":[null],"_stock_status":["instock"],"_wc_average_rating":["5.00"],"_wc_review_count":["35"],"_product_attributes":["a:1:{s:6:\"volume\";a:6:{s:4:\"name\";s:6:\"Volume\";s:5:\"value\";s:20:\"5 liters | 25 liters\";s:8:\"position\";i:1;s:10:\"is_visible\";i:0;s:12:\"is_variation\";i:1;s:11:\"is_taxonomy\";i:0;}}"],"_product_version":["10.5.1"],"wpse_downloadable_file_names":[""],"wpse_downloadable_file_urls":[""],"_edit_last":["1"],"_default_attributes":["a:1:{s:6:\"volume\";s:8:\"5 liters\";}"],"_edit_lock":["1771241573:1"],"_price":["29.90","129.90"],"merchant-center-availability":["yes"],"merchant-center-category":["503738"],"_thumbnail_id":["35903"],"_wp_page_template":["default"],"_wp_old_date":["2025-05-26"],"_product_image_gallery":["35904"],"site-sidebar-layout":["default"],"ast-site-content-layout":["default"],"site-content-style":["default"],"site-sidebar-style":["default"],"theme-transparent-header-meta":["default"],"_wc_rating_count":["a:1:{i:5;i:35;}"],"astra-migrate-meta-layouts":["set"],"_uag_css_file_name":["uag-css-25361.css"],"_elementor_page_assets":["a:0:{}"],"_uag_page_assets":["a:9:{s:3:\"css\";s:7133:\".uag-blocks-common-selector{z-index:var(--z-index-desktop) !important}@media(max-width: 976px){.uag-blocks-common-selector{z-index:var(--z-index-tablet) !important}}@media(max-width: 767px){.uag-blocks-common-selector{z-index:var(--z-index-mobile) !important}}.wp-block-uagb-image{display:flex}.wp-block-uagb-image__figure{position:relative;display:flex;flex-direction:column;max-width:100%;height:auto;margin:0}.wp-block-uagb-image__figure img{height:auto;display:flex;max-width:100%;transition:box-shadow .2s ease}.wp-block-uagb-image__figure>a{display:inline-block}.wp-block-uagb-image__figure figcaption{text-align:center;margin-top:.5em;margin-bottom:1em}.wp-block-uagb-image .components-placeholder.block-editor-media-placeholder .components-placeholder__instructions{align-self:center}.wp-block-uagb-image--align-left{text-align:left}.wp-block-uagb-image--align-right{text-align:right}.wp-block-uagb-image--align-center{text-align:center}.wp-block-uagb-image--align-full .wp-block-uagb-image__figure{margin-left:calc(50% - 50vw);margin-right:calc(50% - 50vw);max-width:100vw;width:100vw;height:auto}.wp-block-uagb-image--align-full .wp-block-uagb-image__figure img{height:auto;width:100% !important}.wp-block-uagb-image--align-wide .wp-block-uagb-image__figure img{height:auto;width:100%}.wp-block-uagb-image--layout-overlay__color-wrapper{position:absolute;left:0;top:0;right:0;bottom:0;opacity:.2;background:rgba(0,0,0,.5);transition:opacity .35s ease-in-out}.wp-block-uagb-image--layout-overlay-link{position:absolute;left:0;right:0;bottom:0;top:0}.wp-block-uagb-image--layout-overlay .wp-block-uagb-image__figure:hover .wp-block-uagb-image--layout-overlay__color-wrapper{opacity:1}.wp-block-uagb-image--layout-overlay__inner{position:absolute;left:15px;right:15px;bottom:15px;top:15px;display:flex;align-items:center;justify-content:center;flex-direction:column;border-color:#fff;transition:.35s ease-in-out}.wp-block-uagb-image--layout-overlay__inner.top-left,.wp-block-uagb-image--layout-overlay__inner.top-center,.wp-block-uagb-image--layout-overlay__inner.top-right{justify-content:flex-start}.wp-block-uagb-image--layout-overlay__inner.bottom-left,.wp-block-uagb-image--layout-overlay__inner.bottom-center,.wp-block-uagb-image--layout-overlay__inner.bottom-right{justify-content:flex-end}.wp-block-uagb-image--layout-overlay__inner.top-left,.wp-block-uagb-image--layout-overlay__inner.center-left,.wp-block-uagb-image--layout-overlay__inner.bottom-left{align-items:flex-start}.wp-block-uagb-image--layout-overlay__inner.top-right,.wp-block-uagb-image--layout-overlay__inner.center-right,.wp-block-uagb-image--layout-overlay__inner.bottom-right{align-items:flex-end}.wp-block-uagb-image--layout-overlay__inner .uagb-image-heading{color:#fff;transition:transform .35s,opacity .35s ease-in-out;transform:translate3d(0, 24px, 0);margin:0;line-height:1em}.wp-block-uagb-image--layout-overlay__inner .uagb-image-separator{width:30%;border-top-width:2px;border-top-color:#fff;border-top-style:solid;margin-bottom:10px;opacity:0;transition:transform .4s,opacity .4s ease-in-out;transform:translate3d(0, 30px, 0)}.wp-block-uagb-image--layout-overlay__inner .uagb-image-caption{opacity:0;overflow:visible;color:#fff;transition:transform .45s,opacity .45s ease-in-out;transform:translate3d(0, 35px, 0)}.wp-block-uagb-image--layout-overlay__inner:hover .uagb-image-heading,.wp-block-uagb-image--layout-overlay__inner:hover .uagb-image-separator,.wp-block-uagb-image--layout-overlay__inner:hover .uagb-image-caption{opacity:1;transform:translate3d(0, 0, 0)}.wp-block-uagb-image--effect-zoomin .wp-block-uagb-image__figure img,.wp-block-uagb-image--effect-zoomin .wp-block-uagb-image__figure .wp-block-uagb-image--layout-overlay__color-wrapper{transform:scale(1);transition:transform .35s ease-in-out}.wp-block-uagb-image--effect-zoomin .wp-block-uagb-image__figure:hover img,.wp-block-uagb-image--effect-zoomin .wp-block-uagb-image__figure:hover .wp-block-uagb-image--layout-overlay__color-wrapper{transform:scale(1.05)}.wp-block-uagb-image--effect-slide .wp-block-uagb-image__figure img,.wp-block-uagb-image--effect-slide .wp-block-uagb-image__figure .wp-block-uagb-image--layout-overlay__color-wrapper{width:calc(100% + 40px) !important;max-width:none !important;transform:translate3d(-40px, 0, 0);transition:transform .35s ease-in-out}.wp-block-uagb-image--effect-slide .wp-block-uagb-image__figure:hover img,.wp-block-uagb-image--effect-slide .wp-block-uagb-image__figure:hover .wp-block-uagb-image--layout-overlay__color-wrapper{transform:translate3d(0, 0, 0)}.wp-block-uagb-image--effect-grayscale img{filter:grayscale(0%);transition:.35s ease-in-out}.wp-block-uagb-image--effect-grayscale:hover img{filter:grayscale(100%)}.wp-block-uagb-image--effect-blur img{filter:blur(0);transition:.35s ease-in-out}.wp-block-uagb-image--effect-blur:hover img{filter:blur(3px)}.uagb-block-e6f939b3.wp-block-uagb-image--layout-default figure img{box-shadow: 0px 0px 0 #00000070;}.uagb-block-e6f939b3.wp-block-uagb-image .wp-block-uagb-image__figure figcaption{font-style: normal;align-self: center;}.uagb-block-e6f939b3.wp-block-uagb-image--layout-overlay figure img{box-shadow: 0px 0px 0 #00000070;}.uagb-block-e6f939b3.wp-block-uagb-image--layout-overlay .wp-block-uagb-image--layout-overlay__color-wrapper{opacity: 0.2;}.uagb-block-e6f939b3.wp-block-uagb-image--layout-overlay .wp-block-uagb-image--layout-overlay__inner{left: 15px;right: 15px;top: 15px;bottom: 15px;}.uagb-block-e6f939b3.wp-block-uagb-image--layout-overlay .wp-block-uagb-image--layout-overlay__inner .uagb-image-heading{font-style: normal;color: #fff;opacity: 1;}.uagb-block-e6f939b3.wp-block-uagb-image--layout-overlay .wp-block-uagb-image--layout-overlay__inner .uagb-image-heading a{color: #fff;}.uagb-block-e6f939b3.wp-block-uagb-image--layout-overlay .wp-block-uagb-image--layout-overlay__inner .uagb-image-caption{opacity: 0;}.uagb-block-e6f939b3.wp-block-uagb-image--layout-overlay .wp-block-uagb-image__figure:hover .wp-block-uagb-image--layout-overlay__color-wrapper{opacity: 1;}.uagb-block-e6f939b3.wp-block-uagb-image .wp-block-uagb-image--layout-overlay__inner .uagb-image-separator{width: 30%;border-top-width: 2px;border-top-color: #fff;opacity: 0;}.uagb-block-e6f939b3.wp-block-uagb-image .wp-block-uagb-image__figure img{width: px;height: auto;}.uagb-block-e6f939b3.wp-block-uagb-image .wp-block-uagb-image__figure:hover .wp-block-uagb-image--layout-overlay__inner .uagb-image-caption{opacity: 1;}.uagb-block-e6f939b3.wp-block-uagb-image .wp-block-uagb-image__figure:hover .wp-block-uagb-image--layout-overlay__inner .uagb-image-separator{opacity: 1;}.uagb-block-e6f939b3.wp-block-uagb-image--layout-default figure:hover img{box-shadow: 0px 0px 0 #00000070;}.uagb-block-e6f939b3.wp-block-uagb-image--layout-overlay figure:hover img{box-shadow: 0px 0px 0 #00000070;}@media only screen and (max-width: 976px) {.uagb-block-e6f939b3.wp-block-uagb-image .wp-block-uagb-image__figure img{width: px;height: auto;}}@media only screen and (max-width: 767px) {.uagb-block-e6f939b3.wp-block-uagb-image .wp-block-uagb-image__figure img{width: px;height: auto;}}\";s:2:\"js\";s:0:\"\";s:18:\"current_block_list\";a:13:{i:0;s:11:\"core\/search\";i:1;s:10:\"core\/group\";i:2;s:12:\"core\/heading\";i:3;s:17:\"core\/latest-posts\";i:4;s:20:\"core\/latest-comments\";i:5;s:13:\"core\/archives\";i:6;s:15:\"core\/categories\";i:7;s:14:\"core\/paragraph\";i:8;s:10:\"uagb\/image\";i:9;s:11:\"core\/spacer\";i:10;s:30:\"woocommerce\/product-categories\";i:11;s:10:\"core\/image\";i:12;s:14:\"core\/shortcode\";}s:8:\"uag_flag\";b:1;s:11:\"uag_version\";s:10:\"1777095231\";s:6:\"gfonts\";a:0:{}s:10:\"gfonts_url\";s:0:\"\";s:12:\"gfonts_files\";a:0:{}s:14:\"uag_faq_layout\";b:0;}"]},"uagb_featured_image_src":{"full":["https:\/\/www.ferberpainting.com\/wp-content\/uploads\/2025\/05\/Terracotta-Water-Repellent-5L-.png",2560,2560,false],"thumbnail":["https:\/\/www.ferberpainting.com\/wp-content\/uploads\/2025\/05\/Terracotta-Water-Repellent-5L--150x150.png",150,150,true],"medium":["https:\/\/www.ferberpainting.com\/wp-content\/uploads\/2025\/05\/Terracotta-Water-Repellent-5L--300x300.png",300,300,true],"medium_large":["https:\/\/www.ferberpainting.com\/wp-content\/uploads\/2025\/05\/Terracotta-Water-Repellent-5L--768x768.png",768,768,true],"large":["https:\/\/www.ferberpainting.com\/wp-content\/uploads\/2025\/05\/Terracotta-Water-Repellent-5L--1024x1024.png",1024,1024,true],"1536x1536":["https:\/\/www.ferberpainting.com\/wp-content\/uploads\/2025\/05\/Terracotta-Water-Repellent-5L--1536x1536.png",1536,1536,true],"2048x2048":["https:\/\/www.ferberpainting.com\/wp-content\/uploads\/2025\/05\/Terracotta-Water-Repellent-5L--2048x2048.png",2048,2048,true],"trp-custom-language-flag":["https:\/\/www.ferberpainting.com\/wp-content\/uploads\/2025\/05\/Terracotta-Water-Repellent-5L--12x12.png",12,12,true],"woocommerce_thumbnail":["https:\/\/www.ferberpainting.com\/wp-content\/uploads\/2025\/05\/Terracotta-Water-Repellent-5L--300x300.png",300,300,true],"woocommerce_single":["https:\/\/www.ferberpainting.com\/wp-content\/uploads\/2025\/05\/Terracotta-Water-Repellent-5L--600x600.png",600,600,true],"woocommerce_gallery_thumbnail":["https:\/\/www.ferberpainting.com\/wp-content\/uploads\/2025\/05\/Terracotta-Water-Repellent-5L--100x100.png",100,100,true]},"uagb_author_info":{"display_name":"admin","author_link":"https:\/\/www.ferberpainting.com\/ee\/author\/"},"uagb_comment_info":35,"uagb_excerpt":"Moisture Protection.\u00a0This waterproofer for terracotta and clay tiles is specifically designed to offer effective moisture protection. It deeply penetrates porous materials, forming an invisible barrier that prevents water from seeping in while still allowing the material to breathe. This means your terracotta or clay tile floors are protected from water infiltration, which can lead to&hellip;","_links":{"self":[{"href":"https:\/\/www.ferberpainting.com\/ee\/wp-json\/wp\/v2\/product\/25361","targetHints":{"allow":["GET"]}}],"collection":[{"href":"https:\/\/www.ferberpainting.com\/ee\/wp-json\/wp\/v2\/product"}],"about":[{"href":"https:\/\/www.ferberpainting.com\/ee\/wp-json\/wp\/v2\/types\/product"}],"replies":[{"embeddable":true,"href":"https:\/\/www.ferberpainting.com\/ee\/wp-json\/wp\/v2\/comments?post=25361"}],"version-history":[{"count":3,"href":"https:\/\/www.ferberpainting.com\/ee\/wp-json\/wp\/v2\/product\/25361\/revisions"}],"predecessor-version":[{"id":167379,"href":"https:\/\/www.ferberpainting.com\/ee\/wp-json\/wp\/v2\/product\/25361\/revisions\/167379"}],"wp:featuredmedia":[{"embeddable":true,"href":"https:\/\/www.ferberpainting.com\/ee\/wp-json\/wp\/v2\/media\/35903"}],"wp:attachment":[{"href":"https:\/\/www.ferberpainting.com\/ee\/wp-json\/wp\/v2\/media?parent=25361"}],"wp:term":[{"taxonomy":"product_brand","embeddable":true,"href":"https:\/\/www.ferberpainting.com\/ee\/wp-json\/wp\/v2\/product_brand?post=25361"},{"taxonomy":"product_cat","embeddable":true,"href":"https:\/\/www.ferberpainting.com\/ee\/wp-json\/wp\/v2\/product_cat?post=25361"},{"taxonomy":"product_tag","embeddable":true,"href":"https:\/\/www.ferberpainting.com\/ee\/wp-json\/wp\/v2\/product_tag?post=25361"}],"curies":[{"name":"wp","href":"https:\/\/api.w.org\/{rel}","templated":true}]}}