{"id":25321,"date":"2025-06-30T21:02:36","date_gmt":"2025-06-30T19:02:36","guid":{"rendered":"https:\/\/www.ferberpainting.com\/?post_type=product&#038;p=25321"},"modified":"2026-02-16T11:58:11","modified_gmt":"2026-02-16T10:58:11","slug":"stone-and-marble-water-repellent","status":"publish","type":"product","link":"https:\/\/www.ferberpainting.com\/ee\/products\/stone-and-marble-water-repellent\/","title":{"rendered":"Vetth\u00fclgav vahend kivi ja marmori"},"content":{"rendered":"<p><strong><img decoding=\"async\" style=\"margin-right: 12px;\" src=\"https:\/\/www.ferberpainting.com\/wp-content\/uploads\/2026\/02\/Check.svg\" alt=\"\" width=\"18\" height=\"15\" \/>Optimaalne niiskuskaitse.<\/strong>\u00a0Kivi- ja marmoripinna h\u00fcdroproofer on spetsiaalselt loodud selleks, et pakkuda pikaajalist kaitset niiskuse, vee sissetungi ja plekkide eest, s\u00e4ilitades samal ajal teie kivi- v\u00f5i marmorpindade loomuliku ilu. See moodustab n\u00e4htamatu barj\u00e4\u00e4ri, mis takistab vee ja vedelike sissetungimist, v\u00f5imaldades samal ajal materjalil hingata. See toode sobib ideaalselt nii v\u00e4lis- kui ka siseruumides kasutamiseks ja s\u00e4ilitab teie pindade terviklikkuse ja v\u00e4limuse.<\/p>\n<p><strong><img decoding=\"async\" style=\"margin-right: 12px;\" src=\"https:\/\/www.ferberpainting.com\/wp-content\/uploads\/2026\/02\/Check.svg\" alt=\"\" width=\"18\" height=\"15\" \/>Raha tagasi garantii.<\/strong>\u00a0Me oleme veendunud oma toote toimivuses, mist\u00f5ttu pakume rahulolu- v\u00f5i tagasimaksegarantiid. Kui te mingil p\u00f5hjusel ei ole kivi ja marmori h\u00fcdroprofiiliga t\u00e4ielikult rahul, on teil \u00f5igus saada raha tagasi. See garantii v\u00f5imaldab teil osta meie toodet kindlalt ja testida seda riskivabalt.<\/p>\n<p><strong><img decoding=\"async\" style=\"margin-right: 12px;\" src=\"https:\/\/www.ferberpainting.com\/wp-content\/uploads\/2026\/02\/Check.svg\" alt=\"\" width=\"18\" height=\"15\" \/>Mitme pinna \u00fchilduvus.<\/strong>\u00a0Kuigi see on m\u00f5eldud eelk\u00f5ige kivi- ja marmorpindade jaoks, sobib see h\u00fcdroproofer ka muude materjalide, n\u00e4iteks betooni, tsemendi, m\u00f6rdi ja muude m\u00fc\u00fcrit\u00fc\u00fcpidega. Olenemata sellest, kas kaitsete vannitoa marmorp\u00f5randat v\u00f5i looduskivist fassaadi, toode kohandub erinevate pinnat\u00fc\u00fcpidega, tagades samas maksimaalse t\u00f5hususe.<\/p>\n<p><strong><img decoding=\"async\" style=\"margin-right: 12px;\" src=\"https:\/\/www.ferberpainting.com\/wp-content\/uploads\/2026\/02\/Check.svg\" alt=\"\" width=\"18\" height=\"15\" \/>\u00d6konoomne j\u00f5udlus.<\/strong>\u00a0Kivi ja marmori h\u00fcdroprofiil on v\u00e4ga \u00f6konoomne, kuna selle katvus on 6 kuni 10 m\u00b2 liitri kohta. \u00dche 5-liitrise mahutiga saab t\u00f6\u00f6delda 30-50 m\u00b2 suurust pinda, mis teeb sellest ideaalse lahenduse suuremahulisteks projektideks. Te ei saa mitte ainult kasu pikaajalisest kaitsest, vaid ka suurep\u00e4rase hinna ja kvaliteedi suhtest.<\/p>\n<p><strong><img decoding=\"async\" style=\"margin-right: 12px;\" src=\"https:\/\/www.ferberpainting.com\/wp-content\/uploads\/2026\/02\/Check.svg\" alt=\"\" width=\"18\" height=\"15\" \/>Ohutu kasutamine.<\/strong>\u00a0Kivi ja marmori veeprofiil on kavandatud nii, et selle kasutamine oleks ohutu. Selle spetsiaalselt v\u00e4lja t\u00f6\u00f6tatud koostis ei sisalda m\u00fcrgiseid ega agressiivseid aineid. Seet\u00f5ttu v\u00f5ib seda julgelt kasutada nii sise- kui ka v\u00e4litingimustes, sealhulgas suletud ruumides, nagu eluruumid, k\u00f6\u00f6gid v\u00f5i vannitoad. See ei erita kahjulikke aurusid ega kujuta ohtu tervisele, kui seda kasutatakse vastavalt juhistele.<\/p>\n<p><strong><img decoding=\"async\" style=\"margin-right: 12px;\" src=\"https:\/\/www.ferberpainting.com\/wp-content\/uploads\/2026\/02\/Check.svg\" alt=\"\" width=\"18\" height=\"15\" \/>Lihtne kasutada.<\/strong>\u00a0See toode on kasutusvalmis ja seda on v\u00e4ga lihtne kasutada. Keerulist ettevalmistust v\u00f5i lahjendamist ei ole vaja. V\u00f5ite kanda kivi ja marmori h\u00fcdroprooferi otse pinnale, kasutades pihustit, pintslit v\u00f5i rulli, s\u00f5ltuvalt pinna suurusest ja teie eelistustest. Selle vedel ja kerge tekstuur tagab \u00fchtlase ja vaevata pealekandmise, mist\u00f5ttu on see ideaalne nii kodu- kui ka professionaalsetele kasutajatele.<\/p>\n<p><strong><img decoding=\"async\" style=\"margin-right: 12px;\" src=\"https:\/\/www.ferberpainting.com\/wp-content\/uploads\/2026\/02\/Check.svg\" alt=\"\" width=\"18\" height=\"15\" \/>Erakordne vastupidavus.<\/strong>\u00a0Kivi ja marmori h\u00fcdroproofer on m\u00f5eldud pikaajalise kaitse tagamiseks. P\u00e4rast pealekandmist moodustab see kaitsva kihi, mis peab vastu ilmastikule, temperatuurivahetustele, plekkidele ja niiskusele. See kaitse kestab s\u00f5ltuvalt kokkupuutetingimustest aastaid. Toode tungib s\u00fcgavale ja kaitseb t\u00f5husalt, muutmata marmori v\u00f5i kivi loomulikku v\u00e4limust.<\/p>\n<p><strong><img decoding=\"async\" style=\"margin-right: 12px;\" src=\"https:\/\/www.ferberpainting.com\/wp-content\/uploads\/2026\/02\/Check.svg\" alt=\"\" width=\"18\" height=\"15\" \/>Kiire pealekandmine ja kuivamine.<\/strong>\u00a0See toode ei ole mitte ainult kiiresti pealekantav, vaid ka \u00fcsna kiiresti kuivav. Kivi ja marmori veeprofiil kuivab katsudes 1-2 tunniga ning enne t\u00f6\u00f6deldud pindade taas kasutusele v\u00f5tmist on soovitatav lasta sellel t\u00e4ielikult kuivada umbes 24 tundi. Selline kiire kuivamisaeg v\u00f5imaldab t\u00f5husalt t\u00f6\u00f6tada ja v\u00e4hendab seisakuaega t\u00f6\u00f6tlemise ja t\u00f6\u00f6deldud pindade kasutamise vahel.<\/p>\n<h2><strong>Kasutamise protokoll<\/strong><\/h2>\n<ul>\n<li><strong>Pinna ettevalmistamine <\/strong>: Enne kivi ja marmori h\u00fcdroprooferi pealekandmist veenduge, et pind on puhas, kuiv ja vaba tolmust, mustusest, hallitusest v\u00f5i muudest lisanditest. Kui pind on m\u00e4\u00e4rdunud, puhastage see sobiva puhastusvahendiga ja laske sellel enne h\u00fcdroprooferi pealekandmist kuivada. Tugevate plekkide eemaldamiseks v\u00f5ib kasutada mahedat puhastusvahendit.<\/li>\n<li><strong>Toote taotlus <\/strong>: Kivi ja marmori veeprofiil on kasutusvalmis, seega ei ole vaja seda lahjendada. Kandke see otse pinnale pihusti, pintsli v\u00f5i rulliga. Optimaalse tulemuse saavutamiseks katke kindlasti kogu pind. Kui t\u00f6\u00f6tate suurel pinnal, v\u00f5ib olla m\u00f5istlik t\u00f6\u00f6delda seda osade kaupa, et v\u00e4ltida toote liiga kiiret kuivamist enne \u00fchtlast levikut.<\/li>\n<li><strong>Kasutatav kogus <\/strong>: Keskmine saagis on umbes 6-10 m\u00b2 liitri kohta, s\u00f5ltuvalt materjali poorsusest. 5-liitrine mahuti on piisav umbes 30-50 m\u00b2 t\u00f6\u00f6tlemiseks. See teeb sellest v\u00e4ga \u00f6konoomse toote suuremahuliste projektide jaoks.<\/li>\n<li><strong>Kuivamisaeg <\/strong>: P\u00e4rast pealekandmist kuivab toode umbes 1-2 tunni jooksul. Optimaalse kaitse tagamiseks on siiski soovitatav lasta sellel t\u00e4ielikult kuivada 24 tundi. Selle kuivamisperioodi jooksul tuleb v\u00e4ltida pinna kokkupuudet niiskuse v\u00f5i veega, et h\u00fcdrofoobne barj\u00e4\u00e4r saaks korralikult moodustuda.<\/li>\n<li><strong>Uuesti taotlemine <\/strong>: Pindade puhul, mis on tugevalt avatud v\u00f5i k\u00f5rge niiskusega piirkondades, v\u00f5ib kaaluda m\u00f5ne aasta p\u00e4rast uuesti pealekandmist. Enne uuesti pealekandmist tuleb pind kindlasti p\u00f5hjalikult puhastada, et eemaldada igasugune mustus v\u00f5i j\u00e4\u00e4gid, mis v\u00f5ivad takistada toote kinnitumist. Seej\u00e4rel kandke uus kiht h\u00fcdroprooferit, et tagada j\u00e4tkuv kaitse.<\/li>\n<li><strong>K\u00e4sitletud pinna hooldus <\/strong>: P\u00e4rast toote pealekandmist muutub pind vastupidavaks niiskusele, plekkidele ja vee sissetungile. Kivi- v\u00f5i marmorpindade hooldamiseks puhastage neid lihtsalt regulaarselt puhta vee ja pehme lapiga. Ei ole soovitatav kasutada happelisi v\u00f5i abrasiivseid tooteid, kuna need v\u00f5ivad kahjustada kaitsekihti ja m\u00f5jutada materjali v\u00e4limust.<\/li>\n<\/ul>","protected":false},"excerpt":{"rendered":"<p>Optimal moisture protection.\u00a0The stone and marble waterproofer is specially designed to provide long-lasting protection against moisture, water infiltration, and stains, while preserving the natural beauty of your stone or marble surfaces. It forms an invisible barrier that prevents water and liquids from penetrating while allowing the material to breathe. Ideal for both outdoor and indoor [&hellip;]<\/p>\n","protected":false},"featured_media":35938,"comment_status":"open","ping_status":"closed","template":"","meta":{"_uag_custom_page_level_css":"","site-sidebar-layout":"default","site-content-layout":"","ast-site-content-layout":"default","site-content-style":"default","site-sidebar-style":"default","ast-global-header-display":"","ast-banner-title-visibility":"","ast-main-header-display":"","ast-hfb-above-header-display":"","ast-hfb-below-header-display":"","ast-hfb-mobile-header-display":"","site-post-title":"","ast-breadcrumbs-content":"","ast-featured-img":"","footer-sml-layout":"","ast-disable-related-posts":"","theme-transparent-header-meta":"default","adv-header-id-meta":"","stick-header-meta":"","header-above-stick-meta":"","header-main-stick-meta":"","header-below-stick-meta":"","astra-migrate-meta-layouts":"set","ast-page-background-enabled":"default","ast-page-background-meta":{"desktop":{"background-color":"var(--ast-global-color-4)","background-image":"","background-repeat":"repeat","background-position":"center center","background-size":"auto","background-attachment":"scroll","background-type":"","background-media":"","overlay-type":"","overlay-color":"","overlay-opacity":"","overlay-gradient":""},"tablet":{"background-color":"","background-image":"","background-repeat":"repeat","background-position":"center center","background-size":"auto","background-attachment":"scroll","background-type":"","background-media":"","overlay-type":"","overlay-color":"","overlay-opacity":"","overlay-gradient":""},"mobile":{"background-color":"","background-image":"","background-repeat":"repeat","background-position":"center center","background-size":"auto","background-attachment":"scroll","background-type":"","background-media":"","overlay-type":"","overlay-color":"","overlay-opacity":"","overlay-gradient":""}},"ast-content-background-meta":{"desktop":{"background-color":"var(--ast-global-color-5)","background-image":"","background-repeat":"repeat","background-position":"center center","background-size":"auto","background-attachment":"scroll","background-type":"","background-media":"","overlay-type":"","overlay-color":"","overlay-opacity":"","overlay-gradient":""},"tablet":{"background-color":"var(--ast-global-color-5)","background-image":"","background-repeat":"repeat","background-position":"center center","background-size":"auto","background-attachment":"scroll","background-type":"","background-media":"","overlay-type":"","overlay-color":"","overlay-opacity":"","overlay-gradient":""},"mobile":{"background-color":"var(--ast-global-color-5)","background-image":"","background-repeat":"repeat","background-position":"center center","background-size":"auto","background-attachment":"scroll","background-type":"","background-media":"","overlay-type":"","overlay-color":"","overlay-opacity":"","overlay-gradient":""}}},"product_brand":[],"product_cat":[191],"product_tag":[],"class_list":{"0":"post-25321","1":"product","2":"type-product","3":"status-publish","4":"has-post-thumbnail","6":"product_cat-water-repellent","7":"desktop-align-left","8":"tablet-align-left","9":"mobile-align-left","11":"first","12":"instock","13":"sale","14":"shipping-taxable","15":"purchasable","16":"product-type-variable","17":"has-default-attributes"},"spectra_custom_meta":{"_visibility":["visible"],"_shopify_product_id":["9106658263285"],"_s2w_shopify_domain":["ferberpainting.myshopify.com"],"_shopify_variant_id":["46626416394485"],"_sku":[""],"_manage_stock":["no"],"total_sales":["107"],"_tax_status":["taxable"],"_tax_class":[""],"_backorders":["no"],"_sold_individually":["no"],"_virtual":["no"],"_downloadable":["no"],"_download_limit":["-1"],"_download_expiry":["-1"],"_stock":[null],"_stock_status":["instock"],"_wc_average_rating":["5.00"],"_wc_review_count":["29"],"_product_attributes":["a:1:{s:6:\"volume\";a:6:{s:4:\"name\";s:6:\"Volume\";s:5:\"value\";s:20:\"5 liters | 25 liters\";s:8:\"position\";i:1;s:10:\"is_visible\";i:0;s:12:\"is_variation\";i:1;s:11:\"is_taxonomy\";i:0;}}"],"_product_version":["10.5.1"],"wpse_downloadable_file_names":[""],"wpse_downloadable_file_urls":[""],"_edit_last":["1"],"_default_attributes":["a:1:{s:6:\"volume\";s:8:\"5 liters\";}"],"_edit_lock":["1771239352:1"],"_price":["29.90","129.90"],"merchant-center-availability":["yes"],"merchant-center-category":["503738"],"_thumbnail_id":["35938"],"_wp_page_template":["default"],"_wp_old_date":["2025-05-26"],"_product_image_gallery":["35939"],"site-sidebar-layout":["default"],"ast-site-content-layout":["default"],"site-content-style":["default"],"site-sidebar-style":["default"],"theme-transparent-header-meta":["default"],"_wc_rating_count":["a:1:{i:5;i:29;}"],"astra-migrate-meta-layouts":["set"],"_uag_css_file_name":["uag-css-25321.css"],"_elementor_page_assets":["a:0:{}"],"_uag_page_assets":["a:9:{s:3:\"css\";s:7133:\".uag-blocks-common-selector{z-index:var(--z-index-desktop) !important}@media(max-width: 976px){.uag-blocks-common-selector{z-index:var(--z-index-tablet) !important}}@media(max-width: 767px){.uag-blocks-common-selector{z-index:var(--z-index-mobile) !important}}.wp-block-uagb-image{display:flex}.wp-block-uagb-image__figure{position:relative;display:flex;flex-direction:column;max-width:100%;height:auto;margin:0}.wp-block-uagb-image__figure img{height:auto;display:flex;max-width:100%;transition:box-shadow .2s ease}.wp-block-uagb-image__figure>a{display:inline-block}.wp-block-uagb-image__figure figcaption{text-align:center;margin-top:.5em;margin-bottom:1em}.wp-block-uagb-image .components-placeholder.block-editor-media-placeholder .components-placeholder__instructions{align-self:center}.wp-block-uagb-image--align-left{text-align:left}.wp-block-uagb-image--align-right{text-align:right}.wp-block-uagb-image--align-center{text-align:center}.wp-block-uagb-image--align-full .wp-block-uagb-image__figure{margin-left:calc(50% - 50vw);margin-right:calc(50% - 50vw);max-width:100vw;width:100vw;height:auto}.wp-block-uagb-image--align-full .wp-block-uagb-image__figure img{height:auto;width:100% !important}.wp-block-uagb-image--align-wide .wp-block-uagb-image__figure img{height:auto;width:100%}.wp-block-uagb-image--layout-overlay__color-wrapper{position:absolute;left:0;top:0;right:0;bottom:0;opacity:.2;background:rgba(0,0,0,.5);transition:opacity .35s ease-in-out}.wp-block-uagb-image--layout-overlay-link{position:absolute;left:0;right:0;bottom:0;top:0}.wp-block-uagb-image--layout-overlay .wp-block-uagb-image__figure:hover .wp-block-uagb-image--layout-overlay__color-wrapper{opacity:1}.wp-block-uagb-image--layout-overlay__inner{position:absolute;left:15px;right:15px;bottom:15px;top:15px;display:flex;align-items:center;justify-content:center;flex-direction:column;border-color:#fff;transition:.35s ease-in-out}.wp-block-uagb-image--layout-overlay__inner.top-left,.wp-block-uagb-image--layout-overlay__inner.top-center,.wp-block-uagb-image--layout-overlay__inner.top-right{justify-content:flex-start}.wp-block-uagb-image--layout-overlay__inner.bottom-left,.wp-block-uagb-image--layout-overlay__inner.bottom-center,.wp-block-uagb-image--layout-overlay__inner.bottom-right{justify-content:flex-end}.wp-block-uagb-image--layout-overlay__inner.top-left,.wp-block-uagb-image--layout-overlay__inner.center-left,.wp-block-uagb-image--layout-overlay__inner.bottom-left{align-items:flex-start}.wp-block-uagb-image--layout-overlay__inner.top-right,.wp-block-uagb-image--layout-overlay__inner.center-right,.wp-block-uagb-image--layout-overlay__inner.bottom-right{align-items:flex-end}.wp-block-uagb-image--layout-overlay__inner .uagb-image-heading{color:#fff;transition:transform .35s,opacity .35s ease-in-out;transform:translate3d(0, 24px, 0);margin:0;line-height:1em}.wp-block-uagb-image--layout-overlay__inner .uagb-image-separator{width:30%;border-top-width:2px;border-top-color:#fff;border-top-style:solid;margin-bottom:10px;opacity:0;transition:transform .4s,opacity .4s ease-in-out;transform:translate3d(0, 30px, 0)}.wp-block-uagb-image--layout-overlay__inner .uagb-image-caption{opacity:0;overflow:visible;color:#fff;transition:transform .45s,opacity .45s ease-in-out;transform:translate3d(0, 35px, 0)}.wp-block-uagb-image--layout-overlay__inner:hover .uagb-image-heading,.wp-block-uagb-image--layout-overlay__inner:hover .uagb-image-separator,.wp-block-uagb-image--layout-overlay__inner:hover .uagb-image-caption{opacity:1;transform:translate3d(0, 0, 0)}.wp-block-uagb-image--effect-zoomin .wp-block-uagb-image__figure img,.wp-block-uagb-image--effect-zoomin .wp-block-uagb-image__figure .wp-block-uagb-image--layout-overlay__color-wrapper{transform:scale(1);transition:transform .35s ease-in-out}.wp-block-uagb-image--effect-zoomin .wp-block-uagb-image__figure:hover img,.wp-block-uagb-image--effect-zoomin .wp-block-uagb-image__figure:hover .wp-block-uagb-image--layout-overlay__color-wrapper{transform:scale(1.05)}.wp-block-uagb-image--effect-slide .wp-block-uagb-image__figure img,.wp-block-uagb-image--effect-slide .wp-block-uagb-image__figure .wp-block-uagb-image--layout-overlay__color-wrapper{width:calc(100% + 40px) !important;max-width:none !important;transform:translate3d(-40px, 0, 0);transition:transform .35s ease-in-out}.wp-block-uagb-image--effect-slide .wp-block-uagb-image__figure:hover img,.wp-block-uagb-image--effect-slide .wp-block-uagb-image__figure:hover .wp-block-uagb-image--layout-overlay__color-wrapper{transform:translate3d(0, 0, 0)}.wp-block-uagb-image--effect-grayscale img{filter:grayscale(0%);transition:.35s ease-in-out}.wp-block-uagb-image--effect-grayscale:hover img{filter:grayscale(100%)}.wp-block-uagb-image--effect-blur img{filter:blur(0);transition:.35s ease-in-out}.wp-block-uagb-image--effect-blur:hover img{filter:blur(3px)}.uagb-block-e6f939b3.wp-block-uagb-image--layout-default figure img{box-shadow: 0px 0px 0 #00000070;}.uagb-block-e6f939b3.wp-block-uagb-image .wp-block-uagb-image__figure figcaption{font-style: normal;align-self: center;}.uagb-block-e6f939b3.wp-block-uagb-image--layout-overlay figure img{box-shadow: 0px 0px 0 #00000070;}.uagb-block-e6f939b3.wp-block-uagb-image--layout-overlay .wp-block-uagb-image--layout-overlay__color-wrapper{opacity: 0.2;}.uagb-block-e6f939b3.wp-block-uagb-image--layout-overlay .wp-block-uagb-image--layout-overlay__inner{left: 15px;right: 15px;top: 15px;bottom: 15px;}.uagb-block-e6f939b3.wp-block-uagb-image--layout-overlay .wp-block-uagb-image--layout-overlay__inner .uagb-image-heading{font-style: normal;color: #fff;opacity: 1;}.uagb-block-e6f939b3.wp-block-uagb-image--layout-overlay .wp-block-uagb-image--layout-overlay__inner .uagb-image-heading a{color: #fff;}.uagb-block-e6f939b3.wp-block-uagb-image--layout-overlay .wp-block-uagb-image--layout-overlay__inner .uagb-image-caption{opacity: 0;}.uagb-block-e6f939b3.wp-block-uagb-image--layout-overlay .wp-block-uagb-image__figure:hover .wp-block-uagb-image--layout-overlay__color-wrapper{opacity: 1;}.uagb-block-e6f939b3.wp-block-uagb-image .wp-block-uagb-image--layout-overlay__inner .uagb-image-separator{width: 30%;border-top-width: 2px;border-top-color: #fff;opacity: 0;}.uagb-block-e6f939b3.wp-block-uagb-image .wp-block-uagb-image__figure img{width: px;height: auto;}.uagb-block-e6f939b3.wp-block-uagb-image .wp-block-uagb-image__figure:hover .wp-block-uagb-image--layout-overlay__inner .uagb-image-caption{opacity: 1;}.uagb-block-e6f939b3.wp-block-uagb-image .wp-block-uagb-image__figure:hover .wp-block-uagb-image--layout-overlay__inner .uagb-image-separator{opacity: 1;}.uagb-block-e6f939b3.wp-block-uagb-image--layout-default figure:hover img{box-shadow: 0px 0px 0 #00000070;}.uagb-block-e6f939b3.wp-block-uagb-image--layout-overlay figure:hover img{box-shadow: 0px 0px 0 #00000070;}@media only screen and (max-width: 976px) {.uagb-block-e6f939b3.wp-block-uagb-image .wp-block-uagb-image__figure img{width: px;height: auto;}}@media only screen and (max-width: 767px) {.uagb-block-e6f939b3.wp-block-uagb-image .wp-block-uagb-image__figure img{width: px;height: auto;}}\";s:2:\"js\";s:0:\"\";s:18:\"current_block_list\";a:13:{i:0;s:11:\"core\/search\";i:1;s:10:\"core\/group\";i:2;s:12:\"core\/heading\";i:3;s:17:\"core\/latest-posts\";i:4;s:20:\"core\/latest-comments\";i:5;s:13:\"core\/archives\";i:6;s:15:\"core\/categories\";i:7;s:14:\"core\/paragraph\";i:8;s:10:\"uagb\/image\";i:9;s:11:\"core\/spacer\";i:10;s:30:\"woocommerce\/product-categories\";i:11;s:10:\"core\/image\";i:12;s:14:\"core\/shortcode\";}s:8:\"uag_flag\";b:1;s:11:\"uag_version\";s:10:\"1777094861\";s:6:\"gfonts\";a:0:{}s:10:\"gfonts_url\";s:0:\"\";s:12:\"gfonts_files\";a:0:{}s:14:\"uag_faq_layout\";b:0;}"]},"uagb_featured_image_src":{"full":["https:\/\/www.ferberpainting.com\/wp-content\/uploads\/2025\/05\/Stone-and-Marble-Water-Repellent-5L-.png",2560,2560,false],"thumbnail":["https:\/\/www.ferberpainting.com\/wp-content\/uploads\/2025\/05\/Stone-and-Marble-Water-Repellent-5L--150x150.png",150,150,true],"medium":["https:\/\/www.ferberpainting.com\/wp-content\/uploads\/2025\/05\/Stone-and-Marble-Water-Repellent-5L--300x300.png",300,300,true],"medium_large":["https:\/\/www.ferberpainting.com\/wp-content\/uploads\/2025\/05\/Stone-and-Marble-Water-Repellent-5L--768x768.png",768,768,true],"large":["https:\/\/www.ferberpainting.com\/wp-content\/uploads\/2025\/05\/Stone-and-Marble-Water-Repellent-5L--1024x1024.png",1024,1024,true],"1536x1536":["https:\/\/www.ferberpainting.com\/wp-content\/uploads\/2025\/05\/Stone-and-Marble-Water-Repellent-5L--1536x1536.png",1536,1536,true],"2048x2048":["https:\/\/www.ferberpainting.com\/wp-content\/uploads\/2025\/05\/Stone-and-Marble-Water-Repellent-5L--2048x2048.png",2048,2048,true],"trp-custom-language-flag":["https:\/\/www.ferberpainting.com\/wp-content\/uploads\/2025\/05\/Stone-and-Marble-Water-Repellent-5L--12x12.png",12,12,true],"woocommerce_thumbnail":["https:\/\/www.ferberpainting.com\/wp-content\/uploads\/2025\/05\/Stone-and-Marble-Water-Repellent-5L--300x300.png",300,300,true],"woocommerce_single":["https:\/\/www.ferberpainting.com\/wp-content\/uploads\/2025\/05\/Stone-and-Marble-Water-Repellent-5L--600x600.png",600,600,true],"woocommerce_gallery_thumbnail":["https:\/\/www.ferberpainting.com\/wp-content\/uploads\/2025\/05\/Stone-and-Marble-Water-Repellent-5L--100x100.png",100,100,true]},"uagb_author_info":{"display_name":"admin","author_link":"https:\/\/www.ferberpainting.com\/ee\/author\/"},"uagb_comment_info":29,"uagb_excerpt":"Optimal moisture protection.\u00a0The stone and marble waterproofer is specially designed to provide long-lasting protection against moisture, water infiltration, and stains, while preserving the natural beauty of your stone or marble surfaces. It forms an invisible barrier that prevents water and liquids from penetrating while allowing the material to breathe. Ideal for both outdoor and indoor&hellip;","_links":{"self":[{"href":"https:\/\/www.ferberpainting.com\/ee\/wp-json\/wp\/v2\/product\/25321","targetHints":{"allow":["GET"]}}],"collection":[{"href":"https:\/\/www.ferberpainting.com\/ee\/wp-json\/wp\/v2\/product"}],"about":[{"href":"https:\/\/www.ferberpainting.com\/ee\/wp-json\/wp\/v2\/types\/product"}],"replies":[{"embeddable":true,"href":"https:\/\/www.ferberpainting.com\/ee\/wp-json\/wp\/v2\/comments?post=25321"}],"version-history":[{"count":3,"href":"https:\/\/www.ferberpainting.com\/ee\/wp-json\/wp\/v2\/product\/25321\/revisions"}],"predecessor-version":[{"id":167345,"href":"https:\/\/www.ferberpainting.com\/ee\/wp-json\/wp\/v2\/product\/25321\/revisions\/167345"}],"wp:featuredmedia":[{"embeddable":true,"href":"https:\/\/www.ferberpainting.com\/ee\/wp-json\/wp\/v2\/media\/35938"}],"wp:attachment":[{"href":"https:\/\/www.ferberpainting.com\/ee\/wp-json\/wp\/v2\/media?parent=25321"}],"wp:term":[{"taxonomy":"product_brand","embeddable":true,"href":"https:\/\/www.ferberpainting.com\/ee\/wp-json\/wp\/v2\/product_brand?post=25321"},{"taxonomy":"product_cat","embeddable":true,"href":"https:\/\/www.ferberpainting.com\/ee\/wp-json\/wp\/v2\/product_cat?post=25321"},{"taxonomy":"product_tag","embeddable":true,"href":"https:\/\/www.ferberpainting.com\/ee\/wp-json\/wp\/v2\/product_tag?post=25321"}],"curies":[{"name":"wp","href":"https:\/\/api.w.org\/{rel}","templated":true}]}}