{"id":25309,"date":"2025-06-30T21:51:25","date_gmt":"2025-06-30T19:51:25","guid":{"rendered":"https:\/\/www.ferberpainting.com\/?post_type=product&#038;p=25296"},"modified":"2026-02-16T10:50:30","modified_gmt":"2026-02-16T09:50:30","slug":"slate-roof-water-repellent","status":"publish","type":"product","link":"https:\/\/www.ferberpainting.com\/ee\/products\/slate-roof-water-repellent\/","title":{"rendered":"Kiltkivikatuse veekindlustus"},"content":{"rendered":"<p><strong><img decoding=\"async\" style=\"margin-right: 12px;\" src=\"https:\/\/www.ferberpainting.com\/wp-content\/uploads\/2026\/02\/Check.svg\" alt=\"\" width=\"18\" height=\"15\" \/>Optimaalne kaitse ilmastiku eest.<\/strong>\u00a0See kiltkatusekatuse h\u00fcdroproofer on spetsiaalselt koostatud, et pakkuda pikaajalist kaitset vee sissetungi ja niiskuse eest. T\u00e4nu t\u00e4iustatud valemile tungib see toode s\u00fcgavale kiltkivi pinnale, moodustades n\u00e4htamatu barj\u00e4\u00e4ri, mis takistab vee sissetungimist, v\u00f5imaldades samal ajal katusel hingata. See aitab s\u00e4ilitada kiltkivi plaatide terviklikkust ja hoiab \u00e4ra halbade ilmastikuolude, nagu k\u00fclm, lekked ja hallitus, tekitatud kahjustused.<\/p>\n<p><strong><img decoding=\"async\" style=\"margin-right: 12px;\" src=\"https:\/\/www.ferberpainting.com\/wp-content\/uploads\/2026\/02\/Check.svg\" alt=\"\" width=\"18\" height=\"15\" \/>Raha tagasi garantii.<\/strong>\u00a0Oleme kindlad meie kiltkatusekatte h\u00fcdroprofiili t\u00f5hususes. Kui te ei ole p\u00e4rast kasutamist t\u00e4ielikult rahul, siis pakume t\u00e4ielikku h\u00fcvitist. Te saate toodet riskivabalt testida ja osta rahulikult, teades, et teile makstakse raha tagasi, kui tulemused ei vasta teie ootustele.<\/p>\n<p><strong><img decoding=\"async\" style=\"margin-right: 12px;\" src=\"https:\/\/www.ferberpainting.com\/wp-content\/uploads\/2026\/02\/Check.svg\" alt=\"\" width=\"18\" height=\"15\" \/>Mitmeotstarbeline.<\/strong>\u00a0See toode on v\u00e4ga mitmek\u00fclgne ja seda saab kasutada mitte ainult kiltkividel, vaid ka muudel materjalidel, nagu betoon, tsement, tellis, m\u00f6rdi ja muudel poorsetel pindadel. Selle t\u00f5husus ei piirdu ainult kiltkiviplaatidega, mist\u00f5ttu on see suurep\u00e4rane valik mitmeotstarbeliseks kaitseks ja j\u00e4rjepideva veekindluse tagamiseks kogu teie katusel.<\/p>\n<p><strong><img decoding=\"async\" style=\"margin-right: 12px;\" src=\"https:\/\/www.ferberpainting.com\/wp-content\/uploads\/2026\/02\/Check.svg\" alt=\"\" width=\"18\" height=\"15\" \/>Kulut\u00f5hus.<\/strong>\u00a0See kiltkivi katuse h\u00fcdroisolatsioon pakub suurep\u00e4rast katvust. Keskmiselt katab 1 liiter toodet 6-8 m\u00b2, s\u00f5ltuvalt plaatide poorsusest. 5-liitrise mahutiga saab t\u00f6\u00f6delda umbes 30-40 m\u00b2 katust. Selle suur saagikus v\u00f5imaldab suurte pindade t\u00f6\u00f6tlemist ilma sagedase kordusostuta, mis teeb sellest kuluefektiivse ja kestva lahenduse teie katuse s\u00e4ilitamiseks.<\/p>\n<p><strong><img decoding=\"async\" style=\"margin-right: 12px;\" src=\"https:\/\/www.ferberpainting.com\/wp-content\/uploads\/2026\/02\/Check.svg\" alt=\"\" width=\"18\" height=\"15\" \/>Ohutu kasutamine.<\/strong>\u00a0Kiltkivi katuse h\u00fcdroisolatsioonivahendi eesm\u00e4rk on olla ohutu. See ei sisalda karmi kemikaale ja on keskkonnas\u00f5bralik. V\u00f5ite seda ohutult kasutada, ilma et see ohustaks teie v\u00f5i teiste inimeste tervist. Ettevaatusabin\u00f5una soovitame kasutada pealekandmise ajal kindaid ja kaitseprille, kuid juhendi kohaselt kasutamisel ei ole m\u00e4rkimisv\u00e4\u00e4rset ohtu.<\/p>\n<p><strong><img decoding=\"async\" style=\"margin-right: 12px;\" src=\"https:\/\/www.ferberpainting.com\/wp-content\/uploads\/2026\/02\/Check.svg\" alt=\"\" width=\"18\" height=\"15\" \/>Lihtne kasutada.<\/strong>\u00a0See toode on kasutusvalmis, mis muudab protsessi kiireks ja lihtsaks. Ei ole vaja lahjendada ega ette valmistada - pihustage, pintseldage v\u00f5i rullige see lihtsalt otse katusele. See v\u00f5imaldab kiiret ja vaevata pealekandmist, mis sobib nii professionaalidele kui ka kodut\u00f6\u00f6listele. V\u00e4rvimine on \u00fchtlane ja ei j\u00e4ta n\u00e4htavaid j\u00e4lgi, tagades puhta ja esteetilise l\u00f5ppviimistluse.<\/p>\n<p><strong><img decoding=\"async\" style=\"margin-right: 12px;\" src=\"https:\/\/www.ferberpainting.com\/wp-content\/uploads\/2026\/02\/Check.svg\" alt=\"\" width=\"18\" height=\"15\" \/>Vastupidavus.<\/strong>\u00a0Kiltkivi katuse h\u00fcdroisolatsioonivahend pakub pikaajalist kaitset. P\u00e4rast pealekandmist moodustab see n\u00e4htamatu barj\u00e4\u00e4ri, mis peab vastu niiskusele ja hoiab teie katuse mitu aastat kaitstud. S\u00f5ltuvalt ilmastikutingimustest ja kokkupuutest v\u00f5ib kaitse kesta 2 kuni 5 aastat. See vastupidavus aitab v\u00e4hendada hooldust\u00f6id ja tagab, et teie katus j\u00e4\u00e4b suurep\u00e4rases seisukorras.<\/p>\n<p><strong><img decoding=\"async\" style=\"margin-right: 12px;\" src=\"https:\/\/www.ferberpainting.com\/wp-content\/uploads\/2026\/02\/Check.svg\" alt=\"\" width=\"18\" height=\"15\" \/>Kiire kuivamine ja toimimine.<\/strong>\u00a0Veeimmutusaine kuivab kiiresti ja tungib kiiresti kiltkivi plaatidesse. \u00dcldiselt kuivavad pinnad 1 kuni 2 tunni jooksul, kuid optimaalse toimimise tagamiseks on soovitatav oodata 24 tundi, enne kui katust vihma v\u00f5i niiskusega kokku puutub. Selline kiire kuivamine aitab teil t\u00f6\u00f6deldud pinda kiiresti uuesti kasutada ja tagab pikaajalise veekindluse.<\/p>\n<h2><strong>Kasutamise protokoll<\/strong><\/h2>\n<ul>\n<li><strong>Pinna ettevalmistamine <\/strong>: Enne h\u00fcdroprooferi pealekandmist veenduge, et pind on puhas ja kuiv. Soovitame katuse puhastada, et eemaldada mustus, sammal v\u00f5i prahi. Kasutage luuda, survepesurit v\u00f5i harja, et eemaldada k\u00f5ik mustused. Kui esineb sammal v\u00f5i samblik, tuleks eelnevalt kasutada spetsiaalset samblikuvastast t\u00f6\u00f6tlusvahendit. Kui katus on puhastatud, veenduge, et see on enne toote pealekandmist t\u00e4ielikult kuivanud.<\/li>\n<li><strong>Toote taotlus <\/strong>: Kiltkivi katuse h\u00fcdroprofiil on kasutusvalmis, seda ei ole vaja lahjendada. Kasutage pihusti, rulli v\u00f5i pintslit, et kanda see \u00fchtlaselt pinnale. Kui kasutate pihustit, hoidke umbes 30 cm kaugust ja pihustage \u00fchtlaselt. Rulliga v\u00f5i pintsliga pealekandmise korral tuleb tagada, et k\u00f5ik t\u00f6\u00f6deldavad alad oleksid \u00fchtlaselt kaetud, ilma plaate \u00fcle m\u00e4\u00e4rimata. Kandke kerged, \u00fchtlased kihid, et v\u00e4ltida \u00e4ravoolu.<\/li>\n<li><strong>Kasutatav kogus <\/strong>: S\u00f5ltuvalt kiltkiviplaatide poorsusest katab 1 liiter toodet tavaliselt 6-8 m\u00b2. See t\u00e4hendab, et \u00fche 5-liitrise mahutiga saab t\u00f6\u00f6delda 30-40 m\u00b2 pinda. Kui plaadid on v\u00e4ga poorsed v\u00f5i soovite kasutada teist kihti, kohandage kogust vastavalt vajadusele. \u00dcldjuhul piisab t\u00f5husaks kaitseks \u00fchest kihist, kuid tugevalt kokkupuutuvatel aladel v\u00f5ib olla vajalik teine pealekandmine.<\/li>\n<li><strong>Kuivamisaeg <\/strong>: P\u00e4rast pealekandmist kuivab toode kiiresti. Pinnad kuivavad tavaliselt 1 kuni 2 tunni jooksul. T\u00e4ieliku toimivuse saavutamiseks laske tootel t\u00e4ielikult kuivada 24 tundi, enne kui katust vihma v\u00f5i niiskuse k\u00e4tte satub. See tagab t\u00f5husa barj\u00e4\u00e4ri moodustumise, mis takistab vee sissetungimist.<\/li>\n<li><strong>Uuesti taotlemine <\/strong>: S\u00f5ltuvalt kliimatingimustest ja loomulikust kulumisest v\u00f5ib olla vajalik korduv pealekandmine iga 2 kuni 5 aasta j\u00e4rel. Soovitatav on regulaarselt kontrollida katust ja kanda toode uuesti peale, kui ilmnevad kulumise v\u00f5i t\u00f5hususe v\u00e4henemise m\u00e4rgid. Teine pealekandmine aitab s\u00e4ilitada pikaajalist kaitset.<\/li>\n<li><strong>Hooldus <\/strong>: P\u00e4rast pealekandmist on katuse hooldamine lihtne. Puhastage seda seebiveega ja pehme luuda v\u00f5i lapiga, et eemaldada j\u00e4\u00e4gid. V\u00e4ltige survepesurite v\u00f5i karmide keemiliste puhastusvahendite kasutamist, mis v\u00f5ivad kaitsvat katet kahjustada. \u00d5rn ja regulaarne hooldus aitab s\u00e4ilitada veekindluse tulemuslikkust paljude aastate jooksul.<\/li>\n<\/ul>","protected":false},"excerpt":{"rendered":"<p>Optimal protection against weather.\u00a0This slate roof waterproofer is specially formulated to provide long-lasting protection against water infiltration and humidity. Thanks to its advanced formula, this product deeply penetrates the surface of the slate, forming an invisible barrier that prevents water from seeping in while allowing the roof to breathe. It helps preserve the integrity of [&hellip;]<\/p>\n","protected":false},"featured_media":35987,"comment_status":"open","ping_status":"closed","template":"","meta":{"_uag_custom_page_level_css":"","site-sidebar-layout":"default","site-content-layout":"","ast-site-content-layout":"default","site-content-style":"default","site-sidebar-style":"default","ast-global-header-display":"","ast-banner-title-visibility":"","ast-main-header-display":"","ast-hfb-above-header-display":"","ast-hfb-below-header-display":"","ast-hfb-mobile-header-display":"","site-post-title":"","ast-breadcrumbs-content":"","ast-featured-img":"","footer-sml-layout":"","ast-disable-related-posts":"","theme-transparent-header-meta":"default","adv-header-id-meta":"","stick-header-meta":"","header-above-stick-meta":"","header-main-stick-meta":"","header-below-stick-meta":"","astra-migrate-meta-layouts":"set","ast-page-background-enabled":"default","ast-page-background-meta":{"desktop":{"background-color":"var(--ast-global-color-4)","background-image":"","background-repeat":"repeat","background-position":"center center","background-size":"auto","background-attachment":"scroll","background-type":"","background-media":"","overlay-type":"","overlay-color":"","overlay-opacity":"","overlay-gradient":""},"tablet":{"background-color":"","background-image":"","background-repeat":"repeat","background-position":"center center","background-size":"auto","background-attachment":"scroll","background-type":"","background-media":"","overlay-type":"","overlay-color":"","overlay-opacity":"","overlay-gradient":""},"mobile":{"background-color":"","background-image":"","background-repeat":"repeat","background-position":"center center","background-size":"auto","background-attachment":"scroll","background-type":"","background-media":"","overlay-type":"","overlay-color":"","overlay-opacity":"","overlay-gradient":""}},"ast-content-background-meta":{"desktop":{"background-color":"var(--ast-global-color-5)","background-image":"","background-repeat":"repeat","background-position":"center center","background-size":"auto","background-attachment":"scroll","background-type":"","background-media":"","overlay-type":"","overlay-color":"","overlay-opacity":"","overlay-gradient":""},"tablet":{"background-color":"var(--ast-global-color-5)","background-image":"","background-repeat":"repeat","background-position":"center center","background-size":"auto","background-attachment":"scroll","background-type":"","background-media":"","overlay-type":"","overlay-color":"","overlay-opacity":"","overlay-gradient":""},"mobile":{"background-color":"var(--ast-global-color-5)","background-image":"","background-repeat":"repeat","background-position":"center center","background-size":"auto","background-attachment":"scroll","background-type":"","background-media":"","overlay-type":"","overlay-color":"","overlay-opacity":"","overlay-gradient":""}}},"product_brand":[],"product_cat":[191],"product_tag":[],"class_list":{"0":"post-25309","1":"product","2":"type-product","3":"status-publish","4":"has-post-thumbnail","6":"product_cat-water-repellent","7":"desktop-align-left","8":"tablet-align-left","9":"mobile-align-left","11":"first","12":"instock","13":"sale","14":"shipping-taxable","15":"purchasable","16":"product-type-variable","17":"has-default-attributes"},"spectra_custom_meta":{"_visibility":["visible"],"_shopify_product_id":["9106642239733"],"_s2w_shopify_domain":["ferberpainting.myshopify.com"],"_shopify_variant_id":["46626378711285"],"_sku":[""],"_manage_stock":["no"],"total_sales":["5"],"_tax_status":["taxable"],"_tax_class":[""],"_backorders":["no"],"_sold_individually":["no"],"_virtual":["no"],"_downloadable":["no"],"_download_limit":["-1"],"_download_expiry":["-1"],"_stock":[null],"_stock_status":["instock"],"_wc_average_rating":["5.00"],"_wc_review_count":["10"],"_product_attributes":["a:1:{s:6:\"volume\";a:6:{s:4:\"name\";s:6:\"Volume\";s:5:\"value\";s:20:\"5 liters | 25 liters\";s:8:\"position\";i:1;s:10:\"is_visible\";i:0;s:12:\"is_variation\";i:1;s:11:\"is_taxonomy\";i:0;}}"],"_product_version":["10.5.1"],"wpse_downloadable_file_names":[""],"wpse_downloadable_file_urls":[""],"_edit_last":["1"],"_default_attributes":["a:1:{s:6:\"volume\";s:8:\"5 liters\";}"],"_edit_lock":["1771235292:1"],"_price":["29.90","129.90"],"merchant-center-availability":["yes"],"merchant-center-category":["503744"],"_thumbnail_id":["35987"],"_wp_page_template":["default"],"_product_image_gallery":["35989"],"site-sidebar-layout":["default"],"ast-site-content-layout":["default"],"site-content-style":["default"],"site-sidebar-style":["default"],"theme-transparent-header-meta":["default"],"_wc_rating_count":["a:1:{i:5;i:10;}"],"astra-migrate-meta-layouts":["set"],"_uag_css_file_name":["uag-css-25309.css"],"_elementor_page_assets":["a:0:{}"],"_uag_page_assets":["a:9:{s:3:\"css\";s:7133:\".uag-blocks-common-selector{z-index:var(--z-index-desktop) !important}@media(max-width: 976px){.uag-blocks-common-selector{z-index:var(--z-index-tablet) !important}}@media(max-width: 767px){.uag-blocks-common-selector{z-index:var(--z-index-mobile) !important}}.wp-block-uagb-image{display:flex}.wp-block-uagb-image__figure{position:relative;display:flex;flex-direction:column;max-width:100%;height:auto;margin:0}.wp-block-uagb-image__figure img{height:auto;display:flex;max-width:100%;transition:box-shadow .2s ease}.wp-block-uagb-image__figure>a{display:inline-block}.wp-block-uagb-image__figure figcaption{text-align:center;margin-top:.5em;margin-bottom:1em}.wp-block-uagb-image .components-placeholder.block-editor-media-placeholder .components-placeholder__instructions{align-self:center}.wp-block-uagb-image--align-left{text-align:left}.wp-block-uagb-image--align-right{text-align:right}.wp-block-uagb-image--align-center{text-align:center}.wp-block-uagb-image--align-full .wp-block-uagb-image__figure{margin-left:calc(50% - 50vw);margin-right:calc(50% - 50vw);max-width:100vw;width:100vw;height:auto}.wp-block-uagb-image--align-full .wp-block-uagb-image__figure img{height:auto;width:100% !important}.wp-block-uagb-image--align-wide .wp-block-uagb-image__figure img{height:auto;width:100%}.wp-block-uagb-image--layout-overlay__color-wrapper{position:absolute;left:0;top:0;right:0;bottom:0;opacity:.2;background:rgba(0,0,0,.5);transition:opacity .35s ease-in-out}.wp-block-uagb-image--layout-overlay-link{position:absolute;left:0;right:0;bottom:0;top:0}.wp-block-uagb-image--layout-overlay .wp-block-uagb-image__figure:hover .wp-block-uagb-image--layout-overlay__color-wrapper{opacity:1}.wp-block-uagb-image--layout-overlay__inner{position:absolute;left:15px;right:15px;bottom:15px;top:15px;display:flex;align-items:center;justify-content:center;flex-direction:column;border-color:#fff;transition:.35s ease-in-out}.wp-block-uagb-image--layout-overlay__inner.top-left,.wp-block-uagb-image--layout-overlay__inner.top-center,.wp-block-uagb-image--layout-overlay__inner.top-right{justify-content:flex-start}.wp-block-uagb-image--layout-overlay__inner.bottom-left,.wp-block-uagb-image--layout-overlay__inner.bottom-center,.wp-block-uagb-image--layout-overlay__inner.bottom-right{justify-content:flex-end}.wp-block-uagb-image--layout-overlay__inner.top-left,.wp-block-uagb-image--layout-overlay__inner.center-left,.wp-block-uagb-image--layout-overlay__inner.bottom-left{align-items:flex-start}.wp-block-uagb-image--layout-overlay__inner.top-right,.wp-block-uagb-image--layout-overlay__inner.center-right,.wp-block-uagb-image--layout-overlay__inner.bottom-right{align-items:flex-end}.wp-block-uagb-image--layout-overlay__inner .uagb-image-heading{color:#fff;transition:transform .35s,opacity .35s ease-in-out;transform:translate3d(0, 24px, 0);margin:0;line-height:1em}.wp-block-uagb-image--layout-overlay__inner .uagb-image-separator{width:30%;border-top-width:2px;border-top-color:#fff;border-top-style:solid;margin-bottom:10px;opacity:0;transition:transform .4s,opacity .4s ease-in-out;transform:translate3d(0, 30px, 0)}.wp-block-uagb-image--layout-overlay__inner .uagb-image-caption{opacity:0;overflow:visible;color:#fff;transition:transform .45s,opacity .45s ease-in-out;transform:translate3d(0, 35px, 0)}.wp-block-uagb-image--layout-overlay__inner:hover .uagb-image-heading,.wp-block-uagb-image--layout-overlay__inner:hover .uagb-image-separator,.wp-block-uagb-image--layout-overlay__inner:hover .uagb-image-caption{opacity:1;transform:translate3d(0, 0, 0)}.wp-block-uagb-image--effect-zoomin .wp-block-uagb-image__figure img,.wp-block-uagb-image--effect-zoomin .wp-block-uagb-image__figure .wp-block-uagb-image--layout-overlay__color-wrapper{transform:scale(1);transition:transform .35s ease-in-out}.wp-block-uagb-image--effect-zoomin .wp-block-uagb-image__figure:hover img,.wp-block-uagb-image--effect-zoomin .wp-block-uagb-image__figure:hover .wp-block-uagb-image--layout-overlay__color-wrapper{transform:scale(1.05)}.wp-block-uagb-image--effect-slide .wp-block-uagb-image__figure img,.wp-block-uagb-image--effect-slide .wp-block-uagb-image__figure .wp-block-uagb-image--layout-overlay__color-wrapper{width:calc(100% + 40px) !important;max-width:none !important;transform:translate3d(-40px, 0, 0);transition:transform .35s ease-in-out}.wp-block-uagb-image--effect-slide .wp-block-uagb-image__figure:hover img,.wp-block-uagb-image--effect-slide .wp-block-uagb-image__figure:hover .wp-block-uagb-image--layout-overlay__color-wrapper{transform:translate3d(0, 0, 0)}.wp-block-uagb-image--effect-grayscale img{filter:grayscale(0%);transition:.35s ease-in-out}.wp-block-uagb-image--effect-grayscale:hover img{filter:grayscale(100%)}.wp-block-uagb-image--effect-blur img{filter:blur(0);transition:.35s ease-in-out}.wp-block-uagb-image--effect-blur:hover img{filter:blur(3px)}.uagb-block-e6f939b3.wp-block-uagb-image--layout-default figure img{box-shadow: 0px 0px 0 #00000070;}.uagb-block-e6f939b3.wp-block-uagb-image .wp-block-uagb-image__figure figcaption{font-style: normal;align-self: center;}.uagb-block-e6f939b3.wp-block-uagb-image--layout-overlay figure img{box-shadow: 0px 0px 0 #00000070;}.uagb-block-e6f939b3.wp-block-uagb-image--layout-overlay .wp-block-uagb-image--layout-overlay__color-wrapper{opacity: 0.2;}.uagb-block-e6f939b3.wp-block-uagb-image--layout-overlay .wp-block-uagb-image--layout-overlay__inner{left: 15px;right: 15px;top: 15px;bottom: 15px;}.uagb-block-e6f939b3.wp-block-uagb-image--layout-overlay .wp-block-uagb-image--layout-overlay__inner .uagb-image-heading{font-style: normal;color: #fff;opacity: 1;}.uagb-block-e6f939b3.wp-block-uagb-image--layout-overlay .wp-block-uagb-image--layout-overlay__inner .uagb-image-heading a{color: #fff;}.uagb-block-e6f939b3.wp-block-uagb-image--layout-overlay .wp-block-uagb-image--layout-overlay__inner .uagb-image-caption{opacity: 0;}.uagb-block-e6f939b3.wp-block-uagb-image--layout-overlay .wp-block-uagb-image__figure:hover .wp-block-uagb-image--layout-overlay__color-wrapper{opacity: 1;}.uagb-block-e6f939b3.wp-block-uagb-image .wp-block-uagb-image--layout-overlay__inner .uagb-image-separator{width: 30%;border-top-width: 2px;border-top-color: #fff;opacity: 0;}.uagb-block-e6f939b3.wp-block-uagb-image .wp-block-uagb-image__figure img{width: px;height: auto;}.uagb-block-e6f939b3.wp-block-uagb-image .wp-block-uagb-image__figure:hover .wp-block-uagb-image--layout-overlay__inner .uagb-image-caption{opacity: 1;}.uagb-block-e6f939b3.wp-block-uagb-image .wp-block-uagb-image__figure:hover .wp-block-uagb-image--layout-overlay__inner .uagb-image-separator{opacity: 1;}.uagb-block-e6f939b3.wp-block-uagb-image--layout-default figure:hover img{box-shadow: 0px 0px 0 #00000070;}.uagb-block-e6f939b3.wp-block-uagb-image--layout-overlay figure:hover img{box-shadow: 0px 0px 0 #00000070;}@media only screen and (max-width: 976px) {.uagb-block-e6f939b3.wp-block-uagb-image .wp-block-uagb-image__figure img{width: px;height: auto;}}@media only screen and (max-width: 767px) {.uagb-block-e6f939b3.wp-block-uagb-image .wp-block-uagb-image__figure img{width: px;height: auto;}}\";s:2:\"js\";s:0:\"\";s:18:\"current_block_list\";a:13:{i:0;s:11:\"core\/search\";i:1;s:10:\"core\/group\";i:2;s:12:\"core\/heading\";i:3;s:17:\"core\/latest-posts\";i:4;s:20:\"core\/latest-comments\";i:5;s:13:\"core\/archives\";i:6;s:15:\"core\/categories\";i:7;s:14:\"core\/paragraph\";i:8;s:10:\"uagb\/image\";i:9;s:11:\"core\/spacer\";i:10;s:30:\"woocommerce\/product-categories\";i:11;s:10:\"core\/image\";i:12;s:14:\"core\/shortcode\";}s:8:\"uag_flag\";b:1;s:11:\"uag_version\";s:10:\"1777102217\";s:6:\"gfonts\";a:0:{}s:10:\"gfonts_url\";s:0:\"\";s:12:\"gfonts_files\";a:0:{}s:14:\"uag_faq_layout\";b:0;}"]},"uagb_featured_image_src":{"full":["https:\/\/www.ferberpainting.com\/wp-content\/uploads\/2025\/06\/Slate-Roof-Water-Repellent-5L.png",2560,2560,false],"thumbnail":["https:\/\/www.ferberpainting.com\/wp-content\/uploads\/2025\/06\/Slate-Roof-Water-Repellent-5L-150x150.png",150,150,true],"medium":["https:\/\/www.ferberpainting.com\/wp-content\/uploads\/2025\/06\/Slate-Roof-Water-Repellent-5L-300x300.png",300,300,true],"medium_large":["https:\/\/www.ferberpainting.com\/wp-content\/uploads\/2025\/06\/Slate-Roof-Water-Repellent-5L-768x768.png",768,768,true],"large":["https:\/\/www.ferberpainting.com\/wp-content\/uploads\/2025\/06\/Slate-Roof-Water-Repellent-5L-1024x1024.png",1024,1024,true],"1536x1536":["https:\/\/www.ferberpainting.com\/wp-content\/uploads\/2025\/06\/Slate-Roof-Water-Repellent-5L-1536x1536.png",1536,1536,true],"2048x2048":["https:\/\/www.ferberpainting.com\/wp-content\/uploads\/2025\/06\/Slate-Roof-Water-Repellent-5L-2048x2048.png",2048,2048,true],"trp-custom-language-flag":["https:\/\/www.ferberpainting.com\/wp-content\/uploads\/2025\/06\/Slate-Roof-Water-Repellent-5L-12x12.png",12,12,true],"woocommerce_thumbnail":["https:\/\/www.ferberpainting.com\/wp-content\/uploads\/2025\/06\/Slate-Roof-Water-Repellent-5L-300x300.png",300,300,true],"woocommerce_single":["https:\/\/www.ferberpainting.com\/wp-content\/uploads\/2025\/06\/Slate-Roof-Water-Repellent-5L-600x600.png",600,600,true],"woocommerce_gallery_thumbnail":["https:\/\/www.ferberpainting.com\/wp-content\/uploads\/2025\/06\/Slate-Roof-Water-Repellent-5L-100x100.png",100,100,true]},"uagb_author_info":{"display_name":"admin","author_link":"https:\/\/www.ferberpainting.com\/ee\/author\/"},"uagb_comment_info":10,"uagb_excerpt":"Optimal protection against weather.\u00a0This slate roof waterproofer is specially formulated to provide long-lasting protection against water infiltration and humidity. Thanks to its advanced formula, this product deeply penetrates the surface of the slate, forming an invisible barrier that prevents water from seeping in while allowing the roof to breathe. It helps preserve the integrity of&hellip;","_links":{"self":[{"href":"https:\/\/www.ferberpainting.com\/ee\/wp-json\/wp\/v2\/product\/25309","targetHints":{"allow":["GET"]}}],"collection":[{"href":"https:\/\/www.ferberpainting.com\/ee\/wp-json\/wp\/v2\/product"}],"about":[{"href":"https:\/\/www.ferberpainting.com\/ee\/wp-json\/wp\/v2\/types\/product"}],"replies":[{"embeddable":true,"href":"https:\/\/www.ferberpainting.com\/ee\/wp-json\/wp\/v2\/comments?post=25309"}],"version-history":[{"count":3,"href":"https:\/\/www.ferberpainting.com\/ee\/wp-json\/wp\/v2\/product\/25309\/revisions"}],"predecessor-version":[{"id":167299,"href":"https:\/\/www.ferberpainting.com\/ee\/wp-json\/wp\/v2\/product\/25309\/revisions\/167299"}],"wp:featuredmedia":[{"embeddable":true,"href":"https:\/\/www.ferberpainting.com\/ee\/wp-json\/wp\/v2\/media\/35987"}],"wp:attachment":[{"href":"https:\/\/www.ferberpainting.com\/ee\/wp-json\/wp\/v2\/media?parent=25309"}],"wp:term":[{"taxonomy":"product_brand","embeddable":true,"href":"https:\/\/www.ferberpainting.com\/ee\/wp-json\/wp\/v2\/product_brand?post=25309"},{"taxonomy":"product_cat","embeddable":true,"href":"https:\/\/www.ferberpainting.com\/ee\/wp-json\/wp\/v2\/product_cat?post=25309"},{"taxonomy":"product_tag","embeddable":true,"href":"https:\/\/www.ferberpainting.com\/ee\/wp-json\/wp\/v2\/product_tag?post=25309"}],"curies":[{"name":"wp","href":"https:\/\/api.w.org\/{rel}","templated":true}]}}