{"id":25296,"date":"2025-06-30T21:38:54","date_gmt":"2025-06-30T19:38:54","guid":{"rendered":"https:\/\/www.ferberpainting.com\/?post_type=product&#038;p=25296"},"modified":"2026-02-16T10:42:42","modified_gmt":"2026-02-16T09:42:42","slug":"shower-and-bathroom-water-repellent","status":"publish","type":"product","link":"https:\/\/www.ferberpainting.com\/ee\/products\/shower-and-bathroom-water-repellent\/","title":{"rendered":"Veet\u00f5rjevahend du\u0161i ja vannitoa jaoks"},"content":{"rendered":"<p><strong><img decoding=\"async\" style=\"margin-right: 12px;\" src=\"https:\/\/www.ferberpainting.com\/wp-content\/uploads\/2026\/02\/Check.svg\" alt=\"\" width=\"18\" height=\"15\" \/>Pikaajaline kaitse niiskuse eest.<\/strong>\u00a0Vannitoa ja du\u0161\u0161i h\u00fcdroproofer on spetsiaalselt koostatud, et pakkuda optimaalset kaitset niiskuse, hallituse ja veepritsmete eest. Selle pealekandmine loob pindadele n\u00e4htamatu, kuid v\u00e4ga t\u00f5husa barj\u00e4\u00e4ri, mis takistab vee tungimist materjalidesse, v\u00f5imaldades samal ajal pinnal hingata. See toode kaitseb t\u00f5husalt teie seinu, p\u00f5randaid ja vuuke pidevalt niisketes keskkondades, nagu vannitoad ja du\u0161iruumid.<\/p>\n<p><strong><img decoding=\"async\" style=\"margin-right: 12px;\" src=\"https:\/\/www.ferberpainting.com\/wp-content\/uploads\/2026\/02\/Check.svg\" alt=\"\" width=\"18\" height=\"15\" \/>Raha tagasi garantii.<\/strong>\u00a0Oleme veendunud meie vannitoa ja du\u0161\u0161ide h\u00fcdroproovide t\u00f5hususes. Seep\u00e4rast pakume rahulolu- v\u00f5i tagasimaksegarantiid. Kui te mingil p\u00f5hjusel ei ole tootega t\u00e4ielikult rahul, v\u00f5ite taotleda t\u00e4ielikku raha tagasimaksmist. See garantii v\u00f5imaldab teil meie toodet rahulikult testida ja selle eeliseid riskivabalt kasutada.<\/p>\n<p><strong><img decoding=\"async\" style=\"margin-right: 12px;\" src=\"https:\/\/www.ferberpainting.com\/wp-content\/uploads\/2026\/02\/Check.svg\" alt=\"\" width=\"18\" height=\"15\" \/>Mitmeotstarbeline.<\/strong>\u00a0See toode ei piirdu klassikaliste vannitoa- ja du\u0161ipindadega, nagu plaadid - see sobib ka mitmesugustele materjalidele, nagu betoon, tsement, kivi, marmor, kips, puit ja muud. See mitmek\u00fclgsus v\u00f5imaldab teil t\u00f6\u00f6delda mitmesuguseid pindu teie vannitoas ja niisketes ruumides. Olenemata sellest, kas tegemist on p\u00f5randa v\u00f5i vuukidega, veeprofiil pakub t\u00f5husat kaitset niiskuse ja plekkide eest. See teeb sellest tervikliku lahenduse teie pindade s\u00e4ilitamiseks.<\/p>\n<p><strong><img decoding=\"async\" style=\"margin-right: 12px;\" src=\"https:\/\/www.ferberpainting.com\/wp-content\/uploads\/2026\/02\/Check.svg\" alt=\"\" width=\"18\" height=\"15\" \/>Kulut\u00f5hus.<\/strong>\u00a0Vannitoa ja du\u0161\u0161i h\u00fcdroisolatsioonivahend on v\u00e4ga \u00f6konoomne toode. Keskmiselt saab 1 liitri tootega katta 6-8 m\u00b2. 5-liitrise mahutiga saab t\u00f6\u00f6delda umbes 30-40 m\u00b2 pinda. Selline suur katvus t\u00e4hendab, et saate suhteliselt v\u00e4ikese tootekogusega t\u00f6\u00f6delda suurt pinda, mist\u00f5ttu on see h\u00fcdroprofiil \u00f6konoomne valik kogu maja jaoks.<\/p>\n<p><strong><img decoding=\"async\" style=\"margin-right: 12px;\" src=\"https:\/\/www.ferberpainting.com\/wp-content\/uploads\/2026\/02\/Check.svg\" alt=\"\" width=\"18\" height=\"15\" \/>Ohutu kasutamine.<\/strong>\u00a0Mittem\u00fcrgistest koostisosadest valmistatud vannitoa- ja du\u0161ivett\u00f5mbaja on keskkonnas\u00f5bralik ja ohutu teie tervisele. Erinevalt m\u00f5nest karmimast kaitsetootest ei sisalda see s\u00f6\u00f6vitavaid ega \u00e4rritavaid lahusteid. Siiski on mugavuse ja ohutuse tagamiseks alati soovitatav kanda kindaid ja ventileerida ruumi korralikult pealekandmise ajal.<\/p>\n<p><strong><img decoding=\"async\" style=\"margin-right: 12px;\" src=\"https:\/\/www.ferberpainting.com\/wp-content\/uploads\/2026\/02\/Check.svg\" alt=\"\" width=\"18\" height=\"15\" \/>Kasutamise lihtsus.<\/strong>\u00a0Vannitoa- ja du\u0161ivett on \u00e4\u00e4rmiselt lihtne kasutada. See on kasutusvalmis ja ei vaja lahjendamist. Lihtsalt kandke toode otse puhtale, kuivale pinnale pihusti, pintsli v\u00f5i rulliga. See tungib kiiresti ja \u00fchtlaselt sisse, luues kaitsva kihi, j\u00e4tmata n\u00e4htavaid j\u00e4lgi v\u00f5i j\u00e4\u00e4ke. Selle kasutamiseks ei ole vaja mingeid erilisi oskusi, mist\u00f5ttu on see ideaalselt sobilik igasuguse tasemega heakorrat\u00f6\u00f6tajatele.<\/p>\n<p><strong><img decoding=\"async\" style=\"margin-right: 12px;\" src=\"https:\/\/www.ferberpainting.com\/wp-content\/uploads\/2026\/02\/Check.svg\" alt=\"\" width=\"18\" height=\"15\" \/>Vastupidavus.<\/strong>\u00a0See toode tagab pikaajalise kaitse. P\u00e4rast pealekandmist moodustab h\u00fcdroproofer n\u00e4htamatu kihi, mis kaitseb teie pindu niiskuse, veepritsmete ja hallituse eest. See v\u00f5ib kesta mitu aastat, s\u00f5ltuvalt ruumi niiskuse tasemest. Vannitoa- ja du\u0161\u0161ivahend peab vastu karmidele niiskustingimustele ja j\u00e4\u00e4b aja jooksul t\u00f5husaks, aidates teil v\u00e4ltida sagedast korduvat pealekandmist.<\/p>\n<p><strong><img decoding=\"async\" style=\"margin-right: 12px;\" src=\"https:\/\/www.ferberpainting.com\/wp-content\/uploads\/2026\/02\/Check.svg\" alt=\"\" width=\"18\" height=\"15\" \/>Kiiresti kuivav.<\/strong>\u00a0Vannitoa- ja du\u0161\u0161ivahend kuivab kiiresti. Kuivamisaeg on umbes 1 kuni 2 tundi, mis minimeerib ooteaega enne piirkonna kasutamist. Optimaalse kaitse tagamiseks on soovitatav lasta tootel t\u00e4ielikult kuivada 24 tundi, enne kui seda niiskusega kokku puutub. Selline kiire kuivamisaeg v\u00f5imaldab teil kasutada kaitstud pindu kiiremini, saades samas kasu pikaajalisest kaitsest.<\/p>\n<h2><strong>Kasutamise protokoll<\/strong><\/h2>\n<ul>\n<li><strong>Pinna ettevalmistamine <\/strong>: Enne h\u00fcdroprooferi pealekandmist veenduge, et pinnad on puhtad, kuivad ja ilma igasuguse mustuse, rasva v\u00f5i hallituseta. Puhastage plaadid, vuugid ja muud kohad sobiva tootega, seej\u00e4rel loputage h\u00e4sti puhta veega. Veenduge, et pind on enne h\u00fcdroproovimassile kandmist t\u00e4iesti kuiv, et tagada n\u00f5uetekohane haardumine.<\/li>\n<li><strong>Toote taotlus <\/strong>: Veeprofiil on kasutusvalmis. Seda saab kanda pihusti, pintsli v\u00f5i rulliga. \u00dchtlaseks pealekandmiseks pihustage v\u00f5i kandke \u00f5huke, \u00fchtlane kiht toodet pindadele, keskendudes vuukidele ja niiskusele k\u00f5ige enam avatud aladele. Laske tootel tungida materjalidesse ilma neid \u00fcle koormamata.<\/li>\n<li><strong>Kasutatav summa <\/strong>: Keskmiselt katab 1 liiter h\u00fcdroprofiili 6-8 m\u00b2. 5-liitrise mahutiga saab t\u00f6\u00f6delda umbes 30-40 m\u00b2 pinda. See t\u00e4hendab, et saate terve vannitoa t\u00f6\u00f6delda suhteliselt v\u00e4ikese tootekogusega. Eriti poorsete pindade puhul v\u00f5ib kaitse tugevdamiseks teha teise kihi.<\/li>\n<li><strong>Kuivamisaeg <\/strong>: P\u00e4rast pealekandmist laske tootel kuivada umbes 1 kuni 2 tundi. Maksimaalse t\u00f5hususe saavutamiseks ja niiskusega kokkupuute v\u00e4ltimiseks on siiski soovitatav lasta tootel t\u00e4ielikult kuivada 24 tundi. V\u00e4ltige selle aja jooksul pinna kokkupuudet niiskusega, et tagada kaitsekihi n\u00f5uetekohane kinnitumine.<\/li>\n<li><strong>Uuesti taotlemine <\/strong>: S\u00f5ltuvalt vannitoa v\u00f5i du\u0161iruumi kasutamisest ja niiskuse tasemest v\u00f5ib olla vajalik, et kaitse s\u00e4ilitamiseks tuleb h\u00fcdroprooferit iga 2 kuni 5 aasta tagant uuesti peale kanda. Selleks puhastage pind ja kandke uus kiht h\u00fcdroproovainet, j\u00e4rgides samu samu samme, mis esialgse pealekandmise korral.<\/li>\n<li><strong>Hooldus <\/strong>: Kui h\u00fcdroproofer on peale kantud, muutub t\u00f6\u00f6deldud pindade hooldamine palju lihtsamaks. Puhastage neid lihtsalt niiske lapiga v\u00f5i k\u00e4snaga, v\u00e4ltides abrasiivseid vahendeid, mis v\u00f5ivad kaitset kahjustada. \u00c4rge kasutage t\u00f6\u00f6deldud pindadel k\u00f5rgsurvepuhastusvahendeid, et s\u00e4ilitada h\u00fcdroprooferi t\u00f5husus.<\/li>\n<\/ul>","protected":false},"excerpt":{"rendered":"<p>Long-lasting protection against humidity.\u00a0The bathroom and shower waterproofer is specially formulated to provide optimal protection against humidity, mold, and water splashes. Its application creates an invisible yet highly effective barrier on surfaces, preventing water from penetrating the materials while allowing the surface to breathe. This product effectively protects your walls, floors, and joints in constantly [&hellip;]<\/p>\n","protected":false},"featured_media":35973,"comment_status":"open","ping_status":"closed","template":"","meta":{"_uag_custom_page_level_css":"","site-sidebar-layout":"default","site-content-layout":"","ast-site-content-layout":"default","site-content-style":"default","site-sidebar-style":"default","ast-global-header-display":"","ast-banner-title-visibility":"","ast-main-header-display":"","ast-hfb-above-header-display":"","ast-hfb-below-header-display":"","ast-hfb-mobile-header-display":"","site-post-title":"","ast-breadcrumbs-content":"","ast-featured-img":"","footer-sml-layout":"","ast-disable-related-posts":"","theme-transparent-header-meta":"default","adv-header-id-meta":"","stick-header-meta":"","header-above-stick-meta":"","header-main-stick-meta":"","header-below-stick-meta":"","astra-migrate-meta-layouts":"set","ast-page-background-enabled":"default","ast-page-background-meta":{"desktop":{"background-color":"var(--ast-global-color-4)","background-image":"","background-repeat":"repeat","background-position":"center center","background-size":"auto","background-attachment":"scroll","background-type":"","background-media":"","overlay-type":"","overlay-color":"","overlay-opacity":"","overlay-gradient":""},"tablet":{"background-color":"","background-image":"","background-repeat":"repeat","background-position":"center center","background-size":"auto","background-attachment":"scroll","background-type":"","background-media":"","overlay-type":"","overlay-color":"","overlay-opacity":"","overlay-gradient":""},"mobile":{"background-color":"","background-image":"","background-repeat":"repeat","background-position":"center center","background-size":"auto","background-attachment":"scroll","background-type":"","background-media":"","overlay-type":"","overlay-color":"","overlay-opacity":"","overlay-gradient":""}},"ast-content-background-meta":{"desktop":{"background-color":"var(--ast-global-color-5)","background-image":"","background-repeat":"repeat","background-position":"center center","background-size":"auto","background-attachment":"scroll","background-type":"","background-media":"","overlay-type":"","overlay-color":"","overlay-opacity":"","overlay-gradient":""},"tablet":{"background-color":"var(--ast-global-color-5)","background-image":"","background-repeat":"repeat","background-position":"center center","background-size":"auto","background-attachment":"scroll","background-type":"","background-media":"","overlay-type":"","overlay-color":"","overlay-opacity":"","overlay-gradient":""},"mobile":{"background-color":"var(--ast-global-color-5)","background-image":"","background-repeat":"repeat","background-position":"center center","background-size":"auto","background-attachment":"scroll","background-type":"","background-media":"","overlay-type":"","overlay-color":"","overlay-opacity":"","overlay-gradient":""}}},"product_brand":[],"product_cat":[191],"product_tag":[],"class_list":{"0":"post-25296","1":"product","2":"type-product","3":"status-publish","4":"has-post-thumbnail","6":"product_cat-water-repellent","7":"desktop-align-left","8":"tablet-align-left","9":"mobile-align-left","11":"first","12":"instock","13":"sale","14":"shipping-taxable","15":"purchasable","16":"product-type-variable","17":"has-default-attributes"},"spectra_custom_meta":{"_visibility":["visible"],"_shopify_product_id":["9106653118709"],"_s2w_shopify_domain":["ferberpainting.myshopify.com"],"_shopify_variant_id":["46626393686261"],"_sku":[""],"_manage_stock":["no"],"total_sales":["341"],"_tax_status":["taxable"],"_tax_class":[""],"_backorders":["no"],"_sold_individually":["no"],"_virtual":["no"],"_downloadable":["no"],"_download_limit":["-1"],"_download_expiry":["-1"],"_stock":[null],"_stock_status":["instock"],"_wc_average_rating":["5.00"],"_wc_review_count":["11"],"_product_attributes":["a:1:{s:6:\"volume\";a:6:{s:4:\"name\";s:6:\"Volume\";s:5:\"value\";s:20:\"5 liters | 25 liters\";s:8:\"position\";i:1;s:10:\"is_visible\";i:0;s:12:\"is_variation\";i:1;s:11:\"is_taxonomy\";i:0;}}"],"_product_version":["10.5.1"],"wpse_downloadable_file_names":[""],"wpse_downloadable_file_urls":[""],"_edit_last":["1"],"_default_attributes":["a:1:{s:6:\"volume\";s:8:\"5 liters\";}"],"_edit_lock":["1773469220:7131"],"_price":["29.90","129.90"],"merchant-center-availability":["yes"],"merchant-center-category":["503744"],"_thumbnail_id":["35973"],"_wp_page_template":["default"],"_wp_old_date":["2025-05-26"],"_product_image_gallery":["35974"],"site-sidebar-layout":["default"],"ast-site-content-layout":["default"],"site-content-style":["default"],"site-sidebar-style":["default"],"theme-transparent-header-meta":["default"],"_wc_rating_count":["a:1:{i:5;i:11;}"],"astra-migrate-meta-layouts":["set"],"_uag_css_file_name":["uag-css-25296.css"],"_elementor_page_assets":["a:0:{}"],"_uag_page_assets":["a:9:{s:3:\"css\";s:7133:\".uag-blocks-common-selector{z-index:var(--z-index-desktop) !important}@media(max-width: 976px){.uag-blocks-common-selector{z-index:var(--z-index-tablet) !important}}@media(max-width: 767px){.uag-blocks-common-selector{z-index:var(--z-index-mobile) !important}}.wp-block-uagb-image{display:flex}.wp-block-uagb-image__figure{position:relative;display:flex;flex-direction:column;max-width:100%;height:auto;margin:0}.wp-block-uagb-image__figure img{height:auto;display:flex;max-width:100%;transition:box-shadow .2s ease}.wp-block-uagb-image__figure>a{display:inline-block}.wp-block-uagb-image__figure figcaption{text-align:center;margin-top:.5em;margin-bottom:1em}.wp-block-uagb-image .components-placeholder.block-editor-media-placeholder .components-placeholder__instructions{align-self:center}.wp-block-uagb-image--align-left{text-align:left}.wp-block-uagb-image--align-right{text-align:right}.wp-block-uagb-image--align-center{text-align:center}.wp-block-uagb-image--align-full .wp-block-uagb-image__figure{margin-left:calc(50% - 50vw);margin-right:calc(50% - 50vw);max-width:100vw;width:100vw;height:auto}.wp-block-uagb-image--align-full .wp-block-uagb-image__figure img{height:auto;width:100% !important}.wp-block-uagb-image--align-wide .wp-block-uagb-image__figure img{height:auto;width:100%}.wp-block-uagb-image--layout-overlay__color-wrapper{position:absolute;left:0;top:0;right:0;bottom:0;opacity:.2;background:rgba(0,0,0,.5);transition:opacity .35s ease-in-out}.wp-block-uagb-image--layout-overlay-link{position:absolute;left:0;right:0;bottom:0;top:0}.wp-block-uagb-image--layout-overlay .wp-block-uagb-image__figure:hover .wp-block-uagb-image--layout-overlay__color-wrapper{opacity:1}.wp-block-uagb-image--layout-overlay__inner{position:absolute;left:15px;right:15px;bottom:15px;top:15px;display:flex;align-items:center;justify-content:center;flex-direction:column;border-color:#fff;transition:.35s ease-in-out}.wp-block-uagb-image--layout-overlay__inner.top-left,.wp-block-uagb-image--layout-overlay__inner.top-center,.wp-block-uagb-image--layout-overlay__inner.top-right{justify-content:flex-start}.wp-block-uagb-image--layout-overlay__inner.bottom-left,.wp-block-uagb-image--layout-overlay__inner.bottom-center,.wp-block-uagb-image--layout-overlay__inner.bottom-right{justify-content:flex-end}.wp-block-uagb-image--layout-overlay__inner.top-left,.wp-block-uagb-image--layout-overlay__inner.center-left,.wp-block-uagb-image--layout-overlay__inner.bottom-left{align-items:flex-start}.wp-block-uagb-image--layout-overlay__inner.top-right,.wp-block-uagb-image--layout-overlay__inner.center-right,.wp-block-uagb-image--layout-overlay__inner.bottom-right{align-items:flex-end}.wp-block-uagb-image--layout-overlay__inner .uagb-image-heading{color:#fff;transition:transform .35s,opacity .35s ease-in-out;transform:translate3d(0, 24px, 0);margin:0;line-height:1em}.wp-block-uagb-image--layout-overlay__inner .uagb-image-separator{width:30%;border-top-width:2px;border-top-color:#fff;border-top-style:solid;margin-bottom:10px;opacity:0;transition:transform .4s,opacity .4s ease-in-out;transform:translate3d(0, 30px, 0)}.wp-block-uagb-image--layout-overlay__inner .uagb-image-caption{opacity:0;overflow:visible;color:#fff;transition:transform .45s,opacity .45s ease-in-out;transform:translate3d(0, 35px, 0)}.wp-block-uagb-image--layout-overlay__inner:hover .uagb-image-heading,.wp-block-uagb-image--layout-overlay__inner:hover .uagb-image-separator,.wp-block-uagb-image--layout-overlay__inner:hover .uagb-image-caption{opacity:1;transform:translate3d(0, 0, 0)}.wp-block-uagb-image--effect-zoomin .wp-block-uagb-image__figure img,.wp-block-uagb-image--effect-zoomin .wp-block-uagb-image__figure .wp-block-uagb-image--layout-overlay__color-wrapper{transform:scale(1);transition:transform .35s ease-in-out}.wp-block-uagb-image--effect-zoomin .wp-block-uagb-image__figure:hover img,.wp-block-uagb-image--effect-zoomin .wp-block-uagb-image__figure:hover .wp-block-uagb-image--layout-overlay__color-wrapper{transform:scale(1.05)}.wp-block-uagb-image--effect-slide .wp-block-uagb-image__figure img,.wp-block-uagb-image--effect-slide .wp-block-uagb-image__figure .wp-block-uagb-image--layout-overlay__color-wrapper{width:calc(100% + 40px) !important;max-width:none !important;transform:translate3d(-40px, 0, 0);transition:transform .35s ease-in-out}.wp-block-uagb-image--effect-slide .wp-block-uagb-image__figure:hover img,.wp-block-uagb-image--effect-slide .wp-block-uagb-image__figure:hover .wp-block-uagb-image--layout-overlay__color-wrapper{transform:translate3d(0, 0, 0)}.wp-block-uagb-image--effect-grayscale img{filter:grayscale(0%);transition:.35s ease-in-out}.wp-block-uagb-image--effect-grayscale:hover img{filter:grayscale(100%)}.wp-block-uagb-image--effect-blur img{filter:blur(0);transition:.35s ease-in-out}.wp-block-uagb-image--effect-blur:hover img{filter:blur(3px)}.uagb-block-e6f939b3.wp-block-uagb-image--layout-default figure img{box-shadow: 0px 0px 0 #00000070;}.uagb-block-e6f939b3.wp-block-uagb-image .wp-block-uagb-image__figure figcaption{font-style: normal;align-self: center;}.uagb-block-e6f939b3.wp-block-uagb-image--layout-overlay figure img{box-shadow: 0px 0px 0 #00000070;}.uagb-block-e6f939b3.wp-block-uagb-image--layout-overlay .wp-block-uagb-image--layout-overlay__color-wrapper{opacity: 0.2;}.uagb-block-e6f939b3.wp-block-uagb-image--layout-overlay .wp-block-uagb-image--layout-overlay__inner{left: 15px;right: 15px;top: 15px;bottom: 15px;}.uagb-block-e6f939b3.wp-block-uagb-image--layout-overlay .wp-block-uagb-image--layout-overlay__inner .uagb-image-heading{font-style: normal;color: #fff;opacity: 1;}.uagb-block-e6f939b3.wp-block-uagb-image--layout-overlay .wp-block-uagb-image--layout-overlay__inner .uagb-image-heading a{color: #fff;}.uagb-block-e6f939b3.wp-block-uagb-image--layout-overlay .wp-block-uagb-image--layout-overlay__inner .uagb-image-caption{opacity: 0;}.uagb-block-e6f939b3.wp-block-uagb-image--layout-overlay .wp-block-uagb-image__figure:hover .wp-block-uagb-image--layout-overlay__color-wrapper{opacity: 1;}.uagb-block-e6f939b3.wp-block-uagb-image .wp-block-uagb-image--layout-overlay__inner .uagb-image-separator{width: 30%;border-top-width: 2px;border-top-color: #fff;opacity: 0;}.uagb-block-e6f939b3.wp-block-uagb-image .wp-block-uagb-image__figure img{width: px;height: auto;}.uagb-block-e6f939b3.wp-block-uagb-image .wp-block-uagb-image__figure:hover .wp-block-uagb-image--layout-overlay__inner .uagb-image-caption{opacity: 1;}.uagb-block-e6f939b3.wp-block-uagb-image .wp-block-uagb-image__figure:hover .wp-block-uagb-image--layout-overlay__inner .uagb-image-separator{opacity: 1;}.uagb-block-e6f939b3.wp-block-uagb-image--layout-default figure:hover img{box-shadow: 0px 0px 0 #00000070;}.uagb-block-e6f939b3.wp-block-uagb-image--layout-overlay figure:hover img{box-shadow: 0px 0px 0 #00000070;}@media only screen and (max-width: 976px) {.uagb-block-e6f939b3.wp-block-uagb-image .wp-block-uagb-image__figure img{width: px;height: auto;}}@media only screen and (max-width: 767px) {.uagb-block-e6f939b3.wp-block-uagb-image .wp-block-uagb-image__figure img{width: px;height: auto;}}\";s:2:\"js\";s:0:\"\";s:18:\"current_block_list\";a:13:{i:0;s:11:\"core\/search\";i:1;s:10:\"core\/group\";i:2;s:12:\"core\/heading\";i:3;s:17:\"core\/latest-posts\";i:4;s:20:\"core\/latest-comments\";i:5;s:13:\"core\/archives\";i:6;s:15:\"core\/categories\";i:7;s:14:\"core\/paragraph\";i:8;s:10:\"uagb\/image\";i:9;s:11:\"core\/spacer\";i:10;s:30:\"woocommerce\/product-categories\";i:11;s:10:\"core\/image\";i:12;s:14:\"core\/shortcode\";}s:8:\"uag_flag\";b:1;s:11:\"uag_version\";s:10:\"1777069654\";s:6:\"gfonts\";a:0:{}s:10:\"gfonts_url\";s:0:\"\";s:12:\"gfonts_files\";a:0:{}s:14:\"uag_faq_layout\";b:0;}"]},"uagb_featured_image_src":{"full":["https:\/\/www.ferberpainting.com\/wp-content\/uploads\/2025\/05\/Shower-and-Bathroom-Water-Repellent-5L-.png",2560,2560,false],"thumbnail":["https:\/\/www.ferberpainting.com\/wp-content\/uploads\/2025\/05\/Shower-and-Bathroom-Water-Repellent-5L--150x150.png",150,150,true],"medium":["https:\/\/www.ferberpainting.com\/wp-content\/uploads\/2025\/05\/Shower-and-Bathroom-Water-Repellent-5L--300x300.png",300,300,true],"medium_large":["https:\/\/www.ferberpainting.com\/wp-content\/uploads\/2025\/05\/Shower-and-Bathroom-Water-Repellent-5L--768x768.png",768,768,true],"large":["https:\/\/www.ferberpainting.com\/wp-content\/uploads\/2025\/05\/Shower-and-Bathroom-Water-Repellent-5L--1024x1024.png",1024,1024,true],"1536x1536":["https:\/\/www.ferberpainting.com\/wp-content\/uploads\/2025\/05\/Shower-and-Bathroom-Water-Repellent-5L--1536x1536.png",1536,1536,true],"2048x2048":["https:\/\/www.ferberpainting.com\/wp-content\/uploads\/2025\/05\/Shower-and-Bathroom-Water-Repellent-5L--2048x2048.png",2048,2048,true],"trp-custom-language-flag":["https:\/\/www.ferberpainting.com\/wp-content\/uploads\/2025\/05\/Shower-and-Bathroom-Water-Repellent-5L--12x12.png",12,12,true],"woocommerce_thumbnail":["https:\/\/www.ferberpainting.com\/wp-content\/uploads\/2025\/05\/Shower-and-Bathroom-Water-Repellent-5L--300x300.png",300,300,true],"woocommerce_single":["https:\/\/www.ferberpainting.com\/wp-content\/uploads\/2025\/05\/Shower-and-Bathroom-Water-Repellent-5L--600x600.png",600,600,true],"woocommerce_gallery_thumbnail":["https:\/\/www.ferberpainting.com\/wp-content\/uploads\/2025\/05\/Shower-and-Bathroom-Water-Repellent-5L--100x100.png",100,100,true]},"uagb_author_info":{"display_name":"admin","author_link":"https:\/\/www.ferberpainting.com\/ee\/author\/"},"uagb_comment_info":11,"uagb_excerpt":"Long-lasting protection against humidity.\u00a0The bathroom and shower waterproofer is specially formulated to provide optimal protection against humidity, mold, and water splashes. Its application creates an invisible yet highly effective barrier on surfaces, preventing water from penetrating the materials while allowing the surface to breathe. This product effectively protects your walls, floors, and joints in constantly&hellip;","_links":{"self":[{"href":"https:\/\/www.ferberpainting.com\/ee\/wp-json\/wp\/v2\/product\/25296","targetHints":{"allow":["GET"]}}],"collection":[{"href":"https:\/\/www.ferberpainting.com\/ee\/wp-json\/wp\/v2\/product"}],"about":[{"href":"https:\/\/www.ferberpainting.com\/ee\/wp-json\/wp\/v2\/types\/product"}],"replies":[{"embeddable":true,"href":"https:\/\/www.ferberpainting.com\/ee\/wp-json\/wp\/v2\/comments?post=25296"}],"version-history":[{"count":4,"href":"https:\/\/www.ferberpainting.com\/ee\/wp-json\/wp\/v2\/product\/25296\/revisions"}],"predecessor-version":[{"id":167282,"href":"https:\/\/www.ferberpainting.com\/ee\/wp-json\/wp\/v2\/product\/25296\/revisions\/167282"}],"wp:featuredmedia":[{"embeddable":true,"href":"https:\/\/www.ferberpainting.com\/ee\/wp-json\/wp\/v2\/media\/35973"}],"wp:attachment":[{"href":"https:\/\/www.ferberpainting.com\/ee\/wp-json\/wp\/v2\/media?parent=25296"}],"wp:term":[{"taxonomy":"product_brand","embeddable":true,"href":"https:\/\/www.ferberpainting.com\/ee\/wp-json\/wp\/v2\/product_brand?post=25296"},{"taxonomy":"product_cat","embeddable":true,"href":"https:\/\/www.ferberpainting.com\/ee\/wp-json\/wp\/v2\/product_cat?post=25296"},{"taxonomy":"product_tag","embeddable":true,"href":"https:\/\/www.ferberpainting.com\/ee\/wp-json\/wp\/v2\/product_tag?post=25296"}],"curies":[{"name":"wp","href":"https:\/\/api.w.org\/{rel}","templated":true}]}}