{"id":25287,"date":"2025-06-18T09:29:11","date_gmt":"2025-06-18T07:29:11","guid":{"rendered":"https:\/\/www.ferberpainting.com\/?post_type=product&#038;p=25287"},"modified":"2026-02-16T10:32:28","modified_gmt":"2026-02-16T09:32:28","slug":"shoe-water-repellent","status":"publish","type":"product","link":"https:\/\/www.ferberpainting.com\/ee\/products\/shoe-water-repellent\/","title":{"rendered":"Kingade veekindel sprei"},"content":{"rendered":"<p><strong><img decoding=\"async\" style=\"margin-right: 12px;\" src=\"https:\/\/www.ferberpainting.com\/wp-content\/uploads\/2026\/02\/Check.svg\" alt=\"\" width=\"18\" height=\"15\" \/>T\u00f5hus kaitse niiskuse ja plekkide eest.<\/strong>\u00a0See jalatsi veekindel kaitsevahend on ideaalne lahendus, et kaitsta oma jalatseid ilmastiku, niiskuse, muda ja plekkide eest. Olenemata sellest, kas teie jalatsid on valmistatud nahast, kangast, mokkast v\u00f5i nubukist, moodustab see toode n\u00e4htamatu barj\u00e4\u00e4ri, mis takistab vee sissetungimist, v\u00f5imaldades samal ajal materjalil hingata. See hoiab teie jalad kuivana isegi vihma korral ning hoiab \u00e4ra veeplekid ja plekid, mis v\u00f5ivad teie jalatsite v\u00e4limust muuta. Teie jalan\u00f5ud p\u00fcsivad uued, kaitstud ja valmis k\u00f5ikidele ilmastikuoludele vastu astuma.<\/p>\n<p><strong><img decoding=\"async\" style=\"margin-right: 12px;\" src=\"https:\/\/www.ferberpainting.com\/wp-content\/uploads\/2026\/02\/Check.svg\" alt=\"\" width=\"18\" height=\"15\" \/>Raha tagasi garantii.<\/strong>\u00a0Oleme veendunud meie toote t\u00f5hususes, mist\u00f5ttu pakume rahulolu- v\u00f5i raha-tagastamisgarantiid. Kui te mingil p\u00f5hjusel ei ole t\u00e4ielikult rahul meie jalatsi veet\u00f5kendi tulemustega, v\u00f5ite taotleda t\u00e4ielikku tagasimakset. See garantii v\u00f5imaldab teil osta rahulikult, teades, et saate oma raha tagasi, kui toode ei vasta teie ootustele.<\/p>\n<p><strong><img decoding=\"async\" style=\"margin-right: 12px;\" src=\"https:\/\/www.ferberpainting.com\/wp-content\/uploads\/2026\/02\/Check.svg\" alt=\"\" width=\"18\" height=\"15\" \/>Mitmek\u00fclgne erinevate materjalide jaoks.<\/strong>\u00a0See jalatsi veet\u00f5kkematerjal on v\u00e4ga mitmek\u00fclgne ja t\u00f6\u00f6tab paljude erinevate materjalidega. See sobib ideaalselt nahale, kangale, mokkale, nubukile ja s\u00fcnteetilistele materjalidele. Seda saab kasutada ka nendest materjalidest valmistatud kottide, mantlite, kinnaste ja muude aksessuaaride puhul. Olenemata sellest, kas teie jalan\u00f5ud on sportlikud, \u0161ikkad v\u00f5i juhuslikud l\u00f5uendkingad, pakub see toode usaldusv\u00e4\u00e4rset ja vastupidavat kaitset niiskuse ja plekkide eest.<\/p>\n<p><strong><img decoding=\"async\" style=\"margin-right: 12px;\" src=\"https:\/\/www.ferberpainting.com\/wp-content\/uploads\/2026\/02\/Check.svg\" alt=\"\" width=\"18\" height=\"15\" \/>Kulut\u00f5hus.<\/strong>\u00a0See toode on \u00e4\u00e4rmiselt \u00f6konoomne kasutada. 5-liitrise mahutiga saate t\u00f6\u00f6delda suurt hulka kingi. Keskmiselt saab \u00fche liitri veeprofiiliga t\u00f6\u00f6delda kuni 50 paari kingi, s\u00f5ltuvalt kasutatavast kogusest ja materjali t\u00fc\u00fcbist. Selline suur saagis muudab kingade h\u00fcdroprofiili kuluefektiivseks ja pikaajaliseks lahenduseks, mis pakub pikaajalist kaitset ilma sagedase korduva kasutamiseta.<\/p>\n<p><strong><img decoding=\"async\" style=\"margin-right: 12px;\" src=\"https:\/\/www.ferberpainting.com\/wp-content\/uploads\/2026\/02\/Check.svg\" alt=\"\" width=\"18\" height=\"15\" \/>Ohutu ja materjalis\u00f5bralik.<\/strong>\u00a0See jalan\u00f5ude h\u00fcdroproofer on koostatud nii, et see oleks ohutu nii teile kui ka teie jalan\u00f5udele. See on valmistatud \u00f5rnadest koostisosadest, mis ei muuda materjali v\u00e4rvi ega tekstuuri ega kahjusta pinda. Samuti ei sisalda see kahjulikke kemikaale, mist\u00f5ttu on see koduseks kasutamiseks ohutu. V\u00f5ite seda toodet kindlalt kasutada, teades, et see ei kahjusta teie tervist ega teie kingi.<\/p>\n<p><strong><img decoding=\"async\" style=\"margin-right: 12px;\" src=\"https:\/\/www.ferberpainting.com\/wp-content\/uploads\/2026\/02\/Check.svg\" alt=\"\" width=\"18\" height=\"15\" \/>Lihtne kasutada.<\/strong>\u00a0Jalan\u00f5ude h\u00fcdroproovide pealekandmine on lihtne ja kiire. See on kasutusvalmis, ei vaja lahjendamist ega keerulist ettevalmistust. Lihtsalt pihustage toodet \u00fchtlaselt teie kingade pinnale, hoolitsedes selle eest, et katta k\u00f5ik niiskusega kokkupuutuvad kohad. Veeprofiil levib kergesti ja tungib kiiresti materjali sisse, moodustades n\u00e4htamatu kaitse. Vaid paari lihtsa sammuga on teie kingad valmis vihma v\u00f5i lumega silmitsi seisma.<\/p>\n<p><strong><img decoding=\"async\" style=\"margin-right: 12px;\" src=\"https:\/\/www.ferberpainting.com\/wp-content\/uploads\/2026\/02\/Check.svg\" alt=\"\" width=\"18\" height=\"15\" \/>Vastupidav kaitse.<\/strong>\u00a0Jalatsite veekindel kaitsematerjal tagab pikaajalise kaitse. P\u00e4rast pealekandmist moodustab see vastupidava barj\u00e4\u00e4ri, mis t\u00f5rjub vett ja plekke isegi p\u00e4rast mitut puhastamist. Te ei pea p\u00e4rast iga pesu v\u00f5i vihma k\u00e4imist uuesti peale kandma. Kaitse kestab mitu kuud, aidates hoida jalatsid ideaalses seisukorras, ilma et peaksite muretsema niiskuse v\u00f5i mustuse p\u00e4rast. See toode on vastupidav lahendus teie kingade kaitsmiseks.<\/p>\n<p><strong><img decoding=\"async\" style=\"margin-right: 12px;\" src=\"https:\/\/www.ferberpainting.com\/wp-content\/uploads\/2026\/02\/Check.svg\" alt=\"\" width=\"18\" height=\"15\" \/>Kiiresti toimiv.<\/strong>\u00a0See toode toimib kiiresti. P\u00e4rast pealekandmist kuivab see toatemperatuuril umbes 1-2 tunni jooksul, s\u00f5ltuvalt ilmastikutingimustest ja materjali t\u00fc\u00fcbist. See t\u00e4hendab, et saate oma jalatseid kiiresti uuesti kanda, ilma et peaksite tundide kaupa ootama. P\u00e4rast kuivamist on kaitse kohe aktiivne. Ei ole vaja oodata tundide kaupa, kuni toode hakkab toimima - p\u00e4rast l\u00fchikest kuivamisaega on teie kingad t\u00e4ielikult kaitstud.<\/p>\n<h2><strong>Kasutamise protokoll<\/strong><\/h2>\n<ul>\n<li><strong>Pinna ettevalmistamine <\/strong>: Enne jalatsi h\u00fcdroprootseeni pealekandmist veenduge, et teie jalan\u00f5ud on puhtad ja kuivad. Eemaldage mustus v\u00f5i tolm pehme lapiga v\u00f5i harjaga. Kui teie kingad on v\u00e4ga m\u00e4\u00e4rdunud, on soovitatav need enne toote pealekandmist puhastada. Puhtale pinnale kandmine v\u00f5imaldab paremat haardumist ja t\u00f5husamat kaitset.<\/li>\n<li><strong>Toote kasutamine <\/strong>: Enne kasutamist loksutage pudelit h\u00e4sti. Kandke toode umbes 20 cm kaugusele kingapinnast. Pihustage \u00fchtlane, kerge kiht kogu kingale, keskendudes niiskusele eriti vastuv\u00f5tlikele kohtadele, nagu \u00f5mblused ja tallad. V\u00e4ltige materjalide \u00fclek\u00fcllastamist - kandke \u00f5huke ja \u00fchtlane kiht. Mokkamoe v\u00f5i nubukknaha puhul v\u00e4ltige kanga liigset niisutamist, et v\u00e4ltida n\u00e4htavaid j\u00e4lgi.<\/li>\n<li><strong>Isegi katvus <\/strong>: Vajaduse korral kasutage puhast, pehmet lappi, et toode \u00fchtlaselt jaotuks, eriti piirkondades, kuhu pihusti ei ulatu. See aitab saavutada \u00fchtlast katvust ja t\u00f5husat kaitset kogu kinga ulatuses.<\/li>\n<li><strong>Kuivamisaeg <\/strong>: Laske kingadel kuivada umbes 1-2 tundi toatemperatuuril ja \u00f5huniiskuses. \u00c4rge kandke jalatseid kuivatamise ajal, et v\u00e4ltida kaitse kahjustamist. Kui v\u00f5imalik, asetage jalatsid h\u00e4sti ventileeritud ruumi.<\/li>\n<li><strong>Uuesti taotlemine <\/strong>: S\u00f5ltuvalt kasutusest v\u00f5ite kanda teise kihi, et tugevdada kaitset, eriti kui teie jalatsid puutuvad sageli kokku niiskete v\u00f5i m\u00e4\u00e4rdunud tingimustega. Enne teise kihi pealekandmist veenduge, et esimene kiht on t\u00e4ielikult kuivanud.<\/li>\n<li><strong>J\u00e4relhooldus <\/strong>: P\u00e4rast pealekandmist v\u00f5ite oma jalatseid puhastada normaalselt, ilma kaitset eemaldamata. V\u00e4ltige siiski t\u00f6\u00f6deldud alade liiga tugevat k\u00fc\u00fcrimist. Vajaduse korral kasutage veekaitsevahendit uuesti iga 6 kuu tagant, et s\u00e4ilitada t\u00f5husus, v\u00f5i sagedamini, s\u00f5ltuvalt kasutamise intensiivsusest.<\/li>\n<\/ul>\n<p>Jalatsite veeprofiil on lihtne, kiire ja \u00f6konoomne toode, mis pikendab teie jalatsite eluiga, s\u00e4ilitades samal ajal nende v\u00e4limuse. T\u00e4nu lihtsale pealekandmisele ja pikaajalisele koostisele saab sellest iga jalatsiomaniku h\u00e4davajalik liitlane, olenemata sellest, kas see on valmistatud nahast, mokkast, kangast v\u00f5i s\u00fcnteetilistest materjalidest. \u00c4rge laske niiskusel ja plekkidel oma kingi rikkuda, kaitske neid meie v\u00f5imsa ja n\u00e4htamatu veekindla lahendusega.<\/p>","protected":false},"excerpt":{"rendered":"<p>Effective Protection Against Moisture and Stains.\u00a0This shoe waterproofer is the ideal solution to protect your shoes from the elements, humidity, mud, and stains. Whether your shoes are made of leather, canvas, suede, or nubuck, this product forms an invisible barrier that prevents water from penetrating while allowing the material to breathe. It keeps your feet [&hellip;]<\/p>\n","protected":false},"featured_media":30017,"comment_status":"open","ping_status":"closed","template":"","meta":{"_uag_custom_page_level_css":"","site-sidebar-layout":"default","site-content-layout":"","ast-site-content-layout":"default","site-content-style":"default","site-sidebar-style":"default","ast-global-header-display":"","ast-banner-title-visibility":"","ast-main-header-display":"","ast-hfb-above-header-display":"","ast-hfb-below-header-display":"","ast-hfb-mobile-header-display":"","site-post-title":"","ast-breadcrumbs-content":"","ast-featured-img":"","footer-sml-layout":"","ast-disable-related-posts":"","theme-transparent-header-meta":"default","adv-header-id-meta":"","stick-header-meta":"","header-above-stick-meta":"","header-main-stick-meta":"","header-below-stick-meta":"","astra-migrate-meta-layouts":"set","ast-page-background-enabled":"default","ast-page-background-meta":{"desktop":{"background-color":"var(--ast-global-color-4)","background-image":"","background-repeat":"repeat","background-position":"center center","background-size":"auto","background-attachment":"scroll","background-type":"","background-media":"","overlay-type":"","overlay-color":"","overlay-opacity":"","overlay-gradient":""},"tablet":{"background-color":"","background-image":"","background-repeat":"repeat","background-position":"center center","background-size":"auto","background-attachment":"scroll","background-type":"","background-media":"","overlay-type":"","overlay-color":"","overlay-opacity":"","overlay-gradient":""},"mobile":{"background-color":"","background-image":"","background-repeat":"repeat","background-position":"center center","background-size":"auto","background-attachment":"scroll","background-type":"","background-media":"","overlay-type":"","overlay-color":"","overlay-opacity":"","overlay-gradient":""}},"ast-content-background-meta":{"desktop":{"background-color":"var(--ast-global-color-5)","background-image":"","background-repeat":"repeat","background-position":"center center","background-size":"auto","background-attachment":"scroll","background-type":"","background-media":"","overlay-type":"","overlay-color":"","overlay-opacity":"","overlay-gradient":""},"tablet":{"background-color":"var(--ast-global-color-5)","background-image":"","background-repeat":"repeat","background-position":"center center","background-size":"auto","background-attachment":"scroll","background-type":"","background-media":"","overlay-type":"","overlay-color":"","overlay-opacity":"","overlay-gradient":""},"mobile":{"background-color":"var(--ast-global-color-5)","background-image":"","background-repeat":"repeat","background-position":"center center","background-size":"auto","background-attachment":"scroll","background-type":"","background-media":"","overlay-type":"","overlay-color":"","overlay-opacity":"","overlay-gradient":""}}},"product_brand":[],"product_cat":[191],"product_tag":[],"class_list":{"0":"post-25287","1":"product","2":"type-product","3":"status-publish","4":"has-post-thumbnail","6":"product_cat-water-repellent","7":"desktop-align-left","8":"tablet-align-left","9":"mobile-align-left","11":"first","12":"instock","13":"sale","14":"taxable","15":"shipping-taxable","16":"purchasable","17":"product-type-variable","18":"has-default-attributes"},"spectra_custom_meta":{"_visibility":["visible"],"_shopify_product_id":["9106574082293"],"_s2w_shopify_domain":["ferberpainting.myshopify.com"],"_shopify_variant_id":["46626284634357"],"_sku":[""],"_manage_stock":["no"],"total_sales":["33"],"_tax_status":["taxable"],"_tax_class":[""],"_backorders":["no"],"_sold_individually":["no"],"_virtual":["no"],"_downloadable":["no"],"_download_limit":["-1"],"_download_expiry":["-1"],"_stock":[null],"_stock_status":["instock"],"_wc_average_rating":["5.00"],"_wc_review_count":["10"],"_product_attributes":["a:1:{s:6:\"volume\";a:6:{s:4:\"name\";s:6:\"Volume\";s:5:\"value\";s:20:\"5 liters | 25 liters\";s:8:\"position\";i:1;s:10:\"is_visible\";i:0;s:12:\"is_variation\";i:1;s:11:\"is_taxonomy\";i:0;}}"],"_product_version":["10.5.1"],"wpse_downloadable_file_names":[""],"wpse_downloadable_file_urls":[""],"_edit_last":["1"],"_default_attributes":["a:1:{s:6:\"volume\";s:8:\"5 liters\";}"],"_edit_lock":["1771234208:1"],"_thumbnail_id":["30017"],"_wp_page_template":["default"],"_wp_old_date":["2025-05-26"],"_product_image_gallery":["30018"],"site-sidebar-layout":["default"],"ast-site-content-layout":["default"],"site-content-style":["default"],"site-sidebar-style":["default"],"theme-transparent-header-meta":["default"],"merchant-center-availability":["yes"],"merchant-center-category":["5604"],"_price":["29.90","129.90"],"_wc_rating_count":["a:1:{i:5;i:10;}"],"astra-migrate-meta-layouts":["set"],"_uag_css_file_name":["uag-css-25287.css"],"_elementor_page_assets":["a:0:{}"],"_uag_page_assets":["a:9:{s:3:\"css\";s:6873:\".wp-block-uagb-image{display:flex}.wp-block-uagb-image__figure{position:relative;display:flex;flex-direction:column;max-width:100%;height:auto;margin:0}.wp-block-uagb-image__figure img{height:auto;display:flex;max-width:100%;transition:box-shadow .2s ease}.wp-block-uagb-image__figure>a{display:inline-block}.wp-block-uagb-image__figure figcaption{text-align:center;margin-top:.5em;margin-bottom:1em}.wp-block-uagb-image .components-placeholder.block-editor-media-placeholder .components-placeholder__instructions{align-self:center}.wp-block-uagb-image--align-left{text-align:left}.wp-block-uagb-image--align-right{text-align:right}.wp-block-uagb-image--align-center{text-align:center}.wp-block-uagb-image--align-full .wp-block-uagb-image__figure{margin-left:calc(50% - 50vw);margin-right:calc(50% - 50vw);max-width:100vw;width:100vw;height:auto}.wp-block-uagb-image--align-full .wp-block-uagb-image__figure img{height:auto;width:100% !important}.wp-block-uagb-image--align-wide .wp-block-uagb-image__figure img{height:auto;width:100%}.wp-block-uagb-image--layout-overlay__color-wrapper{position:absolute;left:0;top:0;right:0;bottom:0;opacity:.2;background:rgba(0,0,0,.5);transition:opacity .35s ease-in-out}.wp-block-uagb-image--layout-overlay-link{position:absolute;left:0;right:0;bottom:0;top:0}.wp-block-uagb-image--layout-overlay .wp-block-uagb-image__figure:hover .wp-block-uagb-image--layout-overlay__color-wrapper{opacity:1}.wp-block-uagb-image--layout-overlay__inner{position:absolute;left:15px;right:15px;bottom:15px;top:15px;display:flex;align-items:center;justify-content:center;flex-direction:column;border-color:#fff;transition:.35s ease-in-out}.wp-block-uagb-image--layout-overlay__inner.top-left,.wp-block-uagb-image--layout-overlay__inner.top-center,.wp-block-uagb-image--layout-overlay__inner.top-right{justify-content:flex-start}.wp-block-uagb-image--layout-overlay__inner.bottom-left,.wp-block-uagb-image--layout-overlay__inner.bottom-center,.wp-block-uagb-image--layout-overlay__inner.bottom-right{justify-content:flex-end}.wp-block-uagb-image--layout-overlay__inner.top-left,.wp-block-uagb-image--layout-overlay__inner.center-left,.wp-block-uagb-image--layout-overlay__inner.bottom-left{align-items:flex-start}.wp-block-uagb-image--layout-overlay__inner.top-right,.wp-block-uagb-image--layout-overlay__inner.center-right,.wp-block-uagb-image--layout-overlay__inner.bottom-right{align-items:flex-end}.wp-block-uagb-image--layout-overlay__inner .uagb-image-heading{color:#fff;transition:transform .35s,opacity .35s ease-in-out;transform:translate3d(0, 24px, 0);margin:0;line-height:1em}.wp-block-uagb-image--layout-overlay__inner .uagb-image-separator{width:30%;border-top-width:2px;border-top-color:#fff;border-top-style:solid;margin-bottom:10px;opacity:0;transition:transform .4s,opacity .4s ease-in-out;transform:translate3d(0, 30px, 0)}.wp-block-uagb-image--layout-overlay__inner .uagb-image-caption{opacity:0;overflow:visible;color:#fff;transition:transform .45s,opacity .45s ease-in-out;transform:translate3d(0, 35px, 0)}.wp-block-uagb-image--layout-overlay__inner:hover .uagb-image-heading,.wp-block-uagb-image--layout-overlay__inner:hover .uagb-image-separator,.wp-block-uagb-image--layout-overlay__inner:hover .uagb-image-caption{opacity:1;transform:translate3d(0, 0, 0)}.wp-block-uagb-image--effect-zoomin .wp-block-uagb-image__figure img,.wp-block-uagb-image--effect-zoomin .wp-block-uagb-image__figure .wp-block-uagb-image--layout-overlay__color-wrapper{transform:scale(1);transition:transform .35s ease-in-out}.wp-block-uagb-image--effect-zoomin .wp-block-uagb-image__figure:hover img,.wp-block-uagb-image--effect-zoomin .wp-block-uagb-image__figure:hover .wp-block-uagb-image--layout-overlay__color-wrapper{transform:scale(1.05)}.wp-block-uagb-image--effect-slide .wp-block-uagb-image__figure img,.wp-block-uagb-image--effect-slide .wp-block-uagb-image__figure .wp-block-uagb-image--layout-overlay__color-wrapper{width:calc(100% + 40px) !important;max-width:none !important;transform:translate3d(-40px, 0, 0);transition:transform .35s ease-in-out}.wp-block-uagb-image--effect-slide .wp-block-uagb-image__figure:hover img,.wp-block-uagb-image--effect-slide .wp-block-uagb-image__figure:hover .wp-block-uagb-image--layout-overlay__color-wrapper{transform:translate3d(0, 0, 0)}.wp-block-uagb-image--effect-grayscale img{filter:grayscale(0%);transition:.35s ease-in-out}.wp-block-uagb-image--effect-grayscale:hover img{filter:grayscale(100%)}.wp-block-uagb-image--effect-blur img{filter:blur(0);transition:.35s ease-in-out}.wp-block-uagb-image--effect-blur:hover img{filter:blur(3px)}.uagb-block-e6f939b3.wp-block-uagb-image--layout-default figure img{box-shadow: 0px 0px 0 #00000070;}.uagb-block-e6f939b3.wp-block-uagb-image .wp-block-uagb-image__figure figcaption{font-style: normal;align-self: center;}.uagb-block-e6f939b3.wp-block-uagb-image--layout-overlay figure img{box-shadow: 0px 0px 0 #00000070;}.uagb-block-e6f939b3.wp-block-uagb-image--layout-overlay .wp-block-uagb-image--layout-overlay__color-wrapper{opacity: 0.2;}.uagb-block-e6f939b3.wp-block-uagb-image--layout-overlay .wp-block-uagb-image--layout-overlay__inner{left: 15px;right: 15px;top: 15px;bottom: 15px;}.uagb-block-e6f939b3.wp-block-uagb-image--layout-overlay .wp-block-uagb-image--layout-overlay__inner .uagb-image-heading{font-style: normal;color: #fff;opacity: 1;}.uagb-block-e6f939b3.wp-block-uagb-image--layout-overlay .wp-block-uagb-image--layout-overlay__inner .uagb-image-heading a{color: #fff;}.uagb-block-e6f939b3.wp-block-uagb-image--layout-overlay .wp-block-uagb-image--layout-overlay__inner .uagb-image-caption{opacity: 0;}.uagb-block-e6f939b3.wp-block-uagb-image--layout-overlay .wp-block-uagb-image__figure:hover .wp-block-uagb-image--layout-overlay__color-wrapper{opacity: 1;}.uagb-block-e6f939b3.wp-block-uagb-image .wp-block-uagb-image--layout-overlay__inner .uagb-image-separator{width: 30%;border-top-width: 2px;border-top-color: #fff;opacity: 0;}.uagb-block-e6f939b3.wp-block-uagb-image .wp-block-uagb-image__figure img{width: px;height: auto;}.uagb-block-e6f939b3.wp-block-uagb-image .wp-block-uagb-image__figure:hover .wp-block-uagb-image--layout-overlay__inner .uagb-image-caption{opacity: 1;}.uagb-block-e6f939b3.wp-block-uagb-image .wp-block-uagb-image__figure:hover .wp-block-uagb-image--layout-overlay__inner .uagb-image-separator{opacity: 1;}.uagb-block-e6f939b3.wp-block-uagb-image--layout-default figure:hover img{box-shadow: 0px 0px 0 #00000070;}.uagb-block-e6f939b3.wp-block-uagb-image--layout-overlay figure:hover img{box-shadow: 0px 0px 0 #00000070;}@media only screen and (max-width: 976px) {.uagb-block-e6f939b3.wp-block-uagb-image .wp-block-uagb-image__figure img{width: px;height: auto;}}@media only screen and (max-width: 767px) {.uagb-block-e6f939b3.wp-block-uagb-image .wp-block-uagb-image__figure img{width: px;height: auto;}}\";s:2:\"js\";s:0:\"\";s:18:\"current_block_list\";a:13:{i:0;s:11:\"core\/search\";i:1;s:10:\"core\/group\";i:2;s:12:\"core\/heading\";i:3;s:17:\"core\/latest-posts\";i:4;s:20:\"core\/latest-comments\";i:5;s:13:\"core\/archives\";i:6;s:15:\"core\/categories\";i:7;s:14:\"core\/paragraph\";i:8;s:10:\"uagb\/image\";i:9;s:11:\"core\/spacer\";i:10;s:30:\"woocommerce\/product-categories\";i:11;s:10:\"core\/image\";i:12;s:14:\"core\/shortcode\";}s:8:\"uag_flag\";b:1;s:11:\"uag_version\";s:10:\"1777264271\";s:6:\"gfonts\";a:0:{}s:10:\"gfonts_url\";s:0:\"\";s:12:\"gfonts_files\";a:0:{}s:14:\"uag_faq_layout\";b:0;}"]},"uagb_featured_image_src":{"full":["https:\/\/www.ferberpainting.com\/wp-content\/uploads\/2025\/05\/Shoe-Water-Repellent-5L.png",2560,2560,false],"thumbnail":["https:\/\/www.ferberpainting.com\/wp-content\/uploads\/2025\/05\/Shoe-Water-Repellent-5L-150x150.png",150,150,true],"medium":["https:\/\/www.ferberpainting.com\/wp-content\/uploads\/2025\/05\/Shoe-Water-Repellent-5L-300x300.png",300,300,true],"medium_large":["https:\/\/www.ferberpainting.com\/wp-content\/uploads\/2025\/05\/Shoe-Water-Repellent-5L-768x768.png",768,768,true],"large":["https:\/\/www.ferberpainting.com\/wp-content\/uploads\/2025\/05\/Shoe-Water-Repellent-5L-1024x1024.png",1024,1024,true],"1536x1536":["https:\/\/www.ferberpainting.com\/wp-content\/uploads\/2025\/05\/Shoe-Water-Repellent-5L-1536x1536.png",1536,1536,true],"2048x2048":["https:\/\/www.ferberpainting.com\/wp-content\/uploads\/2025\/05\/Shoe-Water-Repellent-5L-2048x2048.png",2048,2048,true],"trp-custom-language-flag":["https:\/\/www.ferberpainting.com\/wp-content\/uploads\/2025\/05\/Shoe-Water-Repellent-5L-12x12.png",12,12,true],"woocommerce_thumbnail":["https:\/\/www.ferberpainting.com\/wp-content\/uploads\/2025\/05\/Shoe-Water-Repellent-5L-300x300.png",300,300,true],"woocommerce_single":["https:\/\/www.ferberpainting.com\/wp-content\/uploads\/2025\/05\/Shoe-Water-Repellent-5L-600x600.png",600,600,true],"woocommerce_gallery_thumbnail":["https:\/\/www.ferberpainting.com\/wp-content\/uploads\/2025\/05\/Shoe-Water-Repellent-5L-100x100.png",100,100,true]},"uagb_author_info":{"display_name":"admin","author_link":"https:\/\/www.ferberpainting.com\/ee\/author\/"},"uagb_comment_info":10,"uagb_excerpt":"Effective Protection Against Moisture and Stains.\u00a0This shoe waterproofer is the ideal solution to protect your shoes from the elements, humidity, mud, and stains. Whether your shoes are made of leather, canvas, suede, or nubuck, this product forms an invisible barrier that prevents water from penetrating while allowing the material to breathe. It keeps your feet&hellip;","_links":{"self":[{"href":"https:\/\/www.ferberpainting.com\/ee\/wp-json\/wp\/v2\/product\/25287","targetHints":{"allow":["GET"]}}],"collection":[{"href":"https:\/\/www.ferberpainting.com\/ee\/wp-json\/wp\/v2\/product"}],"about":[{"href":"https:\/\/www.ferberpainting.com\/ee\/wp-json\/wp\/v2\/types\/product"}],"replies":[{"embeddable":true,"href":"https:\/\/www.ferberpainting.com\/ee\/wp-json\/wp\/v2\/comments?post=25287"}],"version-history":[{"count":4,"href":"https:\/\/www.ferberpainting.com\/ee\/wp-json\/wp\/v2\/product\/25287\/revisions"}],"predecessor-version":[{"id":167269,"href":"https:\/\/www.ferberpainting.com\/ee\/wp-json\/wp\/v2\/product\/25287\/revisions\/167269"}],"wp:featuredmedia":[{"embeddable":true,"href":"https:\/\/www.ferberpainting.com\/ee\/wp-json\/wp\/v2\/media\/30017"}],"wp:attachment":[{"href":"https:\/\/www.ferberpainting.com\/ee\/wp-json\/wp\/v2\/media?parent=25287"}],"wp:term":[{"taxonomy":"product_brand","embeddable":true,"href":"https:\/\/www.ferberpainting.com\/ee\/wp-json\/wp\/v2\/product_brand?post=25287"},{"taxonomy":"product_cat","embeddable":true,"href":"https:\/\/www.ferberpainting.com\/ee\/wp-json\/wp\/v2\/product_cat?post=25287"},{"taxonomy":"product_tag","embeddable":true,"href":"https:\/\/www.ferberpainting.com\/ee\/wp-json\/wp\/v2\/product_tag?post=25287"}],"curies":[{"name":"wp","href":"https:\/\/api.w.org\/{rel}","templated":true}]}}