{"id":25276,"date":"2025-06-30T22:03:05","date_gmt":"2025-06-30T20:03:05","guid":{"rendered":"https:\/\/www.ferberpainting.com\/?post_type=product&#038;p=25276"},"modified":"2026-02-16T09:09:43","modified_gmt":"2026-02-16T08:09:43","slug":"rust-remover","status":"publish","type":"product","link":"https:\/\/www.ferberpainting.com\/ee\/products\/rust-remover\/","title":{"rendered":"Rooste eemaldaja"},"content":{"rendered":"<p><strong><img decoding=\"async\" style=\"margin-right: 12px;\" src=\"https:\/\/www.ferberpainting.com\/wp-content\/uploads\/2026\/02\/Check.svg\" alt=\"\" width=\"18\" height=\"15\" \/>Optimaalne t\u00f5husus.<\/strong> See rooste eemaldaja on m\u00f5eldud kiireks ja t\u00f5husaks roosteplekkide, pinna oks\u00fcdeerumise ja rauakihi eemaldamiseks mitmesugustelt pindadelt. T\u00e4nu oma v\u00f5imsale koostisele tungib see s\u00fcgavale, et lahustada rooste, kahjustamata alusmaterjale. See mitte ainult ei taastata metallpindade esialgset v\u00e4limust, vaid aitab ka v\u00e4ltida rooste taastumist, eemaldades selle tekkimise eest vastutavad lisandid.<\/p>\n<p><strong><img decoding=\"async\" style=\"margin-right: 12px;\" src=\"https:\/\/www.ferberpainting.com\/wp-content\/uploads\/2026\/02\/Check.svg\" alt=\"\" width=\"18\" height=\"15\" \/>Raha tagasi garantii.<\/strong> Oleme t\u00e4iesti veendunud meie rooste eemaldaja t\u00f5hususes. Kui p\u00e4rast kasutamist ei ole te tulemustega t\u00e4ielikult rahul, on teil \u00f5igus saada raha tagasi. Proovige meie toodet riskivabalt ja nautige puhtaid, l\u00e4ikivaid metallpindu, mis on kaitstud oks\u00fcdeerumise eest.<\/p>\n<p><strong><img decoding=\"async\" style=\"margin-right: 12px;\" src=\"https:\/\/www.ferberpainting.com\/wp-content\/uploads\/2026\/02\/Check.svg\" alt=\"\" width=\"18\" height=\"15\" \/>Erakordne mitmek\u00fclgsus.<\/strong>\u00a0See puhastusvahend ei piirdu ainult metallpindadega! See on t\u00f5hus ka betoonile, tsemendile, m\u00f6rdile, plaatidele, looduskivile ja teatud plastidele, mis on happeliste toodete suhtes vastupidavad. Seda saab kasutada t\u00f6\u00f6riistade, mehaaniliste osade, v\u00e4ravate, aedade, v\u00e4lism\u00f6\u00f6bli, metalltreppide, k\u00e4sipuude, jalgrataste, mootorrataste, vanaautode kerede ja palju muu puhastamiseks. T\u00e4nu oma v\u00f5imsale toimele on see oluline toode roostetanud pindade hooldamiseks nii kodustes kui ka professionaalsetes tingimustes.<\/p>\n<p><strong><img decoding=\"async\" style=\"margin-right: 12px;\" src=\"https:\/\/www.ferberpainting.com\/wp-content\/uploads\/2026\/02\/Check.svg\" alt=\"\" width=\"18\" height=\"15\" \/>Kuluefektiivne j\u00f5udlus.<\/strong>\u00a0T\u00e4nu oma 5-liitrisele kanistrile ja optimaalsele kontsentratsioonile pakub see puhastusvahend suurep\u00e4rase hinna ja kvaliteedi suhte. V\u00e4ikesest kogusest piisab suure hulga rooste eemaldamiseks erinevatelt pindadelt vaevata. \u00dche liitri tootega saab keskmiselt t\u00f6\u00f6delda kuni 50 m\u00b2 kergelt roostetanud metallpinda, pakkudes \u00f6konoomset ja t\u00f5husat lahendust regulaarseks v\u00f5i intensiivseks kasutamiseks.<\/p>\n<p><strong><img decoding=\"async\" style=\"margin-right: 12px;\" src=\"https:\/\/www.ferberpainting.com\/wp-content\/uploads\/2026\/02\/Check.svg\" alt=\"\" width=\"18\" height=\"15\" \/>Ohutu kasutamine.<\/strong>\u00a0Erinevalt klassikalistest soolhapet v\u00f5i fosforhapet sisaldavatest roostet\u00f5rjevahenditest, mis v\u00f5ivad olla pindadele v\u00e4ga agressiivsed ja ohtlikud, on see puhastusvahend koostatud ilma m\u00fcrgiste \u00fchendite v\u00f5i v\u00e4ga s\u00f6\u00f6vitavate aineteta. See ei eralda kahjulikke aure, ei tekita p\u00f5letusi ja s\u00e4\u00e4stab \u00f5rnu materjale, j\u00e4\u00e4des samas t\u00f5husaks. See on kasutajale ohutu, kui seda kasutatakse vastavalt juhistele, ja on p\u00e4rast kasutamist loputades keskkonnas\u00f5bralik.<\/p>\n<p><strong><img decoding=\"async\" style=\"margin-right: 12px;\" src=\"https:\/\/www.ferberpainting.com\/wp-content\/uploads\/2026\/02\/Check.svg\" alt=\"\" width=\"18\" height=\"15\" \/>Kasutamise lihtsus.<\/strong>\u00a0See toode on kasutusvalmis ja ei vaja lahjendamist ega keerulist ettevalmistamist. Seda kantakse otse roostetanud pinnale, kasutades pintslit, lappi, k\u00e4sna v\u00f5i pihustuspudelit. Selle kiire toime eemaldab oks\u00fcdeerunud plekid minutitega, ilma et oleks vaja rasket harja v\u00f5i keerulist k\u00e4sitsemist. See ei vaja p\u00e4rast pealekandmist neutraliseerimist, mis lihtsustab selle kasutamist ja kiirendab puhastusprotsessi.<\/p>\n<p><strong><img decoding=\"async\" style=\"margin-right: 12px;\" src=\"https:\/\/www.ferberpainting.com\/wp-content\/uploads\/2026\/02\/Check.svg\" alt=\"\" width=\"18\" height=\"15\" \/>Laiendatud vastupidavus.<\/strong>\u00a0See puhastusvahend eemaldab t\u00f5husalt rooste ja puhastab oks\u00fcdatsiooni soodustavad j\u00e4\u00e4gid ning aitab pikendada niiskusega kokkupuutuvate metallpindade ja -materjalide kasutusiga. See v\u00e4hendab m\u00e4rkimisv\u00e4\u00e4rselt tulevase korrosiooni ohtu, eemaldades niiskust kinni pidavaid ja materjali kulumist kiirendavaid osakesi. Selle toote korrap\u00e4rane kasutamine s\u00e4ilitab pindade terviklikkuse ja v\u00e4ldib kulukat remonti v\u00f5i asendamist.<\/p>\n<p><strong><img decoding=\"async\" style=\"margin-right: 12px;\" src=\"https:\/\/www.ferberpainting.com\/wp-content\/uploads\/2026\/02\/Check.svg\" alt=\"\" width=\"18\" height=\"15\" \/>Kiire tegevus.<\/strong>\u00a0T\u00e4nu oma v\u00e4ga aktiivsele koostisele toimib see puhastusvahend kohe roosteplekkidele ja oks\u00fcdeerunud ladestustele. Vaid m\u00f5ne minutiga lahustab see korrosiooni ja h\u00f5lbustab eemaldamist ilma raske kraapimise vajaduseta. See v\u00f5imaldab kiiret ja t\u00f5husat puhastamist - ideaalne metallpindade, sepistatud rauakonstruktsioonide, ehitusdetailide ja t\u00f6\u00f6stusseadmete taastamiseks.<\/p>\n<h2><strong>Kasutamise protokoll<\/strong><\/h2>\n<ul>\n<li><strong>Ettevalmistus <\/strong>: Veenduge, et puhastatav pind oleks enne toote pealekandmist kuiv v\u00f5i kergelt niiske. Tolmutage pind kuiva lapiga v\u00f5i harjaga, et eemaldada lahtised mustused.<\/li>\n<li><strong>K\u00e4sitsi rakendamine <\/strong>: Valage v\u00e4ike kogus puhastusvahendit puhtale lapile, k\u00e4snale v\u00f5i pintslile ja kandke see \u00fchtlaselt roostetanud alale, h\u00f5\u00f5rudes seda \u00f5rnalt, et toode tungiks pinnale.<\/li>\n<li><strong>Suur pindade kasutamine <\/strong>: Suure roostetanud ala t\u00f6\u00f6tlemiseks kasutage pihustuspudelit, et toode \u00fchtlaselt laiali jagada. Laske paar minutit seista, et puhastusvahend saaks roostet s\u00fcgavuti lahustada.<\/li>\n<li><strong>P\u00fcsivate plekkide k\u00e4sitlemine <\/strong>: V\u00e4ga paksude roostekivide puhul laske tootel m\u00f5juda 5 kuni 15 minutit enne \u00f5rnat puhastamist nailonharja v\u00f5i mitteabrasiivse k\u00e4snaga. Vajaduse korral korrake pealekandmist, et eemaldada oks\u00fcdeerumine t\u00e4ielikult.<\/li>\n<li><strong>Loputamine ja p\u00fchkimine <\/strong>: Loputage pind p\u00f5hjalikult puhta veega, et eemaldada k\u00f5ik rooste- ja tootej\u00e4\u00e4gid. Kuivatage ala kohe puhta lapiga, et v\u00e4ltida j\u00e4\u00e4kniiskusest tingitud uuesti oks\u00fcdeerumist.<\/li>\n<li><strong>Puhastusj\u00e4rgne kaitse <\/strong>: Rooste tagasip\u00f6\u00f6rdumise v\u00e4ltimiseks on soovitatav p\u00e4rast puhastamist peale kanda kaitsekiht (korrosioonivastane lakk, kaitse\u00f5li v\u00f5i roostet\u00f5rjev\u00e4rv).<\/li>\n<li><strong>Kasutamise sagedus <\/strong>: Kasutage kohe p\u00e4rast roosteplekkide ilmumist, et v\u00e4ltida nende levikut v\u00f5i kahjustatud pindade n\u00f5rgenemist. Ennetavaks hoolduseks puhastage niiskusega kokkupuutuvad metallpinnad v\u00e4hemalt kord iga kolme kuu tagant.<\/li>\n<li><strong>Ladustamine <\/strong>: P\u00e4rast iga kasutamist sulgege kanister tihedalt ja hoidke seda jahedas ja kuivas kohas, eemal valgusest ja \u00e4\u00e4rmuslikest temperatuuridest, et s\u00e4ilitada toote t\u00f5husus pikema aja jooksul.<\/li>\n<\/ul>\n<p>Meie rooste eemaldajaga k\u00f5rvaldate korrosiooni kiiresti ja t\u00f5husalt, kaitstes samal ajal teie metallpindu kulumise ja v\u00e4liskahjustuste eest. Ideaalne lahendus veatuks ja vaevata hoolduseks.<\/p>","protected":false},"excerpt":{"rendered":"<p>Optimal Efficiency. This rust remover is designed to quickly and effectively remove rust stains, surface oxidation, and iron deposits from a wide variety of surfaces. Thanks to its powerful formula, it penetrates deeply to dissolve rust without damaging underlying materials. It not only restores the original appearance of metallic surfaces, but also helps prevent rust [&hellip;]<\/p>\n","protected":false},"featured_media":36000,"comment_status":"open","ping_status":"closed","template":"","meta":{"_uag_custom_page_level_css":"","site-sidebar-layout":"default","site-content-layout":"","ast-site-content-layout":"default","site-content-style":"default","site-sidebar-style":"default","ast-global-header-display":"","ast-banner-title-visibility":"","ast-main-header-display":"","ast-hfb-above-header-display":"","ast-hfb-below-header-display":"","ast-hfb-mobile-header-display":"","site-post-title":"","ast-breadcrumbs-content":"","ast-featured-img":"","footer-sml-layout":"","ast-disable-related-posts":"","theme-transparent-header-meta":"default","adv-header-id-meta":"","stick-header-meta":"","header-above-stick-meta":"","header-main-stick-meta":"","header-below-stick-meta":"","astra-migrate-meta-layouts":"set","ast-page-background-enabled":"default","ast-page-background-meta":{"desktop":{"background-color":"var(--ast-global-color-4)","background-image":"","background-repeat":"repeat","background-position":"center center","background-size":"auto","background-attachment":"scroll","background-type":"","background-media":"","overlay-type":"","overlay-color":"","overlay-opacity":"","overlay-gradient":""},"tablet":{"background-color":"","background-image":"","background-repeat":"repeat","background-position":"center center","background-size":"auto","background-attachment":"scroll","background-type":"","background-media":"","overlay-type":"","overlay-color":"","overlay-opacity":"","overlay-gradient":""},"mobile":{"background-color":"","background-image":"","background-repeat":"repeat","background-position":"center center","background-size":"auto","background-attachment":"scroll","background-type":"","background-media":"","overlay-type":"","overlay-color":"","overlay-opacity":"","overlay-gradient":""}},"ast-content-background-meta":{"desktop":{"background-color":"var(--ast-global-color-5)","background-image":"","background-repeat":"repeat","background-position":"center center","background-size":"auto","background-attachment":"scroll","background-type":"","background-media":"","overlay-type":"","overlay-color":"","overlay-opacity":"","overlay-gradient":""},"tablet":{"background-color":"var(--ast-global-color-5)","background-image":"","background-repeat":"repeat","background-position":"center center","background-size":"auto","background-attachment":"scroll","background-type":"","background-media":"","overlay-type":"","overlay-color":"","overlay-opacity":"","overlay-gradient":""},"mobile":{"background-color":"var(--ast-global-color-5)","background-image":"","background-repeat":"repeat","background-position":"center center","background-size":"auto","background-attachment":"scroll","background-type":"","background-media":"","overlay-type":"","overlay-color":"","overlay-opacity":"","overlay-gradient":""}}},"product_brand":[],"product_cat":[175],"product_tag":[],"class_list":{"0":"post-25276","1":"product","2":"type-product","3":"status-publish","4":"has-post-thumbnail","6":"product_cat-cleaning-products","7":"desktop-align-left","8":"tablet-align-left","9":"mobile-align-left","11":"first","12":"instock","13":"sale","14":"taxable","15":"shipping-taxable","16":"purchasable","17":"product-type-variable","18":"has-default-attributes"},"spectra_custom_meta":{"_visibility":["visible"],"_shopify_product_id":["9106237849845"],"_s2w_shopify_domain":["ferberpainting.myshopify.com"],"_shopify_variant_id":["46625776632053"],"_sku":[""],"_manage_stock":["no"],"total_sales":["154"],"_tax_status":["taxable"],"_tax_class":[""],"_backorders":["no"],"_sold_individually":["no"],"_virtual":["no"],"_downloadable":["no"],"_download_limit":["-1"],"_download_expiry":["-1"],"_stock":[null],"_stock_status":["instock"],"_wc_average_rating":["5.00"],"_wc_review_count":["11"],"_product_attributes":["a:1:{s:6:\"volume\";a:6:{s:4:\"name\";s:6:\"Volume\";s:5:\"value\";s:20:\"5 liters | 25 liters\";s:8:\"position\";i:1;s:10:\"is_visible\";i:0;s:12:\"is_variation\";i:1;s:11:\"is_taxonomy\";i:0;}}"],"_product_version":["10.5.1"],"wpse_downloadable_file_names":[""],"wpse_downloadable_file_urls":[""],"_edit_last":["1"],"_default_attributes":["a:1:{s:6:\"volume\";s:8:\"5 liters\";}"],"_edit_lock":["1771232232:1"],"merchant-center-availability":["yes"],"merchant-center-category":["503741"],"_price":["29.90","129.90"],"_thumbnail_id":["36000"],"_wp_page_template":["default"],"_wp_old_date":["2025-05-26"],"_product_image_gallery":["36001"],"site-sidebar-layout":["default"],"ast-site-content-layout":["default"],"site-content-style":["default"],"site-sidebar-style":["default"],"theme-transparent-header-meta":["default"],"_wc_rating_count":["a:1:{i:5;i:11;}"],"astra-migrate-meta-layouts":["set"],"_uag_css_file_name":["uag-css-25276.css"],"_elementor_page_assets":["a:0:{}"],"_uag_page_assets":["a:9:{s:3:\"css\";s:7133:\".uag-blocks-common-selector{z-index:var(--z-index-desktop) !important}@media(max-width: 976px){.uag-blocks-common-selector{z-index:var(--z-index-tablet) !important}}@media(max-width: 767px){.uag-blocks-common-selector{z-index:var(--z-index-mobile) !important}}.wp-block-uagb-image{display:flex}.wp-block-uagb-image__figure{position:relative;display:flex;flex-direction:column;max-width:100%;height:auto;margin:0}.wp-block-uagb-image__figure img{height:auto;display:flex;max-width:100%;transition:box-shadow .2s ease}.wp-block-uagb-image__figure>a{display:inline-block}.wp-block-uagb-image__figure figcaption{text-align:center;margin-top:.5em;margin-bottom:1em}.wp-block-uagb-image .components-placeholder.block-editor-media-placeholder .components-placeholder__instructions{align-self:center}.wp-block-uagb-image--align-left{text-align:left}.wp-block-uagb-image--align-right{text-align:right}.wp-block-uagb-image--align-center{text-align:center}.wp-block-uagb-image--align-full .wp-block-uagb-image__figure{margin-left:calc(50% - 50vw);margin-right:calc(50% - 50vw);max-width:100vw;width:100vw;height:auto}.wp-block-uagb-image--align-full .wp-block-uagb-image__figure img{height:auto;width:100% !important}.wp-block-uagb-image--align-wide .wp-block-uagb-image__figure img{height:auto;width:100%}.wp-block-uagb-image--layout-overlay__color-wrapper{position:absolute;left:0;top:0;right:0;bottom:0;opacity:.2;background:rgba(0,0,0,.5);transition:opacity .35s ease-in-out}.wp-block-uagb-image--layout-overlay-link{position:absolute;left:0;right:0;bottom:0;top:0}.wp-block-uagb-image--layout-overlay .wp-block-uagb-image__figure:hover .wp-block-uagb-image--layout-overlay__color-wrapper{opacity:1}.wp-block-uagb-image--layout-overlay__inner{position:absolute;left:15px;right:15px;bottom:15px;top:15px;display:flex;align-items:center;justify-content:center;flex-direction:column;border-color:#fff;transition:.35s ease-in-out}.wp-block-uagb-image--layout-overlay__inner.top-left,.wp-block-uagb-image--layout-overlay__inner.top-center,.wp-block-uagb-image--layout-overlay__inner.top-right{justify-content:flex-start}.wp-block-uagb-image--layout-overlay__inner.bottom-left,.wp-block-uagb-image--layout-overlay__inner.bottom-center,.wp-block-uagb-image--layout-overlay__inner.bottom-right{justify-content:flex-end}.wp-block-uagb-image--layout-overlay__inner.top-left,.wp-block-uagb-image--layout-overlay__inner.center-left,.wp-block-uagb-image--layout-overlay__inner.bottom-left{align-items:flex-start}.wp-block-uagb-image--layout-overlay__inner.top-right,.wp-block-uagb-image--layout-overlay__inner.center-right,.wp-block-uagb-image--layout-overlay__inner.bottom-right{align-items:flex-end}.wp-block-uagb-image--layout-overlay__inner .uagb-image-heading{color:#fff;transition:transform .35s,opacity .35s ease-in-out;transform:translate3d(0, 24px, 0);margin:0;line-height:1em}.wp-block-uagb-image--layout-overlay__inner .uagb-image-separator{width:30%;border-top-width:2px;border-top-color:#fff;border-top-style:solid;margin-bottom:10px;opacity:0;transition:transform .4s,opacity .4s ease-in-out;transform:translate3d(0, 30px, 0)}.wp-block-uagb-image--layout-overlay__inner .uagb-image-caption{opacity:0;overflow:visible;color:#fff;transition:transform .45s,opacity .45s ease-in-out;transform:translate3d(0, 35px, 0)}.wp-block-uagb-image--layout-overlay__inner:hover .uagb-image-heading,.wp-block-uagb-image--layout-overlay__inner:hover .uagb-image-separator,.wp-block-uagb-image--layout-overlay__inner:hover .uagb-image-caption{opacity:1;transform:translate3d(0, 0, 0)}.wp-block-uagb-image--effect-zoomin .wp-block-uagb-image__figure img,.wp-block-uagb-image--effect-zoomin .wp-block-uagb-image__figure .wp-block-uagb-image--layout-overlay__color-wrapper{transform:scale(1);transition:transform .35s ease-in-out}.wp-block-uagb-image--effect-zoomin .wp-block-uagb-image__figure:hover img,.wp-block-uagb-image--effect-zoomin .wp-block-uagb-image__figure:hover .wp-block-uagb-image--layout-overlay__color-wrapper{transform:scale(1.05)}.wp-block-uagb-image--effect-slide .wp-block-uagb-image__figure img,.wp-block-uagb-image--effect-slide .wp-block-uagb-image__figure .wp-block-uagb-image--layout-overlay__color-wrapper{width:calc(100% + 40px) !important;max-width:none !important;transform:translate3d(-40px, 0, 0);transition:transform .35s ease-in-out}.wp-block-uagb-image--effect-slide .wp-block-uagb-image__figure:hover img,.wp-block-uagb-image--effect-slide .wp-block-uagb-image__figure:hover .wp-block-uagb-image--layout-overlay__color-wrapper{transform:translate3d(0, 0, 0)}.wp-block-uagb-image--effect-grayscale img{filter:grayscale(0%);transition:.35s ease-in-out}.wp-block-uagb-image--effect-grayscale:hover img{filter:grayscale(100%)}.wp-block-uagb-image--effect-blur img{filter:blur(0);transition:.35s ease-in-out}.wp-block-uagb-image--effect-blur:hover img{filter:blur(3px)}.uagb-block-e6f939b3.wp-block-uagb-image--layout-default figure img{box-shadow: 0px 0px 0 #00000070;}.uagb-block-e6f939b3.wp-block-uagb-image .wp-block-uagb-image__figure figcaption{font-style: normal;align-self: center;}.uagb-block-e6f939b3.wp-block-uagb-image--layout-overlay figure img{box-shadow: 0px 0px 0 #00000070;}.uagb-block-e6f939b3.wp-block-uagb-image--layout-overlay .wp-block-uagb-image--layout-overlay__color-wrapper{opacity: 0.2;}.uagb-block-e6f939b3.wp-block-uagb-image--layout-overlay .wp-block-uagb-image--layout-overlay__inner{left: 15px;right: 15px;top: 15px;bottom: 15px;}.uagb-block-e6f939b3.wp-block-uagb-image--layout-overlay .wp-block-uagb-image--layout-overlay__inner .uagb-image-heading{font-style: normal;color: #fff;opacity: 1;}.uagb-block-e6f939b3.wp-block-uagb-image--layout-overlay .wp-block-uagb-image--layout-overlay__inner .uagb-image-heading a{color: #fff;}.uagb-block-e6f939b3.wp-block-uagb-image--layout-overlay .wp-block-uagb-image--layout-overlay__inner .uagb-image-caption{opacity: 0;}.uagb-block-e6f939b3.wp-block-uagb-image--layout-overlay .wp-block-uagb-image__figure:hover .wp-block-uagb-image--layout-overlay__color-wrapper{opacity: 1;}.uagb-block-e6f939b3.wp-block-uagb-image .wp-block-uagb-image--layout-overlay__inner .uagb-image-separator{width: 30%;border-top-width: 2px;border-top-color: #fff;opacity: 0;}.uagb-block-e6f939b3.wp-block-uagb-image .wp-block-uagb-image__figure img{width: px;height: auto;}.uagb-block-e6f939b3.wp-block-uagb-image .wp-block-uagb-image__figure:hover .wp-block-uagb-image--layout-overlay__inner .uagb-image-caption{opacity: 1;}.uagb-block-e6f939b3.wp-block-uagb-image .wp-block-uagb-image__figure:hover .wp-block-uagb-image--layout-overlay__inner .uagb-image-separator{opacity: 1;}.uagb-block-e6f939b3.wp-block-uagb-image--layout-default figure:hover img{box-shadow: 0px 0px 0 #00000070;}.uagb-block-e6f939b3.wp-block-uagb-image--layout-overlay figure:hover img{box-shadow: 0px 0px 0 #00000070;}@media only screen and (max-width: 976px) {.uagb-block-e6f939b3.wp-block-uagb-image .wp-block-uagb-image__figure img{width: px;height: auto;}}@media only screen and (max-width: 767px) {.uagb-block-e6f939b3.wp-block-uagb-image .wp-block-uagb-image__figure img{width: px;height: auto;}}\";s:2:\"js\";s:0:\"\";s:18:\"current_block_list\";a:13:{i:0;s:11:\"core\/search\";i:1;s:10:\"core\/group\";i:2;s:12:\"core\/heading\";i:3;s:17:\"core\/latest-posts\";i:4;s:20:\"core\/latest-comments\";i:5;s:13:\"core\/archives\";i:6;s:15:\"core\/categories\";i:7;s:14:\"core\/paragraph\";i:8;s:10:\"uagb\/image\";i:9;s:11:\"core\/spacer\";i:10;s:30:\"woocommerce\/product-categories\";i:11;s:10:\"core\/image\";i:12;s:14:\"core\/shortcode\";}s:8:\"uag_flag\";b:1;s:11:\"uag_version\";s:10:\"1777195984\";s:6:\"gfonts\";a:0:{}s:10:\"gfonts_url\";s:0:\"\";s:12:\"gfonts_files\";a:0:{}s:14:\"uag_faq_layout\";b:0;}"]},"uagb_featured_image_src":{"full":["https:\/\/www.ferberpainting.com\/wp-content\/uploads\/2025\/05\/Rust-Remover-5L-.png",2560,2560,false],"thumbnail":["https:\/\/www.ferberpainting.com\/wp-content\/uploads\/2025\/05\/Rust-Remover-5L--150x150.png",150,150,true],"medium":["https:\/\/www.ferberpainting.com\/wp-content\/uploads\/2025\/05\/Rust-Remover-5L--300x300.png",300,300,true],"medium_large":["https:\/\/www.ferberpainting.com\/wp-content\/uploads\/2025\/05\/Rust-Remover-5L--768x768.png",768,768,true],"large":["https:\/\/www.ferberpainting.com\/wp-content\/uploads\/2025\/05\/Rust-Remover-5L--1024x1024.png",1024,1024,true],"1536x1536":["https:\/\/www.ferberpainting.com\/wp-content\/uploads\/2025\/05\/Rust-Remover-5L--1536x1536.png",1536,1536,true],"2048x2048":["https:\/\/www.ferberpainting.com\/wp-content\/uploads\/2025\/05\/Rust-Remover-5L--2048x2048.png",2048,2048,true],"trp-custom-language-flag":["https:\/\/www.ferberpainting.com\/wp-content\/uploads\/2025\/05\/Rust-Remover-5L--12x12.png",12,12,true],"woocommerce_thumbnail":["https:\/\/www.ferberpainting.com\/wp-content\/uploads\/2025\/05\/Rust-Remover-5L--300x300.png",300,300,true],"woocommerce_single":["https:\/\/www.ferberpainting.com\/wp-content\/uploads\/2025\/05\/Rust-Remover-5L--600x600.png",600,600,true],"woocommerce_gallery_thumbnail":["https:\/\/www.ferberpainting.com\/wp-content\/uploads\/2025\/05\/Rust-Remover-5L--100x100.png",100,100,true]},"uagb_author_info":{"display_name":"admin","author_link":"https:\/\/www.ferberpainting.com\/ee\/author\/"},"uagb_comment_info":11,"uagb_excerpt":"Optimal Efficiency. This rust remover is designed to quickly and effectively remove rust stains, surface oxidation, and iron deposits from a wide variety of surfaces. Thanks to its powerful formula, it penetrates deeply to dissolve rust without damaging underlying materials. It not only restores the original appearance of metallic surfaces, but also helps prevent rust&hellip;","_links":{"self":[{"href":"https:\/\/www.ferberpainting.com\/ee\/wp-json\/wp\/v2\/product\/25276","targetHints":{"allow":["GET"]}}],"collection":[{"href":"https:\/\/www.ferberpainting.com\/ee\/wp-json\/wp\/v2\/product"}],"about":[{"href":"https:\/\/www.ferberpainting.com\/ee\/wp-json\/wp\/v2\/types\/product"}],"replies":[{"embeddable":true,"href":"https:\/\/www.ferberpainting.com\/ee\/wp-json\/wp\/v2\/comments?post=25276"}],"version-history":[{"count":5,"href":"https:\/\/www.ferberpainting.com\/ee\/wp-json\/wp\/v2\/product\/25276\/revisions"}],"predecessor-version":[{"id":167184,"href":"https:\/\/www.ferberpainting.com\/ee\/wp-json\/wp\/v2\/product\/25276\/revisions\/167184"}],"wp:featuredmedia":[{"embeddable":true,"href":"https:\/\/www.ferberpainting.com\/ee\/wp-json\/wp\/v2\/media\/36000"}],"wp:attachment":[{"href":"https:\/\/www.ferberpainting.com\/ee\/wp-json\/wp\/v2\/media?parent=25276"}],"wp:term":[{"taxonomy":"product_brand","embeddable":true,"href":"https:\/\/www.ferberpainting.com\/ee\/wp-json\/wp\/v2\/product_brand?post=25276"},{"taxonomy":"product_cat","embeddable":true,"href":"https:\/\/www.ferberpainting.com\/ee\/wp-json\/wp\/v2\/product_cat?post=25276"},{"taxonomy":"product_tag","embeddable":true,"href":"https:\/\/www.ferberpainting.com\/ee\/wp-json\/wp\/v2\/product_tag?post=25276"}],"curies":[{"name":"wp","href":"https:\/\/api.w.org\/{rel}","templated":true}]}}