{"id":25023,"date":"2025-06-30T22:15:48","date_gmt":"2025-06-30T20:15:48","guid":{"rendered":"https:\/\/www.ferberpainting.com\/?post_type=product&#038;p=25023"},"modified":"2026-02-16T07:58:09","modified_gmt":"2026-02-16T06:58:09","slug":"render-water-repellent","status":"publish","type":"product","link":"https:\/\/www.ferberpainting.com\/ee\/products\/render-water-repellent\/","title":{"rendered":"Veeh\u00fclgav vahend krohvi jaoks"},"content":{"rendered":"<p><strong><img decoding=\"async\" style=\"margin-right: 12px;\" src=\"https:\/\/www.ferberpainting.com\/wp-content\/uploads\/2026\/02\/Check.svg\" alt=\"\" width=\"18\" height=\"15\" \/>Maksimaalne kaitse niiskuse eest.<\/strong>\u00a0Pahtli h\u00fcdroproofer on spetsiaalselt loodud kaitsma krohvitud pindu niiskuse, vee sissetungi ja ilmastiku eest. See moodustab n\u00e4htamatu ja vastupidava t\u00f5kke, mis takistab vee sissetungimist, v\u00f5imaldades samal ajal pinnale hingata. See toode sobib ideaalselt v\u00e4lisfassaadidele, eriti ilmastikule avatud krohvitud seinte v\u00e4limuse ja struktuuri s\u00e4ilitamiseks.<\/p>\n<p><strong><img decoding=\"async\" style=\"margin-right: 12px;\" src=\"https:\/\/www.ferberpainting.com\/wp-content\/uploads\/2026\/02\/Check.svg\" alt=\"\" width=\"18\" height=\"15\" \/>Raha tagasi garantii.<\/strong>\u00a0Oleme t\u00e4ielikult p\u00fchendunud meie krohvi veeprofiilide kvaliteedile. Kui te ei ole tulemustega rahul, siis on teil \u00f5igus t\u00e4ielikule tagasimaksmisele. See v\u00f5imaldab teil proovida toodet riskivabalt, olles kindel, et kui tulemus ei vasta teie ootustele, saate oma raha ilma probleemideta tagasi.<\/p>\n<p><strong><img decoding=\"async\" style=\"margin-right: 12px;\" src=\"https:\/\/www.ferberpainting.com\/wp-content\/uploads\/2026\/02\/Check.svg\" alt=\"\" width=\"18\" height=\"15\" \/>Mitme pinna \u00fchilduvus.<\/strong>\u00a0See toode on mitmek\u00fclgne ja sobib paljude erinevate krohvitud materjalide jaoks. Olenemata sellest, kas tegemist on tsemendist, m\u00f6rdist v\u00f5i muud t\u00fc\u00fcpi krohviga seinaga, imbub h\u00fcdroproovimoodustaja ja kaitseb t\u00f5husalt k\u00f5iki neid pindu. Seet\u00f5ttu sobib see ideaalselt paljudeks v\u00e4list\u00f6\u00f6deks, n\u00e4iteks fassaadidele, piirde- ja aiam\u00fc\u00fcridele v\u00f5i isegi niisketele siseseinadele, mis vajavad t\u00e4iendavat kaitset.<\/p>\n<p><strong><img decoding=\"async\" style=\"margin-right: 12px;\" src=\"https:\/\/www.ferberpainting.com\/wp-content\/uploads\/2026\/02\/Check.svg\" alt=\"\" width=\"18\" height=\"15\" \/>\u00d6konoomne j\u00f5udlus.<\/strong>\u00a0T\u00e4nu oma suurele katvusele on krohvi h\u00fcdroproofer \u00f6konoomne toode. S\u00f5ltuvalt materjali poorsusest katab 1 liiter 6-8 m\u00b2. 5-liitrist mahutist piisab 30-40 m\u00b2 suuruse pinna t\u00f6\u00f6tlemiseks, mis t\u00e4hendab, et vaja on vaid m\u00f5istlikku kogust, mis pakub t\u00f5husat ja \u00f6konoomset lahendust.<\/p>\n<p><strong><img decoding=\"async\" style=\"margin-right: 12px;\" src=\"https:\/\/www.ferberpainting.com\/wp-content\/uploads\/2026\/02\/Check.svg\" alt=\"\" width=\"18\" height=\"15\" \/>Ohutu.<\/strong>\u00a0Krohvi h\u00fcdroisolatsioonivahend on valmistatud komponentidest, mis on ohutud nii tervisele kui ka keskkonnale. See ei sisalda agressiivseid ega m\u00fcrgiseid kemikaale, mist\u00f5ttu on see kasutajatele t\u00e4iesti ohutu, kui seda kasutatakse vastavalt juhistele. Seda saab kasutada nii sise- kui ka v\u00e4lispindadel, ilma et oleks oht, et puutute kokku kahjulike ainetega.<\/p>\n<p><strong><img decoding=\"async\" style=\"margin-right: 12px;\" src=\"https:\/\/www.ferberpainting.com\/wp-content\/uploads\/2026\/02\/Check.svg\" alt=\"\" width=\"18\" height=\"15\" \/>Lihtne kasutada.<\/strong>\u00a0Toode on kasutusvalmis ja ei vaja eelnevat ettevalmistamist ega lahjendamist. Lihtsalt kandke see otse puhtale ja kuivale pinnale. Veeplekkimiseks v\u00f5ite kasutada pihustit, pintslit v\u00f5i rulli, olenevalt teie eelistustest. Selline lihtne pealekandmine tagab kiire kasutuse isegi kasutajatele, kellel puudub eelnev kogemus kaitsevahendi pealekandmisel.<\/p>\n<p><strong><img decoding=\"async\" style=\"margin-right: 12px;\" src=\"https:\/\/www.ferberpainting.com\/wp-content\/uploads\/2026\/02\/Check.svg\" alt=\"\" width=\"18\" height=\"15\" \/>Vastupidav.<\/strong>\u00a0Krohvi h\u00fcdroproofer on eriti kauakestev. P\u00e4rast pealekandmist moodustab see vastupidava ja vastupidava barj\u00e4\u00e4ri, mis kaitseb t\u00f5husalt niiskuse, hallituse ja veepritsmete eest. T\u00e4nu oma vastupidavusele pakub see pikaajalist kaitset, mis t\u00e4hendab, et te ei pea seda sageli uuesti kasutama. S\u00f5ltuvalt kliimatingimustest ja looduslikust kulumisest v\u00f5ib \u00fcks pealekandmine kesta mitu aastat.<\/p>\n<p><strong><img decoding=\"async\" style=\"margin-right: 12px;\" src=\"https:\/\/www.ferberpainting.com\/wp-content\/uploads\/2026\/02\/Check.svg\" alt=\"\" width=\"18\" height=\"15\" \/>Kiiresti kuivav.<\/strong>\u00a0See toode ei ole mitte ainult t\u00f5hus, vaid ka kiiresti kuivav. Kui h\u00fcdroproofer on krohvile kantud, kuivab see 1-2 tunni jooksul. Kuigi see kuivab katsudes kiiresti, soovitame anda 24 tundi kuivamisaega, et tagada optimaalne kaitse niiskuse ja vee sissetungi vastu.<\/p>\n<h2><strong>Kasutamise protokoll<\/strong><\/h2>\n<ul>\n<li><strong>Pinna ettevalmistamine <\/strong>: Enne h\u00fcdroprooferi pealekandmist veenduge, et pahteldatud pind on puhas ja kuiv. Kui pind on m\u00e4\u00e4rdunud, tuleb see kindlasti puhastada, kasutades selleks j\u00e4ika harja, k\u00f5rgsurvepuhastit v\u00f5i mahedat puhastusvahendit, et eemaldada kogu mustus, sammal, hallitus v\u00f5i plekid. P\u00e4rast puhastamist laske pinnal t\u00e4ielikult kuivada, enne kui kannate pinnale veeprofiili.<\/li>\n<li><strong>Toote taotlus <\/strong>: Pahtli h\u00fcdroproovimoodustaja on kasutusvalmis ja ei vaja lahjendamist. Kandke toodet pihusti, pintsli v\u00f5i rulliga, s\u00f5ltuvalt pinna suurusest ja teie eelistustest. Veenduge, et kannate seda \u00fchtlaselt kogu pinnale, p\u00f6\u00f6rates erilist t\u00e4helepanu eriti tundlikele kohtadele, nagu n\u00e4iteks vuugid ja servad. Kui pind on v\u00e4ga poorne, v\u00f5ib maksimaalse kaitse saavutamiseks olla vaja teist kihti.<\/li>\n<li><strong>Kasutatav summa <\/strong>: S\u00f5ltuvalt pinna poorsusest katab 1 liiter h\u00fcdroprooferi umbes 6-8 m\u00b2. Seega piisab 5-liitrine mahuti 30-40 m\u00b2 t\u00f6\u00f6tlemiseks. Soovitav on kohandada kasutatavat kogust vastavalt pinna poorsusele, et tagada t\u00e4ielik ja \u00fchtlane katvus.<\/li>\n<li><strong>Kuivamisaeg <\/strong>: P\u00e4rast pealekandmist kuivab toode 1 kuni 2 tunni jooksul. Optimaalse kaitse tagamiseks on siiski soovitatav oodata 24 tundi, enne kui pind puutub kokku veega v\u00f5i puutub kokku niiskete tingimustega. See v\u00f5imaldab tootel t\u00e4ielikult tungida ja moodustada pikaajalise veekindla barj\u00e4\u00e4ri.<\/li>\n<li><strong>Uuesti taotlemine <\/strong>: S\u00f5ltuvalt ilmastikutingimustest ja looduslikust kulumisest v\u00f5ib olla vajalik, et krohvi h\u00fcdroprofiili tuleb iga 2 kuni 5 aasta tagant uuesti peale kanda. Selleks puhastage pind uuesti ja kandke uus kiht h\u00fcdroproovainet. See aitab pikaajaliselt s\u00e4ilitada t\u00f5husat niiskuskaitset.<\/li>\n<li><strong>Pinna hooldus <\/strong>: Pahtli h\u00fcdroproofer muudab t\u00f6\u00f6deldud pindade hooldamise lihtsamaks. P\u00e4rast pealekandmist muutub pind plekkide ja mustuse suhtes vastupidavamaks. Pinna puhastamiseks peske lihtsalt vee ja pehme k\u00e4sna v\u00f5i lapiga. V\u00e4ltige abrasiivseid puhastusvahendeid, mis v\u00f5ivad v\u00e4hendada h\u00fcdroisolatsiooni t\u00f5husust.<\/li>\n<\/ul>","protected":false},"excerpt":{"rendered":"<p>Maximum protection against moisture.\u00a0The render waterproofer is specially designed to protect rendered surfaces against moisture, water penetration, and weather. It forms an invisible and durable barrier that prevents water from seeping in while allowing the surface to breathe. This product is ideal for exterior facades, especially for maintaining the appearance and structure of rendered walls [&hellip;]<\/p>\n","protected":false},"featured_media":36011,"comment_status":"open","ping_status":"closed","template":"","meta":{"_uag_custom_page_level_css":"","site-sidebar-layout":"default","site-content-layout":"","ast-site-content-layout":"default","site-content-style":"default","site-sidebar-style":"default","ast-global-header-display":"","ast-banner-title-visibility":"","ast-main-header-display":"","ast-hfb-above-header-display":"","ast-hfb-below-header-display":"","ast-hfb-mobile-header-display":"","site-post-title":"","ast-breadcrumbs-content":"","ast-featured-img":"","footer-sml-layout":"","ast-disable-related-posts":"","theme-transparent-header-meta":"default","adv-header-id-meta":"","stick-header-meta":"","header-above-stick-meta":"","header-main-stick-meta":"","header-below-stick-meta":"","astra-migrate-meta-layouts":"set","ast-page-background-enabled":"default","ast-page-background-meta":{"desktop":{"background-color":"var(--ast-global-color-4)","background-image":"","background-repeat":"repeat","background-position":"center center","background-size":"auto","background-attachment":"scroll","background-type":"","background-media":"","overlay-type":"","overlay-color":"","overlay-opacity":"","overlay-gradient":""},"tablet":{"background-color":"","background-image":"","background-repeat":"repeat","background-position":"center center","background-size":"auto","background-attachment":"scroll","background-type":"","background-media":"","overlay-type":"","overlay-color":"","overlay-opacity":"","overlay-gradient":""},"mobile":{"background-color":"","background-image":"","background-repeat":"repeat","background-position":"center center","background-size":"auto","background-attachment":"scroll","background-type":"","background-media":"","overlay-type":"","overlay-color":"","overlay-opacity":"","overlay-gradient":""}},"ast-content-background-meta":{"desktop":{"background-color":"var(--ast-global-color-5)","background-image":"","background-repeat":"repeat","background-position":"center center","background-size":"auto","background-attachment":"scroll","background-type":"","background-media":"","overlay-type":"","overlay-color":"","overlay-opacity":"","overlay-gradient":""},"tablet":{"background-color":"var(--ast-global-color-5)","background-image":"","background-repeat":"repeat","background-position":"center center","background-size":"auto","background-attachment":"scroll","background-type":"","background-media":"","overlay-type":"","overlay-color":"","overlay-opacity":"","overlay-gradient":""},"mobile":{"background-color":"var(--ast-global-color-5)","background-image":"","background-repeat":"repeat","background-position":"center center","background-size":"auto","background-attachment":"scroll","background-type":"","background-media":"","overlay-type":"","overlay-color":"","overlay-opacity":"","overlay-gradient":""}}},"product_brand":[],"product_cat":[191],"product_tag":[],"class_list":{"0":"post-25023","1":"product","2":"type-product","3":"status-publish","4":"has-post-thumbnail","6":"product_cat-water-repellent","7":"desktop-align-left","8":"tablet-align-left","9":"mobile-align-left","11":"first","12":"instock","13":"sale","14":"shipping-taxable","15":"purchasable","16":"product-type-variable","17":"has-default-attributes"},"spectra_custom_meta":{"_visibility":["visible"],"_shopify_product_id":["9106656788725"],"_s2w_shopify_domain":["ferberpainting.myshopify.com"],"_shopify_variant_id":["46626408562933"],"_sku":[""],"_manage_stock":["no"],"total_sales":["1"],"_tax_status":["taxable"],"_tax_class":[""],"_backorders":["no"],"_sold_individually":["no"],"_virtual":["no"],"_downloadable":["no"],"_download_limit":["-1"],"_download_expiry":["-1"],"_stock":[null],"_stock_status":["instock"],"_wc_average_rating":["5.00"],"_wc_review_count":["31"],"_product_attributes":["a:1:{s:6:\"volume\";a:6:{s:4:\"name\";s:6:\"Volume\";s:5:\"value\";s:20:\"5 liters | 25 liters\";s:8:\"position\";i:1;s:10:\"is_visible\";i:0;s:12:\"is_variation\";i:1;s:11:\"is_taxonomy\";i:0;}}"],"_product_version":["10.5.1"],"wpse_downloadable_file_names":[""],"wpse_downloadable_file_urls":[""],"_edit_last":["1"],"_default_attributes":["a:1:{s:6:\"volume\";s:8:\"5 liters\";}"],"_edit_lock":["1771224956:1"],"_price":["29.90","129.90"],"merchant-center-availability":["yes"],"merchant-center-category":["503744"],"_thumbnail_id":["36011"],"_wp_page_template":["default"],"_wp_old_date":["2025-05-26"],"_product_image_gallery":["36012"],"site-sidebar-layout":["default"],"ast-site-content-layout":["default"],"site-content-style":["default"],"site-sidebar-style":["default"],"theme-transparent-header-meta":["default"],"_wc_rating_count":["a:1:{i:5;i:31;}"],"astra-migrate-meta-layouts":["set"],"_uag_css_file_name":["uag-css-25023.css"],"_elementor_page_assets":["a:0:{}"],"_uag_page_assets":["a:9:{s:3:\"css\";s:6873:\".wp-block-uagb-image{display:flex}.wp-block-uagb-image__figure{position:relative;display:flex;flex-direction:column;max-width:100%;height:auto;margin:0}.wp-block-uagb-image__figure img{height:auto;display:flex;max-width:100%;transition:box-shadow .2s ease}.wp-block-uagb-image__figure>a{display:inline-block}.wp-block-uagb-image__figure figcaption{text-align:center;margin-top:.5em;margin-bottom:1em}.wp-block-uagb-image .components-placeholder.block-editor-media-placeholder .components-placeholder__instructions{align-self:center}.wp-block-uagb-image--align-left{text-align:left}.wp-block-uagb-image--align-right{text-align:right}.wp-block-uagb-image--align-center{text-align:center}.wp-block-uagb-image--align-full .wp-block-uagb-image__figure{margin-left:calc(50% - 50vw);margin-right:calc(50% - 50vw);max-width:100vw;width:100vw;height:auto}.wp-block-uagb-image--align-full .wp-block-uagb-image__figure img{height:auto;width:100% !important}.wp-block-uagb-image--align-wide .wp-block-uagb-image__figure img{height:auto;width:100%}.wp-block-uagb-image--layout-overlay__color-wrapper{position:absolute;left:0;top:0;right:0;bottom:0;opacity:.2;background:rgba(0,0,0,.5);transition:opacity .35s ease-in-out}.wp-block-uagb-image--layout-overlay-link{position:absolute;left:0;right:0;bottom:0;top:0}.wp-block-uagb-image--layout-overlay .wp-block-uagb-image__figure:hover .wp-block-uagb-image--layout-overlay__color-wrapper{opacity:1}.wp-block-uagb-image--layout-overlay__inner{position:absolute;left:15px;right:15px;bottom:15px;top:15px;display:flex;align-items:center;justify-content:center;flex-direction:column;border-color:#fff;transition:.35s ease-in-out}.wp-block-uagb-image--layout-overlay__inner.top-left,.wp-block-uagb-image--layout-overlay__inner.top-center,.wp-block-uagb-image--layout-overlay__inner.top-right{justify-content:flex-start}.wp-block-uagb-image--layout-overlay__inner.bottom-left,.wp-block-uagb-image--layout-overlay__inner.bottom-center,.wp-block-uagb-image--layout-overlay__inner.bottom-right{justify-content:flex-end}.wp-block-uagb-image--layout-overlay__inner.top-left,.wp-block-uagb-image--layout-overlay__inner.center-left,.wp-block-uagb-image--layout-overlay__inner.bottom-left{align-items:flex-start}.wp-block-uagb-image--layout-overlay__inner.top-right,.wp-block-uagb-image--layout-overlay__inner.center-right,.wp-block-uagb-image--layout-overlay__inner.bottom-right{align-items:flex-end}.wp-block-uagb-image--layout-overlay__inner .uagb-image-heading{color:#fff;transition:transform .35s,opacity .35s ease-in-out;transform:translate3d(0, 24px, 0);margin:0;line-height:1em}.wp-block-uagb-image--layout-overlay__inner .uagb-image-separator{width:30%;border-top-width:2px;border-top-color:#fff;border-top-style:solid;margin-bottom:10px;opacity:0;transition:transform .4s,opacity .4s ease-in-out;transform:translate3d(0, 30px, 0)}.wp-block-uagb-image--layout-overlay__inner .uagb-image-caption{opacity:0;overflow:visible;color:#fff;transition:transform .45s,opacity .45s ease-in-out;transform:translate3d(0, 35px, 0)}.wp-block-uagb-image--layout-overlay__inner:hover .uagb-image-heading,.wp-block-uagb-image--layout-overlay__inner:hover .uagb-image-separator,.wp-block-uagb-image--layout-overlay__inner:hover .uagb-image-caption{opacity:1;transform:translate3d(0, 0, 0)}.wp-block-uagb-image--effect-zoomin .wp-block-uagb-image__figure img,.wp-block-uagb-image--effect-zoomin .wp-block-uagb-image__figure .wp-block-uagb-image--layout-overlay__color-wrapper{transform:scale(1);transition:transform .35s ease-in-out}.wp-block-uagb-image--effect-zoomin .wp-block-uagb-image__figure:hover img,.wp-block-uagb-image--effect-zoomin .wp-block-uagb-image__figure:hover .wp-block-uagb-image--layout-overlay__color-wrapper{transform:scale(1.05)}.wp-block-uagb-image--effect-slide .wp-block-uagb-image__figure img,.wp-block-uagb-image--effect-slide .wp-block-uagb-image__figure .wp-block-uagb-image--layout-overlay__color-wrapper{width:calc(100% + 40px) !important;max-width:none !important;transform:translate3d(-40px, 0, 0);transition:transform .35s ease-in-out}.wp-block-uagb-image--effect-slide .wp-block-uagb-image__figure:hover img,.wp-block-uagb-image--effect-slide .wp-block-uagb-image__figure:hover .wp-block-uagb-image--layout-overlay__color-wrapper{transform:translate3d(0, 0, 0)}.wp-block-uagb-image--effect-grayscale img{filter:grayscale(0%);transition:.35s ease-in-out}.wp-block-uagb-image--effect-grayscale:hover img{filter:grayscale(100%)}.wp-block-uagb-image--effect-blur img{filter:blur(0);transition:.35s ease-in-out}.wp-block-uagb-image--effect-blur:hover img{filter:blur(3px)}.uagb-block-e6f939b3.wp-block-uagb-image--layout-default figure img{box-shadow: 0px 0px 0 #00000070;}.uagb-block-e6f939b3.wp-block-uagb-image .wp-block-uagb-image__figure figcaption{font-style: normal;align-self: center;}.uagb-block-e6f939b3.wp-block-uagb-image--layout-overlay figure img{box-shadow: 0px 0px 0 #00000070;}.uagb-block-e6f939b3.wp-block-uagb-image--layout-overlay .wp-block-uagb-image--layout-overlay__color-wrapper{opacity: 0.2;}.uagb-block-e6f939b3.wp-block-uagb-image--layout-overlay .wp-block-uagb-image--layout-overlay__inner{left: 15px;right: 15px;top: 15px;bottom: 15px;}.uagb-block-e6f939b3.wp-block-uagb-image--layout-overlay .wp-block-uagb-image--layout-overlay__inner .uagb-image-heading{font-style: normal;color: #fff;opacity: 1;}.uagb-block-e6f939b3.wp-block-uagb-image--layout-overlay .wp-block-uagb-image--layout-overlay__inner .uagb-image-heading a{color: #fff;}.uagb-block-e6f939b3.wp-block-uagb-image--layout-overlay .wp-block-uagb-image--layout-overlay__inner .uagb-image-caption{opacity: 0;}.uagb-block-e6f939b3.wp-block-uagb-image--layout-overlay .wp-block-uagb-image__figure:hover .wp-block-uagb-image--layout-overlay__color-wrapper{opacity: 1;}.uagb-block-e6f939b3.wp-block-uagb-image .wp-block-uagb-image--layout-overlay__inner .uagb-image-separator{width: 30%;border-top-width: 2px;border-top-color: #fff;opacity: 0;}.uagb-block-e6f939b3.wp-block-uagb-image .wp-block-uagb-image__figure img{width: px;height: auto;}.uagb-block-e6f939b3.wp-block-uagb-image .wp-block-uagb-image__figure:hover .wp-block-uagb-image--layout-overlay__inner .uagb-image-caption{opacity: 1;}.uagb-block-e6f939b3.wp-block-uagb-image .wp-block-uagb-image__figure:hover .wp-block-uagb-image--layout-overlay__inner .uagb-image-separator{opacity: 1;}.uagb-block-e6f939b3.wp-block-uagb-image--layout-default figure:hover img{box-shadow: 0px 0px 0 #00000070;}.uagb-block-e6f939b3.wp-block-uagb-image--layout-overlay figure:hover img{box-shadow: 0px 0px 0 #00000070;}@media only screen and (max-width: 976px) {.uagb-block-e6f939b3.wp-block-uagb-image .wp-block-uagb-image__figure img{width: px;height: auto;}}@media only screen and (max-width: 767px) {.uagb-block-e6f939b3.wp-block-uagb-image .wp-block-uagb-image__figure img{width: px;height: auto;}}\";s:2:\"js\";s:0:\"\";s:18:\"current_block_list\";a:13:{i:0;s:11:\"core\/search\";i:1;s:10:\"core\/group\";i:2;s:12:\"core\/heading\";i:3;s:17:\"core\/latest-posts\";i:4;s:20:\"core\/latest-comments\";i:5;s:13:\"core\/archives\";i:6;s:15:\"core\/categories\";i:7;s:14:\"core\/paragraph\";i:8;s:10:\"uagb\/image\";i:9;s:11:\"core\/spacer\";i:10;s:30:\"woocommerce\/product-categories\";i:11;s:10:\"core\/image\";i:12;s:14:\"core\/shortcode\";}s:8:\"uag_flag\";b:1;s:11:\"uag_version\";s:10:\"1777101788\";s:6:\"gfonts\";a:0:{}s:10:\"gfonts_url\";s:0:\"\";s:12:\"gfonts_files\";a:0:{}s:14:\"uag_faq_layout\";b:0;}"]},"uagb_featured_image_src":{"full":["https:\/\/www.ferberpainting.com\/wp-content\/uploads\/2025\/05\/Render-Water-Repellent-5L-.png",2560,2560,false],"thumbnail":["https:\/\/www.ferberpainting.com\/wp-content\/uploads\/2025\/05\/Render-Water-Repellent-5L--150x150.png",150,150,true],"medium":["https:\/\/www.ferberpainting.com\/wp-content\/uploads\/2025\/05\/Render-Water-Repellent-5L--300x300.png",300,300,true],"medium_large":["https:\/\/www.ferberpainting.com\/wp-content\/uploads\/2025\/05\/Render-Water-Repellent-5L--768x768.png",768,768,true],"large":["https:\/\/www.ferberpainting.com\/wp-content\/uploads\/2025\/05\/Render-Water-Repellent-5L--1024x1024.png",1024,1024,true],"1536x1536":["https:\/\/www.ferberpainting.com\/wp-content\/uploads\/2025\/05\/Render-Water-Repellent-5L--1536x1536.png",1536,1536,true],"2048x2048":["https:\/\/www.ferberpainting.com\/wp-content\/uploads\/2025\/05\/Render-Water-Repellent-5L--2048x2048.png",2048,2048,true],"trp-custom-language-flag":["https:\/\/www.ferberpainting.com\/wp-content\/uploads\/2025\/05\/Render-Water-Repellent-5L--12x12.png",12,12,true],"woocommerce_thumbnail":["https:\/\/www.ferberpainting.com\/wp-content\/uploads\/2025\/05\/Render-Water-Repellent-5L--300x300.png",300,300,true],"woocommerce_single":["https:\/\/www.ferberpainting.com\/wp-content\/uploads\/2025\/05\/Render-Water-Repellent-5L--600x600.png",600,600,true],"woocommerce_gallery_thumbnail":["https:\/\/www.ferberpainting.com\/wp-content\/uploads\/2025\/05\/Render-Water-Repellent-5L--100x100.png",100,100,true]},"uagb_author_info":{"display_name":"admin","author_link":"https:\/\/www.ferberpainting.com\/ee\/author\/"},"uagb_comment_info":31,"uagb_excerpt":"Maximum protection against moisture.\u00a0The render waterproofer is specially designed to protect rendered surfaces against moisture, water penetration, and weather. It forms an invisible and durable barrier that prevents water from seeping in while allowing the surface to breathe. This product is ideal for exterior facades, especially for maintaining the appearance and structure of rendered walls&hellip;","_links":{"self":[{"href":"https:\/\/www.ferberpainting.com\/ee\/wp-json\/wp\/v2\/product\/25023","targetHints":{"allow":["GET"]}}],"collection":[{"href":"https:\/\/www.ferberpainting.com\/ee\/wp-json\/wp\/v2\/product"}],"about":[{"href":"https:\/\/www.ferberpainting.com\/ee\/wp-json\/wp\/v2\/types\/product"}],"replies":[{"embeddable":true,"href":"https:\/\/www.ferberpainting.com\/ee\/wp-json\/wp\/v2\/comments?post=25023"}],"version-history":[{"count":4,"href":"https:\/\/www.ferberpainting.com\/ee\/wp-json\/wp\/v2\/product\/25023\/revisions"}],"predecessor-version":[{"id":167076,"href":"https:\/\/www.ferberpainting.com\/ee\/wp-json\/wp\/v2\/product\/25023\/revisions\/167076"}],"wp:featuredmedia":[{"embeddable":true,"href":"https:\/\/www.ferberpainting.com\/ee\/wp-json\/wp\/v2\/media\/36011"}],"wp:attachment":[{"href":"https:\/\/www.ferberpainting.com\/ee\/wp-json\/wp\/v2\/media?parent=25023"}],"wp:term":[{"taxonomy":"product_brand","embeddable":true,"href":"https:\/\/www.ferberpainting.com\/ee\/wp-json\/wp\/v2\/product_brand?post=25023"},{"taxonomy":"product_cat","embeddable":true,"href":"https:\/\/www.ferberpainting.com\/ee\/wp-json\/wp\/v2\/product_cat?post=25023"},{"taxonomy":"product_tag","embeddable":true,"href":"https:\/\/www.ferberpainting.com\/ee\/wp-json\/wp\/v2\/product_tag?post=25023"}],"curies":[{"name":"wp","href":"https:\/\/api.w.org\/{rel}","templated":true}]}}