{"id":25018,"date":"2025-05-26T10:28:42","date_gmt":"2025-05-26T08:28:42","guid":{"rendered":"https:\/\/www.ferberpainting.com\/products\/raspberry-fertilizer\/"},"modified":"2026-02-16T07:54:06","modified_gmt":"2026-02-16T06:54:06","slug":"raspberry-fertilizer","status":"publish","type":"product","link":"https:\/\/www.ferberpainting.com\/ee\/products\/raspberry-fertilizer\/","title":{"rendered":"Vaarika v\u00e4etis 25 kg"},"content":{"rendered":"<p><strong><img decoding=\"async\" style=\"margin-right: 12px;\" src=\"https:\/\/www.ferberpainting.com\/wp-content\/uploads\/2026\/02\/Check.svg\" alt=\"\" width=\"18\" height=\"15\" \/>V\u00e4etis, mis on spetsiaalselt loodud j\u00f5ulise kasvu ja rikkaliku vaarikatoodangu saavutamiseks.<\/strong>\u00a0See vaarikav\u00e4etis on koostatud nii, et see annab teie p\u00f5\u00f5sastele k\u00f5ik vajalikud toitained optimaalseks arenguks ja rikkalikuks viljakandmiseks. T\u00e4nu NPK 10-10-10 koostisele sisaldab see tasakaalustatud koguses l\u00e4mmastikku (N), mis soodustab tihedat kasvu ja tugevat lehestikku, fosforit (P), mis parandab juurdumist ja \u00f5itsemist, ning kaaliumi (K), mis stimuleerib viljade moodustumist ja valmimist. T\u00f5husalt toidab see v\u00e4etis vaarikaid, tagades tugeva varre, parema vastupanuv\u00f5ime haigustele ning maitsvate ja mahlaste vaarikate rikkaliku saagi.<\/p>\n<p><strong><img decoding=\"async\" style=\"margin-right: 12px;\" src=\"https:\/\/www.ferberpainting.com\/wp-content\/uploads\/2026\/02\/Check.svg\" alt=\"\" width=\"18\" height=\"15\" \/>Raha tagasi garantii.<\/strong>\u00a0Oleme meie vaarikav\u00e4etise t\u00f5hususes nii kindlad, et pakume raha tagasi garantiid. Kui p\u00e4rast soovituste kohast kasutamist ei ilmne teie vaarikate kasvu, \u00f5itsemise v\u00f5i saagikuse paranemist, lubame teile kogu raha tagasi maksta. See garantii v\u00f5imaldab teil osta t\u00e4iesti rahulikult.<\/p>\n<p><strong><img decoding=\"async\" style=\"margin-right: 12px;\" src=\"https:\/\/www.ferberpainting.com\/wp-content\/uploads\/2026\/02\/Check.svg\" alt=\"\" width=\"18\" height=\"15\" \/>Sobib k\u00f5ikide vaarikasortide ja k\u00f5ikide kasvutingimuste jaoks.<\/strong>\u00a0See v\u00e4etis sobib ideaalselt k\u00f5ikidele vaarikasortidele, olgu need siis igakevadised v\u00f5i suvised, punased, kollased, mustad v\u00f5i lillad. See sobib ka v\u00e4liskultuuridele, kasvuhoones, maas v\u00f5i pottides, tagades igale keskkonnale ja kasvatusmeetodile kohandatud v\u00e4etamise. See toimib t\u00f5husalt k\u00f5ikidel mullaliikidel, sealhulgas kergetel muldadel, rikastatud v\u00f5i mitte, ja soodustab s\u00fcgavat juurdumist, mis on oluline rikkaliku puuviljatootmise jaoks.<\/p>\n<p><strong><img decoding=\"async\" style=\"margin-right: 12px;\" src=\"https:\/\/www.ferberpainting.com\/wp-content\/uploads\/2026\/02\/Check.svg\" alt=\"\" width=\"18\" height=\"15\" \/>Kulut\u00f5hus saagikus ja pikaajaline v\u00e4etamine.<\/strong>\u00a0T\u00e4nu oma koostisele vabastab see v\u00e4etis oma toitaineid j\u00e4rk-j\u00e4rgult, tagades t\u00f5husa ja j\u00e4tkusuutliku v\u00e4etamise ilma sagedase kasutamise vajaduseta. \u00dche 25 kg kotiga saab v\u00e4etada kuni 125 vaarikap\u00f5\u00f5sast, soovitatav annus on 200 g taime kohta. See optimeeritud saagis v\u00f5imaldab pikemaajalist kasutamist ja s\u00e4\u00e4stlikku kasutamist, v\u00e4hendades seega sissevoolu sagedust, tagades samal ajal optimaalsed tulemused.<\/p>\n<p><strong><img decoding=\"async\" style=\"margin-right: 12px;\" src=\"https:\/\/www.ferberpainting.com\/wp-content\/uploads\/2026\/02\/Check.svg\" alt=\"\" width=\"18\" height=\"15\" \/>Ohutu ja keskkonnas\u00f5bralik v\u00e4etis.<\/strong>\u00a0See v\u00e4etis on koostatud ilma agressiivsete kemikaalideta ja on ohutu loomastiku ja taimestiku jaoks. See austab mulla loomulikku tasakaalu, edendades kasulikke mikroorganisme, mis parandavad toitainete imendumist juurte poolt. See ei sisalda lemmikloomadele ega lastele m\u00fcrgiseid elemente, tagades ohutu v\u00e4etamise teie aias v\u00f5i terrassil.<\/p>\n<p><strong><img decoding=\"async\" style=\"margin-right: 12px;\" src=\"https:\/\/www.ferberpainting.com\/wp-content\/uploads\/2026\/02\/Check.svg\" alt=\"\" width=\"18\" height=\"15\" \/>Lihtne ja vaevata pealekandmine ja v\u00e4etamine.<\/strong>\u00a0Erinevalt vedelv\u00e4etistest, mis vajavad lahjendamist, kantakse see v\u00e4etis otse pinnasesse ilma keerulise ettevalmistuseta. Levitage seda lihtsalt vaarikataimede \u00fcmber ja segage see kergelt mulda, et tagada optimaalne toitainete eraldumine. Selle lihtne ja kiire kasutamine v\u00f5imaldab k\u00f5igil aednikel, nii algajatel kui ka kogenud aednikel, saada terveid taimi ja rikkalikku saaki.<\/p>\n<p><strong><img decoding=\"async\" style=\"margin-right: 12px;\" src=\"https:\/\/www.ferberpainting.com\/wp-content\/uploads\/2026\/02\/Check.svg\" alt=\"\" width=\"18\" height=\"15\" \/>Pikaajaline toime tagab rikkaliku saagi ja parema haiguskindluse. <\/strong>T\u00e4nu oma pikaajalisele m\u00f5jule toidab see v\u00e4etis vaarikaid mitu n\u00e4dalat, tagades rikkaliku \u00f5itsemise ja maitsvate viljade pideva tootmise. See suurendab p\u00f5\u00f5saste vastupanuv\u00f5imet seenhaigustele ja kahjuritele, parandades samal ajal nende taluvust karmide ilmastikutingimuste, n\u00e4iteks suure kuumuse v\u00f5i p\u00f5uaperioodide suhtes.<\/p>\n<p><strong><img decoding=\"async\" style=\"margin-right: 12px;\" src=\"https:\/\/www.ferberpainting.com\/wp-content\/uploads\/2026\/02\/Check.svg\" alt=\"\" width=\"18\" height=\"15\" \/>N\u00e4htavad tulemused juba esimestel n\u00e4dalatel.<\/strong>\u00a0See v\u00e4etis stimuleerib alates esimestest kasutuskordadest uute tugevate varte kasvu, suurendab lehestiku tihedust ja soodustab rikkalikku \u00f5itsemist. Juba m\u00f5ne n\u00e4dalaga on teie vaarikad j\u00f5ulise kasvu ja korrap\u00e4rasema \u00f5itsemise ning rikkalikumate, maitsvamate ja intensiivselt magusate vaarikatega.<\/p>\n<h2><strong>Kasutusprotokoll<\/strong><\/h2>\n<ul>\n<li><strong>Taotlusperiood <\/strong>: Kasutada kolm korda aastas, kevadise alguse ajal (m\u00e4rtsis-aprill), et soodustada varre arengut, \u00f5itsemise alguses (mai-juuni), et stimuleerida viljade moodustamist, ja suve l\u00f5pus (september), et tugevdada taimi enne talve.<\/li>\n<li><strong>Soovitatav annus <\/strong>: Hajutage 200 g v\u00e4etist \u00fche vaarikataime kohta, mis on umbes \u00fcks h\u00e4sti t\u00e4idetud peot\u00e4is, kohandades kogust veidi s\u00f5ltuvalt p\u00f5\u00f5sa suurusest ja vanusest.<\/li>\n<li><strong>Rakendusmeetod <\/strong>:\n<ul>\n<li><strong>Mulla laialilaotamine <\/strong>: Jagage v\u00e4etis ringikujuliselt \u00fcmber iga vaarikataime, umbes 20-30 cm kaugusel t\u00fcvest, et v\u00e4ltida otsest kokkupuudet juurtega ja tagada toitainete j\u00e4rkj\u00e4rguline imendumine.<\/li>\n<li><strong>Valguse lisamine <\/strong>: Kasutades harali v\u00f5i k\u00fc\u00fcsi, segage v\u00e4etis kergelt mulla pinnale (2 kuni 5 cm s\u00fcgavusele), et parandada selle integreerimist ja v\u00e4ltida leostumist.<\/li>\n<\/ul>\n<\/li>\n<li><strong>Kastmine p\u00e4rast pealekandmist <\/strong>: P\u00e4rast laotamist kasta p\u00f5hjalikult, et aktiveerida toitainete vabanemine ja tagada kiire imendumine juurte poolt.<\/li>\n<li><strong>Hooldus ja j\u00e4relevalve <\/strong>: Tootmisperioodi jooksul tuleb s\u00e4ilitada regulaarne kastmine, et v\u00e4ltida veestressi, mis v\u00f5ib m\u00f5jutada viljade moodustumist ja kvaliteeti. Vaarikate puhul v\u00f5ib olla vaja sagedasemat s\u00f6\u00f6tmist.<\/li>\n<li><strong>Ettevaatusabin\u00f5ud kasutamisel <\/strong>: \u00c4rge \u00fcletage soovitatavaid annuseid, et v\u00e4ltida liigset l\u00e4mmastikku, mis v\u00f5ib p\u00f5hjustada lehestiku \u00fclekasvu puuviljade saamise arvelt. Mitte kasutada k\u00fclmunud pinnasel v\u00f5i tugeva p\u00f5ua ajal ilma t\u00e4iendava kastmiseta.<\/li>\n<li><strong>Ladustamine ja s\u00e4ilitamine <\/strong>: S\u00e4ilitage v\u00e4etist kuivas ja jahedas kohas, kaitstuna niiskuse ja p\u00e4ikesevalguse eest. Sulge kott hoolikalt uuesti p\u00e4rast iga kasutamist, et s\u00e4ilitada toote kvaliteeti ja v\u00e4ltida selle riknemist.<\/li>\n<\/ul>\n<p>Selle vaarikav\u00e4etisega pakute oma taimedele t\u00e4ielikku, nende erivajadustele ideaalselt vastavat toitu, tagades j\u00f5ulise kasvu, rikkaliku \u00f5itsemise ja erakordselt magusate ja maitsvate vaarikate saagi. See on ideaalne lahendus, et saada tootlik aed v\u00f5i k\u00f6\u00f6giviljaplats, kus vaarikap\u00f5\u00f5sad on terved ja toodang on rikkalik kogu hooaja jooksul.<\/p>","protected":false},"excerpt":{"rendered":"<p>A fertilizer specially designed for vigorous growth and abundant raspberry production.\u00a0This raspberry fertilizer has been formulated to provide your shrubs with all the nutrients necessary for optimal development and generous fruiting. Thanks to its NPK 10-10-10 composition, it provides a balanced amount of nitrogen (N) to promote dense growth and robust foliage, phosphorus (P) to [&hellip;]<\/p>\n","protected":false},"featured_media":26883,"comment_status":"open","ping_status":"closed","template":"","meta":{"_uag_custom_page_level_css":"","site-sidebar-layout":"default","site-content-layout":"","ast-site-content-layout":"default","site-content-style":"default","site-sidebar-style":"default","ast-global-header-display":"","ast-banner-title-visibility":"","ast-main-header-display":"","ast-hfb-above-header-display":"","ast-hfb-below-header-display":"","ast-hfb-mobile-header-display":"","site-post-title":"","ast-breadcrumbs-content":"","ast-featured-img":"","footer-sml-layout":"","ast-disable-related-posts":"","theme-transparent-header-meta":"default","adv-header-id-meta":"","stick-header-meta":"","header-above-stick-meta":"","header-main-stick-meta":"","header-below-stick-meta":"","astra-migrate-meta-layouts":"set","ast-page-background-enabled":"default","ast-page-background-meta":{"desktop":{"background-color":"var(--ast-global-color-4)","background-image":"","background-repeat":"repeat","background-position":"center center","background-size":"auto","background-attachment":"scroll","background-type":"","background-media":"","overlay-type":"","overlay-color":"","overlay-opacity":"","overlay-gradient":""},"tablet":{"background-color":"","background-image":"","background-repeat":"repeat","background-position":"center center","background-size":"auto","background-attachment":"scroll","background-type":"","background-media":"","overlay-type":"","overlay-color":"","overlay-opacity":"","overlay-gradient":""},"mobile":{"background-color":"","background-image":"","background-repeat":"repeat","background-position":"center center","background-size":"auto","background-attachment":"scroll","background-type":"","background-media":"","overlay-type":"","overlay-color":"","overlay-opacity":"","overlay-gradient":""}},"ast-content-background-meta":{"desktop":{"background-color":"var(--ast-global-color-5)","background-image":"","background-repeat":"repeat","background-position":"center center","background-size":"auto","background-attachment":"scroll","background-type":"","background-media":"","overlay-type":"","overlay-color":"","overlay-opacity":"","overlay-gradient":""},"tablet":{"background-color":"var(--ast-global-color-5)","background-image":"","background-repeat":"repeat","background-position":"center center","background-size":"auto","background-attachment":"scroll","background-type":"","background-media":"","overlay-type":"","overlay-color":"","overlay-opacity":"","overlay-gradient":""},"mobile":{"background-color":"var(--ast-global-color-5)","background-image":"","background-repeat":"repeat","background-position":"center center","background-size":"auto","background-attachment":"scroll","background-type":"","background-media":"","overlay-type":"","overlay-color":"","overlay-opacity":"","overlay-gradient":""}}},"product_brand":[],"product_cat":[178],"product_tag":[],"class_list":{"0":"post-25018","1":"product","2":"type-product","3":"status-publish","4":"has-post-thumbnail","6":"product_cat-fertilizers","7":"desktop-align-left","8":"tablet-align-left","9":"mobile-align-left","11":"first","12":"instock","13":"taxable","14":"shipping-taxable","15":"purchasable","16":"product-type-simple"},"spectra_custom_meta":{"_visibility":["visible"],"_shopify_product_id":["9066889085173"],"_s2w_shopify_domain":["ferberpainting.myshopify.com"],"_shopify_variant_id":["46505205694709"],"_sku":["FPRASPBERRYFERTILIZER25KG"],"_regular_price":["39.90"],"_price":["39.90"],"_sale_price":[""],"_weight":["18.5"],"_thumbnail_id":["26883"],"_global_unique_id":["5056773817289"],"total_sales":["8"],"_tax_status":["taxable"],"_tax_class":[""],"_manage_stock":["no"],"_backorders":["no"],"_sold_individually":["no"],"_virtual":["no"],"_downloadable":["no"],"_download_limit":["-1"],"_download_expiry":["-1"],"_stock":[null],"_stock_status":["instock"],"_wc_average_rating":["5.00"],"_wc_review_count":["6"],"_product_version":["10.5.1"],"_wc_rating_count":["a:1:{i:5;i:6;}"],"_edit_lock":["1771224706:1"],"merchant-center-availability":["yes"],"merchant-center-category":["113"],"_edit_last":["1"],"_wp_page_template":["default"],"site-sidebar-layout":["default"],"ast-site-content-layout":["default"],"site-content-style":["default"],"site-sidebar-style":["default"],"theme-transparent-header-meta":["default"],"astra-migrate-meta-layouts":["set"],"_uag_css_file_name":["uag-css-25018.css"],"_elementor_page_assets":["a:0:{}"],"_uag_page_assets":["a:9:{s:3:\"css\";s:6873:\".wp-block-uagb-image{display:flex}.wp-block-uagb-image__figure{position:relative;display:flex;flex-direction:column;max-width:100%;height:auto;margin:0}.wp-block-uagb-image__figure img{height:auto;display:flex;max-width:100%;transition:box-shadow .2s ease}.wp-block-uagb-image__figure>a{display:inline-block}.wp-block-uagb-image__figure figcaption{text-align:center;margin-top:.5em;margin-bottom:1em}.wp-block-uagb-image .components-placeholder.block-editor-media-placeholder .components-placeholder__instructions{align-self:center}.wp-block-uagb-image--align-left{text-align:left}.wp-block-uagb-image--align-right{text-align:right}.wp-block-uagb-image--align-center{text-align:center}.wp-block-uagb-image--align-full .wp-block-uagb-image__figure{margin-left:calc(50% - 50vw);margin-right:calc(50% - 50vw);max-width:100vw;width:100vw;height:auto}.wp-block-uagb-image--align-full .wp-block-uagb-image__figure img{height:auto;width:100% !important}.wp-block-uagb-image--align-wide .wp-block-uagb-image__figure img{height:auto;width:100%}.wp-block-uagb-image--layout-overlay__color-wrapper{position:absolute;left:0;top:0;right:0;bottom:0;opacity:.2;background:rgba(0,0,0,.5);transition:opacity .35s ease-in-out}.wp-block-uagb-image--layout-overlay-link{position:absolute;left:0;right:0;bottom:0;top:0}.wp-block-uagb-image--layout-overlay .wp-block-uagb-image__figure:hover .wp-block-uagb-image--layout-overlay__color-wrapper{opacity:1}.wp-block-uagb-image--layout-overlay__inner{position:absolute;left:15px;right:15px;bottom:15px;top:15px;display:flex;align-items:center;justify-content:center;flex-direction:column;border-color:#fff;transition:.35s ease-in-out}.wp-block-uagb-image--layout-overlay__inner.top-left,.wp-block-uagb-image--layout-overlay__inner.top-center,.wp-block-uagb-image--layout-overlay__inner.top-right{justify-content:flex-start}.wp-block-uagb-image--layout-overlay__inner.bottom-left,.wp-block-uagb-image--layout-overlay__inner.bottom-center,.wp-block-uagb-image--layout-overlay__inner.bottom-right{justify-content:flex-end}.wp-block-uagb-image--layout-overlay__inner.top-left,.wp-block-uagb-image--layout-overlay__inner.center-left,.wp-block-uagb-image--layout-overlay__inner.bottom-left{align-items:flex-start}.wp-block-uagb-image--layout-overlay__inner.top-right,.wp-block-uagb-image--layout-overlay__inner.center-right,.wp-block-uagb-image--layout-overlay__inner.bottom-right{align-items:flex-end}.wp-block-uagb-image--layout-overlay__inner .uagb-image-heading{color:#fff;transition:transform .35s,opacity .35s ease-in-out;transform:translate3d(0, 24px, 0);margin:0;line-height:1em}.wp-block-uagb-image--layout-overlay__inner .uagb-image-separator{width:30%;border-top-width:2px;border-top-color:#fff;border-top-style:solid;margin-bottom:10px;opacity:0;transition:transform .4s,opacity .4s ease-in-out;transform:translate3d(0, 30px, 0)}.wp-block-uagb-image--layout-overlay__inner .uagb-image-caption{opacity:0;overflow:visible;color:#fff;transition:transform .45s,opacity .45s ease-in-out;transform:translate3d(0, 35px, 0)}.wp-block-uagb-image--layout-overlay__inner:hover .uagb-image-heading,.wp-block-uagb-image--layout-overlay__inner:hover .uagb-image-separator,.wp-block-uagb-image--layout-overlay__inner:hover .uagb-image-caption{opacity:1;transform:translate3d(0, 0, 0)}.wp-block-uagb-image--effect-zoomin .wp-block-uagb-image__figure img,.wp-block-uagb-image--effect-zoomin .wp-block-uagb-image__figure .wp-block-uagb-image--layout-overlay__color-wrapper{transform:scale(1);transition:transform .35s ease-in-out}.wp-block-uagb-image--effect-zoomin .wp-block-uagb-image__figure:hover img,.wp-block-uagb-image--effect-zoomin .wp-block-uagb-image__figure:hover .wp-block-uagb-image--layout-overlay__color-wrapper{transform:scale(1.05)}.wp-block-uagb-image--effect-slide .wp-block-uagb-image__figure img,.wp-block-uagb-image--effect-slide .wp-block-uagb-image__figure .wp-block-uagb-image--layout-overlay__color-wrapper{width:calc(100% + 40px) !important;max-width:none !important;transform:translate3d(-40px, 0, 0);transition:transform .35s ease-in-out}.wp-block-uagb-image--effect-slide .wp-block-uagb-image__figure:hover img,.wp-block-uagb-image--effect-slide .wp-block-uagb-image__figure:hover .wp-block-uagb-image--layout-overlay__color-wrapper{transform:translate3d(0, 0, 0)}.wp-block-uagb-image--effect-grayscale img{filter:grayscale(0%);transition:.35s ease-in-out}.wp-block-uagb-image--effect-grayscale:hover img{filter:grayscale(100%)}.wp-block-uagb-image--effect-blur img{filter:blur(0);transition:.35s ease-in-out}.wp-block-uagb-image--effect-blur:hover img{filter:blur(3px)}.uagb-block-e6f939b3.wp-block-uagb-image--layout-default figure img{box-shadow: 0px 0px 0 #00000070;}.uagb-block-e6f939b3.wp-block-uagb-image .wp-block-uagb-image__figure figcaption{font-style: normal;align-self: center;}.uagb-block-e6f939b3.wp-block-uagb-image--layout-overlay figure img{box-shadow: 0px 0px 0 #00000070;}.uagb-block-e6f939b3.wp-block-uagb-image--layout-overlay .wp-block-uagb-image--layout-overlay__color-wrapper{opacity: 0.2;}.uagb-block-e6f939b3.wp-block-uagb-image--layout-overlay .wp-block-uagb-image--layout-overlay__inner{left: 15px;right: 15px;top: 15px;bottom: 15px;}.uagb-block-e6f939b3.wp-block-uagb-image--layout-overlay .wp-block-uagb-image--layout-overlay__inner .uagb-image-heading{font-style: normal;color: #fff;opacity: 1;}.uagb-block-e6f939b3.wp-block-uagb-image--layout-overlay .wp-block-uagb-image--layout-overlay__inner .uagb-image-heading a{color: #fff;}.uagb-block-e6f939b3.wp-block-uagb-image--layout-overlay .wp-block-uagb-image--layout-overlay__inner .uagb-image-caption{opacity: 0;}.uagb-block-e6f939b3.wp-block-uagb-image--layout-overlay .wp-block-uagb-image__figure:hover .wp-block-uagb-image--layout-overlay__color-wrapper{opacity: 1;}.uagb-block-e6f939b3.wp-block-uagb-image .wp-block-uagb-image--layout-overlay__inner .uagb-image-separator{width: 30%;border-top-width: 2px;border-top-color: #fff;opacity: 0;}.uagb-block-e6f939b3.wp-block-uagb-image .wp-block-uagb-image__figure img{width: px;height: auto;}.uagb-block-e6f939b3.wp-block-uagb-image .wp-block-uagb-image__figure:hover .wp-block-uagb-image--layout-overlay__inner .uagb-image-caption{opacity: 1;}.uagb-block-e6f939b3.wp-block-uagb-image .wp-block-uagb-image__figure:hover .wp-block-uagb-image--layout-overlay__inner .uagb-image-separator{opacity: 1;}.uagb-block-e6f939b3.wp-block-uagb-image--layout-default figure:hover img{box-shadow: 0px 0px 0 #00000070;}.uagb-block-e6f939b3.wp-block-uagb-image--layout-overlay figure:hover img{box-shadow: 0px 0px 0 #00000070;}@media only screen and (max-width: 976px) {.uagb-block-e6f939b3.wp-block-uagb-image .wp-block-uagb-image__figure img{width: px;height: auto;}}@media only screen and (max-width: 767px) {.uagb-block-e6f939b3.wp-block-uagb-image .wp-block-uagb-image__figure img{width: px;height: auto;}}\";s:2:\"js\";s:0:\"\";s:18:\"current_block_list\";a:13:{i:0;s:11:\"core\/search\";i:1;s:10:\"core\/group\";i:2;s:12:\"core\/heading\";i:3;s:17:\"core\/latest-posts\";i:4;s:20:\"core\/latest-comments\";i:5;s:13:\"core\/archives\";i:6;s:15:\"core\/categories\";i:7;s:14:\"core\/paragraph\";i:8;s:10:\"uagb\/image\";i:9;s:11:\"core\/spacer\";i:10;s:30:\"woocommerce\/product-categories\";i:11;s:10:\"core\/image\";i:12;s:14:\"core\/shortcode\";}s:8:\"uag_flag\";b:1;s:11:\"uag_version\";s:10:\"1777301941\";s:6:\"gfonts\";a:0:{}s:10:\"gfonts_url\";s:0:\"\";s:12:\"gfonts_files\";a:0:{}s:14:\"uag_faq_layout\";b:0;}"]},"uagb_featured_image_src":{"full":["https:\/\/www.ferberpainting.com\/wp-content\/uploads\/2025\/05\/RaspberryFertilizer.png",2560,2560,false],"thumbnail":["https:\/\/www.ferberpainting.com\/wp-content\/uploads\/2025\/05\/RaspberryFertilizer-150x150.png",150,150,true],"medium":["https:\/\/www.ferberpainting.com\/wp-content\/uploads\/2025\/05\/RaspberryFertilizer-300x300.png",300,300,true],"medium_large":["https:\/\/www.ferberpainting.com\/wp-content\/uploads\/2025\/05\/RaspberryFertilizer-768x768.png",768,768,true],"large":["https:\/\/www.ferberpainting.com\/wp-content\/uploads\/2025\/05\/RaspberryFertilizer-1024x1024.png",1024,1024,true],"1536x1536":["https:\/\/www.ferberpainting.com\/wp-content\/uploads\/2025\/05\/RaspberryFertilizer-1536x1536.png",1536,1536,true],"2048x2048":["https:\/\/www.ferberpainting.com\/wp-content\/uploads\/2025\/05\/RaspberryFertilizer-2048x2048.png",2048,2048,true],"trp-custom-language-flag":["https:\/\/www.ferberpainting.com\/wp-content\/uploads\/2025\/05\/RaspberryFertilizer-12x12.png",12,12,true],"woocommerce_thumbnail":["https:\/\/www.ferberpainting.com\/wp-content\/uploads\/2025\/05\/RaspberryFertilizer-300x300.png",300,300,true],"woocommerce_single":["https:\/\/www.ferberpainting.com\/wp-content\/uploads\/2025\/05\/RaspberryFertilizer-600x600.png",600,600,true],"woocommerce_gallery_thumbnail":["https:\/\/www.ferberpainting.com\/wp-content\/uploads\/2025\/05\/RaspberryFertilizer-100x100.png",100,100,true]},"uagb_author_info":{"display_name":"admin","author_link":"https:\/\/www.ferberpainting.com\/ee\/author\/"},"uagb_comment_info":6,"uagb_excerpt":"A fertilizer specially designed for vigorous growth and abundant raspberry production.\u00a0This raspberry fertilizer has been formulated to provide your shrubs with all the nutrients necessary for optimal development and generous fruiting. Thanks to its NPK 10-10-10 composition, it provides a balanced amount of nitrogen (N) to promote dense growth and robust foliage, phosphorus (P) to&hellip;","_links":{"self":[{"href":"https:\/\/www.ferberpainting.com\/ee\/wp-json\/wp\/v2\/product\/25018","targetHints":{"allow":["GET"]}}],"collection":[{"href":"https:\/\/www.ferberpainting.com\/ee\/wp-json\/wp\/v2\/product"}],"about":[{"href":"https:\/\/www.ferberpainting.com\/ee\/wp-json\/wp\/v2\/types\/product"}],"replies":[{"embeddable":true,"href":"https:\/\/www.ferberpainting.com\/ee\/wp-json\/wp\/v2\/comments?post=25018"}],"version-history":[{"count":4,"href":"https:\/\/www.ferberpainting.com\/ee\/wp-json\/wp\/v2\/product\/25018\/revisions"}],"predecessor-version":[{"id":167069,"href":"https:\/\/www.ferberpainting.com\/ee\/wp-json\/wp\/v2\/product\/25018\/revisions\/167069"}],"wp:featuredmedia":[{"embeddable":true,"href":"https:\/\/www.ferberpainting.com\/ee\/wp-json\/wp\/v2\/media\/26883"}],"wp:attachment":[{"href":"https:\/\/www.ferberpainting.com\/ee\/wp-json\/wp\/v2\/media?parent=25018"}],"wp:term":[{"taxonomy":"product_brand","embeddable":true,"href":"https:\/\/www.ferberpainting.com\/ee\/wp-json\/wp\/v2\/product_brand?post=25018"},{"taxonomy":"product_cat","embeddable":true,"href":"https:\/\/www.ferberpainting.com\/ee\/wp-json\/wp\/v2\/product_cat?post=25018"},{"taxonomy":"product_tag","embeddable":true,"href":"https:\/\/www.ferberpainting.com\/ee\/wp-json\/wp\/v2\/product_tag?post=25018"}],"curies":[{"name":"wp","href":"https:\/\/api.w.org\/{rel}","templated":true}]}}