{"id":24796,"date":"2025-05-26T10:27:17","date_gmt":"2025-05-26T08:27:17","guid":{"rendered":"https:\/\/www.ferberpainting.com\/products\/potato-fertilizer\/"},"modified":"2026-02-16T07:33:17","modified_gmt":"2026-02-16T06:33:17","slug":"potato-fertilizer","status":"publish","type":"product","link":"https:\/\/www.ferberpainting.com\/ee\/products\/potato-fertilizer\/","title":{"rendered":"Kartuliv\u00e4etis 25 kg"},"content":{"rendered":"<p><strong><img decoding=\"async\" style=\"margin-right: 12px;\" src=\"https:\/\/www.ferberpainting.com\/wp-content\/uploads\/2026\/02\/Check.svg\" alt=\"\" width=\"18\" height=\"15\" \/>V\u00e4etis, mis on m\u00f5eldud kartuli kasvu ja tootmise optimeerimiseks.<\/strong>\u00a0See v\u00e4etis on spetsiaalselt koostatud selleks, et anda kartulitaimedele nende arenguks vajalikke toitaineid. T\u00e4nu l\u00e4mmastiku (N), fosfori (P) ja kaaliumi (K) t\u00e4iuslikule tasakaalule ning NPK-suhtele 10-10-10 tagab see tugevat lehtede kasvu, optimaalse juurdekasvu ja h\u00e4sti vormunud mugulate rikkaliku tootmise. T\u00e4nu oma t\u00e4ielikule toimele stimuleerib see uute juurte moodustumist, tugevdab taimede vastupanuv\u00f5imet haigustele ja parandab koristatud kartulite suurust.<\/p>\n<p><strong><img decoding=\"async\" style=\"margin-right: 12px;\" src=\"https:\/\/www.ferberpainting.com\/wp-content\/uploads\/2026\/02\/Check.svg\" alt=\"\" width=\"18\" height=\"15\" \/>Raha tagasi garantii.<\/strong>\u00a0Oleme t\u00e4iesti veendunud meie v\u00e4etise t\u00f5hususes, mist\u00f5ttu pakume raha tagasi garantiid. Kui p\u00e4rast kasutamist optimaalsetes tingimustes ei m\u00e4rka te m\u00e4rkimisv\u00e4\u00e4rset paranemist oma kartulitaimede kasvus ja saagikuses, tagastame teile raha ilma aruteluta.<\/p>\n<p><strong><img decoding=\"async\" style=\"margin-right: 12px;\" src=\"https:\/\/www.ferberpainting.com\/wp-content\/uploads\/2026\/02\/Check.svg\" alt=\"\" width=\"18\" height=\"15\" \/>V\u00e4etis, mis sobib k\u00f5ikidele mullaliikidele ja kartulisortidele.<\/strong>\u00a0Olenemata sellest, kas kasvatate kartulit vabas \u00f5hus, aiapeenras, kasvuhoones v\u00f5i mullatingimustes, see v\u00e4etis sobib k\u00f5igi kasvutingimustega. See on t\u00f5hus k\u00f5igil mullaliikidel, olgu need siis savised, liivased, savised v\u00f5i lubjarikkad. Lisaks sobib see k\u00f5ikidele kartulisortidele, olenemata sellest, kas need on varajased, ladustamiseks v\u00f5i konkreetseks kulinaarseks kasutamiseks (aurutamine, praadimine, p\u00fcreestamine).<\/p>\n<p><strong><img decoding=\"async\" style=\"margin-right: 12px;\" src=\"https:\/\/www.ferberpainting.com\/wp-content\/uploads\/2026\/02\/Check.svg\" alt=\"\" width=\"18\" height=\"15\" \/>\u00d6konoomne ja t\u00f5hus v\u00e4etamine.<\/strong>\u00a0See v\u00e4etis pakub suurep\u00e4rast saagikust, kuna see vabaneb aeglaselt mulda, tagades seega pikaajalise v\u00e4etamise ilma sagedase v\u00e4etamise vajaduseta. 25 kg kotiga saab katta suuri p\u00f5llumajandus- v\u00f5i aiapindu. See ei vaja lahjendamist, mis s\u00e4\u00e4stab aega ja vett, tagades samal ajal j\u00e4rkj\u00e4rgulise ja pideva imendumise taimedesse.<\/p>\n<p><strong><img decoding=\"async\" style=\"margin-right: 12px;\" src=\"https:\/\/www.ferberpainting.com\/wp-content\/uploads\/2026\/02\/Check.svg\" alt=\"\" width=\"18\" height=\"15\" \/>Keskkonnas\u00f5bralik ja ohutu v\u00e4etis taimedele.<\/strong>\u00a0See v\u00e4etis on koostatud ilma agressiivsete keemiliste toodetena, mist\u00f5ttu on see v\u00e4etis kartulitaimede juurtele riskivaba. See soodustab tervislikku, tasakaalustatud mulla, taastades optimaalseks viljakuseks vajaliku mikroobide elu. See ei reosta p\u00f5hjavett, pinnast, tagades vastutustundliku ja keskkonnas\u00f5braliku p\u00f5llumajanduse.<\/p>\n<p><strong><img decoding=\"async\" style=\"margin-right: 12px;\" src=\"https:\/\/www.ferberpainting.com\/wp-content\/uploads\/2026\/02\/Check.svg\" alt=\"\" width=\"18\" height=\"15\" \/>Lihtne ja kiire rakendus garanteeritud tulemuste saavutamiseks.<\/strong>\u00a0Erinevalt vedelv\u00e4etistest, mis n\u00f5uavad t\u00e4pset doseerimist ja vee segamist, kantakse see v\u00e4etis otse pinnasesse. Ei ole vaja mingeid eriseadmeid, lihtsalt puistage v\u00e4etis taimede \u00fcmber ja lisage see kergelt mulda. Selle kasutamine on k\u00e4ttesaadav k\u00f5igile, olgu te siis hobiaednik v\u00f5i professionaal.<\/p>\n<p><strong><img decoding=\"async\" style=\"margin-right: 12px;\" src=\"https:\/\/www.ferberpainting.com\/wp-content\/uploads\/2026\/02\/Check.svg\" alt=\"\" width=\"18\" height=\"15\" \/>J\u00e4tkusuutlik tegevus rikkalike saagide ja kvaliteetsete mugulate saamiseks.<\/strong>\u00a0T\u00e4nu aeglasele ja \u00fchtlasele vabanemisele tagab see v\u00e4etis j\u00e4rkj\u00e4rgulise toitainete manustamise, mis v\u00f5imaldab kartulitaimi toita kogu nende kasvuts\u00fckli jooksul. See soodustab h\u00e4sti kalibreeritud, t\u00e4rkliserikaste ja k\u00f5va viljalihaga mugulate teket, mis parandab koristatud kartulite ladustamist ja maitseomadusi.<\/p>\n<p><strong><img decoding=\"async\" style=\"margin-right: 12px;\" src=\"https:\/\/www.ferberpainting.com\/wp-content\/uploads\/2026\/02\/Check.svg\" alt=\"\" width=\"18\" height=\"15\" \/>Kiire ja t\u00f5husad tulemused on n\u00e4htavad m\u00f5ne n\u00e4dala jooksul.<\/strong>\u00a0Alates esimestest n\u00e4dalatest p\u00e4rast kasutamist t\u00e4heldate tugevamat lehtede kasvu, h\u00e4sti vormunud mugulaid ja tugevaid, tugevaid varsi. Mugulad kasvavad kiiresti ja \u00fchtlaselt, mille tulemuseks on m\u00e4rkimisv\u00e4\u00e4rne saagikuse suurenemine, kvaliteetsem toodang ja suurem rahulolu saagikoristusega.<\/p>\n<h2><strong>Kasutamise protokoll<\/strong><\/h2>\n<p><strong>Soovitatav annus :<\/strong><\/p>\n<ul>\n<li><strong>Enne istutamist <\/strong>: laotage 200 g v\u00e4etist ruutmeetri kohta ja segage see harali v\u00f5i k\u00fc\u00fcne abil mulda.<\/li>\n<li><strong>hargnemise ajal (p\u00e4rast taimede ilmumist) <\/strong>: lisage 100 g v\u00e4etist ruutmeetri kohta pinnale ja kastke kergelt, et aktiveerida toitainete imendumine.<\/li>\n<li><strong>Kasvatuse ajal (vabatahtlik, parema saagikuse saavutamiseks) <\/strong>: korrata v\u00e4etamist p\u00e4rast taimede \u00f5itsemist, lisades 100 g v\u00e4etist ruutmeetri kohta.<\/li>\n<\/ul>\n<p><strong>Kasutamise sagedus :<\/strong><\/p>\n<ul>\n<li>\u00dcks kasutamine mulla ettevalmistamise ajal tagab hea algtoitumise.<\/li>\n<li>T\u00e4iendav sisend hargnemise ajal optimeerib kasvu ja mugulate moodustamist.<\/li>\n<li>Viimane kasutamine p\u00f5llukultuuri kasvu ajal aitab parandada kartulite suurust ja saagikust.<\/li>\n<\/ul>\n<p><strong>Rakendusmeetod :<\/strong><\/p>\n<ul>\n<li>Levitage v\u00e4etis otse mulda, taimede \u00fcmber v\u00f5i istutusraietesse.<\/li>\n<li>Segage see kergelt pinnasesse harja v\u00f5i k\u00fc\u00fcnarnukiga, et soodustada imendumist.<\/li>\n<li>Kastke p\u00e4rast kasutamist, eriti kui muld on kuiv, et h\u00f5lbustada toitainete vabanemist.<\/li>\n<\/ul>\n<p><strong>Ettevaatusabin\u00f5ud kasutamisel :<\/strong><\/p>\n<ul>\n<li>\u00c4rge doseerige liiga palju l\u00e4mmastikku, sest see p\u00f5hjustaks liiga lopsakat lehestikku mugulate arvelt.<\/li>\n<li>\u00c4rge kasutage seda k\u00fclmunud v\u00f5i veek\u00fcllastunud pinnasele, sest see v\u00e4hendab v\u00e4etise t\u00f5husust.<\/li>\n<li>S\u00e4ilitage kotti kuivas kohas, eemal niiskusest, et s\u00e4ilitada selle t\u00e4ielik t\u00f5husus.<\/li>\n<\/ul>\n<p>Selle kartuliv\u00e4etisega tagate terve kasvu, rikkaliku saagi ja kvaliteetsed mugulad. T\u00e4nu j\u00e4rkj\u00e4rgulisele toitainete vabanemisele ja lihtsale kasutamisele on see ideaalne lahendus, et maksimeerida oma toodangut, s\u00e4ilitades samal ajal mulla loomulikku viljakust.<\/p>","protected":false},"excerpt":{"rendered":"<p>A fertilizer designed to optimize the growth and production of potatoes.\u00a0This fertilizer is specifically formulated to provide potato plants with the essential nutrients for their development. With a perfect balance of nitrogen (N), phosphorus (P), and potassium (K), with an NPK ratio of 10-10-10, it ensures vigorous leaf growth, optimal rooting, and abundant production of [&hellip;]<\/p>\n","protected":false},"featured_media":26641,"comment_status":"open","ping_status":"closed","template":"","meta":{"_uag_custom_page_level_css":"","site-sidebar-layout":"default","site-content-layout":"","ast-site-content-layout":"default","site-content-style":"default","site-sidebar-style":"default","ast-global-header-display":"","ast-banner-title-visibility":"","ast-main-header-display":"","ast-hfb-above-header-display":"","ast-hfb-below-header-display":"","ast-hfb-mobile-header-display":"","site-post-title":"","ast-breadcrumbs-content":"","ast-featured-img":"","footer-sml-layout":"","ast-disable-related-posts":"","theme-transparent-header-meta":"default","adv-header-id-meta":"","stick-header-meta":"","header-above-stick-meta":"","header-main-stick-meta":"","header-below-stick-meta":"","astra-migrate-meta-layouts":"set","ast-page-background-enabled":"default","ast-page-background-meta":{"desktop":{"background-color":"var(--ast-global-color-4)","background-image":"","background-repeat":"repeat","background-position":"center center","background-size":"auto","background-attachment":"scroll","background-type":"","background-media":"","overlay-type":"","overlay-color":"","overlay-opacity":"","overlay-gradient":""},"tablet":{"background-color":"","background-image":"","background-repeat":"repeat","background-position":"center center","background-size":"auto","background-attachment":"scroll","background-type":"","background-media":"","overlay-type":"","overlay-color":"","overlay-opacity":"","overlay-gradient":""},"mobile":{"background-color":"","background-image":"","background-repeat":"repeat","background-position":"center center","background-size":"auto","background-attachment":"scroll","background-type":"","background-media":"","overlay-type":"","overlay-color":"","overlay-opacity":"","overlay-gradient":""}},"ast-content-background-meta":{"desktop":{"background-color":"var(--ast-global-color-5)","background-image":"","background-repeat":"repeat","background-position":"center center","background-size":"auto","background-attachment":"scroll","background-type":"","background-media":"","overlay-type":"","overlay-color":"","overlay-opacity":"","overlay-gradient":""},"tablet":{"background-color":"var(--ast-global-color-5)","background-image":"","background-repeat":"repeat","background-position":"center center","background-size":"auto","background-attachment":"scroll","background-type":"","background-media":"","overlay-type":"","overlay-color":"","overlay-opacity":"","overlay-gradient":""},"mobile":{"background-color":"var(--ast-global-color-5)","background-image":"","background-repeat":"repeat","background-position":"center center","background-size":"auto","background-attachment":"scroll","background-type":"","background-media":"","overlay-type":"","overlay-color":"","overlay-opacity":"","overlay-gradient":""}}},"product_brand":[],"product_cat":[178],"product_tag":[],"class_list":{"0":"post-24796","1":"product","2":"type-product","3":"status-publish","4":"has-post-thumbnail","6":"product_cat-fertilizers","7":"desktop-align-left","8":"tablet-align-left","9":"mobile-align-left","11":"first","12":"instock","13":"taxable","14":"shipping-taxable","15":"purchasable","16":"product-type-simple"},"spectra_custom_meta":{"_visibility":["visible"],"_shopify_product_id":["9072137601269"],"_s2w_shopify_domain":["ferberpainting.myshopify.com"],"_shopify_variant_id":["46519520461045"],"_sku":["FPPOTATOFERTILIZER25"],"_regular_price":["39.00"],"_price":["39.00"],"_sale_price":[""],"_weight":["18.7"],"_thumbnail_id":["26641"],"_global_unique_id":["5056773817814"],"total_sales":["14"],"_tax_status":["taxable"],"_tax_class":[""],"_manage_stock":["no"],"_backorders":["no"],"_sold_individually":["no"],"_virtual":["no"],"_downloadable":["no"],"_download_limit":["-1"],"_download_expiry":["-1"],"_stock":[null],"_stock_status":["instock"],"_wc_average_rating":["5.00"],"_wc_review_count":["33"],"_product_version":["10.5.1"],"_wc_rating_count":["a:1:{i:5;i:33;}"],"_edit_lock":["1771223968:1"],"merchant-center-availability":["yes"],"merchant-center-category":["113"],"_edit_last":["1"],"_wp_page_template":["default"],"site-sidebar-layout":["default"],"ast-site-content-layout":["default"],"site-content-style":["default"],"site-sidebar-style":["default"],"theme-transparent-header-meta":["default"],"astra-migrate-meta-layouts":["set"],"_uag_css_file_name":["uag-css-24796.css"],"_elementor_page_assets":["a:0:{}"],"_uag_page_assets":["a:9:{s:3:\"css\";s:7133:\".uag-blocks-common-selector{z-index:var(--z-index-desktop) !important}@media(max-width: 976px){.uag-blocks-common-selector{z-index:var(--z-index-tablet) !important}}@media(max-width: 767px){.uag-blocks-common-selector{z-index:var(--z-index-mobile) !important}}.wp-block-uagb-image{display:flex}.wp-block-uagb-image__figure{position:relative;display:flex;flex-direction:column;max-width:100%;height:auto;margin:0}.wp-block-uagb-image__figure img{height:auto;display:flex;max-width:100%;transition:box-shadow .2s ease}.wp-block-uagb-image__figure>a{display:inline-block}.wp-block-uagb-image__figure figcaption{text-align:center;margin-top:.5em;margin-bottom:1em}.wp-block-uagb-image .components-placeholder.block-editor-media-placeholder .components-placeholder__instructions{align-self:center}.wp-block-uagb-image--align-left{text-align:left}.wp-block-uagb-image--align-right{text-align:right}.wp-block-uagb-image--align-center{text-align:center}.wp-block-uagb-image--align-full .wp-block-uagb-image__figure{margin-left:calc(50% - 50vw);margin-right:calc(50% - 50vw);max-width:100vw;width:100vw;height:auto}.wp-block-uagb-image--align-full .wp-block-uagb-image__figure img{height:auto;width:100% !important}.wp-block-uagb-image--align-wide .wp-block-uagb-image__figure img{height:auto;width:100%}.wp-block-uagb-image--layout-overlay__color-wrapper{position:absolute;left:0;top:0;right:0;bottom:0;opacity:.2;background:rgba(0,0,0,.5);transition:opacity .35s ease-in-out}.wp-block-uagb-image--layout-overlay-link{position:absolute;left:0;right:0;bottom:0;top:0}.wp-block-uagb-image--layout-overlay .wp-block-uagb-image__figure:hover .wp-block-uagb-image--layout-overlay__color-wrapper{opacity:1}.wp-block-uagb-image--layout-overlay__inner{position:absolute;left:15px;right:15px;bottom:15px;top:15px;display:flex;align-items:center;justify-content:center;flex-direction:column;border-color:#fff;transition:.35s ease-in-out}.wp-block-uagb-image--layout-overlay__inner.top-left,.wp-block-uagb-image--layout-overlay__inner.top-center,.wp-block-uagb-image--layout-overlay__inner.top-right{justify-content:flex-start}.wp-block-uagb-image--layout-overlay__inner.bottom-left,.wp-block-uagb-image--layout-overlay__inner.bottom-center,.wp-block-uagb-image--layout-overlay__inner.bottom-right{justify-content:flex-end}.wp-block-uagb-image--layout-overlay__inner.top-left,.wp-block-uagb-image--layout-overlay__inner.center-left,.wp-block-uagb-image--layout-overlay__inner.bottom-left{align-items:flex-start}.wp-block-uagb-image--layout-overlay__inner.top-right,.wp-block-uagb-image--layout-overlay__inner.center-right,.wp-block-uagb-image--layout-overlay__inner.bottom-right{align-items:flex-end}.wp-block-uagb-image--layout-overlay__inner .uagb-image-heading{color:#fff;transition:transform .35s,opacity .35s ease-in-out;transform:translate3d(0, 24px, 0);margin:0;line-height:1em}.wp-block-uagb-image--layout-overlay__inner .uagb-image-separator{width:30%;border-top-width:2px;border-top-color:#fff;border-top-style:solid;margin-bottom:10px;opacity:0;transition:transform .4s,opacity .4s ease-in-out;transform:translate3d(0, 30px, 0)}.wp-block-uagb-image--layout-overlay__inner .uagb-image-caption{opacity:0;overflow:visible;color:#fff;transition:transform .45s,opacity .45s ease-in-out;transform:translate3d(0, 35px, 0)}.wp-block-uagb-image--layout-overlay__inner:hover .uagb-image-heading,.wp-block-uagb-image--layout-overlay__inner:hover .uagb-image-separator,.wp-block-uagb-image--layout-overlay__inner:hover .uagb-image-caption{opacity:1;transform:translate3d(0, 0, 0)}.wp-block-uagb-image--effect-zoomin .wp-block-uagb-image__figure img,.wp-block-uagb-image--effect-zoomin .wp-block-uagb-image__figure .wp-block-uagb-image--layout-overlay__color-wrapper{transform:scale(1);transition:transform .35s ease-in-out}.wp-block-uagb-image--effect-zoomin .wp-block-uagb-image__figure:hover img,.wp-block-uagb-image--effect-zoomin .wp-block-uagb-image__figure:hover .wp-block-uagb-image--layout-overlay__color-wrapper{transform:scale(1.05)}.wp-block-uagb-image--effect-slide .wp-block-uagb-image__figure img,.wp-block-uagb-image--effect-slide .wp-block-uagb-image__figure .wp-block-uagb-image--layout-overlay__color-wrapper{width:calc(100% + 40px) !important;max-width:none !important;transform:translate3d(-40px, 0, 0);transition:transform .35s ease-in-out}.wp-block-uagb-image--effect-slide .wp-block-uagb-image__figure:hover img,.wp-block-uagb-image--effect-slide .wp-block-uagb-image__figure:hover .wp-block-uagb-image--layout-overlay__color-wrapper{transform:translate3d(0, 0, 0)}.wp-block-uagb-image--effect-grayscale img{filter:grayscale(0%);transition:.35s ease-in-out}.wp-block-uagb-image--effect-grayscale:hover img{filter:grayscale(100%)}.wp-block-uagb-image--effect-blur img{filter:blur(0);transition:.35s ease-in-out}.wp-block-uagb-image--effect-blur:hover img{filter:blur(3px)}.uagb-block-e6f939b3.wp-block-uagb-image--layout-default figure img{box-shadow: 0px 0px 0 #00000070;}.uagb-block-e6f939b3.wp-block-uagb-image .wp-block-uagb-image__figure figcaption{font-style: normal;align-self: center;}.uagb-block-e6f939b3.wp-block-uagb-image--layout-overlay figure img{box-shadow: 0px 0px 0 #00000070;}.uagb-block-e6f939b3.wp-block-uagb-image--layout-overlay .wp-block-uagb-image--layout-overlay__color-wrapper{opacity: 0.2;}.uagb-block-e6f939b3.wp-block-uagb-image--layout-overlay .wp-block-uagb-image--layout-overlay__inner{left: 15px;right: 15px;top: 15px;bottom: 15px;}.uagb-block-e6f939b3.wp-block-uagb-image--layout-overlay .wp-block-uagb-image--layout-overlay__inner .uagb-image-heading{font-style: normal;color: #fff;opacity: 1;}.uagb-block-e6f939b3.wp-block-uagb-image--layout-overlay .wp-block-uagb-image--layout-overlay__inner .uagb-image-heading a{color: #fff;}.uagb-block-e6f939b3.wp-block-uagb-image--layout-overlay .wp-block-uagb-image--layout-overlay__inner .uagb-image-caption{opacity: 0;}.uagb-block-e6f939b3.wp-block-uagb-image--layout-overlay .wp-block-uagb-image__figure:hover .wp-block-uagb-image--layout-overlay__color-wrapper{opacity: 1;}.uagb-block-e6f939b3.wp-block-uagb-image .wp-block-uagb-image--layout-overlay__inner .uagb-image-separator{width: 30%;border-top-width: 2px;border-top-color: #fff;opacity: 0;}.uagb-block-e6f939b3.wp-block-uagb-image .wp-block-uagb-image__figure img{width: px;height: auto;}.uagb-block-e6f939b3.wp-block-uagb-image .wp-block-uagb-image__figure:hover .wp-block-uagb-image--layout-overlay__inner .uagb-image-caption{opacity: 1;}.uagb-block-e6f939b3.wp-block-uagb-image .wp-block-uagb-image__figure:hover .wp-block-uagb-image--layout-overlay__inner .uagb-image-separator{opacity: 1;}.uagb-block-e6f939b3.wp-block-uagb-image--layout-default figure:hover img{box-shadow: 0px 0px 0 #00000070;}.uagb-block-e6f939b3.wp-block-uagb-image--layout-overlay figure:hover img{box-shadow: 0px 0px 0 #00000070;}@media only screen and (max-width: 976px) {.uagb-block-e6f939b3.wp-block-uagb-image .wp-block-uagb-image__figure img{width: px;height: auto;}}@media only screen and (max-width: 767px) {.uagb-block-e6f939b3.wp-block-uagb-image .wp-block-uagb-image__figure img{width: px;height: auto;}}\";s:2:\"js\";s:0:\"\";s:18:\"current_block_list\";a:13:{i:0;s:11:\"core\/search\";i:1;s:10:\"core\/group\";i:2;s:12:\"core\/heading\";i:3;s:17:\"core\/latest-posts\";i:4;s:20:\"core\/latest-comments\";i:5;s:13:\"core\/archives\";i:6;s:15:\"core\/categories\";i:7;s:14:\"core\/paragraph\";i:8;s:10:\"uagb\/image\";i:9;s:11:\"core\/spacer\";i:10;s:30:\"woocommerce\/product-categories\";i:11;s:10:\"core\/image\";i:12;s:14:\"core\/shortcode\";}s:8:\"uag_flag\";b:1;s:11:\"uag_version\";s:10:\"1777371531\";s:6:\"gfonts\";a:0:{}s:10:\"gfonts_url\";s:0:\"\";s:12:\"gfonts_files\";a:0:{}s:14:\"uag_faq_layout\";b:0;}"]},"uagb_featured_image_src":{"full":["https:\/\/www.ferberpainting.com\/wp-content\/uploads\/2025\/05\/PotatoFertilizer.png",2560,2560,false],"thumbnail":["https:\/\/www.ferberpainting.com\/wp-content\/uploads\/2025\/05\/PotatoFertilizer-150x150.png",150,150,true],"medium":["https:\/\/www.ferberpainting.com\/wp-content\/uploads\/2025\/05\/PotatoFertilizer-300x300.png",300,300,true],"medium_large":["https:\/\/www.ferberpainting.com\/wp-content\/uploads\/2025\/05\/PotatoFertilizer-768x768.png",768,768,true],"large":["https:\/\/www.ferberpainting.com\/wp-content\/uploads\/2025\/05\/PotatoFertilizer-1024x1024.png",1024,1024,true],"1536x1536":["https:\/\/www.ferberpainting.com\/wp-content\/uploads\/2025\/05\/PotatoFertilizer-1536x1536.png",1536,1536,true],"2048x2048":["https:\/\/www.ferberpainting.com\/wp-content\/uploads\/2025\/05\/PotatoFertilizer-2048x2048.png",2048,2048,true],"trp-custom-language-flag":["https:\/\/www.ferberpainting.com\/wp-content\/uploads\/2025\/05\/PotatoFertilizer-12x12.png",12,12,true],"woocommerce_thumbnail":["https:\/\/www.ferberpainting.com\/wp-content\/uploads\/2025\/05\/PotatoFertilizer-300x300.png",300,300,true],"woocommerce_single":["https:\/\/www.ferberpainting.com\/wp-content\/uploads\/2025\/05\/PotatoFertilizer-600x600.png",600,600,true],"woocommerce_gallery_thumbnail":["https:\/\/www.ferberpainting.com\/wp-content\/uploads\/2025\/05\/PotatoFertilizer-100x100.png",100,100,true]},"uagb_author_info":{"display_name":"admin","author_link":"https:\/\/www.ferberpainting.com\/ee\/author\/"},"uagb_comment_info":33,"uagb_excerpt":"A fertilizer designed to optimize the growth and production of potatoes.\u00a0This fertilizer is specifically formulated to provide potato plants with the essential nutrients for their development. With a perfect balance of nitrogen (N), phosphorus (P), and potassium (K), with an NPK ratio of 10-10-10, it ensures vigorous leaf growth, optimal rooting, and abundant production of&hellip;","_links":{"self":[{"href":"https:\/\/www.ferberpainting.com\/ee\/wp-json\/wp\/v2\/product\/24796","targetHints":{"allow":["GET"]}}],"collection":[{"href":"https:\/\/www.ferberpainting.com\/ee\/wp-json\/wp\/v2\/product"}],"about":[{"href":"https:\/\/www.ferberpainting.com\/ee\/wp-json\/wp\/v2\/types\/product"}],"replies":[{"embeddable":true,"href":"https:\/\/www.ferberpainting.com\/ee\/wp-json\/wp\/v2\/comments?post=24796"}],"version-history":[{"count":4,"href":"https:\/\/www.ferberpainting.com\/ee\/wp-json\/wp\/v2\/product\/24796\/revisions"}],"predecessor-version":[{"id":166994,"href":"https:\/\/www.ferberpainting.com\/ee\/wp-json\/wp\/v2\/product\/24796\/revisions\/166994"}],"wp:featuredmedia":[{"embeddable":true,"href":"https:\/\/www.ferberpainting.com\/ee\/wp-json\/wp\/v2\/media\/26641"}],"wp:attachment":[{"href":"https:\/\/www.ferberpainting.com\/ee\/wp-json\/wp\/v2\/media?parent=24796"}],"wp:term":[{"taxonomy":"product_brand","embeddable":true,"href":"https:\/\/www.ferberpainting.com\/ee\/wp-json\/wp\/v2\/product_brand?post=24796"},{"taxonomy":"product_cat","embeddable":true,"href":"https:\/\/www.ferberpainting.com\/ee\/wp-json\/wp\/v2\/product_cat?post=24796"},{"taxonomy":"product_tag","embeddable":true,"href":"https:\/\/www.ferberpainting.com\/ee\/wp-json\/wp\/v2\/product_tag?post=24796"}],"curies":[{"name":"wp","href":"https:\/\/api.w.org\/{rel}","templated":true}]}}