{"id":24784,"date":"2025-05-26T10:27:08","date_gmt":"2025-05-26T08:27:08","guid":{"rendered":"https:\/\/www.ferberpainting.com\/products\/plumeria-and-frangipani-fertilizer\/"},"modified":"2026-02-16T07:24:23","modified_gmt":"2026-02-16T06:24:23","slug":"plumeria-and-frangipani-fertilizer","status":"publish","type":"product","link":"https:\/\/www.ferberpainting.com\/ee\/products\/plumeria-and-frangipani-fertilizer\/","title":{"rendered":"Plumeria ja Frangipani v\u00e4etis"},"content":{"rendered":"<p><strong><img decoding=\"async\" style=\"margin-right: 12px;\" src=\"https:\/\/www.ferberpainting.com\/wp-content\/uploads\/2026\/02\/Check.svg\" alt=\"\" width=\"18\" height=\"15\" \/>Rohke \u00f5itsemise ja lopsaka lehestiku saavutamiseks m\u00f5eldud v\u00e4etis.<\/strong>\u00a0Frangipani, tuntud ka kui plumeria, on troopiline taim, mis on tuntud oma eksootiliste \u00f5ite ja lummava l\u00f5hna poolest. See tasakaalustatud NPK 15-15-15 v\u00e4etis on spetsiaalselt koostatud selle taime toitumisvajaduste rahuldamiseks, pakkudes optimaalse annuse l\u00e4mmastikku (N), et stimuleerida j\u00f5ulist kasvu, fosforit (P), et tagada rikkalik \u00f5itsemine, ja kaaliumi (K), et suurendada vastupanu haigustele ja rasketele ilmastikutingimustele. T\u00f5husalt toidab see v\u00e4etis teie frangipani, tagades harmoonilise kasvu ja eluj\u00f5ulise \u00f5itsemise hooaja j\u00e4rel.<\/p>\n<p><strong><img decoding=\"async\" style=\"margin-right: 12px;\" src=\"https:\/\/www.ferberpainting.com\/wp-content\/uploads\/2026\/02\/Check.svg\" alt=\"\" width=\"18\" height=\"15\" \/>Raha tagasi garantii.<\/strong>\u00a0Oleme kindlad meie frangipani v\u00e4etise t\u00f5hususes, mist\u00f5ttu pakume raha tagasi garantiid. Kui teie taime kasv, \u00f5itsemine v\u00f5i eluj\u00f5ud ei parane m\u00e4rkimisv\u00e4\u00e4rselt p\u00e4rast n\u00f5uetekohast kasutamist vastavalt soovitustele, kohustume teile kogu raha tagasi maksma. See v\u00f5imaldab teil osta ja kasutada seda toodet t\u00e4ieliku usaldusega.<\/p>\n<p><strong><img decoding=\"async\" style=\"margin-right: 12px;\" src=\"https:\/\/www.ferberpainting.com\/wp-content\/uploads\/2026\/02\/Check.svg\" alt=\"\" width=\"18\" height=\"15\" \/>Sobib k\u00f5ikide sortide ja erinevate kasvutingimuste jaoks.<\/strong>\u00a0See v\u00e4etis sobib ideaalselt k\u00f5ikidele frangipani liikidele, olgu need siis roosad, valged, kollased, punased v\u00f5i mitmev\u00e4rvilised. See sobib ideaalselt v\u00e4litingimustes, pottides, kasvuhoonetes v\u00f5i verandadel istutamiseks ning sobib igat t\u00fc\u00fcpi substraatidega, sealhulgas liivase seguga, huumusesisaldusega muldadega ja troopilistele taimedele kohandatud substraatidega. Olenemata sellest, kas teie frangipani kasvab troopilises, vahemerelises v\u00f5i parasv\u00f6\u00f6tme kliimas, annab see v\u00e4etis k\u00f5ik, mida ta vajab, et t\u00e4ielikult areneda.<\/p>\n<p><strong><img decoding=\"async\" style=\"margin-right: 12px;\" src=\"https:\/\/www.ferberpainting.com\/wp-content\/uploads\/2026\/02\/Check.svg\" alt=\"\" width=\"18\" height=\"15\" \/>Kulut\u00f5hus ja pikaajaline v\u00e4etamine.<\/strong>\u00a0T\u00e4nu vedelale kontsentreeritud koostisele saab 5-liitrise kanistri abil toota kuni 1000 liitrit v\u00e4etislahust, mis tagab pikaajalise ja \u00f6konoomse v\u00e4etamise. Annustamine 5 ml \u00fche liitri vee kohta v\u00f5imaldab optimaalset toitainete imendumist, v\u00e4hendab raiskamist ja piirab kasutussagedust, andes samas n\u00e4htavaid tulemusi juba paari n\u00e4dala jooksul.<\/p>\n<p><strong><img decoding=\"async\" style=\"margin-right: 12px;\" src=\"https:\/\/www.ferberpainting.com\/wp-content\/uploads\/2026\/02\/Check.svg\" alt=\"\" width=\"18\" height=\"15\" \/>Keskkonnale ohutu v\u00e4etis.<\/strong>\u00a0See v\u00e4etis on ohutu mullale, elusloodusele ja \u00fcmbritsevale taimestikule. See ei sisalda kahjulikke keemilisi tooteid, mis v\u00f5iksid m\u00f5jutada mulla kvaliteeti v\u00f5i kahjustada teie aia \u00f6kos\u00fcsteemi. Samuti on see ohutu lemmikloomadele ja lastele, tagades turvalise v\u00e4etamise kogu teie majapidamisele.<\/p>\n<p><strong><img decoding=\"async\" style=\"margin-right: 12px;\" src=\"https:\/\/www.ferberpainting.com\/wp-content\/uploads\/2026\/02\/Check.svg\" alt=\"\" width=\"18\" height=\"15\" \/>Lihtne pealekandmine vaevata v\u00e4etamiseks.<\/strong>\u00a0Erinevalt tahketest v\u00e4etistest, mis n\u00f5uavad hoolikat laotamist, lahustub see vedelv\u00e4etis kergesti vees ja seda saab otse kasta v\u00f5i pihustada, v\u00f5imaldades kiiret ja t\u00f5husat imendumist juurte ja lehtede kaudu. Selle kasutamine on lihtne ja kiire, aidates igasuguse tasemega aednikel kasvatada tervislikku frangipaani minimaalse vaevaga.<\/p>\n<p><strong><img decoding=\"async\" style=\"margin-right: 12px;\" src=\"https:\/\/www.ferberpainting.com\/wp-content\/uploads\/2026\/02\/Check.svg\" alt=\"\" width=\"18\" height=\"15\" \/>Pikaajaline toime kiireks kasvuks ja paremaks stressitaluvuseks.<\/strong>\u00a0See v\u00e4etis toidab frangipanisid mitme n\u00e4dala jooksul, tagades lopsaka lehestiku ja pikaajalise \u00f5itsemise. Samuti suurendab see vastupidavust rasketele ilmastikutingimustele, nagu p\u00f5ud, kuumalained ja tuul. Lisaks suurendab see frangipani v\u00f5imet olla vastupidav haigustele ja kahjurite r\u00fcnnakutele.<\/p>\n<p><strong><img decoding=\"async\" style=\"margin-right: 12px;\" src=\"https:\/\/www.ferberpainting.com\/wp-content\/uploads\/2026\/02\/Check.svg\" alt=\"\" width=\"18\" height=\"15\" \/>N\u00e4htavad tulemused juba esimestel n\u00e4dalatel.<\/strong>\u00a0See v\u00e4etis stimuleerib alates esimesest kasutuskorrast uute v\u00f5rsete kasvu, intensiivistab lehe v\u00e4rvi ja soodustab \u00f5ienuppude moodustumist. Juba m\u00f5ne n\u00e4dalaga on teie frangipani j\u00f5uline ja v\u00e4rviline kasv, rohke \u00f5itsemine ja eluj\u00f5ulised kroonlehed, mis pakuvad visuaalset vaatem\u00e4ngu kogu hooaja v\u00e4ltel.<\/p>\n<h2><strong>Kasutamise protokoll<\/strong><\/h2>\n<ul>\n<li><strong>V\u00e4etise lahjendamine <\/strong>: Segage 5 ml v\u00e4etist 1 liitri vee kohta. Loksutage lahust enne iga kasutamist, et tagada toitainete \u00fchtlane jaotumine.<\/li>\n<li><strong>Rakendusmeetod <\/strong>:\n<ul>\n<li><strong>Kastmisega <\/strong>: Valage lahjendatud lahus otse frangipani jalamile, hoolitsedes selle eest, et muld oleks niisutatud, kuid mitte \u00fcle kastetud, et v\u00e4ltida \u00e4ravoolu ja tagada toitainete hea imendumine.<\/li>\n<li><strong>Lehtpihustuse abil <\/strong>: Pihustage lahust kergelt lehtedele varahommikul v\u00f5i hilis\u00f5htul, et v\u00e4ltida kiiret aurustumist ja tagada optimaalne imendumine.<\/li>\n<\/ul>\n<\/li>\n<li><strong>Rakendamise sagedus <\/strong>:\n<ul>\n<li><strong>Kasvu- ja \u00f5itsemisperioodil (kevad-suvi) <\/strong>: Kandke v\u00e4etist iga kahe n\u00e4dala tagant, et soodustada rikkalikku ja pikaajalist \u00f5itsemist.<\/li>\n<li><strong>vegetatiivse puhkeperioodi ajal (s\u00fcgis-talv) <\/strong>: V\u00e4hendage kasutust kord kuus, et s\u00e4ilitada taimede eluj\u00f5ulisus ilma kasvu \u00fclestimuleerimata.<\/li>\n<\/ul>\n<\/li>\n<li><strong>T\u00e4iendav kastmine <\/strong>: P\u00e4rast v\u00e4etise kasutamist oodake 48 tundi, enne kui kastate uuesti, et optimeerida toitainete imendumist.<\/li>\n<li><strong>Ettevaatusabin\u00f5ud kasutamisel <\/strong>: \u00c4rge \u00fcletage soovitatud annuseid, et v\u00e4ltida mineraalsoolade liigset kogunemist substraati, mis v\u00f5ib aeglustada frangipani kasvu. Kandke ainult kergelt niiskele pinnasele, et tagada toitainete optimaalne imendumine.<\/li>\n<li><strong>Ladustamine ja s\u00e4ilitamine <\/strong>: S\u00e4ilitage v\u00e4etist jahedas ja kuivas kohas, valguse ja niiskuse eest kaitstult. P\u00e4rast kasutamist sulgege mahuti alati tihedalt, et s\u00e4ilitada toote t\u00f5husus ja v\u00e4ltida aurustumist.<\/li>\n<\/ul>\n<p>Selle frangipani v\u00e4etisega pakute oma taimele t\u00e4ielikku ja t\u00e4iuslikult kohandatud toitmist vastavalt selle erivajadustele, tagades j\u00f5ulise kasvu, pideva \u00f5itsemise ja parema vastupidavuse v\u00e4listingimustele. See on ideaalne lahendus, et kaunistada oma aeda, terrassi v\u00f5i r\u00f5du frangipani t\u00e4iusliku tervise ja ilusate \u00f5itega kogu hooaja v\u00e4ltel.<\/p>","protected":false},"excerpt":{"rendered":"<p>A fertilizer designed for abundant blooming and lush foliage.\u00a0Frangipani, also known as Plumeria, is a tropical plant renowned for its exotic flowers and captivating fragrance. This\u00a0balanced NPK 15-15-15 fertilizer has been specially formulated to meet the nutritional needs of this plant, providing an optimized dose of nitrogen (N) to stimulate vigorous growth, phosphorus (P) for [&hellip;]<\/p>\n","protected":false},"featured_media":26633,"comment_status":"open","ping_status":"closed","template":"","meta":{"_uag_custom_page_level_css":"","site-sidebar-layout":"default","site-content-layout":"","ast-site-content-layout":"default","site-content-style":"default","site-sidebar-style":"default","ast-global-header-display":"","ast-banner-title-visibility":"","ast-main-header-display":"","ast-hfb-above-header-display":"","ast-hfb-below-header-display":"","ast-hfb-mobile-header-display":"","site-post-title":"","ast-breadcrumbs-content":"","ast-featured-img":"","footer-sml-layout":"","ast-disable-related-posts":"","theme-transparent-header-meta":"default","adv-header-id-meta":"","stick-header-meta":"","header-above-stick-meta":"","header-main-stick-meta":"","header-below-stick-meta":"","astra-migrate-meta-layouts":"set","ast-page-background-enabled":"default","ast-page-background-meta":{"desktop":{"background-color":"var(--ast-global-color-4)","background-image":"","background-repeat":"repeat","background-position":"center center","background-size":"auto","background-attachment":"scroll","background-type":"","background-media":"","overlay-type":"","overlay-color":"","overlay-opacity":"","overlay-gradient":""},"tablet":{"background-color":"","background-image":"","background-repeat":"repeat","background-position":"center center","background-size":"auto","background-attachment":"scroll","background-type":"","background-media":"","overlay-type":"","overlay-color":"","overlay-opacity":"","overlay-gradient":""},"mobile":{"background-color":"","background-image":"","background-repeat":"repeat","background-position":"center center","background-size":"auto","background-attachment":"scroll","background-type":"","background-media":"","overlay-type":"","overlay-color":"","overlay-opacity":"","overlay-gradient":""}},"ast-content-background-meta":{"desktop":{"background-color":"var(--ast-global-color-5)","background-image":"","background-repeat":"repeat","background-position":"center center","background-size":"auto","background-attachment":"scroll","background-type":"","background-media":"","overlay-type":"","overlay-color":"","overlay-opacity":"","overlay-gradient":""},"tablet":{"background-color":"var(--ast-global-color-5)","background-image":"","background-repeat":"repeat","background-position":"center center","background-size":"auto","background-attachment":"scroll","background-type":"","background-media":"","overlay-type":"","overlay-color":"","overlay-opacity":"","overlay-gradient":""},"mobile":{"background-color":"var(--ast-global-color-5)","background-image":"","background-repeat":"repeat","background-position":"center center","background-size":"auto","background-attachment":"scroll","background-type":"","background-media":"","overlay-type":"","overlay-color":"","overlay-opacity":"","overlay-gradient":""}}},"product_brand":[],"product_cat":[178],"product_tag":[],"class_list":{"0":"post-24784","1":"product","2":"type-product","3":"status-publish","4":"has-post-thumbnail","6":"product_cat-fertilizers","7":"desktop-align-left","8":"tablet-align-left","9":"mobile-align-left","11":"first","12":"instock","13":"sale","14":"taxable","15":"shipping-taxable","16":"purchasable","17":"product-type-variable","18":"has-default-attributes"},"spectra_custom_meta":{"_visibility":["visible"],"_shopify_product_id":["9066891215093"],"_s2w_shopify_domain":["ferberpainting.myshopify.com"],"_shopify_variant_id":["46505212215541"],"_sku":[""],"_manage_stock":["no"],"total_sales":["33"],"_tax_status":["taxable"],"_tax_class":[""],"_backorders":["no"],"_sold_individually":["no"],"_virtual":["no"],"_downloadable":["no"],"_download_limit":["-1"],"_download_expiry":["-1"],"_stock":[null],"_stock_status":["instock"],"_wc_average_rating":["4.86"],"_wc_review_count":["7"],"_product_attributes":["a:1:{s:6:\"volume\";a:6:{s:4:\"name\";s:6:\"Volume\";s:5:\"value\";s:20:\"5 liters | 25 liters\";s:8:\"position\";i:1;s:10:\"is_visible\";i:0;s:12:\"is_variation\";i:1;s:11:\"is_taxonomy\";i:0;}}"],"_product_version":["10.5.1"],"_thumbnail_id":["26633"],"_product_image_gallery":["26634"],"wpse_downloadable_file_names":[""],"wpse_downloadable_file_urls":[""],"_edit_last":["1"],"_default_attributes":["a:1:{s:6:\"volume\";s:8:\"5 liters\";}"],"_wc_rating_count":["a:2:{i:4;i:1;i:5;i:6;}"],"_edit_lock":["1771222923:1"],"_price":["29.90","129.90"],"merchant-center-availability":["yes"],"merchant-center-category":["113"],"_wp_page_template":["default"],"site-sidebar-layout":["default"],"ast-site-content-layout":["default"],"site-content-style":["default"],"site-sidebar-style":["default"],"theme-transparent-header-meta":["default"],"astra-migrate-meta-layouts":["set"],"_uag_css_file_name":["uag-css-24784.css"],"_elementor_page_assets":["a:0:{}"],"_uag_page_assets":["a:9:{s:3:\"css\";s:7133:\".uag-blocks-common-selector{z-index:var(--z-index-desktop) !important}@media(max-width: 976px){.uag-blocks-common-selector{z-index:var(--z-index-tablet) !important}}@media(max-width: 767px){.uag-blocks-common-selector{z-index:var(--z-index-mobile) !important}}.wp-block-uagb-image{display:flex}.wp-block-uagb-image__figure{position:relative;display:flex;flex-direction:column;max-width:100%;height:auto;margin:0}.wp-block-uagb-image__figure img{height:auto;display:flex;max-width:100%;transition:box-shadow .2s ease}.wp-block-uagb-image__figure>a{display:inline-block}.wp-block-uagb-image__figure figcaption{text-align:center;margin-top:.5em;margin-bottom:1em}.wp-block-uagb-image .components-placeholder.block-editor-media-placeholder .components-placeholder__instructions{align-self:center}.wp-block-uagb-image--align-left{text-align:left}.wp-block-uagb-image--align-right{text-align:right}.wp-block-uagb-image--align-center{text-align:center}.wp-block-uagb-image--align-full .wp-block-uagb-image__figure{margin-left:calc(50% - 50vw);margin-right:calc(50% - 50vw);max-width:100vw;width:100vw;height:auto}.wp-block-uagb-image--align-full .wp-block-uagb-image__figure img{height:auto;width:100% !important}.wp-block-uagb-image--align-wide .wp-block-uagb-image__figure img{height:auto;width:100%}.wp-block-uagb-image--layout-overlay__color-wrapper{position:absolute;left:0;top:0;right:0;bottom:0;opacity:.2;background:rgba(0,0,0,.5);transition:opacity .35s ease-in-out}.wp-block-uagb-image--layout-overlay-link{position:absolute;left:0;right:0;bottom:0;top:0}.wp-block-uagb-image--layout-overlay .wp-block-uagb-image__figure:hover .wp-block-uagb-image--layout-overlay__color-wrapper{opacity:1}.wp-block-uagb-image--layout-overlay__inner{position:absolute;left:15px;right:15px;bottom:15px;top:15px;display:flex;align-items:center;justify-content:center;flex-direction:column;border-color:#fff;transition:.35s ease-in-out}.wp-block-uagb-image--layout-overlay__inner.top-left,.wp-block-uagb-image--layout-overlay__inner.top-center,.wp-block-uagb-image--layout-overlay__inner.top-right{justify-content:flex-start}.wp-block-uagb-image--layout-overlay__inner.bottom-left,.wp-block-uagb-image--layout-overlay__inner.bottom-center,.wp-block-uagb-image--layout-overlay__inner.bottom-right{justify-content:flex-end}.wp-block-uagb-image--layout-overlay__inner.top-left,.wp-block-uagb-image--layout-overlay__inner.center-left,.wp-block-uagb-image--layout-overlay__inner.bottom-left{align-items:flex-start}.wp-block-uagb-image--layout-overlay__inner.top-right,.wp-block-uagb-image--layout-overlay__inner.center-right,.wp-block-uagb-image--layout-overlay__inner.bottom-right{align-items:flex-end}.wp-block-uagb-image--layout-overlay__inner .uagb-image-heading{color:#fff;transition:transform .35s,opacity .35s ease-in-out;transform:translate3d(0, 24px, 0);margin:0;line-height:1em}.wp-block-uagb-image--layout-overlay__inner .uagb-image-separator{width:30%;border-top-width:2px;border-top-color:#fff;border-top-style:solid;margin-bottom:10px;opacity:0;transition:transform .4s,opacity .4s ease-in-out;transform:translate3d(0, 30px, 0)}.wp-block-uagb-image--layout-overlay__inner .uagb-image-caption{opacity:0;overflow:visible;color:#fff;transition:transform .45s,opacity .45s ease-in-out;transform:translate3d(0, 35px, 0)}.wp-block-uagb-image--layout-overlay__inner:hover .uagb-image-heading,.wp-block-uagb-image--layout-overlay__inner:hover .uagb-image-separator,.wp-block-uagb-image--layout-overlay__inner:hover .uagb-image-caption{opacity:1;transform:translate3d(0, 0, 0)}.wp-block-uagb-image--effect-zoomin .wp-block-uagb-image__figure img,.wp-block-uagb-image--effect-zoomin .wp-block-uagb-image__figure .wp-block-uagb-image--layout-overlay__color-wrapper{transform:scale(1);transition:transform .35s ease-in-out}.wp-block-uagb-image--effect-zoomin .wp-block-uagb-image__figure:hover img,.wp-block-uagb-image--effect-zoomin .wp-block-uagb-image__figure:hover .wp-block-uagb-image--layout-overlay__color-wrapper{transform:scale(1.05)}.wp-block-uagb-image--effect-slide .wp-block-uagb-image__figure img,.wp-block-uagb-image--effect-slide .wp-block-uagb-image__figure .wp-block-uagb-image--layout-overlay__color-wrapper{width:calc(100% + 40px) !important;max-width:none !important;transform:translate3d(-40px, 0, 0);transition:transform .35s ease-in-out}.wp-block-uagb-image--effect-slide .wp-block-uagb-image__figure:hover img,.wp-block-uagb-image--effect-slide .wp-block-uagb-image__figure:hover .wp-block-uagb-image--layout-overlay__color-wrapper{transform:translate3d(0, 0, 0)}.wp-block-uagb-image--effect-grayscale img{filter:grayscale(0%);transition:.35s ease-in-out}.wp-block-uagb-image--effect-grayscale:hover img{filter:grayscale(100%)}.wp-block-uagb-image--effect-blur img{filter:blur(0);transition:.35s ease-in-out}.wp-block-uagb-image--effect-blur:hover img{filter:blur(3px)}.uagb-block-e6f939b3.wp-block-uagb-image--layout-default figure img{box-shadow: 0px 0px 0 #00000070;}.uagb-block-e6f939b3.wp-block-uagb-image .wp-block-uagb-image__figure figcaption{font-style: normal;align-self: center;}.uagb-block-e6f939b3.wp-block-uagb-image--layout-overlay figure img{box-shadow: 0px 0px 0 #00000070;}.uagb-block-e6f939b3.wp-block-uagb-image--layout-overlay .wp-block-uagb-image--layout-overlay__color-wrapper{opacity: 0.2;}.uagb-block-e6f939b3.wp-block-uagb-image--layout-overlay .wp-block-uagb-image--layout-overlay__inner{left: 15px;right: 15px;top: 15px;bottom: 15px;}.uagb-block-e6f939b3.wp-block-uagb-image--layout-overlay .wp-block-uagb-image--layout-overlay__inner .uagb-image-heading{font-style: normal;color: #fff;opacity: 1;}.uagb-block-e6f939b3.wp-block-uagb-image--layout-overlay .wp-block-uagb-image--layout-overlay__inner .uagb-image-heading a{color: #fff;}.uagb-block-e6f939b3.wp-block-uagb-image--layout-overlay .wp-block-uagb-image--layout-overlay__inner .uagb-image-caption{opacity: 0;}.uagb-block-e6f939b3.wp-block-uagb-image--layout-overlay .wp-block-uagb-image__figure:hover .wp-block-uagb-image--layout-overlay__color-wrapper{opacity: 1;}.uagb-block-e6f939b3.wp-block-uagb-image .wp-block-uagb-image--layout-overlay__inner .uagb-image-separator{width: 30%;border-top-width: 2px;border-top-color: #fff;opacity: 0;}.uagb-block-e6f939b3.wp-block-uagb-image .wp-block-uagb-image__figure img{width: px;height: auto;}.uagb-block-e6f939b3.wp-block-uagb-image .wp-block-uagb-image__figure:hover .wp-block-uagb-image--layout-overlay__inner .uagb-image-caption{opacity: 1;}.uagb-block-e6f939b3.wp-block-uagb-image .wp-block-uagb-image__figure:hover .wp-block-uagb-image--layout-overlay__inner .uagb-image-separator{opacity: 1;}.uagb-block-e6f939b3.wp-block-uagb-image--layout-default figure:hover img{box-shadow: 0px 0px 0 #00000070;}.uagb-block-e6f939b3.wp-block-uagb-image--layout-overlay figure:hover img{box-shadow: 0px 0px 0 #00000070;}@media only screen and (max-width: 976px) {.uagb-block-e6f939b3.wp-block-uagb-image .wp-block-uagb-image__figure img{width: px;height: auto;}}@media only screen and (max-width: 767px) {.uagb-block-e6f939b3.wp-block-uagb-image .wp-block-uagb-image__figure img{width: px;height: auto;}}\";s:2:\"js\";s:0:\"\";s:18:\"current_block_list\";a:13:{i:0;s:11:\"core\/search\";i:1;s:10:\"core\/group\";i:2;s:12:\"core\/heading\";i:3;s:17:\"core\/latest-posts\";i:4;s:20:\"core\/latest-comments\";i:5;s:13:\"core\/archives\";i:6;s:15:\"core\/categories\";i:7;s:14:\"core\/paragraph\";i:8;s:10:\"uagb\/image\";i:9;s:11:\"core\/spacer\";i:10;s:30:\"woocommerce\/product-categories\";i:11;s:10:\"core\/image\";i:12;s:14:\"core\/shortcode\";}s:8:\"uag_flag\";b:1;s:11:\"uag_version\";s:10:\"1777337189\";s:6:\"gfonts\";a:0:{}s:10:\"gfonts_url\";s:0:\"\";s:12:\"gfonts_files\";a:0:{}s:14:\"uag_faq_layout\";b:0;}"]},"uagb_featured_image_src":{"full":["https:\/\/www.ferberpainting.com\/wp-content\/uploads\/2025\/05\/PlumeriaandFrangipaniFertilizer5L.png",2560,2560,false],"thumbnail":["https:\/\/www.ferberpainting.com\/wp-content\/uploads\/2025\/05\/PlumeriaandFrangipaniFertilizer5L-150x150.png",150,150,true],"medium":["https:\/\/www.ferberpainting.com\/wp-content\/uploads\/2025\/05\/PlumeriaandFrangipaniFertilizer5L-300x300.png",300,300,true],"medium_large":["https:\/\/www.ferberpainting.com\/wp-content\/uploads\/2025\/05\/PlumeriaandFrangipaniFertilizer5L-768x768.png",768,768,true],"large":["https:\/\/www.ferberpainting.com\/wp-content\/uploads\/2025\/05\/PlumeriaandFrangipaniFertilizer5L-1024x1024.png",1024,1024,true],"1536x1536":["https:\/\/www.ferberpainting.com\/wp-content\/uploads\/2025\/05\/PlumeriaandFrangipaniFertilizer5L-1536x1536.png",1536,1536,true],"2048x2048":["https:\/\/www.ferberpainting.com\/wp-content\/uploads\/2025\/05\/PlumeriaandFrangipaniFertilizer5L-2048x2048.png",2048,2048,true],"trp-custom-language-flag":["https:\/\/www.ferberpainting.com\/wp-content\/uploads\/2025\/05\/PlumeriaandFrangipaniFertilizer5L-12x12.png",12,12,true],"woocommerce_thumbnail":["https:\/\/www.ferberpainting.com\/wp-content\/uploads\/2025\/05\/PlumeriaandFrangipaniFertilizer5L-300x300.png",300,300,true],"woocommerce_single":["https:\/\/www.ferberpainting.com\/wp-content\/uploads\/2025\/05\/PlumeriaandFrangipaniFertilizer5L-600x600.png",600,600,true],"woocommerce_gallery_thumbnail":["https:\/\/www.ferberpainting.com\/wp-content\/uploads\/2025\/05\/PlumeriaandFrangipaniFertilizer5L-100x100.png",100,100,true]},"uagb_author_info":{"display_name":"admin","author_link":"https:\/\/www.ferberpainting.com\/ee\/author\/"},"uagb_comment_info":7,"uagb_excerpt":"A fertilizer designed for abundant blooming and lush foliage.\u00a0Frangipani, also known as Plumeria, is a tropical plant renowned for its exotic flowers and captivating fragrance. This\u00a0balanced NPK 15-15-15 fertilizer has been specially formulated to meet the nutritional needs of this plant, providing an optimized dose of nitrogen (N) to stimulate vigorous growth, phosphorus (P) for&hellip;","_links":{"self":[{"href":"https:\/\/www.ferberpainting.com\/ee\/wp-json\/wp\/v2\/product\/24784","targetHints":{"allow":["GET"]}}],"collection":[{"href":"https:\/\/www.ferberpainting.com\/ee\/wp-json\/wp\/v2\/product"}],"about":[{"href":"https:\/\/www.ferberpainting.com\/ee\/wp-json\/wp\/v2\/types\/product"}],"replies":[{"embeddable":true,"href":"https:\/\/www.ferberpainting.com\/ee\/wp-json\/wp\/v2\/comments?post=24784"}],"version-history":[{"count":4,"href":"https:\/\/www.ferberpainting.com\/ee\/wp-json\/wp\/v2\/product\/24784\/revisions"}],"predecessor-version":[{"id":166983,"href":"https:\/\/www.ferberpainting.com\/ee\/wp-json\/wp\/v2\/product\/24784\/revisions\/166983"}],"wp:featuredmedia":[{"embeddable":true,"href":"https:\/\/www.ferberpainting.com\/ee\/wp-json\/wp\/v2\/media\/26633"}],"wp:attachment":[{"href":"https:\/\/www.ferberpainting.com\/ee\/wp-json\/wp\/v2\/media?parent=24784"}],"wp:term":[{"taxonomy":"product_brand","embeddable":true,"href":"https:\/\/www.ferberpainting.com\/ee\/wp-json\/wp\/v2\/product_brand?post=24784"},{"taxonomy":"product_cat","embeddable":true,"href":"https:\/\/www.ferberpainting.com\/ee\/wp-json\/wp\/v2\/product_cat?post=24784"},{"taxonomy":"product_tag","embeddable":true,"href":"https:\/\/www.ferberpainting.com\/ee\/wp-json\/wp\/v2\/product_tag?post=24784"}],"curies":[{"name":"wp","href":"https:\/\/api.w.org\/{rel}","templated":true}]}}