{"id":24771,"date":"2025-05-26T10:27:04","date_gmt":"2025-05-26T08:27:04","guid":{"rendered":"https:\/\/www.ferberpainting.com\/products\/photinia-fertilizer\/"},"modified":"2026-02-16T07:05:22","modified_gmt":"2026-02-16T06:05:22","slug":"photinia-fertilizer","status":"publish","type":"product","link":"https:\/\/www.ferberpainting.com\/ee\/products\/photinia-fertilizer\/","title":{"rendered":"Photinia v\u00e4etis"},"content":{"rendered":"<p><strong><img decoding=\"async\" style=\"margin-right: 12px;\" src=\"https:\/\/www.ferberpainting.com\/wp-content\/uploads\/2026\/02\/Check.svg\" alt=\"\" width=\"18\" height=\"15\" \/>Tasakaalustatud v\u00e4etis eluj\u00f5ulise ja vastupidava fotiinia jaoks.<\/strong>\u00a0Photinia on k\u00f5rgelt hinnatud p\u00f5\u00f5sas oma p\u00fcsiva ja v\u00e4rvilise lehestiku t\u00f5ttu, mis on vaheldumisi roheline ja erkpunane. Kiire kasvu, optimaalse tiheduse ja intensiivse v\u00e4rvuse tagamiseks on oluline tagada talle vajalikud toitained. See NPK 15-15-15 v\u00e4etis pakub t\u00e4iuslikus tasakaalus l\u00e4mmastikku (N), et soodustada lehe kasvu, fosforit (P), et toetada juurte arengut, ja kaaliumi (K), et tugevdada vastupanuv\u00f5imet haigustele ja kliimatingimustele. T\u00e4nu sellisele t\u00e4ielikule v\u00e4etamisele areneb teie fotiinia tiheda lehestiku, struktureeritud kasvukoha ja \u00fchtlase kasvuga aastaringselt.<\/p>\n<p><strong><img decoding=\"async\" style=\"margin-right: 12px;\" src=\"https:\/\/www.ferberpainting.com\/wp-content\/uploads\/2026\/02\/Check.svg\" alt=\"\" width=\"18\" height=\"15\" \/>Raha tagasi garantii.<\/strong>\u00a0Kuna me oleme veendunud meie photinia v\u00e4etise t\u00f5hususes, pakume raha tagasi garantiid. Kui hoolimata n\u00f5uetekohasest ja soovituste kohasest kasutamisest ei m\u00e4rka te kasvu ja eluj\u00f5ulisuse olulist paranemist, kohustume teile raha t\u00e4ielikult tagasi maksma.<\/p>\n<p><strong><img decoding=\"async\" style=\"margin-right: 12px;\" src=\"https:\/\/www.ferberpainting.com\/wp-content\/uploads\/2026\/02\/Check.svg\" alt=\"\" width=\"18\" height=\"15\" \/>Sobib k\u00f5ikidele pinnaset\u00fc\u00fcpidele ja keskkondadele.<\/strong>\u00a0See v\u00e4etis sobib k\u00f5ikidele mullaliikidele, olgu need siis liivased, savised, lubjarikkad v\u00f5i huumoririkkad. See on t\u00f5hus nii vabasse pinnasesse istutatud kui ka potis kasvatatud foiniitide puhul. T\u00e4nu vees lahustuvale koostisele tagab see kiire juurte imendumise, tagades seel\u00e4bi pideva ja t\u00f5husa varustatuse oluliste toitainetega.<\/p>\n<p><strong><img decoding=\"async\" style=\"margin-right: 12px;\" src=\"https:\/\/www.ferberpainting.com\/wp-content\/uploads\/2026\/02\/Check.svg\" alt=\"\" width=\"18\" height=\"15\" \/>Suurep\u00e4rane majanduslik tasuvus ja pikaajaline tegevus.<\/strong>\u00a0See v\u00e4etis on vedela lahusena, mida saab lahjendada, mis v\u00f5imaldab toitainete optimaalset ja \u00fchtlast levikut. Annustades 5 ml \u00fche liitri vee kohta, valmistab 5-liitrine kanister kuni 1000 liitrit toitainelahust, mis vastab mitme kuu regulaarsele hooldusele. Selle j\u00e4rkj\u00e4rguline eraldamine tagab pideva v\u00e4etamise ilma liigseteta, tagades p\u00f5\u00f5saste harmoonilise arengu.<\/p>\n<p><strong><img decoding=\"async\" style=\"margin-right: 12px;\" src=\"https:\/\/www.ferberpainting.com\/wp-content\/uploads\/2026\/02\/Check.svg\" alt=\"\" width=\"18\" height=\"15\" \/>Mittem\u00fcrgine ja keskkonnas\u00f5bralik v\u00e4etis.<\/strong>\u00a0See v\u00e4etis ei sisalda kahjulikke kemikaale ja on t\u00e4iesti ohutu mullale, istandustele ja \u00fcmbritsevale elusloodusele. See ei kujuta endast ohtu lemmikloomadele ega tolmeldavatele putukatele, mist\u00f5ttu on see ohutu valik tervisliku ja bioloogilist mitmekesisust austava aia jaoks.<\/p>\n<p><strong><img decoding=\"async\" style=\"margin-right: 12px;\" src=\"https:\/\/www.ferberpainting.com\/wp-content\/uploads\/2026\/02\/Check.svg\" alt=\"\" width=\"18\" height=\"15\" \/>Lihtne pealekandmine ja vaevata v\u00e4etamine.<\/strong>\u00a0Erinevalt tahketest v\u00e4etistest, mida tuleb mulda matta, on seda vedelv\u00e4etist lihtne kasutada. Lihtsalt segage seda kastmisveega ja valage see otse fotosiinia alusele. Selle kiire ja t\u00f5hus kasutamine on ideaalne nii algajatele aednikele kui ka p\u00f5\u00f5saste optimaalse hoolduse p\u00e4rast muretsevatele entusiastidele.<\/p>\n<p><strong><img decoding=\"async\" style=\"margin-right: 12px;\" src=\"https:\/\/www.ferberpainting.com\/wp-content\/uploads\/2026\/02\/Check.svg\" alt=\"\" width=\"18\" height=\"15\" \/>Kiire tegevus n\u00e4htavate tulemuste saavutamiseks vaid m\u00f5ne n\u00e4dala jooksul.<\/strong>\u00a0Juba esimestel n\u00e4dalatel p\u00e4rast pealekandmist t\u00e4heldate tugevamat kasvu, tihedamat lehestikku ja eluj\u00f5ulisemat v\u00e4rvi. T\u00e4nu kiiresti imenduvale koostisele stimuleerib see v\u00e4etis uute v\u00f5rsete moodustumist ja hoiab \u00e4ra toitainete puudusest tingitud kolletumise v\u00f5i aeglustunud kasvu.<\/p>\n<p><strong><img decoding=\"async\" style=\"margin-right: 12px;\" src=\"https:\/\/www.ferberpainting.com\/wp-content\/uploads\/2026\/02\/Check.svg\" alt=\"\" width=\"18\" height=\"15\" \/>Pikaajaline v\u00e4etamine s\u00e4rava lehestiku tagamiseks aastaringselt.<\/strong>\u00a0T\u00e4nu oma laiendatud toimele tagab see v\u00e4etis j\u00e4rjepideva ja tasakaalustatud kasvu, v\u00e4ltides stagnatsioonifaase. See parandab photinia resistentsust selliste levinud haiguste suhtes nagu k\u00e4rnt\u00f5bi ja lehtlaik ning kaitseb p\u00f5\u00f5said \u00e4\u00e4rmuslike ilmastikutingimuste (p\u00f5ud, k\u00fclm jne) eest.<\/p>\n<h2><strong>Kasutamise protokoll<\/strong><\/h2>\n<p><strong>Soovitatav annus <\/strong>:<\/p>\n<ul>\n<li><strong>Photinia pottides\u00a0<\/strong>: Lahjendage 5 ml v\u00e4etist 1 liitris vees ja kastke \u00fcmber taime aluse.<\/li>\n<li><strong>Photinia istutatud maa sisse <\/strong>: Kandke 5 ml lahjendatud v\u00e4etist 1 liitris vees \u00fche p\u00f5\u00f5sa kohta otse niiskele pinnasele.<\/li>\n<li><strong>Noored taimed v\u00f5i hiljuti \u00fcmber istutatud fotiiniumid <\/strong>: V\u00e4hendage kontsentratsiooni 2,5 ml-ni liitri vee kohta, et v\u00e4ltida liigseid toitaineid.<\/li>\n<\/ul>\n<p><strong>Rakendusmeetod <\/strong>:<\/p>\n<ul>\n<li><strong>Kastmisega <\/strong>: Valage toitelahus fotiinia alusele, veendudes, et muld on korralikult leotatud, ilma et see oleks vettinud.<\/li>\n<li><strong>Lehtpihustamise teel<\/strong> (lisana) : Lahjendage 1 ml v\u00e4etist \u00fche liitri vee kohta ja pihustage lehestikule, et kiirendada toitainete imendumist.<\/li>\n<\/ul>\n<p><strong>Kohaldamise sagedus <\/strong>:<\/p>\n<ul>\n<li><strong>Aktiivse kasvu ajal (kevad-suvi) <\/strong>: Kasutage v\u00e4etist iga kahe n\u00e4dala tagant, et stimuleerida kasvu ja suurendada lehestiku v\u00e4rvi.<\/li>\n<li><strong>Puhkeperioodil (s\u00fcgis-talv) <\/strong>: V\u00e4hendage manustamist kord kuus, et s\u00e4ilitada eluj\u00f5udu ilma liigse stimulatsioonita.<\/li>\n<\/ul>\n<p><strong>Ettevaatusabin\u00f5ud kasutamisel <\/strong>:<\/p>\n<ul>\n<li>\u00c4rge doseerige v\u00e4etist \u00fcle, et v\u00e4ltida toitainete liigset kogunemist mullas.<\/li>\n<li>Toitainete imendumise h\u00f5lbustamiseks kandke v\u00e4etised alati niiskele pinnasele.<br \/>\nV\u00e4ltige kasutamist t\u00e4isp\u00e4ikese k\u00e4es, et v\u00e4ltida toitainete kiiret aurustumist.<\/li>\n<\/ul>\n<p><strong>Ladustamine ja s\u00e4ilitamine<\/strong> :<\/p>\n<ul>\n<li>S\u00e4ilitage v\u00e4etist jahedas ja kuivas kohas, eemal otsese valguse ja niiskuse eest.<\/li>\n<li>Toote kvaliteedi s\u00e4ilitamiseks sulgege pakend p\u00e4rast iga kasutamist tihedalt.<\/li>\n<\/ul>\n<p>T\u00e4nu sellele photinia v\u00e4etisele on teie hekk v\u00f5i peenar eluj\u00f5uline, v\u00e4rviline ja t\u00e4iesti terve lehestik aastaringselt. Olenemata sellest, kas teie fotiinia on istutatud potti, mulda v\u00f5i hekiks, see lihtne ja v\u00e4ga t\u00f5hus v\u00e4etislahus tagab optimaalse tulemuse saavutamiseks v\u00e4etamise vaevata.<\/p>","protected":false},"excerpt":{"rendered":"<p>A balanced fertilizer for vibrant and resilient photinia.\u00a0Photinia is a highly valued shrub for its persistent and colorful foliage, alternating between green and bright red. To ensure rapid growth, optimal density, and intense coloration, it is essential to provide it with the necessary nutrients. This NPK 15-15-15 fertilizer provides a perfect balance of nitrogen (N) [&hellip;]<\/p>\n","protected":false},"featured_media":26627,"comment_status":"open","ping_status":"closed","template":"","meta":{"_uag_custom_page_level_css":"","site-sidebar-layout":"default","site-content-layout":"","ast-site-content-layout":"default","site-content-style":"default","site-sidebar-style":"default","ast-global-header-display":"","ast-banner-title-visibility":"","ast-main-header-display":"","ast-hfb-above-header-display":"","ast-hfb-below-header-display":"","ast-hfb-mobile-header-display":"","site-post-title":"","ast-breadcrumbs-content":"","ast-featured-img":"","footer-sml-layout":"","ast-disable-related-posts":"","theme-transparent-header-meta":"default","adv-header-id-meta":"","stick-header-meta":"","header-above-stick-meta":"","header-main-stick-meta":"","header-below-stick-meta":"","astra-migrate-meta-layouts":"set","ast-page-background-enabled":"default","ast-page-background-meta":{"desktop":{"background-color":"var(--ast-global-color-4)","background-image":"","background-repeat":"repeat","background-position":"center center","background-size":"auto","background-attachment":"scroll","background-type":"","background-media":"","overlay-type":"","overlay-color":"","overlay-opacity":"","overlay-gradient":""},"tablet":{"background-color":"","background-image":"","background-repeat":"repeat","background-position":"center center","background-size":"auto","background-attachment":"scroll","background-type":"","background-media":"","overlay-type":"","overlay-color":"","overlay-opacity":"","overlay-gradient":""},"mobile":{"background-color":"","background-image":"","background-repeat":"repeat","background-position":"center center","background-size":"auto","background-attachment":"scroll","background-type":"","background-media":"","overlay-type":"","overlay-color":"","overlay-opacity":"","overlay-gradient":""}},"ast-content-background-meta":{"desktop":{"background-color":"var(--ast-global-color-5)","background-image":"","background-repeat":"repeat","background-position":"center center","background-size":"auto","background-attachment":"scroll","background-type":"","background-media":"","overlay-type":"","overlay-color":"","overlay-opacity":"","overlay-gradient":""},"tablet":{"background-color":"var(--ast-global-color-5)","background-image":"","background-repeat":"repeat","background-position":"center center","background-size":"auto","background-attachment":"scroll","background-type":"","background-media":"","overlay-type":"","overlay-color":"","overlay-opacity":"","overlay-gradient":""},"mobile":{"background-color":"var(--ast-global-color-5)","background-image":"","background-repeat":"repeat","background-position":"center center","background-size":"auto","background-attachment":"scroll","background-type":"","background-media":"","overlay-type":"","overlay-color":"","overlay-opacity":"","overlay-gradient":""}}},"product_brand":[],"product_cat":[178],"product_tag":[],"class_list":{"0":"post-24771","1":"product","2":"type-product","3":"status-publish","4":"has-post-thumbnail","6":"product_cat-fertilizers","7":"desktop-align-left","8":"tablet-align-left","9":"mobile-align-left","11":"first","12":"instock","13":"sale","14":"taxable","15":"shipping-taxable","16":"purchasable","17":"product-type-variable","18":"has-default-attributes"},"spectra_custom_meta":{"_visibility":["visible"],"_shopify_product_id":["9068037964021"],"_s2w_shopify_domain":["ferberpainting.myshopify.com"],"_shopify_variant_id":["46509904167157"],"_sku":[""],"_manage_stock":["no"],"total_sales":["134"],"_tax_status":["taxable"],"_tax_class":[""],"_backorders":["no"],"_sold_individually":["no"],"_virtual":["no"],"_downloadable":["no"],"_download_limit":["-1"],"_download_expiry":["-1"],"_stock":[null],"_stock_status":["instock"],"_wc_average_rating":["4.63"],"_wc_review_count":["8"],"_product_attributes":["a:1:{s:6:\"volume\";a:6:{s:4:\"name\";s:6:\"Volume\";s:5:\"value\";s:20:\"5 liters | 25 liters\";s:8:\"position\";i:1;s:10:\"is_visible\";i:0;s:12:\"is_variation\";i:1;s:11:\"is_taxonomy\";i:0;}}"],"_product_version":["10.5.1"],"_thumbnail_id":["26627"],"_product_image_gallery":["26628"],"wpse_downloadable_file_names":[""],"wpse_downloadable_file_urls":[""],"_edit_last":["1"],"_default_attributes":["a:1:{s:6:\"volume\";s:8:\"5 liters\";}"],"_edit_lock":["1771221783:1"],"_price":["29.90","129.90"],"merchant-center-availability":["yes"],"merchant-center-category":["113"],"_wp_page_template":["default"],"site-sidebar-layout":["default"],"ast-site-content-layout":["default"],"site-content-style":["default"],"site-sidebar-style":["default"],"theme-transparent-header-meta":["default"],"_wc_rating_count":["a:2:{i:4;i:3;i:5;i:5;}"],"astra-migrate-meta-layouts":["set"],"_uag_css_file_name":["uag-css-24771.css"],"_elementor_page_assets":["a:0:{}"],"_uag_page_assets":["a:9:{s:3:\"css\";s:7133:\".uag-blocks-common-selector{z-index:var(--z-index-desktop) !important}@media(max-width: 976px){.uag-blocks-common-selector{z-index:var(--z-index-tablet) !important}}@media(max-width: 767px){.uag-blocks-common-selector{z-index:var(--z-index-mobile) !important}}.wp-block-uagb-image{display:flex}.wp-block-uagb-image__figure{position:relative;display:flex;flex-direction:column;max-width:100%;height:auto;margin:0}.wp-block-uagb-image__figure img{height:auto;display:flex;max-width:100%;transition:box-shadow .2s ease}.wp-block-uagb-image__figure>a{display:inline-block}.wp-block-uagb-image__figure figcaption{text-align:center;margin-top:.5em;margin-bottom:1em}.wp-block-uagb-image .components-placeholder.block-editor-media-placeholder .components-placeholder__instructions{align-self:center}.wp-block-uagb-image--align-left{text-align:left}.wp-block-uagb-image--align-right{text-align:right}.wp-block-uagb-image--align-center{text-align:center}.wp-block-uagb-image--align-full .wp-block-uagb-image__figure{margin-left:calc(50% - 50vw);margin-right:calc(50% - 50vw);max-width:100vw;width:100vw;height:auto}.wp-block-uagb-image--align-full .wp-block-uagb-image__figure img{height:auto;width:100% !important}.wp-block-uagb-image--align-wide .wp-block-uagb-image__figure img{height:auto;width:100%}.wp-block-uagb-image--layout-overlay__color-wrapper{position:absolute;left:0;top:0;right:0;bottom:0;opacity:.2;background:rgba(0,0,0,.5);transition:opacity .35s ease-in-out}.wp-block-uagb-image--layout-overlay-link{position:absolute;left:0;right:0;bottom:0;top:0}.wp-block-uagb-image--layout-overlay .wp-block-uagb-image__figure:hover .wp-block-uagb-image--layout-overlay__color-wrapper{opacity:1}.wp-block-uagb-image--layout-overlay__inner{position:absolute;left:15px;right:15px;bottom:15px;top:15px;display:flex;align-items:center;justify-content:center;flex-direction:column;border-color:#fff;transition:.35s ease-in-out}.wp-block-uagb-image--layout-overlay__inner.top-left,.wp-block-uagb-image--layout-overlay__inner.top-center,.wp-block-uagb-image--layout-overlay__inner.top-right{justify-content:flex-start}.wp-block-uagb-image--layout-overlay__inner.bottom-left,.wp-block-uagb-image--layout-overlay__inner.bottom-center,.wp-block-uagb-image--layout-overlay__inner.bottom-right{justify-content:flex-end}.wp-block-uagb-image--layout-overlay__inner.top-left,.wp-block-uagb-image--layout-overlay__inner.center-left,.wp-block-uagb-image--layout-overlay__inner.bottom-left{align-items:flex-start}.wp-block-uagb-image--layout-overlay__inner.top-right,.wp-block-uagb-image--layout-overlay__inner.center-right,.wp-block-uagb-image--layout-overlay__inner.bottom-right{align-items:flex-end}.wp-block-uagb-image--layout-overlay__inner .uagb-image-heading{color:#fff;transition:transform .35s,opacity .35s ease-in-out;transform:translate3d(0, 24px, 0);margin:0;line-height:1em}.wp-block-uagb-image--layout-overlay__inner .uagb-image-separator{width:30%;border-top-width:2px;border-top-color:#fff;border-top-style:solid;margin-bottom:10px;opacity:0;transition:transform .4s,opacity .4s ease-in-out;transform:translate3d(0, 30px, 0)}.wp-block-uagb-image--layout-overlay__inner .uagb-image-caption{opacity:0;overflow:visible;color:#fff;transition:transform .45s,opacity .45s ease-in-out;transform:translate3d(0, 35px, 0)}.wp-block-uagb-image--layout-overlay__inner:hover .uagb-image-heading,.wp-block-uagb-image--layout-overlay__inner:hover .uagb-image-separator,.wp-block-uagb-image--layout-overlay__inner:hover .uagb-image-caption{opacity:1;transform:translate3d(0, 0, 0)}.wp-block-uagb-image--effect-zoomin .wp-block-uagb-image__figure img,.wp-block-uagb-image--effect-zoomin .wp-block-uagb-image__figure .wp-block-uagb-image--layout-overlay__color-wrapper{transform:scale(1);transition:transform .35s ease-in-out}.wp-block-uagb-image--effect-zoomin .wp-block-uagb-image__figure:hover img,.wp-block-uagb-image--effect-zoomin .wp-block-uagb-image__figure:hover .wp-block-uagb-image--layout-overlay__color-wrapper{transform:scale(1.05)}.wp-block-uagb-image--effect-slide .wp-block-uagb-image__figure img,.wp-block-uagb-image--effect-slide .wp-block-uagb-image__figure .wp-block-uagb-image--layout-overlay__color-wrapper{width:calc(100% + 40px) !important;max-width:none !important;transform:translate3d(-40px, 0, 0);transition:transform .35s ease-in-out}.wp-block-uagb-image--effect-slide .wp-block-uagb-image__figure:hover img,.wp-block-uagb-image--effect-slide .wp-block-uagb-image__figure:hover .wp-block-uagb-image--layout-overlay__color-wrapper{transform:translate3d(0, 0, 0)}.wp-block-uagb-image--effect-grayscale img{filter:grayscale(0%);transition:.35s ease-in-out}.wp-block-uagb-image--effect-grayscale:hover img{filter:grayscale(100%)}.wp-block-uagb-image--effect-blur img{filter:blur(0);transition:.35s ease-in-out}.wp-block-uagb-image--effect-blur:hover img{filter:blur(3px)}.uagb-block-e6f939b3.wp-block-uagb-image--layout-default figure img{box-shadow: 0px 0px 0 #00000070;}.uagb-block-e6f939b3.wp-block-uagb-image .wp-block-uagb-image__figure figcaption{font-style: normal;align-self: center;}.uagb-block-e6f939b3.wp-block-uagb-image--layout-overlay figure img{box-shadow: 0px 0px 0 #00000070;}.uagb-block-e6f939b3.wp-block-uagb-image--layout-overlay .wp-block-uagb-image--layout-overlay__color-wrapper{opacity: 0.2;}.uagb-block-e6f939b3.wp-block-uagb-image--layout-overlay .wp-block-uagb-image--layout-overlay__inner{left: 15px;right: 15px;top: 15px;bottom: 15px;}.uagb-block-e6f939b3.wp-block-uagb-image--layout-overlay .wp-block-uagb-image--layout-overlay__inner .uagb-image-heading{font-style: normal;color: #fff;opacity: 1;}.uagb-block-e6f939b3.wp-block-uagb-image--layout-overlay .wp-block-uagb-image--layout-overlay__inner .uagb-image-heading a{color: #fff;}.uagb-block-e6f939b3.wp-block-uagb-image--layout-overlay .wp-block-uagb-image--layout-overlay__inner .uagb-image-caption{opacity: 0;}.uagb-block-e6f939b3.wp-block-uagb-image--layout-overlay .wp-block-uagb-image__figure:hover .wp-block-uagb-image--layout-overlay__color-wrapper{opacity: 1;}.uagb-block-e6f939b3.wp-block-uagb-image .wp-block-uagb-image--layout-overlay__inner .uagb-image-separator{width: 30%;border-top-width: 2px;border-top-color: #fff;opacity: 0;}.uagb-block-e6f939b3.wp-block-uagb-image .wp-block-uagb-image__figure img{width: px;height: auto;}.uagb-block-e6f939b3.wp-block-uagb-image .wp-block-uagb-image__figure:hover .wp-block-uagb-image--layout-overlay__inner .uagb-image-caption{opacity: 1;}.uagb-block-e6f939b3.wp-block-uagb-image .wp-block-uagb-image__figure:hover .wp-block-uagb-image--layout-overlay__inner .uagb-image-separator{opacity: 1;}.uagb-block-e6f939b3.wp-block-uagb-image--layout-default figure:hover img{box-shadow: 0px 0px 0 #00000070;}.uagb-block-e6f939b3.wp-block-uagb-image--layout-overlay figure:hover img{box-shadow: 0px 0px 0 #00000070;}@media only screen and (max-width: 976px) {.uagb-block-e6f939b3.wp-block-uagb-image .wp-block-uagb-image__figure img{width: px;height: auto;}}@media only screen and (max-width: 767px) {.uagb-block-e6f939b3.wp-block-uagb-image .wp-block-uagb-image__figure img{width: px;height: auto;}}\";s:2:\"js\";s:0:\"\";s:18:\"current_block_list\";a:13:{i:0;s:11:\"core\/search\";i:1;s:10:\"core\/group\";i:2;s:12:\"core\/heading\";i:3;s:17:\"core\/latest-posts\";i:4;s:20:\"core\/latest-comments\";i:5;s:13:\"core\/archives\";i:6;s:15:\"core\/categories\";i:7;s:14:\"core\/paragraph\";i:8;s:10:\"uagb\/image\";i:9;s:11:\"core\/spacer\";i:10;s:30:\"woocommerce\/product-categories\";i:11;s:10:\"core\/image\";i:12;s:14:\"core\/shortcode\";}s:8:\"uag_flag\";b:1;s:11:\"uag_version\";s:10:\"1777344851\";s:6:\"gfonts\";a:0:{}s:10:\"gfonts_url\";s:0:\"\";s:12:\"gfonts_files\";a:0:{}s:14:\"uag_faq_layout\";b:0;}"]},"uagb_featured_image_src":{"full":["https:\/\/www.ferberpainting.com\/wp-content\/uploads\/2025\/05\/PhotiniaFertilizer5L.png",2560,2560,false],"thumbnail":["https:\/\/www.ferberpainting.com\/wp-content\/uploads\/2025\/05\/PhotiniaFertilizer5L-150x150.png",150,150,true],"medium":["https:\/\/www.ferberpainting.com\/wp-content\/uploads\/2025\/05\/PhotiniaFertilizer5L-300x300.png",300,300,true],"medium_large":["https:\/\/www.ferberpainting.com\/wp-content\/uploads\/2025\/05\/PhotiniaFertilizer5L-768x768.png",768,768,true],"large":["https:\/\/www.ferberpainting.com\/wp-content\/uploads\/2025\/05\/PhotiniaFertilizer5L-1024x1024.png",1024,1024,true],"1536x1536":["https:\/\/www.ferberpainting.com\/wp-content\/uploads\/2025\/05\/PhotiniaFertilizer5L-1536x1536.png",1536,1536,true],"2048x2048":["https:\/\/www.ferberpainting.com\/wp-content\/uploads\/2025\/05\/PhotiniaFertilizer5L-2048x2048.png",2048,2048,true],"trp-custom-language-flag":["https:\/\/www.ferberpainting.com\/wp-content\/uploads\/2025\/05\/PhotiniaFertilizer5L-12x12.png",12,12,true],"woocommerce_thumbnail":["https:\/\/www.ferberpainting.com\/wp-content\/uploads\/2025\/05\/PhotiniaFertilizer5L-300x300.png",300,300,true],"woocommerce_single":["https:\/\/www.ferberpainting.com\/wp-content\/uploads\/2025\/05\/PhotiniaFertilizer5L-600x600.png",600,600,true],"woocommerce_gallery_thumbnail":["https:\/\/www.ferberpainting.com\/wp-content\/uploads\/2025\/05\/PhotiniaFertilizer5L-100x100.png",100,100,true]},"uagb_author_info":{"display_name":"admin","author_link":"https:\/\/www.ferberpainting.com\/ee\/author\/"},"uagb_comment_info":8,"uagb_excerpt":"A balanced fertilizer for vibrant and resilient photinia.\u00a0Photinia is a highly valued shrub for its persistent and colorful foliage, alternating between green and bright red. To ensure rapid growth, optimal density, and intense coloration, it is essential to provide it with the necessary nutrients. This NPK 15-15-15 fertilizer provides a perfect balance of nitrogen (N)&hellip;","_links":{"self":[{"href":"https:\/\/www.ferberpainting.com\/ee\/wp-json\/wp\/v2\/product\/24771","targetHints":{"allow":["GET"]}}],"collection":[{"href":"https:\/\/www.ferberpainting.com\/ee\/wp-json\/wp\/v2\/product"}],"about":[{"href":"https:\/\/www.ferberpainting.com\/ee\/wp-json\/wp\/v2\/types\/product"}],"replies":[{"embeddable":true,"href":"https:\/\/www.ferberpainting.com\/ee\/wp-json\/wp\/v2\/comments?post=24771"}],"version-history":[{"count":4,"href":"https:\/\/www.ferberpainting.com\/ee\/wp-json\/wp\/v2\/product\/24771\/revisions"}],"predecessor-version":[{"id":166967,"href":"https:\/\/www.ferberpainting.com\/ee\/wp-json\/wp\/v2\/product\/24771\/revisions\/166967"}],"wp:featuredmedia":[{"embeddable":true,"href":"https:\/\/www.ferberpainting.com\/ee\/wp-json\/wp\/v2\/media\/26627"}],"wp:attachment":[{"href":"https:\/\/www.ferberpainting.com\/ee\/wp-json\/wp\/v2\/media?parent=24771"}],"wp:term":[{"taxonomy":"product_brand","embeddable":true,"href":"https:\/\/www.ferberpainting.com\/ee\/wp-json\/wp\/v2\/product_brand?post=24771"},{"taxonomy":"product_cat","embeddable":true,"href":"https:\/\/www.ferberpainting.com\/ee\/wp-json\/wp\/v2\/product_cat?post=24771"},{"taxonomy":"product_tag","embeddable":true,"href":"https:\/\/www.ferberpainting.com\/ee\/wp-json\/wp\/v2\/product_tag?post=24771"}],"curies":[{"name":"wp","href":"https:\/\/api.w.org\/{rel}","templated":true}]}}