{"id":24764,"date":"2025-05-26T10:27:01","date_gmt":"2025-05-26T08:27:01","guid":{"rendered":"https:\/\/www.ferberpainting.com\/products\/pasture-and-grassland-fertilizer\/"},"modified":"2026-02-15T23:43:12","modified_gmt":"2026-02-15T22:43:12","slug":"pasture-and-grassland-fertilizer","status":"publish","type":"product","link":"https:\/\/www.ferberpainting.com\/ee\/products\/pasture-and-grassland-fertilizer\/","title":{"rendered":"Karjamaa ja rohumaa v\u00e4etis 25 kg"},"content":{"rendered":"<p><strong><img decoding=\"async\" style=\"margin-right: 12px;\" src=\"https:\/\/www.ferberpainting.com\/wp-content\/uploads\/2026\/02\/Check.svg\" alt=\"\" width=\"18\" height=\"15\" \/>Tasakaalustatud v\u00e4etis lopsakate niitude ja toitvate karjamaade jaoks.<\/strong>\u00a0Niidud ja karjamaad on kariloomade toitmiseks ja viljakate muldade s\u00e4ilitamiseks h\u00e4davajalikud alad. Meie NPK 10-10-10 v\u00e4etis on spetsiaalselt loodud selleks, et tagada \u00fchtlane kasv ja \u00fchtlane rohukate, tagades seel\u00e4bi kariloomadele toitaineterikka toidu ja s\u00e4ilitades samal ajal mulla tervise. T\u00e4nu tasakaalustatud l\u00e4mmastikusisaldusele (N), mis soodustab lehe kasvu, fosforile (P), mis tugevdab juurestikku, ja kaaliumile (K), mis parandab vastupanuv\u00f5imet keskkonnastressile, tagab see v\u00e4etis optimaalse ja p\u00fcsiva tulemuse.<\/p>\n<p><strong><img decoding=\"async\" style=\"margin-right: 12px;\" src=\"https:\/\/www.ferberpainting.com\/wp-content\/uploads\/2026\/02\/Check.svg\" alt=\"\" width=\"18\" height=\"15\" \/>Raha tagasi garantii.<\/strong>\u00a0Kuna me usaldame t\u00e4ielikult meie v\u00e4etiste t\u00f5husust niitudele ja karjamaadele, pakume raha tagasi garantiid. Kui p\u00e4rast soovituste kohast kasutamist ei t\u00e4heldata m\u00e4rkimisv\u00e4\u00e4rset paranemist teie muru kvaliteedis ja tiheduses, tagastame ostu t\u00e4ies ulatuses.<\/p>\n<p><strong><img decoding=\"async\" style=\"margin-right: 12px;\" src=\"https:\/\/www.ferberpainting.com\/wp-content\/uploads\/2026\/02\/Check.svg\" alt=\"\" width=\"18\" height=\"15\" \/>Sobib k\u00f5ikide mulla- ja rohut\u00fc\u00fcpidega.<\/strong>\u00a0See v\u00e4etis sobib k\u00f5ikidele niitudele ja karjamaadele, olenemata sellest, kas need on m\u00f5eldud veistele, lammastele, hobustele v\u00f5i muudele taimtoiduloomadele. See sobib k\u00f5ikide mullaliikidega, olgu need savised, lubjarikkad, savised v\u00f5i liivased, ja tagab \u00fchtlase toitainete jaotuse \u00fchtlase kasvu tagamiseks. Seda saab h\u00e4sti kasutada nii looduslikel karjamaadel kui ka kunstlikult k\u00fclvatud niitudel.<\/p>\n<p><strong><img decoding=\"async\" style=\"margin-right: 12px;\" src=\"https:\/\/www.ferberpainting.com\/wp-content\/uploads\/2026\/02\/Check.svg\" alt=\"\" width=\"18\" height=\"15\" \/>Kulut\u00f5hus ja pikaajaline t\u00f5hus v\u00e4etamine.<\/strong>\u00a0T\u00e4nu oma tahke vormi koostisele v\u00f5imaldab see v\u00e4etis toitaineid j\u00e4rk-j\u00e4rgult eraldada, tagades seega j\u00e4tkusuutliku v\u00e4etamise ilma \u00fcleannustamiseta. Saagis 200 grammi ruutmeetri kohta katab 25 kg kott suure pindala, pakkudes p\u00f5llumajandustootjatele ja loomakasvatajatele, kes soovivad optimeerida oma s\u00f6\u00f6datoodangut, suurep\u00e4rast hinna ja kvaliteedi suhet.<\/p>\n<p><strong><img decoding=\"async\" style=\"margin-right: 12px;\" src=\"https:\/\/www.ferberpainting.com\/wp-content\/uploads\/2026\/02\/Check.svg\" alt=\"\" width=\"18\" height=\"15\" \/>Ohutu ja keskkonnas\u00f5bralik v\u00e4etis.<\/strong>\u00a0See v\u00e4etis ei sisalda kahjulikke kemikaale ja on loodud nii, et see arvestab mulla ja \u00fcmbritsevate \u00f6kos\u00fcsteemide looduslikku tasakaalu. See ei sisalda m\u00fcrgiseid lisandeid ega kujuta endast ohtu kariloomadele. Edendades rikkalikku ja tasakaalustatud mulda, suurendab see bioloogilist mitmekesisust ja s\u00e4ilitab tervisliku keskkonna nii kariloomadele kui ka kohalikule elusloodusele.<\/p>\n<p><strong><img decoding=\"async\" style=\"margin-right: 12px;\" src=\"https:\/\/www.ferberpainting.com\/wp-content\/uploads\/2026\/02\/Check.svg\" alt=\"\" width=\"18\" height=\"15\" \/>Lihtne kasutada ja probleemivaba v\u00e4etamine.<\/strong>\u00a0Erinevalt vedelv\u00e4etistest, mis vajavad lahjendamist, on see tahke v\u00e4etis kasutusvalmis. Lihtsalt laotage see soovitud alale kas k\u00e4sitsi v\u00f5i laoturiga, ilma et vajaksite eriseadmeid. See sobib ideaalselt nii suurte p\u00f5llumajandusettev\u00f5tete kui ka v\u00e4ikeste erakarjamaade jaoks, tagades kiire ja t\u00f5husa kasutamise.<\/p>\n<p><strong><img decoding=\"async\" style=\"margin-right: 12px;\" src=\"https:\/\/www.ferberpainting.com\/wp-content\/uploads\/2026\/02\/Check.svg\" alt=\"\" width=\"18\" height=\"15\" \/>Kiiresti toimiv ja n\u00e4htavate tulemustega juba esimeste n\u00e4dalate jooksul.<\/strong>\u00a0P\u00e4rast kasutamist soodustab see v\u00e4etis kiiret ja j\u00f5ulist j\u00e4relkasvu, v\u00f5imaldades loomadele tihedamat ja toitvamat karjatamist. See parandab mullastruktuuri, v\u00e4hendab kurnatuse ja erosiooni ohtu ning v\u00f5imaldab vee ja toitainete paremat imendumist. Esimesed tulemused on n\u00e4htavad juba m\u00f5ne n\u00e4dala p\u00e4rast: rohi muutub rohelisemaks, eluj\u00f5ulisemaks ja rikkalikumaks.<\/p>\n<p><strong><img decoding=\"async\" style=\"margin-right: 12px;\" src=\"https:\/\/www.ferberpainting.com\/wp-content\/uploads\/2026\/02\/Check.svg\" alt=\"\" width=\"18\" height=\"15\" \/>P\u00fcsiv v\u00e4etamine lopsakate niitude jaoks aastaringselt.<\/strong>\u00a0T\u00e4nu oma j\u00e4rkj\u00e4rgulisele vabanemisele tagab see v\u00e4etis mulla pideva toitumise ja aitab s\u00e4ilitada taimede katvust mitme kuu jooksul. See hoiab \u00e4ra toitainete ammendumise, parandab toitainete loomulikku s\u00e4ilitamist ning v\u00e4hendab v\u00e4etamise ja karjamaa hooldamise sagedust.<\/p>\n<h2><strong>Kasutamise protokoll<\/strong><\/h2>\n<p><strong>Soovitatav annus <\/strong>:<\/p>\n<ul>\n<li><strong>T\u00e4iskasvanud heinamaa v\u00f5i karjamaa puhul<\/strong>:  Optimaalse v\u00e4etamise tagamiseks kandke 200 grammi v\u00e4etist ruutmeetri kohta.<\/li>\n<li><strong>\u00c4sja k\u00fclvatud heinamaa jaoks<\/strong>: V\u00e4hendage annust 100 grammini ruutmeetri kohta, et v\u00e4ltida liiga kiiret kasvu ja soodustada head juurdekasvu.<\/li>\n<li><strong>Niidu jaoks talvises puhkeseisundis <\/strong>: Kandke s\u00fcgisel kerge kiht 100 grammi ruutmeetri kohta, et valmistada muld ette kevadiseks j\u00e4relkasvuks.<\/li>\n<\/ul>\n<p><strong>Rakendusmeetod <\/strong>:<\/p>\n<ul>\n<li><strong>K\u00e4sitsi laialilaotamine <\/strong>: Levitage v\u00e4etis k\u00e4sitsi \u00fchtlaselt \u00fcle kogu pinna.<\/li>\n<li><strong>Laoturiga <\/strong>: Kasutage mehaanilist laoturit, et jaotada \u00fchtlaselt suurele alale.<\/li>\n<li><strong>Mulla sisseviimine (valikuline) <\/strong>: Maksimaalse t\u00f5hususe saavutamiseks on v\u00f5imalik v\u00e4etist kergelt pinnasesse segada, kasutades selleks harali v\u00f5i rulli, mis parandab toitainete sissetungi.<\/li>\n<\/ul>\n<p><strong>Taotluse sagedus <\/strong>:<\/p>\n<ul>\n<li><strong>Spring ja suvi (maksimaalne kasvuperiood) <\/strong>: Kanna iga 8-10 n\u00e4dala tagant, et s\u00e4ilitada tihe ja korrap\u00e4rane kasv.<\/li>\n<li><strong>S\u00fcgis (mulla ettevalmistamine enne talve) <\/strong>: Kasutage v\u00e4hendatud annust, et rikastada mulda kevadise j\u00e4relkasvu ettevalmistamiseks.<\/li>\n<\/ul>\n<p><strong>Ettevaatusabin\u00f5ud kasutamisel <\/strong>:<\/p>\n<ul>\n<li>V\u00e4ltige kasutamist vahetult enne tugevat vihma, et v\u00e4ltida toitainete leostumist.<\/li>\n<li>\u00c4rge v\u00e4etage tugeva p\u00f5ua ajal, oodake veidi niisket mulda, et saavutada maksimaalne imendumine.<\/li>\n<li>Enne kasutamist hoida lastele ja loomadele k\u00e4ttesaamatus kohas, et v\u00e4ltida juhuslikku kokkupuudet.<\/li>\n<\/ul>\n<p><strong>Ladustamine ja s\u00e4ilitamine <\/strong>:<\/p>\n<ul>\n<li>S\u00e4ilitage v\u00e4etist kuivas ja jahedas kohas, niiskuse ja k\u00fclma eest kaitstult.<\/li>\n<li>Sulge kott p\u00e4rast iga kasutuskorda uuesti tihedalt, et v\u00e4ltida toote kokkukleepumist.<\/li>\n<\/ul>\n<p>T\u00e4nu sellele niitude ja karjamaade v\u00e4etisele saate optimeerida oma rohu kasvu, tagades oma loomadele rikkaliku ja tervisliku toidu ning parandades mulla pikaajalist viljakust. Olenemata sellest, kas olete professionaalne loomakasvataja, p\u00f5llumajandustootja v\u00f5i \u00fcksikisik, kes soovib s\u00e4ilitada looduslikku niitu, on see t\u00f5hus, \u00f6konoomne ja keskkonnas\u00f5bralik v\u00e4etamislahendus ideaalne liitlane lopsakate ja tervete karjamaade jaoks aastaringselt.<\/p>","protected":false},"excerpt":{"rendered":"<p>A balanced fertilizer for lush meadows and nutritious pastures.\u00a0Meadows and pastures are essential spaces for feeding livestock and maintaining fertile soil. Our NPK 10-10-10 fertilizer is specially designed to ensure consistent growth and a homogeneous grass cover, thereby providing a nutrient-rich diet for livestock while maintaining soil health. Thanks to its balanced content of nitrogen [&hellip;]<\/p>\n","protected":false},"featured_media":26619,"comment_status":"open","ping_status":"closed","template":"","meta":{"_uag_custom_page_level_css":"","site-sidebar-layout":"default","site-content-layout":"","ast-site-content-layout":"default","site-content-style":"default","site-sidebar-style":"default","ast-global-header-display":"","ast-banner-title-visibility":"","ast-main-header-display":"","ast-hfb-above-header-display":"","ast-hfb-below-header-display":"","ast-hfb-mobile-header-display":"","site-post-title":"","ast-breadcrumbs-content":"","ast-featured-img":"","footer-sml-layout":"","ast-disable-related-posts":"","theme-transparent-header-meta":"default","adv-header-id-meta":"","stick-header-meta":"","header-above-stick-meta":"","header-main-stick-meta":"","header-below-stick-meta":"","astra-migrate-meta-layouts":"set","ast-page-background-enabled":"default","ast-page-background-meta":{"desktop":{"background-color":"var(--ast-global-color-4)","background-image":"","background-repeat":"repeat","background-position":"center center","background-size":"auto","background-attachment":"scroll","background-type":"","background-media":"","overlay-type":"","overlay-color":"","overlay-opacity":"","overlay-gradient":""},"tablet":{"background-color":"","background-image":"","background-repeat":"repeat","background-position":"center center","background-size":"auto","background-attachment":"scroll","background-type":"","background-media":"","overlay-type":"","overlay-color":"","overlay-opacity":"","overlay-gradient":""},"mobile":{"background-color":"","background-image":"","background-repeat":"repeat","background-position":"center center","background-size":"auto","background-attachment":"scroll","background-type":"","background-media":"","overlay-type":"","overlay-color":"","overlay-opacity":"","overlay-gradient":""}},"ast-content-background-meta":{"desktop":{"background-color":"var(--ast-global-color-5)","background-image":"","background-repeat":"repeat","background-position":"center center","background-size":"auto","background-attachment":"scroll","background-type":"","background-media":"","overlay-type":"","overlay-color":"","overlay-opacity":"","overlay-gradient":""},"tablet":{"background-color":"var(--ast-global-color-5)","background-image":"","background-repeat":"repeat","background-position":"center center","background-size":"auto","background-attachment":"scroll","background-type":"","background-media":"","overlay-type":"","overlay-color":"","overlay-opacity":"","overlay-gradient":""},"mobile":{"background-color":"var(--ast-global-color-5)","background-image":"","background-repeat":"repeat","background-position":"center center","background-size":"auto","background-attachment":"scroll","background-type":"","background-media":"","overlay-type":"","overlay-color":"","overlay-opacity":"","overlay-gradient":""}}},"product_brand":[],"product_cat":[178],"product_tag":[],"class_list":{"0":"post-24764","1":"product","2":"type-product","3":"status-publish","4":"has-post-thumbnail","6":"product_cat-fertilizers","7":"desktop-align-left","8":"tablet-align-left","9":"mobile-align-left","11":"first","12":"instock","13":"shipping-taxable","14":"purchasable","15":"product-type-simple"},"spectra_custom_meta":{"_visibility":["visible"],"_shopify_product_id":["9068050743541"],"_s2w_shopify_domain":["ferberpainting.myshopify.com"],"_shopify_variant_id":["46509982089461"],"_sku":["FPPASTUREANDGRASSLANDFERTILIZER25KG"],"_regular_price":["39.90"],"_price":["39.90"],"_sale_price":[""],"_weight":["18.7"],"_thumbnail_id":["26619"],"_global_unique_id":["5056773817647"],"total_sales":["3"],"_tax_status":["taxable"],"_tax_class":[""],"_manage_stock":["no"],"_backorders":["no"],"_sold_individually":["no"],"_virtual":["no"],"_downloadable":["no"],"_download_limit":["-1"],"_download_expiry":["-1"],"_stock":[null],"_stock_status":["instock"],"_wc_average_rating":["5.00"],"_wc_review_count":["34"],"_product_version":["10.5.1"],"_wc_rating_count":["a:1:{i:5;i:34;}"],"_edit_lock":["1771195298:1"],"merchant-center-availability":["yes"],"merchant-center-category":["113"],"_edit_last":["1"],"_wp_page_template":["default"],"site-sidebar-layout":["default"],"ast-site-content-layout":["default"],"site-content-style":["default"],"site-sidebar-style":["default"],"theme-transparent-header-meta":["default"],"astra-migrate-meta-layouts":["set"],"_uag_css_file_name":["uag-css-24764.css"],"_elementor_page_assets":["a:0:{}"],"_uag_page_assets":["a:9:{s:3:\"css\";s:7156:\".uag-blocks-common-selector{z-index:var(--z-index-desktop) !important}@media (max-width: 976px){.uag-blocks-common-selector{z-index:var(--z-index-tablet) !important}}@media (max-width: 767px){.uag-blocks-common-selector{z-index:var(--z-index-mobile) !important}}\n.wp-block-uagb-image{display:flex}.wp-block-uagb-image__figure{position:relative;display:flex;flex-direction:column;max-width:100%;height:auto;margin:0}.wp-block-uagb-image__figure img{height:auto;display:flex;max-width:100%;transition:box-shadow 0.2s ease}.wp-block-uagb-image__figure>a{display:inline-block}.wp-block-uagb-image__figure figcaption{text-align:center;margin-top:0.5em;margin-bottom:1em}.wp-block-uagb-image .components-placeholder.block-editor-media-placeholder .components-placeholder__instructions{align-self:center}.wp-block-uagb-image--align-left{text-align:left}.wp-block-uagb-image--align-right{text-align:right}.wp-block-uagb-image--align-center{text-align:center}.wp-block-uagb-image--align-full .wp-block-uagb-image__figure{margin-left:calc(50% - 50vw);margin-right:calc(50% - 50vw);max-width:100vw;width:100vw;height:auto}.wp-block-uagb-image--align-full .wp-block-uagb-image__figure img{height:auto;width:100% !important}.wp-block-uagb-image--align-wide .wp-block-uagb-image__figure img{height:auto;width:100%}.wp-block-uagb-image--layout-overlay__color-wrapper{position:absolute;left:0;top:0;right:0;bottom:0;opacity:0.2;background:rgba(0,0,0,0.5);transition:opacity 0.35s ease-in-out}.wp-block-uagb-image--layout-overlay-link{position:absolute;left:0;right:0;bottom:0;top:0}.wp-block-uagb-image--layout-overlay .wp-block-uagb-image__figure:hover .wp-block-uagb-image--layout-overlay__color-wrapper{opacity:1}.wp-block-uagb-image--layout-overlay__inner{position:absolute;left:15px;right:15px;bottom:15px;top:15px;display:flex;align-items:center;justify-content:center;flex-direction:column;border-color:#fff;transition:0.35s ease-in-out}.wp-block-uagb-image--layout-overlay__inner.top-left,.wp-block-uagb-image--layout-overlay__inner.top-center,.wp-block-uagb-image--layout-overlay__inner.top-right{justify-content:flex-start}.wp-block-uagb-image--layout-overlay__inner.bottom-left,.wp-block-uagb-image--layout-overlay__inner.bottom-center,.wp-block-uagb-image--layout-overlay__inner.bottom-right{justify-content:flex-end}.wp-block-uagb-image--layout-overlay__inner.top-left,.wp-block-uagb-image--layout-overlay__inner.center-left,.wp-block-uagb-image--layout-overlay__inner.bottom-left{align-items:flex-start}.wp-block-uagb-image--layout-overlay__inner.top-right,.wp-block-uagb-image--layout-overlay__inner.center-right,.wp-block-uagb-image--layout-overlay__inner.bottom-right{align-items:flex-end}.wp-block-uagb-image--layout-overlay__inner .uagb-image-heading{color:#fff;transition:transform 0.35s, opacity 0.35s ease-in-out;transform:translate3d(0, 24px, 0);margin:0;line-height:1em}.wp-block-uagb-image--layout-overlay__inner .uagb-image-separator{width:30%;border-top-width:2px;border-top-color:#fff;border-top-style:solid;margin-bottom:10px;opacity:0;transition:transform 0.4s, opacity 0.4s ease-in-out;transform:translate3d(0, 30px, 0)}.wp-block-uagb-image--layout-overlay__inner .uagb-image-caption{opacity:0;overflow:visible;color:#fff;transition:transform 0.45s, opacity 0.45s ease-in-out;transform:translate3d(0, 35px, 0)}.wp-block-uagb-image--layout-overlay__inner:hover .uagb-image-heading,.wp-block-uagb-image--layout-overlay__inner:hover .uagb-image-separator,.wp-block-uagb-image--layout-overlay__inner:hover .uagb-image-caption{opacity:1;transform:translate3d(0, 0, 0)}.wp-block-uagb-image--effect-zoomin .wp-block-uagb-image__figure img,.wp-block-uagb-image--effect-zoomin .wp-block-uagb-image__figure .wp-block-uagb-image--layout-overlay__color-wrapper{transform:scale(1);transition:transform 0.35s ease-in-out}.wp-block-uagb-image--effect-zoomin .wp-block-uagb-image__figure:hover img,.wp-block-uagb-image--effect-zoomin .wp-block-uagb-image__figure:hover .wp-block-uagb-image--layout-overlay__color-wrapper{transform:scale(1.05)}.wp-block-uagb-image--effect-slide .wp-block-uagb-image__figure img,.wp-block-uagb-image--effect-slide .wp-block-uagb-image__figure .wp-block-uagb-image--layout-overlay__color-wrapper{width:calc(100% + 40px) !important;max-width:none !important;transform:translate3d(-40px, 0, 0);transition:transform 0.35s ease-in-out}.wp-block-uagb-image--effect-slide .wp-block-uagb-image__figure:hover img,.wp-block-uagb-image--effect-slide .wp-block-uagb-image__figure:hover .wp-block-uagb-image--layout-overlay__color-wrapper{transform:translate3d(0, 0, 0)}.wp-block-uagb-image--effect-grayscale img{filter:grayscale(0%);transition:0.35s ease-in-out}.wp-block-uagb-image--effect-grayscale:hover img{filter:grayscale(100%)}.wp-block-uagb-image--effect-blur img{filter:blur(0);transition:0.35s ease-in-out}.wp-block-uagb-image--effect-blur:hover img{filter:blur(3px)}\n.uagb-block-e6f939b3.wp-block-uagb-image--layout-default figure img{box-shadow: 0px 0px 0 #00000070;}.uagb-block-e6f939b3.wp-block-uagb-image .wp-block-uagb-image__figure figcaption{font-style: normal;align-self: center;}.uagb-block-e6f939b3.wp-block-uagb-image--layout-overlay figure img{box-shadow: 0px 0px 0 #00000070;}.uagb-block-e6f939b3.wp-block-uagb-image--layout-overlay .wp-block-uagb-image--layout-overlay__color-wrapper{opacity: 0.2;}.uagb-block-e6f939b3.wp-block-uagb-image--layout-overlay .wp-block-uagb-image--layout-overlay__inner{left: 15px;right: 15px;top: 15px;bottom: 15px;}.uagb-block-e6f939b3.wp-block-uagb-image--layout-overlay .wp-block-uagb-image--layout-overlay__inner .uagb-image-heading{font-style: normal;color: #fff;opacity: 1;}.uagb-block-e6f939b3.wp-block-uagb-image--layout-overlay .wp-block-uagb-image--layout-overlay__inner .uagb-image-heading a{color: #fff;}.uagb-block-e6f939b3.wp-block-uagb-image--layout-overlay .wp-block-uagb-image--layout-overlay__inner .uagb-image-caption{opacity: 0;}.uagb-block-e6f939b3.wp-block-uagb-image--layout-overlay .wp-block-uagb-image__figure:hover .wp-block-uagb-image--layout-overlay__color-wrapper{opacity: 1;}.uagb-block-e6f939b3.wp-block-uagb-image .wp-block-uagb-image--layout-overlay__inner .uagb-image-separator{width: 30%;border-top-width: 2px;border-top-color: #fff;opacity: 0;}.uagb-block-e6f939b3.wp-block-uagb-image .wp-block-uagb-image__figure img{width: px;height: auto;}.uagb-block-e6f939b3.wp-block-uagb-image .wp-block-uagb-image__figure:hover .wp-block-uagb-image--layout-overlay__inner .uagb-image-caption{opacity: 1;}.uagb-block-e6f939b3.wp-block-uagb-image .wp-block-uagb-image__figure:hover .wp-block-uagb-image--layout-overlay__inner .uagb-image-separator{opacity: 1;}.uagb-block-e6f939b3.wp-block-uagb-image--layout-default figure:hover img{box-shadow: 0px 0px 0 #00000070;}.uagb-block-e6f939b3.wp-block-uagb-image--layout-overlay figure:hover img{box-shadow: 0px 0px 0 #00000070;}@media only screen and (max-width: 976px) {.uagb-block-e6f939b3.wp-block-uagb-image .wp-block-uagb-image__figure img{width: px;height: auto;}}@media only screen and (max-width: 767px) {.uagb-block-e6f939b3.wp-block-uagb-image .wp-block-uagb-image__figure img{width: px;height: auto;}}\";s:2:\"js\";s:0:\"\";s:18:\"current_block_list\";a:13:{i:0;s:11:\"core\/search\";i:1;s:10:\"core\/group\";i:2;s:12:\"core\/heading\";i:3;s:17:\"core\/latest-posts\";i:4;s:20:\"core\/latest-comments\";i:5;s:13:\"core\/archives\";i:6;s:15:\"core\/categories\";i:7;s:14:\"core\/paragraph\";i:8;s:10:\"uagb\/image\";i:9;s:11:\"core\/spacer\";i:10;s:30:\"woocommerce\/product-categories\";i:11;s:10:\"core\/image\";i:12;s:14:\"core\/shortcode\";}s:8:\"uag_flag\";b:1;s:11:\"uag_version\";s:10:\"1775585381\";s:6:\"gfonts\";a:0:{}s:10:\"gfonts_url\";s:0:\"\";s:12:\"gfonts_files\";a:0:{}s:14:\"uag_faq_layout\";b:0;}"]},"uagb_featured_image_src":{"full":["https:\/\/www.ferberpainting.com\/wp-content\/uploads\/2025\/05\/PastureandGrasslandFertilizerensac.png",2560,2560,false],"thumbnail":["https:\/\/www.ferberpainting.com\/wp-content\/uploads\/2025\/05\/PastureandGrasslandFertilizerensac-150x150.png",150,150,true],"medium":["https:\/\/www.ferberpainting.com\/wp-content\/uploads\/2025\/05\/PastureandGrasslandFertilizerensac-300x300.png",300,300,true],"medium_large":["https:\/\/www.ferberpainting.com\/wp-content\/uploads\/2025\/05\/PastureandGrasslandFertilizerensac-768x768.png",768,768,true],"large":["https:\/\/www.ferberpainting.com\/wp-content\/uploads\/2025\/05\/PastureandGrasslandFertilizerensac-1024x1024.png",1024,1024,true],"1536x1536":["https:\/\/www.ferberpainting.com\/wp-content\/uploads\/2025\/05\/PastureandGrasslandFertilizerensac-1536x1536.png",1536,1536,true],"2048x2048":["https:\/\/www.ferberpainting.com\/wp-content\/uploads\/2025\/05\/PastureandGrasslandFertilizerensac-2048x2048.png",2048,2048,true],"trp-custom-language-flag":["https:\/\/www.ferberpainting.com\/wp-content\/uploads\/2025\/05\/PastureandGrasslandFertilizerensac-12x12.png",12,12,true],"woocommerce_thumbnail":["https:\/\/www.ferberpainting.com\/wp-content\/uploads\/2025\/05\/PastureandGrasslandFertilizerensac-300x300.png",300,300,true],"woocommerce_single":["https:\/\/www.ferberpainting.com\/wp-content\/uploads\/2025\/05\/PastureandGrasslandFertilizerensac-600x600.png",600,600,true],"woocommerce_gallery_thumbnail":["https:\/\/www.ferberpainting.com\/wp-content\/uploads\/2025\/05\/PastureandGrasslandFertilizerensac-100x100.png",100,100,true]},"uagb_author_info":{"display_name":"admin","author_link":"https:\/\/www.ferberpainting.com\/ee\/author\/"},"uagb_comment_info":34,"uagb_excerpt":"A balanced fertilizer for lush meadows and nutritious pastures.\u00a0Meadows and pastures are essential spaces for feeding livestock and maintaining fertile soil. Our NPK 10-10-10 fertilizer is specially designed to ensure consistent growth and a homogeneous grass cover, thereby providing a nutrient-rich diet for livestock while maintaining soil health. Thanks to its balanced content of nitrogen&hellip;","_links":{"self":[{"href":"https:\/\/www.ferberpainting.com\/ee\/wp-json\/wp\/v2\/product\/24764","targetHints":{"allow":["GET"]}}],"collection":[{"href":"https:\/\/www.ferberpainting.com\/ee\/wp-json\/wp\/v2\/product"}],"about":[{"href":"https:\/\/www.ferberpainting.com\/ee\/wp-json\/wp\/v2\/types\/product"}],"replies":[{"embeddable":true,"href":"https:\/\/www.ferberpainting.com\/ee\/wp-json\/wp\/v2\/comments?post=24764"}],"version-history":[{"count":6,"href":"https:\/\/www.ferberpainting.com\/ee\/wp-json\/wp\/v2\/product\/24764\/revisions"}],"predecessor-version":[{"id":166703,"href":"https:\/\/www.ferberpainting.com\/ee\/wp-json\/wp\/v2\/product\/24764\/revisions\/166703"}],"wp:featuredmedia":[{"embeddable":true,"href":"https:\/\/www.ferberpainting.com\/ee\/wp-json\/wp\/v2\/media\/26619"}],"wp:attachment":[{"href":"https:\/\/www.ferberpainting.com\/ee\/wp-json\/wp\/v2\/media?parent=24764"}],"wp:term":[{"taxonomy":"product_brand","embeddable":true,"href":"https:\/\/www.ferberpainting.com\/ee\/wp-json\/wp\/v2\/product_brand?post=24764"},{"taxonomy":"product_cat","embeddable":true,"href":"https:\/\/www.ferberpainting.com\/ee\/wp-json\/wp\/v2\/product_cat?post=24764"},{"taxonomy":"product_tag","embeddable":true,"href":"https:\/\/www.ferberpainting.com\/ee\/wp-json\/wp\/v2\/product_tag?post=24764"}],"curies":[{"name":"wp","href":"https:\/\/api.w.org\/{rel}","templated":true}]}}